{"id":32980,"date":"2026-02-12T14:24:39","date_gmt":"2026-02-12T14:24:39","guid":{"rendered":"https:\/\/testwebsite.citygame.com\/games\/unknown-location\/urun-207\/"},"modified":"2026-04-01T13:11:18","modified_gmt":"2026-04-01T13:11:18","slug":"urun-207","status":"publish","type":"product","link":"https:\/\/testwebsite.citygame.com\/tr\/games\/unknown-location\/urun-207\/","title":{"rendered":"\u00dcr\u00fcn"},"content":{"rendered":"","protected":false},"excerpt":{"rendered":"","protected":false},"featured_media":13015,"template":"","meta":{"_acf_changed":false,"_yoast_wpseo_focuskw":"Sherlock Holmes Maastricht","_yoast_wpseo_metadesc":"Sherlock Holmes Maastricht. Kendi kendine rehberli bir cinayet gizemi \u015eehir Oyunu oynay\u0131n, bulmacalar\u0131 \u00e7\u00f6z\u00fcn, ipu\u00e7lar\u0131n\u0131 takip edin ve katili kendi h\u0131z\u0131n\u0131zda ortaya \u00e7\u0131kar\u0131n!","_kad_blocks_custom_css":"","_kad_blocks_head_custom_js":"","_kad_blocks_body_custom_js":"","_kad_blocks_footer_custom_js":"","ghostkit_customizer_options":"","ghostkit_custom_css":"","ghostkit_custom_js_head":"","ghostkit_custom_js_foot":"","ghostkit_typography":"","_kad_post_transparent":"","_kad_post_title":"","_kad_post_layout":"","_kad_post_sidebar_id":"","_kad_post_content_style":"","_kad_post_vertical_padding":"","_kad_post_feature":"","_kad_post_feature_position":"","_kad_post_header":false,"_kad_post_footer":false,"_kad_post_classname":"","_links_to":"","_links_to_target":""},"game-concept":[38],"location":[],"product_brand":[],"product_cat":[27],"product_tag":[],"class_list":{"0":"post-32980","1":"product","2":"type-product","3":"status-publish","4":"has-post-thumbnail","6":"game-concept-sherlock","7":"product_cat-geen-categorie","9":"first","10":"instock","11":"shipping-taxable","12":"purchasable","13":"product-type-simple","14":"entry","15":"content-bg","16":"loop-entry"},"acf":{"full_bokun_product_name":"Maastricht Self Guided Sherlock Holmes Murder Mystery Game","location_name":"Maastricht","bokun_calendar_widget_code":"<script type=\"text\/javascript\" src=\"https:\/\/widgets.bokun.io\/assets\/javascripts\/apps\/build\/BokunWidgetsLoader.js?bookingChannelUUID=a1e93e96-5232-4734-a595-28405f4b5a31\" async><\/script>\n     \n    <div class=\"bokunWidget\" data-src=\"https:\/\/widgets.bokun.io\/online-sales\/a1e93e96-5232-4734-a595-28405f4b5a31\/experience-calendar\/799059\"><\/div>\n    <noscript>Please enable javascript in your browser to book<\/noscript>","bokun_button_widget_code":"<script type=\"text\/javascript\" src=\"https:\/\/widgets.bokun.io\/assets\/javascripts\/apps\/build\/BokunWidgetsLoader.js?bookingChannelUUID=a1e93e96-5232-4734-a595-28405f4b5a31\" async><\/script>\n      <style> #bokun_ed001e45_5927_4f62_b470_ca766338d083 { display: inline-block; padding: .4em 1em; background: #47b82e; border-radius: 999999px; box-shadow: none; font-weight: 600; font-size: 24px; text-decoration: none; text-align: center; color: #FFFFFF; border:none; cursor: pointer; transition: background .2s ease; } #bokun_ed001e45_5927_4f62_b470_ca766338d083:hover{ background: #2f7b1f; } #bokun_ed001e45_5927_4f62_b470_ca766338d083:active{ background: #378f24; } <\/style> <button class=\"bokunButton\" disabled id=bokun_ed001e45_5927_4f62_b470_ca766338d083 data-src=\"https:\/\/widgets.bokun.io\/online-sales\/a1e93e96-5232-4734-a595-28405f4b5a31\/experience-calendar\/799059?partialView=1\" data-testid=\"widget-book-button\" > Book now <\/button> ","what_you\u2019ll_experience_during_the_game":"Maastricht'teki Sherlock Holmes \u015eehir Oyunu'na ad\u0131m att\u0131\u011f\u0131n\u0131zda, \u015fehrin sokaklar\u0131nda dola\u015fan s\u00fcr\u00fckleyici bir dedektif hikayesine girersiniz. Bir cinayet \u00d6zg\u00fcrl\u00fck Festivali'nin \u00fczerine g\u00f6lge d\u00fc\u015f\u00fcrd\u00fc ve ger\u00e7ek, motiflerin, s\u0131rlar\u0131n ve yalanlar\u0131n katmanlar\u0131 aras\u0131na g\u00f6m\u00fcl\u00fc. Maastricht'te ilerledik\u00e7e, ipu\u00e7lar\u0131 toplad\u0131k\u00e7a, karma\u015f\u0131k bulmacalar\u0131 \u00e7\u00f6zd\u00fck\u00e7e ve soru\u015fturmada beklenmedik d\u00f6neme\u00e7lerle kar\u015f\u0131la\u015ft\u0131k\u00e7a hikaye ad\u0131m ad\u0131m ortaya \u00e7\u0131k\u0131yor.\n\nDijital \u015f\u00fcphelileri sorgulayacak, alibileri inceleyecek ve davay\u0131 tamamen \u00e7\u00f6zebilecek \u00e7eli\u015fkileri ortaya \u00e7\u0131karacaks\u0131n\u0131z. G\u00f6zlem, mant\u0131k ve keskin \u00e7\u0131kar\u0131m, gizemi bir araya getirirken en b\u00fcy\u00fck ara\u00e7lar\u0131n\u0131zd\u0131r. Deneyim tamamen hikaye odakl\u0131d\u0131r ve her ke\u015fif sizi daha derine \u00e7eker. Kendi h\u0131z\u0131n\u0131zda oynay\u0131n, istedi\u011finiz zaman duraklatma ve devam etme \u00f6zg\u00fcrl\u00fc\u011f\u00fcyle. Bir tak\u0131mdaysan\u0131z, kimin ger\u00e7e\u011fi daha verimli bir \u015fekilde \u00e7\u00f6zece\u011fini g\u00f6rmek i\u00e7in ince bir rekabet avantaj\u0131 var. Her karar sizi davay\u0131 \u00e7\u00f6zmeye yakla\u015ft\u0131r\u0131r\u2014ger\u00e7ekten ne oldu\u011funu ortaya \u00e7\u0131karacak m\u0131s\u0131n\u0131z?","how_to_play":"Tek ba\u015f\u0131n\u0131za veya arkada\u015flar\u0131n\u0131zla, ailenizle veya i\u015f arkada\u015flar\u0131n\u0131zla cihaz ba\u015f\u0131na d\u00f6rde kadar tak\u0131mlarla oynay\u0131n. Rezervasyondan sonra, ihtiyac\u0131n\u0131z olan her \u015feyi i\u00e7eren bir talimat e-postas\u0131 alacaks\u0131n\u0131z.","start_location":"Maastricht, City Hall","available_languages":["en","es","fr","de","it","nl"],"players_per_group":"1-4","duration":"1.5-2 hours","image_overlay_color_image":"https:\/\/testwebsite.citygame.com\/wp-content\/blogs.dir\/1\/files\/sites\/62\/2026\/01\/SherlockColor.svg","image_overlay_game_logo":"https:\/\/testwebsite.citygame.com\/wp-content\/blogs.dir\/1\/files\/sites\/62\/2026\/01\/SherlockLogo.png","city_page":4442,"woocommerce_general_content":null,"":""},"yoast_head":"<!-- This site is optimized with the Yoast SEO Premium plugin v26.2 (Yoast SEO v26.3) - https:\/\/yoast.com\/wordpress\/plugins\/seo\/ -->\n<title>\u00dcr\u00fcn - City Game<\/title>\n<meta name=\"description\" content=\"Sherlock Holmes Maastricht. Kendi kendine rehberli bir cinayet gizemi \u015eehir Oyunu oynay\u0131n, bulmacalar\u0131 \u00e7\u00f6z\u00fcn, ipu\u00e7lar\u0131n\u0131 takip edin ve katili kendi h\u0131z\u0131n\u0131zda ortaya \u00e7\u0131kar\u0131n!\" \/>\n<meta name=\"robots\" content=\"noindex, follow, max-snippet:-1, max-image-preview:large, max-video-preview:-1\" \/>\n<meta property=\"og:locale\" content=\"tr_TR\" \/>\n<meta property=\"og:type\" content=\"article\" \/>\n<meta property=\"og:title\" content=\"\u00dcr\u00fcn\" \/>\n<meta property=\"og:description\" content=\"Sherlock Holmes Maastricht. Kendi kendine rehberli bir cinayet gizemi \u015eehir Oyunu oynay\u0131n, bulmacalar\u0131 \u00e7\u00f6z\u00fcn, ipu\u00e7lar\u0131n\u0131 takip edin ve katili kendi h\u0131z\u0131n\u0131zda ortaya \u00e7\u0131kar\u0131n!\" \/>\n<meta property=\"og:url\" content=\"https:\/\/testwebsite.citygame.com\/tr\/games\/unknown-location\/urun-207\/\" \/>\n<meta property=\"og:site_name\" content=\"City Game\" \/>\n<meta property=\"article:publisher\" content=\"https:\/\/www.facebook.com\/profile.php?id=100086426226253\" \/>\n<meta property=\"article:modified_time\" content=\"2026-04-01T13:11:18+00:00\" \/>\n<meta property=\"og:image\" content=\"https:\/\/testwebsite.citygame.com\/wp-content\/blogs.dir\/1\/files\/sites\/62\/2026\/02\/man-playing-city-game-in-maastricht-museum.jpg\" \/>\n\t<meta property=\"og:image:width\" content=\"1024\" \/>\n\t<meta property=\"og:image:height\" content=\"1024\" \/>\n\t<meta property=\"og:image:type\" content=\"image\/jpeg\" \/>\n<meta name=\"twitter:card\" content=\"summary_large_image\" \/>\n<script type=\"application\/ld+json\" class=\"yoast-schema-graph\">{\"@context\":\"https:\/\/schema.org\",\"@graph\":[{\"@type\":\"WebPage\",\"@id\":\"https:\/\/testwebsite.citygame.com\/tr\/games\/unknown-location\/urun-207\/\",\"url\":\"https:\/\/testwebsite.citygame.com\/tr\/games\/unknown-location\/urun-207\/\",\"name\":\"\u00dcr\u00fcn - City Game\",\"isPartOf\":{\"@id\":\"https:\/\/testwebsite.upevents.nl\/#website\"},\"primaryImageOfPage\":{\"@id\":\"https:\/\/testwebsite.citygame.com\/tr\/games\/unknown-location\/urun-207\/#primaryimage\"},\"image\":{\"@id\":\"https:\/\/testwebsite.citygame.com\/tr\/games\/unknown-location\/urun-207\/#primaryimage\"},\"thumbnailUrl\":\"https:\/\/testwebsite.citygame.com\/wp-content\/blogs.dir\/1\/files\/sites\/62\/2026\/02\/man-playing-city-game-in-maastricht-museum.jpg\",\"datePublished\":\"2026-02-12T14:24:39+00:00\",\"dateModified\":\"2026-04-01T13:11:18+00:00\",\"description\":\"Sherlock Holmes Maastricht. Kendi kendine rehberli bir cinayet gizemi \u015eehir Oyunu oynay\u0131n, bulmacalar\u0131 \u00e7\u00f6z\u00fcn, ipu\u00e7lar\u0131n\u0131 takip edin ve katili kendi h\u0131z\u0131n\u0131zda ortaya \u00e7\u0131kar\u0131n!\",\"breadcrumb\":{\"@id\":\"https:\/\/testwebsite.citygame.com\/tr\/games\/unknown-location\/urun-207\/#breadcrumb\"},\"inLanguage\":\"tr\",\"potentialAction\":[{\"@type\":\"ReadAction\",\"target\":[\"https:\/\/testwebsite.citygame.com\/tr\/games\/unknown-location\/urun-207\/\"]}]},{\"@type\":\"ImageObject\",\"inLanguage\":\"tr\",\"@id\":\"https:\/\/testwebsite.citygame.com\/tr\/games\/unknown-location\/urun-207\/#primaryimage\",\"url\":\"https:\/\/testwebsite.citygame.com\/wp-content\/blogs.dir\/1\/files\/sites\/62\/2026\/02\/man-playing-city-game-in-maastricht-museum.jpg\",\"contentUrl\":\"https:\/\/testwebsite.citygame.com\/wp-content\/blogs.dir\/1\/files\/sites\/62\/2026\/02\/man-playing-city-game-in-maastricht-museum.jpg\",\"width\":1024,\"height\":1024,\"caption\":\"A visitor uses his smartphone to interact with an exhibition in a contemporary art gallery in Maastricht.\"},{\"@type\":\"BreadcrumbList\",\"@id\":\"https:\/\/testwebsite.citygame.com\/tr\/games\/unknown-location\/urun-207\/#breadcrumb\",\"itemListElement\":[{\"@type\":\"ListItem\",\"position\":1,\"name\":\"Home\",\"item\":\"https:\/\/testwebsite.citygame.com\/tr\/\"},{\"@type\":\"ListItem\",\"position\":2,\"name\":\"Shop\",\"item\":\"https:\/\/testwebsite.citygame.com\/shop\/\"},{\"@type\":\"ListItem\",\"position\":3,\"name\":\"\u00dcr\u00fcn\"}]},{\"@type\":\"WebSite\",\"@id\":\"https:\/\/testwebsite.upevents.nl\/#website\",\"url\":\"https:\/\/testwebsite.upevents.nl\/\",\"name\":\"City Game\",\"description\":\"\",\"publisher\":{\"@id\":\"https:\/\/testwebsite.upevents.nl\/#organization\"},\"alternateName\":\"citygame.com\",\"potentialAction\":[{\"@type\":\"SearchAction\",\"target\":{\"@type\":\"EntryPoint\",\"urlTemplate\":\"https:\/\/testwebsite.upevents.nl\/?s={search_term_string}\"},\"query-input\":{\"@type\":\"PropertyValueSpecification\",\"valueRequired\":true,\"valueName\":\"search_term_string\"}}],\"inLanguage\":\"tr\"},{\"@type\":[\"Organization\",\"Place\"],\"@id\":\"https:\/\/testwebsite.upevents.nl\/#organization\",\"name\":\"City Game\",\"alternateName\":\"citygame.com\",\"url\":\"https:\/\/testwebsite.upevents.nl\/\",\"logo\":{\"@id\":\"https:\/\/testwebsite.citygame.com\/tr\/games\/unknown-location\/urun-207\/#local-main-organization-logo\"},\"image\":{\"@id\":\"https:\/\/testwebsite.citygame.com\/tr\/games\/unknown-location\/urun-207\/#local-main-organization-logo\"},\"sameAs\":[\"https:\/\/www.facebook.com\/profile.php?id=100086426226253\",\"https:\/\/www.instagram.com\/citygame_com\",\"https:\/\/www.tiktok.com\/@citygamecom\/\",\"https:\/\/www.linkedin.com\/company\/citygame-com\"],\"description\":\"Turn any city into a playground with our interactive City Games and self-guided tours. Fun, flexible, and ideal for groups and team building.\",\"telephone\":[],\"openingHoursSpecification\":[{\"@type\":\"OpeningHoursSpecification\",\"dayOfWeek\":[\"Monday\",\"Tuesday\",\"Wednesday\",\"Thursday\",\"Friday\",\"Saturday\",\"Sunday\"],\"opens\":\"09:00\",\"closes\":\"17:00\"}]},{\"@type\":\"ImageObject\",\"inLanguage\":\"tr\",\"@id\":\"https:\/\/testwebsite.citygame.com\/tr\/games\/unknown-location\/urun-207\/#local-main-organization-logo\",\"url\":\"https:\/\/testwebsite.citygame.com\/wp-content\/blogs.dir\/1\/files\/sites\/62\/2025\/10\/CG_LOGO-City-Game.png\",\"contentUrl\":\"https:\/\/testwebsite.citygame.com\/wp-content\/blogs.dir\/1\/files\/sites\/62\/2025\/10\/CG_LOGO-City-Game.png\",\"width\":351,\"height\":377,\"caption\":\"City Game\"}]}<\/script>\n<!-- \/ Yoast SEO Premium plugin. -->","yoast_head_json":{"title":"\u00dcr\u00fcn - City Game","description":"Sherlock Holmes Maastricht. Kendi kendine rehberli bir cinayet gizemi \u015eehir Oyunu oynay\u0131n, bulmacalar\u0131 \u00e7\u00f6z\u00fcn, ipu\u00e7lar\u0131n\u0131 takip edin ve katili kendi h\u0131z\u0131n\u0131zda ortaya \u00e7\u0131kar\u0131n!","robots":{"index":"noindex","follow":"follow","max-snippet":"max-snippet:-1","max-image-preview":"max-image-preview:large","max-video-preview":"max-video-preview:-1"},"og_locale":"tr_TR","og_type":"article","og_title":"\u00dcr\u00fcn","og_description":"Sherlock Holmes Maastricht. Kendi kendine rehberli bir cinayet gizemi \u015eehir Oyunu oynay\u0131n, bulmacalar\u0131 \u00e7\u00f6z\u00fcn, ipu\u00e7lar\u0131n\u0131 takip edin ve katili kendi h\u0131z\u0131n\u0131zda ortaya \u00e7\u0131kar\u0131n!","og_url":"https:\/\/testwebsite.citygame.com\/tr\/games\/unknown-location\/urun-207\/","og_site_name":"City Game","article_publisher":"https:\/\/www.facebook.com\/profile.php?id=100086426226253","article_modified_time":"2026-04-01T13:11:18+00:00","og_image":[{"width":1024,"height":1024,"url":"https:\/\/testwebsite.citygame.com\/wp-content\/blogs.dir\/1\/files\/sites\/62\/2026\/02\/man-playing-city-game-in-maastricht-museum.jpg","type":"image\/jpeg"}],"twitter_card":"summary_large_image","schema":{"@context":"https:\/\/schema.org","@graph":[{"@type":"WebPage","@id":"https:\/\/testwebsite.citygame.com\/tr\/games\/unknown-location\/urun-207\/","url":"https:\/\/testwebsite.citygame.com\/tr\/games\/unknown-location\/urun-207\/","name":"\u00dcr\u00fcn - City Game","isPartOf":{"@id":"https:\/\/testwebsite.upevents.nl\/#website"},"primaryImageOfPage":{"@id":"https:\/\/testwebsite.citygame.com\/tr\/games\/unknown-location\/urun-207\/#primaryimage"},"image":{"@id":"https:\/\/testwebsite.citygame.com\/tr\/games\/unknown-location\/urun-207\/#primaryimage"},"thumbnailUrl":"https:\/\/testwebsite.citygame.com\/wp-content\/blogs.dir\/1\/files\/sites\/62\/2026\/02\/man-playing-city-game-in-maastricht-museum.jpg","datePublished":"2026-02-12T14:24:39+00:00","dateModified":"2026-04-01T13:11:18+00:00","description":"Sherlock Holmes Maastricht. Kendi kendine rehberli bir cinayet gizemi \u015eehir Oyunu oynay\u0131n, bulmacalar\u0131 \u00e7\u00f6z\u00fcn, ipu\u00e7lar\u0131n\u0131 takip edin ve katili kendi h\u0131z\u0131n\u0131zda ortaya \u00e7\u0131kar\u0131n!","breadcrumb":{"@id":"https:\/\/testwebsite.citygame.com\/tr\/games\/unknown-location\/urun-207\/#breadcrumb"},"inLanguage":"tr","potentialAction":[{"@type":"ReadAction","target":["https:\/\/testwebsite.citygame.com\/tr\/games\/unknown-location\/urun-207\/"]}]},{"@type":"ImageObject","inLanguage":"tr","@id":"https:\/\/testwebsite.citygame.com\/tr\/games\/unknown-location\/urun-207\/#primaryimage","url":"https:\/\/testwebsite.citygame.com\/wp-content\/blogs.dir\/1\/files\/sites\/62\/2026\/02\/man-playing-city-game-in-maastricht-museum.jpg","contentUrl":"https:\/\/testwebsite.citygame.com\/wp-content\/blogs.dir\/1\/files\/sites\/62\/2026\/02\/man-playing-city-game-in-maastricht-museum.jpg","width":1024,"height":1024,"caption":"A visitor uses his smartphone to interact with an exhibition in a contemporary art gallery in Maastricht."},{"@type":"BreadcrumbList","@id":"https:\/\/testwebsite.citygame.com\/tr\/games\/unknown-location\/urun-207\/#breadcrumb","itemListElement":[{"@type":"ListItem","position":1,"name":"Home","item":"https:\/\/testwebsite.citygame.com\/tr\/"},{"@type":"ListItem","position":2,"name":"Shop","item":"https:\/\/testwebsite.citygame.com\/shop\/"},{"@type":"ListItem","position":3,"name":"\u00dcr\u00fcn"}]},{"@type":"WebSite","@id":"https:\/\/testwebsite.upevents.nl\/#website","url":"https:\/\/testwebsite.upevents.nl\/","name":"City Game","description":"","publisher":{"@id":"https:\/\/testwebsite.upevents.nl\/#organization"},"alternateName":"citygame.com","potentialAction":[{"@type":"SearchAction","target":{"@type":"EntryPoint","urlTemplate":"https:\/\/testwebsite.upevents.nl\/?s={search_term_string}"},"query-input":{"@type":"PropertyValueSpecification","valueRequired":true,"valueName":"search_term_string"}}],"inLanguage":"tr"},{"@type":["Organization","Place"],"@id":"https:\/\/testwebsite.upevents.nl\/#organization","name":"City Game","alternateName":"citygame.com","url":"https:\/\/testwebsite.upevents.nl\/","logo":{"@id":"https:\/\/testwebsite.citygame.com\/tr\/games\/unknown-location\/urun-207\/#local-main-organization-logo"},"image":{"@id":"https:\/\/testwebsite.citygame.com\/tr\/games\/unknown-location\/urun-207\/#local-main-organization-logo"},"sameAs":["https:\/\/www.facebook.com\/profile.php?id=100086426226253","https:\/\/www.instagram.com\/citygame_com","https:\/\/www.tiktok.com\/@citygamecom\/","https:\/\/www.linkedin.com\/company\/citygame-com"],"description":"Turn any city into a playground with our interactive City Games and self-guided tours. Fun, flexible, and ideal for groups and team building.","telephone":[],"openingHoursSpecification":[{"@type":"OpeningHoursSpecification","dayOfWeek":["Monday","Tuesday","Wednesday","Thursday","Friday","Saturday","Sunday"],"opens":"09:00","closes":"17:00"}]},{"@type":"ImageObject","inLanguage":"tr","@id":"https:\/\/testwebsite.citygame.com\/tr\/games\/unknown-location\/urun-207\/#local-main-organization-logo","url":"https:\/\/testwebsite.citygame.com\/wp-content\/blogs.dir\/1\/files\/sites\/62\/2025\/10\/CG_LOGO-City-Game.png","contentUrl":"https:\/\/testwebsite.citygame.com\/wp-content\/blogs.dir\/1\/files\/sites\/62\/2025\/10\/CG_LOGO-City-Game.png","width":351,"height":377,"caption":"City Game"}]}},"taxonomy_info":{"game-concept":[{"value":38,"label":"Sherlock"}],"product_cat":[{"value":27,"label":"Geen categorie"}]},"featured_image_src_large":["https:\/\/testwebsite.citygame.com\/wp-content\/blogs.dir\/1\/files\/sites\/62\/2026\/02\/man-playing-city-game-in-maastricht-museum.jpg",1024,1024,false],"author_info":[],"comment_info":"","_links":{"self":[{"href":"https:\/\/testwebsite.citygame.com\/tr\/wp-json\/wp\/v2\/product\/32980","targetHints":{"allow":["GET"]}}],"collection":[{"href":"https:\/\/testwebsite.citygame.com\/tr\/wp-json\/wp\/v2\/product"}],"about":[{"href":"https:\/\/testwebsite.citygame.com\/tr\/wp-json\/wp\/v2\/types\/product"}],"acf:post":[{"embeddable":true,"href":"https:\/\/testwebsite.citygame.com\/tr\/wp-json\/wp\/v2\/pages\/4442"}],"wp:featuredmedia":[{"embeddable":true,"href":"https:\/\/testwebsite.citygame.com\/tr\/wp-json\/wp\/v2\/media\/13015"}],"wp:attachment":[{"href":"https:\/\/testwebsite.citygame.com\/tr\/wp-json\/wp\/v2\/media?parent=32980"}],"wp:term":[{"taxonomy":"game-concept","embeddable":true,"href":"https:\/\/testwebsite.citygame.com\/tr\/wp-json\/wp\/v2\/game-concept?post=32980"},{"taxonomy":"location","embeddable":true,"href":"https:\/\/testwebsite.citygame.com\/tr\/wp-json\/wp\/v2\/location?post=32980"},{"taxonomy":"product_brand","embeddable":true,"href":"https:\/\/testwebsite.citygame.com\/tr\/wp-json\/wp\/v2\/product_brand?post=32980"},{"taxonomy":"product_cat","embeddable":true,"href":"https:\/\/testwebsite.citygame.com\/tr\/wp-json\/wp\/v2\/product_cat?post=32980"},{"taxonomy":"product_tag","embeddable":true,"href":"https:\/\/testwebsite.citygame.com\/tr\/wp-json\/wp\/v2\/product_tag?post=32980"}],"curies":[{"name":"wp","href":"https:\/\/api.w.org\/{rel}","templated":true}]}}