{"id":68363,"date":"2026-02-16T07:00:51","date_gmt":"2026-02-16T07:00:51","guid":{"rendered":"https:\/\/testwebsite.citygame.com\/games\/unknown-location\/the-bangkok-syndicate\/"},"modified":"2026-04-09T12:01:42","modified_gmt":"2026-04-09T12:01:42","slug":"the-bangkok-syndicate","status":"publish","type":"product","link":"https:\/\/testwebsite.citygame.com\/sv\/games\/bangkok\/the-bangkok-syndicate\/","title":{"rendered":"The Bangkok Syndicate"},"content":{"rendered":"<p>Detta sj\u00e4lvguidade City Escape Game i Bangkok \u00e4ger rum i Bangkoks centrum. I detta stadsspel i Bangkok samarbetar teamen f\u00f6r att sp\u00e5ra upp den sv\u00e5rf\u00e5ngne Magnus och \u00e5terst\u00e4lla sex stulna formler genom att slutf\u00f6ra en serie sammankopplade pussel, uppgifter och utmaningar. Upplevelsen betonar lagarbete och ber\u00e4ttande, d\u00e4r spelarna avancerar steg f\u00f6r steg genom ett uppdrag som utvecklas \u00f6ver det sj\u00e4lvguidade stads\u00e4ventyret.<\/p>\n","protected":false},"excerpt":{"rendered":"<p>Kliv in i Bangkoks undre v\u00e4rld med detta sj\u00e4lvguidade City Escape Game. Du och ditt team kommer att nysta upp en f\u00e4ngslande historia genom att l\u00f6sa kluriga pussel, slutf\u00f6ra komplexa uppgifter och till slut dechiffrera sanningen &#8211; allt mot klockan!<\/p>\n","protected":false},"featured_media":14143,"template":"","meta":{"_acf_changed":false,"_yoast_wpseo_focuskw":"The Bangkok Syndicate","_yoast_wpseo_metadesc":"The Bangkok Syndicate. Spela ett sj\u00e4lvguidad City Escape Game, l\u00f6s pussel, slutf\u00f6r uppdrag och \u00e5terst\u00e4ll de stulna formlerna i din egen takt!","_kad_blocks_custom_css":"","_kad_blocks_head_custom_js":"","_kad_blocks_body_custom_js":"","_kad_blocks_footer_custom_js":"","ghostkit_customizer_options":"","ghostkit_custom_css":"","ghostkit_custom_js_head":"","ghostkit_custom_js_foot":"","ghostkit_typography":"","_kad_post_transparent":"","_kad_post_title":"","_kad_post_layout":"","_kad_post_sidebar_id":"","_kad_post_content_style":"","_kad_post_vertical_padding":"","_kad_post_feature":"","_kad_post_feature_position":"","_kad_post_header":false,"_kad_post_footer":false,"_kad_post_classname":"","_links_to":"","_links_to_target":""},"game-concept":[761],"location":[76],"product_brand":[],"product_cat":[27],"product_tag":[],"class_list":{"0":"post-68363","1":"product","2":"type-product","3":"status-publish","4":"has-post-thumbnail","6":"game-concept-syndicate","7":"location-bangkok","8":"product_cat-geen-categorie","10":"first","11":"instock","12":"shipping-taxable","13":"purchasable","14":"product-type-simple","15":"entry","16":"content-bg","17":"loop-entry"},"acf":{"full_bokun_product_name":"Self-Guided The Bangkok Syndicate City Escape Game","location_name":"Bangkok","bokun_calendar_widget_code":"<script type=\"text\/javascript\" src=\"https:\/\/widgets.bokun.io\/assets\/javascripts\/apps\/build\/BokunWidgetsLoader.js?bookingChannelUUID=a1e93e96-5232-4734-a595-28405f4b5a31\" async><\/script>\n     \n    <div class=\"bokunWidget\" data-src=\"https:\/\/widgets.bokun.io\/online-sales\/a1e93e96-5232-4734-a595-28405f4b5a31\/experience-calendar\/864739\"><\/div>\n    <noscript>Please enable javascript in your browser to book<\/noscript>","bokun_button_widget_code":"<script type=\"text\/javascript\" src=\"https:\/\/widgets.bokun.io\/assets\/javascripts\/apps\/build\/BokunWidgetsLoader.js?bookingChannelUUID=a1e93e96-5232-4734-a595-28405f4b5a31\" async><\/script>\n      <style> #bokun_ed001e45_5927_4f62_b470_ca766338d083 { display: inline-block; padding: .4em 1em; background: #47b82e; border-radius: 999999px; box-shadow: none; font-weight: 600; font-size: 24px; text-decoration: none; text-align: center; color: #FFFFFF; border:none; cursor: pointer; transition: background .2s ease; } #bokun_ed001e45_5927_4f62_b470_ca766338d083:hover{ background: #2f7b1f; } #bokun_ed001e45_5927_4f62_b470_ca766338d083:active{ background: #378f24; } <\/style> <button class=\"bokunButton\" disabled id=bokun_ed001e45_5927_4f62_b470_ca766338d083 data-src=\"https:\/\/widgets.bokun.io\/online-sales\/a1e93e96-5232-4734-a595-28405f4b5a31\/experience-calendar\/864739?partialView=1\" data-testid=\"widget-book-button\" > Book now <\/button> ","what_you\u2019ll_experience_during_the_game":"I *The Bangkok Syndicate* kastas du och ditt team in i ett sp\u00e4nnande flyktuppdrag som utspelar sig p\u00e5 Bangkoks gator. Som agenter p\u00e5 plats \u00e4r ditt m\u00e5l tydligt: lokalisera den sv\u00e5rf\u00e5ngne Magnus och \u00e5terst\u00e4ll sex stulna vetenskapliga formler innan de f\u00f6rsvinner in i underjorden f\u00f6r gott. Uppdraget fortskrider steg f\u00f6r steg n\u00e4r du navigerar staden, med varje drag som avsl\u00f6jar nya lager av historien och information som f\u00f6r dig n\u00e4rmare ditt m\u00e5l.\n\nDu kommer att m\u00f6ta en serie uppslukande utmaningar, inklusive logiska pussel, kryptiska koder och tidspressade uppgifter som kr\u00e4ver uppm\u00e4rksamhet och anpassningsf\u00f6rm\u00e5ga. Samarbete, skarpa beslut och tydlig kommunikation \u00e4r nyckeln till att avancera uppdraget. Fullt ber\u00e4ttelsedrivet och designat f\u00f6r att spelas i din egen takt, l\u00e5ter upplevelsen ditt team pausa och omgruppera n\u00e4r det beh\u00f6vs n\u00e4r ni r\u00f6r er djupare in i operationen. Genomg\u00e5ende blir Bangkok den levande milj\u00f6n f\u00f6r din spionber\u00e4ttelse.","how_to_play":"Boka City Game, kolla e-postmeddelandet vi skickar med instruktionerna, ladda ner Loquiz App och b\u00f6rja din spelupplevelse!","start_location":"Bangkok, Banglamphu Square","available_languages":["en"],"players_per_group":"1-4","duration":"1.5-2 hours","image_overlay_color_image":"https:\/\/testwebsite.citygame.com\/wp-content\/blogs.dir\/1\/files\/sites\/62\/2026\/01\/SyndicateColor.svg","image_overlay_game_logo":"https:\/\/testwebsite.citygame.com\/wp-content\/blogs.dir\/1\/files\/sites\/62\/2026\/01\/SyndicateLogo.png","city_page":4356,"woocommerce_general_content":null},"yoast_head":"<!-- This site is optimized with the Yoast SEO Premium plugin v26.2 (Yoast SEO v26.3) - https:\/\/yoast.com\/wordpress\/plugins\/seo\/ -->\n<title>The Bangkok Syndicate - City Game<\/title>\n<meta name=\"description\" content=\"The Bangkok Syndicate. Spela ett sj\u00e4lvguidad City Escape Game, l\u00f6s pussel, slutf\u00f6r uppdrag och \u00e5terst\u00e4ll de stulna formlerna i din egen takt!\" \/>\n<meta name=\"robots\" content=\"noindex, follow, max-snippet:-1, max-image-preview:large, max-video-preview:-1\" \/>\n<meta property=\"og:locale\" content=\"sv_SE\" \/>\n<meta property=\"og:type\" content=\"article\" \/>\n<meta property=\"og:title\" content=\"The Bangkok Syndicate\" \/>\n<meta property=\"og:description\" content=\"The Bangkok Syndicate. Spela ett sj\u00e4lvguidad City Escape Game, l\u00f6s pussel, slutf\u00f6r uppdrag och \u00e5terst\u00e4ll de stulna formlerna i din egen takt!\" \/>\n<meta property=\"og:url\" content=\"https:\/\/testwebsite.citygame.com\/sv\/games\/bangkok\/the-bangkok-syndicate\/\" \/>\n<meta property=\"og:site_name\" content=\"City Game\" \/>\n<meta property=\"article:publisher\" content=\"https:\/\/www.facebook.com\/profile.php?id=100086426226253\" \/>\n<meta property=\"article:modified_time\" content=\"2026-04-09T12:01:42+00:00\" \/>\n<meta property=\"og:image\" content=\"https:\/\/testwebsite.citygame.com\/wp-content\/blogs.dir\/1\/files\/sites\/62\/2026\/02\/man-playing-city-game-wat-bowon-bangkok.jpg\" \/>\n\t<meta property=\"og:image:width\" content=\"1024\" \/>\n\t<meta property=\"og:image:height\" content=\"1024\" \/>\n\t<meta property=\"og:image:type\" content=\"image\/jpeg\" \/>\n<meta name=\"twitter:card\" content=\"summary_large_image\" \/>\n<script type=\"application\/ld+json\" class=\"yoast-schema-graph\">{\"@context\":\"https:\/\/schema.org\",\"@graph\":[{\"@type\":\"WebPage\",\"@id\":\"https:\/\/testwebsite.citygame.com\/sv\/games\/bangkok\/the-bangkok-syndicate\/\",\"url\":\"https:\/\/testwebsite.citygame.com\/sv\/games\/bangkok\/the-bangkok-syndicate\/\",\"name\":\"The Bangkok Syndicate - City Game\",\"isPartOf\":{\"@id\":\"https:\/\/testwebsite.upevents.nl\/#website\"},\"primaryImageOfPage\":{\"@id\":\"https:\/\/testwebsite.citygame.com\/sv\/games\/bangkok\/the-bangkok-syndicate\/#primaryimage\"},\"image\":{\"@id\":\"https:\/\/testwebsite.citygame.com\/sv\/games\/bangkok\/the-bangkok-syndicate\/#primaryimage\"},\"thumbnailUrl\":\"https:\/\/testwebsite.citygame.com\/wp-content\/blogs.dir\/1\/files\/sites\/62\/2026\/02\/man-playing-city-game-wat-bowon-bangkok.jpg\",\"datePublished\":\"2026-02-16T07:00:51+00:00\",\"dateModified\":\"2026-04-09T12:01:42+00:00\",\"description\":\"The Bangkok Syndicate. Spela ett sj\u00e4lvguidad City Escape Game, l\u00f6s pussel, slutf\u00f6r uppdrag och \u00e5terst\u00e4ll de stulna formlerna i din egen takt!\",\"breadcrumb\":{\"@id\":\"https:\/\/testwebsite.citygame.com\/sv\/games\/bangkok\/the-bangkok-syndicate\/#breadcrumb\"},\"inLanguage\":\"sv-SE\",\"potentialAction\":[{\"@type\":\"ReadAction\",\"target\":[\"https:\/\/testwebsite.citygame.com\/sv\/games\/bangkok\/the-bangkok-syndicate\/\"]}]},{\"@type\":\"ImageObject\",\"inLanguage\":\"sv-SE\",\"@id\":\"https:\/\/testwebsite.citygame.com\/sv\/games\/bangkok\/the-bangkok-syndicate\/#primaryimage\",\"url\":\"https:\/\/testwebsite.citygame.com\/wp-content\/blogs.dir\/1\/files\/sites\/62\/2026\/02\/man-playing-city-game-wat-bowon-bangkok.jpg\",\"contentUrl\":\"https:\/\/testwebsite.citygame.com\/wp-content\/blogs.dir\/1\/files\/sites\/62\/2026\/02\/man-playing-city-game-wat-bowon-bangkok.jpg\",\"width\":1024,\"height\":1024,\"caption\":\"A tourist uses a mobile app to explore the area around Wat Bowonniwet Vihara in Bangkok.\"},{\"@type\":\"BreadcrumbList\",\"@id\":\"https:\/\/testwebsite.citygame.com\/sv\/games\/bangkok\/the-bangkok-syndicate\/#breadcrumb\",\"itemListElement\":[{\"@type\":\"ListItem\",\"position\":1,\"name\":\"Home\",\"item\":\"https:\/\/testwebsite.citygame.com\/sv\/\"},{\"@type\":\"ListItem\",\"position\":2,\"name\":\"Shop\",\"item\":\"https:\/\/testwebsite.citygame.com\/shop\/\"},{\"@type\":\"ListItem\",\"position\":3,\"name\":\"The Bangkok Syndicate\"}]},{\"@type\":\"WebSite\",\"@id\":\"https:\/\/testwebsite.upevents.nl\/#website\",\"url\":\"https:\/\/testwebsite.upevents.nl\/\",\"name\":\"City Game\",\"description\":\"\",\"publisher\":{\"@id\":\"https:\/\/testwebsite.upevents.nl\/#organization\"},\"alternateName\":\"citygame.com\",\"potentialAction\":[{\"@type\":\"SearchAction\",\"target\":{\"@type\":\"EntryPoint\",\"urlTemplate\":\"https:\/\/testwebsite.upevents.nl\/?s={search_term_string}\"},\"query-input\":{\"@type\":\"PropertyValueSpecification\",\"valueRequired\":true,\"valueName\":\"search_term_string\"}}],\"inLanguage\":\"sv-SE\"},{\"@type\":[\"Organization\",\"Place\"],\"@id\":\"https:\/\/testwebsite.upevents.nl\/#organization\",\"name\":\"City Game\",\"alternateName\":\"citygame.com\",\"url\":\"https:\/\/testwebsite.upevents.nl\/\",\"logo\":{\"@id\":\"https:\/\/testwebsite.citygame.com\/sv\/games\/bangkok\/the-bangkok-syndicate\/#local-main-organization-logo\"},\"image\":{\"@id\":\"https:\/\/testwebsite.citygame.com\/sv\/games\/bangkok\/the-bangkok-syndicate\/#local-main-organization-logo\"},\"sameAs\":[\"https:\/\/www.facebook.com\/profile.php?id=100086426226253\",\"https:\/\/www.instagram.com\/citygame_com\",\"https:\/\/www.tiktok.com\/@citygamecom\/\",\"https:\/\/www.linkedin.com\/company\/citygame-com\"],\"description\":\"Turn any city into a playground with our interactive City Games and self-guided tours. Fun, flexible, and ideal for groups and team building.\",\"telephone\":[],\"openingHoursSpecification\":[{\"@type\":\"OpeningHoursSpecification\",\"dayOfWeek\":[\"Monday\",\"Tuesday\",\"Wednesday\",\"Thursday\",\"Friday\",\"Saturday\",\"Sunday\"],\"opens\":\"09:00\",\"closes\":\"17:00\"}]},{\"@type\":\"ImageObject\",\"inLanguage\":\"sv-SE\",\"@id\":\"https:\/\/testwebsite.citygame.com\/sv\/games\/bangkok\/the-bangkok-syndicate\/#local-main-organization-logo\",\"url\":\"https:\/\/testwebsite.citygame.com\/wp-content\/blogs.dir\/1\/files\/sites\/62\/2025\/10\/CG_LOGO-City-Game.png\",\"contentUrl\":\"https:\/\/testwebsite.citygame.com\/wp-content\/blogs.dir\/1\/files\/sites\/62\/2025\/10\/CG_LOGO-City-Game.png\",\"width\":351,\"height\":377,\"caption\":\"City Game\"}]}<\/script>\n<!-- \/ Yoast SEO Premium plugin. -->","yoast_head_json":{"title":"The Bangkok Syndicate - City Game","description":"The Bangkok Syndicate. Spela ett sj\u00e4lvguidad City Escape Game, l\u00f6s pussel, slutf\u00f6r uppdrag och \u00e5terst\u00e4ll de stulna formlerna i din egen takt!","robots":{"index":"noindex","follow":"follow","max-snippet":"max-snippet:-1","max-image-preview":"max-image-preview:large","max-video-preview":"max-video-preview:-1"},"og_locale":"sv_SE","og_type":"article","og_title":"The Bangkok Syndicate","og_description":"The Bangkok Syndicate. Spela ett sj\u00e4lvguidad City Escape Game, l\u00f6s pussel, slutf\u00f6r uppdrag och \u00e5terst\u00e4ll de stulna formlerna i din egen takt!","og_url":"https:\/\/testwebsite.citygame.com\/sv\/games\/bangkok\/the-bangkok-syndicate\/","og_site_name":"City Game","article_publisher":"https:\/\/www.facebook.com\/profile.php?id=100086426226253","article_modified_time":"2026-04-09T12:01:42+00:00","og_image":[{"width":1024,"height":1024,"url":"https:\/\/testwebsite.citygame.com\/wp-content\/blogs.dir\/1\/files\/sites\/62\/2026\/02\/man-playing-city-game-wat-bowon-bangkok.jpg","type":"image\/jpeg"}],"twitter_card":"summary_large_image","schema":{"@context":"https:\/\/schema.org","@graph":[{"@type":"WebPage","@id":"https:\/\/testwebsite.citygame.com\/sv\/games\/bangkok\/the-bangkok-syndicate\/","url":"https:\/\/testwebsite.citygame.com\/sv\/games\/bangkok\/the-bangkok-syndicate\/","name":"The Bangkok Syndicate - City Game","isPartOf":{"@id":"https:\/\/testwebsite.upevents.nl\/#website"},"primaryImageOfPage":{"@id":"https:\/\/testwebsite.citygame.com\/sv\/games\/bangkok\/the-bangkok-syndicate\/#primaryimage"},"image":{"@id":"https:\/\/testwebsite.citygame.com\/sv\/games\/bangkok\/the-bangkok-syndicate\/#primaryimage"},"thumbnailUrl":"https:\/\/testwebsite.citygame.com\/wp-content\/blogs.dir\/1\/files\/sites\/62\/2026\/02\/man-playing-city-game-wat-bowon-bangkok.jpg","datePublished":"2026-02-16T07:00:51+00:00","dateModified":"2026-04-09T12:01:42+00:00","description":"The Bangkok Syndicate. Spela ett sj\u00e4lvguidad City Escape Game, l\u00f6s pussel, slutf\u00f6r uppdrag och \u00e5terst\u00e4ll de stulna formlerna i din egen takt!","breadcrumb":{"@id":"https:\/\/testwebsite.citygame.com\/sv\/games\/bangkok\/the-bangkok-syndicate\/#breadcrumb"},"inLanguage":"sv-SE","potentialAction":[{"@type":"ReadAction","target":["https:\/\/testwebsite.citygame.com\/sv\/games\/bangkok\/the-bangkok-syndicate\/"]}]},{"@type":"ImageObject","inLanguage":"sv-SE","@id":"https:\/\/testwebsite.citygame.com\/sv\/games\/bangkok\/the-bangkok-syndicate\/#primaryimage","url":"https:\/\/testwebsite.citygame.com\/wp-content\/blogs.dir\/1\/files\/sites\/62\/2026\/02\/man-playing-city-game-wat-bowon-bangkok.jpg","contentUrl":"https:\/\/testwebsite.citygame.com\/wp-content\/blogs.dir\/1\/files\/sites\/62\/2026\/02\/man-playing-city-game-wat-bowon-bangkok.jpg","width":1024,"height":1024,"caption":"A tourist uses a mobile app to explore the area around Wat Bowonniwet Vihara in Bangkok."},{"@type":"BreadcrumbList","@id":"https:\/\/testwebsite.citygame.com\/sv\/games\/bangkok\/the-bangkok-syndicate\/#breadcrumb","itemListElement":[{"@type":"ListItem","position":1,"name":"Home","item":"https:\/\/testwebsite.citygame.com\/sv\/"},{"@type":"ListItem","position":2,"name":"Shop","item":"https:\/\/testwebsite.citygame.com\/shop\/"},{"@type":"ListItem","position":3,"name":"The Bangkok Syndicate"}]},{"@type":"WebSite","@id":"https:\/\/testwebsite.upevents.nl\/#website","url":"https:\/\/testwebsite.upevents.nl\/","name":"City Game","description":"","publisher":{"@id":"https:\/\/testwebsite.upevents.nl\/#organization"},"alternateName":"citygame.com","potentialAction":[{"@type":"SearchAction","target":{"@type":"EntryPoint","urlTemplate":"https:\/\/testwebsite.upevents.nl\/?s={search_term_string}"},"query-input":{"@type":"PropertyValueSpecification","valueRequired":true,"valueName":"search_term_string"}}],"inLanguage":"sv-SE"},{"@type":["Organization","Place"],"@id":"https:\/\/testwebsite.upevents.nl\/#organization","name":"City Game","alternateName":"citygame.com","url":"https:\/\/testwebsite.upevents.nl\/","logo":{"@id":"https:\/\/testwebsite.citygame.com\/sv\/games\/bangkok\/the-bangkok-syndicate\/#local-main-organization-logo"},"image":{"@id":"https:\/\/testwebsite.citygame.com\/sv\/games\/bangkok\/the-bangkok-syndicate\/#local-main-organization-logo"},"sameAs":["https:\/\/www.facebook.com\/profile.php?id=100086426226253","https:\/\/www.instagram.com\/citygame_com","https:\/\/www.tiktok.com\/@citygamecom\/","https:\/\/www.linkedin.com\/company\/citygame-com"],"description":"Turn any city into a playground with our interactive City Games and self-guided tours. Fun, flexible, and ideal for groups and team building.","telephone":[],"openingHoursSpecification":[{"@type":"OpeningHoursSpecification","dayOfWeek":["Monday","Tuesday","Wednesday","Thursday","Friday","Saturday","Sunday"],"opens":"09:00","closes":"17:00"}]},{"@type":"ImageObject","inLanguage":"sv-SE","@id":"https:\/\/testwebsite.citygame.com\/sv\/games\/bangkok\/the-bangkok-syndicate\/#local-main-organization-logo","url":"https:\/\/testwebsite.citygame.com\/wp-content\/blogs.dir\/1\/files\/sites\/62\/2025\/10\/CG_LOGO-City-Game.png","contentUrl":"https:\/\/testwebsite.citygame.com\/wp-content\/blogs.dir\/1\/files\/sites\/62\/2025\/10\/CG_LOGO-City-Game.png","width":351,"height":377,"caption":"City Game"}]}},"taxonomy_info":{"game-concept":[{"value":761,"label":"Syndicate"}],"location":[{"value":76,"label":"Bangkok"}],"product_cat":[{"value":27,"label":"Geen categorie"}]},"featured_image_src_large":["https:\/\/testwebsite.citygame.com\/wp-content\/blogs.dir\/1\/files\/sites\/62\/2026\/02\/man-playing-city-game-wat-bowon-bangkok.jpg",1024,1024,false],"author_info":[],"comment_info":"","_links":{"self":[{"href":"https:\/\/testwebsite.citygame.com\/sv\/wp-json\/wp\/v2\/product\/68363","targetHints":{"allow":["GET"]}}],"collection":[{"href":"https:\/\/testwebsite.citygame.com\/sv\/wp-json\/wp\/v2\/product"}],"about":[{"href":"https:\/\/testwebsite.citygame.com\/sv\/wp-json\/wp\/v2\/types\/product"}],"acf:post":[{"embeddable":true,"href":"https:\/\/testwebsite.citygame.com\/sv\/wp-json\/wp\/v2\/pages\/4356"}],"wp:featuredmedia":[{"embeddable":true,"href":"https:\/\/testwebsite.citygame.com\/sv\/wp-json\/wp\/v2\/media\/14143"}],"wp:attachment":[{"href":"https:\/\/testwebsite.citygame.com\/sv\/wp-json\/wp\/v2\/media?parent=68363"}],"wp:term":[{"taxonomy":"game-concept","embeddable":true,"href":"https:\/\/testwebsite.citygame.com\/sv\/wp-json\/wp\/v2\/game-concept?post=68363"},{"taxonomy":"location","embeddable":true,"href":"https:\/\/testwebsite.citygame.com\/sv\/wp-json\/wp\/v2\/location?post=68363"},{"taxonomy":"product_brand","embeddable":true,"href":"https:\/\/testwebsite.citygame.com\/sv\/wp-json\/wp\/v2\/product_brand?post=68363"},{"taxonomy":"product_cat","embeddable":true,"href":"https:\/\/testwebsite.citygame.com\/sv\/wp-json\/wp\/v2\/product_cat?post=68363"},{"taxonomy":"product_tag","embeddable":true,"href":"https:\/\/testwebsite.citygame.com\/sv\/wp-json\/wp\/v2\/product_tag?post=68363"}],"curies":[{"name":"wp","href":"https:\/\/api.w.org\/{rel}","templated":true}]}}