{"id":68138,"date":"2026-01-13T11:49:44","date_gmt":"2026-01-13T11:49:44","guid":{"rendered":"https:\/\/testwebsite.citygame.com\/games\/unknown-location\/secrets-of-tallinn\/"},"modified":"2026-04-09T10:44:57","modified_gmt":"2026-04-09T10:44:57","slug":"secrets-of-tallinn","status":"publish","type":"product","link":"https:\/\/testwebsite.citygame.com\/sv\/games\/tallinn\/secrets-of-tallinn\/","title":{"rendered":"Secrets of Tallinn"},"content":{"rendered":"<p>City Game Tallinn \u00e4r ett sj\u00e4lvguidad, GPS-baserat spel som utspelar sig i Tallinns historiska centrum. Med sina smartphones utforskar spelarna kullerstensgatorna och den medeltida arkitekturen medan de l\u00f6ser pussel, g\u00e5tor och fotoutmaningar. Detta utforskningsspel erbjuder ett roligt och interaktivt s\u00e4tt att uppt\u00e4cka Tallinns historia, kultur och dolda detaljer i din egen takt. Det sj\u00e4lvguidade stadsspelet passar b\u00e5de bes\u00f6kare som vill uppt\u00e4cka staden och lokalbor som s\u00f6ker ett nytt perspektiv. Perfekt f\u00f6r ensam\u00e4ventyrare, par, familjer eller kompisg\u00e4ng, det GPS-baserade spelet erbjuder ett flexibelt och engagerande s\u00e4tt att uppt\u00e4cka Tallinn.<\/p>\n","protected":false},"excerpt":{"rendered":"<p>L\u00e5s upp Tallinns tidl\u00f6sa hemligheter! Kliv in p\u00e5 kullerstensgator och bland h\u00f6ga torn n\u00e4r du hj\u00e4lper Vana Thomas att \u00e5terf\u00e5 en helig pil som h\u00e5ller stadens anda vid liv.<\/p>\n","protected":false},"featured_media":3684,"template":"","meta":{"_acf_changed":false,"_yoast_wpseo_focuskw":"Secrets of Tallinn","_yoast_wpseo_metadesc":"Secrets of Tallinn. Spela ett sj\u00e4lvguidad City Game och utforska staden genom pussel, g\u00e5tor och utmaningar. Spela i din egen takt och uppt\u00e4ck som en lokalbo!","_kad_blocks_custom_css":"","_kad_blocks_head_custom_js":"","_kad_blocks_body_custom_js":"","_kad_blocks_footer_custom_js":"","ghostkit_customizer_options":"","ghostkit_custom_css":"","ghostkit_custom_js_head":"","ghostkit_custom_js_foot":"","ghostkit_typography":"","_kad_post_transparent":"","_kad_post_title":"","_kad_post_layout":"","_kad_post_sidebar_id":"","_kad_post_content_style":"","_kad_post_vertical_padding":"","_kad_post_feature":"","_kad_post_feature_position":"","_kad_post_header":false,"_kad_post_footer":false,"_kad_post_classname":"","_links_to":"","_links_to_target":""},"game-concept":[730],"location":[386],"product_brand":[],"product_cat":[27],"product_tag":[],"class_list":{"0":"post-68138","1":"product","2":"type-product","3":"status-publish","4":"has-post-thumbnail","6":"game-concept-secrets","7":"location-tallinn","8":"product_cat-geen-categorie","10":"first","11":"instock","12":"shipping-taxable","13":"purchasable","14":"product-type-simple","15":"entry","16":"content-bg","17":"loop-entry"},"acf":{"full_bokun_product_name":"Self-Guided Secrets of Tallinn Exploration Game","location_name":"Tallinn","bokun_calendar_widget_code":"<script type=\"text\/javascript\" src=\"https:\/\/widgets.bokun.io\/assets\/javascripts\/apps\/build\/BokunWidgetsLoader.js?bookingChannelUUID=a1e93e96-5232-4734-a595-28405f4b5a31\" async><\/script>\n     \n    <div class=\"bokunWidget\" data-src=\"https:\/\/widgets.bokun.io\/online-sales\/a1e93e96-5232-4734-a595-28405f4b5a31\/experience-calendar\/797546\"><\/div>\n    <noscript>Please enable javascript in your browser to book<\/noscript>","bokun_button_widget_code":"<script type=\"text\/javascript\" src=\"https:\/\/widgets.bokun.io\/assets\/javascripts\/apps\/build\/BokunWidgetsLoader.js?bookingChannelUUID=a1e93e96-5232-4734-a595-28405f4b5a31\" async><\/script>\n      <style> #bokun_ed001e45_5927_4f62_b470_ca766338d083 { display: inline-block; padding: .4em 1em; background: #47b82e; border-radius: 999999px; box-shadow: none; font-weight: 600; font-size: 24px; text-decoration: none; text-align: center; color: #FFFFFF; border:none; cursor: pointer; transition: background .2s ease; } #bokun_ed001e45_5927_4f62_b470_ca766338d083:hover{ background: #2f7b1f; } #bokun_ed001e45_5927_4f62_b470_ca766338d083:active{ background: #378f24; } <\/style> <button class=\"bokunButton\" disabled id=bokun_ed001e45_5927_4f62_b470_ca766338d083 data-src=\"https:\/\/widgets.bokun.io\/online-sales\/a1e93e96-5232-4734-a595-28405f4b5a31\/experience-calendar\/797546?partialView=1\" data-testid=\"widget-book-button\" > Book now <\/button> ","what_you\u2019ll_experience_during_the_game":"Under Secrets of Tallinn City Game utforskar du b\u00e5de k\u00e4nda landm\u00e4rken och dolda h\u00f6rn genom en engagerande ber\u00e4ttelse v\u00e4vd in i Gamla stadens gator. N\u00e4r du avsl\u00f6jar Tallinns historiska lager passerar du genom livliga platser som Town Hall Square och vandrar p\u00e5 medeltida stigar som Pikk jalg. Resan kan leda dig till sl\u00e5ende sev\u00e4rdheter som den l\u00f6kkupolf\u00f6rsedda Alexander Nevsky Cathedral, det symboliska Cross of Liberty p\u00e5 Freedom Square och den lugna ing\u00e5ngen m\u00e4rkt av Triangular Door with Shield. L\u00e4ngs v\u00e4gen skiftar stadens atmosf\u00e4r fr\u00e5n livliga torg till fridfulla innerg\u00e5rdar, vilket erbjuder en balanserad mix av uppt\u00e4ckt och eftertanke.\n\nGenom hela spelet antar du en rad interaktiva utmaningar, inklusive g\u00e5tor, pussel, fr\u00e5gor och lekfulla fotouppgifter designade f\u00f6r att v\u00e4cka nyfikenhet. Varje avklarad utmaning ger po\u00e4ng, \u00f6ppnar ledtr\u00e5dar och f\u00f6r dig n\u00e4rmare att l\u00f6sa ett slutgiltigt mysterium som binder samman upplevelsen. Spelet kan pausas n\u00e4r som helst, s\u00e5 du kan utforska Tallinn i din egen takt och \u00e5terv\u00e4nda n\u00e4r du vill. F\u00f6r dem som gillar t\u00e4vling erbjuder City Game ocks\u00e5 chansen att kl\u00e4ttra p\u00e5 topplistan genom att spela strategiskt eller som del av ett team.","how_to_play":"Efter bokning f\u00e5r du ett e-postmeddelande med din personliga spell\u00e4nk. G\u00e5 helt enkelt till Cross of Liberty, \u00f6ppna l\u00e4nken p\u00e5 din telefon och p\u00e5b\u00f6rja din resa genom Tallinn. Du kan pausa spelet n\u00e4r som helst och forts\u00e4tta senare, vilket g\u00f6r det till det perfekta flexibla \u00e4ventyret f\u00f6r ditt eget schema.","start_location":"Tallinn, Cross of Liberty","available_languages":[],"players_per_group":"1-4","duration":"1.5-2 hours","image_overlay_color_image":"https:\/\/testwebsite.citygame.com\/wp-content\/blogs.dir\/1\/files\/sites\/62\/2026\/01\/SecretsColor.svg","image_overlay_game_logo":"https:\/\/testwebsite.citygame.com\/wp-content\/blogs.dir\/1\/files\/sites\/62\/2026\/01\/SecretsLogo.png","city_page":6421,"woocommerce_general_content":null},"yoast_head":"<!-- This site is optimized with the Yoast SEO Premium plugin v26.2 (Yoast SEO v26.3) - https:\/\/yoast.com\/wordpress\/plugins\/seo\/ -->\n<title>Secrets of Tallinn - City Game<\/title>\n<meta name=\"description\" content=\"Secrets of Tallinn. Spela ett sj\u00e4lvguidad City Game och utforska staden genom pussel, g\u00e5tor och utmaningar. Spela i din egen takt och uppt\u00e4ck som en lokalbo!\" \/>\n<meta name=\"robots\" content=\"noindex, follow, max-snippet:-1, max-image-preview:large, max-video-preview:-1\" \/>\n<meta property=\"og:locale\" content=\"sv_SE\" \/>\n<meta property=\"og:type\" content=\"article\" \/>\n<meta property=\"og:title\" content=\"Secrets of Tallinn\" \/>\n<meta property=\"og:description\" content=\"Secrets of Tallinn. Spela ett sj\u00e4lvguidad City Game och utforska staden genom pussel, g\u00e5tor och utmaningar. Spela i din egen takt och uppt\u00e4ck som en lokalbo!\" \/>\n<meta property=\"og:url\" content=\"https:\/\/testwebsite.citygame.com\/sv\/games\/tallinn\/secrets-of-tallinn\/\" \/>\n<meta property=\"og:site_name\" content=\"City Game\" \/>\n<meta property=\"article:publisher\" content=\"https:\/\/www.facebook.com\/profile.php?id=100086426226253\" \/>\n<meta property=\"article:modified_time\" content=\"2026-04-09T10:44:57+00:00\" \/>\n<meta property=\"og:image\" content=\"https:\/\/testwebsite.citygame.com\/wp-content\/blogs.dir\/1\/files\/sites\/62\/2026\/01\/tallinn-old-town-cobblestone-street-city-game.jpg\" \/>\n\t<meta property=\"og:image:width\" content=\"1184\" \/>\n\t<meta property=\"og:image:height\" content=\"864\" \/>\n\t<meta property=\"og:image:type\" content=\"image\/jpeg\" \/>\n<meta name=\"twitter:card\" content=\"summary_large_image\" \/>\n<meta name=\"twitter:label1\" content=\"Ber\u00e4knad l\u00e4stid\" \/>\n\t<meta name=\"twitter:data1\" content=\"1 minut\" \/>\n<script type=\"application\/ld+json\" class=\"yoast-schema-graph\">{\"@context\":\"https:\/\/schema.org\",\"@graph\":[{\"@type\":\"WebPage\",\"@id\":\"https:\/\/testwebsite.citygame.com\/sv\/games\/tallinn\/secrets-of-tallinn\/\",\"url\":\"https:\/\/testwebsite.citygame.com\/sv\/games\/tallinn\/secrets-of-tallinn\/\",\"name\":\"Secrets of Tallinn - City Game\",\"isPartOf\":{\"@id\":\"https:\/\/testwebsite.upevents.nl\/#website\"},\"primaryImageOfPage\":{\"@id\":\"https:\/\/testwebsite.citygame.com\/sv\/games\/tallinn\/secrets-of-tallinn\/#primaryimage\"},\"image\":{\"@id\":\"https:\/\/testwebsite.citygame.com\/sv\/games\/tallinn\/secrets-of-tallinn\/#primaryimage\"},\"thumbnailUrl\":\"https:\/\/testwebsite.citygame.com\/wp-content\/blogs.dir\/1\/files\/sites\/62\/2026\/01\/tallinn-old-town-cobblestone-street-city-game.jpg\",\"datePublished\":\"2026-01-13T11:49:44+00:00\",\"dateModified\":\"2026-04-09T10:44:57+00:00\",\"description\":\"Secrets of Tallinn. Spela ett sj\u00e4lvguidad City Game och utforska staden genom pussel, g\u00e5tor och utmaningar. Spela i din egen takt och uppt\u00e4ck som en lokalbo!\",\"breadcrumb\":{\"@id\":\"https:\/\/testwebsite.citygame.com\/sv\/games\/tallinn\/secrets-of-tallinn\/#breadcrumb\"},\"inLanguage\":\"sv-SE\",\"potentialAction\":[{\"@type\":\"ReadAction\",\"target\":[\"https:\/\/testwebsite.citygame.com\/sv\/games\/tallinn\/secrets-of-tallinn\/\"]}]},{\"@type\":\"ImageObject\",\"inLanguage\":\"sv-SE\",\"@id\":\"https:\/\/testwebsite.citygame.com\/sv\/games\/tallinn\/secrets-of-tallinn\/#primaryimage\",\"url\":\"https:\/\/testwebsite.citygame.com\/wp-content\/blogs.dir\/1\/files\/sites\/62\/2026\/01\/tallinn-old-town-cobblestone-street-city-game.jpg\",\"contentUrl\":\"https:\/\/testwebsite.citygame.com\/wp-content\/blogs.dir\/1\/files\/sites\/62\/2026\/01\/tallinn-old-town-cobblestone-street-city-game.jpg\",\"width\":1184,\"height\":864,\"caption\":\"A visitor uses a smartphone to navigate a historic cobblestone street in Tallinn, Estonia.\"},{\"@type\":\"BreadcrumbList\",\"@id\":\"https:\/\/testwebsite.citygame.com\/sv\/games\/tallinn\/secrets-of-tallinn\/#breadcrumb\",\"itemListElement\":[{\"@type\":\"ListItem\",\"position\":1,\"name\":\"Home\",\"item\":\"https:\/\/testwebsite.citygame.com\/sv\/\"},{\"@type\":\"ListItem\",\"position\":2,\"name\":\"Shop\",\"item\":\"https:\/\/testwebsite.citygame.com\/shop\/\"},{\"@type\":\"ListItem\",\"position\":3,\"name\":\"Secrets of Tallinn\"}]},{\"@type\":\"WebSite\",\"@id\":\"https:\/\/testwebsite.upevents.nl\/#website\",\"url\":\"https:\/\/testwebsite.upevents.nl\/\",\"name\":\"City Game\",\"description\":\"\",\"publisher\":{\"@id\":\"https:\/\/testwebsite.upevents.nl\/#organization\"},\"alternateName\":\"citygame.com\",\"potentialAction\":[{\"@type\":\"SearchAction\",\"target\":{\"@type\":\"EntryPoint\",\"urlTemplate\":\"https:\/\/testwebsite.upevents.nl\/?s={search_term_string}\"},\"query-input\":{\"@type\":\"PropertyValueSpecification\",\"valueRequired\":true,\"valueName\":\"search_term_string\"}}],\"inLanguage\":\"sv-SE\"},{\"@type\":[\"Organization\",\"Place\"],\"@id\":\"https:\/\/testwebsite.upevents.nl\/#organization\",\"name\":\"City Game\",\"alternateName\":\"citygame.com\",\"url\":\"https:\/\/testwebsite.upevents.nl\/\",\"logo\":{\"@id\":\"https:\/\/testwebsite.citygame.com\/sv\/games\/tallinn\/secrets-of-tallinn\/#local-main-organization-logo\"},\"image\":{\"@id\":\"https:\/\/testwebsite.citygame.com\/sv\/games\/tallinn\/secrets-of-tallinn\/#local-main-organization-logo\"},\"sameAs\":[\"https:\/\/www.facebook.com\/profile.php?id=100086426226253\",\"https:\/\/www.instagram.com\/citygame_com\",\"https:\/\/www.tiktok.com\/@citygamecom\/\",\"https:\/\/www.linkedin.com\/company\/citygame-com\"],\"description\":\"Turn any city into a playground with our interactive City Games and self-guided tours. Fun, flexible, and ideal for groups and team building.\",\"telephone\":[],\"openingHoursSpecification\":[{\"@type\":\"OpeningHoursSpecification\",\"dayOfWeek\":[\"Monday\",\"Tuesday\",\"Wednesday\",\"Thursday\",\"Friday\",\"Saturday\",\"Sunday\"],\"opens\":\"09:00\",\"closes\":\"17:00\"}]},{\"@type\":\"ImageObject\",\"inLanguage\":\"sv-SE\",\"@id\":\"https:\/\/testwebsite.citygame.com\/sv\/games\/tallinn\/secrets-of-tallinn\/#local-main-organization-logo\",\"url\":\"https:\/\/testwebsite.citygame.com\/wp-content\/blogs.dir\/1\/files\/sites\/62\/2025\/10\/CG_LOGO-City-Game.png\",\"contentUrl\":\"https:\/\/testwebsite.citygame.com\/wp-content\/blogs.dir\/1\/files\/sites\/62\/2025\/10\/CG_LOGO-City-Game.png\",\"width\":351,\"height\":377,\"caption\":\"City Game\"}]}<\/script>\n<!-- \/ Yoast SEO Premium plugin. -->","yoast_head_json":{"title":"Secrets of Tallinn - City Game","description":"Secrets of Tallinn. Spela ett sj\u00e4lvguidad City Game och utforska staden genom pussel, g\u00e5tor och utmaningar. Spela i din egen takt och uppt\u00e4ck som en lokalbo!","robots":{"index":"noindex","follow":"follow","max-snippet":"max-snippet:-1","max-image-preview":"max-image-preview:large","max-video-preview":"max-video-preview:-1"},"og_locale":"sv_SE","og_type":"article","og_title":"Secrets of Tallinn","og_description":"Secrets of Tallinn. Spela ett sj\u00e4lvguidad City Game och utforska staden genom pussel, g\u00e5tor och utmaningar. Spela i din egen takt och uppt\u00e4ck som en lokalbo!","og_url":"https:\/\/testwebsite.citygame.com\/sv\/games\/tallinn\/secrets-of-tallinn\/","og_site_name":"City Game","article_publisher":"https:\/\/www.facebook.com\/profile.php?id=100086426226253","article_modified_time":"2026-04-09T10:44:57+00:00","og_image":[{"width":1184,"height":864,"url":"https:\/\/testwebsite.citygame.com\/wp-content\/blogs.dir\/1\/files\/sites\/62\/2026\/01\/tallinn-old-town-cobblestone-street-city-game.jpg","type":"image\/jpeg"}],"twitter_card":"summary_large_image","twitter_misc":{"Ber\u00e4knad l\u00e4stid":"1 minut"},"schema":{"@context":"https:\/\/schema.org","@graph":[{"@type":"WebPage","@id":"https:\/\/testwebsite.citygame.com\/sv\/games\/tallinn\/secrets-of-tallinn\/","url":"https:\/\/testwebsite.citygame.com\/sv\/games\/tallinn\/secrets-of-tallinn\/","name":"Secrets of Tallinn - City Game","isPartOf":{"@id":"https:\/\/testwebsite.upevents.nl\/#website"},"primaryImageOfPage":{"@id":"https:\/\/testwebsite.citygame.com\/sv\/games\/tallinn\/secrets-of-tallinn\/#primaryimage"},"image":{"@id":"https:\/\/testwebsite.citygame.com\/sv\/games\/tallinn\/secrets-of-tallinn\/#primaryimage"},"thumbnailUrl":"https:\/\/testwebsite.citygame.com\/wp-content\/blogs.dir\/1\/files\/sites\/62\/2026\/01\/tallinn-old-town-cobblestone-street-city-game.jpg","datePublished":"2026-01-13T11:49:44+00:00","dateModified":"2026-04-09T10:44:57+00:00","description":"Secrets of Tallinn. Spela ett sj\u00e4lvguidad City Game och utforska staden genom pussel, g\u00e5tor och utmaningar. Spela i din egen takt och uppt\u00e4ck som en lokalbo!","breadcrumb":{"@id":"https:\/\/testwebsite.citygame.com\/sv\/games\/tallinn\/secrets-of-tallinn\/#breadcrumb"},"inLanguage":"sv-SE","potentialAction":[{"@type":"ReadAction","target":["https:\/\/testwebsite.citygame.com\/sv\/games\/tallinn\/secrets-of-tallinn\/"]}]},{"@type":"ImageObject","inLanguage":"sv-SE","@id":"https:\/\/testwebsite.citygame.com\/sv\/games\/tallinn\/secrets-of-tallinn\/#primaryimage","url":"https:\/\/testwebsite.citygame.com\/wp-content\/blogs.dir\/1\/files\/sites\/62\/2026\/01\/tallinn-old-town-cobblestone-street-city-game.jpg","contentUrl":"https:\/\/testwebsite.citygame.com\/wp-content\/blogs.dir\/1\/files\/sites\/62\/2026\/01\/tallinn-old-town-cobblestone-street-city-game.jpg","width":1184,"height":864,"caption":"A visitor uses a smartphone to navigate a historic cobblestone street in Tallinn, Estonia."},{"@type":"BreadcrumbList","@id":"https:\/\/testwebsite.citygame.com\/sv\/games\/tallinn\/secrets-of-tallinn\/#breadcrumb","itemListElement":[{"@type":"ListItem","position":1,"name":"Home","item":"https:\/\/testwebsite.citygame.com\/sv\/"},{"@type":"ListItem","position":2,"name":"Shop","item":"https:\/\/testwebsite.citygame.com\/shop\/"},{"@type":"ListItem","position":3,"name":"Secrets of Tallinn"}]},{"@type":"WebSite","@id":"https:\/\/testwebsite.upevents.nl\/#website","url":"https:\/\/testwebsite.upevents.nl\/","name":"City Game","description":"","publisher":{"@id":"https:\/\/testwebsite.upevents.nl\/#organization"},"alternateName":"citygame.com","potentialAction":[{"@type":"SearchAction","target":{"@type":"EntryPoint","urlTemplate":"https:\/\/testwebsite.upevents.nl\/?s={search_term_string}"},"query-input":{"@type":"PropertyValueSpecification","valueRequired":true,"valueName":"search_term_string"}}],"inLanguage":"sv-SE"},{"@type":["Organization","Place"],"@id":"https:\/\/testwebsite.upevents.nl\/#organization","name":"City Game","alternateName":"citygame.com","url":"https:\/\/testwebsite.upevents.nl\/","logo":{"@id":"https:\/\/testwebsite.citygame.com\/sv\/games\/tallinn\/secrets-of-tallinn\/#local-main-organization-logo"},"image":{"@id":"https:\/\/testwebsite.citygame.com\/sv\/games\/tallinn\/secrets-of-tallinn\/#local-main-organization-logo"},"sameAs":["https:\/\/www.facebook.com\/profile.php?id=100086426226253","https:\/\/www.instagram.com\/citygame_com","https:\/\/www.tiktok.com\/@citygamecom\/","https:\/\/www.linkedin.com\/company\/citygame-com"],"description":"Turn any city into a playground with our interactive City Games and self-guided tours. Fun, flexible, and ideal for groups and team building.","telephone":[],"openingHoursSpecification":[{"@type":"OpeningHoursSpecification","dayOfWeek":["Monday","Tuesday","Wednesday","Thursday","Friday","Saturday","Sunday"],"opens":"09:00","closes":"17:00"}]},{"@type":"ImageObject","inLanguage":"sv-SE","@id":"https:\/\/testwebsite.citygame.com\/sv\/games\/tallinn\/secrets-of-tallinn\/#local-main-organization-logo","url":"https:\/\/testwebsite.citygame.com\/wp-content\/blogs.dir\/1\/files\/sites\/62\/2025\/10\/CG_LOGO-City-Game.png","contentUrl":"https:\/\/testwebsite.citygame.com\/wp-content\/blogs.dir\/1\/files\/sites\/62\/2025\/10\/CG_LOGO-City-Game.png","width":351,"height":377,"caption":"City Game"}]}},"taxonomy_info":{"game-concept":[{"value":730,"label":"Secrets"}],"location":[{"value":386,"label":"Tallinn"}],"product_cat":[{"value":27,"label":"Geen categorie"}]},"featured_image_src_large":["https:\/\/testwebsite.citygame.com\/wp-content\/blogs.dir\/1\/files\/sites\/62\/2026\/01\/tallinn-old-town-cobblestone-street-city-game-1024x747.jpg",1024,747,true],"author_info":[],"comment_info":"","_links":{"self":[{"href":"https:\/\/testwebsite.citygame.com\/sv\/wp-json\/wp\/v2\/product\/68138","targetHints":{"allow":["GET"]}}],"collection":[{"href":"https:\/\/testwebsite.citygame.com\/sv\/wp-json\/wp\/v2\/product"}],"about":[{"href":"https:\/\/testwebsite.citygame.com\/sv\/wp-json\/wp\/v2\/types\/product"}],"acf:post":[{"embeddable":true,"href":"https:\/\/testwebsite.citygame.com\/sv\/wp-json\/wp\/v2\/pages\/6421"}],"wp:featuredmedia":[{"embeddable":true,"href":"https:\/\/testwebsite.citygame.com\/sv\/wp-json\/wp\/v2\/media\/3684"}],"wp:attachment":[{"href":"https:\/\/testwebsite.citygame.com\/sv\/wp-json\/wp\/v2\/media?parent=68138"}],"wp:term":[{"taxonomy":"game-concept","embeddable":true,"href":"https:\/\/testwebsite.citygame.com\/sv\/wp-json\/wp\/v2\/game-concept?post=68138"},{"taxonomy":"location","embeddable":true,"href":"https:\/\/testwebsite.citygame.com\/sv\/wp-json\/wp\/v2\/location?post=68138"},{"taxonomy":"product_brand","embeddable":true,"href":"https:\/\/testwebsite.citygame.com\/sv\/wp-json\/wp\/v2\/product_brand?post=68138"},{"taxonomy":"product_cat","embeddable":true,"href":"https:\/\/testwebsite.citygame.com\/sv\/wp-json\/wp\/v2\/product_cat?post=68138"},{"taxonomy":"product_tag","embeddable":true,"href":"https:\/\/testwebsite.citygame.com\/sv\/wp-json\/wp\/v2\/product_tag?post=68138"}],"curies":[{"name":"wp","href":"https:\/\/api.w.org\/{rel}","templated":true}]}}