{"id":67849,"date":"2026-02-12T14:12:18","date_gmt":"2026-02-12T14:12:18","guid":{"rendered":"https:\/\/testwebsite.citygame.com\/games\/unknown-location\/sherlock-holmes-duisburg\/"},"modified":"2026-04-09T09:54:39","modified_gmt":"2026-04-09T09:54:39","slug":"sherlock-holmes-duisburg","status":"publish","type":"product","link":"https:\/\/testwebsite.citygame.com\/sv\/games\/duisburg\/sherlock-holmes-duisburg\/","title":{"rendered":"Sherlock Holmes Duisburg"},"content":{"rendered":"<p>Kliv in i Sherlock Holmes v\u00e4rld med ett sj\u00e4lvguidad, ber\u00e4ttelsedrivet mordmysterium City Game som utspelar sig i Duisburgs centrum. N\u00e4r ett chockerande brott st\u00f6r Liberty Festival, tar du dig an rollen som detektiv som navigerar genom staden f\u00f6r att avsl\u00f6ja sanningen. F\u00f6lj en ber\u00e4ttelse som utvecklas, samla ledtr\u00e5dar, l\u00f6s intrikata pussel och f\u00f6rh\u00f6r digitala misst\u00e4nkta i din egen takt, allt inom en uppslukande utredning som v\u00e4cker mysteriet till liv.<\/p>\n","protected":false},"excerpt":{"rendered":"<p>Kliv in i den ikoniske detektiven Sherlock Holmes skor i ett sp\u00e4nnande, sj\u00e4lvguidad mordmysterium som utspelar sig i Duisburg. I samarbete med ditt team kommer ni att jaga ledtr\u00e5dar, l\u00f6sa g\u00e5tor och skala av lager av bedr\u00e4geri, medan ni modigt tar er an uppgiften att skipa r\u00e4ttvisa!<\/p>\n","protected":false},"featured_media":13004,"template":"","meta":{"_acf_changed":false,"_yoast_wpseo_focuskw":"Sherlock Holmes Duisburg","_yoast_wpseo_metadesc":"Sherlock Holmes Duisburg. Spela ett sj\u00e4lvguidad mordmysterium City Game, l\u00f6s pussel, f\u00f6lj ledtr\u00e5dar och avsl\u00f6ja m\u00f6rdaren i din egen takt!","_kad_blocks_custom_css":"","_kad_blocks_head_custom_js":"","_kad_blocks_body_custom_js":"","_kad_blocks_footer_custom_js":"","ghostkit_customizer_options":"","ghostkit_custom_css":"","ghostkit_custom_js_head":"","ghostkit_custom_js_foot":"","ghostkit_typography":"","_kad_post_transparent":"","_kad_post_title":"","_kad_post_layout":"","_kad_post_sidebar_id":"","_kad_post_content_style":"","_kad_post_vertical_padding":"","_kad_post_feature":"","_kad_post_feature_position":"","_kad_post_header":false,"_kad_post_footer":false,"_kad_post_classname":"","_links_to":"","_links_to_target":""},"game-concept":[791],"location":[149],"product_brand":[],"product_cat":[27],"product_tag":[],"class_list":{"0":"post-67849","1":"product","2":"type-product","3":"status-publish","4":"has-post-thumbnail","6":"game-concept-sherlock","7":"location-duisburg","8":"product_cat-geen-categorie","10":"first","11":"instock","12":"shipping-taxable","13":"purchasable","14":"product-type-simple","15":"entry","16":"content-bg","17":"loop-entry"},"acf":{"full_bokun_product_name":"Duisburg Self-Guided Sherlock Holmes Murder Mystery Game","location_name":"Duisburg","bokun_calendar_widget_code":"<script type=\"text\/javascript\" src=\"https:\/\/widgets.bokun.io\/assets\/javascripts\/apps\/build\/BokunWidgetsLoader.js?bookingChannelUUID=a1e93e96-5232-4734-a595-28405f4b5a31\" async><\/script>\n     \n    <div class=\"bokunWidget\" data-src=\"https:\/\/widgets.bokun.io\/online-sales\/a1e93e96-5232-4734-a595-28405f4b5a31\/experience-calendar\/798696\"><\/div>\n    <noscript>Please enable javascript in your browser to book<\/noscript>","bokun_button_widget_code":"<script type=\"text\/javascript\" src=\"https:\/\/widgets.bokun.io\/assets\/javascripts\/apps\/build\/BokunWidgetsLoader.js?bookingChannelUUID=a1e93e96-5232-4734-a595-28405f4b5a31\" async><\/script>\n      <style> #bokun_ed001e45_5927_4f62_b470_ca766338d083 { display: inline-block; padding: .4em 1em; background: #47b82e; border-radius: 999999px; box-shadow: none; font-weight: 600; font-size: 24px; text-decoration: none; text-align: center; color: #FFFFFF; border:none; cursor: pointer; transition: background .2s ease; } #bokun_ed001e45_5927_4f62_b470_ca766338d083:hover{ background: #2f7b1f; } #bokun_ed001e45_5927_4f62_b470_ca766338d083:active{ background: #378f24; } <\/style> <button class=\"bokunButton\" disabled id=bokun_ed001e45_5927_4f62_b470_ca766338d083 data-src=\"https:\/\/widgets.bokun.io\/online-sales\/a1e93e96-5232-4734-a595-28405f4b5a31\/experience-calendar\/798696?partialView=1\" data-testid=\"widget-book-button\" > Book now <\/button> ","what_you\u2019ll_experience_during_the_game":"Du kliver in i en f\u00e4ngslande detektivhistoria som utspelar sig i Duisburg. Med varje steg genom staden vecklar handlingen ut sig runt dig. Ett chockerande mord under Liberty Festival s\u00e4tter scenen, och det \u00e4r upp till dig att nysta upp vad som verkligen h\u00e4nde. Du kommer att f\u00f6rh\u00f6ra digitala misst\u00e4nkta, dissekera deras alibin och uppt\u00e4cka mots\u00e4gelser som kan kn\u00e4cka fallet. Varje ledtr\u00e5d du hittar och varje pussel du l\u00f6ser f\u00f6r dig djupare in i mysteriet, med v\u00e4ndningar som f\u00e5r dig att t\u00e4nka som en sann detektiv.\n\nDenna helt ber\u00e4ttelsedrivna upplevelse utmanar din observationsf\u00f6rm\u00e5ga, kritiska t\u00e4nkande och deduktionsf\u00f6rm\u00e5ga. Oavsett om du analyserar ett dolt meddelande eller kopplar samman misst\u00e4nkta tidslinjer, styr dina val utredningen. Du styr tempot, med friheten att pausa och forts\u00e4tta utredningen n\u00e4r du vill. Om ni arbetar som ett team kan mysteriet ta en konkurrenspr\u00e4glad v\u00e4ndning, vilket l\u00e4gger till ytterligare ett lager av sp\u00e4nning. I Duisburg \u00e4r fallet ditt att l\u00f6sa.","how_to_play":"Arbeta ensam eller med v\u00e4nner, familj eller kollegor i team om upp till fyra per enhet. Efter bokning f\u00e5r du ett instruktionsmail med allt du beh\u00f6ver.","start_location":"Duisburg, Rathaus ","available_languages":["en","es","fr","de","it","nl"],"players_per_group":"1-4","duration":"1.5-2 hours","image_overlay_color_image":"https:\/\/testwebsite.citygame.com\/wp-content\/blogs.dir\/1\/files\/sites\/62\/2026\/01\/SherlockColor.svg","image_overlay_game_logo":"https:\/\/testwebsite.citygame.com\/wp-content\/blogs.dir\/1\/files\/sites\/62\/2026\/01\/SherlockLogo.png","city_page":4903,"woocommerce_general_content":null},"yoast_head":"<!-- This site is optimized with the Yoast SEO Premium plugin v26.2 (Yoast SEO v26.3) - https:\/\/yoast.com\/wordpress\/plugins\/seo\/ -->\n<title>Sherlock Holmes Duisburg - City Game<\/title>\n<meta name=\"description\" content=\"Sherlock Holmes Duisburg. Spela ett sj\u00e4lvguidad mordmysterium City Game, l\u00f6s pussel, f\u00f6lj ledtr\u00e5dar och avsl\u00f6ja m\u00f6rdaren i din egen takt!\" \/>\n<meta name=\"robots\" content=\"noindex, follow, max-snippet:-1, max-image-preview:large, max-video-preview:-1\" \/>\n<meta property=\"og:locale\" content=\"sv_SE\" \/>\n<meta property=\"og:type\" content=\"article\" \/>\n<meta property=\"og:title\" content=\"Sherlock Holmes Duisburg\" \/>\n<meta property=\"og:description\" content=\"Sherlock Holmes Duisburg. Spela ett sj\u00e4lvguidad mordmysterium City Game, l\u00f6s pussel, f\u00f6lj ledtr\u00e5dar och avsl\u00f6ja m\u00f6rdaren i din egen takt!\" \/>\n<meta property=\"og:url\" content=\"https:\/\/testwebsite.citygame.com\/sv\/games\/duisburg\/sherlock-holmes-duisburg\/\" \/>\n<meta property=\"og:site_name\" content=\"City Game\" \/>\n<meta property=\"article:publisher\" content=\"https:\/\/www.facebook.com\/profile.php?id=100086426226253\" \/>\n<meta property=\"article:modified_time\" content=\"2026-04-09T09:54:39+00:00\" \/>\n<meta property=\"og:image\" content=\"https:\/\/testwebsite.citygame.com\/wp-content\/blogs.dir\/1\/files\/sites\/62\/2026\/02\/duisburg-group-of-friends-playing-city-game-on-street.jpg\" \/>\n\t<meta property=\"og:image:width\" content=\"1024\" \/>\n\t<meta property=\"og:image:height\" content=\"1024\" \/>\n\t<meta property=\"og:image:type\" content=\"image\/jpeg\" \/>\n<meta name=\"twitter:card\" content=\"summary_large_image\" \/>\n<script type=\"application\/ld+json\" class=\"yoast-schema-graph\">{\"@context\":\"https:\/\/schema.org\",\"@graph\":[{\"@type\":\"WebPage\",\"@id\":\"https:\/\/testwebsite.citygame.com\/sv\/games\/duisburg\/sherlock-holmes-duisburg\/\",\"url\":\"https:\/\/testwebsite.citygame.com\/sv\/games\/duisburg\/sherlock-holmes-duisburg\/\",\"name\":\"Sherlock Holmes Duisburg - City Game\",\"isPartOf\":{\"@id\":\"https:\/\/testwebsite.upevents.nl\/#website\"},\"primaryImageOfPage\":{\"@id\":\"https:\/\/testwebsite.citygame.com\/sv\/games\/duisburg\/sherlock-holmes-duisburg\/#primaryimage\"},\"image\":{\"@id\":\"https:\/\/testwebsite.citygame.com\/sv\/games\/duisburg\/sherlock-holmes-duisburg\/#primaryimage\"},\"thumbnailUrl\":\"https:\/\/testwebsite.citygame.com\/wp-content\/blogs.dir\/1\/files\/sites\/62\/2026\/02\/duisburg-group-of-friends-playing-city-game-on-street.jpg\",\"datePublished\":\"2026-02-12T14:12:18+00:00\",\"dateModified\":\"2026-04-09T09:54:39+00:00\",\"description\":\"Sherlock Holmes Duisburg. Spela ett sj\u00e4lvguidad mordmysterium City Game, l\u00f6s pussel, f\u00f6lj ledtr\u00e5dar och avsl\u00f6ja m\u00f6rdaren i din egen takt!\",\"breadcrumb\":{\"@id\":\"https:\/\/testwebsite.citygame.com\/sv\/games\/duisburg\/sherlock-holmes-duisburg\/#breadcrumb\"},\"inLanguage\":\"sv-SE\",\"potentialAction\":[{\"@type\":\"ReadAction\",\"target\":[\"https:\/\/testwebsite.citygame.com\/sv\/games\/duisburg\/sherlock-holmes-duisburg\/\"]}]},{\"@type\":\"ImageObject\",\"inLanguage\":\"sv-SE\",\"@id\":\"https:\/\/testwebsite.citygame.com\/sv\/games\/duisburg\/sherlock-holmes-duisburg\/#primaryimage\",\"url\":\"https:\/\/testwebsite.citygame.com\/wp-content\/blogs.dir\/1\/files\/sites\/62\/2026\/02\/duisburg-group-of-friends-playing-city-game-on-street.jpg\",\"contentUrl\":\"https:\/\/testwebsite.citygame.com\/wp-content\/blogs.dir\/1\/files\/sites\/62\/2026\/02\/duisburg-group-of-friends-playing-city-game-on-street.jpg\",\"width\":1024,\"height\":1024,\"caption\":\"Four friends exploring the city streets of Duisburg while looking at a smartphone for directions or clues.\"},{\"@type\":\"BreadcrumbList\",\"@id\":\"https:\/\/testwebsite.citygame.com\/sv\/games\/duisburg\/sherlock-holmes-duisburg\/#breadcrumb\",\"itemListElement\":[{\"@type\":\"ListItem\",\"position\":1,\"name\":\"Home\",\"item\":\"https:\/\/testwebsite.citygame.com\/sv\/\"},{\"@type\":\"ListItem\",\"position\":2,\"name\":\"Shop\",\"item\":\"https:\/\/testwebsite.citygame.com\/shop\/\"},{\"@type\":\"ListItem\",\"position\":3,\"name\":\"Sherlock Holmes Duisburg\"}]},{\"@type\":\"WebSite\",\"@id\":\"https:\/\/testwebsite.upevents.nl\/#website\",\"url\":\"https:\/\/testwebsite.upevents.nl\/\",\"name\":\"City Game\",\"description\":\"\",\"publisher\":{\"@id\":\"https:\/\/testwebsite.upevents.nl\/#organization\"},\"alternateName\":\"citygame.com\",\"potentialAction\":[{\"@type\":\"SearchAction\",\"target\":{\"@type\":\"EntryPoint\",\"urlTemplate\":\"https:\/\/testwebsite.upevents.nl\/?s={search_term_string}\"},\"query-input\":{\"@type\":\"PropertyValueSpecification\",\"valueRequired\":true,\"valueName\":\"search_term_string\"}}],\"inLanguage\":\"sv-SE\"},{\"@type\":[\"Organization\",\"Place\"],\"@id\":\"https:\/\/testwebsite.upevents.nl\/#organization\",\"name\":\"City Game\",\"alternateName\":\"citygame.com\",\"url\":\"https:\/\/testwebsite.upevents.nl\/\",\"logo\":{\"@id\":\"https:\/\/testwebsite.citygame.com\/sv\/games\/duisburg\/sherlock-holmes-duisburg\/#local-main-organization-logo\"},\"image\":{\"@id\":\"https:\/\/testwebsite.citygame.com\/sv\/games\/duisburg\/sherlock-holmes-duisburg\/#local-main-organization-logo\"},\"sameAs\":[\"https:\/\/www.facebook.com\/profile.php?id=100086426226253\",\"https:\/\/www.instagram.com\/citygame_com\",\"https:\/\/www.tiktok.com\/@citygamecom\/\",\"https:\/\/www.linkedin.com\/company\/citygame-com\"],\"description\":\"Turn any city into a playground with our interactive City Games and self-guided tours. Fun, flexible, and ideal for groups and team building.\",\"telephone\":[],\"openingHoursSpecification\":[{\"@type\":\"OpeningHoursSpecification\",\"dayOfWeek\":[\"Monday\",\"Tuesday\",\"Wednesday\",\"Thursday\",\"Friday\",\"Saturday\",\"Sunday\"],\"opens\":\"09:00\",\"closes\":\"17:00\"}]},{\"@type\":\"ImageObject\",\"inLanguage\":\"sv-SE\",\"@id\":\"https:\/\/testwebsite.citygame.com\/sv\/games\/duisburg\/sherlock-holmes-duisburg\/#local-main-organization-logo\",\"url\":\"https:\/\/testwebsite.citygame.com\/wp-content\/blogs.dir\/1\/files\/sites\/62\/2025\/10\/CG_LOGO-City-Game.png\",\"contentUrl\":\"https:\/\/testwebsite.citygame.com\/wp-content\/blogs.dir\/1\/files\/sites\/62\/2025\/10\/CG_LOGO-City-Game.png\",\"width\":351,\"height\":377,\"caption\":\"City Game\"}]}<\/script>\n<!-- \/ Yoast SEO Premium plugin. -->","yoast_head_json":{"title":"Sherlock Holmes Duisburg - City Game","description":"Sherlock Holmes Duisburg. Spela ett sj\u00e4lvguidad mordmysterium City Game, l\u00f6s pussel, f\u00f6lj ledtr\u00e5dar och avsl\u00f6ja m\u00f6rdaren i din egen takt!","robots":{"index":"noindex","follow":"follow","max-snippet":"max-snippet:-1","max-image-preview":"max-image-preview:large","max-video-preview":"max-video-preview:-1"},"og_locale":"sv_SE","og_type":"article","og_title":"Sherlock Holmes Duisburg","og_description":"Sherlock Holmes Duisburg. Spela ett sj\u00e4lvguidad mordmysterium City Game, l\u00f6s pussel, f\u00f6lj ledtr\u00e5dar och avsl\u00f6ja m\u00f6rdaren i din egen takt!","og_url":"https:\/\/testwebsite.citygame.com\/sv\/games\/duisburg\/sherlock-holmes-duisburg\/","og_site_name":"City Game","article_publisher":"https:\/\/www.facebook.com\/profile.php?id=100086426226253","article_modified_time":"2026-04-09T09:54:39+00:00","og_image":[{"width":1024,"height":1024,"url":"https:\/\/testwebsite.citygame.com\/wp-content\/blogs.dir\/1\/files\/sites\/62\/2026\/02\/duisburg-group-of-friends-playing-city-game-on-street.jpg","type":"image\/jpeg"}],"twitter_card":"summary_large_image","schema":{"@context":"https:\/\/schema.org","@graph":[{"@type":"WebPage","@id":"https:\/\/testwebsite.citygame.com\/sv\/games\/duisburg\/sherlock-holmes-duisburg\/","url":"https:\/\/testwebsite.citygame.com\/sv\/games\/duisburg\/sherlock-holmes-duisburg\/","name":"Sherlock Holmes Duisburg - City Game","isPartOf":{"@id":"https:\/\/testwebsite.upevents.nl\/#website"},"primaryImageOfPage":{"@id":"https:\/\/testwebsite.citygame.com\/sv\/games\/duisburg\/sherlock-holmes-duisburg\/#primaryimage"},"image":{"@id":"https:\/\/testwebsite.citygame.com\/sv\/games\/duisburg\/sherlock-holmes-duisburg\/#primaryimage"},"thumbnailUrl":"https:\/\/testwebsite.citygame.com\/wp-content\/blogs.dir\/1\/files\/sites\/62\/2026\/02\/duisburg-group-of-friends-playing-city-game-on-street.jpg","datePublished":"2026-02-12T14:12:18+00:00","dateModified":"2026-04-09T09:54:39+00:00","description":"Sherlock Holmes Duisburg. Spela ett sj\u00e4lvguidad mordmysterium City Game, l\u00f6s pussel, f\u00f6lj ledtr\u00e5dar och avsl\u00f6ja m\u00f6rdaren i din egen takt!","breadcrumb":{"@id":"https:\/\/testwebsite.citygame.com\/sv\/games\/duisburg\/sherlock-holmes-duisburg\/#breadcrumb"},"inLanguage":"sv-SE","potentialAction":[{"@type":"ReadAction","target":["https:\/\/testwebsite.citygame.com\/sv\/games\/duisburg\/sherlock-holmes-duisburg\/"]}]},{"@type":"ImageObject","inLanguage":"sv-SE","@id":"https:\/\/testwebsite.citygame.com\/sv\/games\/duisburg\/sherlock-holmes-duisburg\/#primaryimage","url":"https:\/\/testwebsite.citygame.com\/wp-content\/blogs.dir\/1\/files\/sites\/62\/2026\/02\/duisburg-group-of-friends-playing-city-game-on-street.jpg","contentUrl":"https:\/\/testwebsite.citygame.com\/wp-content\/blogs.dir\/1\/files\/sites\/62\/2026\/02\/duisburg-group-of-friends-playing-city-game-on-street.jpg","width":1024,"height":1024,"caption":"Four friends exploring the city streets of Duisburg while looking at a smartphone for directions or clues."},{"@type":"BreadcrumbList","@id":"https:\/\/testwebsite.citygame.com\/sv\/games\/duisburg\/sherlock-holmes-duisburg\/#breadcrumb","itemListElement":[{"@type":"ListItem","position":1,"name":"Home","item":"https:\/\/testwebsite.citygame.com\/sv\/"},{"@type":"ListItem","position":2,"name":"Shop","item":"https:\/\/testwebsite.citygame.com\/shop\/"},{"@type":"ListItem","position":3,"name":"Sherlock Holmes Duisburg"}]},{"@type":"WebSite","@id":"https:\/\/testwebsite.upevents.nl\/#website","url":"https:\/\/testwebsite.upevents.nl\/","name":"City Game","description":"","publisher":{"@id":"https:\/\/testwebsite.upevents.nl\/#organization"},"alternateName":"citygame.com","potentialAction":[{"@type":"SearchAction","target":{"@type":"EntryPoint","urlTemplate":"https:\/\/testwebsite.upevents.nl\/?s={search_term_string}"},"query-input":{"@type":"PropertyValueSpecification","valueRequired":true,"valueName":"search_term_string"}}],"inLanguage":"sv-SE"},{"@type":["Organization","Place"],"@id":"https:\/\/testwebsite.upevents.nl\/#organization","name":"City Game","alternateName":"citygame.com","url":"https:\/\/testwebsite.upevents.nl\/","logo":{"@id":"https:\/\/testwebsite.citygame.com\/sv\/games\/duisburg\/sherlock-holmes-duisburg\/#local-main-organization-logo"},"image":{"@id":"https:\/\/testwebsite.citygame.com\/sv\/games\/duisburg\/sherlock-holmes-duisburg\/#local-main-organization-logo"},"sameAs":["https:\/\/www.facebook.com\/profile.php?id=100086426226253","https:\/\/www.instagram.com\/citygame_com","https:\/\/www.tiktok.com\/@citygamecom\/","https:\/\/www.linkedin.com\/company\/citygame-com"],"description":"Turn any city into a playground with our interactive City Games and self-guided tours. Fun, flexible, and ideal for groups and team building.","telephone":[],"openingHoursSpecification":[{"@type":"OpeningHoursSpecification","dayOfWeek":["Monday","Tuesday","Wednesday","Thursday","Friday","Saturday","Sunday"],"opens":"09:00","closes":"17:00"}]},{"@type":"ImageObject","inLanguage":"sv-SE","@id":"https:\/\/testwebsite.citygame.com\/sv\/games\/duisburg\/sherlock-holmes-duisburg\/#local-main-organization-logo","url":"https:\/\/testwebsite.citygame.com\/wp-content\/blogs.dir\/1\/files\/sites\/62\/2025\/10\/CG_LOGO-City-Game.png","contentUrl":"https:\/\/testwebsite.citygame.com\/wp-content\/blogs.dir\/1\/files\/sites\/62\/2025\/10\/CG_LOGO-City-Game.png","width":351,"height":377,"caption":"City Game"}]}},"taxonomy_info":{"game-concept":[{"value":791,"label":"Sherlock"}],"location":[{"value":149,"label":"Duisburg"}],"product_cat":[{"value":27,"label":"Geen categorie"}]},"featured_image_src_large":["https:\/\/testwebsite.citygame.com\/wp-content\/blogs.dir\/1\/files\/sites\/62\/2026\/02\/duisburg-group-of-friends-playing-city-game-on-street.jpg",1024,1024,false],"author_info":[],"comment_info":"","_links":{"self":[{"href":"https:\/\/testwebsite.citygame.com\/sv\/wp-json\/wp\/v2\/product\/67849","targetHints":{"allow":["GET"]}}],"collection":[{"href":"https:\/\/testwebsite.citygame.com\/sv\/wp-json\/wp\/v2\/product"}],"about":[{"href":"https:\/\/testwebsite.citygame.com\/sv\/wp-json\/wp\/v2\/types\/product"}],"acf:post":[{"embeddable":true,"href":"https:\/\/testwebsite.citygame.com\/sv\/wp-json\/wp\/v2\/pages\/4903"}],"wp:featuredmedia":[{"embeddable":true,"href":"https:\/\/testwebsite.citygame.com\/sv\/wp-json\/wp\/v2\/media\/13004"}],"wp:attachment":[{"href":"https:\/\/testwebsite.citygame.com\/sv\/wp-json\/wp\/v2\/media?parent=67849"}],"wp:term":[{"taxonomy":"game-concept","embeddable":true,"href":"https:\/\/testwebsite.citygame.com\/sv\/wp-json\/wp\/v2\/game-concept?post=67849"},{"taxonomy":"location","embeddable":true,"href":"https:\/\/testwebsite.citygame.com\/sv\/wp-json\/wp\/v2\/location?post=67849"},{"taxonomy":"product_brand","embeddable":true,"href":"https:\/\/testwebsite.citygame.com\/sv\/wp-json\/wp\/v2\/product_brand?post=67849"},{"taxonomy":"product_cat","embeddable":true,"href":"https:\/\/testwebsite.citygame.com\/sv\/wp-json\/wp\/v2\/product_cat?post=67849"},{"taxonomy":"product_tag","embeddable":true,"href":"https:\/\/testwebsite.citygame.com\/sv\/wp-json\/wp\/v2\/product_tag?post=67849"}],"curies":[{"name":"wp","href":"https:\/\/api.w.org\/{rel}","templated":true}]}}