{"id":67268,"date":"2026-01-15T12:54:35","date_gmt":"2026-01-15T12:54:35","guid":{"rendered":"https:\/\/testwebsite.citygame.com\/games\/unknown-location\/secrets-of-antwerp\/"},"modified":"2026-04-09T08:40:42","modified_gmt":"2026-04-09T08:40:42","slug":"secrets-of-antwerp","status":"publish","type":"product","link":"https:\/\/testwebsite.citygame.com\/sv\/games\/antwerp\/secrets-of-antwerp\/","title":{"rendered":"Secrets of Antwerp"},"content":{"rendered":"<p>The Secrets of Antwerp City Game \u00e4r ett sj\u00e4lvguidad, GPS-baserat spel som utspelar sig i Antwerpens historiska centrum. Med din smartphone navigerar du genom staden medan du l\u00f6ser pussel, g\u00e5tor och fotoutmaningar som avsl\u00f6jar dolda detaljer och \u00f6verraskande ber\u00e4ttelser. Detta utforskningsspel erbjuder ett roligt och engagerande s\u00e4tt att uppt\u00e4cka Antwerpens historia och kultur i din egen takt. Oavsett om du&#8217;\u00e4r en bes\u00f6kare eller en lokalbo, passar det sj\u00e4lvguidade stadsspelet f\u00f6r ensamma \u00e4ventyrare, par, familjer och grupper av v\u00e4nner. City Game Antwerp kombinerar uppt\u00e4cktsf\u00e4rd med interaktivitet, vilket g\u00f6r det till ett idealiskt s\u00e4tt att uppleva staden i ett nytt ljus.<\/p>\n","protected":false},"excerpt":{"rendered":"<p>Avsl\u00f6ja Antwerps legender! Utforska livliga gator och dolda h\u00f6rn n\u00e4r du f\u00f6ljer med Silvius Brabo f\u00f6r att sp\u00e5ra en formskiftande j\u00e4tte och \u00e5terst\u00e4lla stadens gl\u00f6mda sj\u00e4l.<\/p>\n","protected":false},"featured_media":4072,"template":"","meta":{"_acf_changed":false,"_yoast_wpseo_focuskw":"Secrets of Antwerp","_yoast_wpseo_metadesc":"Secrets of Antwerp. Spela ett sj\u00e4lvguidad City Game och utforska staden genom pussel, g\u00e5tor och utmaningar. Spela i din egen takt och uppt\u00e4ck som en lokalbo!","_kad_blocks_custom_css":"","_kad_blocks_head_custom_js":"","_kad_blocks_body_custom_js":"","_kad_blocks_footer_custom_js":"","ghostkit_customizer_options":"","ghostkit_custom_css":"","ghostkit_custom_js_head":"","ghostkit_custom_js_foot":"","ghostkit_typography":"","_kad_post_transparent":"","_kad_post_title":"","_kad_post_layout":"","_kad_post_sidebar_id":"","_kad_post_content_style":"","_kad_post_vertical_padding":"","_kad_post_feature":"","_kad_post_feature_position":"","_kad_post_header":false,"_kad_post_footer":false,"_kad_post_classname":"","_links_to":"","_links_to_target":""},"game-concept":[730],"location":[70],"product_brand":[],"product_cat":[27],"product_tag":[],"class_list":{"0":"post-67268","1":"product","2":"type-product","3":"status-publish","4":"has-post-thumbnail","6":"game-concept-secrets","7":"location-antwerp","8":"product_cat-geen-categorie","10":"first","11":"instock","12":"shipping-taxable","13":"purchasable","14":"product-type-simple","15":"entry","16":"content-bg","17":"loop-entry"},"acf":{"full_bokun_product_name":"Self-Guided Secrets of Antwerp Exploration Game","location_name":"Antwerp","bokun_calendar_widget_code":"<script type=\"text\/javascript\" src=\"https:\/\/widgets.bokun.io\/assets\/javascripts\/apps\/build\/BokunWidgetsLoader.js?bookingChannelUUID=a1e93e96-5232-4734-a595-28405f4b5a31\" async><\/script>\n     \n    <div class=\"bokunWidget\" data-src=\"https:\/\/widgets.bokun.io\/online-sales\/a1e93e96-5232-4734-a595-28405f4b5a31\/experience-calendar\/864857\"><\/div>\n    <noscript>Please enable javascript in your browser to book<\/noscript>","bokun_button_widget_code":"<script type=\"text\/javascript\" src=\"https:\/\/widgets.bokun.io\/assets\/javascripts\/apps\/build\/BokunWidgetsLoader.js?bookingChannelUUID=a1e93e96-5232-4734-a595-28405f4b5a31\" async><\/script>\n      <style> #bokun_ed001e45_5927_4f62_b470_ca766338d083 { display: inline-block; padding: .4em 1em; background: #47b82e; border-radius: 999999px; box-shadow: none; font-weight: 600; font-size: 24px; text-decoration: none; text-align: center; color: #FFFFFF; border:none; cursor: pointer; transition: background .2s ease; } #bokun_ed001e45_5927_4f62_b470_ca766338d083:hover{ background: #2f7b1f; } #bokun_ed001e45_5927_4f62_b470_ca766338d083:active{ background: #378f24; } <\/style> <button class=\"bokunButton\" disabled id=bokun_ed001e45_5927_4f62_b470_ca766338d083 data-src=\"https:\/\/widgets.bokun.io\/online-sales\/a1e93e96-5232-4734-a595-28405f4b5a31\/experience-calendar\/864857?partialView=1\" data-testid=\"widget-book-button\" > Book now <\/button> ","what_you\u2019ll_experience_during_the_game":"Under The Secrets of Antwerp City Game utforskar du staden genom en interaktiv ber\u00e4ttelse som blandar lokal historia, mysterier och urban uppt\u00e4cktsf\u00e4rd. N\u00e4r du f\u00f6ljer sp\u00e5ret leder spelet dig till v\u00e4lk\u00e4nda landm\u00e4rken som den gotiska katedralen V\u00e5rfrukyrkan och det historiska Antwerpens stadshus, samtidigt som det guidar dig till mer kuri\u00f6sa platser som Plantin Moretus Museum och Huset med den sista synliga tr\u00e4fasaden. L\u00e4ngs v\u00e4gen f\u00f6rflyttar du dig mellan f\u00e4stningar vid floden som Het Steen och livliga torg inramade av utsmyckade gilleshus. Detta spel erbjuder ett annorlunda perspektiv p\u00e5 Antwerpen genom att blanda ikoniska platser med dolda h\u00f6rn som \u00e4r l\u00e4tta att missa vid ett typiskt bes\u00f6k.\n\nMedan du spelar l\u00f6ser du en blandning av g\u00e5tor, platsbaserade pussel och fotoutmaningar som \u00e4r utformade f\u00f6r att f\u00f6rdjupa din koppling till varje plats. Varje korrekt svar ger dig po\u00e4ng, l\u00e5ser upp anv\u00e4ndbara tips och f\u00f6r dig n\u00e4rmare att nysta upp ett slutgiltigt mysterium som binder samman dina uppt\u00e4ckter. Spelet kan pausas och \u00e5terupptas n\u00e4r som helst, vilket g\u00f6r det enkelt att utforska Antwerpen i din egen takt. F\u00f6r dem med en t\u00e4vlingsinstinkt kan lag eller solospelare ocks\u00e5 sikta p\u00e5 en topplacering p\u00e5 po\u00e4ngtavlan.","how_to_play":"Efter bokning f\u00e5r du ett e-postmeddelande med en direktl\u00e4nk till spelet. Ta dig helt enkelt till startplatsen vid Antwerpens stadshus, \u00f6ppna l\u00e4nken p\u00e5 din smartphone och p\u00e5b\u00f6rja ditt \u00e4ventyr direkt. Spelet kan pausas n\u00e4r som helst och \u00e5terupptas n\u00e4r du vill, vilket ger dig full frihet att uppleva Antwerpen p\u00e5 dina egna villkor.","start_location":"Antwerp, Grote markt","available_languages":[],"players_per_group":"1-4","duration":"1.5-2 hours","image_overlay_color_image":"https:\/\/testwebsite.citygame.com\/wp-content\/blogs.dir\/1\/files\/sites\/62\/2026\/01\/SecretsColor.svg","image_overlay_game_logo":"https:\/\/testwebsite.citygame.com\/wp-content\/blogs.dir\/1\/files\/sites\/62\/2026\/01\/SecretsLogo.png","city_page":6317,"woocommerce_general_content":null},"yoast_head":"<!-- This site is optimized with the Yoast SEO Premium plugin v26.2 (Yoast SEO v26.3) - https:\/\/yoast.com\/wordpress\/plugins\/seo\/ -->\n<title>Secrets of Antwerp - City Game<\/title>\n<meta name=\"description\" content=\"Secrets of Antwerp. Spela ett sj\u00e4lvguidad City Game och utforska staden genom pussel, g\u00e5tor och utmaningar. Spela i din egen takt och uppt\u00e4ck som en lokalbo!\" \/>\n<meta name=\"robots\" content=\"noindex, follow, max-snippet:-1, max-image-preview:large, max-video-preview:-1\" \/>\n<meta property=\"og:locale\" content=\"sv_SE\" \/>\n<meta property=\"og:type\" content=\"article\" \/>\n<meta property=\"og:title\" content=\"Secrets of Antwerp\" \/>\n<meta property=\"og:description\" content=\"Secrets of Antwerp. Spela ett sj\u00e4lvguidad City Game och utforska staden genom pussel, g\u00e5tor och utmaningar. Spela i din egen takt och uppt\u00e4ck som en lokalbo!\" \/>\n<meta property=\"og:url\" content=\"https:\/\/testwebsite.citygame.com\/sv\/games\/antwerp\/secrets-of-antwerp\/\" \/>\n<meta property=\"og:site_name\" content=\"City Game\" \/>\n<meta property=\"article:publisher\" content=\"https:\/\/www.facebook.com\/profile.php?id=100086426226253\" \/>\n<meta property=\"article:modified_time\" content=\"2026-04-09T08:40:42+00:00\" \/>\n<meta property=\"og:image\" content=\"https:\/\/testwebsite.citygame.com\/wp-content\/blogs.dir\/1\/files\/sites\/62\/2026\/01\/group-of-friends-playing-city-game-antwerp.jpg\" \/>\n\t<meta property=\"og:image:width\" content=\"1248\" \/>\n\t<meta property=\"og:image:height\" content=\"832\" \/>\n\t<meta property=\"og:image:type\" content=\"image\/jpeg\" \/>\n<meta name=\"twitter:card\" content=\"summary_large_image\" \/>\n<meta name=\"twitter:label1\" content=\"Ber\u00e4knad l\u00e4stid\" \/>\n\t<meta name=\"twitter:data1\" content=\"1 minut\" \/>\n<script type=\"application\/ld+json\" class=\"yoast-schema-graph\">{\"@context\":\"https:\/\/schema.org\",\"@graph\":[{\"@type\":\"WebPage\",\"@id\":\"https:\/\/testwebsite.citygame.com\/sv\/games\/antwerp\/secrets-of-antwerp\/\",\"url\":\"https:\/\/testwebsite.citygame.com\/sv\/games\/antwerp\/secrets-of-antwerp\/\",\"name\":\"Secrets of Antwerp - City Game\",\"isPartOf\":{\"@id\":\"https:\/\/testwebsite.upevents.nl\/#website\"},\"primaryImageOfPage\":{\"@id\":\"https:\/\/testwebsite.citygame.com\/sv\/games\/antwerp\/secrets-of-antwerp\/#primaryimage\"},\"image\":{\"@id\":\"https:\/\/testwebsite.citygame.com\/sv\/games\/antwerp\/secrets-of-antwerp\/#primaryimage\"},\"thumbnailUrl\":\"https:\/\/testwebsite.citygame.com\/wp-content\/blogs.dir\/1\/files\/sites\/62\/2026\/01\/group-of-friends-playing-city-game-antwerp.jpg\",\"datePublished\":\"2026-01-15T12:54:35+00:00\",\"dateModified\":\"2026-04-09T08:40:42+00:00\",\"description\":\"Secrets of Antwerp. Spela ett sj\u00e4lvguidad City Game och utforska staden genom pussel, g\u00e5tor och utmaningar. Spela i din egen takt och uppt\u00e4ck som en lokalbo!\",\"breadcrumb\":{\"@id\":\"https:\/\/testwebsite.citygame.com\/sv\/games\/antwerp\/secrets-of-antwerp\/#breadcrumb\"},\"inLanguage\":\"sv-SE\",\"potentialAction\":[{\"@type\":\"ReadAction\",\"target\":[\"https:\/\/testwebsite.citygame.com\/sv\/games\/antwerp\/secrets-of-antwerp\/\"]}]},{\"@type\":\"ImageObject\",\"inLanguage\":\"sv-SE\",\"@id\":\"https:\/\/testwebsite.citygame.com\/sv\/games\/antwerp\/secrets-of-antwerp\/#primaryimage\",\"url\":\"https:\/\/testwebsite.citygame.com\/wp-content\/blogs.dir\/1\/files\/sites\/62\/2026\/01\/group-of-friends-playing-city-game-antwerp.jpg\",\"contentUrl\":\"https:\/\/testwebsite.citygame.com\/wp-content\/blogs.dir\/1\/files\/sites\/62\/2026\/01\/group-of-friends-playing-city-game-antwerp.jpg\",\"width\":1248,\"height\":832,\"caption\":\"A group of friends having fun while playing a city exploration game in Antwerp.\"},{\"@type\":\"BreadcrumbList\",\"@id\":\"https:\/\/testwebsite.citygame.com\/sv\/games\/antwerp\/secrets-of-antwerp\/#breadcrumb\",\"itemListElement\":[{\"@type\":\"ListItem\",\"position\":1,\"name\":\"Home\",\"item\":\"https:\/\/testwebsite.citygame.com\/sv\/\"},{\"@type\":\"ListItem\",\"position\":2,\"name\":\"Shop\",\"item\":\"https:\/\/testwebsite.citygame.com\/shop\/\"},{\"@type\":\"ListItem\",\"position\":3,\"name\":\"Secrets of Antwerp\"}]},{\"@type\":\"WebSite\",\"@id\":\"https:\/\/testwebsite.upevents.nl\/#website\",\"url\":\"https:\/\/testwebsite.upevents.nl\/\",\"name\":\"City Game\",\"description\":\"\",\"publisher\":{\"@id\":\"https:\/\/testwebsite.upevents.nl\/#organization\"},\"alternateName\":\"citygame.com\",\"potentialAction\":[{\"@type\":\"SearchAction\",\"target\":{\"@type\":\"EntryPoint\",\"urlTemplate\":\"https:\/\/testwebsite.upevents.nl\/?s={search_term_string}\"},\"query-input\":{\"@type\":\"PropertyValueSpecification\",\"valueRequired\":true,\"valueName\":\"search_term_string\"}}],\"inLanguage\":\"sv-SE\"},{\"@type\":[\"Organization\",\"Place\"],\"@id\":\"https:\/\/testwebsite.upevents.nl\/#organization\",\"name\":\"City Game\",\"alternateName\":\"citygame.com\",\"url\":\"https:\/\/testwebsite.upevents.nl\/\",\"logo\":{\"@id\":\"https:\/\/testwebsite.citygame.com\/sv\/games\/antwerp\/secrets-of-antwerp\/#local-main-organization-logo\"},\"image\":{\"@id\":\"https:\/\/testwebsite.citygame.com\/sv\/games\/antwerp\/secrets-of-antwerp\/#local-main-organization-logo\"},\"sameAs\":[\"https:\/\/www.facebook.com\/profile.php?id=100086426226253\",\"https:\/\/www.instagram.com\/citygame_com\",\"https:\/\/www.tiktok.com\/@citygamecom\/\",\"https:\/\/www.linkedin.com\/company\/citygame-com\"],\"description\":\"Turn any city into a playground with our interactive City Games and self-guided tours. Fun, flexible, and ideal for groups and team building.\",\"telephone\":[],\"openingHoursSpecification\":[{\"@type\":\"OpeningHoursSpecification\",\"dayOfWeek\":[\"Monday\",\"Tuesday\",\"Wednesday\",\"Thursday\",\"Friday\",\"Saturday\",\"Sunday\"],\"opens\":\"09:00\",\"closes\":\"17:00\"}]},{\"@type\":\"ImageObject\",\"inLanguage\":\"sv-SE\",\"@id\":\"https:\/\/testwebsite.citygame.com\/sv\/games\/antwerp\/secrets-of-antwerp\/#local-main-organization-logo\",\"url\":\"https:\/\/testwebsite.citygame.com\/wp-content\/blogs.dir\/1\/files\/sites\/62\/2025\/10\/CG_LOGO-City-Game.png\",\"contentUrl\":\"https:\/\/testwebsite.citygame.com\/wp-content\/blogs.dir\/1\/files\/sites\/62\/2025\/10\/CG_LOGO-City-Game.png\",\"width\":351,\"height\":377,\"caption\":\"City Game\"}]}<\/script>\n<!-- \/ Yoast SEO Premium plugin. -->","yoast_head_json":{"title":"Secrets of Antwerp - City Game","description":"Secrets of Antwerp. Spela ett sj\u00e4lvguidad City Game och utforska staden genom pussel, g\u00e5tor och utmaningar. Spela i din egen takt och uppt\u00e4ck som en lokalbo!","robots":{"index":"noindex","follow":"follow","max-snippet":"max-snippet:-1","max-image-preview":"max-image-preview:large","max-video-preview":"max-video-preview:-1"},"og_locale":"sv_SE","og_type":"article","og_title":"Secrets of Antwerp","og_description":"Secrets of Antwerp. Spela ett sj\u00e4lvguidad City Game och utforska staden genom pussel, g\u00e5tor och utmaningar. Spela i din egen takt och uppt\u00e4ck som en lokalbo!","og_url":"https:\/\/testwebsite.citygame.com\/sv\/games\/antwerp\/secrets-of-antwerp\/","og_site_name":"City Game","article_publisher":"https:\/\/www.facebook.com\/profile.php?id=100086426226253","article_modified_time":"2026-04-09T08:40:42+00:00","og_image":[{"width":1248,"height":832,"url":"https:\/\/testwebsite.citygame.com\/wp-content\/blogs.dir\/1\/files\/sites\/62\/2026\/01\/group-of-friends-playing-city-game-antwerp.jpg","type":"image\/jpeg"}],"twitter_card":"summary_large_image","twitter_misc":{"Ber\u00e4knad l\u00e4stid":"1 minut"},"schema":{"@context":"https:\/\/schema.org","@graph":[{"@type":"WebPage","@id":"https:\/\/testwebsite.citygame.com\/sv\/games\/antwerp\/secrets-of-antwerp\/","url":"https:\/\/testwebsite.citygame.com\/sv\/games\/antwerp\/secrets-of-antwerp\/","name":"Secrets of Antwerp - City Game","isPartOf":{"@id":"https:\/\/testwebsite.upevents.nl\/#website"},"primaryImageOfPage":{"@id":"https:\/\/testwebsite.citygame.com\/sv\/games\/antwerp\/secrets-of-antwerp\/#primaryimage"},"image":{"@id":"https:\/\/testwebsite.citygame.com\/sv\/games\/antwerp\/secrets-of-antwerp\/#primaryimage"},"thumbnailUrl":"https:\/\/testwebsite.citygame.com\/wp-content\/blogs.dir\/1\/files\/sites\/62\/2026\/01\/group-of-friends-playing-city-game-antwerp.jpg","datePublished":"2026-01-15T12:54:35+00:00","dateModified":"2026-04-09T08:40:42+00:00","description":"Secrets of Antwerp. Spela ett sj\u00e4lvguidad City Game och utforska staden genom pussel, g\u00e5tor och utmaningar. Spela i din egen takt och uppt\u00e4ck som en lokalbo!","breadcrumb":{"@id":"https:\/\/testwebsite.citygame.com\/sv\/games\/antwerp\/secrets-of-antwerp\/#breadcrumb"},"inLanguage":"sv-SE","potentialAction":[{"@type":"ReadAction","target":["https:\/\/testwebsite.citygame.com\/sv\/games\/antwerp\/secrets-of-antwerp\/"]}]},{"@type":"ImageObject","inLanguage":"sv-SE","@id":"https:\/\/testwebsite.citygame.com\/sv\/games\/antwerp\/secrets-of-antwerp\/#primaryimage","url":"https:\/\/testwebsite.citygame.com\/wp-content\/blogs.dir\/1\/files\/sites\/62\/2026\/01\/group-of-friends-playing-city-game-antwerp.jpg","contentUrl":"https:\/\/testwebsite.citygame.com\/wp-content\/blogs.dir\/1\/files\/sites\/62\/2026\/01\/group-of-friends-playing-city-game-antwerp.jpg","width":1248,"height":832,"caption":"A group of friends having fun while playing a city exploration game in Antwerp."},{"@type":"BreadcrumbList","@id":"https:\/\/testwebsite.citygame.com\/sv\/games\/antwerp\/secrets-of-antwerp\/#breadcrumb","itemListElement":[{"@type":"ListItem","position":1,"name":"Home","item":"https:\/\/testwebsite.citygame.com\/sv\/"},{"@type":"ListItem","position":2,"name":"Shop","item":"https:\/\/testwebsite.citygame.com\/shop\/"},{"@type":"ListItem","position":3,"name":"Secrets of Antwerp"}]},{"@type":"WebSite","@id":"https:\/\/testwebsite.upevents.nl\/#website","url":"https:\/\/testwebsite.upevents.nl\/","name":"City Game","description":"","publisher":{"@id":"https:\/\/testwebsite.upevents.nl\/#organization"},"alternateName":"citygame.com","potentialAction":[{"@type":"SearchAction","target":{"@type":"EntryPoint","urlTemplate":"https:\/\/testwebsite.upevents.nl\/?s={search_term_string}"},"query-input":{"@type":"PropertyValueSpecification","valueRequired":true,"valueName":"search_term_string"}}],"inLanguage":"sv-SE"},{"@type":["Organization","Place"],"@id":"https:\/\/testwebsite.upevents.nl\/#organization","name":"City Game","alternateName":"citygame.com","url":"https:\/\/testwebsite.upevents.nl\/","logo":{"@id":"https:\/\/testwebsite.citygame.com\/sv\/games\/antwerp\/secrets-of-antwerp\/#local-main-organization-logo"},"image":{"@id":"https:\/\/testwebsite.citygame.com\/sv\/games\/antwerp\/secrets-of-antwerp\/#local-main-organization-logo"},"sameAs":["https:\/\/www.facebook.com\/profile.php?id=100086426226253","https:\/\/www.instagram.com\/citygame_com","https:\/\/www.tiktok.com\/@citygamecom\/","https:\/\/www.linkedin.com\/company\/citygame-com"],"description":"Turn any city into a playground with our interactive City Games and self-guided tours. Fun, flexible, and ideal for groups and team building.","telephone":[],"openingHoursSpecification":[{"@type":"OpeningHoursSpecification","dayOfWeek":["Monday","Tuesday","Wednesday","Thursday","Friday","Saturday","Sunday"],"opens":"09:00","closes":"17:00"}]},{"@type":"ImageObject","inLanguage":"sv-SE","@id":"https:\/\/testwebsite.citygame.com\/sv\/games\/antwerp\/secrets-of-antwerp\/#local-main-organization-logo","url":"https:\/\/testwebsite.citygame.com\/wp-content\/blogs.dir\/1\/files\/sites\/62\/2025\/10\/CG_LOGO-City-Game.png","contentUrl":"https:\/\/testwebsite.citygame.com\/wp-content\/blogs.dir\/1\/files\/sites\/62\/2025\/10\/CG_LOGO-City-Game.png","width":351,"height":377,"caption":"City Game"}]}},"taxonomy_info":{"game-concept":[{"value":730,"label":"Secrets"}],"location":[{"value":70,"label":"Antwerp"}],"product_cat":[{"value":27,"label":"Geen categorie"}]},"featured_image_src_large":["https:\/\/testwebsite.citygame.com\/wp-content\/blogs.dir\/1\/files\/sites\/62\/2026\/01\/group-of-friends-playing-city-game-antwerp-1024x683.jpg",1024,683,true],"author_info":[],"comment_info":"","_links":{"self":[{"href":"https:\/\/testwebsite.citygame.com\/sv\/wp-json\/wp\/v2\/product\/67268","targetHints":{"allow":["GET"]}}],"collection":[{"href":"https:\/\/testwebsite.citygame.com\/sv\/wp-json\/wp\/v2\/product"}],"about":[{"href":"https:\/\/testwebsite.citygame.com\/sv\/wp-json\/wp\/v2\/types\/product"}],"acf:post":[{"embeddable":true,"href":"https:\/\/testwebsite.citygame.com\/sv\/wp-json\/wp\/v2\/pages\/6317"}],"wp:featuredmedia":[{"embeddable":true,"href":"https:\/\/testwebsite.citygame.com\/sv\/wp-json\/wp\/v2\/media\/4072"}],"wp:attachment":[{"href":"https:\/\/testwebsite.citygame.com\/sv\/wp-json\/wp\/v2\/media?parent=67268"}],"wp:term":[{"taxonomy":"game-concept","embeddable":true,"href":"https:\/\/testwebsite.citygame.com\/sv\/wp-json\/wp\/v2\/game-concept?post=67268"},{"taxonomy":"location","embeddable":true,"href":"https:\/\/testwebsite.citygame.com\/sv\/wp-json\/wp\/v2\/location?post=67268"},{"taxonomy":"product_brand","embeddable":true,"href":"https:\/\/testwebsite.citygame.com\/sv\/wp-json\/wp\/v2\/product_brand?post=67268"},{"taxonomy":"product_cat","embeddable":true,"href":"https:\/\/testwebsite.citygame.com\/sv\/wp-json\/wp\/v2\/product_cat?post=67268"},{"taxonomy":"product_tag","embeddable":true,"href":"https:\/\/testwebsite.citygame.com\/sv\/wp-json\/wp\/v2\/product_tag?post=67268"}],"curies":[{"name":"wp","href":"https:\/\/api.w.org\/{rel}","templated":true}]}}