{"id":66957,"date":"2026-03-16T12:16:34","date_gmt":"2026-03-16T12:16:34","guid":{"rendered":"https:\/\/testwebsite.citygame.com\/games\/unknown-location\/secrets-of-timisoara\/"},"modified":"2026-04-09T00:46:35","modified_gmt":"2026-04-09T00:46:35","slug":"secrets-of-timisoara","status":"publish","type":"product","link":"https:\/\/testwebsite.citygame.com\/sv\/games\/timisoara\/secrets-of-timisoara\/","title":{"rendered":"Secrets of Timisoara"},"content":{"rendered":"<p>Uppt\u00e4ck Timisoaras innerstads komplexitet med v\u00e5rt GPS-baserade City Game. Detta sj\u00e4lvguidade stadsspel erbjuder ett unikt s\u00e4tt att nysta upp stadens ber\u00e4ttelser och hemligheter, d\u00e5 spelare utforskar med sin smartphone f\u00f6r att l\u00f6sa sp\u00e4nnande pussel, g\u00e5tor och engagerande fotoutmaningar. Under detta utforskningsspel dyker de djupt ner i Timisoaras rika historia, kultur och avsl\u00f6jar stadens mindre k\u00e4nda, dolda detaljer. Spelet \u00e4r designat f\u00f6r att passa b\u00e5de bes\u00f6kare och lokalbefolkning, med flexibelt spel som passar ensamspelare, par, familjer och \u00e4ven v\u00e4nner. Korsa Timisoaras unika stadsbild genom denna upplysande och underh\u00e5llande resa, den perfekta blandningen av n\u00f6je och l\u00e4rande.<\/p>\n","protected":false},"excerpt":{"rendered":"<p>Uppt\u00e4ck Timisoaras charm och aura! Korsa en stad d\u00e4r den pulserande kulturens rytm harmonierar med barockarkitekturens strukturella sk\u00f6nhet. Nysta upp ledtr\u00e5dar p\u00e5 en f\u00f6rtrollande resa genom dess livliga landskap, d\u00e4r historien frodas bland kaf\u00e9er och katedraler \u2013 Timisoara \u00e4r din kurerade duk full av sp\u00e4nnande uppenbarelser!<\/p>\n","protected":false},"featured_media":19099,"template":"","meta":{"_acf_changed":false,"_yoast_wpseo_focuskw":"Secrets of Timisoara","_yoast_wpseo_metadesc":"Secrets of Timisoara. Spela ett sj\u00e4lvguidad stadsspel och utforska staden genom pussel, g\u00e5tor och utmaningar. Spela i din egen takt och uppt\u00e4ck som en lokalbo!","_kad_blocks_custom_css":"","_kad_blocks_head_custom_js":"","_kad_blocks_body_custom_js":"","_kad_blocks_footer_custom_js":"","ghostkit_customizer_options":"","ghostkit_custom_css":"","ghostkit_custom_js_head":"","ghostkit_custom_js_foot":"","ghostkit_typography":"","_kad_post_transparent":"","_kad_post_title":"","_kad_post_layout":"","_kad_post_sidebar_id":"","_kad_post_content_style":"","_kad_post_vertical_padding":"","_kad_post_feature":"","_kad_post_feature_position":"","_kad_post_header":false,"_kad_post_footer":false,"_kad_post_classname":"","_links_to":"","_links_to_target":""},"game-concept":[730],"location":[396],"product_brand":[],"product_cat":[27],"product_tag":[],"class_list":{"0":"post-66957","1":"product","2":"type-product","3":"status-publish","4":"has-post-thumbnail","6":"game-concept-secrets","7":"location-timisoara","8":"product_cat-geen-categorie","10":"first","11":"instock","12":"shipping-taxable","13":"purchasable","14":"product-type-simple","15":"entry","16":"content-bg","17":"loop-entry"},"acf":{"full_bokun_product_name":"Self-Guided Secrets of Timisoara Exploration Game","location_name":"Timisoara","bokun_calendar_widget_code":"<script type=\"text\/javascript\" src=\"https:\/\/widgets.bokun.io\/assets\/javascripts\/apps\/build\/BokunWidgetsLoader.js?bookingChannelUUID=a1e93e96-5232-4734-a595-28405f4b5a31\" async><\/script>\n     \n    <div class=\"bokunWidget\" data-src=\"https:\/\/widgets.bokun.io\/online-sales\/a1e93e96-5232-4734-a595-28405f4b5a31\/experience-calendar\/924253\"><\/div>\n    <noscript>Please enable javascript in your browser to book<\/noscript>","bokun_button_widget_code":"<script type=\"text\/javascript\" src=\"https:\/\/widgets.bokun.io\/assets\/javascripts\/apps\/build\/BokunWidgetsLoader.js?bookingChannelUUID=a1e93e96-5232-4734-a595-28405f4b5a31\" async><\/script>\n      <style> #bokun_ed001e45_5927_4f62_b470_ca766338d083 { display: inline-block; padding: .4em 1em; background: #47b82e; border-radius: 999999px; box-shadow: none; font-weight: 600; font-size: 24px; text-decoration: none; text-align: center; color: #FFFFFF; border:none; cursor: pointer; transition: background .2s ease; } #bokun_ed001e45_5927_4f62_b470_ca766338d083:hover{ background: #2f7b1f; } #bokun_ed001e45_5927_4f62_b470_ca766338d083:active{ background: #378f24; } <\/style> <button class=\"bokunButton\" disabled id=bokun_ed001e45_5927_4f62_b470_ca766338d083 data-src=\"https:\/\/widgets.bokun.io\/online-sales\/a1e93e96-5232-4734-a595-28405f4b5a31\/experience-calendar\/924253?partialView=1\" data-testid=\"widget-book-button\" > Book now <\/button> ","what_you\u2019ll_experience_during_the_game":"Utforska Timisoaras livfulla charm med v\u00e5rt uppslukande City Game, en unik blandning av sightseeing med interaktivt ber\u00e4ttande och utmaningar. Du kommer att guidas genom en osynlig tr\u00e5d genom b\u00e5de ber\u00f6mda och mindre k\u00e4nda h\u00f6rn av denna vackra rum\u00e4nska stad. N\u00e4r du slingrar dig fram bland stadens historiska landm\u00e4rken och dolda p\u00e4rlor, insup den imponerande arkitekturen i Metropolitan Cathedral och Union Square, f\u00f6rdjupa dig i Gamla stadens mysterier och hitta dolda skatter inom Theresia Bastion. Kom ih\u00e5g, detta \u00e4r inte bara en rundtur, utan ett utforskningsspel, som v\u00e4cker Timisoaras rika historia och kultur till liv i en engagerande och \u00e4ventyrlig atmosf\u00e4r. \n\nI en anda av sp\u00e4nning och uppt\u00e4cktsf\u00e4rd kommer du ocks\u00e5 att delta i m\u00e5nga utmaningar n\u00e4r du ger dig ut p\u00e5 detta \u00e4ventyr. L\u00e5s upp lager av stadens historia genom att l\u00f6sa pussel och svara p\u00e5 fr\u00e5gor relaterade till din omgivning. Kreativa fotoutmaningar ger en h\u00e4rlig twist, medan po\u00e4ng som delas ut under resan kommer att ge dig h\u00f6gre positioner p\u00e5 spelets topplista. Spelet kommer med ett element av mystik, med ledtr\u00e5dar f\u00f6r att hj\u00e4lpa dig att n\u00e4rma dig l\u00f6sningen p\u00e5 ett sista enigma. Njut av friheten att pausa spelet n\u00e4r som helst, och \u00e5teruppta det n\u00e4r du vill forts\u00e4tta din h\u00e4rliga utforskning av Timisoara i City Game.","how_to_play":"Boka utforskningsspelet, kolla e-postmeddelandet vi skickar dig med de enkla instruktionerna, ladda ner Loquiz-appen, \u00f6ppna utforskningsspelet och du \u00e4r redo att b\u00f6rja din spelupplevelse!","start_location":"Timisoara, Teatrul Na\u021bional Sala 2","available_languages":["en"],"players_per_group":"1-4","duration":"1.5-2 hours","image_overlay_color_image":"https:\/\/testwebsite.citygame.com\/wp-content\/blogs.dir\/1\/files\/sites\/62\/2026\/01\/SecretsColor.svg","image_overlay_game_logo":"https:\/\/testwebsite.citygame.com\/wp-content\/blogs.dir\/1\/files\/sites\/62\/2026\/01\/SecretsLogo.png","city_page":15954,"woocommerce_general_content":null},"yoast_head":"<!-- This site is optimized with the Yoast SEO Premium plugin v26.2 (Yoast SEO v26.3) - https:\/\/yoast.com\/wordpress\/plugins\/seo\/ -->\n<title>Secrets of Timisoara - City Game<\/title>\n<meta name=\"description\" content=\"Secrets of Timisoara. Spela ett sj\u00e4lvguidad stadsspel och utforska staden genom pussel, g\u00e5tor och utmaningar. Spela i din egen takt och uppt\u00e4ck som en lokalbo!\" \/>\n<meta name=\"robots\" content=\"noindex, follow, max-snippet:-1, max-image-preview:large, max-video-preview:-1\" \/>\n<meta property=\"og:locale\" content=\"sv_SE\" \/>\n<meta property=\"og:type\" content=\"article\" \/>\n<meta property=\"og:title\" content=\"Secrets of Timisoara\" \/>\n<meta property=\"og:description\" content=\"Secrets of Timisoara. Spela ett sj\u00e4lvguidad stadsspel och utforska staden genom pussel, g\u00e5tor och utmaningar. Spela i din egen takt och uppt\u00e4ck som en lokalbo!\" \/>\n<meta property=\"og:url\" content=\"https:\/\/testwebsite.citygame.com\/sv\/games\/timisoara\/secrets-of-timisoara\/\" \/>\n<meta property=\"og:site_name\" content=\"City Game\" \/>\n<meta property=\"article:publisher\" content=\"https:\/\/www.facebook.com\/profile.php?id=100086426226253\" \/>\n<meta property=\"article:modified_time\" content=\"2026-04-09T00:46:35+00:00\" \/>\n<meta property=\"og:image\" content=\"https:\/\/testwebsite.citygame.com\/wp-content\/blogs.dir\/1\/files\/sites\/62\/2026\/03\/woman-playing-city-game-timisoara-cobblestone-street.jpg\" \/>\n\t<meta property=\"og:image:width\" content=\"1024\" \/>\n\t<meta property=\"og:image:height\" content=\"1024\" \/>\n\t<meta property=\"og:image:type\" content=\"image\/jpeg\" \/>\n<meta name=\"twitter:card\" content=\"summary_large_image\" \/>\n<meta name=\"twitter:label1\" content=\"Ber\u00e4knad l\u00e4stid\" \/>\n\t<meta name=\"twitter:data1\" content=\"1 minut\" \/>\n<script type=\"application\/ld+json\" class=\"yoast-schema-graph\">{\"@context\":\"https:\/\/schema.org\",\"@graph\":[{\"@type\":\"WebPage\",\"@id\":\"https:\/\/testwebsite.citygame.com\/sv\/games\/timisoara\/secrets-of-timisoara\/\",\"url\":\"https:\/\/testwebsite.citygame.com\/sv\/games\/timisoara\/secrets-of-timisoara\/\",\"name\":\"Secrets of Timisoara - City Game\",\"isPartOf\":{\"@id\":\"https:\/\/testwebsite.upevents.nl\/#website\"},\"primaryImageOfPage\":{\"@id\":\"https:\/\/testwebsite.citygame.com\/sv\/games\/timisoara\/secrets-of-timisoara\/#primaryimage\"},\"image\":{\"@id\":\"https:\/\/testwebsite.citygame.com\/sv\/games\/timisoara\/secrets-of-timisoara\/#primaryimage\"},\"thumbnailUrl\":\"https:\/\/testwebsite.citygame.com\/wp-content\/blogs.dir\/1\/files\/sites\/62\/2026\/03\/woman-playing-city-game-timisoara-cobblestone-street.jpg\",\"datePublished\":\"2026-03-16T12:16:34+00:00\",\"dateModified\":\"2026-04-09T00:46:35+00:00\",\"description\":\"Secrets of Timisoara. Spela ett sj\u00e4lvguidad stadsspel och utforska staden genom pussel, g\u00e5tor och utmaningar. Spela i din egen takt och uppt\u00e4ck som en lokalbo!\",\"breadcrumb\":{\"@id\":\"https:\/\/testwebsite.citygame.com\/sv\/games\/timisoara\/secrets-of-timisoara\/#breadcrumb\"},\"inLanguage\":\"sv-SE\",\"potentialAction\":[{\"@type\":\"ReadAction\",\"target\":[\"https:\/\/testwebsite.citygame.com\/sv\/games\/timisoara\/secrets-of-timisoara\/\"]}]},{\"@type\":\"ImageObject\",\"inLanguage\":\"sv-SE\",\"@id\":\"https:\/\/testwebsite.citygame.com\/sv\/games\/timisoara\/secrets-of-timisoara\/#primaryimage\",\"url\":\"https:\/\/testwebsite.citygame.com\/wp-content\/blogs.dir\/1\/files\/sites\/62\/2026\/03\/woman-playing-city-game-timisoara-cobblestone-street.jpg\",\"contentUrl\":\"https:\/\/testwebsite.citygame.com\/wp-content\/blogs.dir\/1\/files\/sites\/62\/2026\/03\/woman-playing-city-game-timisoara-cobblestone-street.jpg\",\"width\":1024,\"height\":1024,\"caption\":\"A tourist explores a historic, cobblestone street in Timisoara using a mobile city discovery game.\"},{\"@type\":\"BreadcrumbList\",\"@id\":\"https:\/\/testwebsite.citygame.com\/sv\/games\/timisoara\/secrets-of-timisoara\/#breadcrumb\",\"itemListElement\":[{\"@type\":\"ListItem\",\"position\":1,\"name\":\"Home\",\"item\":\"https:\/\/testwebsite.citygame.com\/sv\/\"},{\"@type\":\"ListItem\",\"position\":2,\"name\":\"Shop\",\"item\":\"https:\/\/testwebsite.citygame.com\/shop\/\"},{\"@type\":\"ListItem\",\"position\":3,\"name\":\"Secrets of Timisoara\"}]},{\"@type\":\"WebSite\",\"@id\":\"https:\/\/testwebsite.upevents.nl\/#website\",\"url\":\"https:\/\/testwebsite.upevents.nl\/\",\"name\":\"City Game\",\"description\":\"\",\"publisher\":{\"@id\":\"https:\/\/testwebsite.upevents.nl\/#organization\"},\"alternateName\":\"citygame.com\",\"potentialAction\":[{\"@type\":\"SearchAction\",\"target\":{\"@type\":\"EntryPoint\",\"urlTemplate\":\"https:\/\/testwebsite.upevents.nl\/?s={search_term_string}\"},\"query-input\":{\"@type\":\"PropertyValueSpecification\",\"valueRequired\":true,\"valueName\":\"search_term_string\"}}],\"inLanguage\":\"sv-SE\"},{\"@type\":[\"Organization\",\"Place\"],\"@id\":\"https:\/\/testwebsite.upevents.nl\/#organization\",\"name\":\"City Game\",\"alternateName\":\"citygame.com\",\"url\":\"https:\/\/testwebsite.upevents.nl\/\",\"logo\":{\"@id\":\"https:\/\/testwebsite.citygame.com\/sv\/games\/timisoara\/secrets-of-timisoara\/#local-main-organization-logo\"},\"image\":{\"@id\":\"https:\/\/testwebsite.citygame.com\/sv\/games\/timisoara\/secrets-of-timisoara\/#local-main-organization-logo\"},\"sameAs\":[\"https:\/\/www.facebook.com\/profile.php?id=100086426226253\",\"https:\/\/www.instagram.com\/citygame_com\",\"https:\/\/www.tiktok.com\/@citygamecom\/\",\"https:\/\/www.linkedin.com\/company\/citygame-com\"],\"description\":\"Turn any city into a playground with our interactive City Games and self-guided tours. Fun, flexible, and ideal for groups and team building.\",\"telephone\":[],\"openingHoursSpecification\":[{\"@type\":\"OpeningHoursSpecification\",\"dayOfWeek\":[\"Monday\",\"Tuesday\",\"Wednesday\",\"Thursday\",\"Friday\",\"Saturday\",\"Sunday\"],\"opens\":\"09:00\",\"closes\":\"17:00\"}]},{\"@type\":\"ImageObject\",\"inLanguage\":\"sv-SE\",\"@id\":\"https:\/\/testwebsite.citygame.com\/sv\/games\/timisoara\/secrets-of-timisoara\/#local-main-organization-logo\",\"url\":\"https:\/\/testwebsite.citygame.com\/wp-content\/blogs.dir\/1\/files\/sites\/62\/2025\/10\/CG_LOGO-City-Game.png\",\"contentUrl\":\"https:\/\/testwebsite.citygame.com\/wp-content\/blogs.dir\/1\/files\/sites\/62\/2025\/10\/CG_LOGO-City-Game.png\",\"width\":351,\"height\":377,\"caption\":\"City Game\"}]}<\/script>\n<!-- \/ Yoast SEO Premium plugin. -->","yoast_head_json":{"title":"Secrets of Timisoara - City Game","description":"Secrets of Timisoara. Spela ett sj\u00e4lvguidad stadsspel och utforska staden genom pussel, g\u00e5tor och utmaningar. Spela i din egen takt och uppt\u00e4ck som en lokalbo!","robots":{"index":"noindex","follow":"follow","max-snippet":"max-snippet:-1","max-image-preview":"max-image-preview:large","max-video-preview":"max-video-preview:-1"},"og_locale":"sv_SE","og_type":"article","og_title":"Secrets of Timisoara","og_description":"Secrets of Timisoara. Spela ett sj\u00e4lvguidad stadsspel och utforska staden genom pussel, g\u00e5tor och utmaningar. Spela i din egen takt och uppt\u00e4ck som en lokalbo!","og_url":"https:\/\/testwebsite.citygame.com\/sv\/games\/timisoara\/secrets-of-timisoara\/","og_site_name":"City Game","article_publisher":"https:\/\/www.facebook.com\/profile.php?id=100086426226253","article_modified_time":"2026-04-09T00:46:35+00:00","og_image":[{"width":1024,"height":1024,"url":"https:\/\/testwebsite.citygame.com\/wp-content\/blogs.dir\/1\/files\/sites\/62\/2026\/03\/woman-playing-city-game-timisoara-cobblestone-street.jpg","type":"image\/jpeg"}],"twitter_card":"summary_large_image","twitter_misc":{"Ber\u00e4knad l\u00e4stid":"1 minut"},"schema":{"@context":"https:\/\/schema.org","@graph":[{"@type":"WebPage","@id":"https:\/\/testwebsite.citygame.com\/sv\/games\/timisoara\/secrets-of-timisoara\/","url":"https:\/\/testwebsite.citygame.com\/sv\/games\/timisoara\/secrets-of-timisoara\/","name":"Secrets of Timisoara - City Game","isPartOf":{"@id":"https:\/\/testwebsite.upevents.nl\/#website"},"primaryImageOfPage":{"@id":"https:\/\/testwebsite.citygame.com\/sv\/games\/timisoara\/secrets-of-timisoara\/#primaryimage"},"image":{"@id":"https:\/\/testwebsite.citygame.com\/sv\/games\/timisoara\/secrets-of-timisoara\/#primaryimage"},"thumbnailUrl":"https:\/\/testwebsite.citygame.com\/wp-content\/blogs.dir\/1\/files\/sites\/62\/2026\/03\/woman-playing-city-game-timisoara-cobblestone-street.jpg","datePublished":"2026-03-16T12:16:34+00:00","dateModified":"2026-04-09T00:46:35+00:00","description":"Secrets of Timisoara. Spela ett sj\u00e4lvguidad stadsspel och utforska staden genom pussel, g\u00e5tor och utmaningar. Spela i din egen takt och uppt\u00e4ck som en lokalbo!","breadcrumb":{"@id":"https:\/\/testwebsite.citygame.com\/sv\/games\/timisoara\/secrets-of-timisoara\/#breadcrumb"},"inLanguage":"sv-SE","potentialAction":[{"@type":"ReadAction","target":["https:\/\/testwebsite.citygame.com\/sv\/games\/timisoara\/secrets-of-timisoara\/"]}]},{"@type":"ImageObject","inLanguage":"sv-SE","@id":"https:\/\/testwebsite.citygame.com\/sv\/games\/timisoara\/secrets-of-timisoara\/#primaryimage","url":"https:\/\/testwebsite.citygame.com\/wp-content\/blogs.dir\/1\/files\/sites\/62\/2026\/03\/woman-playing-city-game-timisoara-cobblestone-street.jpg","contentUrl":"https:\/\/testwebsite.citygame.com\/wp-content\/blogs.dir\/1\/files\/sites\/62\/2026\/03\/woman-playing-city-game-timisoara-cobblestone-street.jpg","width":1024,"height":1024,"caption":"A tourist explores a historic, cobblestone street in Timisoara using a mobile city discovery game."},{"@type":"BreadcrumbList","@id":"https:\/\/testwebsite.citygame.com\/sv\/games\/timisoara\/secrets-of-timisoara\/#breadcrumb","itemListElement":[{"@type":"ListItem","position":1,"name":"Home","item":"https:\/\/testwebsite.citygame.com\/sv\/"},{"@type":"ListItem","position":2,"name":"Shop","item":"https:\/\/testwebsite.citygame.com\/shop\/"},{"@type":"ListItem","position":3,"name":"Secrets of Timisoara"}]},{"@type":"WebSite","@id":"https:\/\/testwebsite.upevents.nl\/#website","url":"https:\/\/testwebsite.upevents.nl\/","name":"City Game","description":"","publisher":{"@id":"https:\/\/testwebsite.upevents.nl\/#organization"},"alternateName":"citygame.com","potentialAction":[{"@type":"SearchAction","target":{"@type":"EntryPoint","urlTemplate":"https:\/\/testwebsite.upevents.nl\/?s={search_term_string}"},"query-input":{"@type":"PropertyValueSpecification","valueRequired":true,"valueName":"search_term_string"}}],"inLanguage":"sv-SE"},{"@type":["Organization","Place"],"@id":"https:\/\/testwebsite.upevents.nl\/#organization","name":"City Game","alternateName":"citygame.com","url":"https:\/\/testwebsite.upevents.nl\/","logo":{"@id":"https:\/\/testwebsite.citygame.com\/sv\/games\/timisoara\/secrets-of-timisoara\/#local-main-organization-logo"},"image":{"@id":"https:\/\/testwebsite.citygame.com\/sv\/games\/timisoara\/secrets-of-timisoara\/#local-main-organization-logo"},"sameAs":["https:\/\/www.facebook.com\/profile.php?id=100086426226253","https:\/\/www.instagram.com\/citygame_com","https:\/\/www.tiktok.com\/@citygamecom\/","https:\/\/www.linkedin.com\/company\/citygame-com"],"description":"Turn any city into a playground with our interactive City Games and self-guided tours. Fun, flexible, and ideal for groups and team building.","telephone":[],"openingHoursSpecification":[{"@type":"OpeningHoursSpecification","dayOfWeek":["Monday","Tuesday","Wednesday","Thursday","Friday","Saturday","Sunday"],"opens":"09:00","closes":"17:00"}]},{"@type":"ImageObject","inLanguage":"sv-SE","@id":"https:\/\/testwebsite.citygame.com\/sv\/games\/timisoara\/secrets-of-timisoara\/#local-main-organization-logo","url":"https:\/\/testwebsite.citygame.com\/wp-content\/blogs.dir\/1\/files\/sites\/62\/2025\/10\/CG_LOGO-City-Game.png","contentUrl":"https:\/\/testwebsite.citygame.com\/wp-content\/blogs.dir\/1\/files\/sites\/62\/2025\/10\/CG_LOGO-City-Game.png","width":351,"height":377,"caption":"City Game"}]}},"taxonomy_info":{"game-concept":[{"value":730,"label":"Secrets"}],"location":[{"value":396,"label":"Timi\u0219oara"}],"product_cat":[{"value":27,"label":"Geen categorie"}]},"featured_image_src_large":["https:\/\/testwebsite.citygame.com\/wp-content\/blogs.dir\/1\/files\/sites\/62\/2026\/03\/woman-playing-city-game-timisoara-cobblestone-street.jpg",1024,1024,false],"author_info":[],"comment_info":"","_links":{"self":[{"href":"https:\/\/testwebsite.citygame.com\/sv\/wp-json\/wp\/v2\/product\/66957","targetHints":{"allow":["GET"]}}],"collection":[{"href":"https:\/\/testwebsite.citygame.com\/sv\/wp-json\/wp\/v2\/product"}],"about":[{"href":"https:\/\/testwebsite.citygame.com\/sv\/wp-json\/wp\/v2\/types\/product"}],"acf:post":[{"embeddable":true,"href":"https:\/\/testwebsite.citygame.com\/sv\/wp-json\/wp\/v2\/pages\/15954"}],"wp:featuredmedia":[{"embeddable":true,"href":"https:\/\/testwebsite.citygame.com\/sv\/wp-json\/wp\/v2\/media\/19099"}],"wp:attachment":[{"href":"https:\/\/testwebsite.citygame.com\/sv\/wp-json\/wp\/v2\/media?parent=66957"}],"wp:term":[{"taxonomy":"game-concept","embeddable":true,"href":"https:\/\/testwebsite.citygame.com\/sv\/wp-json\/wp\/v2\/game-concept?post=66957"},{"taxonomy":"location","embeddable":true,"href":"https:\/\/testwebsite.citygame.com\/sv\/wp-json\/wp\/v2\/location?post=66957"},{"taxonomy":"product_brand","embeddable":true,"href":"https:\/\/testwebsite.citygame.com\/sv\/wp-json\/wp\/v2\/product_brand?post=66957"},{"taxonomy":"product_cat","embeddable":true,"href":"https:\/\/testwebsite.citygame.com\/sv\/wp-json\/wp\/v2\/product_cat?post=66957"},{"taxonomy":"product_tag","embeddable":true,"href":"https:\/\/testwebsite.citygame.com\/sv\/wp-json\/wp\/v2\/product_tag?post=66957"}],"curies":[{"name":"wp","href":"https:\/\/api.w.org\/{rel}","templated":true}]}}