{"id":66461,"date":"2026-03-13T17:13:40","date_gmt":"2026-03-13T17:13:40","guid":{"rendered":"https:\/\/testwebsite.citygame.com\/games\/unknown-location\/secrets-of-hellevoetsluis\/"},"modified":"2026-04-08T20:22:13","modified_gmt":"2026-04-08T20:22:13","slug":"secrets-of-hellevoetsluis","status":"publish","type":"product","link":"https:\/\/testwebsite.citygame.com\/sv\/games\/hellevoetsluis\/secrets-of-hellevoetsluis\/","title":{"rendered":"Secrets of Hellevoetsluis"},"content":{"rendered":"<p>Uppt\u00e4ck Hellevoetsluis charm med v\u00e5rt sj\u00e4lvguidade &#8220;Secrets of Hellevoetsluis City Game&#8221;. Detta GPS-baserade utforskningsspel bjuder in dig att utforska Hellevoetsluis stadsk\u00e4rna, d\u00e4r du anv\u00e4nder din smartphone f\u00f6r att dyka ner i en m\u00e4ngd pussel, g\u00e5tor och fotoutmaningar. Spelet erbjuder inte bara en interaktiv plattform f\u00f6r att uppt\u00e4cka Hellevoetsluis utan l\u00e5ter ocks\u00e5 spelare gr\u00e4va fram stadens fascinerande historia, kultur och dolda detaljer. Som ett engagerande s\u00e4tt att ta sig runt i Hellevoetsluis \u00e4r detta stadsutforskningsspel den perfekta aktiviteten f\u00f6r b\u00e5de bes\u00f6kare och lokalinv\u00e5nare. Oavsett om du \u00e4r en ensam utforskare eller del av ett par, en familj eller en grupp v\u00e4nner, erbjuder &#8220;Secrets of Hellevoetsluis City Game&#8221; en minnesv\u00e4rd resa in i hj\u00e4rtat av denna sp\u00e4nnande stad.<\/p>\n","protected":false},"excerpt":{"rendered":"<p>Upplev Hellevoetsluis&#8217; dolda skatter! Dyk ner i en stad d\u00e4r ekon fr\u00e5n historiska krig m\u00f6ter maritim storslagenhet, och varje kullerstensgata \u00e4r en ledtr\u00e5d som leder dig genom en ber\u00e4ttelse om tid. Korsa dess hamn och dekadenta f\u00e4stningar \u2013 Hellevoetsluis \u00e4r fullsp\u00e4ckat med m\u00e5ngbottnade mysterier som v\u00e4ntar p\u00e5 att nystas upp!<\/p>\n","protected":false},"featured_media":18808,"template":"","meta":{"_acf_changed":false,"_yoast_wpseo_focuskw":"Secrets of Hellevoetsluis","_yoast_wpseo_metadesc":"Secrets of Hellevoetsluis. Spela ett sj\u00e4lvguidad Stadsspel och utforska staden genom pussel, g\u00e5tor och utmaningar. Spela i din egen takt och uppt\u00e4ck som en lokal!","_kad_blocks_custom_css":"","_kad_blocks_head_custom_js":"","_kad_blocks_body_custom_js":"","_kad_blocks_footer_custom_js":"","ghostkit_customizer_options":"","ghostkit_custom_css":"","ghostkit_custom_js_head":"","ghostkit_custom_js_foot":"","ghostkit_typography":"","_kad_post_transparent":"","_kad_post_title":"","_kad_post_layout":"","_kad_post_sidebar_id":"","_kad_post_content_style":"","_kad_post_vertical_padding":"","_kad_post_feature":"","_kad_post_feature_position":"","_kad_post_header":false,"_kad_post_footer":false,"_kad_post_classname":"","_links_to":"","_links_to_target":""},"game-concept":[730],"location":[196],"product_brand":[],"product_cat":[27],"product_tag":[],"class_list":{"0":"post-66461","1":"product","2":"type-product","3":"status-publish","4":"has-post-thumbnail","6":"game-concept-secrets","7":"location-hellevoetsluis","8":"product_cat-geen-categorie","10":"first","11":"instock","12":"shipping-taxable","13":"purchasable","14":"product-type-simple","15":"entry","16":"content-bg","17":"loop-entry"},"acf":{"full_bokun_product_name":"Self-Guided Secrets of Hellevoetsluis Exploration Game","location_name":"Hellevoetsluis","bokun_calendar_widget_code":"<script type=\"text\/javascript\" src=\"https:\/\/widgets.bokun.io\/assets\/javascripts\/apps\/build\/BokunWidgetsLoader.js?bookingChannelUUID=a1e93e96-5232-4734-a595-28405f4b5a31\" async><\/script>\n     \n    <div class=\"bokunWidget\" data-src=\"https:\/\/widgets.bokun.io\/online-sales\/a1e93e96-5232-4734-a595-28405f4b5a31\/experience-calendar\/885152\"><\/div>\n    <noscript>Please enable javascript in your browser to book<\/noscript>","bokun_button_widget_code":"<script type=\"text\/javascript\" src=\"https:\/\/widgets.bokun.io\/assets\/javascripts\/apps\/build\/BokunWidgetsLoader.js?bookingChannelUUID=a1e93e96-5232-4734-a595-28405f4b5a31\" async><\/script>\n      <style> #bokun_ed001e45_5927_4f62_b470_ca766338d083 { display: inline-block; padding: .4em 1em; background: #47b82e; border-radius: 999999px; box-shadow: none; font-weight: 600; font-size: 24px; text-decoration: none; text-align: center; color: #FFFFFF; border:none; cursor: pointer; transition: background .2s ease; } #bokun_ed001e45_5927_4f62_b470_ca766338d083:hover{ background: #2f7b1f; } #bokun_ed001e45_5927_4f62_b470_ca766338d083:active{ background: #378f24; } <\/style> <button class=\"bokunButton\" disabled id=bokun_ed001e45_5927_4f62_b470_ca766338d083 data-src=\"https:\/\/widgets.bokun.io\/online-sales\/a1e93e96-5232-4734-a595-28405f4b5a31\/experience-calendar\/885152?partialView=1\" data-testid=\"widget-book-button\" > Book now <\/button> ","what_you\u2019ll_experience_during_the_game":"N\u00e4r du engagerar dig i 'Secrets of Hellevoetsluis City Game', kommer du att uppt\u00e4cka staden p\u00e5 ett s\u00e4tt du aldrig tidigare gjort. Som en hybrid av uppslukande ber\u00e4ttande och sightseeing, guidar spelet dig genom b\u00e5de k\u00e4nda och dolda platser i Hellevoetsluis. Under din resa kommer du att bes\u00f6ka platser som garanterat kommer att f\u00f6rbluffa dig, s\u00e5som vissa f\u00e4ngslande punkter l\u00e4ngs koordinaterna 51.82490672535633,4.129899920624808 och 51.82531990000001,4.1279202999999995. Du kommer att avsl\u00f6ja ber\u00e4ttelser inb\u00e4ddade i platser du kanske aldrig har lagt m\u00e4rke till under dina vanliga promenader i staden. Ditt uppdrag: att suga in den unika atmosf\u00e4ren och rytmen i Hellevoetsluis, och bli ett med stadens landskap.\n\nF\u00f6r att avancera i spelet kommer du att f\u00f6rdjupa dig i en m\u00e4ngd utmanande pussel och g\u00e5tor, d\u00e4r varje r\u00e4tt svar ger dig po\u00e4ng och f\u00f6r dig ett steg n\u00e4rmare att l\u00f6sa spelets \u00f6vergripande mysterium. Kreativa fotoutmaningar kommer att pressa dig att inte bara se utan verkligen observera Hellevoetsluis; fr\u00e5gor kommer att testa din uppm\u00e4rksamhet p\u00e5 detaljer. F\u00f6r dem som gillar lite t\u00e4vling finns det en m\u00f6jlighet att skrapa ihop extra po\u00e4ng f\u00f6r en topplacering p\u00e5 po\u00e4ngtavlan. Flexibiliteten i stadspelet l\u00e5ter dig pausa n\u00e4r du vill, och \u00e5teruppta precis d\u00e4r du slutade. G\u00f6r dig redo att ge dig ut p\u00e5 en okonventionell uppt\u00e4ckt av Hellevoetsluis med detta innovativa utforskningsspel.","how_to_play":"Boka utforskningsspelet, kolla mejlet vi skickar dig med de enkla instruktionerna, ladda ner Loquiz App, starta utforskningsspelet och du \u00e4r redo att b\u00f6rja din spelupplevelse!","start_location":"Hellevoetsluis, Plein Fort Haerlem","available_languages":["en"],"players_per_group":"1-4","duration":"1.5-2 hours","image_overlay_color_image":"https:\/\/testwebsite.citygame.com\/wp-content\/blogs.dir\/1\/files\/sites\/62\/2026\/01\/SecretsColor.svg","image_overlay_game_logo":"https:\/\/testwebsite.citygame.com\/wp-content\/blogs.dir\/1\/files\/sites\/62\/2026\/01\/SecretsLogo.png","city_page":15815,"woocommerce_general_content":null},"yoast_head":"<!-- This site is optimized with the Yoast SEO Premium plugin v26.2 (Yoast SEO v26.3) - https:\/\/yoast.com\/wordpress\/plugins\/seo\/ -->\n<title>Secrets of Hellevoetsluis - City Game<\/title>\n<meta name=\"description\" content=\"Secrets of Hellevoetsluis. Spela ett sj\u00e4lvguidad Stadsspel och utforska staden genom pussel, g\u00e5tor och utmaningar. Spela i din egen takt och uppt\u00e4ck som en lokal!\" \/>\n<meta name=\"robots\" content=\"noindex, follow, max-snippet:-1, max-image-preview:large, max-video-preview:-1\" \/>\n<meta property=\"og:locale\" content=\"sv_SE\" \/>\n<meta property=\"og:type\" content=\"article\" \/>\n<meta property=\"og:title\" content=\"Secrets of Hellevoetsluis\" \/>\n<meta property=\"og:description\" content=\"Secrets of Hellevoetsluis. Spela ett sj\u00e4lvguidad Stadsspel och utforska staden genom pussel, g\u00e5tor och utmaningar. Spela i din egen takt och uppt\u00e4ck som en lokal!\" \/>\n<meta property=\"og:url\" content=\"https:\/\/testwebsite.citygame.com\/sv\/games\/hellevoetsluis\/secrets-of-hellevoetsluis\/\" \/>\n<meta property=\"og:site_name\" content=\"City Game\" \/>\n<meta property=\"article:publisher\" content=\"https:\/\/www.facebook.com\/profile.php?id=100086426226253\" \/>\n<meta property=\"article:modified_time\" content=\"2026-04-08T20:22:13+00:00\" \/>\n<meta property=\"og:image\" content=\"https:\/\/testwebsite.citygame.com\/wp-content\/blogs.dir\/1\/files\/sites\/62\/2026\/03\/group-of-players-de-hoop-windmill-hellevoetsluis.jpg\" \/>\n\t<meta property=\"og:image:width\" content=\"1024\" \/>\n\t<meta property=\"og:image:height\" content=\"1024\" \/>\n\t<meta property=\"og:image:type\" content=\"image\/jpeg\" \/>\n<meta name=\"twitter:card\" content=\"summary_large_image\" \/>\n<meta name=\"twitter:label1\" content=\"Ber\u00e4knad l\u00e4stid\" \/>\n\t<meta name=\"twitter:data1\" content=\"1 minut\" \/>\n<script type=\"application\/ld+json\" class=\"yoast-schema-graph\">{\"@context\":\"https:\/\/schema.org\",\"@graph\":[{\"@type\":\"WebPage\",\"@id\":\"https:\/\/testwebsite.citygame.com\/sv\/games\/hellevoetsluis\/secrets-of-hellevoetsluis\/\",\"url\":\"https:\/\/testwebsite.citygame.com\/sv\/games\/hellevoetsluis\/secrets-of-hellevoetsluis\/\",\"name\":\"Secrets of Hellevoetsluis - City Game\",\"isPartOf\":{\"@id\":\"https:\/\/testwebsite.upevents.nl\/#website\"},\"primaryImageOfPage\":{\"@id\":\"https:\/\/testwebsite.citygame.com\/sv\/games\/hellevoetsluis\/secrets-of-hellevoetsluis\/#primaryimage\"},\"image\":{\"@id\":\"https:\/\/testwebsite.citygame.com\/sv\/games\/hellevoetsluis\/secrets-of-hellevoetsluis\/#primaryimage\"},\"thumbnailUrl\":\"https:\/\/testwebsite.citygame.com\/wp-content\/blogs.dir\/1\/files\/sites\/62\/2026\/03\/group-of-players-de-hoop-windmill-hellevoetsluis.jpg\",\"datePublished\":\"2026-03-13T17:13:40+00:00\",\"dateModified\":\"2026-04-08T20:22:13+00:00\",\"description\":\"Secrets of Hellevoetsluis. Spela ett sj\u00e4lvguidad Stadsspel och utforska staden genom pussel, g\u00e5tor och utmaningar. Spela i din egen takt och uppt\u00e4ck som en lokal!\",\"breadcrumb\":{\"@id\":\"https:\/\/testwebsite.citygame.com\/sv\/games\/hellevoetsluis\/secrets-of-hellevoetsluis\/#breadcrumb\"},\"inLanguage\":\"sv-SE\",\"potentialAction\":[{\"@type\":\"ReadAction\",\"target\":[\"https:\/\/testwebsite.citygame.com\/sv\/games\/hellevoetsluis\/secrets-of-hellevoetsluis\/\"]}]},{\"@type\":\"ImageObject\",\"inLanguage\":\"sv-SE\",\"@id\":\"https:\/\/testwebsite.citygame.com\/sv\/games\/hellevoetsluis\/secrets-of-hellevoetsluis\/#primaryimage\",\"url\":\"https:\/\/testwebsite.citygame.com\/wp-content\/blogs.dir\/1\/files\/sites\/62\/2026\/03\/group-of-players-de-hoop-windmill-hellevoetsluis.jpg\",\"contentUrl\":\"https:\/\/testwebsite.citygame.com\/wp-content\/blogs.dir\/1\/files\/sites\/62\/2026\/03\/group-of-players-de-hoop-windmill-hellevoetsluis.jpg\",\"width\":1024,\"height\":1024,\"caption\":\"A group of friends gathers around a smartphone near the historic De Hoop windmill in Hellevoetsluis.\"},{\"@type\":\"BreadcrumbList\",\"@id\":\"https:\/\/testwebsite.citygame.com\/sv\/games\/hellevoetsluis\/secrets-of-hellevoetsluis\/#breadcrumb\",\"itemListElement\":[{\"@type\":\"ListItem\",\"position\":1,\"name\":\"Home\",\"item\":\"https:\/\/testwebsite.citygame.com\/sv\/\"},{\"@type\":\"ListItem\",\"position\":2,\"name\":\"Shop\",\"item\":\"https:\/\/testwebsite.citygame.com\/shop\/\"},{\"@type\":\"ListItem\",\"position\":3,\"name\":\"Secrets of Hellevoetsluis\"}]},{\"@type\":\"WebSite\",\"@id\":\"https:\/\/testwebsite.upevents.nl\/#website\",\"url\":\"https:\/\/testwebsite.upevents.nl\/\",\"name\":\"City Game\",\"description\":\"\",\"publisher\":{\"@id\":\"https:\/\/testwebsite.upevents.nl\/#organization\"},\"alternateName\":\"citygame.com\",\"potentialAction\":[{\"@type\":\"SearchAction\",\"target\":{\"@type\":\"EntryPoint\",\"urlTemplate\":\"https:\/\/testwebsite.upevents.nl\/?s={search_term_string}\"},\"query-input\":{\"@type\":\"PropertyValueSpecification\",\"valueRequired\":true,\"valueName\":\"search_term_string\"}}],\"inLanguage\":\"sv-SE\"},{\"@type\":[\"Organization\",\"Place\"],\"@id\":\"https:\/\/testwebsite.upevents.nl\/#organization\",\"name\":\"City Game\",\"alternateName\":\"citygame.com\",\"url\":\"https:\/\/testwebsite.upevents.nl\/\",\"logo\":{\"@id\":\"https:\/\/testwebsite.citygame.com\/sv\/games\/hellevoetsluis\/secrets-of-hellevoetsluis\/#local-main-organization-logo\"},\"image\":{\"@id\":\"https:\/\/testwebsite.citygame.com\/sv\/games\/hellevoetsluis\/secrets-of-hellevoetsluis\/#local-main-organization-logo\"},\"sameAs\":[\"https:\/\/www.facebook.com\/profile.php?id=100086426226253\",\"https:\/\/www.instagram.com\/citygame_com\",\"https:\/\/www.tiktok.com\/@citygamecom\/\",\"https:\/\/www.linkedin.com\/company\/citygame-com\"],\"description\":\"Turn any city into a playground with our interactive City Games and self-guided tours. Fun, flexible, and ideal for groups and team building.\",\"telephone\":[],\"openingHoursSpecification\":[{\"@type\":\"OpeningHoursSpecification\",\"dayOfWeek\":[\"Monday\",\"Tuesday\",\"Wednesday\",\"Thursday\",\"Friday\",\"Saturday\",\"Sunday\"],\"opens\":\"09:00\",\"closes\":\"17:00\"}]},{\"@type\":\"ImageObject\",\"inLanguage\":\"sv-SE\",\"@id\":\"https:\/\/testwebsite.citygame.com\/sv\/games\/hellevoetsluis\/secrets-of-hellevoetsluis\/#local-main-organization-logo\",\"url\":\"https:\/\/testwebsite.citygame.com\/wp-content\/blogs.dir\/1\/files\/sites\/62\/2025\/10\/CG_LOGO-City-Game.png\",\"contentUrl\":\"https:\/\/testwebsite.citygame.com\/wp-content\/blogs.dir\/1\/files\/sites\/62\/2025\/10\/CG_LOGO-City-Game.png\",\"width\":351,\"height\":377,\"caption\":\"City Game\"}]}<\/script>\n<!-- \/ Yoast SEO Premium plugin. -->","yoast_head_json":{"title":"Secrets of Hellevoetsluis - City Game","description":"Secrets of Hellevoetsluis. Spela ett sj\u00e4lvguidad Stadsspel och utforska staden genom pussel, g\u00e5tor och utmaningar. Spela i din egen takt och uppt\u00e4ck som en lokal!","robots":{"index":"noindex","follow":"follow","max-snippet":"max-snippet:-1","max-image-preview":"max-image-preview:large","max-video-preview":"max-video-preview:-1"},"og_locale":"sv_SE","og_type":"article","og_title":"Secrets of Hellevoetsluis","og_description":"Secrets of Hellevoetsluis. Spela ett sj\u00e4lvguidad Stadsspel och utforska staden genom pussel, g\u00e5tor och utmaningar. Spela i din egen takt och uppt\u00e4ck som en lokal!","og_url":"https:\/\/testwebsite.citygame.com\/sv\/games\/hellevoetsluis\/secrets-of-hellevoetsluis\/","og_site_name":"City Game","article_publisher":"https:\/\/www.facebook.com\/profile.php?id=100086426226253","article_modified_time":"2026-04-08T20:22:13+00:00","og_image":[{"width":1024,"height":1024,"url":"https:\/\/testwebsite.citygame.com\/wp-content\/blogs.dir\/1\/files\/sites\/62\/2026\/03\/group-of-players-de-hoop-windmill-hellevoetsluis.jpg","type":"image\/jpeg"}],"twitter_card":"summary_large_image","twitter_misc":{"Ber\u00e4knad l\u00e4stid":"1 minut"},"schema":{"@context":"https:\/\/schema.org","@graph":[{"@type":"WebPage","@id":"https:\/\/testwebsite.citygame.com\/sv\/games\/hellevoetsluis\/secrets-of-hellevoetsluis\/","url":"https:\/\/testwebsite.citygame.com\/sv\/games\/hellevoetsluis\/secrets-of-hellevoetsluis\/","name":"Secrets of Hellevoetsluis - City Game","isPartOf":{"@id":"https:\/\/testwebsite.upevents.nl\/#website"},"primaryImageOfPage":{"@id":"https:\/\/testwebsite.citygame.com\/sv\/games\/hellevoetsluis\/secrets-of-hellevoetsluis\/#primaryimage"},"image":{"@id":"https:\/\/testwebsite.citygame.com\/sv\/games\/hellevoetsluis\/secrets-of-hellevoetsluis\/#primaryimage"},"thumbnailUrl":"https:\/\/testwebsite.citygame.com\/wp-content\/blogs.dir\/1\/files\/sites\/62\/2026\/03\/group-of-players-de-hoop-windmill-hellevoetsluis.jpg","datePublished":"2026-03-13T17:13:40+00:00","dateModified":"2026-04-08T20:22:13+00:00","description":"Secrets of Hellevoetsluis. Spela ett sj\u00e4lvguidad Stadsspel och utforska staden genom pussel, g\u00e5tor och utmaningar. Spela i din egen takt och uppt\u00e4ck som en lokal!","breadcrumb":{"@id":"https:\/\/testwebsite.citygame.com\/sv\/games\/hellevoetsluis\/secrets-of-hellevoetsluis\/#breadcrumb"},"inLanguage":"sv-SE","potentialAction":[{"@type":"ReadAction","target":["https:\/\/testwebsite.citygame.com\/sv\/games\/hellevoetsluis\/secrets-of-hellevoetsluis\/"]}]},{"@type":"ImageObject","inLanguage":"sv-SE","@id":"https:\/\/testwebsite.citygame.com\/sv\/games\/hellevoetsluis\/secrets-of-hellevoetsluis\/#primaryimage","url":"https:\/\/testwebsite.citygame.com\/wp-content\/blogs.dir\/1\/files\/sites\/62\/2026\/03\/group-of-players-de-hoop-windmill-hellevoetsluis.jpg","contentUrl":"https:\/\/testwebsite.citygame.com\/wp-content\/blogs.dir\/1\/files\/sites\/62\/2026\/03\/group-of-players-de-hoop-windmill-hellevoetsluis.jpg","width":1024,"height":1024,"caption":"A group of friends gathers around a smartphone near the historic De Hoop windmill in Hellevoetsluis."},{"@type":"BreadcrumbList","@id":"https:\/\/testwebsite.citygame.com\/sv\/games\/hellevoetsluis\/secrets-of-hellevoetsluis\/#breadcrumb","itemListElement":[{"@type":"ListItem","position":1,"name":"Home","item":"https:\/\/testwebsite.citygame.com\/sv\/"},{"@type":"ListItem","position":2,"name":"Shop","item":"https:\/\/testwebsite.citygame.com\/shop\/"},{"@type":"ListItem","position":3,"name":"Secrets of Hellevoetsluis"}]},{"@type":"WebSite","@id":"https:\/\/testwebsite.upevents.nl\/#website","url":"https:\/\/testwebsite.upevents.nl\/","name":"City Game","description":"","publisher":{"@id":"https:\/\/testwebsite.upevents.nl\/#organization"},"alternateName":"citygame.com","potentialAction":[{"@type":"SearchAction","target":{"@type":"EntryPoint","urlTemplate":"https:\/\/testwebsite.upevents.nl\/?s={search_term_string}"},"query-input":{"@type":"PropertyValueSpecification","valueRequired":true,"valueName":"search_term_string"}}],"inLanguage":"sv-SE"},{"@type":["Organization","Place"],"@id":"https:\/\/testwebsite.upevents.nl\/#organization","name":"City Game","alternateName":"citygame.com","url":"https:\/\/testwebsite.upevents.nl\/","logo":{"@id":"https:\/\/testwebsite.citygame.com\/sv\/games\/hellevoetsluis\/secrets-of-hellevoetsluis\/#local-main-organization-logo"},"image":{"@id":"https:\/\/testwebsite.citygame.com\/sv\/games\/hellevoetsluis\/secrets-of-hellevoetsluis\/#local-main-organization-logo"},"sameAs":["https:\/\/www.facebook.com\/profile.php?id=100086426226253","https:\/\/www.instagram.com\/citygame_com","https:\/\/www.tiktok.com\/@citygamecom\/","https:\/\/www.linkedin.com\/company\/citygame-com"],"description":"Turn any city into a playground with our interactive City Games and self-guided tours. Fun, flexible, and ideal for groups and team building.","telephone":[],"openingHoursSpecification":[{"@type":"OpeningHoursSpecification","dayOfWeek":["Monday","Tuesday","Wednesday","Thursday","Friday","Saturday","Sunday"],"opens":"09:00","closes":"17:00"}]},{"@type":"ImageObject","inLanguage":"sv-SE","@id":"https:\/\/testwebsite.citygame.com\/sv\/games\/hellevoetsluis\/secrets-of-hellevoetsluis\/#local-main-organization-logo","url":"https:\/\/testwebsite.citygame.com\/wp-content\/blogs.dir\/1\/files\/sites\/62\/2025\/10\/CG_LOGO-City-Game.png","contentUrl":"https:\/\/testwebsite.citygame.com\/wp-content\/blogs.dir\/1\/files\/sites\/62\/2025\/10\/CG_LOGO-City-Game.png","width":351,"height":377,"caption":"City Game"}]}},"taxonomy_info":{"game-concept":[{"value":730,"label":"Secrets"}],"location":[{"value":196,"label":"Hellevoetsluis"}],"product_cat":[{"value":27,"label":"Geen categorie"}]},"featured_image_src_large":["https:\/\/testwebsite.citygame.com\/wp-content\/blogs.dir\/1\/files\/sites\/62\/2026\/03\/group-of-players-de-hoop-windmill-hellevoetsluis.jpg",1024,1024,false],"author_info":[],"comment_info":"","_links":{"self":[{"href":"https:\/\/testwebsite.citygame.com\/sv\/wp-json\/wp\/v2\/product\/66461","targetHints":{"allow":["GET"]}}],"collection":[{"href":"https:\/\/testwebsite.citygame.com\/sv\/wp-json\/wp\/v2\/product"}],"about":[{"href":"https:\/\/testwebsite.citygame.com\/sv\/wp-json\/wp\/v2\/types\/product"}],"acf:post":[{"embeddable":true,"href":"https:\/\/testwebsite.citygame.com\/sv\/wp-json\/wp\/v2\/pages\/15815"}],"wp:featuredmedia":[{"embeddable":true,"href":"https:\/\/testwebsite.citygame.com\/sv\/wp-json\/wp\/v2\/media\/18808"}],"wp:attachment":[{"href":"https:\/\/testwebsite.citygame.com\/sv\/wp-json\/wp\/v2\/media?parent=66461"}],"wp:term":[{"taxonomy":"game-concept","embeddable":true,"href":"https:\/\/testwebsite.citygame.com\/sv\/wp-json\/wp\/v2\/game-concept?post=66461"},{"taxonomy":"location","embeddable":true,"href":"https:\/\/testwebsite.citygame.com\/sv\/wp-json\/wp\/v2\/location?post=66461"},{"taxonomy":"product_brand","embeddable":true,"href":"https:\/\/testwebsite.citygame.com\/sv\/wp-json\/wp\/v2\/product_brand?post=66461"},{"taxonomy":"product_cat","embeddable":true,"href":"https:\/\/testwebsite.citygame.com\/sv\/wp-json\/wp\/v2\/product_cat?post=66461"},{"taxonomy":"product_tag","embeddable":true,"href":"https:\/\/testwebsite.citygame.com\/sv\/wp-json\/wp\/v2\/product_tag?post=66461"}],"curies":[{"name":"wp","href":"https:\/\/api.w.org\/{rel}","templated":true}]}}