{"id":66320,"date":"2026-03-13T15:50:41","date_gmt":"2026-03-13T15:50:41","guid":{"rendered":"https:\/\/testwebsite.citygame.com\/games\/unknown-location\/secrets-of-bunschoten-spakenburg\/"},"modified":"2026-04-08T18:58:01","modified_gmt":"2026-04-08T18:58:01","slug":"secrets-of-bunschoten-spakenburg","status":"publish","type":"product","link":"https:\/\/testwebsite.citygame.com\/sv\/games\/bunschoten-spakenburg\/secrets-of-bunschoten-spakenburg\/","title":{"rendered":"Secrets of Bunschoten-Spakenburg"},"content":{"rendered":"<p>Upplev sp\u00e4nningen i att utforska Bunschoten-Spakenburg med v\u00e5rt toppmoderna &#8217;Secrets of Bunschoten-Spakenburg City Game&#8217;. Detta GPS-baserade spel guidar dig genom Bunschoten-Spakenburgs centrum, och f\u00f6renar teknik med charmen hos ett sj\u00e4lvguidad stadsspel. Med din smartphone som verktyg kan spelare l\u00f6sa intressanta pussel, svara p\u00e5 g\u00e5tor och slutf\u00f6ra fotoutmaningar, vilket f\u00f6rvandlar staden till ett storslaget \u00e4ventyr. L\u00e4ngs v\u00e4gen kan du avsl\u00f6ja Bunschoten-Spakenburgs historia, kultur och hemliga detaljer som d\u00f6ljer sig mitt framf\u00f6r \u00f6gonen. Detta uppt\u00e4cktsspel gynnar nykomlingar som utforskar staden f\u00f6r f\u00f6rsta g\u00e5ngen, likv\u00e4l som lokalbor som vill se sin hemstad fr\u00e5n ett nytt perspektiv. Det \u00e4r ett trevligt s\u00e4tt att utforska f\u00f6r individer, charmigt f\u00f6r par, engagerande f\u00f6r familjer och en rolig aktivitet f\u00f6r kompisg\u00e4ng.<\/p>\n","protected":false},"excerpt":{"rendered":"<p>Uppt\u00e4ck Bunschoten-Spakenburgs dolda p\u00e4rlor! F\u00f6rdjupa dig i en stad d\u00e4r tradition och kultur dansar i harmoni, och d\u00e4r historien viskar fr\u00e5n dess gamla fiskmarknader till den f\u00e4rgstarka marinan. Gr\u00e4v fram hemligheter n\u00e4r du navigerar genom dess pittoreska gr\u00e4nder \u2013 Bunschoten-Spakenburg vimlar av extraordin\u00e4ra ber\u00e4ttelser som v\u00e4ntar p\u00e5 att uppt\u00e4ckas!<\/p>\n","protected":false},"featured_media":18747,"template":"","meta":{"_acf_changed":false,"_yoast_wpseo_focuskw":"Secrets of Bunschoten-Spakenburg","_yoast_wpseo_metadesc":"Secrets of Bunschoten-Spakenburg. Spela ett sj\u00e4lvguidad stadsspel och utforska staden genom pussel, g\u00e5tor och utmaningar. Spela i din egen takt och uppt\u00e4ck som en lokalbo!","_kad_blocks_custom_css":"","_kad_blocks_head_custom_js":"","_kad_blocks_body_custom_js":"","_kad_blocks_footer_custom_js":"","ghostkit_customizer_options":"","ghostkit_custom_css":"","ghostkit_custom_js_head":"","ghostkit_custom_js_foot":"","ghostkit_typography":"","_kad_post_transparent":"","_kad_post_title":"","_kad_post_layout":"","_kad_post_sidebar_id":"","_kad_post_content_style":"","_kad_post_vertical_padding":"","_kad_post_feature":"","_kad_post_feature_position":"","_kad_post_header":false,"_kad_post_footer":false,"_kad_post_classname":"","_links_to":"","_links_to_target":""},"game-concept":[730],"location":[108],"product_brand":[],"product_cat":[27],"product_tag":[],"class_list":{"0":"post-66320","1":"product","2":"type-product","3":"status-publish","4":"has-post-thumbnail","6":"game-concept-secrets","7":"location-bunschoten-spakenburg","8":"product_cat-geen-categorie","10":"first","11":"instock","12":"shipping-taxable","13":"purchasable","14":"product-type-simple","15":"entry","16":"content-bg","17":"loop-entry"},"acf":{"full_bokun_product_name":"Self-Guided Secrets of Bunschoten-Spakenburg Exploration Game","location_name":"Bunschoten-Spakenburg","bokun_calendar_widget_code":"<script type=\"text\/javascript\" src=\"https:\/\/widgets.bokun.io\/assets\/javascripts\/apps\/build\/BokunWidgetsLoader.js?bookingChannelUUID=a1e93e96-5232-4734-a595-28405f4b5a31\" async><\/script>\n     \n    <div class=\"bokunWidget\" data-src=\"https:\/\/widgets.bokun.io\/online-sales\/a1e93e96-5232-4734-a595-28405f4b5a31\/experience-calendar\/928042\"><\/div>\n    <noscript>Please enable javascript in your browser to book<\/noscript>","bokun_button_widget_code":"<script type=\"text\/javascript\" src=\"https:\/\/widgets.bokun.io\/assets\/javascripts\/apps\/build\/BokunWidgetsLoader.js?bookingChannelUUID=a1e93e96-5232-4734-a595-28405f4b5a31\" async><\/script>\n      <style> #bokun_ed001e45_5927_4f62_b470_ca766338d083 { display: inline-block; padding: .4em 1em; background: #47b82e; border-radius: 999999px; box-shadow: none; font-weight: 600; font-size: 24px; text-decoration: none; text-align: center; color: #FFFFFF; border:none; cursor: pointer; transition: background .2s ease; } #bokun_ed001e45_5927_4f62_b470_ca766338d083:hover{ background: #2f7b1f; } #bokun_ed001e45_5927_4f62_b470_ca766338d083:active{ background: #378f24; } <\/style> <button class=\"bokunButton\" disabled id=bokun_ed001e45_5927_4f62_b470_ca766338d083 data-src=\"https:\/\/widgets.bokun.io\/online-sales\/a1e93e96-5232-4734-a595-28405f4b5a31\/experience-calendar\/928042?partialView=1\" data-testid=\"widget-book-button\" > Book now <\/button> ","what_you\u2019ll_experience_during_the_game":"The Secrets of Bunschoten-Spakenburg City Game lockar dig till ett uppslukande \u00e4ventyr som s\u00f6ml\u00f6st f\u00f6renar storytelling, sightseeing och engagerande spelupplevelse. N\u00e4r du navigerar dig genom den charmiga holl\u00e4ndska staden Bunschoten-Spakenburg kommer du att interagera med en sp\u00e4nnande handling som avsl\u00f6jar b\u00e5de popul\u00e4ra och dolda p\u00e4rlor i omr\u00e5det. Din resa kommer att bjuda p\u00e5 en m\u00e5ngfald av h\u00f6jdpunkter, inklusive den historiska skeppsdockan, det intressanta hj\u00e4rtat av den gamla byn och det fantastiska hamnomr\u00e5det. Medan du uppt\u00e4cker dessa ikoniska enklav, kommer du att uppleva en k\u00e4nsla av utforskning och f\u00f6rundran, vilket berikar din f\u00f6rst\u00e5else f\u00f6r Bunschoten-Spakenburgs unika karakt\u00e4r och kultur.\n\nN\u00e4r du utforskar Bunschoten-Spakenburg kommer du att kasta dig rakt in i en serie roliga och tankev\u00e4ckande utmaningar som kommer att testa din probleml\u00f6sningsf\u00f6rm\u00e5ga. G\u00e5tor, pussel och kreativa fotouppgifter erbjuder inte bara en sp\u00e4nnande berg- och dalbana av n\u00f6je utan fungerar ocks\u00e5 som verktyg f\u00f6r att gr\u00e4va fram po\u00e4ng som driver dig fram\u00e5t i spelet. Att l\u00e5sa upp ledtr\u00e5dar och komma n\u00e4rmare att l\u00f6sa spelets centrala mysterium bit f\u00f6r bit \u00e4r en elektrifierande upplevelse. En annan f\u00f6rdel med detta City Game \u00e4r den flexibilitet det erbjuder; du kan pausa n\u00e4r som helst och \u00e5teruppta din expedition n\u00e4r du k\u00e4nner f\u00f6r det. F\u00f6r dem med en t\u00e4vlingsanda finns det den extra sp\u00e4nningen med att kl\u00e4ttra p\u00e5 topplistan. Att t\u00e4vla mot andra resen\u00e4rer i detta utforskningsspel skapar en dynamisk twist, som l\u00e4gger till ett extra lager av sp\u00e4nning till ditt Bunschoten-Spakenburg-\u00e4ventyr.","how_to_play":"Boka utforskningsspelet, kolla e-postmeddelandet vi skickar dig med de enkla instruktionerna, ladda ner Loquiz-appen, \u00f6ppna utforskningsspelet och du \u00e4r redo att p\u00e5b\u00f6rja din spelupplevelse!","start_location":"Bunschoten-Spakenburg, Spuiplein","available_languages":["en"],"players_per_group":"1-4","duration":"1.5-2 hours","image_overlay_color_image":"https:\/\/testwebsite.citygame.com\/wp-content\/blogs.dir\/1\/files\/sites\/62\/2026\/01\/SecretsColor.svg","image_overlay_game_logo":"https:\/\/testwebsite.citygame.com\/wp-content\/blogs.dir\/1\/files\/sites\/62\/2026\/01\/SecretsLogo.png","city_page":15788,"woocommerce_general_content":null},"yoast_head":"<!-- This site is optimized with the Yoast SEO Premium plugin v26.2 (Yoast SEO v26.3) - https:\/\/yoast.com\/wordpress\/plugins\/seo\/ -->\n<title>Secrets of Bunschoten-Spakenburg - City Game<\/title>\n<meta name=\"description\" content=\"Secrets of Bunschoten-Spakenburg. Spela ett sj\u00e4lvguidad stadsspel och utforska staden genom pussel, g\u00e5tor och utmaningar. Spela i din egen takt och uppt\u00e4ck som en lokalbo!\" \/>\n<meta name=\"robots\" content=\"noindex, follow, max-snippet:-1, max-image-preview:large, max-video-preview:-1\" \/>\n<meta property=\"og:locale\" content=\"sv_SE\" \/>\n<meta property=\"og:type\" content=\"article\" \/>\n<meta property=\"og:title\" content=\"Secrets of Bunschoten-Spakenburg\" \/>\n<meta property=\"og:description\" content=\"Secrets of Bunschoten-Spakenburg. Spela ett sj\u00e4lvguidad stadsspel och utforska staden genom pussel, g\u00e5tor och utmaningar. Spela i din egen takt och uppt\u00e4ck som en lokalbo!\" \/>\n<meta property=\"og:url\" content=\"https:\/\/testwebsite.citygame.com\/sv\/games\/bunschoten-spakenburg\/secrets-of-bunschoten-spakenburg\/\" \/>\n<meta property=\"og:site_name\" content=\"City Game\" \/>\n<meta property=\"article:publisher\" content=\"https:\/\/www.facebook.com\/profile.php?id=100086426226253\" \/>\n<meta property=\"article:modified_time\" content=\"2026-04-08T18:58:01+00:00\" \/>\n<meta property=\"og:image\" content=\"https:\/\/testwebsite.citygame.com\/wp-content\/blogs.dir\/1\/files\/sites\/62\/2026\/03\/group-of-friends-playing-city-game-bunschoten-spakenburg.jpg\" \/>\n\t<meta property=\"og:image:width\" content=\"1024\" \/>\n\t<meta property=\"og:image:height\" content=\"1024\" \/>\n\t<meta property=\"og:image:type\" content=\"image\/jpeg\" \/>\n<meta name=\"twitter:card\" content=\"summary_large_image\" \/>\n<meta name=\"twitter:label1\" content=\"Ber\u00e4knad l\u00e4stid\" \/>\n\t<meta name=\"twitter:data1\" content=\"1 minut\" \/>\n<script type=\"application\/ld+json\" class=\"yoast-schema-graph\">{\"@context\":\"https:\/\/schema.org\",\"@graph\":[{\"@type\":\"WebPage\",\"@id\":\"https:\/\/testwebsite.citygame.com\/sv\/games\/bunschoten-spakenburg\/secrets-of-bunschoten-spakenburg\/\",\"url\":\"https:\/\/testwebsite.citygame.com\/sv\/games\/bunschoten-spakenburg\/secrets-of-bunschoten-spakenburg\/\",\"name\":\"Secrets of Bunschoten-Spakenburg - City Game\",\"isPartOf\":{\"@id\":\"https:\/\/testwebsite.upevents.nl\/#website\"},\"primaryImageOfPage\":{\"@id\":\"https:\/\/testwebsite.citygame.com\/sv\/games\/bunschoten-spakenburg\/secrets-of-bunschoten-spakenburg\/#primaryimage\"},\"image\":{\"@id\":\"https:\/\/testwebsite.citygame.com\/sv\/games\/bunschoten-spakenburg\/secrets-of-bunschoten-spakenburg\/#primaryimage\"},\"thumbnailUrl\":\"https:\/\/testwebsite.citygame.com\/wp-content\/blogs.dir\/1\/files\/sites\/62\/2026\/03\/group-of-friends-playing-city-game-bunschoten-spakenburg.jpg\",\"datePublished\":\"2026-03-13T15:50:41+00:00\",\"dateModified\":\"2026-04-08T18:58:01+00:00\",\"description\":\"Secrets of Bunschoten-Spakenburg. Spela ett sj\u00e4lvguidad stadsspel och utforska staden genom pussel, g\u00e5tor och utmaningar. Spela i din egen takt och uppt\u00e4ck som en lokalbo!\",\"breadcrumb\":{\"@id\":\"https:\/\/testwebsite.citygame.com\/sv\/games\/bunschoten-spakenburg\/secrets-of-bunschoten-spakenburg\/#breadcrumb\"},\"inLanguage\":\"sv-SE\",\"potentialAction\":[{\"@type\":\"ReadAction\",\"target\":[\"https:\/\/testwebsite.citygame.com\/sv\/games\/bunschoten-spakenburg\/secrets-of-bunschoten-spakenburg\/\"]}]},{\"@type\":\"ImageObject\",\"inLanguage\":\"sv-SE\",\"@id\":\"https:\/\/testwebsite.citygame.com\/sv\/games\/bunschoten-spakenburg\/secrets-of-bunschoten-spakenburg\/#primaryimage\",\"url\":\"https:\/\/testwebsite.citygame.com\/wp-content\/blogs.dir\/1\/files\/sites\/62\/2026\/03\/group-of-friends-playing-city-game-bunschoten-spakenburg.jpg\",\"contentUrl\":\"https:\/\/testwebsite.citygame.com\/wp-content\/blogs.dir\/1\/files\/sites\/62\/2026\/03\/group-of-friends-playing-city-game-bunschoten-spakenburg.jpg\",\"width\":1024,\"height\":1024,\"caption\":\"A group of friends looks at a smartphone by the sunny harbor in Bunschoten-Spakenburg. Image: Google\"},{\"@type\":\"BreadcrumbList\",\"@id\":\"https:\/\/testwebsite.citygame.com\/sv\/games\/bunschoten-spakenburg\/secrets-of-bunschoten-spakenburg\/#breadcrumb\",\"itemListElement\":[{\"@type\":\"ListItem\",\"position\":1,\"name\":\"Home\",\"item\":\"https:\/\/testwebsite.citygame.com\/sv\/\"},{\"@type\":\"ListItem\",\"position\":2,\"name\":\"Shop\",\"item\":\"https:\/\/testwebsite.citygame.com\/shop\/\"},{\"@type\":\"ListItem\",\"position\":3,\"name\":\"Secrets of Bunschoten-Spakenburg\"}]},{\"@type\":\"WebSite\",\"@id\":\"https:\/\/testwebsite.upevents.nl\/#website\",\"url\":\"https:\/\/testwebsite.upevents.nl\/\",\"name\":\"City Game\",\"description\":\"\",\"publisher\":{\"@id\":\"https:\/\/testwebsite.upevents.nl\/#organization\"},\"alternateName\":\"citygame.com\",\"potentialAction\":[{\"@type\":\"SearchAction\",\"target\":{\"@type\":\"EntryPoint\",\"urlTemplate\":\"https:\/\/testwebsite.upevents.nl\/?s={search_term_string}\"},\"query-input\":{\"@type\":\"PropertyValueSpecification\",\"valueRequired\":true,\"valueName\":\"search_term_string\"}}],\"inLanguage\":\"sv-SE\"},{\"@type\":[\"Organization\",\"Place\"],\"@id\":\"https:\/\/testwebsite.upevents.nl\/#organization\",\"name\":\"City Game\",\"alternateName\":\"citygame.com\",\"url\":\"https:\/\/testwebsite.upevents.nl\/\",\"logo\":{\"@id\":\"https:\/\/testwebsite.citygame.com\/sv\/games\/bunschoten-spakenburg\/secrets-of-bunschoten-spakenburg\/#local-main-organization-logo\"},\"image\":{\"@id\":\"https:\/\/testwebsite.citygame.com\/sv\/games\/bunschoten-spakenburg\/secrets-of-bunschoten-spakenburg\/#local-main-organization-logo\"},\"sameAs\":[\"https:\/\/www.facebook.com\/profile.php?id=100086426226253\",\"https:\/\/www.instagram.com\/citygame_com\",\"https:\/\/www.tiktok.com\/@citygamecom\/\",\"https:\/\/www.linkedin.com\/company\/citygame-com\"],\"description\":\"Turn any city into a playground with our interactive City Games and self-guided tours. Fun, flexible, and ideal for groups and team building.\",\"telephone\":[],\"openingHoursSpecification\":[{\"@type\":\"OpeningHoursSpecification\",\"dayOfWeek\":[\"Monday\",\"Tuesday\",\"Wednesday\",\"Thursday\",\"Friday\",\"Saturday\",\"Sunday\"],\"opens\":\"09:00\",\"closes\":\"17:00\"}]},{\"@type\":\"ImageObject\",\"inLanguage\":\"sv-SE\",\"@id\":\"https:\/\/testwebsite.citygame.com\/sv\/games\/bunschoten-spakenburg\/secrets-of-bunschoten-spakenburg\/#local-main-organization-logo\",\"url\":\"https:\/\/testwebsite.citygame.com\/wp-content\/blogs.dir\/1\/files\/sites\/62\/2025\/10\/CG_LOGO-City-Game.png\",\"contentUrl\":\"https:\/\/testwebsite.citygame.com\/wp-content\/blogs.dir\/1\/files\/sites\/62\/2025\/10\/CG_LOGO-City-Game.png\",\"width\":351,\"height\":377,\"caption\":\"City Game\"}]}<\/script>\n<!-- \/ Yoast SEO Premium plugin. -->","yoast_head_json":{"title":"Secrets of Bunschoten-Spakenburg - City Game","description":"Secrets of Bunschoten-Spakenburg. Spela ett sj\u00e4lvguidad stadsspel och utforska staden genom pussel, g\u00e5tor och utmaningar. Spela i din egen takt och uppt\u00e4ck som en lokalbo!","robots":{"index":"noindex","follow":"follow","max-snippet":"max-snippet:-1","max-image-preview":"max-image-preview:large","max-video-preview":"max-video-preview:-1"},"og_locale":"sv_SE","og_type":"article","og_title":"Secrets of Bunschoten-Spakenburg","og_description":"Secrets of Bunschoten-Spakenburg. Spela ett sj\u00e4lvguidad stadsspel och utforska staden genom pussel, g\u00e5tor och utmaningar. Spela i din egen takt och uppt\u00e4ck som en lokalbo!","og_url":"https:\/\/testwebsite.citygame.com\/sv\/games\/bunschoten-spakenburg\/secrets-of-bunschoten-spakenburg\/","og_site_name":"City Game","article_publisher":"https:\/\/www.facebook.com\/profile.php?id=100086426226253","article_modified_time":"2026-04-08T18:58:01+00:00","og_image":[{"width":1024,"height":1024,"url":"https:\/\/testwebsite.citygame.com\/wp-content\/blogs.dir\/1\/files\/sites\/62\/2026\/03\/group-of-friends-playing-city-game-bunschoten-spakenburg.jpg","type":"image\/jpeg"}],"twitter_card":"summary_large_image","twitter_misc":{"Ber\u00e4knad l\u00e4stid":"1 minut"},"schema":{"@context":"https:\/\/schema.org","@graph":[{"@type":"WebPage","@id":"https:\/\/testwebsite.citygame.com\/sv\/games\/bunschoten-spakenburg\/secrets-of-bunschoten-spakenburg\/","url":"https:\/\/testwebsite.citygame.com\/sv\/games\/bunschoten-spakenburg\/secrets-of-bunschoten-spakenburg\/","name":"Secrets of Bunschoten-Spakenburg - City Game","isPartOf":{"@id":"https:\/\/testwebsite.upevents.nl\/#website"},"primaryImageOfPage":{"@id":"https:\/\/testwebsite.citygame.com\/sv\/games\/bunschoten-spakenburg\/secrets-of-bunschoten-spakenburg\/#primaryimage"},"image":{"@id":"https:\/\/testwebsite.citygame.com\/sv\/games\/bunschoten-spakenburg\/secrets-of-bunschoten-spakenburg\/#primaryimage"},"thumbnailUrl":"https:\/\/testwebsite.citygame.com\/wp-content\/blogs.dir\/1\/files\/sites\/62\/2026\/03\/group-of-friends-playing-city-game-bunschoten-spakenburg.jpg","datePublished":"2026-03-13T15:50:41+00:00","dateModified":"2026-04-08T18:58:01+00:00","description":"Secrets of Bunschoten-Spakenburg. Spela ett sj\u00e4lvguidad stadsspel och utforska staden genom pussel, g\u00e5tor och utmaningar. Spela i din egen takt och uppt\u00e4ck som en lokalbo!","breadcrumb":{"@id":"https:\/\/testwebsite.citygame.com\/sv\/games\/bunschoten-spakenburg\/secrets-of-bunschoten-spakenburg\/#breadcrumb"},"inLanguage":"sv-SE","potentialAction":[{"@type":"ReadAction","target":["https:\/\/testwebsite.citygame.com\/sv\/games\/bunschoten-spakenburg\/secrets-of-bunschoten-spakenburg\/"]}]},{"@type":"ImageObject","inLanguage":"sv-SE","@id":"https:\/\/testwebsite.citygame.com\/sv\/games\/bunschoten-spakenburg\/secrets-of-bunschoten-spakenburg\/#primaryimage","url":"https:\/\/testwebsite.citygame.com\/wp-content\/blogs.dir\/1\/files\/sites\/62\/2026\/03\/group-of-friends-playing-city-game-bunschoten-spakenburg.jpg","contentUrl":"https:\/\/testwebsite.citygame.com\/wp-content\/blogs.dir\/1\/files\/sites\/62\/2026\/03\/group-of-friends-playing-city-game-bunschoten-spakenburg.jpg","width":1024,"height":1024,"caption":"A group of friends looks at a smartphone by the sunny harbor in Bunschoten-Spakenburg. Image: Google"},{"@type":"BreadcrumbList","@id":"https:\/\/testwebsite.citygame.com\/sv\/games\/bunschoten-spakenburg\/secrets-of-bunschoten-spakenburg\/#breadcrumb","itemListElement":[{"@type":"ListItem","position":1,"name":"Home","item":"https:\/\/testwebsite.citygame.com\/sv\/"},{"@type":"ListItem","position":2,"name":"Shop","item":"https:\/\/testwebsite.citygame.com\/shop\/"},{"@type":"ListItem","position":3,"name":"Secrets of Bunschoten-Spakenburg"}]},{"@type":"WebSite","@id":"https:\/\/testwebsite.upevents.nl\/#website","url":"https:\/\/testwebsite.upevents.nl\/","name":"City Game","description":"","publisher":{"@id":"https:\/\/testwebsite.upevents.nl\/#organization"},"alternateName":"citygame.com","potentialAction":[{"@type":"SearchAction","target":{"@type":"EntryPoint","urlTemplate":"https:\/\/testwebsite.upevents.nl\/?s={search_term_string}"},"query-input":{"@type":"PropertyValueSpecification","valueRequired":true,"valueName":"search_term_string"}}],"inLanguage":"sv-SE"},{"@type":["Organization","Place"],"@id":"https:\/\/testwebsite.upevents.nl\/#organization","name":"City Game","alternateName":"citygame.com","url":"https:\/\/testwebsite.upevents.nl\/","logo":{"@id":"https:\/\/testwebsite.citygame.com\/sv\/games\/bunschoten-spakenburg\/secrets-of-bunschoten-spakenburg\/#local-main-organization-logo"},"image":{"@id":"https:\/\/testwebsite.citygame.com\/sv\/games\/bunschoten-spakenburg\/secrets-of-bunschoten-spakenburg\/#local-main-organization-logo"},"sameAs":["https:\/\/www.facebook.com\/profile.php?id=100086426226253","https:\/\/www.instagram.com\/citygame_com","https:\/\/www.tiktok.com\/@citygamecom\/","https:\/\/www.linkedin.com\/company\/citygame-com"],"description":"Turn any city into a playground with our interactive City Games and self-guided tours. Fun, flexible, and ideal for groups and team building.","telephone":[],"openingHoursSpecification":[{"@type":"OpeningHoursSpecification","dayOfWeek":["Monday","Tuesday","Wednesday","Thursday","Friday","Saturday","Sunday"],"opens":"09:00","closes":"17:00"}]},{"@type":"ImageObject","inLanguage":"sv-SE","@id":"https:\/\/testwebsite.citygame.com\/sv\/games\/bunschoten-spakenburg\/secrets-of-bunschoten-spakenburg\/#local-main-organization-logo","url":"https:\/\/testwebsite.citygame.com\/wp-content\/blogs.dir\/1\/files\/sites\/62\/2025\/10\/CG_LOGO-City-Game.png","contentUrl":"https:\/\/testwebsite.citygame.com\/wp-content\/blogs.dir\/1\/files\/sites\/62\/2025\/10\/CG_LOGO-City-Game.png","width":351,"height":377,"caption":"City Game"}]}},"taxonomy_info":{"game-concept":[{"value":730,"label":"Secrets"}],"location":[{"value":108,"label":"Bunschoten-Spakenburg"}],"product_cat":[{"value":27,"label":"Geen categorie"}]},"featured_image_src_large":["https:\/\/testwebsite.citygame.com\/wp-content\/blogs.dir\/1\/files\/sites\/62\/2026\/03\/group-of-friends-playing-city-game-bunschoten-spakenburg.jpg",1024,1024,false],"author_info":[],"comment_info":"","_links":{"self":[{"href":"https:\/\/testwebsite.citygame.com\/sv\/wp-json\/wp\/v2\/product\/66320","targetHints":{"allow":["GET"]}}],"collection":[{"href":"https:\/\/testwebsite.citygame.com\/sv\/wp-json\/wp\/v2\/product"}],"about":[{"href":"https:\/\/testwebsite.citygame.com\/sv\/wp-json\/wp\/v2\/types\/product"}],"acf:post":[{"embeddable":true,"href":"https:\/\/testwebsite.citygame.com\/sv\/wp-json\/wp\/v2\/pages\/15788"}],"wp:featuredmedia":[{"embeddable":true,"href":"https:\/\/testwebsite.citygame.com\/sv\/wp-json\/wp\/v2\/media\/18747"}],"wp:attachment":[{"href":"https:\/\/testwebsite.citygame.com\/sv\/wp-json\/wp\/v2\/media?parent=66320"}],"wp:term":[{"taxonomy":"game-concept","embeddable":true,"href":"https:\/\/testwebsite.citygame.com\/sv\/wp-json\/wp\/v2\/game-concept?post=66320"},{"taxonomy":"location","embeddable":true,"href":"https:\/\/testwebsite.citygame.com\/sv\/wp-json\/wp\/v2\/location?post=66320"},{"taxonomy":"product_brand","embeddable":true,"href":"https:\/\/testwebsite.citygame.com\/sv\/wp-json\/wp\/v2\/product_brand?post=66320"},{"taxonomy":"product_cat","embeddable":true,"href":"https:\/\/testwebsite.citygame.com\/sv\/wp-json\/wp\/v2\/product_cat?post=66320"},{"taxonomy":"product_tag","embeddable":true,"href":"https:\/\/testwebsite.citygame.com\/sv\/wp-json\/wp\/v2\/product_tag?post=66320"}],"curies":[{"name":"wp","href":"https:\/\/api.w.org\/{rel}","templated":true}]}}