{"id":64897,"date":"2026-02-06T12:05:37","date_gmt":"2026-02-06T12:05:37","guid":{"rendered":"https:\/\/testwebsite.citygame.com\/games\/unknown-location\/sherlock-holmes-helsinki\/"},"modified":"2026-04-08T14:54:10","modified_gmt":"2026-04-08T14:54:10","slug":"sherlock-holmes-helsinki","status":"publish","type":"product","link":"https:\/\/testwebsite.citygame.com\/sv\/games\/helsinki\/sherlock-holmes-helsinki\/","title":{"rendered":"Sherlock Holmes Helsinki"},"content":{"rendered":"<p>Kliv in i Sherlock Holmes skor i detta sj\u00e4lvguidade, ber\u00e4ttelsedrivna mordmysterium City Game som utspelar sig i Helsingfors historiska stadsk\u00e4rna. N\u00e4r ett chockerande mord intr\u00e4ffar under Liberty Festival, navigerar du stadens gator f\u00f6r att samla ledtr\u00e5dar, l\u00f6sa intrikata pussel och f\u00f6rh\u00f6ra digitala misst\u00e4nkta. Medan ber\u00e4ttelsen vecklas ut runt dig kan du njuta av friheten att spela i din egen takt samtidigt som du f\u00f6rdjupar dig i en f\u00e4ngslande detektivutredning olik alla andra.<\/p>\n","protected":false},"excerpt":{"rendered":"<p>Kliv in i den legendariske Sherlock Holmes skor och f\u00f6rdjupa dig i ett fascinerande, sj\u00e4lvguidad mordmysterium mitt i hj\u00e4rtat av Helsingfors. Tillsammans med ditt team kommer ni att m\u00f6ta ett intrikat n\u00e4t av ledtr\u00e5dar, l\u00f6sa sp\u00e4nnande pussel och str\u00e4va efter att avsl\u00f6ja sanningen mot klockan &#8211; spelet har b\u00f6rjat!<\/p>\n","protected":false},"featured_media":11260,"template":"","meta":{"_acf_changed":false,"_yoast_wpseo_focuskw":"Sherlock Holmes Helsinki","_yoast_wpseo_metadesc":"Sherlock Holmes Helsinki. Spela ett sj\u00e4lvguidad mordmysterium City Game, l\u00f6s pussel, f\u00f6lj ledtr\u00e5dar och avsl\u00f6ja m\u00f6rdaren i din egen takt!","_kad_blocks_custom_css":"","_kad_blocks_head_custom_js":"","_kad_blocks_body_custom_js":"","_kad_blocks_footer_custom_js":"","ghostkit_customizer_options":"","ghostkit_custom_css":"","ghostkit_custom_js_head":"","ghostkit_custom_js_foot":"","ghostkit_typography":"","_kad_post_transparent":"","_kad_post_title":"","_kad_post_layout":"","_kad_post_sidebar_id":"","_kad_post_content_style":"","_kad_post_vertical_padding":"","_kad_post_feature":"","_kad_post_feature_position":"","_kad_post_header":false,"_kad_post_footer":false,"_kad_post_classname":"","_links_to":"","_links_to_target":""},"game-concept":[791],"location":[197],"product_brand":[],"product_cat":[27],"product_tag":[],"class_list":{"0":"post-64897","1":"product","2":"type-product","3":"status-publish","4":"has-post-thumbnail","6":"game-concept-sherlock","7":"location-helsinki","8":"product_cat-geen-categorie","10":"first","11":"instock","12":"shipping-taxable","13":"purchasable","14":"product-type-simple","15":"entry","16":"content-bg","17":"loop-entry"},"acf":{"full_bokun_product_name":"Helsinki Self-Guided Sherlock Holmes Helsinki Murder Mystery Game","location_name":"Helsinki","bokun_calendar_widget_code":"<script type=\"text\/javascript\" src=\"https:\/\/widgets.bokun.io\/assets\/javascripts\/apps\/build\/BokunWidgetsLoader.js?bookingChannelUUID=a1e93e96-5232-4734-a595-28405f4b5a31\" async><\/script>\n     \n    <div class=\"bokunWidget\" data-src=\"https:\/\/widgets.bokun.io\/online-sales\/a1e93e96-5232-4734-a595-28405f4b5a31\/experience-calendar\/734183\"><\/div>\n    <noscript>Please enable javascript in your browser to book<\/noscript>","bokun_button_widget_code":"<script type=\"text\/javascript\" src=\"https:\/\/widgets.bokun.io\/assets\/javascripts\/apps\/build\/BokunWidgetsLoader.js?bookingChannelUUID=a1e93e96-5232-4734-a595-28405f4b5a31\" async><\/script>\n      <style> #bokun_ed001e45_5927_4f62_b470_ca766338d083 { display: inline-block; padding: .4em 1em; background: #47b82e; border-radius: 999999px; box-shadow: none; font-weight: 600; font-size: 24px; text-decoration: none; text-align: center; color: #FFFFFF; border:none; cursor: pointer; transition: background .2s ease; } #bokun_ed001e45_5927_4f62_b470_ca766338d083:hover{ background: #2f7b1f; } #bokun_ed001e45_5927_4f62_b470_ca766338d083:active{ background: #378f24; } <\/style> <button class=\"bokunButton\" disabled id=bokun_ed001e45_5927_4f62_b470_ca766338d083 data-src=\"https:\/\/widgets.bokun.io\/online-sales\/a1e93e96-5232-4734-a595-28405f4b5a31\/experience-calendar\/734183?partialView=1\" data-testid=\"widget-book-button\" > Book now <\/button> ","what_you\u2019ll_experience_during_the_game":"Du kliver in i en gripande detektivhistoria som utspelar sig i hj\u00e4rtat av Helsingfors, d\u00e4r ett chockerande mord under Liberty Festival st\u00f6r friden. Medan utredningen utvecklas r\u00f6r du dig genom stadens gator, f\u00f6ljer ett sp\u00e5r av dolda ledtr\u00e5dar och kryptiska meddelanden som f\u00f6rdjupar mysteriet f\u00f6r varje steg. Varje plats drar dig djupare in i ber\u00e4ttelsen och utmanar dig att s\u00e4tta ihop bevis och navigera ov\u00e4ntade v\u00e4ndningar i fallet.\n\nDin resa \u00e4r helt ber\u00e4ttelsedriven och drar dig in i en v\u00e4rld av digitala misst\u00e4nkta, f\u00f6rbisedda alibin och begravda mots\u00e4gelser. Du kommer att f\u00f6rh\u00f6ra nyckelpersoner, analysera uttalanden och anv\u00e4nda noggrann deduktion f\u00f6r att smalna av din lista \u00f6ver misst\u00e4nkta. Kritiskt t\u00e4nkande och skarp observation \u00e4r dina viktigaste verktyg, och du kan spela helt i din egen takt, pausa och \u00e5teruppta n\u00e4r du vill. F\u00f6r de som spelar i team ger en touch av t\u00e4vling extra br\u00e5dska till att avsl\u00f6ja sanningen.","how_to_play":"Arbeta solo eller med v\u00e4nner, familj eller kollegor i team om upp till fyra per enhet. Efter bokning f\u00e5r du ett e-postmeddelande med instruktioner med allt du beh\u00f6ver.","start_location":"Rautatientori","available_languages":["en","es","fr","de","it","nl"],"players_per_group":"1-4","duration":"1.5-2 hours","image_overlay_color_image":"https:\/\/testwebsite.citygame.com\/wp-content\/blogs.dir\/1\/files\/sites\/62\/2026\/01\/SherlockColor.svg","image_overlay_game_logo":"https:\/\/testwebsite.citygame.com\/wp-content\/blogs.dir\/1\/files\/sites\/62\/2026\/01\/SherlockLogo.png","city_page":8217,"woocommerce_general_content":null},"yoast_head":"<!-- This site is optimized with the Yoast SEO Premium plugin v26.2 (Yoast SEO v26.3) - https:\/\/yoast.com\/wordpress\/plugins\/seo\/ -->\n<title>Sherlock Holmes Helsinki - City Game<\/title>\n<meta name=\"description\" content=\"Sherlock Holmes Helsinki. Spela ett sj\u00e4lvguidad mordmysterium City Game, l\u00f6s pussel, f\u00f6lj ledtr\u00e5dar och avsl\u00f6ja m\u00f6rdaren i din egen takt!\" \/>\n<meta name=\"robots\" content=\"noindex, follow, max-snippet:-1, max-image-preview:large, max-video-preview:-1\" \/>\n<meta property=\"og:locale\" content=\"sv_SE\" \/>\n<meta property=\"og:type\" content=\"article\" \/>\n<meta property=\"og:title\" content=\"Sherlock Holmes Helsinki\" \/>\n<meta property=\"og:description\" content=\"Sherlock Holmes Helsinki. Spela ett sj\u00e4lvguidad mordmysterium City Game, l\u00f6s pussel, f\u00f6lj ledtr\u00e5dar och avsl\u00f6ja m\u00f6rdaren i din egen takt!\" \/>\n<meta property=\"og:url\" content=\"https:\/\/testwebsite.citygame.com\/sv\/games\/helsinki\/sherlock-holmes-helsinki\/\" \/>\n<meta property=\"og:site_name\" content=\"City Game\" \/>\n<meta property=\"article:publisher\" content=\"https:\/\/www.facebook.com\/profile.php?id=100086426226253\" \/>\n<meta property=\"article:modified_time\" content=\"2026-04-08T14:54:10+00:00\" \/>\n<meta property=\"og:image\" content=\"https:\/\/testwebsite.citygame.com\/wp-content\/blogs.dir\/1\/files\/sites\/62\/2026\/02\/man-playing-sherlock-city-game-helsinki-cobblestone-street.jpg\" \/>\n\t<meta property=\"og:image:width\" content=\"1344\" \/>\n\t<meta property=\"og:image:height\" content=\"768\" \/>\n\t<meta property=\"og:image:type\" content=\"image\/jpeg\" \/>\n<meta name=\"twitter:card\" content=\"summary_large_image\" \/>\n<script type=\"application\/ld+json\" class=\"yoast-schema-graph\">{\"@context\":\"https:\/\/schema.org\",\"@graph\":[{\"@type\":\"WebPage\",\"@id\":\"https:\/\/testwebsite.citygame.com\/sv\/games\/helsinki\/sherlock-holmes-helsinki\/\",\"url\":\"https:\/\/testwebsite.citygame.com\/sv\/games\/helsinki\/sherlock-holmes-helsinki\/\",\"name\":\"Sherlock Holmes Helsinki - City Game\",\"isPartOf\":{\"@id\":\"https:\/\/testwebsite.upevents.nl\/#website\"},\"primaryImageOfPage\":{\"@id\":\"https:\/\/testwebsite.citygame.com\/sv\/games\/helsinki\/sherlock-holmes-helsinki\/#primaryimage\"},\"image\":{\"@id\":\"https:\/\/testwebsite.citygame.com\/sv\/games\/helsinki\/sherlock-holmes-helsinki\/#primaryimage\"},\"thumbnailUrl\":\"https:\/\/testwebsite.citygame.com\/wp-content\/blogs.dir\/1\/files\/sites\/62\/2026\/02\/man-playing-sherlock-city-game-helsinki-cobblestone-street.jpg\",\"datePublished\":\"2026-02-06T12:05:37+00:00\",\"dateModified\":\"2026-04-08T14:54:10+00:00\",\"description\":\"Sherlock Holmes Helsinki. Spela ett sj\u00e4lvguidad mordmysterium City Game, l\u00f6s pussel, f\u00f6lj ledtr\u00e5dar och avsl\u00f6ja m\u00f6rdaren i din egen takt!\",\"breadcrumb\":{\"@id\":\"https:\/\/testwebsite.citygame.com\/sv\/games\/helsinki\/sherlock-holmes-helsinki\/#breadcrumb\"},\"inLanguage\":\"sv-SE\",\"potentialAction\":[{\"@type\":\"ReadAction\",\"target\":[\"https:\/\/testwebsite.citygame.com\/sv\/games\/helsinki\/sherlock-holmes-helsinki\/\"]}]},{\"@type\":\"ImageObject\",\"inLanguage\":\"sv-SE\",\"@id\":\"https:\/\/testwebsite.citygame.com\/sv\/games\/helsinki\/sherlock-holmes-helsinki\/#primaryimage\",\"url\":\"https:\/\/testwebsite.citygame.com\/wp-content\/blogs.dir\/1\/files\/sites\/62\/2026\/02\/man-playing-sherlock-city-game-helsinki-cobblestone-street.jpg\",\"contentUrl\":\"https:\/\/testwebsite.citygame.com\/wp-content\/blogs.dir\/1\/files\/sites\/62\/2026\/02\/man-playing-sherlock-city-game-helsinki-cobblestone-street.jpg\",\"width\":1344,\"height\":768,\"caption\":\"A player uses his smartphone to explore the historic, narrow streets of the city during a game.\"},{\"@type\":\"BreadcrumbList\",\"@id\":\"https:\/\/testwebsite.citygame.com\/sv\/games\/helsinki\/sherlock-holmes-helsinki\/#breadcrumb\",\"itemListElement\":[{\"@type\":\"ListItem\",\"position\":1,\"name\":\"Home\",\"item\":\"https:\/\/testwebsite.citygame.com\/sv\/\"},{\"@type\":\"ListItem\",\"position\":2,\"name\":\"Shop\",\"item\":\"https:\/\/testwebsite.citygame.com\/shop\/\"},{\"@type\":\"ListItem\",\"position\":3,\"name\":\"Sherlock Holmes Helsinki\"}]},{\"@type\":\"WebSite\",\"@id\":\"https:\/\/testwebsite.upevents.nl\/#website\",\"url\":\"https:\/\/testwebsite.upevents.nl\/\",\"name\":\"City Game\",\"description\":\"\",\"publisher\":{\"@id\":\"https:\/\/testwebsite.upevents.nl\/#organization\"},\"alternateName\":\"citygame.com\",\"potentialAction\":[{\"@type\":\"SearchAction\",\"target\":{\"@type\":\"EntryPoint\",\"urlTemplate\":\"https:\/\/testwebsite.upevents.nl\/?s={search_term_string}\"},\"query-input\":{\"@type\":\"PropertyValueSpecification\",\"valueRequired\":true,\"valueName\":\"search_term_string\"}}],\"inLanguage\":\"sv-SE\"},{\"@type\":[\"Organization\",\"Place\"],\"@id\":\"https:\/\/testwebsite.upevents.nl\/#organization\",\"name\":\"City Game\",\"alternateName\":\"citygame.com\",\"url\":\"https:\/\/testwebsite.upevents.nl\/\",\"logo\":{\"@id\":\"https:\/\/testwebsite.citygame.com\/sv\/games\/helsinki\/sherlock-holmes-helsinki\/#local-main-organization-logo\"},\"image\":{\"@id\":\"https:\/\/testwebsite.citygame.com\/sv\/games\/helsinki\/sherlock-holmes-helsinki\/#local-main-organization-logo\"},\"sameAs\":[\"https:\/\/www.facebook.com\/profile.php?id=100086426226253\",\"https:\/\/www.instagram.com\/citygame_com\",\"https:\/\/www.tiktok.com\/@citygamecom\/\",\"https:\/\/www.linkedin.com\/company\/citygame-com\"],\"description\":\"Turn any city into a playground with our interactive City Games and self-guided tours. Fun, flexible, and ideal for groups and team building.\",\"telephone\":[],\"openingHoursSpecification\":[{\"@type\":\"OpeningHoursSpecification\",\"dayOfWeek\":[\"Monday\",\"Tuesday\",\"Wednesday\",\"Thursday\",\"Friday\",\"Saturday\",\"Sunday\"],\"opens\":\"09:00\",\"closes\":\"17:00\"}]},{\"@type\":\"ImageObject\",\"inLanguage\":\"sv-SE\",\"@id\":\"https:\/\/testwebsite.citygame.com\/sv\/games\/helsinki\/sherlock-holmes-helsinki\/#local-main-organization-logo\",\"url\":\"https:\/\/testwebsite.citygame.com\/wp-content\/blogs.dir\/1\/files\/sites\/62\/2025\/10\/CG_LOGO-City-Game.png\",\"contentUrl\":\"https:\/\/testwebsite.citygame.com\/wp-content\/blogs.dir\/1\/files\/sites\/62\/2025\/10\/CG_LOGO-City-Game.png\",\"width\":351,\"height\":377,\"caption\":\"City Game\"}]}<\/script>\n<!-- \/ Yoast SEO Premium plugin. -->","yoast_head_json":{"title":"Sherlock Holmes Helsinki - City Game","description":"Sherlock Holmes Helsinki. Spela ett sj\u00e4lvguidad mordmysterium City Game, l\u00f6s pussel, f\u00f6lj ledtr\u00e5dar och avsl\u00f6ja m\u00f6rdaren i din egen takt!","robots":{"index":"noindex","follow":"follow","max-snippet":"max-snippet:-1","max-image-preview":"max-image-preview:large","max-video-preview":"max-video-preview:-1"},"og_locale":"sv_SE","og_type":"article","og_title":"Sherlock Holmes Helsinki","og_description":"Sherlock Holmes Helsinki. Spela ett sj\u00e4lvguidad mordmysterium City Game, l\u00f6s pussel, f\u00f6lj ledtr\u00e5dar och avsl\u00f6ja m\u00f6rdaren i din egen takt!","og_url":"https:\/\/testwebsite.citygame.com\/sv\/games\/helsinki\/sherlock-holmes-helsinki\/","og_site_name":"City Game","article_publisher":"https:\/\/www.facebook.com\/profile.php?id=100086426226253","article_modified_time":"2026-04-08T14:54:10+00:00","og_image":[{"width":1344,"height":768,"url":"https:\/\/testwebsite.citygame.com\/wp-content\/blogs.dir\/1\/files\/sites\/62\/2026\/02\/man-playing-sherlock-city-game-helsinki-cobblestone-street.jpg","type":"image\/jpeg"}],"twitter_card":"summary_large_image","schema":{"@context":"https:\/\/schema.org","@graph":[{"@type":"WebPage","@id":"https:\/\/testwebsite.citygame.com\/sv\/games\/helsinki\/sherlock-holmes-helsinki\/","url":"https:\/\/testwebsite.citygame.com\/sv\/games\/helsinki\/sherlock-holmes-helsinki\/","name":"Sherlock Holmes Helsinki - City Game","isPartOf":{"@id":"https:\/\/testwebsite.upevents.nl\/#website"},"primaryImageOfPage":{"@id":"https:\/\/testwebsite.citygame.com\/sv\/games\/helsinki\/sherlock-holmes-helsinki\/#primaryimage"},"image":{"@id":"https:\/\/testwebsite.citygame.com\/sv\/games\/helsinki\/sherlock-holmes-helsinki\/#primaryimage"},"thumbnailUrl":"https:\/\/testwebsite.citygame.com\/wp-content\/blogs.dir\/1\/files\/sites\/62\/2026\/02\/man-playing-sherlock-city-game-helsinki-cobblestone-street.jpg","datePublished":"2026-02-06T12:05:37+00:00","dateModified":"2026-04-08T14:54:10+00:00","description":"Sherlock Holmes Helsinki. Spela ett sj\u00e4lvguidad mordmysterium City Game, l\u00f6s pussel, f\u00f6lj ledtr\u00e5dar och avsl\u00f6ja m\u00f6rdaren i din egen takt!","breadcrumb":{"@id":"https:\/\/testwebsite.citygame.com\/sv\/games\/helsinki\/sherlock-holmes-helsinki\/#breadcrumb"},"inLanguage":"sv-SE","potentialAction":[{"@type":"ReadAction","target":["https:\/\/testwebsite.citygame.com\/sv\/games\/helsinki\/sherlock-holmes-helsinki\/"]}]},{"@type":"ImageObject","inLanguage":"sv-SE","@id":"https:\/\/testwebsite.citygame.com\/sv\/games\/helsinki\/sherlock-holmes-helsinki\/#primaryimage","url":"https:\/\/testwebsite.citygame.com\/wp-content\/blogs.dir\/1\/files\/sites\/62\/2026\/02\/man-playing-sherlock-city-game-helsinki-cobblestone-street.jpg","contentUrl":"https:\/\/testwebsite.citygame.com\/wp-content\/blogs.dir\/1\/files\/sites\/62\/2026\/02\/man-playing-sherlock-city-game-helsinki-cobblestone-street.jpg","width":1344,"height":768,"caption":"A player uses his smartphone to explore the historic, narrow streets of the city during a game."},{"@type":"BreadcrumbList","@id":"https:\/\/testwebsite.citygame.com\/sv\/games\/helsinki\/sherlock-holmes-helsinki\/#breadcrumb","itemListElement":[{"@type":"ListItem","position":1,"name":"Home","item":"https:\/\/testwebsite.citygame.com\/sv\/"},{"@type":"ListItem","position":2,"name":"Shop","item":"https:\/\/testwebsite.citygame.com\/shop\/"},{"@type":"ListItem","position":3,"name":"Sherlock Holmes Helsinki"}]},{"@type":"WebSite","@id":"https:\/\/testwebsite.upevents.nl\/#website","url":"https:\/\/testwebsite.upevents.nl\/","name":"City Game","description":"","publisher":{"@id":"https:\/\/testwebsite.upevents.nl\/#organization"},"alternateName":"citygame.com","potentialAction":[{"@type":"SearchAction","target":{"@type":"EntryPoint","urlTemplate":"https:\/\/testwebsite.upevents.nl\/?s={search_term_string}"},"query-input":{"@type":"PropertyValueSpecification","valueRequired":true,"valueName":"search_term_string"}}],"inLanguage":"sv-SE"},{"@type":["Organization","Place"],"@id":"https:\/\/testwebsite.upevents.nl\/#organization","name":"City Game","alternateName":"citygame.com","url":"https:\/\/testwebsite.upevents.nl\/","logo":{"@id":"https:\/\/testwebsite.citygame.com\/sv\/games\/helsinki\/sherlock-holmes-helsinki\/#local-main-organization-logo"},"image":{"@id":"https:\/\/testwebsite.citygame.com\/sv\/games\/helsinki\/sherlock-holmes-helsinki\/#local-main-organization-logo"},"sameAs":["https:\/\/www.facebook.com\/profile.php?id=100086426226253","https:\/\/www.instagram.com\/citygame_com","https:\/\/www.tiktok.com\/@citygamecom\/","https:\/\/www.linkedin.com\/company\/citygame-com"],"description":"Turn any city into a playground with our interactive City Games and self-guided tours. Fun, flexible, and ideal for groups and team building.","telephone":[],"openingHoursSpecification":[{"@type":"OpeningHoursSpecification","dayOfWeek":["Monday","Tuesday","Wednesday","Thursday","Friday","Saturday","Sunday"],"opens":"09:00","closes":"17:00"}]},{"@type":"ImageObject","inLanguage":"sv-SE","@id":"https:\/\/testwebsite.citygame.com\/sv\/games\/helsinki\/sherlock-holmes-helsinki\/#local-main-organization-logo","url":"https:\/\/testwebsite.citygame.com\/wp-content\/blogs.dir\/1\/files\/sites\/62\/2025\/10\/CG_LOGO-City-Game.png","contentUrl":"https:\/\/testwebsite.citygame.com\/wp-content\/blogs.dir\/1\/files\/sites\/62\/2025\/10\/CG_LOGO-City-Game.png","width":351,"height":377,"caption":"City Game"}]}},"taxonomy_info":{"game-concept":[{"value":791,"label":"Sherlock"}],"location":[{"value":197,"label":"Helsinki"}],"product_cat":[{"value":27,"label":"Geen categorie"}]},"featured_image_src_large":["https:\/\/testwebsite.citygame.com\/wp-content\/blogs.dir\/1\/files\/sites\/62\/2026\/02\/man-playing-sherlock-city-game-helsinki-cobblestone-street-1024x585.jpg",1024,585,true],"author_info":[],"comment_info":"","_links":{"self":[{"href":"https:\/\/testwebsite.citygame.com\/sv\/wp-json\/wp\/v2\/product\/64897","targetHints":{"allow":["GET"]}}],"collection":[{"href":"https:\/\/testwebsite.citygame.com\/sv\/wp-json\/wp\/v2\/product"}],"about":[{"href":"https:\/\/testwebsite.citygame.com\/sv\/wp-json\/wp\/v2\/types\/product"}],"acf:post":[{"embeddable":true,"href":"https:\/\/testwebsite.citygame.com\/sv\/wp-json\/wp\/v2\/pages\/8217"}],"wp:featuredmedia":[{"embeddable":true,"href":"https:\/\/testwebsite.citygame.com\/sv\/wp-json\/wp\/v2\/media\/11260"}],"wp:attachment":[{"href":"https:\/\/testwebsite.citygame.com\/sv\/wp-json\/wp\/v2\/media?parent=64897"}],"wp:term":[{"taxonomy":"game-concept","embeddable":true,"href":"https:\/\/testwebsite.citygame.com\/sv\/wp-json\/wp\/v2\/game-concept?post=64897"},{"taxonomy":"location","embeddable":true,"href":"https:\/\/testwebsite.citygame.com\/sv\/wp-json\/wp\/v2\/location?post=64897"},{"taxonomy":"product_brand","embeddable":true,"href":"https:\/\/testwebsite.citygame.com\/sv\/wp-json\/wp\/v2\/product_brand?post=64897"},{"taxonomy":"product_cat","embeddable":true,"href":"https:\/\/testwebsite.citygame.com\/sv\/wp-json\/wp\/v2\/product_cat?post=64897"},{"taxonomy":"product_tag","embeddable":true,"href":"https:\/\/testwebsite.citygame.com\/sv\/wp-json\/wp\/v2\/product_tag?post=64897"}],"curies":[{"name":"wp","href":"https:\/\/api.w.org\/{rel}","templated":true}]}}