{"id":64874,"date":"2026-02-26T13:34:59","date_gmt":"2026-02-26T13:34:59","guid":{"rendered":"https:\/\/testwebsite.citygame.com\/games\/unknown-location\/secrets-of-ferizaj\/"},"modified":"2026-04-08T14:51:29","modified_gmt":"2026-04-08T14:51:29","slug":"secrets-of-ferizaj","status":"publish","type":"product","link":"https:\/\/testwebsite.citygame.com\/sv\/games\/ferizaj\/secrets-of-ferizaj\/","title":{"rendered":"Secrets of Ferizaj"},"content":{"rendered":"<p>Uppt\u00e4ck Ferizajs charm med &#8217;Secrets of Ferizaj&#8217; City Game. Detta sj\u00e4lvguidade, GPS-baserade stadsspel utspelar sig i Ferizajs centrum och bjuder in dig till ett uppslukande utforskande \u00e4ventyr. Anv\u00e4nd din smartphone f\u00f6r att ge dig ut p\u00e5 en unik resa, kn\u00e4cka pussel, l\u00f6sa g\u00e5tor och delta i fotoutmaningar genom stadens gator. Utforska i din egen takt samtidigt som du l\u00e4r dig om Ferizajs rika historia, kulturella uppt\u00e4ckter och tidigare f\u00f6rbisedda detaljer. Detta utforskningsspel \u00e4r inte bara idealiskt f\u00f6r bes\u00f6kare som vill uppleva Ferizaj i ett nytt ljus, utan ocks\u00e5 f\u00f6r lokalbor som vill \u00e5teruppt\u00e4cka sin \u00e4lskade stad. Spelet passar ensamresen\u00e4rer, par, familjer och \u00e4ven grupper av v\u00e4nner, vilket ger en njutbar aktivitet f\u00f6r alla.<\/p>\n","protected":false},"excerpt":{"rendered":"<p>Avsl\u00f6ja Ferizajs Levande Duk! Kliv in i en stad d\u00e4r dj\u00e4rva v\u00e4ggm\u00e5lningar, skiktad historia och pulserande gatuliv kolliderar. Sl\u00e5 dig sedan ihop med Mira Veseli f\u00f6r att avsl\u00f6ja ledtr\u00e5dar, sp\u00e5ra hennes konstn\u00e4rliga resa och \u00e5terf\u00f6ra hennes f\u00f6rsvunna v\u00e4ggm\u00e5lning till v\u00e4ggen som gav henne liv!<\/p>\n","protected":false},"featured_media":16075,"template":"","meta":{"_acf_changed":false,"_yoast_wpseo_focuskw":"Secrets of Ferizaj","_yoast_wpseo_metadesc":"Secrets of Ferizaj. Spela ett sj\u00e4lvguidat stadsspel och utforska staden genom pussel, g\u00e5tor och utmaningar. Spela i din egen takt och uppt\u00e4ck som en lokalbo!","_kad_blocks_custom_css":"","_kad_blocks_head_custom_js":"","_kad_blocks_body_custom_js":"","_kad_blocks_footer_custom_js":"","ghostkit_customizer_options":"","ghostkit_custom_css":"","ghostkit_custom_js_head":"","ghostkit_custom_js_foot":"","ghostkit_typography":"","_kad_post_transparent":"default","_kad_post_title":"","_kad_post_layout":"default","_kad_post_sidebar_id":"","_kad_post_content_style":"default","_kad_post_vertical_padding":"default","_kad_post_feature":"","_kad_post_feature_position":"","_kad_post_header":false,"_kad_post_footer":false,"_kad_post_classname":"","_links_to":"","_links_to_target":""},"game-concept":[730],"location":[611],"product_brand":[],"product_cat":[27],"product_tag":[],"class_list":{"0":"post-64874","1":"product","2":"type-product","3":"status-publish","4":"has-post-thumbnail","6":"game-concept-secrets","7":"location-ferizaj","8":"product_cat-geen-categorie","10":"first","11":"instock","12":"shipping-taxable","13":"purchasable","14":"product-type-simple","15":"entry","16":"content-bg","17":"loop-entry"},"acf":{"full_bokun_product_name":"Self-Guided Secrets of Ferizaj Exploration Game","location_name":"Ferizaj","bokun_calendar_widget_code":"<script type=\"text\/javascript\" src=\"https:\/\/widgets.bokun.io\/assets\/javascripts\/apps\/build\/BokunWidgetsLoader.js?bookingChannelUUID=a1e93e96-5232-4734-a595-28405f4b5a31\" async><\/script>\n     \n    <div class=\"bokunWidget\" data-src=\"https:\/\/widgets.bokun.io\/online-sales\/a1e93e96-5232-4734-a595-28405f4b5a31\/experience-calendar\/1121404\"><\/div>\n    <noscript>Please enable javascript in your browser to book<\/noscript>","bokun_button_widget_code":"<script type=\"text\/javascript\" src=\"https:\/\/widgets.bokun.io\/assets\/javascripts\/apps\/build\/BokunWidgetsLoader.js?bookingChannelUUID=a1e93e96-5232-4734-a595-28405f4b5a31\" async><\/script>\n      <style> #bokun_ed001e45_5927_4f62_b470_ca766338d083 { display: inline-block; padding: .4em 1em; background: #47b82e; border-radius: 999999px; box-shadow: none; font-weight: 600; font-size: 24px; text-decoration: none; text-align: center; color: #FFFFFF; border:none; cursor: pointer; transition: background .2s ease; } #bokun_ed001e45_5927_4f62_b470_ca766338d083:hover{ background: #2f7b1f; } #bokun_ed001e45_5927_4f62_b470_ca766338d083:active{ background: #378f24; } <\/style> <button class=\"bokunButton\" disabled id=bokun_ed001e45_5927_4f62_b470_ca766338d083 data-src=\"https:\/\/widgets.bokun.io\/online-sales\/a1e93e96-5232-4734-a595-28405f4b5a31\/experience-calendar\/1121404?partialView=1\" data-testid=\"widget-book-button\" > Book now <\/button> ","what_you\u2019ll_experience_during_the_game":"Utforska Ferizaj som aldrig f\u00f6rr med v\u00e5rt uppslukande City Game som kombinerar sightseeing med engagerande ber\u00e4ttelser och interaktiva utmaningar. Du kommer att guidas genom k\u00e4nda och dolda h\u00f6rn av denna fascinerande plats, var och en med sin egen historia att ber\u00e4tta. F\u00f6rest\u00e4ll dig kontrasten mellan den livfulla gatukonstscenen vid Gazmend Misini Mural och den sobera kulturella betydelsen av St. Uro\u0161 Orthodox Church (Kisha e Shn Uroshit) som st\u00e5r resolut bredvid Great Mosque of Ferizaj (Xhamia e Madhe), vilket visar Ferizajs religi\u00f6sa harmoni. G\u00e5 genom Ferizaj City Park (Parku i Qytetit), en gr\u00f6n oas mitt i den urbana djungeln, och avsluta p\u00e5 topp, mitt i myllret och vimlet i The Village - Shopping &amp; Fun, det st\u00f6rsta moderna shoppingomr\u00e5det i staden.n\r\n\r\nMed City Game blir du en protagonist i ditt eget Ferizaj-\u00e4ventyr \u2013 l\u00f6s intrikata pussel, kluriga g\u00e5tor och svara p\u00e5 kreativa fotoutmaningar som avsl\u00f6jar stadens hemligheter och ger dig po\u00e4ng. Dessa po\u00e4ng l\u00e5ser upp ledtr\u00e5dar och f\u00f6r dig n\u00e4rmare att nysta upp din resas sista mysterium. Du har flexibiliteten att pausa spelet n\u00e4r du vill och starta om n\u00e4r du k\u00e4nner dig redo, vilket g\u00f6r det till en verkligt personlig upplevelse. Och om t\u00e4vlingsinstinkten tar \u00f6ver, sikta p\u00e5 en topplacering p\u00e5 po\u00e4ngtavlan och bevisa din skicklighet i detta utforskningsspel. Det finns mer \u00e4n bara en stad att uppt\u00e4cka, det finns ett spel att vinna!","how_to_play":"Efter att du har slutf\u00f6rt din bokning kommer du att f\u00e5 ett e-postmeddelande med din personliga spell\u00e4nk. Bege dig till startplatsen, P\u00ebrmbarues Privat Gazmend Misini-v\u00e4ggm\u00e5lningen, \u00f6ppna l\u00e4nken, s\u00e5 kan du b\u00f6rja omedelbart. Du \u00e4r fri att pausa spelet n\u00e4r som helst och forts\u00e4tta precis d\u00e4r du slutade. Njut av staden, f\u00f6lj ledtr\u00e5darna och l\u00e5t Ferizajs f\u00e4rger guida ditt \u00e4ventyr.","start_location":"Ferizaj, P\u00ebrmbarues Privat Gazmend Misini Mural","available_languages":"","players_per_group":"1-4","duration":"1.5-2 hours","image_overlay_color_image":"https:\/\/testwebsite.citygame.com\/wp-content\/blogs.dir\/1\/files\/sites\/62\/2026\/01\/SecretsColor.svg","image_overlay_game_logo":"https:\/\/testwebsite.citygame.com\/wp-content\/blogs.dir\/1\/files\/sites\/62\/2026\/01\/SecretsLogo.png","city_page":15752,"woocommerce_general_content":null},"yoast_head":"<!-- This site is optimized with the Yoast SEO Premium plugin v26.2 (Yoast SEO v26.3) - https:\/\/yoast.com\/wordpress\/plugins\/seo\/ -->\n<title>Secrets of Ferizaj - City Game<\/title>\n<meta name=\"description\" content=\"Secrets of Ferizaj. Spela ett sj\u00e4lvguidat stadsspel och utforska staden genom pussel, g\u00e5tor och utmaningar. Spela i din egen takt och uppt\u00e4ck som en lokalbo!\" \/>\n<meta name=\"robots\" content=\"noindex, follow, max-snippet:-1, max-image-preview:large, max-video-preview:-1\" \/>\n<meta property=\"og:locale\" content=\"sv_SE\" \/>\n<meta property=\"og:type\" content=\"article\" \/>\n<meta property=\"og:title\" content=\"Secrets of Ferizaj\" \/>\n<meta property=\"og:description\" content=\"Secrets of Ferizaj. Spela ett sj\u00e4lvguidat stadsspel och utforska staden genom pussel, g\u00e5tor och utmaningar. Spela i din egen takt och uppt\u00e4ck som en lokalbo!\" \/>\n<meta property=\"og:url\" content=\"https:\/\/testwebsite.citygame.com\/sv\/games\/ferizaj\/secrets-of-ferizaj\/\" \/>\n<meta property=\"og:site_name\" content=\"City Game\" \/>\n<meta property=\"article:publisher\" content=\"https:\/\/www.facebook.com\/profile.php?id=100086426226253\" \/>\n<meta property=\"article:modified_time\" content=\"2026-04-08T14:51:29+00:00\" \/>\n<meta property=\"og:image\" content=\"https:\/\/testwebsite.citygame.com\/wp-content\/blogs.dir\/1\/files\/sites\/62\/2026\/02\/ferizaj-players-discussing-clue-in-front-of-mural.jpg\" \/>\n\t<meta property=\"og:image:width\" content=\"1024\" \/>\n\t<meta property=\"og:image:height\" content=\"1024\" \/>\n\t<meta property=\"og:image:type\" content=\"image\/jpeg\" \/>\n<meta name=\"twitter:card\" content=\"summary_large_image\" \/>\n<meta name=\"twitter:label1\" content=\"Ber\u00e4knad l\u00e4stid\" \/>\n\t<meta name=\"twitter:data1\" content=\"1 minut\" \/>\n<script type=\"application\/ld+json\" class=\"yoast-schema-graph\">{\"@context\":\"https:\/\/schema.org\",\"@graph\":[{\"@type\":\"WebPage\",\"@id\":\"https:\/\/testwebsite.citygame.com\/sv\/games\/ferizaj\/secrets-of-ferizaj\/\",\"url\":\"https:\/\/testwebsite.citygame.com\/sv\/games\/ferizaj\/secrets-of-ferizaj\/\",\"name\":\"Secrets of Ferizaj - City Game\",\"isPartOf\":{\"@id\":\"https:\/\/testwebsite.upevents.nl\/#website\"},\"primaryImageOfPage\":{\"@id\":\"https:\/\/testwebsite.citygame.com\/sv\/games\/ferizaj\/secrets-of-ferizaj\/#primaryimage\"},\"image\":{\"@id\":\"https:\/\/testwebsite.citygame.com\/sv\/games\/ferizaj\/secrets-of-ferizaj\/#primaryimage\"},\"thumbnailUrl\":\"https:\/\/testwebsite.citygame.com\/wp-content\/blogs.dir\/1\/files\/sites\/62\/2026\/02\/ferizaj-players-discussing-clue-in-front-of-mural.jpg\",\"datePublished\":\"2026-02-26T13:34:59+00:00\",\"dateModified\":\"2026-04-08T14:51:29+00:00\",\"description\":\"Secrets of Ferizaj. Spela ett sj\u00e4lvguidat stadsspel och utforska staden genom pussel, g\u00e5tor och utmaningar. Spela i din egen takt och uppt\u00e4ck som en lokalbo!\",\"breadcrumb\":{\"@id\":\"https:\/\/testwebsite.citygame.com\/sv\/games\/ferizaj\/secrets-of-ferizaj\/#breadcrumb\"},\"inLanguage\":\"sv-SE\",\"potentialAction\":[{\"@type\":\"ReadAction\",\"target\":[\"https:\/\/testwebsite.citygame.com\/sv\/games\/ferizaj\/secrets-of-ferizaj\/\"]}]},{\"@type\":\"ImageObject\",\"inLanguage\":\"sv-SE\",\"@id\":\"https:\/\/testwebsite.citygame.com\/sv\/games\/ferizaj\/secrets-of-ferizaj\/#primaryimage\",\"url\":\"https:\/\/testwebsite.citygame.com\/wp-content\/blogs.dir\/1\/files\/sites\/62\/2026\/02\/ferizaj-players-discussing-clue-in-front-of-mural.jpg\",\"contentUrl\":\"https:\/\/testwebsite.citygame.com\/wp-content\/blogs.dir\/1\/files\/sites\/62\/2026\/02\/ferizaj-players-discussing-clue-in-front-of-mural.jpg\",\"width\":1024,\"height\":1024,\"caption\":\"Four friends collaborate on a city exploration game in Ferizaj, using a smartphone for clues.\"},{\"@type\":\"BreadcrumbList\",\"@id\":\"https:\/\/testwebsite.citygame.com\/sv\/games\/ferizaj\/secrets-of-ferizaj\/#breadcrumb\",\"itemListElement\":[{\"@type\":\"ListItem\",\"position\":1,\"name\":\"Home\",\"item\":\"https:\/\/testwebsite.citygame.com\/sv\/\"},{\"@type\":\"ListItem\",\"position\":2,\"name\":\"Shop\",\"item\":\"https:\/\/testwebsite.citygame.com\/shop\/\"},{\"@type\":\"ListItem\",\"position\":3,\"name\":\"Secrets of Ferizaj\"}]},{\"@type\":\"WebSite\",\"@id\":\"https:\/\/testwebsite.upevents.nl\/#website\",\"url\":\"https:\/\/testwebsite.upevents.nl\/\",\"name\":\"City Game\",\"description\":\"\",\"publisher\":{\"@id\":\"https:\/\/testwebsite.upevents.nl\/#organization\"},\"alternateName\":\"citygame.com\",\"potentialAction\":[{\"@type\":\"SearchAction\",\"target\":{\"@type\":\"EntryPoint\",\"urlTemplate\":\"https:\/\/testwebsite.upevents.nl\/?s={search_term_string}\"},\"query-input\":{\"@type\":\"PropertyValueSpecification\",\"valueRequired\":true,\"valueName\":\"search_term_string\"}}],\"inLanguage\":\"sv-SE\"},{\"@type\":[\"Organization\",\"Place\"],\"@id\":\"https:\/\/testwebsite.upevents.nl\/#organization\",\"name\":\"City Game\",\"alternateName\":\"citygame.com\",\"url\":\"https:\/\/testwebsite.upevents.nl\/\",\"logo\":{\"@id\":\"https:\/\/testwebsite.citygame.com\/sv\/games\/ferizaj\/secrets-of-ferizaj\/#local-main-organization-logo\"},\"image\":{\"@id\":\"https:\/\/testwebsite.citygame.com\/sv\/games\/ferizaj\/secrets-of-ferizaj\/#local-main-organization-logo\"},\"sameAs\":[\"https:\/\/www.facebook.com\/profile.php?id=100086426226253\",\"https:\/\/www.instagram.com\/citygame_com\",\"https:\/\/www.tiktok.com\/@citygamecom\/\",\"https:\/\/www.linkedin.com\/company\/citygame-com\"],\"description\":\"Turn any city into a playground with our interactive City Games and self-guided tours. Fun, flexible, and ideal for groups and team building.\",\"telephone\":[],\"openingHoursSpecification\":[{\"@type\":\"OpeningHoursSpecification\",\"dayOfWeek\":[\"Monday\",\"Tuesday\",\"Wednesday\",\"Thursday\",\"Friday\",\"Saturday\",\"Sunday\"],\"opens\":\"09:00\",\"closes\":\"17:00\"}]},{\"@type\":\"ImageObject\",\"inLanguage\":\"sv-SE\",\"@id\":\"https:\/\/testwebsite.citygame.com\/sv\/games\/ferizaj\/secrets-of-ferizaj\/#local-main-organization-logo\",\"url\":\"https:\/\/testwebsite.citygame.com\/wp-content\/blogs.dir\/1\/files\/sites\/62\/2025\/10\/CG_LOGO-City-Game.png\",\"contentUrl\":\"https:\/\/testwebsite.citygame.com\/wp-content\/blogs.dir\/1\/files\/sites\/62\/2025\/10\/CG_LOGO-City-Game.png\",\"width\":351,\"height\":377,\"caption\":\"City Game\"}]}<\/script>\n<!-- \/ Yoast SEO Premium plugin. -->","yoast_head_json":{"title":"Secrets of Ferizaj - City Game","description":"Secrets of Ferizaj. Spela ett sj\u00e4lvguidat stadsspel och utforska staden genom pussel, g\u00e5tor och utmaningar. Spela i din egen takt och uppt\u00e4ck som en lokalbo!","robots":{"index":"noindex","follow":"follow","max-snippet":"max-snippet:-1","max-image-preview":"max-image-preview:large","max-video-preview":"max-video-preview:-1"},"og_locale":"sv_SE","og_type":"article","og_title":"Secrets of Ferizaj","og_description":"Secrets of Ferizaj. Spela ett sj\u00e4lvguidat stadsspel och utforska staden genom pussel, g\u00e5tor och utmaningar. Spela i din egen takt och uppt\u00e4ck som en lokalbo!","og_url":"https:\/\/testwebsite.citygame.com\/sv\/games\/ferizaj\/secrets-of-ferizaj\/","og_site_name":"City Game","article_publisher":"https:\/\/www.facebook.com\/profile.php?id=100086426226253","article_modified_time":"2026-04-08T14:51:29+00:00","og_image":[{"width":1024,"height":1024,"url":"https:\/\/testwebsite.citygame.com\/wp-content\/blogs.dir\/1\/files\/sites\/62\/2026\/02\/ferizaj-players-discussing-clue-in-front-of-mural.jpg","type":"image\/jpeg"}],"twitter_card":"summary_large_image","twitter_misc":{"Ber\u00e4knad l\u00e4stid":"1 minut"},"schema":{"@context":"https:\/\/schema.org","@graph":[{"@type":"WebPage","@id":"https:\/\/testwebsite.citygame.com\/sv\/games\/ferizaj\/secrets-of-ferizaj\/","url":"https:\/\/testwebsite.citygame.com\/sv\/games\/ferizaj\/secrets-of-ferizaj\/","name":"Secrets of Ferizaj - City Game","isPartOf":{"@id":"https:\/\/testwebsite.upevents.nl\/#website"},"primaryImageOfPage":{"@id":"https:\/\/testwebsite.citygame.com\/sv\/games\/ferizaj\/secrets-of-ferizaj\/#primaryimage"},"image":{"@id":"https:\/\/testwebsite.citygame.com\/sv\/games\/ferizaj\/secrets-of-ferizaj\/#primaryimage"},"thumbnailUrl":"https:\/\/testwebsite.citygame.com\/wp-content\/blogs.dir\/1\/files\/sites\/62\/2026\/02\/ferizaj-players-discussing-clue-in-front-of-mural.jpg","datePublished":"2026-02-26T13:34:59+00:00","dateModified":"2026-04-08T14:51:29+00:00","description":"Secrets of Ferizaj. Spela ett sj\u00e4lvguidat stadsspel och utforska staden genom pussel, g\u00e5tor och utmaningar. Spela i din egen takt och uppt\u00e4ck som en lokalbo!","breadcrumb":{"@id":"https:\/\/testwebsite.citygame.com\/sv\/games\/ferizaj\/secrets-of-ferizaj\/#breadcrumb"},"inLanguage":"sv-SE","potentialAction":[{"@type":"ReadAction","target":["https:\/\/testwebsite.citygame.com\/sv\/games\/ferizaj\/secrets-of-ferizaj\/"]}]},{"@type":"ImageObject","inLanguage":"sv-SE","@id":"https:\/\/testwebsite.citygame.com\/sv\/games\/ferizaj\/secrets-of-ferizaj\/#primaryimage","url":"https:\/\/testwebsite.citygame.com\/wp-content\/blogs.dir\/1\/files\/sites\/62\/2026\/02\/ferizaj-players-discussing-clue-in-front-of-mural.jpg","contentUrl":"https:\/\/testwebsite.citygame.com\/wp-content\/blogs.dir\/1\/files\/sites\/62\/2026\/02\/ferizaj-players-discussing-clue-in-front-of-mural.jpg","width":1024,"height":1024,"caption":"Four friends collaborate on a city exploration game in Ferizaj, using a smartphone for clues."},{"@type":"BreadcrumbList","@id":"https:\/\/testwebsite.citygame.com\/sv\/games\/ferizaj\/secrets-of-ferizaj\/#breadcrumb","itemListElement":[{"@type":"ListItem","position":1,"name":"Home","item":"https:\/\/testwebsite.citygame.com\/sv\/"},{"@type":"ListItem","position":2,"name":"Shop","item":"https:\/\/testwebsite.citygame.com\/shop\/"},{"@type":"ListItem","position":3,"name":"Secrets of Ferizaj"}]},{"@type":"WebSite","@id":"https:\/\/testwebsite.upevents.nl\/#website","url":"https:\/\/testwebsite.upevents.nl\/","name":"City Game","description":"","publisher":{"@id":"https:\/\/testwebsite.upevents.nl\/#organization"},"alternateName":"citygame.com","potentialAction":[{"@type":"SearchAction","target":{"@type":"EntryPoint","urlTemplate":"https:\/\/testwebsite.upevents.nl\/?s={search_term_string}"},"query-input":{"@type":"PropertyValueSpecification","valueRequired":true,"valueName":"search_term_string"}}],"inLanguage":"sv-SE"},{"@type":["Organization","Place"],"@id":"https:\/\/testwebsite.upevents.nl\/#organization","name":"City Game","alternateName":"citygame.com","url":"https:\/\/testwebsite.upevents.nl\/","logo":{"@id":"https:\/\/testwebsite.citygame.com\/sv\/games\/ferizaj\/secrets-of-ferizaj\/#local-main-organization-logo"},"image":{"@id":"https:\/\/testwebsite.citygame.com\/sv\/games\/ferizaj\/secrets-of-ferizaj\/#local-main-organization-logo"},"sameAs":["https:\/\/www.facebook.com\/profile.php?id=100086426226253","https:\/\/www.instagram.com\/citygame_com","https:\/\/www.tiktok.com\/@citygamecom\/","https:\/\/www.linkedin.com\/company\/citygame-com"],"description":"Turn any city into a playground with our interactive City Games and self-guided tours. Fun, flexible, and ideal for groups and team building.","telephone":[],"openingHoursSpecification":[{"@type":"OpeningHoursSpecification","dayOfWeek":["Monday","Tuesday","Wednesday","Thursday","Friday","Saturday","Sunday"],"opens":"09:00","closes":"17:00"}]},{"@type":"ImageObject","inLanguage":"sv-SE","@id":"https:\/\/testwebsite.citygame.com\/sv\/games\/ferizaj\/secrets-of-ferizaj\/#local-main-organization-logo","url":"https:\/\/testwebsite.citygame.com\/wp-content\/blogs.dir\/1\/files\/sites\/62\/2025\/10\/CG_LOGO-City-Game.png","contentUrl":"https:\/\/testwebsite.citygame.com\/wp-content\/blogs.dir\/1\/files\/sites\/62\/2025\/10\/CG_LOGO-City-Game.png","width":351,"height":377,"caption":"City Game"}]}},"taxonomy_info":{"game-concept":[{"value":730,"label":"Secrets"}],"location":[{"value":611,"label":"Ferizaj"}],"product_cat":[{"value":27,"label":"Geen categorie"}]},"featured_image_src_large":["https:\/\/testwebsite.citygame.com\/wp-content\/blogs.dir\/1\/files\/sites\/62\/2026\/02\/ferizaj-players-discussing-clue-in-front-of-mural.jpg",1024,1024,false],"author_info":[],"comment_info":"","_links":{"self":[{"href":"https:\/\/testwebsite.citygame.com\/sv\/wp-json\/wp\/v2\/product\/64874","targetHints":{"allow":["GET"]}}],"collection":[{"href":"https:\/\/testwebsite.citygame.com\/sv\/wp-json\/wp\/v2\/product"}],"about":[{"href":"https:\/\/testwebsite.citygame.com\/sv\/wp-json\/wp\/v2\/types\/product"}],"acf:post":[{"embeddable":true,"href":"https:\/\/testwebsite.citygame.com\/sv\/wp-json\/wp\/v2\/pages\/15752"}],"wp:featuredmedia":[{"embeddable":true,"href":"https:\/\/testwebsite.citygame.com\/sv\/wp-json\/wp\/v2\/media\/16075"}],"wp:attachment":[{"href":"https:\/\/testwebsite.citygame.com\/sv\/wp-json\/wp\/v2\/media?parent=64874"}],"wp:term":[{"taxonomy":"game-concept","embeddable":true,"href":"https:\/\/testwebsite.citygame.com\/sv\/wp-json\/wp\/v2\/game-concept?post=64874"},{"taxonomy":"location","embeddable":true,"href":"https:\/\/testwebsite.citygame.com\/sv\/wp-json\/wp\/v2\/location?post=64874"},{"taxonomy":"product_brand","embeddable":true,"href":"https:\/\/testwebsite.citygame.com\/sv\/wp-json\/wp\/v2\/product_brand?post=64874"},{"taxonomy":"product_cat","embeddable":true,"href":"https:\/\/testwebsite.citygame.com\/sv\/wp-json\/wp\/v2\/product_cat?post=64874"},{"taxonomy":"product_tag","embeddable":true,"href":"https:\/\/testwebsite.citygame.com\/sv\/wp-json\/wp\/v2\/product_tag?post=64874"}],"curies":[{"name":"wp","href":"https:\/\/api.w.org\/{rel}","templated":true}]}}