{"id":64498,"date":"2026-02-12T14:43:54","date_gmt":"2026-02-12T14:43:54","guid":{"rendered":"https:\/\/testwebsite.citygame.com\/games\/unknown-location\/sherlock-holmes-manila\/"},"modified":"2026-04-08T14:03:11","modified_gmt":"2026-04-08T14:03:11","slug":"sherlock-holmes-manila","status":"publish","type":"product","link":"https:\/\/testwebsite.citygame.com\/sv\/games\/manila\/sherlock-holmes-manila\/","title":{"rendered":"Sherlock Holmes Manila"},"content":{"rendered":"<p>Kliv in i Sherlock Holmes v\u00e4rld med detta sj\u00e4lvguidade, ber\u00e4ttelsedrivna mordmysterie City Game som utspelar sig i Manilas centrum. N\u00e4r gatorna blir kulissen f\u00f6r en gripande detektivutredning, kommer du att f\u00f6lja en fram\u00e5tskridande ber\u00e4ttelse som leder dig genom v\u00e4ndningar kopplade till ett mord under Liberty Festival. R\u00f6r dig i din egen takt medan du samlar ledtr\u00e5dar, l\u00f6ser intrikata pussel och f\u00f6rh\u00f6r digitala misst\u00e4nkta, helt f\u00f6rdjupad i rollen som detektiv.<\/p>\n","protected":false},"excerpt":{"rendered":"<p>Kliv in i Sherlock Holmes skor i detta sp\u00e4nnande sj\u00e4lvguidade mordmysterium som utspelar sig i Manila. Sp\u00e5ra ledtr\u00e5dar, l\u00f6s komplexa g\u00e5tor och arbeta med ditt team f\u00f6r att avsl\u00f6ja sanningen mot den tickande klockan &#8211; din stad beh\u00f6ver dig!<\/p>\n","protected":false},"featured_media":13032,"template":"","meta":{"_acf_changed":false,"_yoast_wpseo_focuskw":"Sherlock Holmes Manila","_yoast_wpseo_metadesc":"Sherlock Holmes Manila. Spela ett sj\u00e4lvguidet mordmysterie City Game, l\u00f6s pussel, f\u00f6lj ledtr\u00e5dar och avsl\u00f6ja m\u00f6rdaren i din egen takt!","_kad_blocks_custom_css":"","_kad_blocks_head_custom_js":"","_kad_blocks_body_custom_js":"","_kad_blocks_footer_custom_js":"","ghostkit_customizer_options":"","ghostkit_custom_css":"","ghostkit_custom_js_head":"","ghostkit_custom_js_foot":"","ghostkit_typography":"","_kad_post_transparent":"","_kad_post_title":"","_kad_post_layout":"","_kad_post_sidebar_id":"","_kad_post_content_style":"","_kad_post_vertical_padding":"","_kad_post_feature":"","_kad_post_feature_position":"","_kad_post_header":false,"_kad_post_footer":false,"_kad_post_classname":"","_links_to":"","_links_to_target":""},"game-concept":[791],"location":[265],"product_brand":[],"product_cat":[27],"product_tag":[],"class_list":{"0":"post-64498","1":"product","2":"type-product","3":"status-publish","4":"has-post-thumbnail","6":"game-concept-sherlock","7":"location-manila","8":"product_cat-geen-categorie","10":"first","11":"instock","12":"shipping-taxable","13":"purchasable","14":"product-type-simple","15":"entry","16":"content-bg","17":"loop-entry"},"acf":{"full_bokun_product_name":"Manila Self Guided Sherlock Holmes Murder Mystery Game","location_name":"Manila","bokun_calendar_widget_code":"<script type=\"text\/javascript\" src=\"https:\/\/widgets.bokun.io\/assets\/javascripts\/apps\/build\/BokunWidgetsLoader.js?bookingChannelUUID=a1e93e96-5232-4734-a595-28405f4b5a31\" async><\/script>\n     \n    <div class=\"bokunWidget\" data-src=\"https:\/\/widgets.bokun.io\/online-sales\/a1e93e96-5232-4734-a595-28405f4b5a31\/experience-calendar\/799062\"><\/div>\n    <noscript>Please enable javascript in your browser to book<\/noscript>","bokun_button_widget_code":"<script type=\"text\/javascript\" src=\"https:\/\/widgets.bokun.io\/assets\/javascripts\/apps\/build\/BokunWidgetsLoader.js?bookingChannelUUID=a1e93e96-5232-4734-a595-28405f4b5a31\" async><\/script>\n      <style> #bokun_ed001e45_5927_4f62_b470_ca766338d083 { display: inline-block; padding: .4em 1em; background: #47b82e; border-radius: 999999px; box-shadow: none; font-weight: 600; font-size: 24px; text-decoration: none; text-align: center; color: #FFFFFF; border:none; cursor: pointer; transition: background .2s ease; } #bokun_ed001e45_5927_4f62_b470_ca766338d083:hover{ background: #2f7b1f; } #bokun_ed001e45_5927_4f62_b470_ca766338d083:active{ background: #378f24; } <\/style> <button class=\"bokunButton\" disabled id=bokun_ed001e45_5927_4f62_b470_ca766338d083 data-src=\"https:\/\/widgets.bokun.io\/online-sales\/a1e93e96-5232-4734-a595-28405f4b5a31\/experience-calendar\/799062?partialView=1\" data-testid=\"widget-book-button\" > Book now <\/button> ","what_you\u2019ll_experience_during_the_game":"Du kliver in i en gripande detektivhistoria v\u00e4vd genom hj\u00e4rtat av Manila, d\u00e4r ett mord under Liberty Festival s\u00e4tter en komplex utredning i r\u00f6relse. N\u00e4r mysteriet utvecklas r\u00f6r du dig genom staden och f\u00f6ljer sp\u00e5ret efter den huvudmisst\u00e4nkte, avsl\u00f6jar dolda ledtr\u00e5dar och pusslar ihop bevis medan ber\u00e4ttelsen tar ov\u00e4ntade v\u00e4ndningar runt dig.\n\nDu kommer att f\u00f6rh\u00f6ra digitala misst\u00e4nkta, analysera motstridiga alibin och avsl\u00f6ja mots\u00e4gelser som kan f\u00f6r\u00e4ndra hela fallet. Varje l\u00f6st pussel f\u00f6r dig n\u00e4rmare sanningen och kr\u00e4ver skarp observation, kritiskt t\u00e4nkande och deduktivt resonemang. Upplevelsen \u00e4r helt ber\u00e4ttelsedriven och utspelar sig p\u00e5 dina villkor \u2014 du kan pausa och forts\u00e4tta n\u00e4r du vill. Oavsett om du l\u00f6ser fallet ensam eller t\u00e4vlar mot andra team, formar dina val tempot i din utredning.","how_to_play":"Arbeta ensam eller med v\u00e4nner, familj eller kollegor i team om upp till fyra personer per enhet. Efter bokning f\u00e5r du ett e-postmeddelande med instruktioner som inneh\u00e5ller allt du beh\u00f6ver.","start_location":"Manilla, Ayuntamiento de Manila","available_languages":["en","es","fr","de","it","nl"],"players_per_group":"1-4","duration":"1.5-2 hours","image_overlay_color_image":"https:\/\/testwebsite.citygame.com\/wp-content\/blogs.dir\/1\/files\/sites\/62\/2026\/01\/SherlockColor.svg","image_overlay_game_logo":"https:\/\/testwebsite.citygame.com\/wp-content\/blogs.dir\/1\/files\/sites\/62\/2026\/01\/SherlockLogo.png","city_page":13030,"woocommerce_general_content":null},"yoast_head":"<!-- This site is optimized with the Yoast SEO Premium plugin v26.2 (Yoast SEO v26.3) - https:\/\/yoast.com\/wordpress\/plugins\/seo\/ -->\n<title>Sherlock Holmes Manila - City Game<\/title>\n<meta name=\"description\" content=\"Sherlock Holmes Manila. Spela ett sj\u00e4lvguidet mordmysterie City Game, l\u00f6s pussel, f\u00f6lj ledtr\u00e5dar och avsl\u00f6ja m\u00f6rdaren i din egen takt!\" \/>\n<meta name=\"robots\" content=\"noindex, follow, max-snippet:-1, max-image-preview:large, max-video-preview:-1\" \/>\n<meta property=\"og:locale\" content=\"sv_SE\" \/>\n<meta property=\"og:type\" content=\"article\" \/>\n<meta property=\"og:title\" content=\"Sherlock Holmes Manila\" \/>\n<meta property=\"og:description\" content=\"Sherlock Holmes Manila. Spela ett sj\u00e4lvguidet mordmysterie City Game, l\u00f6s pussel, f\u00f6lj ledtr\u00e5dar och avsl\u00f6ja m\u00f6rdaren i din egen takt!\" \/>\n<meta property=\"og:url\" content=\"https:\/\/testwebsite.citygame.com\/sv\/games\/manila\/sherlock-holmes-manila\/\" \/>\n<meta property=\"og:site_name\" content=\"City Game\" \/>\n<meta property=\"article:publisher\" content=\"https:\/\/www.facebook.com\/profile.php?id=100086426226253\" \/>\n<meta property=\"article:modified_time\" content=\"2026-04-08T14:03:11+00:00\" \/>\n<meta property=\"og:image\" content=\"https:\/\/testwebsite.citygame.com\/wp-content\/blogs.dir\/1\/files\/sites\/62\/2026\/02\/man-exploring-casa-manila-courtyard-with-smartphone-manila.jpg\" \/>\n\t<meta property=\"og:image:width\" content=\"1024\" \/>\n\t<meta property=\"og:image:height\" content=\"1024\" \/>\n\t<meta property=\"og:image:type\" content=\"image\/jpeg\" \/>\n<meta name=\"twitter:card\" content=\"summary_large_image\" \/>\n<script type=\"application\/ld+json\" class=\"yoast-schema-graph\">{\"@context\":\"https:\/\/schema.org\",\"@graph\":[{\"@type\":\"WebPage\",\"@id\":\"https:\/\/testwebsite.citygame.com\/sv\/games\/manila\/sherlock-holmes-manila\/\",\"url\":\"https:\/\/testwebsite.citygame.com\/sv\/games\/manila\/sherlock-holmes-manila\/\",\"name\":\"Sherlock Holmes Manila - City Game\",\"isPartOf\":{\"@id\":\"https:\/\/testwebsite.upevents.nl\/#website\"},\"primaryImageOfPage\":{\"@id\":\"https:\/\/testwebsite.citygame.com\/sv\/games\/manila\/sherlock-holmes-manila\/#primaryimage\"},\"image\":{\"@id\":\"https:\/\/testwebsite.citygame.com\/sv\/games\/manila\/sherlock-holmes-manila\/#primaryimage\"},\"thumbnailUrl\":\"https:\/\/testwebsite.citygame.com\/wp-content\/blogs.dir\/1\/files\/sites\/62\/2026\/02\/man-exploring-casa-manila-courtyard-with-smartphone-manila.jpg\",\"datePublished\":\"2026-02-12T14:43:54+00:00\",\"dateModified\":\"2026-04-08T14:03:11+00:00\",\"description\":\"Sherlock Holmes Manila. Spela ett sj\u00e4lvguidet mordmysterie City Game, l\u00f6s pussel, f\u00f6lj ledtr\u00e5dar och avsl\u00f6ja m\u00f6rdaren i din egen takt!\",\"breadcrumb\":{\"@id\":\"https:\/\/testwebsite.citygame.com\/sv\/games\/manila\/sherlock-holmes-manila\/#breadcrumb\"},\"inLanguage\":\"sv-SE\",\"potentialAction\":[{\"@type\":\"ReadAction\",\"target\":[\"https:\/\/testwebsite.citygame.com\/sv\/games\/manila\/sherlock-holmes-manila\/\"]}]},{\"@type\":\"ImageObject\",\"inLanguage\":\"sv-SE\",\"@id\":\"https:\/\/testwebsite.citygame.com\/sv\/games\/manila\/sherlock-holmes-manila\/#primaryimage\",\"url\":\"https:\/\/testwebsite.citygame.com\/wp-content\/blogs.dir\/1\/files\/sites\/62\/2026\/02\/man-exploring-casa-manila-courtyard-with-smartphone-manila.jpg\",\"contentUrl\":\"https:\/\/testwebsite.citygame.com\/wp-content\/blogs.dir\/1\/files\/sites\/62\/2026\/02\/man-exploring-casa-manila-courtyard-with-smartphone-manila.jpg\",\"width\":1024,\"height\":1024,\"caption\":\"A visitor uses a smartphone to navigate the historic courtyard of Casa Manila in Intramuros.\"},{\"@type\":\"BreadcrumbList\",\"@id\":\"https:\/\/testwebsite.citygame.com\/sv\/games\/manila\/sherlock-holmes-manila\/#breadcrumb\",\"itemListElement\":[{\"@type\":\"ListItem\",\"position\":1,\"name\":\"Home\",\"item\":\"https:\/\/testwebsite.citygame.com\/sv\/\"},{\"@type\":\"ListItem\",\"position\":2,\"name\":\"Shop\",\"item\":\"https:\/\/testwebsite.citygame.com\/shop\/\"},{\"@type\":\"ListItem\",\"position\":3,\"name\":\"Sherlock Holmes Manila\"}]},{\"@type\":\"WebSite\",\"@id\":\"https:\/\/testwebsite.upevents.nl\/#website\",\"url\":\"https:\/\/testwebsite.upevents.nl\/\",\"name\":\"City Game\",\"description\":\"\",\"publisher\":{\"@id\":\"https:\/\/testwebsite.upevents.nl\/#organization\"},\"alternateName\":\"citygame.com\",\"potentialAction\":[{\"@type\":\"SearchAction\",\"target\":{\"@type\":\"EntryPoint\",\"urlTemplate\":\"https:\/\/testwebsite.upevents.nl\/?s={search_term_string}\"},\"query-input\":{\"@type\":\"PropertyValueSpecification\",\"valueRequired\":true,\"valueName\":\"search_term_string\"}}],\"inLanguage\":\"sv-SE\"},{\"@type\":[\"Organization\",\"Place\"],\"@id\":\"https:\/\/testwebsite.upevents.nl\/#organization\",\"name\":\"City Game\",\"alternateName\":\"citygame.com\",\"url\":\"https:\/\/testwebsite.upevents.nl\/\",\"logo\":{\"@id\":\"https:\/\/testwebsite.citygame.com\/sv\/games\/manila\/sherlock-holmes-manila\/#local-main-organization-logo\"},\"image\":{\"@id\":\"https:\/\/testwebsite.citygame.com\/sv\/games\/manila\/sherlock-holmes-manila\/#local-main-organization-logo\"},\"sameAs\":[\"https:\/\/www.facebook.com\/profile.php?id=100086426226253\",\"https:\/\/www.instagram.com\/citygame_com\",\"https:\/\/www.tiktok.com\/@citygamecom\/\",\"https:\/\/www.linkedin.com\/company\/citygame-com\"],\"description\":\"Turn any city into a playground with our interactive City Games and self-guided tours. Fun, flexible, and ideal for groups and team building.\",\"telephone\":[],\"openingHoursSpecification\":[{\"@type\":\"OpeningHoursSpecification\",\"dayOfWeek\":[\"Monday\",\"Tuesday\",\"Wednesday\",\"Thursday\",\"Friday\",\"Saturday\",\"Sunday\"],\"opens\":\"09:00\",\"closes\":\"17:00\"}]},{\"@type\":\"ImageObject\",\"inLanguage\":\"sv-SE\",\"@id\":\"https:\/\/testwebsite.citygame.com\/sv\/games\/manila\/sherlock-holmes-manila\/#local-main-organization-logo\",\"url\":\"https:\/\/testwebsite.citygame.com\/wp-content\/blogs.dir\/1\/files\/sites\/62\/2025\/10\/CG_LOGO-City-Game.png\",\"contentUrl\":\"https:\/\/testwebsite.citygame.com\/wp-content\/blogs.dir\/1\/files\/sites\/62\/2025\/10\/CG_LOGO-City-Game.png\",\"width\":351,\"height\":377,\"caption\":\"City Game\"}]}<\/script>\n<!-- \/ Yoast SEO Premium plugin. -->","yoast_head_json":{"title":"Sherlock Holmes Manila - City Game","description":"Sherlock Holmes Manila. Spela ett sj\u00e4lvguidet mordmysterie City Game, l\u00f6s pussel, f\u00f6lj ledtr\u00e5dar och avsl\u00f6ja m\u00f6rdaren i din egen takt!","robots":{"index":"noindex","follow":"follow","max-snippet":"max-snippet:-1","max-image-preview":"max-image-preview:large","max-video-preview":"max-video-preview:-1"},"og_locale":"sv_SE","og_type":"article","og_title":"Sherlock Holmes Manila","og_description":"Sherlock Holmes Manila. Spela ett sj\u00e4lvguidet mordmysterie City Game, l\u00f6s pussel, f\u00f6lj ledtr\u00e5dar och avsl\u00f6ja m\u00f6rdaren i din egen takt!","og_url":"https:\/\/testwebsite.citygame.com\/sv\/games\/manila\/sherlock-holmes-manila\/","og_site_name":"City Game","article_publisher":"https:\/\/www.facebook.com\/profile.php?id=100086426226253","article_modified_time":"2026-04-08T14:03:11+00:00","og_image":[{"width":1024,"height":1024,"url":"https:\/\/testwebsite.citygame.com\/wp-content\/blogs.dir\/1\/files\/sites\/62\/2026\/02\/man-exploring-casa-manila-courtyard-with-smartphone-manila.jpg","type":"image\/jpeg"}],"twitter_card":"summary_large_image","schema":{"@context":"https:\/\/schema.org","@graph":[{"@type":"WebPage","@id":"https:\/\/testwebsite.citygame.com\/sv\/games\/manila\/sherlock-holmes-manila\/","url":"https:\/\/testwebsite.citygame.com\/sv\/games\/manila\/sherlock-holmes-manila\/","name":"Sherlock Holmes Manila - City Game","isPartOf":{"@id":"https:\/\/testwebsite.upevents.nl\/#website"},"primaryImageOfPage":{"@id":"https:\/\/testwebsite.citygame.com\/sv\/games\/manila\/sherlock-holmes-manila\/#primaryimage"},"image":{"@id":"https:\/\/testwebsite.citygame.com\/sv\/games\/manila\/sherlock-holmes-manila\/#primaryimage"},"thumbnailUrl":"https:\/\/testwebsite.citygame.com\/wp-content\/blogs.dir\/1\/files\/sites\/62\/2026\/02\/man-exploring-casa-manila-courtyard-with-smartphone-manila.jpg","datePublished":"2026-02-12T14:43:54+00:00","dateModified":"2026-04-08T14:03:11+00:00","description":"Sherlock Holmes Manila. Spela ett sj\u00e4lvguidet mordmysterie City Game, l\u00f6s pussel, f\u00f6lj ledtr\u00e5dar och avsl\u00f6ja m\u00f6rdaren i din egen takt!","breadcrumb":{"@id":"https:\/\/testwebsite.citygame.com\/sv\/games\/manila\/sherlock-holmes-manila\/#breadcrumb"},"inLanguage":"sv-SE","potentialAction":[{"@type":"ReadAction","target":["https:\/\/testwebsite.citygame.com\/sv\/games\/manila\/sherlock-holmes-manila\/"]}]},{"@type":"ImageObject","inLanguage":"sv-SE","@id":"https:\/\/testwebsite.citygame.com\/sv\/games\/manila\/sherlock-holmes-manila\/#primaryimage","url":"https:\/\/testwebsite.citygame.com\/wp-content\/blogs.dir\/1\/files\/sites\/62\/2026\/02\/man-exploring-casa-manila-courtyard-with-smartphone-manila.jpg","contentUrl":"https:\/\/testwebsite.citygame.com\/wp-content\/blogs.dir\/1\/files\/sites\/62\/2026\/02\/man-exploring-casa-manila-courtyard-with-smartphone-manila.jpg","width":1024,"height":1024,"caption":"A visitor uses a smartphone to navigate the historic courtyard of Casa Manila in Intramuros."},{"@type":"BreadcrumbList","@id":"https:\/\/testwebsite.citygame.com\/sv\/games\/manila\/sherlock-holmes-manila\/#breadcrumb","itemListElement":[{"@type":"ListItem","position":1,"name":"Home","item":"https:\/\/testwebsite.citygame.com\/sv\/"},{"@type":"ListItem","position":2,"name":"Shop","item":"https:\/\/testwebsite.citygame.com\/shop\/"},{"@type":"ListItem","position":3,"name":"Sherlock Holmes Manila"}]},{"@type":"WebSite","@id":"https:\/\/testwebsite.upevents.nl\/#website","url":"https:\/\/testwebsite.upevents.nl\/","name":"City Game","description":"","publisher":{"@id":"https:\/\/testwebsite.upevents.nl\/#organization"},"alternateName":"citygame.com","potentialAction":[{"@type":"SearchAction","target":{"@type":"EntryPoint","urlTemplate":"https:\/\/testwebsite.upevents.nl\/?s={search_term_string}"},"query-input":{"@type":"PropertyValueSpecification","valueRequired":true,"valueName":"search_term_string"}}],"inLanguage":"sv-SE"},{"@type":["Organization","Place"],"@id":"https:\/\/testwebsite.upevents.nl\/#organization","name":"City Game","alternateName":"citygame.com","url":"https:\/\/testwebsite.upevents.nl\/","logo":{"@id":"https:\/\/testwebsite.citygame.com\/sv\/games\/manila\/sherlock-holmes-manila\/#local-main-organization-logo"},"image":{"@id":"https:\/\/testwebsite.citygame.com\/sv\/games\/manila\/sherlock-holmes-manila\/#local-main-organization-logo"},"sameAs":["https:\/\/www.facebook.com\/profile.php?id=100086426226253","https:\/\/www.instagram.com\/citygame_com","https:\/\/www.tiktok.com\/@citygamecom\/","https:\/\/www.linkedin.com\/company\/citygame-com"],"description":"Turn any city into a playground with our interactive City Games and self-guided tours. Fun, flexible, and ideal for groups and team building.","telephone":[],"openingHoursSpecification":[{"@type":"OpeningHoursSpecification","dayOfWeek":["Monday","Tuesday","Wednesday","Thursday","Friday","Saturday","Sunday"],"opens":"09:00","closes":"17:00"}]},{"@type":"ImageObject","inLanguage":"sv-SE","@id":"https:\/\/testwebsite.citygame.com\/sv\/games\/manila\/sherlock-holmes-manila\/#local-main-organization-logo","url":"https:\/\/testwebsite.citygame.com\/wp-content\/blogs.dir\/1\/files\/sites\/62\/2025\/10\/CG_LOGO-City-Game.png","contentUrl":"https:\/\/testwebsite.citygame.com\/wp-content\/blogs.dir\/1\/files\/sites\/62\/2025\/10\/CG_LOGO-City-Game.png","width":351,"height":377,"caption":"City Game"}]}},"taxonomy_info":{"game-concept":[{"value":791,"label":"Sherlock"}],"location":[{"value":265,"label":"Manila"}],"product_cat":[{"value":27,"label":"Geen categorie"}]},"featured_image_src_large":["https:\/\/testwebsite.citygame.com\/wp-content\/blogs.dir\/1\/files\/sites\/62\/2026\/02\/man-exploring-casa-manila-courtyard-with-smartphone-manila.jpg",1024,1024,false],"author_info":[],"comment_info":"","_links":{"self":[{"href":"https:\/\/testwebsite.citygame.com\/sv\/wp-json\/wp\/v2\/product\/64498","targetHints":{"allow":["GET"]}}],"collection":[{"href":"https:\/\/testwebsite.citygame.com\/sv\/wp-json\/wp\/v2\/product"}],"about":[{"href":"https:\/\/testwebsite.citygame.com\/sv\/wp-json\/wp\/v2\/types\/product"}],"acf:post":[{"embeddable":true,"href":"https:\/\/testwebsite.citygame.com\/sv\/wp-json\/wp\/v2\/pages\/13030"}],"wp:featuredmedia":[{"embeddable":true,"href":"https:\/\/testwebsite.citygame.com\/sv\/wp-json\/wp\/v2\/media\/13032"}],"wp:attachment":[{"href":"https:\/\/testwebsite.citygame.com\/sv\/wp-json\/wp\/v2\/media?parent=64498"}],"wp:term":[{"taxonomy":"game-concept","embeddable":true,"href":"https:\/\/testwebsite.citygame.com\/sv\/wp-json\/wp\/v2\/game-concept?post=64498"},{"taxonomy":"location","embeddable":true,"href":"https:\/\/testwebsite.citygame.com\/sv\/wp-json\/wp\/v2\/location?post=64498"},{"taxonomy":"product_brand","embeddable":true,"href":"https:\/\/testwebsite.citygame.com\/sv\/wp-json\/wp\/v2\/product_brand?post=64498"},{"taxonomy":"product_cat","embeddable":true,"href":"https:\/\/testwebsite.citygame.com\/sv\/wp-json\/wp\/v2\/product_cat?post=64498"},{"taxonomy":"product_tag","embeddable":true,"href":"https:\/\/testwebsite.citygame.com\/sv\/wp-json\/wp\/v2\/product_tag?post=64498"}],"curies":[{"name":"wp","href":"https:\/\/api.w.org\/{rel}","templated":true}]}}