{"id":64294,"date":"2026-02-06T08:56:12","date_gmt":"2026-02-06T08:56:12","guid":{"rendered":"https:\/\/testwebsite.citygame.com\/games\/unknown-location\/sherlock-holmes-antalya\/"},"modified":"2026-04-08T13:34:57","modified_gmt":"2026-04-08T13:34:57","slug":"sherlock-holmes-antalya","status":"publish","type":"product","link":"https:\/\/testwebsite.citygame.com\/sv\/games\/antalya\/sherlock-holmes-antalya\/","title":{"rendered":"Sherlock Holmes Antalya"},"content":{"rendered":"<p>Kliv in i Sherlock Holmes&#8217; v\u00e4rld med detta sj\u00e4lvguidade, ber\u00e4ttelsedrivna mordmysterie City Game i Antalyas centrum. N\u00e4r den livliga stadsmilj\u00f6n blir din brottsplats kommer du att f\u00f6lja en ber\u00e4ttelse som utspelar sig och b\u00f6rjar med ett kyligt mord under Liberty Festival. R\u00f6r dig genom gatorna, samla ledtr\u00e5dar, l\u00f6s intrikata pussel och f\u00f6rh\u00f6r digitala misst\u00e4nkta i din egen takt, allt medan du f\u00f6rdjupar dig i en utredningsupplevelse v\u00e4rdig Holmes sj\u00e4lv.<\/p>\n","protected":false},"excerpt":{"rendered":"<p>Kliv in i Sherlock Holmes&#8217; fotsp\u00e5r n\u00e4r du navigerar i ett sj\u00e4lvguidad mordmysterium mitt i hj\u00e4rtat av Antalya. Tillsammans med ditt team kommer ni att nysta upp ledtr\u00e5dar, l\u00f6sa g\u00e5tor och avsl\u00f6ja den chockerande sanningen, medan ni antar utmaningen och br\u00e5dskan som ligger framf\u00f6r er!<\/p>\n","protected":false},"featured_media":11148,"template":"","meta":{"_acf_changed":false,"_yoast_wpseo_focuskw":"Sherlock Holmes Antalya","_yoast_wpseo_metadesc":"Sherlock Holmes Antalya. Spela ett sj\u00e4lvguidad mordmysterie City Game, l\u00f6s g\u00e5tor, f\u00f6lj ledtr\u00e5dar och avsl\u00f6ja m\u00f6rdaren i din egen takt!","_kad_blocks_custom_css":"","_kad_blocks_head_custom_js":"","_kad_blocks_body_custom_js":"","_kad_blocks_footer_custom_js":"","ghostkit_customizer_options":"","ghostkit_custom_css":"","ghostkit_custom_js_head":"","ghostkit_custom_js_foot":"","ghostkit_typography":"","_kad_post_transparent":"","_kad_post_title":"","_kad_post_layout":"","_kad_post_sidebar_id":"","_kad_post_content_style":"","_kad_post_vertical_padding":"","_kad_post_feature":"","_kad_post_feature_position":"","_kad_post_header":false,"_kad_post_footer":false,"_kad_post_classname":"","_links_to":"","_links_to_target":""},"game-concept":[791],"location":[69],"product_brand":[],"product_cat":[27],"product_tag":[],"class_list":{"0":"post-64294","1":"product","2":"type-product","3":"status-publish","4":"has-post-thumbnail","6":"game-concept-sherlock","7":"location-antalya","8":"product_cat-geen-categorie","10":"first","11":"instock","12":"shipping-taxable","13":"purchasable","14":"product-type-simple","15":"entry","16":"content-bg","17":"loop-entry"},"acf":{"full_bokun_product_name":"Antalya Self-Guided Sherlock Holmes Murder Mystery Game","location_name":"Antalya","bokun_calendar_widget_code":"<script type=\"text\/javascript\" src=\"https:\/\/widgets.bokun.io\/assets\/javascripts\/apps\/build\/BokunWidgetsLoader.js?bookingChannelUUID=a1e93e96-5232-4734-a595-28405f4b5a31\" async><\/script>\n     \n    <div class=\"bokunWidget\" data-src=\"https:\/\/widgets.bokun.io\/online-sales\/a1e93e96-5232-4734-a595-28405f4b5a31\/experience-calendar\/734104\"><\/div>\n    <noscript>Please enable javascript in your browser to book<\/noscript>","bokun_button_widget_code":"<script type=\"text\/javascript\" src=\"https:\/\/widgets.bokun.io\/assets\/javascripts\/apps\/build\/BokunWidgetsLoader.js?bookingChannelUUID=a1e93e96-5232-4734-a595-28405f4b5a31\" async><\/script>\n      <style> #bokun_ed001e45_5927_4f62_b470_ca766338d083 { display: inline-block; padding: .4em 1em; background: #47b82e; border-radius: 999999px; box-shadow: none; font-weight: 600; font-size: 24px; text-decoration: none; text-align: center; color: #FFFFFF; border:none; cursor: pointer; transition: background .2s ease; } #bokun_ed001e45_5927_4f62_b470_ca766338d083:hover{ background: #2f7b1f; } #bokun_ed001e45_5927_4f62_b470_ca766338d083:active{ background: #378f24; } <\/style> <button class=\"bokunButton\" disabled id=bokun_ed001e45_5927_4f62_b470_ca766338d083 data-src=\"https:\/\/widgets.bokun.io\/online-sales\/a1e93e96-5232-4734-a595-28405f4b5a31\/experience-calendar\/734104?partialView=1\" data-testid=\"widget-book-button\" > Book now <\/button> ","what_you\u2019ll_experience_during_the_game":"Kliv in i en f\u00e4ngslande detektivhistoria som utspelar sig i Antalya, d\u00e4r du tar dig an rollen som huvudutredare i ett mystiskt mord som skakade Liberty Festival. Allt eftersom fallet utvecklas navigerar du staden p\u00e5 jakt efter dolda ledtr\u00e5dar, dissekerar f\u00f6rbryllande bevis och f\u00f6ljer ett sp\u00e5r av hemligheter begravda under ytan. Varje plats f\u00f6r dig djupare in i utredningen och avsl\u00f6jar lager av intriger och ov\u00e4ntade v\u00e4ndningar som utmanar dina instinkter och din uppfattningsf\u00f6rm\u00e5ga.\n\nDu kommer att f\u00f6rh\u00f6ra digitala misst\u00e4nkta, analysera alibin och uppt\u00e4cka mots\u00e4gelser som kan l\u00f6sa fallet. Mysteriet utvecklas allt eftersom du spelar, och kr\u00e4ver skarp observation, logisk deduktion och kritiskt t\u00e4nkande i varje v\u00e4ndning. Upplevelsen \u00e4r helt ber\u00e4ttelsedriven, vilket g\u00f6r att du kan f\u00f6rdjupa dig i fallet och spela i din egen takt. Pausa n\u00e4r det beh\u00f6vs och forts\u00e4tt n\u00e4r du \u00e4r redo att ta upp sp\u00e5ret igen. Team kan ocks\u00e5 t\u00e4vla om att l\u00f6sa mysteriet mer effektivt, vilket ger en extra sp\u00e4nning till din utredning genom Antalyas trassliga n\u00e4t av hemligheter.","how_to_play":"Spela ensam eller tillsammans med v\u00e4nner, familj eller kollegor i lag om upp till fyra personer per enhet. Efter bokningen f\u00e5r du ett e-postmeddelande med instruktioner som inneh\u00e5ller allt du beh\u00f6ver.","start_location":"Antalya, Antalya Atat\u00fcrk Evi ve M\u00fczesi","available_languages":["en","es","fr","de","it","nl"],"players_per_group":"1-4","duration":"1.5-2 hours","image_overlay_color_image":"https:\/\/testwebsite.citygame.com\/wp-content\/blogs.dir\/1\/files\/sites\/62\/2026\/01\/SherlockColor.svg","image_overlay_game_logo":"https:\/\/testwebsite.citygame.com\/wp-content\/blogs.dir\/1\/files\/sites\/62\/2026\/01\/SherlockLogo.png","city_page":11146,"woocommerce_general_content":null},"yoast_head":"<!-- This site is optimized with the Yoast SEO Premium plugin v26.2 (Yoast SEO v26.3) - https:\/\/yoast.com\/wordpress\/plugins\/seo\/ -->\n<title>Sherlock Holmes Antalya - City Game<\/title>\n<meta name=\"description\" content=\"Sherlock Holmes Antalya. Spela ett sj\u00e4lvguidad mordmysterie City Game, l\u00f6s g\u00e5tor, f\u00f6lj ledtr\u00e5dar och avsl\u00f6ja m\u00f6rdaren i din egen takt!\" \/>\n<meta name=\"robots\" content=\"noindex, follow, max-snippet:-1, max-image-preview:large, max-video-preview:-1\" \/>\n<meta property=\"og:locale\" content=\"sv_SE\" \/>\n<meta property=\"og:type\" content=\"article\" \/>\n<meta property=\"og:title\" content=\"Sherlock Holmes Antalya\" \/>\n<meta property=\"og:description\" content=\"Sherlock Holmes Antalya. Spela ett sj\u00e4lvguidad mordmysterie City Game, l\u00f6s g\u00e5tor, f\u00f6lj ledtr\u00e5dar och avsl\u00f6ja m\u00f6rdaren i din egen takt!\" \/>\n<meta property=\"og:url\" content=\"https:\/\/testwebsite.citygame.com\/sv\/games\/antalya\/sherlock-holmes-antalya\/\" \/>\n<meta property=\"og:site_name\" content=\"City Game\" \/>\n<meta property=\"article:publisher\" content=\"https:\/\/www.facebook.com\/profile.php?id=100086426226253\" \/>\n<meta property=\"article:modified_time\" content=\"2026-04-08T13:34:57+00:00\" \/>\n<meta property=\"og:image\" content=\"https:\/\/testwebsite.citygame.com\/wp-content\/blogs.dir\/1\/files\/sites\/62\/2026\/02\/woman-playing-city-game-on-historic-street-in-antalya.jpg\" \/>\n\t<meta property=\"og:image:width\" content=\"1344\" \/>\n\t<meta property=\"og:image:height\" content=\"768\" \/>\n\t<meta property=\"og:image:type\" content=\"image\/jpeg\" \/>\n<meta name=\"twitter:card\" content=\"summary_large_image\" \/>\n<script type=\"application\/ld+json\" class=\"yoast-schema-graph\">{\"@context\":\"https:\/\/schema.org\",\"@graph\":[{\"@type\":\"WebPage\",\"@id\":\"https:\/\/testwebsite.citygame.com\/sv\/games\/antalya\/sherlock-holmes-antalya\/\",\"url\":\"https:\/\/testwebsite.citygame.com\/sv\/games\/antalya\/sherlock-holmes-antalya\/\",\"name\":\"Sherlock Holmes Antalya - City Game\",\"isPartOf\":{\"@id\":\"https:\/\/testwebsite.upevents.nl\/#website\"},\"primaryImageOfPage\":{\"@id\":\"https:\/\/testwebsite.citygame.com\/sv\/games\/antalya\/sherlock-holmes-antalya\/#primaryimage\"},\"image\":{\"@id\":\"https:\/\/testwebsite.citygame.com\/sv\/games\/antalya\/sherlock-holmes-antalya\/#primaryimage\"},\"thumbnailUrl\":\"https:\/\/testwebsite.citygame.com\/wp-content\/blogs.dir\/1\/files\/sites\/62\/2026\/02\/woman-playing-city-game-on-historic-street-in-antalya.jpg\",\"datePublished\":\"2026-02-06T08:56:12+00:00\",\"dateModified\":\"2026-04-08T13:34:57+00:00\",\"description\":\"Sherlock Holmes Antalya. Spela ett sj\u00e4lvguidad mordmysterie City Game, l\u00f6s g\u00e5tor, f\u00f6lj ledtr\u00e5dar och avsl\u00f6ja m\u00f6rdaren i din egen takt!\",\"breadcrumb\":{\"@id\":\"https:\/\/testwebsite.citygame.com\/sv\/games\/antalya\/sherlock-holmes-antalya\/#breadcrumb\"},\"inLanguage\":\"sv-SE\",\"potentialAction\":[{\"@type\":\"ReadAction\",\"target\":[\"https:\/\/testwebsite.citygame.com\/sv\/games\/antalya\/sherlock-holmes-antalya\/\"]}]},{\"@type\":\"ImageObject\",\"inLanguage\":\"sv-SE\",\"@id\":\"https:\/\/testwebsite.citygame.com\/sv\/games\/antalya\/sherlock-holmes-antalya\/#primaryimage\",\"url\":\"https:\/\/testwebsite.citygame.com\/wp-content\/blogs.dir\/1\/files\/sites\/62\/2026\/02\/woman-playing-city-game-on-historic-street-in-antalya.jpg\",\"contentUrl\":\"https:\/\/testwebsite.citygame.com\/wp-content\/blogs.dir\/1\/files\/sites\/62\/2026\/02\/woman-playing-city-game-on-historic-street-in-antalya.jpg\",\"width\":1344,\"height\":768,\"caption\":\"A woman uses her phone to navigate and explore the charming, historic streets of Antalya.\"},{\"@type\":\"BreadcrumbList\",\"@id\":\"https:\/\/testwebsite.citygame.com\/sv\/games\/antalya\/sherlock-holmes-antalya\/#breadcrumb\",\"itemListElement\":[{\"@type\":\"ListItem\",\"position\":1,\"name\":\"Home\",\"item\":\"https:\/\/testwebsite.citygame.com\/sv\/\"},{\"@type\":\"ListItem\",\"position\":2,\"name\":\"Shop\",\"item\":\"https:\/\/testwebsite.citygame.com\/shop\/\"},{\"@type\":\"ListItem\",\"position\":3,\"name\":\"Sherlock Holmes Antalya\"}]},{\"@type\":\"WebSite\",\"@id\":\"https:\/\/testwebsite.upevents.nl\/#website\",\"url\":\"https:\/\/testwebsite.upevents.nl\/\",\"name\":\"City Game\",\"description\":\"\",\"publisher\":{\"@id\":\"https:\/\/testwebsite.upevents.nl\/#organization\"},\"alternateName\":\"citygame.com\",\"potentialAction\":[{\"@type\":\"SearchAction\",\"target\":{\"@type\":\"EntryPoint\",\"urlTemplate\":\"https:\/\/testwebsite.upevents.nl\/?s={search_term_string}\"},\"query-input\":{\"@type\":\"PropertyValueSpecification\",\"valueRequired\":true,\"valueName\":\"search_term_string\"}}],\"inLanguage\":\"sv-SE\"},{\"@type\":[\"Organization\",\"Place\"],\"@id\":\"https:\/\/testwebsite.upevents.nl\/#organization\",\"name\":\"City Game\",\"alternateName\":\"citygame.com\",\"url\":\"https:\/\/testwebsite.upevents.nl\/\",\"logo\":{\"@id\":\"https:\/\/testwebsite.citygame.com\/sv\/games\/antalya\/sherlock-holmes-antalya\/#local-main-organization-logo\"},\"image\":{\"@id\":\"https:\/\/testwebsite.citygame.com\/sv\/games\/antalya\/sherlock-holmes-antalya\/#local-main-organization-logo\"},\"sameAs\":[\"https:\/\/www.facebook.com\/profile.php?id=100086426226253\",\"https:\/\/www.instagram.com\/citygame_com\",\"https:\/\/www.tiktok.com\/@citygamecom\/\",\"https:\/\/www.linkedin.com\/company\/citygame-com\"],\"description\":\"Turn any city into a playground with our interactive City Games and self-guided tours. Fun, flexible, and ideal for groups and team building.\",\"telephone\":[],\"openingHoursSpecification\":[{\"@type\":\"OpeningHoursSpecification\",\"dayOfWeek\":[\"Monday\",\"Tuesday\",\"Wednesday\",\"Thursday\",\"Friday\",\"Saturday\",\"Sunday\"],\"opens\":\"09:00\",\"closes\":\"17:00\"}]},{\"@type\":\"ImageObject\",\"inLanguage\":\"sv-SE\",\"@id\":\"https:\/\/testwebsite.citygame.com\/sv\/games\/antalya\/sherlock-holmes-antalya\/#local-main-organization-logo\",\"url\":\"https:\/\/testwebsite.citygame.com\/wp-content\/blogs.dir\/1\/files\/sites\/62\/2025\/10\/CG_LOGO-City-Game.png\",\"contentUrl\":\"https:\/\/testwebsite.citygame.com\/wp-content\/blogs.dir\/1\/files\/sites\/62\/2025\/10\/CG_LOGO-City-Game.png\",\"width\":351,\"height\":377,\"caption\":\"City Game\"}]}<\/script>\n<!-- \/ Yoast SEO Premium plugin. -->","yoast_head_json":{"title":"Sherlock Holmes Antalya - City Game","description":"Sherlock Holmes Antalya. Spela ett sj\u00e4lvguidad mordmysterie City Game, l\u00f6s g\u00e5tor, f\u00f6lj ledtr\u00e5dar och avsl\u00f6ja m\u00f6rdaren i din egen takt!","robots":{"index":"noindex","follow":"follow","max-snippet":"max-snippet:-1","max-image-preview":"max-image-preview:large","max-video-preview":"max-video-preview:-1"},"og_locale":"sv_SE","og_type":"article","og_title":"Sherlock Holmes Antalya","og_description":"Sherlock Holmes Antalya. Spela ett sj\u00e4lvguidad mordmysterie City Game, l\u00f6s g\u00e5tor, f\u00f6lj ledtr\u00e5dar och avsl\u00f6ja m\u00f6rdaren i din egen takt!","og_url":"https:\/\/testwebsite.citygame.com\/sv\/games\/antalya\/sherlock-holmes-antalya\/","og_site_name":"City Game","article_publisher":"https:\/\/www.facebook.com\/profile.php?id=100086426226253","article_modified_time":"2026-04-08T13:34:57+00:00","og_image":[{"width":1344,"height":768,"url":"https:\/\/testwebsite.citygame.com\/wp-content\/blogs.dir\/1\/files\/sites\/62\/2026\/02\/woman-playing-city-game-on-historic-street-in-antalya.jpg","type":"image\/jpeg"}],"twitter_card":"summary_large_image","schema":{"@context":"https:\/\/schema.org","@graph":[{"@type":"WebPage","@id":"https:\/\/testwebsite.citygame.com\/sv\/games\/antalya\/sherlock-holmes-antalya\/","url":"https:\/\/testwebsite.citygame.com\/sv\/games\/antalya\/sherlock-holmes-antalya\/","name":"Sherlock Holmes Antalya - City Game","isPartOf":{"@id":"https:\/\/testwebsite.upevents.nl\/#website"},"primaryImageOfPage":{"@id":"https:\/\/testwebsite.citygame.com\/sv\/games\/antalya\/sherlock-holmes-antalya\/#primaryimage"},"image":{"@id":"https:\/\/testwebsite.citygame.com\/sv\/games\/antalya\/sherlock-holmes-antalya\/#primaryimage"},"thumbnailUrl":"https:\/\/testwebsite.citygame.com\/wp-content\/blogs.dir\/1\/files\/sites\/62\/2026\/02\/woman-playing-city-game-on-historic-street-in-antalya.jpg","datePublished":"2026-02-06T08:56:12+00:00","dateModified":"2026-04-08T13:34:57+00:00","description":"Sherlock Holmes Antalya. Spela ett sj\u00e4lvguidad mordmysterie City Game, l\u00f6s g\u00e5tor, f\u00f6lj ledtr\u00e5dar och avsl\u00f6ja m\u00f6rdaren i din egen takt!","breadcrumb":{"@id":"https:\/\/testwebsite.citygame.com\/sv\/games\/antalya\/sherlock-holmes-antalya\/#breadcrumb"},"inLanguage":"sv-SE","potentialAction":[{"@type":"ReadAction","target":["https:\/\/testwebsite.citygame.com\/sv\/games\/antalya\/sherlock-holmes-antalya\/"]}]},{"@type":"ImageObject","inLanguage":"sv-SE","@id":"https:\/\/testwebsite.citygame.com\/sv\/games\/antalya\/sherlock-holmes-antalya\/#primaryimage","url":"https:\/\/testwebsite.citygame.com\/wp-content\/blogs.dir\/1\/files\/sites\/62\/2026\/02\/woman-playing-city-game-on-historic-street-in-antalya.jpg","contentUrl":"https:\/\/testwebsite.citygame.com\/wp-content\/blogs.dir\/1\/files\/sites\/62\/2026\/02\/woman-playing-city-game-on-historic-street-in-antalya.jpg","width":1344,"height":768,"caption":"A woman uses her phone to navigate and explore the charming, historic streets of Antalya."},{"@type":"BreadcrumbList","@id":"https:\/\/testwebsite.citygame.com\/sv\/games\/antalya\/sherlock-holmes-antalya\/#breadcrumb","itemListElement":[{"@type":"ListItem","position":1,"name":"Home","item":"https:\/\/testwebsite.citygame.com\/sv\/"},{"@type":"ListItem","position":2,"name":"Shop","item":"https:\/\/testwebsite.citygame.com\/shop\/"},{"@type":"ListItem","position":3,"name":"Sherlock Holmes Antalya"}]},{"@type":"WebSite","@id":"https:\/\/testwebsite.upevents.nl\/#website","url":"https:\/\/testwebsite.upevents.nl\/","name":"City Game","description":"","publisher":{"@id":"https:\/\/testwebsite.upevents.nl\/#organization"},"alternateName":"citygame.com","potentialAction":[{"@type":"SearchAction","target":{"@type":"EntryPoint","urlTemplate":"https:\/\/testwebsite.upevents.nl\/?s={search_term_string}"},"query-input":{"@type":"PropertyValueSpecification","valueRequired":true,"valueName":"search_term_string"}}],"inLanguage":"sv-SE"},{"@type":["Organization","Place"],"@id":"https:\/\/testwebsite.upevents.nl\/#organization","name":"City Game","alternateName":"citygame.com","url":"https:\/\/testwebsite.upevents.nl\/","logo":{"@id":"https:\/\/testwebsite.citygame.com\/sv\/games\/antalya\/sherlock-holmes-antalya\/#local-main-organization-logo"},"image":{"@id":"https:\/\/testwebsite.citygame.com\/sv\/games\/antalya\/sherlock-holmes-antalya\/#local-main-organization-logo"},"sameAs":["https:\/\/www.facebook.com\/profile.php?id=100086426226253","https:\/\/www.instagram.com\/citygame_com","https:\/\/www.tiktok.com\/@citygamecom\/","https:\/\/www.linkedin.com\/company\/citygame-com"],"description":"Turn any city into a playground with our interactive City Games and self-guided tours. Fun, flexible, and ideal for groups and team building.","telephone":[],"openingHoursSpecification":[{"@type":"OpeningHoursSpecification","dayOfWeek":["Monday","Tuesday","Wednesday","Thursday","Friday","Saturday","Sunday"],"opens":"09:00","closes":"17:00"}]},{"@type":"ImageObject","inLanguage":"sv-SE","@id":"https:\/\/testwebsite.citygame.com\/sv\/games\/antalya\/sherlock-holmes-antalya\/#local-main-organization-logo","url":"https:\/\/testwebsite.citygame.com\/wp-content\/blogs.dir\/1\/files\/sites\/62\/2025\/10\/CG_LOGO-City-Game.png","contentUrl":"https:\/\/testwebsite.citygame.com\/wp-content\/blogs.dir\/1\/files\/sites\/62\/2025\/10\/CG_LOGO-City-Game.png","width":351,"height":377,"caption":"City Game"}]}},"taxonomy_info":{"game-concept":[{"value":791,"label":"Sherlock"}],"location":[{"value":69,"label":"Antalya"}],"product_cat":[{"value":27,"label":"Geen categorie"}]},"featured_image_src_large":["https:\/\/testwebsite.citygame.com\/wp-content\/blogs.dir\/1\/files\/sites\/62\/2026\/02\/woman-playing-city-game-on-historic-street-in-antalya-1024x585.jpg",1024,585,true],"author_info":[],"comment_info":"","_links":{"self":[{"href":"https:\/\/testwebsite.citygame.com\/sv\/wp-json\/wp\/v2\/product\/64294","targetHints":{"allow":["GET"]}}],"collection":[{"href":"https:\/\/testwebsite.citygame.com\/sv\/wp-json\/wp\/v2\/product"}],"about":[{"href":"https:\/\/testwebsite.citygame.com\/sv\/wp-json\/wp\/v2\/types\/product"}],"acf:post":[{"embeddable":true,"href":"https:\/\/testwebsite.citygame.com\/sv\/wp-json\/wp\/v2\/pages\/11146"}],"wp:featuredmedia":[{"embeddable":true,"href":"https:\/\/testwebsite.citygame.com\/sv\/wp-json\/wp\/v2\/media\/11148"}],"wp:attachment":[{"href":"https:\/\/testwebsite.citygame.com\/sv\/wp-json\/wp\/v2\/media?parent=64294"}],"wp:term":[{"taxonomy":"game-concept","embeddable":true,"href":"https:\/\/testwebsite.citygame.com\/sv\/wp-json\/wp\/v2\/game-concept?post=64294"},{"taxonomy":"location","embeddable":true,"href":"https:\/\/testwebsite.citygame.com\/sv\/wp-json\/wp\/v2\/location?post=64294"},{"taxonomy":"product_brand","embeddable":true,"href":"https:\/\/testwebsite.citygame.com\/sv\/wp-json\/wp\/v2\/product_brand?post=64294"},{"taxonomy":"product_cat","embeddable":true,"href":"https:\/\/testwebsite.citygame.com\/sv\/wp-json\/wp\/v2\/product_cat?post=64294"},{"taxonomy":"product_tag","embeddable":true,"href":"https:\/\/testwebsite.citygame.com\/sv\/wp-json\/wp\/v2\/product_tag?post=64294"}],"curies":[{"name":"wp","href":"https:\/\/api.w.org\/{rel}","templated":true}]}}