{"id":63905,"date":"2026-02-05T21:07:05","date_gmt":"2026-02-05T21:07:05","guid":{"rendered":"https:\/\/testwebsite.citygame.com\/games\/unknown-location\/sherlock-holmes-kuala-lumpur\/"},"modified":"2026-04-08T12:44:40","modified_gmt":"2026-04-08T12:44:40","slug":"sherlock-holmes-kuala-lumpur","status":"publish","type":"product","link":"https:\/\/testwebsite.citygame.com\/sv\/games\/kuala-lumpur\/sherlock-holmes-kuala-lumpur\/","title":{"rendered":"Sherlock Holmes Kuala Lumpur"},"content":{"rendered":"<p>Kliv in i skuggorna av Kuala Lumpurs centrum i detta sj\u00e4lvguidade, ber\u00e4ttelsedrivna mordmysterium City Game som utspelar sig i Sherlock Holmes v\u00e4rld. N\u00e4r ett fruktansv\u00e4rt brott skakar Liberty Festival, intar spelarna rollen som detektiv, r\u00f6r sig genom staden medan de f\u00f6ljer en gripande ber\u00e4ttelse som utvecklas ledtr\u00e5d f\u00f6r ledtr\u00e5d. Med fullst\u00e4ndig frihet att spela i din egen takt kommer du att samla bevis, l\u00f6sa intrikata pussel och f\u00f6rh\u00f6ra digitala misst\u00e4nkta f\u00f6r att avsl\u00f6ja sanningen bakom mordet.<\/p>\n","protected":false},"excerpt":{"rendered":"<p>Kliv in i rollen som den legendariske detektiven, Sherlock Holmes, i ett f\u00e4ngslande, sj\u00e4lvguidad mordmysterium som utspelar sig mitt i hj\u00e4rtat av Kuala Lumpur. I detta ledtr\u00e5dsbaserade \u00e4ventyr kommer du och ditt team att pressa era probleml\u00f6sningsf\u00e4rdigheter till det yttersta, avsl\u00f6ja sanningen mot den tickande klockan, ge liv \u00e5t dina detektivambitioner!<\/p>\n","protected":false},"featured_media":11092,"template":"","meta":{"_acf_changed":false,"_yoast_wpseo_focuskw":"Sherlock Holmes Kuala Lumpur","_yoast_wpseo_metadesc":"Sherlock Holmes Kuala Lumpur. Spela ett sj\u00e4lvguidad mordmysterium City Game, l\u00f6s pussel, f\u00f6lj ledtr\u00e5dar och avsl\u00f6ja m\u00f6rdaren i din egen takt!","_kad_blocks_custom_css":"","_kad_blocks_head_custom_js":"","_kad_blocks_body_custom_js":"","_kad_blocks_footer_custom_js":"","ghostkit_customizer_options":"","ghostkit_custom_css":"","ghostkit_custom_js_head":"","ghostkit_custom_js_foot":"","ghostkit_typography":"","_kad_post_transparent":"","_kad_post_title":"","_kad_post_layout":"","_kad_post_sidebar_id":"","_kad_post_content_style":"","_kad_post_vertical_padding":"","_kad_post_feature":"","_kad_post_feature_position":"","_kad_post_header":false,"_kad_post_footer":false,"_kad_post_classname":"","_links_to":"","_links_to_target":""},"game-concept":[791],"location":[231],"product_brand":[],"product_cat":[27],"product_tag":[],"class_list":{"0":"post-63905","1":"product","2":"type-product","3":"status-publish","4":"has-post-thumbnail","6":"game-concept-sherlock","7":"location-kuala-lumpur","8":"product_cat-geen-categorie","10":"first","11":"instock","12":"shipping-taxable","13":"purchasable","14":"product-type-simple","15":"entry","16":"content-bg","17":"loop-entry"},"acf":{"full_bokun_product_name":"Kuala Lumpur Self-Guided Sherlock Holmes Murder Mystery Game","location_name":"Kuala Lumpur","bokun_calendar_widget_code":"<script type=\"text\/javascript\" src=\"https:\/\/widgets.bokun.io\/assets\/javascripts\/apps\/build\/BokunWidgetsLoader.js?bookingChannelUUID=a1e93e96-5232-4734-a595-28405f4b5a31\" async><\/script>\n     \n    <div class=\"bokunWidget\" data-src=\"https:\/\/widgets.bokun.io\/online-sales\/a1e93e96-5232-4734-a595-28405f4b5a31\/experience-calendar\/734078\"><\/div>\n    <noscript>Please enable javascript in your browser to book<\/noscript>","bokun_button_widget_code":"<script type=\"text\/javascript\" src=\"https:\/\/widgets.bokun.io\/assets\/javascripts\/apps\/build\/BokunWidgetsLoader.js?bookingChannelUUID=a1e93e96-5232-4734-a595-28405f4b5a31\" async><\/script>\n      <style> #bokun_ed001e45_5927_4f62_b470_ca766338d083 { display: inline-block; padding: .4em 1em; background: #47b82e; border-radius: 999999px; box-shadow: none; font-weight: 600; font-size: 24px; text-decoration: none; text-align: center; color: #FFFFFF; border:none; cursor: pointer; transition: background .2s ease; } #bokun_ed001e45_5927_4f62_b470_ca766338d083:hover{ background: #2f7b1f; } #bokun_ed001e45_5927_4f62_b470_ca766338d083:active{ background: #378f24; } <\/style> <button class=\"bokunButton\" disabled id=bokun_ed001e45_5927_4f62_b470_ca766338d083 data-src=\"https:\/\/widgets.bokun.io\/online-sales\/a1e93e96-5232-4734-a595-28405f4b5a31\/experience-calendar\/734078?partialView=1\" data-testid=\"widget-book-button\" > Book now <\/button> ","what_you\u2019ll_experience_during_the_game":"Kliv in i en gripande detektivhistoria som utspelar sig i hj\u00e4rtat av Kuala Lumpur, d\u00e4r din utredning b\u00f6rjar i samma \u00f6gonblick som du \u00f6ppnar \u00e4rendeakten. N\u00e4r du r\u00f6r dig genom staden utvecklas mysteriet bit f\u00f6r bit, vilket drar dig djupare in i historien bakom ett mord som \u00e4gde rum under den kaotiska Liberty Festival. Varje plats inneh\u00e5ller en ny ledtr\u00e5d, ett dolt meddelande eller ett pussel som v\u00e4ntar p\u00e5 att l\u00f6sas, vilket drar dig l\u00e4ngre in i n\u00e4tet av hemligheter och l\u00f6gner.\n\nDu kommer att f\u00f6rh\u00f6ra digitala misst\u00e4nkta, granska deras alibin och s\u00f6ka efter mots\u00e4gelser som inte riktigt st\u00e4mmer. V\u00e4ndningar i utredningen h\u00e5ller dig alert, kr\u00e4ver skarpa observationer, logiskt t\u00e4nkande och en f\u00f6rm\u00e5ga till deduktion. Upplevelsen \u00e4r helt ber\u00e4ttelsedriven, vilket l\u00e5ter dig nysta upp mysteriet i din egen takt. Du kan pausa n\u00e4r du vill och \u00e5teruppta spelet n\u00e4r du \u00e4r redo att dyka in igen. Om du t\u00e4vlar i lag kan varje ledtr\u00e5d du kn\u00e4cker f\u00f6ra dig n\u00e4rmare att l\u00f6sa mysteriet f\u00f6re n\u00e5gon annan. Det \u00e4r ditt sinne mot det ok\u00e4nda \u2014 och sanningen v\u00e4ntar p\u00e5 att avsl\u00f6jas.","how_to_play":"Arbeta ensam eller med v\u00e4nner, familj eller kollegor i lag om upp till fyra per enhet. Efter bokning f\u00e5r du ett e-postmeddelande med instruktioner som inneh\u00e5ller allt du beh\u00f6ver.","start_location":"Kuala Lumpur, Bangunan Sultan Abdul Samad","available_languages":["en","es","fr","de","it","nl"],"players_per_group":"1-4","duration":"1.5-2 hours","image_overlay_color_image":"https:\/\/testwebsite.citygame.com\/wp-content\/blogs.dir\/1\/files\/sites\/62\/2026\/01\/SherlockColor.svg","image_overlay_game_logo":"https:\/\/testwebsite.citygame.com\/wp-content\/blogs.dir\/1\/files\/sites\/62\/2026\/01\/SherlockLogo.png","city_page":7731,"woocommerce_general_content":null},"yoast_head":"<!-- This site is optimized with the Yoast SEO Premium plugin v26.2 (Yoast SEO v26.3) - https:\/\/yoast.com\/wordpress\/plugins\/seo\/ -->\n<title>Sherlock Holmes Kuala Lumpur - City Game<\/title>\n<meta name=\"description\" content=\"Sherlock Holmes Kuala Lumpur. Spela ett sj\u00e4lvguidad mordmysterium City Game, l\u00f6s pussel, f\u00f6lj ledtr\u00e5dar och avsl\u00f6ja m\u00f6rdaren i din egen takt!\" \/>\n<meta name=\"robots\" content=\"noindex, follow, max-snippet:-1, max-image-preview:large, max-video-preview:-1\" \/>\n<meta property=\"og:locale\" content=\"sv_SE\" \/>\n<meta property=\"og:type\" content=\"article\" \/>\n<meta property=\"og:title\" content=\"Sherlock Holmes Kuala Lumpur\" \/>\n<meta property=\"og:description\" content=\"Sherlock Holmes Kuala Lumpur. Spela ett sj\u00e4lvguidad mordmysterium City Game, l\u00f6s pussel, f\u00f6lj ledtr\u00e5dar och avsl\u00f6ja m\u00f6rdaren i din egen takt!\" \/>\n<meta property=\"og:url\" content=\"https:\/\/testwebsite.citygame.com\/sv\/games\/kuala-lumpur\/sherlock-holmes-kuala-lumpur\/\" \/>\n<meta property=\"og:site_name\" content=\"City Game\" \/>\n<meta property=\"article:publisher\" content=\"https:\/\/www.facebook.com\/profile.php?id=100086426226253\" \/>\n<meta property=\"article:modified_time\" content=\"2026-04-08T12:44:40+00:00\" \/>\n<meta property=\"og:image\" content=\"https:\/\/testwebsite.citygame.com\/wp-content\/blogs.dir\/1\/files\/sites\/62\/2026\/02\/kuala-lumpur-player-with-phone-sherlock-game.jpg\" \/>\n\t<meta property=\"og:image:width\" content=\"1344\" \/>\n\t<meta property=\"og:image:height\" content=\"768\" \/>\n\t<meta property=\"og:image:type\" content=\"image\/jpeg\" \/>\n<meta name=\"twitter:card\" content=\"summary_large_image\" \/>\n<script type=\"application\/ld+json\" class=\"yoast-schema-graph\">{\"@context\":\"https:\/\/schema.org\",\"@graph\":[{\"@type\":\"WebPage\",\"@id\":\"https:\/\/testwebsite.citygame.com\/sv\/games\/kuala-lumpur\/sherlock-holmes-kuala-lumpur\/\",\"url\":\"https:\/\/testwebsite.citygame.com\/sv\/games\/kuala-lumpur\/sherlock-holmes-kuala-lumpur\/\",\"name\":\"Sherlock Holmes Kuala Lumpur - City Game\",\"isPartOf\":{\"@id\":\"https:\/\/testwebsite.upevents.nl\/#website\"},\"primaryImageOfPage\":{\"@id\":\"https:\/\/testwebsite.citygame.com\/sv\/games\/kuala-lumpur\/sherlock-holmes-kuala-lumpur\/#primaryimage\"},\"image\":{\"@id\":\"https:\/\/testwebsite.citygame.com\/sv\/games\/kuala-lumpur\/sherlock-holmes-kuala-lumpur\/#primaryimage\"},\"thumbnailUrl\":\"https:\/\/testwebsite.citygame.com\/wp-content\/blogs.dir\/1\/files\/sites\/62\/2026\/02\/kuala-lumpur-player-with-phone-sherlock-game.jpg\",\"datePublished\":\"2026-02-05T21:07:05+00:00\",\"dateModified\":\"2026-04-08T12:44:40+00:00\",\"description\":\"Sherlock Holmes Kuala Lumpur. Spela ett sj\u00e4lvguidad mordmysterium City Game, l\u00f6s pussel, f\u00f6lj ledtr\u00e5dar och avsl\u00f6ja m\u00f6rdaren i din egen takt!\",\"breadcrumb\":{\"@id\":\"https:\/\/testwebsite.citygame.com\/sv\/games\/kuala-lumpur\/sherlock-holmes-kuala-lumpur\/#breadcrumb\"},\"inLanguage\":\"sv-SE\",\"potentialAction\":[{\"@type\":\"ReadAction\",\"target\":[\"https:\/\/testwebsite.citygame.com\/sv\/games\/kuala-lumpur\/sherlock-holmes-kuala-lumpur\/\"]}]},{\"@type\":\"ImageObject\",\"inLanguage\":\"sv-SE\",\"@id\":\"https:\/\/testwebsite.citygame.com\/sv\/games\/kuala-lumpur\/sherlock-holmes-kuala-lumpur\/#primaryimage\",\"url\":\"https:\/\/testwebsite.citygame.com\/wp-content\/blogs.dir\/1\/files\/sites\/62\/2026\/02\/kuala-lumpur-player-with-phone-sherlock-game.jpg\",\"contentUrl\":\"https:\/\/testwebsite.citygame.com\/wp-content\/blogs.dir\/1\/files\/sites\/62\/2026\/02\/kuala-lumpur-player-with-phone-sherlock-game.jpg\",\"width\":1344,\"height\":768,\"caption\":\"A player uses her smartphone to solve a puzzle while exploring a historic city street.\"},{\"@type\":\"BreadcrumbList\",\"@id\":\"https:\/\/testwebsite.citygame.com\/sv\/games\/kuala-lumpur\/sherlock-holmes-kuala-lumpur\/#breadcrumb\",\"itemListElement\":[{\"@type\":\"ListItem\",\"position\":1,\"name\":\"Home\",\"item\":\"https:\/\/testwebsite.citygame.com\/sv\/\"},{\"@type\":\"ListItem\",\"position\":2,\"name\":\"Shop\",\"item\":\"https:\/\/testwebsite.citygame.com\/shop\/\"},{\"@type\":\"ListItem\",\"position\":3,\"name\":\"Sherlock Holmes Kuala Lumpur\"}]},{\"@type\":\"WebSite\",\"@id\":\"https:\/\/testwebsite.upevents.nl\/#website\",\"url\":\"https:\/\/testwebsite.upevents.nl\/\",\"name\":\"City Game\",\"description\":\"\",\"publisher\":{\"@id\":\"https:\/\/testwebsite.upevents.nl\/#organization\"},\"alternateName\":\"citygame.com\",\"potentialAction\":[{\"@type\":\"SearchAction\",\"target\":{\"@type\":\"EntryPoint\",\"urlTemplate\":\"https:\/\/testwebsite.upevents.nl\/?s={search_term_string}\"},\"query-input\":{\"@type\":\"PropertyValueSpecification\",\"valueRequired\":true,\"valueName\":\"search_term_string\"}}],\"inLanguage\":\"sv-SE\"},{\"@type\":[\"Organization\",\"Place\"],\"@id\":\"https:\/\/testwebsite.upevents.nl\/#organization\",\"name\":\"City Game\",\"alternateName\":\"citygame.com\",\"url\":\"https:\/\/testwebsite.upevents.nl\/\",\"logo\":{\"@id\":\"https:\/\/testwebsite.citygame.com\/sv\/games\/kuala-lumpur\/sherlock-holmes-kuala-lumpur\/#local-main-organization-logo\"},\"image\":{\"@id\":\"https:\/\/testwebsite.citygame.com\/sv\/games\/kuala-lumpur\/sherlock-holmes-kuala-lumpur\/#local-main-organization-logo\"},\"sameAs\":[\"https:\/\/www.facebook.com\/profile.php?id=100086426226253\",\"https:\/\/www.instagram.com\/citygame_com\",\"https:\/\/www.tiktok.com\/@citygamecom\/\",\"https:\/\/www.linkedin.com\/company\/citygame-com\"],\"description\":\"Turn any city into a playground with our interactive City Games and self-guided tours. Fun, flexible, and ideal for groups and team building.\",\"telephone\":[],\"openingHoursSpecification\":[{\"@type\":\"OpeningHoursSpecification\",\"dayOfWeek\":[\"Monday\",\"Tuesday\",\"Wednesday\",\"Thursday\",\"Friday\",\"Saturday\",\"Sunday\"],\"opens\":\"09:00\",\"closes\":\"17:00\"}]},{\"@type\":\"ImageObject\",\"inLanguage\":\"sv-SE\",\"@id\":\"https:\/\/testwebsite.citygame.com\/sv\/games\/kuala-lumpur\/sherlock-holmes-kuala-lumpur\/#local-main-organization-logo\",\"url\":\"https:\/\/testwebsite.citygame.com\/wp-content\/blogs.dir\/1\/files\/sites\/62\/2025\/10\/CG_LOGO-City-Game.png\",\"contentUrl\":\"https:\/\/testwebsite.citygame.com\/wp-content\/blogs.dir\/1\/files\/sites\/62\/2025\/10\/CG_LOGO-City-Game.png\",\"width\":351,\"height\":377,\"caption\":\"City Game\"}]}<\/script>\n<!-- \/ Yoast SEO Premium plugin. -->","yoast_head_json":{"title":"Sherlock Holmes Kuala Lumpur - City Game","description":"Sherlock Holmes Kuala Lumpur. Spela ett sj\u00e4lvguidad mordmysterium City Game, l\u00f6s pussel, f\u00f6lj ledtr\u00e5dar och avsl\u00f6ja m\u00f6rdaren i din egen takt!","robots":{"index":"noindex","follow":"follow","max-snippet":"max-snippet:-1","max-image-preview":"max-image-preview:large","max-video-preview":"max-video-preview:-1"},"og_locale":"sv_SE","og_type":"article","og_title":"Sherlock Holmes Kuala Lumpur","og_description":"Sherlock Holmes Kuala Lumpur. Spela ett sj\u00e4lvguidad mordmysterium City Game, l\u00f6s pussel, f\u00f6lj ledtr\u00e5dar och avsl\u00f6ja m\u00f6rdaren i din egen takt!","og_url":"https:\/\/testwebsite.citygame.com\/sv\/games\/kuala-lumpur\/sherlock-holmes-kuala-lumpur\/","og_site_name":"City Game","article_publisher":"https:\/\/www.facebook.com\/profile.php?id=100086426226253","article_modified_time":"2026-04-08T12:44:40+00:00","og_image":[{"width":1344,"height":768,"url":"https:\/\/testwebsite.citygame.com\/wp-content\/blogs.dir\/1\/files\/sites\/62\/2026\/02\/kuala-lumpur-player-with-phone-sherlock-game.jpg","type":"image\/jpeg"}],"twitter_card":"summary_large_image","schema":{"@context":"https:\/\/schema.org","@graph":[{"@type":"WebPage","@id":"https:\/\/testwebsite.citygame.com\/sv\/games\/kuala-lumpur\/sherlock-holmes-kuala-lumpur\/","url":"https:\/\/testwebsite.citygame.com\/sv\/games\/kuala-lumpur\/sherlock-holmes-kuala-lumpur\/","name":"Sherlock Holmes Kuala Lumpur - City Game","isPartOf":{"@id":"https:\/\/testwebsite.upevents.nl\/#website"},"primaryImageOfPage":{"@id":"https:\/\/testwebsite.citygame.com\/sv\/games\/kuala-lumpur\/sherlock-holmes-kuala-lumpur\/#primaryimage"},"image":{"@id":"https:\/\/testwebsite.citygame.com\/sv\/games\/kuala-lumpur\/sherlock-holmes-kuala-lumpur\/#primaryimage"},"thumbnailUrl":"https:\/\/testwebsite.citygame.com\/wp-content\/blogs.dir\/1\/files\/sites\/62\/2026\/02\/kuala-lumpur-player-with-phone-sherlock-game.jpg","datePublished":"2026-02-05T21:07:05+00:00","dateModified":"2026-04-08T12:44:40+00:00","description":"Sherlock Holmes Kuala Lumpur. Spela ett sj\u00e4lvguidad mordmysterium City Game, l\u00f6s pussel, f\u00f6lj ledtr\u00e5dar och avsl\u00f6ja m\u00f6rdaren i din egen takt!","breadcrumb":{"@id":"https:\/\/testwebsite.citygame.com\/sv\/games\/kuala-lumpur\/sherlock-holmes-kuala-lumpur\/#breadcrumb"},"inLanguage":"sv-SE","potentialAction":[{"@type":"ReadAction","target":["https:\/\/testwebsite.citygame.com\/sv\/games\/kuala-lumpur\/sherlock-holmes-kuala-lumpur\/"]}]},{"@type":"ImageObject","inLanguage":"sv-SE","@id":"https:\/\/testwebsite.citygame.com\/sv\/games\/kuala-lumpur\/sherlock-holmes-kuala-lumpur\/#primaryimage","url":"https:\/\/testwebsite.citygame.com\/wp-content\/blogs.dir\/1\/files\/sites\/62\/2026\/02\/kuala-lumpur-player-with-phone-sherlock-game.jpg","contentUrl":"https:\/\/testwebsite.citygame.com\/wp-content\/blogs.dir\/1\/files\/sites\/62\/2026\/02\/kuala-lumpur-player-with-phone-sherlock-game.jpg","width":1344,"height":768,"caption":"A player uses her smartphone to solve a puzzle while exploring a historic city street."},{"@type":"BreadcrumbList","@id":"https:\/\/testwebsite.citygame.com\/sv\/games\/kuala-lumpur\/sherlock-holmes-kuala-lumpur\/#breadcrumb","itemListElement":[{"@type":"ListItem","position":1,"name":"Home","item":"https:\/\/testwebsite.citygame.com\/sv\/"},{"@type":"ListItem","position":2,"name":"Shop","item":"https:\/\/testwebsite.citygame.com\/shop\/"},{"@type":"ListItem","position":3,"name":"Sherlock Holmes Kuala Lumpur"}]},{"@type":"WebSite","@id":"https:\/\/testwebsite.upevents.nl\/#website","url":"https:\/\/testwebsite.upevents.nl\/","name":"City Game","description":"","publisher":{"@id":"https:\/\/testwebsite.upevents.nl\/#organization"},"alternateName":"citygame.com","potentialAction":[{"@type":"SearchAction","target":{"@type":"EntryPoint","urlTemplate":"https:\/\/testwebsite.upevents.nl\/?s={search_term_string}"},"query-input":{"@type":"PropertyValueSpecification","valueRequired":true,"valueName":"search_term_string"}}],"inLanguage":"sv-SE"},{"@type":["Organization","Place"],"@id":"https:\/\/testwebsite.upevents.nl\/#organization","name":"City Game","alternateName":"citygame.com","url":"https:\/\/testwebsite.upevents.nl\/","logo":{"@id":"https:\/\/testwebsite.citygame.com\/sv\/games\/kuala-lumpur\/sherlock-holmes-kuala-lumpur\/#local-main-organization-logo"},"image":{"@id":"https:\/\/testwebsite.citygame.com\/sv\/games\/kuala-lumpur\/sherlock-holmes-kuala-lumpur\/#local-main-organization-logo"},"sameAs":["https:\/\/www.facebook.com\/profile.php?id=100086426226253","https:\/\/www.instagram.com\/citygame_com","https:\/\/www.tiktok.com\/@citygamecom\/","https:\/\/www.linkedin.com\/company\/citygame-com"],"description":"Turn any city into a playground with our interactive City Games and self-guided tours. Fun, flexible, and ideal for groups and team building.","telephone":[],"openingHoursSpecification":[{"@type":"OpeningHoursSpecification","dayOfWeek":["Monday","Tuesday","Wednesday","Thursday","Friday","Saturday","Sunday"],"opens":"09:00","closes":"17:00"}]},{"@type":"ImageObject","inLanguage":"sv-SE","@id":"https:\/\/testwebsite.citygame.com\/sv\/games\/kuala-lumpur\/sherlock-holmes-kuala-lumpur\/#local-main-organization-logo","url":"https:\/\/testwebsite.citygame.com\/wp-content\/blogs.dir\/1\/files\/sites\/62\/2025\/10\/CG_LOGO-City-Game.png","contentUrl":"https:\/\/testwebsite.citygame.com\/wp-content\/blogs.dir\/1\/files\/sites\/62\/2025\/10\/CG_LOGO-City-Game.png","width":351,"height":377,"caption":"City Game"}]}},"taxonomy_info":{"game-concept":[{"value":791,"label":"Sherlock"}],"location":[{"value":231,"label":"Kuala Lumpur"}],"product_cat":[{"value":27,"label":"Geen categorie"}]},"featured_image_src_large":["https:\/\/testwebsite.citygame.com\/wp-content\/blogs.dir\/1\/files\/sites\/62\/2026\/02\/kuala-lumpur-player-with-phone-sherlock-game-1024x585.jpg",1024,585,true],"author_info":[],"comment_info":"","_links":{"self":[{"href":"https:\/\/testwebsite.citygame.com\/sv\/wp-json\/wp\/v2\/product\/63905","targetHints":{"allow":["GET"]}}],"collection":[{"href":"https:\/\/testwebsite.citygame.com\/sv\/wp-json\/wp\/v2\/product"}],"about":[{"href":"https:\/\/testwebsite.citygame.com\/sv\/wp-json\/wp\/v2\/types\/product"}],"acf:post":[{"embeddable":true,"href":"https:\/\/testwebsite.citygame.com\/sv\/wp-json\/wp\/v2\/pages\/7731"}],"wp:featuredmedia":[{"embeddable":true,"href":"https:\/\/testwebsite.citygame.com\/sv\/wp-json\/wp\/v2\/media\/11092"}],"wp:attachment":[{"href":"https:\/\/testwebsite.citygame.com\/sv\/wp-json\/wp\/v2\/media?parent=63905"}],"wp:term":[{"taxonomy":"game-concept","embeddable":true,"href":"https:\/\/testwebsite.citygame.com\/sv\/wp-json\/wp\/v2\/game-concept?post=63905"},{"taxonomy":"location","embeddable":true,"href":"https:\/\/testwebsite.citygame.com\/sv\/wp-json\/wp\/v2\/location?post=63905"},{"taxonomy":"product_brand","embeddable":true,"href":"https:\/\/testwebsite.citygame.com\/sv\/wp-json\/wp\/v2\/product_brand?post=63905"},{"taxonomy":"product_cat","embeddable":true,"href":"https:\/\/testwebsite.citygame.com\/sv\/wp-json\/wp\/v2\/product_cat?post=63905"},{"taxonomy":"product_tag","embeddable":true,"href":"https:\/\/testwebsite.citygame.com\/sv\/wp-json\/wp\/v2\/product_tag?post=63905"}],"curies":[{"name":"wp","href":"https:\/\/api.w.org\/{rel}","templated":true}]}}