{"id":62268,"date":"2026-02-20T09:45:46","date_gmt":"2026-02-20T09:45:46","guid":{"rendered":"https:\/\/testwebsite.citygame.com\/games\/unknown-location\/the-cairns-syndicate\/"},"modified":"2026-04-08T09:18:39","modified_gmt":"2026-04-08T09:18:39","slug":"the-cairns-syndicate","status":"publish","type":"product","link":"https:\/\/testwebsite.citygame.com\/sv\/games\/cairns\/the-cairns-syndicate\/","title":{"rendered":"The Cairns Syndicate"},"content":{"rendered":"<p>Stig in i ett sp\u00e4nnande \u00e4ventyr med &#8217;The Cairns Syndicate&#8217;, ett sj\u00e4lvguidad City Escape Game som utspelar sig i Cairns centrum. Detta uppslukande stadsspel kr\u00e4ver att spelare samarbetar effektivt, anv\u00e4nder sina probleml\u00f6sningsf\u00f6rm\u00e5gor f\u00f6r att l\u00f6sa intrikata pussel och slutf\u00f6ra sp\u00e4nnande uppgifter. Som en del av den gripande handlingen sl\u00e5r spelare sig samman f\u00f6r att noggrant sp\u00e5ra den skurkaktige vetenskapsmannen Magnus och \u00e5terst\u00e4lla sex stulna formler, allt medan de v\u00e4gleds av en intuitiv steg-f\u00f6r-steg-progression av uppdraget.<\/p>\n","protected":false},"excerpt":{"rendered":"<p>Stig in i en sp\u00e4nnande v\u00e4rld av sp\u00e4nning och \u00e4ventyr med Cairns Syndicate City Escape Game, en sj\u00e4lvguidad utmaning som utspelar sig i hj\u00e4rtat av Cairns. F\u00f6lj sv\u00e5rf\u00e5ngade ledtr\u00e5dar, l\u00f6s intressanta pussel och arbeta med ditt team f\u00f6r att avsl\u00f6ja sanningen, och forts\u00e4tt steg f\u00f6r steg genom en ber\u00e4ttelse som kr\u00e4ver era b\u00e4sta insatser &#8211; anta utmaningen!<\/p>\n","protected":false},"featured_media":15187,"template":"","meta":{"_acf_changed":false,"_yoast_wpseo_focuskw":"The Cairns Syndicate","_yoast_wpseo_metadesc":"The Cairns Syndicate. Spela ett sj\u00e4lvguidad City Escape Game, l\u00f6s pussel, slutf\u00f6r uppdrag och \u00e5terst\u00e4ll de stulna formlerna i din egen takt!","_kad_blocks_custom_css":"","_kad_blocks_head_custom_js":"","_kad_blocks_body_custom_js":"","_kad_blocks_footer_custom_js":"","ghostkit_customizer_options":"","ghostkit_custom_css":"","ghostkit_custom_js_head":"","ghostkit_custom_js_foot":"","ghostkit_typography":"","_kad_post_transparent":"","_kad_post_title":"","_kad_post_layout":"","_kad_post_sidebar_id":"","_kad_post_content_style":"","_kad_post_vertical_padding":"","_kad_post_feature":"","_kad_post_feature_position":"","_kad_post_header":false,"_kad_post_footer":false,"_kad_post_classname":"","_links_to":"","_links_to_target":""},"game-concept":[761],"location":[112],"product_brand":[],"product_cat":[27],"product_tag":[],"class_list":{"0":"post-62268","1":"product","2":"type-product","3":"status-publish","4":"has-post-thumbnail","6":"game-concept-syndicate","7":"location-cairns","8":"product_cat-geen-categorie","10":"first","11":"instock","12":"shipping-taxable","13":"purchasable","14":"product-type-simple","15":"entry","16":"content-bg","17":"loop-entry"},"acf":{"full_bokun_product_name":"Self-Guided The Cairns Syndicate City Escape Game","location_name":"Cairns","bokun_calendar_widget_code":"<script type=\"text\/javascript\" src=\"https:\/\/widgets.bokun.io\/assets\/javascripts\/apps\/build\/BokunWidgetsLoader.js?bookingChannelUUID=a1e93e96-5232-4734-a595-28405f4b5a31\" async><\/script>\n     \n    <div class=\"bokunWidget\" data-src=\"https:\/\/widgets.bokun.io\/online-sales\/a1e93e96-5232-4734-a595-28405f4b5a31\/experience-calendar\/887850\"><\/div>\n    <noscript>Please enable javascript in your browser to book<\/noscript>","bokun_button_widget_code":"<script type=\"text\/javascript\" src=\"https:\/\/widgets.bokun.io\/assets\/javascripts\/apps\/build\/BokunWidgetsLoader.js?bookingChannelUUID=a1e93e96-5232-4734-a595-28405f4b5a31\" async><\/script>\n      <style> #bokun_ed001e45_5927_4f62_b470_ca766338d083 { display: inline-block; padding: .4em 1em; background: #47b82e; border-radius: 999999px; box-shadow: none; font-weight: 600; font-size: 24px; text-decoration: none; text-align: center; color: #FFFFFF; border:none; cursor: pointer; transition: background .2s ease; } #bokun_ed001e45_5927_4f62_b470_ca766338d083:hover{ background: #2f7b1f; } #bokun_ed001e45_5927_4f62_b470_ca766338d083:active{ background: #378f24; } <\/style> <button class=\"bokunButton\" disabled id=bokun_ed001e45_5927_4f62_b470_ca766338d083 data-src=\"https:\/\/widgets.bokun.io\/online-sales\/a1e93e96-5232-4734-a595-28405f4b5a31\/experience-calendar\/887850?partialView=1\" data-testid=\"widget-book-button\" > Book now <\/button> ","what_you\u2019ll_experience_during_the_game":"I 'The Cairns Syndicate' kastas du in i hj\u00e4rtat av ett h\u00f6gtst\u00e5ende flyktuppdrag som utspelar sig l\u00e4ngs Cairns avenyer och gr\u00e4nder. Sp\u00e4nningen byggs upp n\u00e4r du fortskrider steg f\u00f6r steg, navigerar p\u00e5 stadens gator, och uppdraget utvecklas en sp\u00e4nnande ledtr\u00e5d i taget. Ditt m\u00e5l? Det \u00e4r tv\u00e5faldigt: att sp\u00e5ra den sv\u00e5rf\u00e5ngade Magnus och \u00e5terst\u00e4lla sex stulna formler som inneh\u00e5ller nyckeln till ett ol\u00f6st mysterium. \n\nDetta suver\u00e4nt utformade spel integrerar pussel, kryptiska koder och utmanande uppgifter, vilket kr\u00e4ver dina f\u00e4rdigheter i lagarbete, kommunikation och beslutsfattande. Inget \u00f6gonblick k\u00e4nns platt, eftersom upplevelsen \u00e4r helt ber\u00e4ttelsedriven och h\u00e5ller dig uppslukad \u00e4nda till slutet. Cairns stadsbild fungerar som en f\u00e4ngslande bakgrund f\u00f6r ditt uppdrag, vilket ger en autentisk touch till ditt sp\u00e4nnande \u00e4ventyr. Och h\u00e4r \u00e4r en bonus: du kan pausa och forts\u00e4tta spelet enligt din egen rytm, vilket g\u00f6r detta spel \u00e4nnu mer tilltalande. Ditt uppdrag \u00e4r fastst\u00e4llt, \u00e4r du redo att acceptera det?","how_to_play":"Boka City Game, kontrollera e-postmeddelandet vi skickar dig med instruktionerna, ladda ner Loquiz App och p\u00e5b\u00f6rja din spelupplevelse!","start_location":"Cairns, Munro Martin Parklands","available_languages":["en"],"players_per_group":"1-4","duration":"1.5-2 hours","image_overlay_color_image":"https:\/\/testwebsite.citygame.com\/wp-content\/blogs.dir\/1\/files\/sites\/62\/2026\/01\/SyndicateColor.svg","image_overlay_game_logo":"https:\/\/testwebsite.citygame.com\/wp-content\/blogs.dir\/1\/files\/sites\/62\/2026\/01\/SyndicateLogo.png","city_page":15185,"woocommerce_general_content":null},"yoast_head":"<!-- This site is optimized with the Yoast SEO Premium plugin v26.2 (Yoast SEO v26.3) - https:\/\/yoast.com\/wordpress\/plugins\/seo\/ -->\n<title>The Cairns Syndicate - City Game<\/title>\n<meta name=\"description\" content=\"The Cairns Syndicate. Spela ett sj\u00e4lvguidad City Escape Game, l\u00f6s pussel, slutf\u00f6r uppdrag och \u00e5terst\u00e4ll de stulna formlerna i din egen takt!\" \/>\n<meta name=\"robots\" content=\"noindex, follow, max-snippet:-1, max-image-preview:large, max-video-preview:-1\" \/>\n<meta property=\"og:locale\" content=\"sv_SE\" \/>\n<meta property=\"og:type\" content=\"article\" \/>\n<meta property=\"og:title\" content=\"The Cairns Syndicate\" \/>\n<meta property=\"og:description\" content=\"The Cairns Syndicate. Spela ett sj\u00e4lvguidad City Escape Game, l\u00f6s pussel, slutf\u00f6r uppdrag och \u00e5terst\u00e4ll de stulna formlerna i din egen takt!\" \/>\n<meta property=\"og:url\" content=\"https:\/\/testwebsite.citygame.com\/sv\/games\/cairns\/the-cairns-syndicate\/\" \/>\n<meta property=\"og:site_name\" content=\"City Game\" \/>\n<meta property=\"article:publisher\" content=\"https:\/\/www.facebook.com\/profile.php?id=100086426226253\" \/>\n<meta property=\"article:modified_time\" content=\"2026-04-08T09:18:39+00:00\" \/>\n<meta property=\"og:image\" content=\"https:\/\/testwebsite.citygame.com\/wp-content\/blogs.dir\/1\/files\/sites\/62\/2026\/02\/cairns-st-monicas-cathedral-city-game-player.jpg\" \/>\n\t<meta property=\"og:image:width\" content=\"1024\" \/>\n\t<meta property=\"og:image:height\" content=\"1024\" \/>\n\t<meta property=\"og:image:type\" content=\"image\/jpeg\" \/>\n<meta name=\"twitter:card\" content=\"summary_large_image\" \/>\n<script type=\"application\/ld+json\" class=\"yoast-schema-graph\">{\"@context\":\"https:\/\/schema.org\",\"@graph\":[{\"@type\":\"WebPage\",\"@id\":\"https:\/\/testwebsite.citygame.com\/sv\/games\/cairns\/the-cairns-syndicate\/\",\"url\":\"https:\/\/testwebsite.citygame.com\/sv\/games\/cairns\/the-cairns-syndicate\/\",\"name\":\"The Cairns Syndicate - City Game\",\"isPartOf\":{\"@id\":\"https:\/\/testwebsite.upevents.nl\/#website\"},\"primaryImageOfPage\":{\"@id\":\"https:\/\/testwebsite.citygame.com\/sv\/games\/cairns\/the-cairns-syndicate\/#primaryimage\"},\"image\":{\"@id\":\"https:\/\/testwebsite.citygame.com\/sv\/games\/cairns\/the-cairns-syndicate\/#primaryimage\"},\"thumbnailUrl\":\"https:\/\/testwebsite.citygame.com\/wp-content\/blogs.dir\/1\/files\/sites\/62\/2026\/02\/cairns-st-monicas-cathedral-city-game-player.jpg\",\"datePublished\":\"2026-02-20T09:45:46+00:00\",\"dateModified\":\"2026-04-08T09:18:39+00:00\",\"description\":\"The Cairns Syndicate. Spela ett sj\u00e4lvguidad City Escape Game, l\u00f6s pussel, slutf\u00f6r uppdrag och \u00e5terst\u00e4ll de stulna formlerna i din egen takt!\",\"breadcrumb\":{\"@id\":\"https:\/\/testwebsite.citygame.com\/sv\/games\/cairns\/the-cairns-syndicate\/#breadcrumb\"},\"inLanguage\":\"sv-SE\",\"potentialAction\":[{\"@type\":\"ReadAction\",\"target\":[\"https:\/\/testwebsite.citygame.com\/sv\/games\/cairns\/the-cairns-syndicate\/\"]}]},{\"@type\":\"ImageObject\",\"inLanguage\":\"sv-SE\",\"@id\":\"https:\/\/testwebsite.citygame.com\/sv\/games\/cairns\/the-cairns-syndicate\/#primaryimage\",\"url\":\"https:\/\/testwebsite.citygame.com\/wp-content\/blogs.dir\/1\/files\/sites\/62\/2026\/02\/cairns-st-monicas-cathedral-city-game-player.jpg\",\"contentUrl\":\"https:\/\/testwebsite.citygame.com\/wp-content\/blogs.dir\/1\/files\/sites\/62\/2026\/02\/cairns-st-monicas-cathedral-city-game-player.jpg\",\"width\":1024,\"height\":1024,\"caption\":\"Playing a city exploration game with a view of St. Monica's Cathedral in Cairns.\"},{\"@type\":\"BreadcrumbList\",\"@id\":\"https:\/\/testwebsite.citygame.com\/sv\/games\/cairns\/the-cairns-syndicate\/#breadcrumb\",\"itemListElement\":[{\"@type\":\"ListItem\",\"position\":1,\"name\":\"Home\",\"item\":\"https:\/\/testwebsite.citygame.com\/sv\/\"},{\"@type\":\"ListItem\",\"position\":2,\"name\":\"Shop\",\"item\":\"https:\/\/testwebsite.citygame.com\/shop\/\"},{\"@type\":\"ListItem\",\"position\":3,\"name\":\"The Cairns Syndicate\"}]},{\"@type\":\"WebSite\",\"@id\":\"https:\/\/testwebsite.upevents.nl\/#website\",\"url\":\"https:\/\/testwebsite.upevents.nl\/\",\"name\":\"City Game\",\"description\":\"\",\"publisher\":{\"@id\":\"https:\/\/testwebsite.upevents.nl\/#organization\"},\"alternateName\":\"citygame.com\",\"potentialAction\":[{\"@type\":\"SearchAction\",\"target\":{\"@type\":\"EntryPoint\",\"urlTemplate\":\"https:\/\/testwebsite.upevents.nl\/?s={search_term_string}\"},\"query-input\":{\"@type\":\"PropertyValueSpecification\",\"valueRequired\":true,\"valueName\":\"search_term_string\"}}],\"inLanguage\":\"sv-SE\"},{\"@type\":[\"Organization\",\"Place\"],\"@id\":\"https:\/\/testwebsite.upevents.nl\/#organization\",\"name\":\"City Game\",\"alternateName\":\"citygame.com\",\"url\":\"https:\/\/testwebsite.upevents.nl\/\",\"logo\":{\"@id\":\"https:\/\/testwebsite.citygame.com\/sv\/games\/cairns\/the-cairns-syndicate\/#local-main-organization-logo\"},\"image\":{\"@id\":\"https:\/\/testwebsite.citygame.com\/sv\/games\/cairns\/the-cairns-syndicate\/#local-main-organization-logo\"},\"sameAs\":[\"https:\/\/www.facebook.com\/profile.php?id=100086426226253\",\"https:\/\/www.instagram.com\/citygame_com\",\"https:\/\/www.tiktok.com\/@citygamecom\/\",\"https:\/\/www.linkedin.com\/company\/citygame-com\"],\"description\":\"Turn any city into a playground with our interactive City Games and self-guided tours. Fun, flexible, and ideal for groups and team building.\",\"telephone\":[],\"openingHoursSpecification\":[{\"@type\":\"OpeningHoursSpecification\",\"dayOfWeek\":[\"Monday\",\"Tuesday\",\"Wednesday\",\"Thursday\",\"Friday\",\"Saturday\",\"Sunday\"],\"opens\":\"09:00\",\"closes\":\"17:00\"}]},{\"@type\":\"ImageObject\",\"inLanguage\":\"sv-SE\",\"@id\":\"https:\/\/testwebsite.citygame.com\/sv\/games\/cairns\/the-cairns-syndicate\/#local-main-organization-logo\",\"url\":\"https:\/\/testwebsite.citygame.com\/wp-content\/blogs.dir\/1\/files\/sites\/62\/2025\/10\/CG_LOGO-City-Game.png\",\"contentUrl\":\"https:\/\/testwebsite.citygame.com\/wp-content\/blogs.dir\/1\/files\/sites\/62\/2025\/10\/CG_LOGO-City-Game.png\",\"width\":351,\"height\":377,\"caption\":\"City Game\"}]}<\/script>\n<!-- \/ Yoast SEO Premium plugin. -->","yoast_head_json":{"title":"The Cairns Syndicate - City Game","description":"The Cairns Syndicate. Spela ett sj\u00e4lvguidad City Escape Game, l\u00f6s pussel, slutf\u00f6r uppdrag och \u00e5terst\u00e4ll de stulna formlerna i din egen takt!","robots":{"index":"noindex","follow":"follow","max-snippet":"max-snippet:-1","max-image-preview":"max-image-preview:large","max-video-preview":"max-video-preview:-1"},"og_locale":"sv_SE","og_type":"article","og_title":"The Cairns Syndicate","og_description":"The Cairns Syndicate. Spela ett sj\u00e4lvguidad City Escape Game, l\u00f6s pussel, slutf\u00f6r uppdrag och \u00e5terst\u00e4ll de stulna formlerna i din egen takt!","og_url":"https:\/\/testwebsite.citygame.com\/sv\/games\/cairns\/the-cairns-syndicate\/","og_site_name":"City Game","article_publisher":"https:\/\/www.facebook.com\/profile.php?id=100086426226253","article_modified_time":"2026-04-08T09:18:39+00:00","og_image":[{"width":1024,"height":1024,"url":"https:\/\/testwebsite.citygame.com\/wp-content\/blogs.dir\/1\/files\/sites\/62\/2026\/02\/cairns-st-monicas-cathedral-city-game-player.jpg","type":"image\/jpeg"}],"twitter_card":"summary_large_image","schema":{"@context":"https:\/\/schema.org","@graph":[{"@type":"WebPage","@id":"https:\/\/testwebsite.citygame.com\/sv\/games\/cairns\/the-cairns-syndicate\/","url":"https:\/\/testwebsite.citygame.com\/sv\/games\/cairns\/the-cairns-syndicate\/","name":"The Cairns Syndicate - City Game","isPartOf":{"@id":"https:\/\/testwebsite.upevents.nl\/#website"},"primaryImageOfPage":{"@id":"https:\/\/testwebsite.citygame.com\/sv\/games\/cairns\/the-cairns-syndicate\/#primaryimage"},"image":{"@id":"https:\/\/testwebsite.citygame.com\/sv\/games\/cairns\/the-cairns-syndicate\/#primaryimage"},"thumbnailUrl":"https:\/\/testwebsite.citygame.com\/wp-content\/blogs.dir\/1\/files\/sites\/62\/2026\/02\/cairns-st-monicas-cathedral-city-game-player.jpg","datePublished":"2026-02-20T09:45:46+00:00","dateModified":"2026-04-08T09:18:39+00:00","description":"The Cairns Syndicate. Spela ett sj\u00e4lvguidad City Escape Game, l\u00f6s pussel, slutf\u00f6r uppdrag och \u00e5terst\u00e4ll de stulna formlerna i din egen takt!","breadcrumb":{"@id":"https:\/\/testwebsite.citygame.com\/sv\/games\/cairns\/the-cairns-syndicate\/#breadcrumb"},"inLanguage":"sv-SE","potentialAction":[{"@type":"ReadAction","target":["https:\/\/testwebsite.citygame.com\/sv\/games\/cairns\/the-cairns-syndicate\/"]}]},{"@type":"ImageObject","inLanguage":"sv-SE","@id":"https:\/\/testwebsite.citygame.com\/sv\/games\/cairns\/the-cairns-syndicate\/#primaryimage","url":"https:\/\/testwebsite.citygame.com\/wp-content\/blogs.dir\/1\/files\/sites\/62\/2026\/02\/cairns-st-monicas-cathedral-city-game-player.jpg","contentUrl":"https:\/\/testwebsite.citygame.com\/wp-content\/blogs.dir\/1\/files\/sites\/62\/2026\/02\/cairns-st-monicas-cathedral-city-game-player.jpg","width":1024,"height":1024,"caption":"Playing a city exploration game with a view of St. Monica's Cathedral in Cairns."},{"@type":"BreadcrumbList","@id":"https:\/\/testwebsite.citygame.com\/sv\/games\/cairns\/the-cairns-syndicate\/#breadcrumb","itemListElement":[{"@type":"ListItem","position":1,"name":"Home","item":"https:\/\/testwebsite.citygame.com\/sv\/"},{"@type":"ListItem","position":2,"name":"Shop","item":"https:\/\/testwebsite.citygame.com\/shop\/"},{"@type":"ListItem","position":3,"name":"The Cairns Syndicate"}]},{"@type":"WebSite","@id":"https:\/\/testwebsite.upevents.nl\/#website","url":"https:\/\/testwebsite.upevents.nl\/","name":"City Game","description":"","publisher":{"@id":"https:\/\/testwebsite.upevents.nl\/#organization"},"alternateName":"citygame.com","potentialAction":[{"@type":"SearchAction","target":{"@type":"EntryPoint","urlTemplate":"https:\/\/testwebsite.upevents.nl\/?s={search_term_string}"},"query-input":{"@type":"PropertyValueSpecification","valueRequired":true,"valueName":"search_term_string"}}],"inLanguage":"sv-SE"},{"@type":["Organization","Place"],"@id":"https:\/\/testwebsite.upevents.nl\/#organization","name":"City Game","alternateName":"citygame.com","url":"https:\/\/testwebsite.upevents.nl\/","logo":{"@id":"https:\/\/testwebsite.citygame.com\/sv\/games\/cairns\/the-cairns-syndicate\/#local-main-organization-logo"},"image":{"@id":"https:\/\/testwebsite.citygame.com\/sv\/games\/cairns\/the-cairns-syndicate\/#local-main-organization-logo"},"sameAs":["https:\/\/www.facebook.com\/profile.php?id=100086426226253","https:\/\/www.instagram.com\/citygame_com","https:\/\/www.tiktok.com\/@citygamecom\/","https:\/\/www.linkedin.com\/company\/citygame-com"],"description":"Turn any city into a playground with our interactive City Games and self-guided tours. Fun, flexible, and ideal for groups and team building.","telephone":[],"openingHoursSpecification":[{"@type":"OpeningHoursSpecification","dayOfWeek":["Monday","Tuesday","Wednesday","Thursday","Friday","Saturday","Sunday"],"opens":"09:00","closes":"17:00"}]},{"@type":"ImageObject","inLanguage":"sv-SE","@id":"https:\/\/testwebsite.citygame.com\/sv\/games\/cairns\/the-cairns-syndicate\/#local-main-organization-logo","url":"https:\/\/testwebsite.citygame.com\/wp-content\/blogs.dir\/1\/files\/sites\/62\/2025\/10\/CG_LOGO-City-Game.png","contentUrl":"https:\/\/testwebsite.citygame.com\/wp-content\/blogs.dir\/1\/files\/sites\/62\/2025\/10\/CG_LOGO-City-Game.png","width":351,"height":377,"caption":"City Game"}]}},"taxonomy_info":{"game-concept":[{"value":761,"label":"Syndicate"}],"location":[{"value":112,"label":"Cairns"}],"product_cat":[{"value":27,"label":"Geen categorie"}]},"featured_image_src_large":["https:\/\/testwebsite.citygame.com\/wp-content\/blogs.dir\/1\/files\/sites\/62\/2026\/02\/cairns-st-monicas-cathedral-city-game-player.jpg",1024,1024,false],"author_info":[],"comment_info":"","_links":{"self":[{"href":"https:\/\/testwebsite.citygame.com\/sv\/wp-json\/wp\/v2\/product\/62268","targetHints":{"allow":["GET"]}}],"collection":[{"href":"https:\/\/testwebsite.citygame.com\/sv\/wp-json\/wp\/v2\/product"}],"about":[{"href":"https:\/\/testwebsite.citygame.com\/sv\/wp-json\/wp\/v2\/types\/product"}],"acf:post":[{"embeddable":true,"href":"https:\/\/testwebsite.citygame.com\/sv\/wp-json\/wp\/v2\/pages\/15185"}],"wp:featuredmedia":[{"embeddable":true,"href":"https:\/\/testwebsite.citygame.com\/sv\/wp-json\/wp\/v2\/media\/15187"}],"wp:attachment":[{"href":"https:\/\/testwebsite.citygame.com\/sv\/wp-json\/wp\/v2\/media?parent=62268"}],"wp:term":[{"taxonomy":"game-concept","embeddable":true,"href":"https:\/\/testwebsite.citygame.com\/sv\/wp-json\/wp\/v2\/game-concept?post=62268"},{"taxonomy":"location","embeddable":true,"href":"https:\/\/testwebsite.citygame.com\/sv\/wp-json\/wp\/v2\/location?post=62268"},{"taxonomy":"product_brand","embeddable":true,"href":"https:\/\/testwebsite.citygame.com\/sv\/wp-json\/wp\/v2\/product_brand?post=62268"},{"taxonomy":"product_cat","embeddable":true,"href":"https:\/\/testwebsite.citygame.com\/sv\/wp-json\/wp\/v2\/product_cat?post=62268"},{"taxonomy":"product_tag","embeddable":true,"href":"https:\/\/testwebsite.citygame.com\/sv\/wp-json\/wp\/v2\/product_tag?post=62268"}],"curies":[{"name":"wp","href":"https:\/\/api.w.org\/{rel}","templated":true}]}}