{"id":60406,"date":"2026-03-12T16:03:45","date_gmt":"2026-03-12T16:03:45","guid":{"rendered":"https:\/\/testwebsite.citygame.com\/games\/unknown-location\/secrets-of-marbella\/"},"modified":"2026-04-08T05:42:33","modified_gmt":"2026-04-08T05:42:33","slug":"secrets-of-marbella","status":"publish","type":"product","link":"https:\/\/testwebsite.citygame.com\/sv\/games\/marbella\/secrets-of-marbella\/","title":{"rendered":"Secrets of Marbella"},"content":{"rendered":"<p>Utforska Marbella som aldrig f\u00f6rr med det sj\u00e4lvguidade, GPS-baserade &#8217;Secrets of Marbella&#8217; Stadsspel. Detta f\u00e4ngslande utforskningsspel kommer att guida dig genom Marbellas centrum, d\u00e4r du anv\u00e4nder din smartphone f\u00f6r att l\u00f6sa intressanta pussel, g\u00e5tor och roliga fotoutmaningar. Genom att f\u00f6rvandla staden till din lekplats kommer du att uppt\u00e4cka inte bara natursk\u00f6na platser utan ocks\u00e5 dolda detaljer om Marbellas unika kultur och rika historia. Oavsett om du \u00e4r en lokalbo eller en bes\u00f6kare, ensamspelare eller en grupp v\u00e4nner, erbjuder detta stadsspel ett nytt perspektiv p\u00e5 Marbella och fungerar utm\u00e4rkt f\u00f6r alla som \u00e4r intresserade av en interaktiv stadsupplevelse. Oavsett om du reser ensam, med en partner, eller som en del av en familj eller grupp, lovar &#8217;Secrets of Marbella&#8217; Stadsspel ett engagerande s\u00e4tt att utforska och l\u00e4ra dig om staden.<\/p>\n","protected":false},"excerpt":{"rendered":"<p>Uppt\u00e4ck Marbellas mysterier och storslagenhet! F\u00f6rdjura dig i en stad d\u00e4r historia m\u00f6ter lyx, fr\u00e5n gamla moriska slott till glittrande yachter. Kn\u00e4ck koderna n\u00e4r du vandrar l\u00e4ngs dess solkyssta gator, Marbella \u00e4r ett o\u00e4ndligt \u00e4ventyr som bara v\u00e4ntar p\u00e5 att vecklas ut!<\/p>\n","protected":false},"featured_media":18293,"template":"","meta":{"_acf_changed":false,"_yoast_wpseo_focuskw":"Secrets of Marbella","_yoast_wpseo_metadesc":"Secrets of Marbella. Spela ett sj\u00e4lvguidad Stadsspel och utforska staden genom pussel, g\u00e5tor och utmaningar. Spela i din egen takt och uppt\u00e4ck som en lokalbo!","_kad_blocks_custom_css":"","_kad_blocks_head_custom_js":"","_kad_blocks_body_custom_js":"","_kad_blocks_footer_custom_js":"","ghostkit_customizer_options":"","ghostkit_custom_css":"","ghostkit_custom_js_head":"","ghostkit_custom_js_foot":"","ghostkit_typography":"","_kad_post_transparent":"","_kad_post_title":"","_kad_post_layout":"","_kad_post_sidebar_id":"","_kad_post_content_style":"","_kad_post_vertical_padding":"","_kad_post_feature":"","_kad_post_feature_position":"","_kad_post_header":false,"_kad_post_footer":false,"_kad_post_classname":"","_links_to":"","_links_to_target":""},"game-concept":[730],"location":[268],"product_brand":[],"product_cat":[27],"product_tag":[],"class_list":{"0":"post-60406","1":"product","2":"type-product","3":"status-publish","4":"has-post-thumbnail","6":"game-concept-secrets","7":"location-marbella","8":"product_cat-geen-categorie","10":"first","11":"instock","12":"shipping-taxable","13":"purchasable","14":"product-type-simple","15":"entry","16":"content-bg","17":"loop-entry"},"acf":{"full_bokun_product_name":"Self-Guided Secrets of Marbella Exploration Game","location_name":"Marbella","bokun_calendar_widget_code":"<script type=\"text\/javascript\" src=\"https:\/\/widgets.bokun.io\/assets\/javascripts\/apps\/build\/BokunWidgetsLoader.js?bookingChannelUUID=a1e93e96-5232-4734-a595-28405f4b5a31\" async><\/script>\n     \n    <div class=\"bokunWidget\" data-src=\"https:\/\/widgets.bokun.io\/online-sales\/a1e93e96-5232-4734-a595-28405f4b5a31\/experience-calendar\/828181\"><\/div>\n    <noscript>Please enable javascript in your browser to book<\/noscript>","bokun_button_widget_code":"<script type=\"text\/javascript\" src=\"https:\/\/widgets.bokun.io\/assets\/javascripts\/apps\/build\/BokunWidgetsLoader.js?bookingChannelUUID=a1e93e96-5232-4734-a595-28405f4b5a31\" async><\/script>\n      <style> #bokun_ed001e45_5927_4f62_b470_ca766338d083 { display: inline-block; padding: .4em 1em; background: #47b82e; border-radius: 999999px; box-shadow: none; font-weight: 600; font-size: 24px; text-decoration: none; text-align: center; color: #FFFFFF; border:none; cursor: pointer; transition: background .2s ease; } #bokun_ed001e45_5927_4f62_b470_ca766338d083:hover{ background: #2f7b1f; } #bokun_ed001e45_5927_4f62_b470_ca766338d083:active{ background: #378f24; } <\/style> <button class=\"bokunButton\" disabled id=bokun_ed001e45_5927_4f62_b470_ca766338d083 data-src=\"https:\/\/widgets.bokun.io\/online-sales\/a1e93e96-5232-4734-a595-28405f4b5a31\/experience-calendar\/828181?partialView=1\" data-testid=\"widget-book-button\" > Book now <\/button> ","what_you\u2019ll_experience_during_the_game":"N\u00e4r du kliver in i spelet kommer du att avsl\u00f6ja 'Secrets of Marbella', en perfekt blandning av klassisk sightseeing och fantasifullt ber\u00e4ttande, bev\u00e4pnad med engagerande interaktiva utmaningar. Guidad genom b\u00e5de Marbellas v\u00e4lk\u00e4nda omr\u00e5den och dess dolda p\u00e4rlor, exponeras spelare f\u00f6r en autentisk skildring av staden. Ge dig ut p\u00e5 en resa som leder dig till de solkyssta str\u00e4nderna, den pittoreska Gamla stan med dess mysiga smala gator, och lyxen i Puerto Ban\u00fas, allt s\u00f6ml\u00f6st inv\u00e4vt i \u00e4ventyrets ber\u00e4ttelse. Detta \u00e4r inte bara ett Stadsspel; det \u00e4r ett utforskningsspel fyllt med lokal historia och sev\u00e4rdheter som v\u00e4ntar p\u00e5 att uppt\u00e4ckas.\n\nDirekt in i spelet kommer du att navigera en labyrint av pussel och g\u00e5tor och ta dig an tankev\u00e4ckande fr\u00e5gor och engagerande fotoutmaningar. Det \u00e4r ett spel av kvickhet och probleml\u00f6sningsf\u00f6rm\u00e5ga, d\u00e4r spelare t\u00e4vlar om att tj\u00e4na po\u00e4ng, l\u00e5sa upp v\u00e4rdefulla tips och avancera i sitt uppdrag att l\u00f6sa det sista, lockande mysteriet. Speldesignen g\u00f6r att du bekv\u00e4mt kan pausa n\u00e4r som helst och forts\u00e4tta i din egen takt, vilket g\u00f6r det till ett idealiskt val f\u00f6r dem som s\u00f6ker en flexibel, men \u00e4nd\u00e5 uppslukande upplevelse. T\u00e4vlande spelare eller lag har m\u00f6jlighet att sikta p\u00e5 en ledande position p\u00e5 topplistan, vilket l\u00e4gger till en extra niv\u00e5 av sp\u00e4nning. 'Secrets of Marbella' v\u00e4ntar p\u00e5 att du ska f\u00f6rdjupa dig i dess g\u00e5ta.","how_to_play":"Boka 'Exploration Game', kolla e-postmeddelandet vi skickar dig med de enkla instruktionerna, ladda ner Loquiz App, f\u00e5 tillg\u00e5ng till 'Exploration Game' och du \u00e4r redo att b\u00f6rja din spelupplevelse!","start_location":"Marbella, Plaza de los Naranjos","available_languages":["en"],"players_per_group":"1-4","duration":"1.5-2 hours","image_overlay_color_image":"https:\/\/testwebsite.citygame.com\/wp-content\/blogs.dir\/1\/files\/sites\/62\/2026\/01\/SecretsColor.svg","image_overlay_game_logo":"https:\/\/testwebsite.citygame.com\/wp-content\/blogs.dir\/1\/files\/sites\/62\/2026\/01\/SecretsLogo.png","city_page":13285,"woocommerce_general_content":null},"yoast_head":"<!-- This site is optimized with the Yoast SEO Premium plugin v26.2 (Yoast SEO v26.3) - https:\/\/yoast.com\/wordpress\/plugins\/seo\/ -->\n<title>Secrets of Marbella - City Game<\/title>\n<meta name=\"description\" content=\"Secrets of Marbella. Spela ett sj\u00e4lvguidad Stadsspel och utforska staden genom pussel, g\u00e5tor och utmaningar. Spela i din egen takt och uppt\u00e4ck som en lokalbo!\" \/>\n<meta name=\"robots\" content=\"noindex, follow, max-snippet:-1, max-image-preview:large, max-video-preview:-1\" \/>\n<meta property=\"og:locale\" content=\"sv_SE\" \/>\n<meta property=\"og:type\" content=\"article\" \/>\n<meta property=\"og:title\" content=\"Secrets of Marbella\" \/>\n<meta property=\"og:description\" content=\"Secrets of Marbella. Spela ett sj\u00e4lvguidad Stadsspel och utforska staden genom pussel, g\u00e5tor och utmaningar. Spela i din egen takt och uppt\u00e4ck som en lokalbo!\" \/>\n<meta property=\"og:url\" content=\"https:\/\/testwebsite.citygame.com\/sv\/games\/marbella\/secrets-of-marbella\/\" \/>\n<meta property=\"og:site_name\" content=\"City Game\" \/>\n<meta property=\"article:publisher\" content=\"https:\/\/www.facebook.com\/profile.php?id=100086426226253\" \/>\n<meta property=\"article:modified_time\" content=\"2026-04-08T05:42:33+00:00\" \/>\n<meta property=\"og:image\" content=\"https:\/\/testwebsite.citygame.com\/wp-content\/blogs.dir\/1\/files\/sites\/62\/2026\/03\/marbella-players-city-game-old-town.jpg\" \/>\n\t<meta property=\"og:image:width\" content=\"1024\" \/>\n\t<meta property=\"og:image:height\" content=\"1024\" \/>\n\t<meta property=\"og:image:type\" content=\"image\/jpeg\" \/>\n<meta name=\"twitter:card\" content=\"summary_large_image\" \/>\n<meta name=\"twitter:label1\" content=\"Ber\u00e4knad l\u00e4stid\" \/>\n\t<meta name=\"twitter:data1\" content=\"1 minut\" \/>\n<script type=\"application\/ld+json\" class=\"yoast-schema-graph\">{\"@context\":\"https:\/\/schema.org\",\"@graph\":[{\"@type\":\"WebPage\",\"@id\":\"https:\/\/testwebsite.citygame.com\/sv\/games\/marbella\/secrets-of-marbella\/\",\"url\":\"https:\/\/testwebsite.citygame.com\/sv\/games\/marbella\/secrets-of-marbella\/\",\"name\":\"Secrets of Marbella - City Game\",\"isPartOf\":{\"@id\":\"https:\/\/testwebsite.upevents.nl\/#website\"},\"primaryImageOfPage\":{\"@id\":\"https:\/\/testwebsite.citygame.com\/sv\/games\/marbella\/secrets-of-marbella\/#primaryimage\"},\"image\":{\"@id\":\"https:\/\/testwebsite.citygame.com\/sv\/games\/marbella\/secrets-of-marbella\/#primaryimage\"},\"thumbnailUrl\":\"https:\/\/testwebsite.citygame.com\/wp-content\/blogs.dir\/1\/files\/sites\/62\/2026\/03\/marbella-players-city-game-old-town.jpg\",\"datePublished\":\"2026-03-12T16:03:45+00:00\",\"dateModified\":\"2026-04-08T05:42:33+00:00\",\"description\":\"Secrets of Marbella. Spela ett sj\u00e4lvguidad Stadsspel och utforska staden genom pussel, g\u00e5tor och utmaningar. Spela i din egen takt och uppt\u00e4ck som en lokalbo!\",\"breadcrumb\":{\"@id\":\"https:\/\/testwebsite.citygame.com\/sv\/games\/marbella\/secrets-of-marbella\/#breadcrumb\"},\"inLanguage\":\"sv-SE\",\"potentialAction\":[{\"@type\":\"ReadAction\",\"target\":[\"https:\/\/testwebsite.citygame.com\/sv\/games\/marbella\/secrets-of-marbella\/\"]}]},{\"@type\":\"ImageObject\",\"inLanguage\":\"sv-SE\",\"@id\":\"https:\/\/testwebsite.citygame.com\/sv\/games\/marbella\/secrets-of-marbella\/#primaryimage\",\"url\":\"https:\/\/testwebsite.citygame.com\/wp-content\/blogs.dir\/1\/files\/sites\/62\/2026\/03\/marbella-players-city-game-old-town.jpg\",\"contentUrl\":\"https:\/\/testwebsite.citygame.com\/wp-content\/blogs.dir\/1\/files\/sites\/62\/2026\/03\/marbella-players-city-game-old-town.jpg\",\"width\":1024,\"height\":1024,\"caption\":\"A group of young people explore the charming cobblestone streets of Marbella's Old Town.\"},{\"@type\":\"BreadcrumbList\",\"@id\":\"https:\/\/testwebsite.citygame.com\/sv\/games\/marbella\/secrets-of-marbella\/#breadcrumb\",\"itemListElement\":[{\"@type\":\"ListItem\",\"position\":1,\"name\":\"Home\",\"item\":\"https:\/\/testwebsite.citygame.com\/sv\/\"},{\"@type\":\"ListItem\",\"position\":2,\"name\":\"Shop\",\"item\":\"https:\/\/testwebsite.citygame.com\/shop\/\"},{\"@type\":\"ListItem\",\"position\":3,\"name\":\"Secrets of Marbella\"}]},{\"@type\":\"WebSite\",\"@id\":\"https:\/\/testwebsite.upevents.nl\/#website\",\"url\":\"https:\/\/testwebsite.upevents.nl\/\",\"name\":\"City Game\",\"description\":\"\",\"publisher\":{\"@id\":\"https:\/\/testwebsite.upevents.nl\/#organization\"},\"alternateName\":\"citygame.com\",\"potentialAction\":[{\"@type\":\"SearchAction\",\"target\":{\"@type\":\"EntryPoint\",\"urlTemplate\":\"https:\/\/testwebsite.upevents.nl\/?s={search_term_string}\"},\"query-input\":{\"@type\":\"PropertyValueSpecification\",\"valueRequired\":true,\"valueName\":\"search_term_string\"}}],\"inLanguage\":\"sv-SE\"},{\"@type\":[\"Organization\",\"Place\"],\"@id\":\"https:\/\/testwebsite.upevents.nl\/#organization\",\"name\":\"City Game\",\"alternateName\":\"citygame.com\",\"url\":\"https:\/\/testwebsite.upevents.nl\/\",\"logo\":{\"@id\":\"https:\/\/testwebsite.citygame.com\/sv\/games\/marbella\/secrets-of-marbella\/#local-main-organization-logo\"},\"image\":{\"@id\":\"https:\/\/testwebsite.citygame.com\/sv\/games\/marbella\/secrets-of-marbella\/#local-main-organization-logo\"},\"sameAs\":[\"https:\/\/www.facebook.com\/profile.php?id=100086426226253\",\"https:\/\/www.instagram.com\/citygame_com\",\"https:\/\/www.tiktok.com\/@citygamecom\/\",\"https:\/\/www.linkedin.com\/company\/citygame-com\"],\"description\":\"Turn any city into a playground with our interactive City Games and self-guided tours. Fun, flexible, and ideal for groups and team building.\",\"telephone\":[],\"openingHoursSpecification\":[{\"@type\":\"OpeningHoursSpecification\",\"dayOfWeek\":[\"Monday\",\"Tuesday\",\"Wednesday\",\"Thursday\",\"Friday\",\"Saturday\",\"Sunday\"],\"opens\":\"09:00\",\"closes\":\"17:00\"}]},{\"@type\":\"ImageObject\",\"inLanguage\":\"sv-SE\",\"@id\":\"https:\/\/testwebsite.citygame.com\/sv\/games\/marbella\/secrets-of-marbella\/#local-main-organization-logo\",\"url\":\"https:\/\/testwebsite.citygame.com\/wp-content\/blogs.dir\/1\/files\/sites\/62\/2025\/10\/CG_LOGO-City-Game.png\",\"contentUrl\":\"https:\/\/testwebsite.citygame.com\/wp-content\/blogs.dir\/1\/files\/sites\/62\/2025\/10\/CG_LOGO-City-Game.png\",\"width\":351,\"height\":377,\"caption\":\"City Game\"}]}<\/script>\n<!-- \/ Yoast SEO Premium plugin. -->","yoast_head_json":{"title":"Secrets of Marbella - City Game","description":"Secrets of Marbella. Spela ett sj\u00e4lvguidad Stadsspel och utforska staden genom pussel, g\u00e5tor och utmaningar. Spela i din egen takt och uppt\u00e4ck som en lokalbo!","robots":{"index":"noindex","follow":"follow","max-snippet":"max-snippet:-1","max-image-preview":"max-image-preview:large","max-video-preview":"max-video-preview:-1"},"og_locale":"sv_SE","og_type":"article","og_title":"Secrets of Marbella","og_description":"Secrets of Marbella. Spela ett sj\u00e4lvguidad Stadsspel och utforska staden genom pussel, g\u00e5tor och utmaningar. Spela i din egen takt och uppt\u00e4ck som en lokalbo!","og_url":"https:\/\/testwebsite.citygame.com\/sv\/games\/marbella\/secrets-of-marbella\/","og_site_name":"City Game","article_publisher":"https:\/\/www.facebook.com\/profile.php?id=100086426226253","article_modified_time":"2026-04-08T05:42:33+00:00","og_image":[{"width":1024,"height":1024,"url":"https:\/\/testwebsite.citygame.com\/wp-content\/blogs.dir\/1\/files\/sites\/62\/2026\/03\/marbella-players-city-game-old-town.jpg","type":"image\/jpeg"}],"twitter_card":"summary_large_image","twitter_misc":{"Ber\u00e4knad l\u00e4stid":"1 minut"},"schema":{"@context":"https:\/\/schema.org","@graph":[{"@type":"WebPage","@id":"https:\/\/testwebsite.citygame.com\/sv\/games\/marbella\/secrets-of-marbella\/","url":"https:\/\/testwebsite.citygame.com\/sv\/games\/marbella\/secrets-of-marbella\/","name":"Secrets of Marbella - City Game","isPartOf":{"@id":"https:\/\/testwebsite.upevents.nl\/#website"},"primaryImageOfPage":{"@id":"https:\/\/testwebsite.citygame.com\/sv\/games\/marbella\/secrets-of-marbella\/#primaryimage"},"image":{"@id":"https:\/\/testwebsite.citygame.com\/sv\/games\/marbella\/secrets-of-marbella\/#primaryimage"},"thumbnailUrl":"https:\/\/testwebsite.citygame.com\/wp-content\/blogs.dir\/1\/files\/sites\/62\/2026\/03\/marbella-players-city-game-old-town.jpg","datePublished":"2026-03-12T16:03:45+00:00","dateModified":"2026-04-08T05:42:33+00:00","description":"Secrets of Marbella. Spela ett sj\u00e4lvguidad Stadsspel och utforska staden genom pussel, g\u00e5tor och utmaningar. Spela i din egen takt och uppt\u00e4ck som en lokalbo!","breadcrumb":{"@id":"https:\/\/testwebsite.citygame.com\/sv\/games\/marbella\/secrets-of-marbella\/#breadcrumb"},"inLanguage":"sv-SE","potentialAction":[{"@type":"ReadAction","target":["https:\/\/testwebsite.citygame.com\/sv\/games\/marbella\/secrets-of-marbella\/"]}]},{"@type":"ImageObject","inLanguage":"sv-SE","@id":"https:\/\/testwebsite.citygame.com\/sv\/games\/marbella\/secrets-of-marbella\/#primaryimage","url":"https:\/\/testwebsite.citygame.com\/wp-content\/blogs.dir\/1\/files\/sites\/62\/2026\/03\/marbella-players-city-game-old-town.jpg","contentUrl":"https:\/\/testwebsite.citygame.com\/wp-content\/blogs.dir\/1\/files\/sites\/62\/2026\/03\/marbella-players-city-game-old-town.jpg","width":1024,"height":1024,"caption":"A group of young people explore the charming cobblestone streets of Marbella's Old Town."},{"@type":"BreadcrumbList","@id":"https:\/\/testwebsite.citygame.com\/sv\/games\/marbella\/secrets-of-marbella\/#breadcrumb","itemListElement":[{"@type":"ListItem","position":1,"name":"Home","item":"https:\/\/testwebsite.citygame.com\/sv\/"},{"@type":"ListItem","position":2,"name":"Shop","item":"https:\/\/testwebsite.citygame.com\/shop\/"},{"@type":"ListItem","position":3,"name":"Secrets of Marbella"}]},{"@type":"WebSite","@id":"https:\/\/testwebsite.upevents.nl\/#website","url":"https:\/\/testwebsite.upevents.nl\/","name":"City Game","description":"","publisher":{"@id":"https:\/\/testwebsite.upevents.nl\/#organization"},"alternateName":"citygame.com","potentialAction":[{"@type":"SearchAction","target":{"@type":"EntryPoint","urlTemplate":"https:\/\/testwebsite.upevents.nl\/?s={search_term_string}"},"query-input":{"@type":"PropertyValueSpecification","valueRequired":true,"valueName":"search_term_string"}}],"inLanguage":"sv-SE"},{"@type":["Organization","Place"],"@id":"https:\/\/testwebsite.upevents.nl\/#organization","name":"City Game","alternateName":"citygame.com","url":"https:\/\/testwebsite.upevents.nl\/","logo":{"@id":"https:\/\/testwebsite.citygame.com\/sv\/games\/marbella\/secrets-of-marbella\/#local-main-organization-logo"},"image":{"@id":"https:\/\/testwebsite.citygame.com\/sv\/games\/marbella\/secrets-of-marbella\/#local-main-organization-logo"},"sameAs":["https:\/\/www.facebook.com\/profile.php?id=100086426226253","https:\/\/www.instagram.com\/citygame_com","https:\/\/www.tiktok.com\/@citygamecom\/","https:\/\/www.linkedin.com\/company\/citygame-com"],"description":"Turn any city into a playground with our interactive City Games and self-guided tours. Fun, flexible, and ideal for groups and team building.","telephone":[],"openingHoursSpecification":[{"@type":"OpeningHoursSpecification","dayOfWeek":["Monday","Tuesday","Wednesday","Thursday","Friday","Saturday","Sunday"],"opens":"09:00","closes":"17:00"}]},{"@type":"ImageObject","inLanguage":"sv-SE","@id":"https:\/\/testwebsite.citygame.com\/sv\/games\/marbella\/secrets-of-marbella\/#local-main-organization-logo","url":"https:\/\/testwebsite.citygame.com\/wp-content\/blogs.dir\/1\/files\/sites\/62\/2025\/10\/CG_LOGO-City-Game.png","contentUrl":"https:\/\/testwebsite.citygame.com\/wp-content\/blogs.dir\/1\/files\/sites\/62\/2025\/10\/CG_LOGO-City-Game.png","width":351,"height":377,"caption":"City Game"}]}},"taxonomy_info":{"game-concept":[{"value":730,"label":"Secrets"}],"location":[{"value":268,"label":"Marbella"}],"product_cat":[{"value":27,"label":"Geen categorie"}]},"featured_image_src_large":["https:\/\/testwebsite.citygame.com\/wp-content\/blogs.dir\/1\/files\/sites\/62\/2026\/03\/marbella-players-city-game-old-town.jpg",1024,1024,false],"author_info":[],"comment_info":"","_links":{"self":[{"href":"https:\/\/testwebsite.citygame.com\/sv\/wp-json\/wp\/v2\/product\/60406","targetHints":{"allow":["GET"]}}],"collection":[{"href":"https:\/\/testwebsite.citygame.com\/sv\/wp-json\/wp\/v2\/product"}],"about":[{"href":"https:\/\/testwebsite.citygame.com\/sv\/wp-json\/wp\/v2\/types\/product"}],"acf:post":[{"embeddable":true,"href":"https:\/\/testwebsite.citygame.com\/sv\/wp-json\/wp\/v2\/pages\/13285"}],"wp:featuredmedia":[{"embeddable":true,"href":"https:\/\/testwebsite.citygame.com\/sv\/wp-json\/wp\/v2\/media\/18293"}],"wp:attachment":[{"href":"https:\/\/testwebsite.citygame.com\/sv\/wp-json\/wp\/v2\/media?parent=60406"}],"wp:term":[{"taxonomy":"game-concept","embeddable":true,"href":"https:\/\/testwebsite.citygame.com\/sv\/wp-json\/wp\/v2\/game-concept?post=60406"},{"taxonomy":"location","embeddable":true,"href":"https:\/\/testwebsite.citygame.com\/sv\/wp-json\/wp\/v2\/location?post=60406"},{"taxonomy":"product_brand","embeddable":true,"href":"https:\/\/testwebsite.citygame.com\/sv\/wp-json\/wp\/v2\/product_brand?post=60406"},{"taxonomy":"product_cat","embeddable":true,"href":"https:\/\/testwebsite.citygame.com\/sv\/wp-json\/wp\/v2\/product_cat?post=60406"},{"taxonomy":"product_tag","embeddable":true,"href":"https:\/\/testwebsite.citygame.com\/sv\/wp-json\/wp\/v2\/product_tag?post=60406"}],"curies":[{"name":"wp","href":"https:\/\/api.w.org\/{rel}","templated":true}]}}