{"id":58550,"date":"2026-02-20T08:42:03","date_gmt":"2026-02-20T08:42:03","guid":{"rendered":"https:\/\/testwebsite.citygame.com\/games\/unknown-location\/the-mannheim-syndicate\/"},"modified":"2026-04-08T02:26:16","modified_gmt":"2026-04-08T02:26:16","slug":"the-mannheim-syndicate","status":"publish","type":"product","link":"https:\/\/testwebsite.citygame.com\/sv\/games\/mannheim\/the-mannheim-syndicate\/","title":{"rendered":"The Mannheim Syndicate"},"content":{"rendered":"<p>Ge dig ut p\u00e5 ett City Escape Game i Mannheim som presenterar en unik blandning av underh\u00e5llning och \u00e4ventyr, mitt i Mannheims stadsk\u00e4rna. Detta sj\u00e4lvguiding stadsspel ger dig uppdraget att sp\u00e5ra upp den sv\u00e5rf\u00e5ngade karakt\u00e4ren Magnus och \u00e5terst\u00e4lla sex stulna formler, och erbjuder dig ett urval av pussel och utmaningar som kr\u00e4ver samarbete och strategiskt t\u00e4nkande. Med fokus p\u00e5 samarbete och tydlig uppdragsutveckling skapar detta stadsspel i Mannheim en f\u00e4ngslande upplevelse, driven av en medryckande ber\u00e4ttelse och sp\u00e4nningen i att nysta upp ledtr\u00e5dar \u2013 snarare \u00e4n att peka dig mot historiska sev\u00e4rdheter eller servera lokal kuriosa.<\/p>\n","protected":false},"excerpt":{"rendered":"<p>Kliv in i The Mannheim Syndicate City Escape Games sp\u00e4nnande v\u00e4rld, ett sj\u00e4lvguiding \u00e4ventyr som utspelar sig i hj\u00e4rtat av Mannheim. F\u00f6lj de noggrant utformade ledtr\u00e5darna, l\u00f6s kluriga g\u00e5tor med ditt team och pussla ihop en f\u00e4ngslande ber\u00e4ttelse, allt medan ni t\u00e4vlar mot klockan f\u00f6r att avsl\u00f6ja sanningen!<\/p>\n","protected":false},"featured_media":15137,"template":"","meta":{"_acf_changed":false,"_yoast_wpseo_focuskw":"The Mannheim Syndicate","_yoast_wpseo_metadesc":"The Mannheim Syndicate. Spela ett sj\u00e4lvguiding City Escape Game, l\u00f6s pussel, slutf\u00f6r uppdrag och \u00e5terf\u00e5 de stulna formlerna i din egen takt!","_kad_blocks_custom_css":"","_kad_blocks_head_custom_js":"","_kad_blocks_body_custom_js":"","_kad_blocks_footer_custom_js":"","ghostkit_customizer_options":"","ghostkit_custom_css":"","ghostkit_custom_js_head":"","ghostkit_custom_js_foot":"","ghostkit_typography":"","_kad_post_transparent":"","_kad_post_title":"","_kad_post_layout":"","_kad_post_sidebar_id":"","_kad_post_content_style":"","_kad_post_vertical_padding":"","_kad_post_feature":"","_kad_post_feature_position":"","_kad_post_header":false,"_kad_post_footer":false,"_kad_post_classname":"","_links_to":"","_links_to_target":""},"game-concept":[761],"location":[267],"product_brand":[],"product_cat":[27],"product_tag":[],"class_list":{"0":"post-58550","1":"product","2":"type-product","3":"status-publish","4":"has-post-thumbnail","6":"game-concept-syndicate","7":"location-mannheim","8":"product_cat-geen-categorie","10":"first","11":"instock","12":"shipping-taxable","13":"purchasable","14":"product-type-simple","15":"entry","16":"content-bg","17":"loop-entry"},"acf":{"full_bokun_product_name":"Self-Guided The Mannheim Syndicate City Escape Game","location_name":"Mannheim","bokun_calendar_widget_code":"<script type=\"text\/javascript\" src=\"https:\/\/widgets.bokun.io\/assets\/javascripts\/apps\/build\/BokunWidgetsLoader.js?bookingChannelUUID=a1e93e96-5232-4734-a595-28405f4b5a31\" async><\/script>\n     \n    <div class=\"bokunWidget\" data-src=\"https:\/\/widgets.bokun.io\/online-sales\/a1e93e96-5232-4734-a595-28405f4b5a31\/experience-calendar\/827841\"><\/div>\n    <noscript>Please enable javascript in your browser to book<\/noscript>","bokun_button_widget_code":"<script type=\"text\/javascript\" src=\"https:\/\/widgets.bokun.io\/assets\/javascripts\/apps\/build\/BokunWidgetsLoader.js?bookingChannelUUID=a1e93e96-5232-4734-a595-28405f4b5a31\" async><\/script>\n      <style> #bokun_ed001e45_5927_4f62_b470_ca766338d083 { display: inline-block; padding: .4em 1em; background: #47b82e; border-radius: 999999px; box-shadow: none; font-weight: 600; font-size: 24px; text-decoration: none; text-align: center; color: #FFFFFF; border:none; cursor: pointer; transition: background .2s ease; } #bokun_ed001e45_5927_4f62_b470_ca766338d083:hover{ background: #2f7b1f; } #bokun_ed001e45_5927_4f62_b470_ca766338d083:active{ background: #378f24; } <\/style> <button class=\"bokunButton\" disabled id=bokun_ed001e45_5927_4f62_b470_ca766338d083 data-src=\"https:\/\/widgets.bokun.io\/online-sales\/a1e93e96-5232-4734-a595-28405f4b5a31\/experience-calendar\/827841?partialView=1\" data-testid=\"widget-book-button\" > Book now <\/button> ","what_you\u2019ll_experience_during_the_game":"I 'The Mannheim Syndicate' kliver du in i ett sp\u00e4nnande flyktuppdrag som utspelar sig mot Mannheims stadsbild. Som spelare kommer du att f\u00e4rdas genom gr\u00e4nderna och avenyerna i denna livliga stad, d\u00e4r varje steg vecklar ut ett nytt kapitel i ditt uppdrag. Ditt m\u00e5l? Att \u00f6verlista den sv\u00e5rf\u00e5ngade motst\u00e5ndaren Magnus och \u00e5terst\u00e4lla sex stulna formler som kan inneb\u00e4ra underg\u00e5ng eller r\u00e4ddning. \n\nSpelet engagerar dig med en m\u00e4ngd pussel, hemliga koder och intellektuella uppgifter, vilket lyfter fram din probleml\u00f6sningsf\u00f6rm\u00e5ga och strategiska beslutsfattande. Kommunikation och lagarbete \u00e4r avg\u00f6rande f\u00f6r att \u00f6vervinna spelets intrikata utmaningar. The Mannheim Syndicate \u00e4r helt ber\u00e4ttelsedrivet och best\u00e5r av en levande ber\u00e4ttelse som g\u00f6r staden mer \u00e4n bara en milj\u00f6, utan en f\u00e4ngslande huvudperson i det drama som utspelar sig. Njut av friheten att ta en paus och forts\u00e4tta i din egen takt, vilket s\u00e4kerst\u00e4ller att uppdraget blir s\u00e5 uppslukande som du vill att det ska vara.","how_to_play":"Boka stadspelet, kolla e-postmeddelandet vi skickar dig med instruktionerna, ladda ner Loquiz App och p\u00e5b\u00f6rja din spelupplevelse!","start_location":"Mannheim, Paradeplatz","available_languages":["en"],"players_per_group":"1-4","duration":"1.5-2 hours","image_overlay_color_image":"https:\/\/testwebsite.citygame.com\/wp-content\/blogs.dir\/1\/files\/sites\/62\/2026\/01\/SyndicateColor.svg","image_overlay_game_logo":"https:\/\/testwebsite.citygame.com\/wp-content\/blogs.dir\/1\/files\/sites\/62\/2026\/01\/SyndicateLogo.png","city_page":5066,"woocommerce_general_content":null},"yoast_head":"<!-- This site is optimized with the Yoast SEO Premium plugin v26.2 (Yoast SEO v26.3) - https:\/\/yoast.com\/wordpress\/plugins\/seo\/ -->\n<title>The Mannheim Syndicate - City Game<\/title>\n<meta name=\"description\" content=\"The Mannheim Syndicate. Spela ett sj\u00e4lvguiding City Escape Game, l\u00f6s pussel, slutf\u00f6r uppdrag och \u00e5terf\u00e5 de stulna formlerna i din egen takt!\" \/>\n<meta name=\"robots\" content=\"noindex, follow, max-snippet:-1, max-image-preview:large, max-video-preview:-1\" \/>\n<meta property=\"og:locale\" content=\"sv_SE\" \/>\n<meta property=\"og:type\" content=\"article\" \/>\n<meta property=\"og:title\" content=\"The Mannheim Syndicate\" \/>\n<meta property=\"og:description\" content=\"The Mannheim Syndicate. Spela ett sj\u00e4lvguiding City Escape Game, l\u00f6s pussel, slutf\u00f6r uppdrag och \u00e5terf\u00e5 de stulna formlerna i din egen takt!\" \/>\n<meta property=\"og:url\" content=\"https:\/\/testwebsite.citygame.com\/sv\/games\/mannheim\/the-mannheim-syndicate\/\" \/>\n<meta property=\"og:site_name\" content=\"City Game\" \/>\n<meta property=\"article:publisher\" content=\"https:\/\/www.facebook.com\/profile.php?id=100086426226253\" \/>\n<meta property=\"article:modified_time\" content=\"2026-04-08T02:26:16+00:00\" \/>\n<meta property=\"og:image\" content=\"https:\/\/testwebsite.citygame.com\/wp-content\/blogs.dir\/1\/files\/sites\/62\/2026\/02\/mannheim-rosengarten-city-game-player-1.jpg\" \/>\n\t<meta property=\"og:image:width\" content=\"1024\" \/>\n\t<meta property=\"og:image:height\" content=\"1024\" \/>\n\t<meta property=\"og:image:type\" content=\"image\/jpeg\" \/>\n<meta name=\"twitter:card\" content=\"summary_large_image\" \/>\n<meta name=\"twitter:label1\" content=\"Ber\u00e4knad l\u00e4stid\" \/>\n\t<meta name=\"twitter:data1\" content=\"1 minut\" \/>\n<script type=\"application\/ld+json\" class=\"yoast-schema-graph\">{\"@context\":\"https:\/\/schema.org\",\"@graph\":[{\"@type\":\"WebPage\",\"@id\":\"https:\/\/testwebsite.citygame.com\/sv\/games\/mannheim\/the-mannheim-syndicate\/\",\"url\":\"https:\/\/testwebsite.citygame.com\/sv\/games\/mannheim\/the-mannheim-syndicate\/\",\"name\":\"The Mannheim Syndicate - City Game\",\"isPartOf\":{\"@id\":\"https:\/\/testwebsite.upevents.nl\/#website\"},\"primaryImageOfPage\":{\"@id\":\"https:\/\/testwebsite.citygame.com\/sv\/games\/mannheim\/the-mannheim-syndicate\/#primaryimage\"},\"image\":{\"@id\":\"https:\/\/testwebsite.citygame.com\/sv\/games\/mannheim\/the-mannheim-syndicate\/#primaryimage\"},\"thumbnailUrl\":\"https:\/\/testwebsite.citygame.com\/wp-content\/blogs.dir\/1\/files\/sites\/62\/2026\/02\/mannheim-rosengarten-city-game-player-1.jpg\",\"datePublished\":\"2026-02-20T08:42:03+00:00\",\"dateModified\":\"2026-04-08T02:26:16+00:00\",\"description\":\"The Mannheim Syndicate. Spela ett sj\u00e4lvguiding City Escape Game, l\u00f6s pussel, slutf\u00f6r uppdrag och \u00e5terf\u00e5 de stulna formlerna i din egen takt!\",\"breadcrumb\":{\"@id\":\"https:\/\/testwebsite.citygame.com\/sv\/games\/mannheim\/the-mannheim-syndicate\/#breadcrumb\"},\"inLanguage\":\"sv-SE\",\"potentialAction\":[{\"@type\":\"ReadAction\",\"target\":[\"https:\/\/testwebsite.citygame.com\/sv\/games\/mannheim\/the-mannheim-syndicate\/\"]}]},{\"@type\":\"ImageObject\",\"inLanguage\":\"sv-SE\",\"@id\":\"https:\/\/testwebsite.citygame.com\/sv\/games\/mannheim\/the-mannheim-syndicate\/#primaryimage\",\"url\":\"https:\/\/testwebsite.citygame.com\/wp-content\/blogs.dir\/1\/files\/sites\/62\/2026\/02\/mannheim-rosengarten-city-game-player-1.jpg\",\"contentUrl\":\"https:\/\/testwebsite.citygame.com\/wp-content\/blogs.dir\/1\/files\/sites\/62\/2026\/02\/mannheim-rosengarten-city-game-player-1.jpg\",\"width\":1024,\"height\":1024,\"caption\":\"A person using a smartphone to play an outdoor discovery game in Mannheim, Germany.\"},{\"@type\":\"BreadcrumbList\",\"@id\":\"https:\/\/testwebsite.citygame.com\/sv\/games\/mannheim\/the-mannheim-syndicate\/#breadcrumb\",\"itemListElement\":[{\"@type\":\"ListItem\",\"position\":1,\"name\":\"Home\",\"item\":\"https:\/\/testwebsite.citygame.com\/sv\/\"},{\"@type\":\"ListItem\",\"position\":2,\"name\":\"Shop\",\"item\":\"https:\/\/testwebsite.citygame.com\/shop\/\"},{\"@type\":\"ListItem\",\"position\":3,\"name\":\"The Mannheim Syndicate\"}]},{\"@type\":\"WebSite\",\"@id\":\"https:\/\/testwebsite.upevents.nl\/#website\",\"url\":\"https:\/\/testwebsite.upevents.nl\/\",\"name\":\"City Game\",\"description\":\"\",\"publisher\":{\"@id\":\"https:\/\/testwebsite.upevents.nl\/#organization\"},\"alternateName\":\"citygame.com\",\"potentialAction\":[{\"@type\":\"SearchAction\",\"target\":{\"@type\":\"EntryPoint\",\"urlTemplate\":\"https:\/\/testwebsite.upevents.nl\/?s={search_term_string}\"},\"query-input\":{\"@type\":\"PropertyValueSpecification\",\"valueRequired\":true,\"valueName\":\"search_term_string\"}}],\"inLanguage\":\"sv-SE\"},{\"@type\":[\"Organization\",\"Place\"],\"@id\":\"https:\/\/testwebsite.upevents.nl\/#organization\",\"name\":\"City Game\",\"alternateName\":\"citygame.com\",\"url\":\"https:\/\/testwebsite.upevents.nl\/\",\"logo\":{\"@id\":\"https:\/\/testwebsite.citygame.com\/sv\/games\/mannheim\/the-mannheim-syndicate\/#local-main-organization-logo\"},\"image\":{\"@id\":\"https:\/\/testwebsite.citygame.com\/sv\/games\/mannheim\/the-mannheim-syndicate\/#local-main-organization-logo\"},\"sameAs\":[\"https:\/\/www.facebook.com\/profile.php?id=100086426226253\",\"https:\/\/www.instagram.com\/citygame_com\",\"https:\/\/www.tiktok.com\/@citygamecom\/\",\"https:\/\/www.linkedin.com\/company\/citygame-com\"],\"description\":\"Turn any city into a playground with our interactive City Games and self-guided tours. Fun, flexible, and ideal for groups and team building.\",\"telephone\":[],\"openingHoursSpecification\":[{\"@type\":\"OpeningHoursSpecification\",\"dayOfWeek\":[\"Monday\",\"Tuesday\",\"Wednesday\",\"Thursday\",\"Friday\",\"Saturday\",\"Sunday\"],\"opens\":\"09:00\",\"closes\":\"17:00\"}]},{\"@type\":\"ImageObject\",\"inLanguage\":\"sv-SE\",\"@id\":\"https:\/\/testwebsite.citygame.com\/sv\/games\/mannheim\/the-mannheim-syndicate\/#local-main-organization-logo\",\"url\":\"https:\/\/testwebsite.citygame.com\/wp-content\/blogs.dir\/1\/files\/sites\/62\/2025\/10\/CG_LOGO-City-Game.png\",\"contentUrl\":\"https:\/\/testwebsite.citygame.com\/wp-content\/blogs.dir\/1\/files\/sites\/62\/2025\/10\/CG_LOGO-City-Game.png\",\"width\":351,\"height\":377,\"caption\":\"City Game\"}]}<\/script>\n<!-- \/ Yoast SEO Premium plugin. -->","yoast_head_json":{"title":"The Mannheim Syndicate - City Game","description":"The Mannheim Syndicate. Spela ett sj\u00e4lvguiding City Escape Game, l\u00f6s pussel, slutf\u00f6r uppdrag och \u00e5terf\u00e5 de stulna formlerna i din egen takt!","robots":{"index":"noindex","follow":"follow","max-snippet":"max-snippet:-1","max-image-preview":"max-image-preview:large","max-video-preview":"max-video-preview:-1"},"og_locale":"sv_SE","og_type":"article","og_title":"The Mannheim Syndicate","og_description":"The Mannheim Syndicate. Spela ett sj\u00e4lvguiding City Escape Game, l\u00f6s pussel, slutf\u00f6r uppdrag och \u00e5terf\u00e5 de stulna formlerna i din egen takt!","og_url":"https:\/\/testwebsite.citygame.com\/sv\/games\/mannheim\/the-mannheim-syndicate\/","og_site_name":"City Game","article_publisher":"https:\/\/www.facebook.com\/profile.php?id=100086426226253","article_modified_time":"2026-04-08T02:26:16+00:00","og_image":[{"width":1024,"height":1024,"url":"https:\/\/testwebsite.citygame.com\/wp-content\/blogs.dir\/1\/files\/sites\/62\/2026\/02\/mannheim-rosengarten-city-game-player-1.jpg","type":"image\/jpeg"}],"twitter_card":"summary_large_image","twitter_misc":{"Ber\u00e4knad l\u00e4stid":"1 minut"},"schema":{"@context":"https:\/\/schema.org","@graph":[{"@type":"WebPage","@id":"https:\/\/testwebsite.citygame.com\/sv\/games\/mannheim\/the-mannheim-syndicate\/","url":"https:\/\/testwebsite.citygame.com\/sv\/games\/mannheim\/the-mannheim-syndicate\/","name":"The Mannheim Syndicate - City Game","isPartOf":{"@id":"https:\/\/testwebsite.upevents.nl\/#website"},"primaryImageOfPage":{"@id":"https:\/\/testwebsite.citygame.com\/sv\/games\/mannheim\/the-mannheim-syndicate\/#primaryimage"},"image":{"@id":"https:\/\/testwebsite.citygame.com\/sv\/games\/mannheim\/the-mannheim-syndicate\/#primaryimage"},"thumbnailUrl":"https:\/\/testwebsite.citygame.com\/wp-content\/blogs.dir\/1\/files\/sites\/62\/2026\/02\/mannheim-rosengarten-city-game-player-1.jpg","datePublished":"2026-02-20T08:42:03+00:00","dateModified":"2026-04-08T02:26:16+00:00","description":"The Mannheim Syndicate. Spela ett sj\u00e4lvguiding City Escape Game, l\u00f6s pussel, slutf\u00f6r uppdrag och \u00e5terf\u00e5 de stulna formlerna i din egen takt!","breadcrumb":{"@id":"https:\/\/testwebsite.citygame.com\/sv\/games\/mannheim\/the-mannheim-syndicate\/#breadcrumb"},"inLanguage":"sv-SE","potentialAction":[{"@type":"ReadAction","target":["https:\/\/testwebsite.citygame.com\/sv\/games\/mannheim\/the-mannheim-syndicate\/"]}]},{"@type":"ImageObject","inLanguage":"sv-SE","@id":"https:\/\/testwebsite.citygame.com\/sv\/games\/mannheim\/the-mannheim-syndicate\/#primaryimage","url":"https:\/\/testwebsite.citygame.com\/wp-content\/blogs.dir\/1\/files\/sites\/62\/2026\/02\/mannheim-rosengarten-city-game-player-1.jpg","contentUrl":"https:\/\/testwebsite.citygame.com\/wp-content\/blogs.dir\/1\/files\/sites\/62\/2026\/02\/mannheim-rosengarten-city-game-player-1.jpg","width":1024,"height":1024,"caption":"A person using a smartphone to play an outdoor discovery game in Mannheim, Germany."},{"@type":"BreadcrumbList","@id":"https:\/\/testwebsite.citygame.com\/sv\/games\/mannheim\/the-mannheim-syndicate\/#breadcrumb","itemListElement":[{"@type":"ListItem","position":1,"name":"Home","item":"https:\/\/testwebsite.citygame.com\/sv\/"},{"@type":"ListItem","position":2,"name":"Shop","item":"https:\/\/testwebsite.citygame.com\/shop\/"},{"@type":"ListItem","position":3,"name":"The Mannheim Syndicate"}]},{"@type":"WebSite","@id":"https:\/\/testwebsite.upevents.nl\/#website","url":"https:\/\/testwebsite.upevents.nl\/","name":"City Game","description":"","publisher":{"@id":"https:\/\/testwebsite.upevents.nl\/#organization"},"alternateName":"citygame.com","potentialAction":[{"@type":"SearchAction","target":{"@type":"EntryPoint","urlTemplate":"https:\/\/testwebsite.upevents.nl\/?s={search_term_string}"},"query-input":{"@type":"PropertyValueSpecification","valueRequired":true,"valueName":"search_term_string"}}],"inLanguage":"sv-SE"},{"@type":["Organization","Place"],"@id":"https:\/\/testwebsite.upevents.nl\/#organization","name":"City Game","alternateName":"citygame.com","url":"https:\/\/testwebsite.upevents.nl\/","logo":{"@id":"https:\/\/testwebsite.citygame.com\/sv\/games\/mannheim\/the-mannheim-syndicate\/#local-main-organization-logo"},"image":{"@id":"https:\/\/testwebsite.citygame.com\/sv\/games\/mannheim\/the-mannheim-syndicate\/#local-main-organization-logo"},"sameAs":["https:\/\/www.facebook.com\/profile.php?id=100086426226253","https:\/\/www.instagram.com\/citygame_com","https:\/\/www.tiktok.com\/@citygamecom\/","https:\/\/www.linkedin.com\/company\/citygame-com"],"description":"Turn any city into a playground with our interactive City Games and self-guided tours. Fun, flexible, and ideal for groups and team building.","telephone":[],"openingHoursSpecification":[{"@type":"OpeningHoursSpecification","dayOfWeek":["Monday","Tuesday","Wednesday","Thursday","Friday","Saturday","Sunday"],"opens":"09:00","closes":"17:00"}]},{"@type":"ImageObject","inLanguage":"sv-SE","@id":"https:\/\/testwebsite.citygame.com\/sv\/games\/mannheim\/the-mannheim-syndicate\/#local-main-organization-logo","url":"https:\/\/testwebsite.citygame.com\/wp-content\/blogs.dir\/1\/files\/sites\/62\/2025\/10\/CG_LOGO-City-Game.png","contentUrl":"https:\/\/testwebsite.citygame.com\/wp-content\/blogs.dir\/1\/files\/sites\/62\/2025\/10\/CG_LOGO-City-Game.png","width":351,"height":377,"caption":"City Game"}]}},"taxonomy_info":{"game-concept":[{"value":761,"label":"Syndicate"}],"location":[{"value":267,"label":"Mannheim"}],"product_cat":[{"value":27,"label":"Geen categorie"}]},"featured_image_src_large":["https:\/\/testwebsite.citygame.com\/wp-content\/blogs.dir\/1\/files\/sites\/62\/2026\/02\/mannheim-rosengarten-city-game-player-1.jpg",1024,1024,false],"author_info":[],"comment_info":"","_links":{"self":[{"href":"https:\/\/testwebsite.citygame.com\/sv\/wp-json\/wp\/v2\/product\/58550","targetHints":{"allow":["GET"]}}],"collection":[{"href":"https:\/\/testwebsite.citygame.com\/sv\/wp-json\/wp\/v2\/product"}],"about":[{"href":"https:\/\/testwebsite.citygame.com\/sv\/wp-json\/wp\/v2\/types\/product"}],"acf:post":[{"embeddable":true,"href":"https:\/\/testwebsite.citygame.com\/sv\/wp-json\/wp\/v2\/pages\/5066"}],"wp:featuredmedia":[{"embeddable":true,"href":"https:\/\/testwebsite.citygame.com\/sv\/wp-json\/wp\/v2\/media\/15137"}],"wp:attachment":[{"href":"https:\/\/testwebsite.citygame.com\/sv\/wp-json\/wp\/v2\/media?parent=58550"}],"wp:term":[{"taxonomy":"game-concept","embeddable":true,"href":"https:\/\/testwebsite.citygame.com\/sv\/wp-json\/wp\/v2\/game-concept?post=58550"},{"taxonomy":"location","embeddable":true,"href":"https:\/\/testwebsite.citygame.com\/sv\/wp-json\/wp\/v2\/location?post=58550"},{"taxonomy":"product_brand","embeddable":true,"href":"https:\/\/testwebsite.citygame.com\/sv\/wp-json\/wp\/v2\/product_brand?post=58550"},{"taxonomy":"product_cat","embeddable":true,"href":"https:\/\/testwebsite.citygame.com\/sv\/wp-json\/wp\/v2\/product_cat?post=58550"},{"taxonomy":"product_tag","embeddable":true,"href":"https:\/\/testwebsite.citygame.com\/sv\/wp-json\/wp\/v2\/product_tag?post=58550"}],"curies":[{"name":"wp","href":"https:\/\/api.w.org\/{rel}","templated":true}]}}