{"id":55481,"date":"2026-02-19T11:24:47","date_gmt":"2026-02-19T11:24:47","guid":{"rendered":"https:\/\/testwebsite.citygame.com\/games\/unknown-location\/sherlock-holmes-las-palmas-de-gran-canaria\/"},"modified":"2026-04-07T20:55:00","modified_gmt":"2026-04-07T20:55:00","slug":"sherlock-holmes-las-palmas-de-gran-canaria","status":"publish","type":"product","link":"https:\/\/testwebsite.citygame.com\/sv\/games\/las-palmas-de-gran-canaria\/sherlock-holmes-las-palmas-de-gran-canaria\/","title":{"rendered":"Sherlock Holmes Las Palmas de Gran Canaria"},"content":{"rendered":"<p>Kliv in i den ber\u00f6mde detektivens skor n\u00e4r du f\u00f6rdjupar dig i Sherlock Holmes City Game, som utspelar sig i Las Palmas de Gran Canarias livliga stadsk\u00e4rna. Detta sj\u00e4lvguidade, ber\u00e4ttelsedrivna mordmysterium anv\u00e4nder den dynamiska stadsmilj\u00f6n som din utredningslekplats och stimulerar en ber\u00e4ttelse som skickar dig genom det unika stadslandskapet som svar p\u00e5 ett iskallt mord under Liberty Festival. Samla ledtr\u00e5dar, l\u00f6s kluriga pussel och f\u00f6rh\u00f6r virtuella misst\u00e4nkta i din egen takt, allt medan du \u00e4r djupt insatt i Sherlock Holmes v\u00e4rld och detektivens invecklade arbete &#8211; detta \u00e4r ett spel som h\u00f6jer sp\u00e4nning och mystik till en ny niv\u00e5.<\/p>\n","protected":false},"excerpt":{"rendered":"<p>Ge dig ut i hj\u00e4rtat av Las Palmas de Gran Canaria och kliv in i Sherlock Holmes fotsp\u00e5r i ett klurigt, sj\u00e4lvguidad mordmysterium. Med ditt team kommer ni att jaga sp\u00e4nnande ledtr\u00e5dar, l\u00f6sa komplexa g\u00e5tor och str\u00e4va efter att avsl\u00f6ja den iskalla sanningen innan tiden rinner ut!<\/p>\n","protected":false},"featured_media":14828,"template":"","meta":{"_acf_changed":false,"_yoast_wpseo_focuskw":"Sherlock Holmes Las Palmas de Gran Canaria","_yoast_wpseo_metadesc":"Sherlock Holmes Las Palmas de Gran Canaria. Spela ett sj\u00e4lvguidad mordmysterium City Game, l\u00f6s pussel, f\u00f6lj ledtr\u00e5dar och avsl\u00f6ja m\u00f6rdaren i din egen takt!","_kad_blocks_custom_css":"","_kad_blocks_head_custom_js":"","_kad_blocks_body_custom_js":"","_kad_blocks_footer_custom_js":"","ghostkit_customizer_options":"","ghostkit_custom_css":"","ghostkit_custom_js_head":"","ghostkit_custom_js_foot":"","ghostkit_typography":"","_kad_post_transparent":"","_kad_post_title":"","_kad_post_layout":"","_kad_post_sidebar_id":"","_kad_post_content_style":"","_kad_post_vertical_padding":"","_kad_post_feature":"","_kad_post_feature_position":"","_kad_post_header":false,"_kad_post_footer":false,"_kad_post_classname":"","_links_to":"","_links_to_target":""},"game-concept":[791],"location":[235],"product_brand":[],"product_cat":[27],"product_tag":[],"class_list":{"0":"post-55481","1":"product","2":"type-product","3":"status-publish","4":"has-post-thumbnail","6":"game-concept-sherlock","7":"location-las-palmas-de-gran-canaria","8":"product_cat-geen-categorie","10":"first","11":"instock","12":"shipping-taxable","13":"purchasable","14":"product-type-simple","15":"entry","16":"content-bg","17":"loop-entry"},"acf":{"full_bokun_product_name":"Las Palmas de Gran Canaria Self-Guided Sherlock Holmes Murder Mystery Game","location_name":"Las Palmas de Gran Canaria","bokun_calendar_widget_code":"<script type=\"text\/javascript\" src=\"https:\/\/widgets.bokun.io\/assets\/javascripts\/apps\/build\/BokunWidgetsLoader.js?bookingChannelUUID=a1e93e96-5232-4734-a595-28405f4b5a31\" async><\/script>\n     \n    <div class=\"bokunWidget\" data-src=\"https:\/\/widgets.bokun.io\/online-sales\/a1e93e96-5232-4734-a595-28405f4b5a31\/experience-calendar\/771511\"><\/div>\n    <noscript>Please enable javascript in your browser to book<\/noscript>","bokun_button_widget_code":"<script type=\"text\/javascript\" src=\"https:\/\/widgets.bokun.io\/assets\/javascripts\/apps\/build\/BokunWidgetsLoader.js?bookingChannelUUID=a1e93e96-5232-4734-a595-28405f4b5a31\" async><\/script>\n      <style> #bokun_ed001e45_5927_4f62_b470_ca766338d083 { display: inline-block; padding: .4em 1em; background: #47b82e; border-radius: 999999px; box-shadow: none; font-weight: 600; font-size: 24px; text-decoration: none; text-align: center; color: #FFFFFF; border:none; cursor: pointer; transition: background .2s ease; } #bokun_ed001e45_5927_4f62_b470_ca766338d083:hover{ background: #2f7b1f; } #bokun_ed001e45_5927_4f62_b470_ca766338d083:active{ background: #378f24; } <\/style> <button class=\"bokunButton\" disabled id=bokun_ed001e45_5927_4f62_b470_ca766338d083 data-src=\"https:\/\/widgets.bokun.io\/online-sales\/a1e93e96-5232-4734-a595-28405f4b5a31\/experience-calendar\/771511?partialView=1\" data-testid=\"widget-book-button\" > Book now <\/button> ","what_you\u2019ll_experience_during_the_game":"N\u00e4r du kliver in i Sherlock Holmes City Game i Las Palmas de Gran Canaria kastas du in i en f\u00e4ngslande detektivhistoria som vecklas ut n\u00e4r du navigerar stadens gator. Med varje steg uppt\u00e4cker du dolda ledtr\u00e5dar, l\u00f6ser utmanande pussel och st\u00f6ter p\u00e5 chockerande v\u00e4ndningar i den pulserande utredningen. Dina detektivf\u00f6rm\u00e5gor s\u00e4tts p\u00e5 prov n\u00e4r du f\u00f6rh\u00f6r digitala misst\u00e4nkta, analyserar alibin och uppt\u00e4cker mots\u00e4gelser i deras ber\u00e4ttelser.\n\nK\u00e4rnan i ditt uppdrag kretsar kring det mystiska mordfallet som \u00e4gde rum under Liberty Festival. Du kommer att anv\u00e4nda kritiskt t\u00e4nkande, skarpa observationer och vass deduktion i din str\u00e4van att avsl\u00f6ja sanningen bakom brottet. Denna helt ber\u00e4ttelsedrivna upplevelse \u00e4r designad f\u00f6r dig att spela i din egen takt. Oavsett om du v\u00e4ljer att pausa och \u00e5teruppta eller noggrant analysera varje detalj, anpassar sig spelet till din stil. Och \u00e4ven om det finns ett t\u00e4vlingselement f\u00f6r lag, ligger huvudfokus kvar p\u00e5 den engagerande ber\u00e4ttelsen och det sp\u00e4nnande mysterium som du kommer att nysta upp i Las Palmas de Gran Canaria.","how_to_play":"Arbeta ensam eller med v\u00e4nner, familj eller kollegor i team om upp till fyra per enhet. Efter bokning f\u00e5r du ett e-postmeddelande med instruktioner som inneh\u00e5ller allt du beh\u00f6ver.","start_location":"Las Palmas de Gran Canaria, Casas Consistoriales","available_languages":["en","es","fr","de","it","nl"],"players_per_group":"1-4","duration":"1.5-2 hours","image_overlay_color_image":"https:\/\/testwebsite.citygame.com\/wp-content\/blogs.dir\/1\/files\/sites\/62\/2026\/01\/SherlockColor.svg","image_overlay_game_logo":"https:\/\/testwebsite.citygame.com\/wp-content\/blogs.dir\/1\/files\/sites\/62\/2026\/01\/SherlockLogo.png","city_page":8615,"woocommerce_general_content":null},"yoast_head":"<!-- This site is optimized with the Yoast SEO Premium plugin v26.2 (Yoast SEO v26.3) - https:\/\/yoast.com\/wordpress\/plugins\/seo\/ -->\n<title>Sherlock Holmes Las Palmas de Gran Canaria - City Game<\/title>\n<meta name=\"description\" content=\"Sherlock Holmes Las Palmas de Gran Canaria. Spela ett sj\u00e4lvguidad mordmysterium City Game, l\u00f6s pussel, f\u00f6lj ledtr\u00e5dar och avsl\u00f6ja m\u00f6rdaren i din egen takt!\" \/>\n<meta name=\"robots\" content=\"noindex, follow, max-snippet:-1, max-image-preview:large, max-video-preview:-1\" \/>\n<meta property=\"og:locale\" content=\"sv_SE\" \/>\n<meta property=\"og:type\" content=\"article\" \/>\n<meta property=\"og:title\" content=\"Sherlock Holmes Las Palmas de Gran Canaria\" \/>\n<meta property=\"og:description\" content=\"Sherlock Holmes Las Palmas de Gran Canaria. Spela ett sj\u00e4lvguidad mordmysterium City Game, l\u00f6s pussel, f\u00f6lj ledtr\u00e5dar och avsl\u00f6ja m\u00f6rdaren i din egen takt!\" \/>\n<meta property=\"og:url\" content=\"https:\/\/testwebsite.citygame.com\/sv\/games\/las-palmas-de-gran-canaria\/sherlock-holmes-las-palmas-de-gran-canaria\/\" \/>\n<meta property=\"og:site_name\" content=\"City Game\" \/>\n<meta property=\"article:publisher\" content=\"https:\/\/www.facebook.com\/profile.php?id=100086426226253\" \/>\n<meta property=\"article:modified_time\" content=\"2026-04-07T20:55:00+00:00\" \/>\n<meta property=\"og:image\" content=\"https:\/\/testwebsite.citygame.com\/wp-content\/blogs.dir\/1\/files\/sites\/62\/2026\/02\/man-playing-city-game-plaza-del-pilar-nuevo-las-palmas.jpg\" \/>\n\t<meta property=\"og:image:width\" content=\"1024\" \/>\n\t<meta property=\"og:image:height\" content=\"1024\" \/>\n\t<meta property=\"og:image:type\" content=\"image\/jpeg\" \/>\n<meta name=\"twitter:card\" content=\"summary_large_image\" \/>\n<meta name=\"twitter:label1\" content=\"Ber\u00e4knad l\u00e4stid\" \/>\n\t<meta name=\"twitter:data1\" content=\"1 minut\" \/>\n<script type=\"application\/ld+json\" class=\"yoast-schema-graph\">{\"@context\":\"https:\/\/schema.org\",\"@graph\":[{\"@type\":\"WebPage\",\"@id\":\"https:\/\/testwebsite.citygame.com\/sv\/games\/las-palmas-de-gran-canaria\/sherlock-holmes-las-palmas-de-gran-canaria\/\",\"url\":\"https:\/\/testwebsite.citygame.com\/sv\/games\/las-palmas-de-gran-canaria\/sherlock-holmes-las-palmas-de-gran-canaria\/\",\"name\":\"Sherlock Holmes Las Palmas de Gran Canaria - City Game\",\"isPartOf\":{\"@id\":\"https:\/\/testwebsite.upevents.nl\/#website\"},\"primaryImageOfPage\":{\"@id\":\"https:\/\/testwebsite.citygame.com\/sv\/games\/las-palmas-de-gran-canaria\/sherlock-holmes-las-palmas-de-gran-canaria\/#primaryimage\"},\"image\":{\"@id\":\"https:\/\/testwebsite.citygame.com\/sv\/games\/las-palmas-de-gran-canaria\/sherlock-holmes-las-palmas-de-gran-canaria\/#primaryimage\"},\"thumbnailUrl\":\"https:\/\/testwebsite.citygame.com\/wp-content\/blogs.dir\/1\/files\/sites\/62\/2026\/02\/man-playing-city-game-plaza-del-pilar-nuevo-las-palmas.jpg\",\"datePublished\":\"2026-02-19T11:24:47+00:00\",\"dateModified\":\"2026-04-07T20:55:00+00:00\",\"description\":\"Sherlock Holmes Las Palmas de Gran Canaria. Spela ett sj\u00e4lvguidad mordmysterium City Game, l\u00f6s pussel, f\u00f6lj ledtr\u00e5dar och avsl\u00f6ja m\u00f6rdaren i din egen takt!\",\"breadcrumb\":{\"@id\":\"https:\/\/testwebsite.citygame.com\/sv\/games\/las-palmas-de-gran-canaria\/sherlock-holmes-las-palmas-de-gran-canaria\/#breadcrumb\"},\"inLanguage\":\"sv-SE\",\"potentialAction\":[{\"@type\":\"ReadAction\",\"target\":[\"https:\/\/testwebsite.citygame.com\/sv\/games\/las-palmas-de-gran-canaria\/sherlock-holmes-las-palmas-de-gran-canaria\/\"]}]},{\"@type\":\"ImageObject\",\"inLanguage\":\"sv-SE\",\"@id\":\"https:\/\/testwebsite.citygame.com\/sv\/games\/las-palmas-de-gran-canaria\/sherlock-holmes-las-palmas-de-gran-canaria\/#primaryimage\",\"url\":\"https:\/\/testwebsite.citygame.com\/wp-content\/blogs.dir\/1\/files\/sites\/62\/2026\/02\/man-playing-city-game-plaza-del-pilar-nuevo-las-palmas.jpg\",\"contentUrl\":\"https:\/\/testwebsite.citygame.com\/wp-content\/blogs.dir\/1\/files\/sites\/62\/2026\/02\/man-playing-city-game-plaza-del-pilar-nuevo-las-palmas.jpg\",\"width\":1024,\"height\":1024,\"caption\":\"A player explores the historic Plaza del Pilar Nuevo in Las Palmas using a smartphone app.\"},{\"@type\":\"BreadcrumbList\",\"@id\":\"https:\/\/testwebsite.citygame.com\/sv\/games\/las-palmas-de-gran-canaria\/sherlock-holmes-las-palmas-de-gran-canaria\/#breadcrumb\",\"itemListElement\":[{\"@type\":\"ListItem\",\"position\":1,\"name\":\"Home\",\"item\":\"https:\/\/testwebsite.citygame.com\/sv\/\"},{\"@type\":\"ListItem\",\"position\":2,\"name\":\"Shop\",\"item\":\"https:\/\/testwebsite.citygame.com\/shop\/\"},{\"@type\":\"ListItem\",\"position\":3,\"name\":\"Sherlock Holmes Las Palmas de Gran Canaria\"}]},{\"@type\":\"WebSite\",\"@id\":\"https:\/\/testwebsite.upevents.nl\/#website\",\"url\":\"https:\/\/testwebsite.upevents.nl\/\",\"name\":\"City Game\",\"description\":\"\",\"publisher\":{\"@id\":\"https:\/\/testwebsite.upevents.nl\/#organization\"},\"alternateName\":\"citygame.com\",\"potentialAction\":[{\"@type\":\"SearchAction\",\"target\":{\"@type\":\"EntryPoint\",\"urlTemplate\":\"https:\/\/testwebsite.upevents.nl\/?s={search_term_string}\"},\"query-input\":{\"@type\":\"PropertyValueSpecification\",\"valueRequired\":true,\"valueName\":\"search_term_string\"}}],\"inLanguage\":\"sv-SE\"},{\"@type\":[\"Organization\",\"Place\"],\"@id\":\"https:\/\/testwebsite.upevents.nl\/#organization\",\"name\":\"City Game\",\"alternateName\":\"citygame.com\",\"url\":\"https:\/\/testwebsite.upevents.nl\/\",\"logo\":{\"@id\":\"https:\/\/testwebsite.citygame.com\/sv\/games\/las-palmas-de-gran-canaria\/sherlock-holmes-las-palmas-de-gran-canaria\/#local-main-organization-logo\"},\"image\":{\"@id\":\"https:\/\/testwebsite.citygame.com\/sv\/games\/las-palmas-de-gran-canaria\/sherlock-holmes-las-palmas-de-gran-canaria\/#local-main-organization-logo\"},\"sameAs\":[\"https:\/\/www.facebook.com\/profile.php?id=100086426226253\",\"https:\/\/www.instagram.com\/citygame_com\",\"https:\/\/www.tiktok.com\/@citygamecom\/\",\"https:\/\/www.linkedin.com\/company\/citygame-com\"],\"description\":\"Turn any city into a playground with our interactive City Games and self-guided tours. Fun, flexible, and ideal for groups and team building.\",\"telephone\":[],\"openingHoursSpecification\":[{\"@type\":\"OpeningHoursSpecification\",\"dayOfWeek\":[\"Monday\",\"Tuesday\",\"Wednesday\",\"Thursday\",\"Friday\",\"Saturday\",\"Sunday\"],\"opens\":\"09:00\",\"closes\":\"17:00\"}]},{\"@type\":\"ImageObject\",\"inLanguage\":\"sv-SE\",\"@id\":\"https:\/\/testwebsite.citygame.com\/sv\/games\/las-palmas-de-gran-canaria\/sherlock-holmes-las-palmas-de-gran-canaria\/#local-main-organization-logo\",\"url\":\"https:\/\/testwebsite.citygame.com\/wp-content\/blogs.dir\/1\/files\/sites\/62\/2025\/10\/CG_LOGO-City-Game.png\",\"contentUrl\":\"https:\/\/testwebsite.citygame.com\/wp-content\/blogs.dir\/1\/files\/sites\/62\/2025\/10\/CG_LOGO-City-Game.png\",\"width\":351,\"height\":377,\"caption\":\"City Game\"}]}<\/script>\n<!-- \/ Yoast SEO Premium plugin. -->","yoast_head_json":{"title":"Sherlock Holmes Las Palmas de Gran Canaria - City Game","description":"Sherlock Holmes Las Palmas de Gran Canaria. Spela ett sj\u00e4lvguidad mordmysterium City Game, l\u00f6s pussel, f\u00f6lj ledtr\u00e5dar och avsl\u00f6ja m\u00f6rdaren i din egen takt!","robots":{"index":"noindex","follow":"follow","max-snippet":"max-snippet:-1","max-image-preview":"max-image-preview:large","max-video-preview":"max-video-preview:-1"},"og_locale":"sv_SE","og_type":"article","og_title":"Sherlock Holmes Las Palmas de Gran Canaria","og_description":"Sherlock Holmes Las Palmas de Gran Canaria. Spela ett sj\u00e4lvguidad mordmysterium City Game, l\u00f6s pussel, f\u00f6lj ledtr\u00e5dar och avsl\u00f6ja m\u00f6rdaren i din egen takt!","og_url":"https:\/\/testwebsite.citygame.com\/sv\/games\/las-palmas-de-gran-canaria\/sherlock-holmes-las-palmas-de-gran-canaria\/","og_site_name":"City Game","article_publisher":"https:\/\/www.facebook.com\/profile.php?id=100086426226253","article_modified_time":"2026-04-07T20:55:00+00:00","og_image":[{"width":1024,"height":1024,"url":"https:\/\/testwebsite.citygame.com\/wp-content\/blogs.dir\/1\/files\/sites\/62\/2026\/02\/man-playing-city-game-plaza-del-pilar-nuevo-las-palmas.jpg","type":"image\/jpeg"}],"twitter_card":"summary_large_image","twitter_misc":{"Ber\u00e4knad l\u00e4stid":"1 minut"},"schema":{"@context":"https:\/\/schema.org","@graph":[{"@type":"WebPage","@id":"https:\/\/testwebsite.citygame.com\/sv\/games\/las-palmas-de-gran-canaria\/sherlock-holmes-las-palmas-de-gran-canaria\/","url":"https:\/\/testwebsite.citygame.com\/sv\/games\/las-palmas-de-gran-canaria\/sherlock-holmes-las-palmas-de-gran-canaria\/","name":"Sherlock Holmes Las Palmas de Gran Canaria - City Game","isPartOf":{"@id":"https:\/\/testwebsite.upevents.nl\/#website"},"primaryImageOfPage":{"@id":"https:\/\/testwebsite.citygame.com\/sv\/games\/las-palmas-de-gran-canaria\/sherlock-holmes-las-palmas-de-gran-canaria\/#primaryimage"},"image":{"@id":"https:\/\/testwebsite.citygame.com\/sv\/games\/las-palmas-de-gran-canaria\/sherlock-holmes-las-palmas-de-gran-canaria\/#primaryimage"},"thumbnailUrl":"https:\/\/testwebsite.citygame.com\/wp-content\/blogs.dir\/1\/files\/sites\/62\/2026\/02\/man-playing-city-game-plaza-del-pilar-nuevo-las-palmas.jpg","datePublished":"2026-02-19T11:24:47+00:00","dateModified":"2026-04-07T20:55:00+00:00","description":"Sherlock Holmes Las Palmas de Gran Canaria. Spela ett sj\u00e4lvguidad mordmysterium City Game, l\u00f6s pussel, f\u00f6lj ledtr\u00e5dar och avsl\u00f6ja m\u00f6rdaren i din egen takt!","breadcrumb":{"@id":"https:\/\/testwebsite.citygame.com\/sv\/games\/las-palmas-de-gran-canaria\/sherlock-holmes-las-palmas-de-gran-canaria\/#breadcrumb"},"inLanguage":"sv-SE","potentialAction":[{"@type":"ReadAction","target":["https:\/\/testwebsite.citygame.com\/sv\/games\/las-palmas-de-gran-canaria\/sherlock-holmes-las-palmas-de-gran-canaria\/"]}]},{"@type":"ImageObject","inLanguage":"sv-SE","@id":"https:\/\/testwebsite.citygame.com\/sv\/games\/las-palmas-de-gran-canaria\/sherlock-holmes-las-palmas-de-gran-canaria\/#primaryimage","url":"https:\/\/testwebsite.citygame.com\/wp-content\/blogs.dir\/1\/files\/sites\/62\/2026\/02\/man-playing-city-game-plaza-del-pilar-nuevo-las-palmas.jpg","contentUrl":"https:\/\/testwebsite.citygame.com\/wp-content\/blogs.dir\/1\/files\/sites\/62\/2026\/02\/man-playing-city-game-plaza-del-pilar-nuevo-las-palmas.jpg","width":1024,"height":1024,"caption":"A player explores the historic Plaza del Pilar Nuevo in Las Palmas using a smartphone app."},{"@type":"BreadcrumbList","@id":"https:\/\/testwebsite.citygame.com\/sv\/games\/las-palmas-de-gran-canaria\/sherlock-holmes-las-palmas-de-gran-canaria\/#breadcrumb","itemListElement":[{"@type":"ListItem","position":1,"name":"Home","item":"https:\/\/testwebsite.citygame.com\/sv\/"},{"@type":"ListItem","position":2,"name":"Shop","item":"https:\/\/testwebsite.citygame.com\/shop\/"},{"@type":"ListItem","position":3,"name":"Sherlock Holmes Las Palmas de Gran Canaria"}]},{"@type":"WebSite","@id":"https:\/\/testwebsite.upevents.nl\/#website","url":"https:\/\/testwebsite.upevents.nl\/","name":"City Game","description":"","publisher":{"@id":"https:\/\/testwebsite.upevents.nl\/#organization"},"alternateName":"citygame.com","potentialAction":[{"@type":"SearchAction","target":{"@type":"EntryPoint","urlTemplate":"https:\/\/testwebsite.upevents.nl\/?s={search_term_string}"},"query-input":{"@type":"PropertyValueSpecification","valueRequired":true,"valueName":"search_term_string"}}],"inLanguage":"sv-SE"},{"@type":["Organization","Place"],"@id":"https:\/\/testwebsite.upevents.nl\/#organization","name":"City Game","alternateName":"citygame.com","url":"https:\/\/testwebsite.upevents.nl\/","logo":{"@id":"https:\/\/testwebsite.citygame.com\/sv\/games\/las-palmas-de-gran-canaria\/sherlock-holmes-las-palmas-de-gran-canaria\/#local-main-organization-logo"},"image":{"@id":"https:\/\/testwebsite.citygame.com\/sv\/games\/las-palmas-de-gran-canaria\/sherlock-holmes-las-palmas-de-gran-canaria\/#local-main-organization-logo"},"sameAs":["https:\/\/www.facebook.com\/profile.php?id=100086426226253","https:\/\/www.instagram.com\/citygame_com","https:\/\/www.tiktok.com\/@citygamecom\/","https:\/\/www.linkedin.com\/company\/citygame-com"],"description":"Turn any city into a playground with our interactive City Games and self-guided tours. Fun, flexible, and ideal for groups and team building.","telephone":[],"openingHoursSpecification":[{"@type":"OpeningHoursSpecification","dayOfWeek":["Monday","Tuesday","Wednesday","Thursday","Friday","Saturday","Sunday"],"opens":"09:00","closes":"17:00"}]},{"@type":"ImageObject","inLanguage":"sv-SE","@id":"https:\/\/testwebsite.citygame.com\/sv\/games\/las-palmas-de-gran-canaria\/sherlock-holmes-las-palmas-de-gran-canaria\/#local-main-organization-logo","url":"https:\/\/testwebsite.citygame.com\/wp-content\/blogs.dir\/1\/files\/sites\/62\/2025\/10\/CG_LOGO-City-Game.png","contentUrl":"https:\/\/testwebsite.citygame.com\/wp-content\/blogs.dir\/1\/files\/sites\/62\/2025\/10\/CG_LOGO-City-Game.png","width":351,"height":377,"caption":"City Game"}]}},"taxonomy_info":{"game-concept":[{"value":791,"label":"Sherlock"}],"location":[{"value":235,"label":"Las Palmas de Gran Canaria"}],"product_cat":[{"value":27,"label":"Geen categorie"}]},"featured_image_src_large":["https:\/\/testwebsite.citygame.com\/wp-content\/blogs.dir\/1\/files\/sites\/62\/2026\/02\/man-playing-city-game-plaza-del-pilar-nuevo-las-palmas.jpg",1024,1024,false],"author_info":[],"comment_info":"","_links":{"self":[{"href":"https:\/\/testwebsite.citygame.com\/sv\/wp-json\/wp\/v2\/product\/55481","targetHints":{"allow":["GET"]}}],"collection":[{"href":"https:\/\/testwebsite.citygame.com\/sv\/wp-json\/wp\/v2\/product"}],"about":[{"href":"https:\/\/testwebsite.citygame.com\/sv\/wp-json\/wp\/v2\/types\/product"}],"acf:post":[{"embeddable":true,"href":"https:\/\/testwebsite.citygame.com\/sv\/wp-json\/wp\/v2\/pages\/8615"}],"wp:featuredmedia":[{"embeddable":true,"href":"https:\/\/testwebsite.citygame.com\/sv\/wp-json\/wp\/v2\/media\/14828"}],"wp:attachment":[{"href":"https:\/\/testwebsite.citygame.com\/sv\/wp-json\/wp\/v2\/media?parent=55481"}],"wp:term":[{"taxonomy":"game-concept","embeddable":true,"href":"https:\/\/testwebsite.citygame.com\/sv\/wp-json\/wp\/v2\/game-concept?post=55481"},{"taxonomy":"location","embeddable":true,"href":"https:\/\/testwebsite.citygame.com\/sv\/wp-json\/wp\/v2\/location?post=55481"},{"taxonomy":"product_brand","embeddable":true,"href":"https:\/\/testwebsite.citygame.com\/sv\/wp-json\/wp\/v2\/product_brand?post=55481"},{"taxonomy":"product_cat","embeddable":true,"href":"https:\/\/testwebsite.citygame.com\/sv\/wp-json\/wp\/v2\/product_cat?post=55481"},{"taxonomy":"product_tag","embeddable":true,"href":"https:\/\/testwebsite.citygame.com\/sv\/wp-json\/wp\/v2\/product_tag?post=55481"}],"curies":[{"name":"wp","href":"https:\/\/api.w.org\/{rel}","templated":true}]}}