{"id":38893,"date":"2026-01-15T12:22:48","date_gmt":"2026-01-15T12:22:48","guid":{"rendered":"https:\/\/testwebsite.citygame.com\/games\/unknown-location\/produkt-311\/"},"modified":"2026-04-02T08:50:37","modified_gmt":"2026-04-02T08:50:37","slug":"produkt-311","status":"publish","type":"product","link":"https:\/\/testwebsite.citygame.com\/sv\/games\/unknown-location\/produkt-311\/","title":{"rendered":"Produkt"},"content":{"rendered":"","protected":false},"excerpt":{"rendered":"","protected":false},"featured_media":4036,"template":"","meta":{"_acf_changed":false,"_yoast_wpseo_focuskw":"Secrets of Zurich","_yoast_wpseo_metadesc":"Secrets of Zurich. Spela ett sj\u00e4lvguidad stadsspel och utforska staden genom pussel, g\u00e5tor och utmaningar. Spela i din egen takt och uppt\u00e4ck som en lokalinv\u00e5nare!","_kad_blocks_custom_css":"","_kad_blocks_head_custom_js":"","_kad_blocks_body_custom_js":"","_kad_blocks_footer_custom_js":"","ghostkit_customizer_options":"","ghostkit_custom_css":"","ghostkit_custom_js_head":"","ghostkit_custom_js_foot":"","ghostkit_typography":"","_kad_post_transparent":"","_kad_post_title":"","_kad_post_layout":"","_kad_post_sidebar_id":"","_kad_post_content_style":"","_kad_post_vertical_padding":"","_kad_post_feature":"","_kad_post_feature_position":"","_kad_post_header":false,"_kad_post_footer":false,"_kad_post_classname":"","_links_to":"","_links_to_target":""},"game-concept":[36],"location":[],"product_brand":[],"product_cat":[27],"product_tag":[],"class_list":{"0":"post-38893","1":"product","2":"type-product","3":"status-publish","4":"has-post-thumbnail","6":"game-concept-secrets","7":"product_cat-geen-categorie","9":"first","10":"instock","11":"shipping-taxable","12":"purchasable","13":"product-type-simple","14":"entry","15":"content-bg","16":"loop-entry"},"acf":{"full_bokun_product_name":"Self-Guided Secrets of Z\u00fcrich Exploration Game","location_name":"Zurich","bokun_calendar_widget_code":"<script type=\"text\/javascript\" src=\"https:\/\/widgets.bokun.io\/assets\/javascripts\/apps\/build\/BokunWidgetsLoader.js?bookingChannelUUID=a1e93e96-5232-4734-a595-28405f4b5a31\" async><\/script>\n     \n    <div class=\"bokunWidget\" data-src=\"https:\/\/widgets.bokun.io\/online-sales\/a1e93e96-5232-4734-a595-28405f4b5a31\/experience-calendar\/1106468\"><\/div>\n    <noscript>Please enable javascript in your browser to book<\/noscript>","bokun_button_widget_code":"<script type=\"text\/javascript\" src=\"https:\/\/widgets.bokun.io\/assets\/javascripts\/apps\/build\/BokunWidgetsLoader.js?bookingChannelUUID=a1e93e96-5232-4734-a595-28405f4b5a31\" async><\/script>\n      <style> #bokun_ed001e45_5927_4f62_b470_ca766338d083 { display: inline-block; padding: .4em 1em; background: #47b82e; border-radius: 999999px; box-shadow: none; font-weight: 600; font-size: 24px; text-decoration: none; text-align: center; color: #FFFFFF; border:none; cursor: pointer; transition: background .2s ease; } #bokun_ed001e45_5927_4f62_b470_ca766338d083:hover{ background: #2f7b1f; } #bokun_ed001e45_5927_4f62_b470_ca766338d083:active{ background: #378f24; } <\/style> <button class=\"bokunButton\" disabled id=bokun_ed001e45_5927_4f62_b470_ca766338d083 data-src=\"https:\/\/widgets.bokun.io\/online-sales\/a1e93e96-5232-4734-a595-28405f4b5a31\/experience-calendar\/1106468?partialView=1\" data-testid=\"widget-book-button\" > Book now <\/button> ","what_you\u2019ll_experience_during_the_game":"N\u00e4r du tar dig fram genom Secrets of Zurich City Game, navigerar du genom slingrande gr\u00e4nder och breda boulevarder samtidigt som du nystar upp en historia som v\u00e4ver samman historia och fantasi till en upplevelse. Rutten tar dig till b\u00e5de ber\u00f6mda landm\u00e4rken och undang\u00f6mda platser, vilket ger en ny syn p\u00e5 Z\u00fcrichs skiktade f\u00f6rflutna och nutid. L\u00e4ngs v\u00e4gen kommer du att st\u00f6ta p\u00e5 platser som den imponerande Grossm\u00fcnster Church, det st\u00e4mningsfulla Cabaret Voltaire och Bahnhofstrasse glittrande elegans. Dolda p\u00e4rlor som avloppstunneln Ehgraben bakom Schiffl\u00e4nde eller Hedwig Fountain p\u00e5 Lindenhof Hill bjuder p\u00e5 \u00f6verraskningar som f\u00e5r staden att k\u00e4nnas nyuppt\u00e4ckt. Under spelet l\u00f6ser du g\u00e5tor, utf\u00f6r kreativa fotouppgifter och tar dig an pussel som avsl\u00f6jar mer av den utspelande handlingen. Varje utmaning ger dig po\u00e4ng och ledtr\u00e5dar, vilket hj\u00e4lper dig att komma n\u00e4rmare att avsl\u00f6ja ett slutgiltigt mysterium unikt f\u00f6r Z\u00fcrichs karakt\u00e4r. Du \u00e4r fri att pausa n\u00e4r som helst och forts\u00e4tta n\u00e4r du vill, vilket l\u00e5ter dig utforska staden i din egen takt. F\u00f6r dem med t\u00e4vlingsanda finns det en topplista d\u00e4r lag kan f\u00f6lja sina framsteg och sikta p\u00e5 en topplacering.","how_to_play":"Efter bokning f\u00e5r du ett e-postmeddelande med en direktl\u00e4nk till spelet. Bege dig till startplatsen vid avloppstunneln Ehgraben, Schiffl\u00e4nde, \u00f6ppna l\u00e4nken och p\u00e5b\u00f6rja din resa direkt. Spelet k\u00f6rs direkt i din mobilwebbl\u00e4sare, s\u00e5 ingen appnedladdning beh\u00f6vs. Du kan pausa och forts\u00e4tta spelet n\u00e4r som helst, vilket g\u00f6r det till den perfekta flexibla aktiviteten f\u00f6r att utforska Z\u00fcrich i din egen takt.","start_location":"Z\u00fcrich, Ehgraben sewer tunnel, Schiffl\u00e4nde","available_languages":[],"players_per_group":"1-4","duration":"1.5-2 hours","image_overlay_color_image":"https:\/\/testwebsite.citygame.com\/wp-content\/blogs.dir\/1\/files\/sites\/62\/2026\/01\/SecretsColor.svg","image_overlay_game_logo":"https:\/\/testwebsite.citygame.com\/wp-content\/blogs.dir\/1\/files\/sites\/62\/2026\/01\/SecretsLogo.png","city_page":12015,"woocommerce_general_content":null,"the_story":"Z\u00fcrichs gator verkar lugna, men precis under stenarna r\u00f6r sig n\u00e5got. Huldrych Zwingli, pr\u00e4st, reformator och r\u00f6st f\u00f6r en stad som en g\u00e5ng brann av f\u00f6r\u00e4ndring, har \u00e5terv\u00e4nt. Hans Disputation Scroll, dokumentet som v\u00e5gade skaka om \u00e5rhundradenas tystnad, \u00e4r f\u00f6rsvunnen. Och med den har stadens dj\u00e4rvhet falnat.<br><br>Nu kallar han p\u00e5 dig f\u00f6r att avsl\u00f6ja sanningen, inte i storslagna katedraler, utan i tysta h\u00f6rn och viskande ekon. Fr\u00e5n tunnlar till torn, varje steg f\u00f6r dig n\u00e4rmare skriften och till en stad som en g\u00e5ng talade med eld. Hj\u00e4lp Zwingli att \u00e5terst\u00e4lla sin r\u00f6st och l\u00e5t Z\u00fcrich minnas hur man talar f\u00f6r sig sj\u00e4lv.<br><br><strong>Du kom f\u00f6r att utforska. Du stannade f\u00f6r att r\u00e4dda historien.<\/strong>","name_main_character":"Huldrych Zwingli","photo_main_character":38894,"loquiz_or_kokimoki":"Kokimoki"},"yoast_head":"<!-- This site is optimized with the Yoast SEO Premium plugin v26.2 (Yoast SEO v26.3) - https:\/\/yoast.com\/wordpress\/plugins\/seo\/ -->\n<title>Produkt - City Game<\/title>\n<meta name=\"description\" content=\"Secrets of Zurich. Spela ett sj\u00e4lvguidad stadsspel och utforska staden genom pussel, g\u00e5tor och utmaningar. Spela i din egen takt och uppt\u00e4ck som en lokalinv\u00e5nare!\" \/>\n<meta name=\"robots\" content=\"noindex, follow, max-snippet:-1, max-image-preview:large, max-video-preview:-1\" \/>\n<meta property=\"og:locale\" content=\"sv_SE\" \/>\n<meta property=\"og:type\" content=\"article\" \/>\n<meta property=\"og:title\" content=\"Produkt\" \/>\n<meta property=\"og:description\" content=\"Secrets of Zurich. Spela ett sj\u00e4lvguidad stadsspel och utforska staden genom pussel, g\u00e5tor och utmaningar. Spela i din egen takt och uppt\u00e4ck som en lokalinv\u00e5nare!\" \/>\n<meta property=\"og:url\" content=\"https:\/\/testwebsite.citygame.com\/sv\/games\/unknown-location\/produkt-311\/\" \/>\n<meta property=\"og:site_name\" content=\"City Game\" \/>\n<meta property=\"article:publisher\" content=\"https:\/\/www.facebook.com\/profile.php?id=100086426226253\" \/>\n<meta property=\"article:modified_time\" content=\"2026-04-02T08:50:37+00:00\" \/>\n<meta property=\"og:image\" content=\"https:\/\/testwebsite.citygame.com\/wp-content\/blogs.dir\/1\/files\/sites\/62\/2026\/01\/zurich-player-on-city-street-with-phone.jpg\" \/>\n\t<meta property=\"og:image:width\" content=\"1024\" \/>\n\t<meta property=\"og:image:height\" content=\"1024\" \/>\n\t<meta property=\"og:image:type\" content=\"image\/jpeg\" \/>\n<meta name=\"twitter:card\" content=\"summary_large_image\" \/>\n<script type=\"application\/ld+json\" class=\"yoast-schema-graph\">{\"@context\":\"https:\/\/schema.org\",\"@graph\":[{\"@type\":\"WebPage\",\"@id\":\"https:\/\/testwebsite.citygame.com\/sv\/games\/unknown-location\/produkt-311\/\",\"url\":\"https:\/\/testwebsite.citygame.com\/sv\/games\/unknown-location\/produkt-311\/\",\"name\":\"Produkt - City Game\",\"isPartOf\":{\"@id\":\"https:\/\/testwebsite.upevents.nl\/#website\"},\"primaryImageOfPage\":{\"@id\":\"https:\/\/testwebsite.citygame.com\/sv\/games\/unknown-location\/produkt-311\/#primaryimage\"},\"image\":{\"@id\":\"https:\/\/testwebsite.citygame.com\/sv\/games\/unknown-location\/produkt-311\/#primaryimage\"},\"thumbnailUrl\":\"https:\/\/testwebsite.citygame.com\/wp-content\/blogs.dir\/1\/files\/sites\/62\/2026\/01\/zurich-player-on-city-street-with-phone.jpg\",\"datePublished\":\"2026-01-15T12:22:48+00:00\",\"dateModified\":\"2026-04-02T08:50:37+00:00\",\"description\":\"Secrets of Zurich. Spela ett sj\u00e4lvguidad stadsspel och utforska staden genom pussel, g\u00e5tor och utmaningar. Spela i din egen takt och uppt\u00e4ck som en lokalinv\u00e5nare!\",\"breadcrumb\":{\"@id\":\"https:\/\/testwebsite.citygame.com\/sv\/games\/unknown-location\/produkt-311\/#breadcrumb\"},\"inLanguage\":\"sv-SE\",\"potentialAction\":[{\"@type\":\"ReadAction\",\"target\":[\"https:\/\/testwebsite.citygame.com\/sv\/games\/unknown-location\/produkt-311\/\"]}]},{\"@type\":\"ImageObject\",\"inLanguage\":\"sv-SE\",\"@id\":\"https:\/\/testwebsite.citygame.com\/sv\/games\/unknown-location\/produkt-311\/#primaryimage\",\"url\":\"https:\/\/testwebsite.citygame.com\/wp-content\/blogs.dir\/1\/files\/sites\/62\/2026\/01\/zurich-player-on-city-street-with-phone.jpg\",\"contentUrl\":\"https:\/\/testwebsite.citygame.com\/wp-content\/blogs.dir\/1\/files\/sites\/62\/2026\/01\/zurich-player-on-city-street-with-phone.jpg\",\"width\":1024,\"height\":1024,\"caption\":\"A player explores the streets of Zurich while playing a game on her smartphone.\"},{\"@type\":\"BreadcrumbList\",\"@id\":\"https:\/\/testwebsite.citygame.com\/sv\/games\/unknown-location\/produkt-311\/#breadcrumb\",\"itemListElement\":[{\"@type\":\"ListItem\",\"position\":1,\"name\":\"Home\",\"item\":\"https:\/\/testwebsite.citygame.com\/sv\/\"},{\"@type\":\"ListItem\",\"position\":2,\"name\":\"Shop\",\"item\":\"https:\/\/testwebsite.citygame.com\/shop\/\"},{\"@type\":\"ListItem\",\"position\":3,\"name\":\"Produkt\"}]},{\"@type\":\"WebSite\",\"@id\":\"https:\/\/testwebsite.upevents.nl\/#website\",\"url\":\"https:\/\/testwebsite.upevents.nl\/\",\"name\":\"City Game\",\"description\":\"\",\"publisher\":{\"@id\":\"https:\/\/testwebsite.upevents.nl\/#organization\"},\"alternateName\":\"citygame.com\",\"potentialAction\":[{\"@type\":\"SearchAction\",\"target\":{\"@type\":\"EntryPoint\",\"urlTemplate\":\"https:\/\/testwebsite.upevents.nl\/?s={search_term_string}\"},\"query-input\":{\"@type\":\"PropertyValueSpecification\",\"valueRequired\":true,\"valueName\":\"search_term_string\"}}],\"inLanguage\":\"sv-SE\"},{\"@type\":[\"Organization\",\"Place\"],\"@id\":\"https:\/\/testwebsite.upevents.nl\/#organization\",\"name\":\"City Game\",\"alternateName\":\"citygame.com\",\"url\":\"https:\/\/testwebsite.upevents.nl\/\",\"logo\":{\"@id\":\"https:\/\/testwebsite.citygame.com\/sv\/games\/unknown-location\/produkt-311\/#local-main-organization-logo\"},\"image\":{\"@id\":\"https:\/\/testwebsite.citygame.com\/sv\/games\/unknown-location\/produkt-311\/#local-main-organization-logo\"},\"sameAs\":[\"https:\/\/www.facebook.com\/profile.php?id=100086426226253\",\"https:\/\/www.instagram.com\/citygame_com\",\"https:\/\/www.tiktok.com\/@citygamecom\/\",\"https:\/\/www.linkedin.com\/company\/citygame-com\"],\"description\":\"Turn any city into a playground with our interactive City Games and self-guided tours. Fun, flexible, and ideal for groups and team building.\",\"telephone\":[],\"openingHoursSpecification\":[{\"@type\":\"OpeningHoursSpecification\",\"dayOfWeek\":[\"Monday\",\"Tuesday\",\"Wednesday\",\"Thursday\",\"Friday\",\"Saturday\",\"Sunday\"],\"opens\":\"09:00\",\"closes\":\"17:00\"}]},{\"@type\":\"ImageObject\",\"inLanguage\":\"sv-SE\",\"@id\":\"https:\/\/testwebsite.citygame.com\/sv\/games\/unknown-location\/produkt-311\/#local-main-organization-logo\",\"url\":\"https:\/\/testwebsite.citygame.com\/wp-content\/blogs.dir\/1\/files\/sites\/62\/2025\/10\/CG_LOGO-City-Game.png\",\"contentUrl\":\"https:\/\/testwebsite.citygame.com\/wp-content\/blogs.dir\/1\/files\/sites\/62\/2025\/10\/CG_LOGO-City-Game.png\",\"width\":351,\"height\":377,\"caption\":\"City Game\"}]}<\/script>\n<!-- \/ Yoast SEO Premium plugin. -->","yoast_head_json":{"title":"Produkt - City Game","description":"Secrets of Zurich. Spela ett sj\u00e4lvguidad stadsspel och utforska staden genom pussel, g\u00e5tor och utmaningar. Spela i din egen takt och uppt\u00e4ck som en lokalinv\u00e5nare!","robots":{"index":"noindex","follow":"follow","max-snippet":"max-snippet:-1","max-image-preview":"max-image-preview:large","max-video-preview":"max-video-preview:-1"},"og_locale":"sv_SE","og_type":"article","og_title":"Produkt","og_description":"Secrets of Zurich. Spela ett sj\u00e4lvguidad stadsspel och utforska staden genom pussel, g\u00e5tor och utmaningar. Spela i din egen takt och uppt\u00e4ck som en lokalinv\u00e5nare!","og_url":"https:\/\/testwebsite.citygame.com\/sv\/games\/unknown-location\/produkt-311\/","og_site_name":"City Game","article_publisher":"https:\/\/www.facebook.com\/profile.php?id=100086426226253","article_modified_time":"2026-04-02T08:50:37+00:00","og_image":[{"width":1024,"height":1024,"url":"https:\/\/testwebsite.citygame.com\/wp-content\/blogs.dir\/1\/files\/sites\/62\/2026\/01\/zurich-player-on-city-street-with-phone.jpg","type":"image\/jpeg"}],"twitter_card":"summary_large_image","schema":{"@context":"https:\/\/schema.org","@graph":[{"@type":"WebPage","@id":"https:\/\/testwebsite.citygame.com\/sv\/games\/unknown-location\/produkt-311\/","url":"https:\/\/testwebsite.citygame.com\/sv\/games\/unknown-location\/produkt-311\/","name":"Produkt - City Game","isPartOf":{"@id":"https:\/\/testwebsite.upevents.nl\/#website"},"primaryImageOfPage":{"@id":"https:\/\/testwebsite.citygame.com\/sv\/games\/unknown-location\/produkt-311\/#primaryimage"},"image":{"@id":"https:\/\/testwebsite.citygame.com\/sv\/games\/unknown-location\/produkt-311\/#primaryimage"},"thumbnailUrl":"https:\/\/testwebsite.citygame.com\/wp-content\/blogs.dir\/1\/files\/sites\/62\/2026\/01\/zurich-player-on-city-street-with-phone.jpg","datePublished":"2026-01-15T12:22:48+00:00","dateModified":"2026-04-02T08:50:37+00:00","description":"Secrets of Zurich. Spela ett sj\u00e4lvguidad stadsspel och utforska staden genom pussel, g\u00e5tor och utmaningar. Spela i din egen takt och uppt\u00e4ck som en lokalinv\u00e5nare!","breadcrumb":{"@id":"https:\/\/testwebsite.citygame.com\/sv\/games\/unknown-location\/produkt-311\/#breadcrumb"},"inLanguage":"sv-SE","potentialAction":[{"@type":"ReadAction","target":["https:\/\/testwebsite.citygame.com\/sv\/games\/unknown-location\/produkt-311\/"]}]},{"@type":"ImageObject","inLanguage":"sv-SE","@id":"https:\/\/testwebsite.citygame.com\/sv\/games\/unknown-location\/produkt-311\/#primaryimage","url":"https:\/\/testwebsite.citygame.com\/wp-content\/blogs.dir\/1\/files\/sites\/62\/2026\/01\/zurich-player-on-city-street-with-phone.jpg","contentUrl":"https:\/\/testwebsite.citygame.com\/wp-content\/blogs.dir\/1\/files\/sites\/62\/2026\/01\/zurich-player-on-city-street-with-phone.jpg","width":1024,"height":1024,"caption":"A player explores the streets of Zurich while playing a game on her smartphone."},{"@type":"BreadcrumbList","@id":"https:\/\/testwebsite.citygame.com\/sv\/games\/unknown-location\/produkt-311\/#breadcrumb","itemListElement":[{"@type":"ListItem","position":1,"name":"Home","item":"https:\/\/testwebsite.citygame.com\/sv\/"},{"@type":"ListItem","position":2,"name":"Shop","item":"https:\/\/testwebsite.citygame.com\/shop\/"},{"@type":"ListItem","position":3,"name":"Produkt"}]},{"@type":"WebSite","@id":"https:\/\/testwebsite.upevents.nl\/#website","url":"https:\/\/testwebsite.upevents.nl\/","name":"City Game","description":"","publisher":{"@id":"https:\/\/testwebsite.upevents.nl\/#organization"},"alternateName":"citygame.com","potentialAction":[{"@type":"SearchAction","target":{"@type":"EntryPoint","urlTemplate":"https:\/\/testwebsite.upevents.nl\/?s={search_term_string}"},"query-input":{"@type":"PropertyValueSpecification","valueRequired":true,"valueName":"search_term_string"}}],"inLanguage":"sv-SE"},{"@type":["Organization","Place"],"@id":"https:\/\/testwebsite.upevents.nl\/#organization","name":"City Game","alternateName":"citygame.com","url":"https:\/\/testwebsite.upevents.nl\/","logo":{"@id":"https:\/\/testwebsite.citygame.com\/sv\/games\/unknown-location\/produkt-311\/#local-main-organization-logo"},"image":{"@id":"https:\/\/testwebsite.citygame.com\/sv\/games\/unknown-location\/produkt-311\/#local-main-organization-logo"},"sameAs":["https:\/\/www.facebook.com\/profile.php?id=100086426226253","https:\/\/www.instagram.com\/citygame_com","https:\/\/www.tiktok.com\/@citygamecom\/","https:\/\/www.linkedin.com\/company\/citygame-com"],"description":"Turn any city into a playground with our interactive City Games and self-guided tours. Fun, flexible, and ideal for groups and team building.","telephone":[],"openingHoursSpecification":[{"@type":"OpeningHoursSpecification","dayOfWeek":["Monday","Tuesday","Wednesday","Thursday","Friday","Saturday","Sunday"],"opens":"09:00","closes":"17:00"}]},{"@type":"ImageObject","inLanguage":"sv-SE","@id":"https:\/\/testwebsite.citygame.com\/sv\/games\/unknown-location\/produkt-311\/#local-main-organization-logo","url":"https:\/\/testwebsite.citygame.com\/wp-content\/blogs.dir\/1\/files\/sites\/62\/2025\/10\/CG_LOGO-City-Game.png","contentUrl":"https:\/\/testwebsite.citygame.com\/wp-content\/blogs.dir\/1\/files\/sites\/62\/2025\/10\/CG_LOGO-City-Game.png","width":351,"height":377,"caption":"City Game"}]}},"taxonomy_info":{"game-concept":[{"value":36,"label":"Secrets"}],"product_cat":[{"value":27,"label":"Geen categorie"}]},"featured_image_src_large":["https:\/\/testwebsite.citygame.com\/wp-content\/blogs.dir\/1\/files\/sites\/62\/2026\/01\/zurich-player-on-city-street-with-phone.jpg",1024,1024,false],"author_info":[],"comment_info":"","_links":{"self":[{"href":"https:\/\/testwebsite.citygame.com\/sv\/wp-json\/wp\/v2\/product\/38893","targetHints":{"allow":["GET"]}}],"collection":[{"href":"https:\/\/testwebsite.citygame.com\/sv\/wp-json\/wp\/v2\/product"}],"about":[{"href":"https:\/\/testwebsite.citygame.com\/sv\/wp-json\/wp\/v2\/types\/product"}],"acf:post":[{"embeddable":true,"href":"https:\/\/testwebsite.citygame.com\/sv\/wp-json\/wp\/v2\/pages\/12015"}],"wp:featuredmedia":[{"embeddable":true,"href":"https:\/\/testwebsite.citygame.com\/sv\/wp-json\/wp\/v2\/media\/4036"}],"wp:attachment":[{"href":"https:\/\/testwebsite.citygame.com\/sv\/wp-json\/wp\/v2\/media?parent=38893"}],"wp:term":[{"taxonomy":"game-concept","embeddable":true,"href":"https:\/\/testwebsite.citygame.com\/sv\/wp-json\/wp\/v2\/game-concept?post=38893"},{"taxonomy":"location","embeddable":true,"href":"https:\/\/testwebsite.citygame.com\/sv\/wp-json\/wp\/v2\/location?post=38893"},{"taxonomy":"product_brand","embeddable":true,"href":"https:\/\/testwebsite.citygame.com\/sv\/wp-json\/wp\/v2\/product_brand?post=38893"},{"taxonomy":"product_cat","embeddable":true,"href":"https:\/\/testwebsite.citygame.com\/sv\/wp-json\/wp\/v2\/product_cat?post=38893"},{"taxonomy":"product_tag","embeddable":true,"href":"https:\/\/testwebsite.citygame.com\/sv\/wp-json\/wp\/v2\/product_tag?post=38893"}],"curies":[{"name":"wp","href":"https:\/\/api.w.org\/{rel}","templated":true}]}}