{"id":35149,"date":"2026-02-13T15:28:09","date_gmt":"2026-02-13T15:28:09","guid":{"rendered":"https:\/\/testwebsite.citygame.com\/games\/unknown-location\/produkt-250\/"},"modified":"2026-04-01T21:07:58","modified_gmt":"2026-04-01T21:07:58","slug":"produkt-250","status":"publish","type":"product","link":"https:\/\/testwebsite.citygame.com\/sv\/games\/unknown-location\/produkt-250\/","title":{"rendered":"Produkt"},"content":{"rendered":"","protected":false},"excerpt":{"rendered":"","protected":false},"featured_media":13634,"template":"","meta":{"_acf_changed":false,"_yoast_wpseo_focuskw":"The Leiden Syndicate","_yoast_wpseo_metadesc":"The Leiden Syndicate. Spela ett sj\u00e4lvguidad City Escape Game, l\u00f6s pussel, slutf\u00f6r uppdrag och \u00e5terta de stulna formlerna i din egen takt!","_kad_blocks_custom_css":"","_kad_blocks_head_custom_js":"","_kad_blocks_body_custom_js":"","_kad_blocks_footer_custom_js":"","ghostkit_customizer_options":"","ghostkit_custom_css":"","ghostkit_custom_js_head":"","ghostkit_custom_js_foot":"","ghostkit_typography":"","_kad_post_transparent":"default","_kad_post_title":"","_kad_post_layout":"default","_kad_post_sidebar_id":"","_kad_post_content_style":"default","_kad_post_vertical_padding":"default","_kad_post_feature":"","_kad_post_feature_position":"","_kad_post_header":false,"_kad_post_footer":false,"_kad_post_classname":"","_links_to":"","_links_to_target":""},"game-concept":[37],"location":[],"product_brand":[],"product_cat":[27],"product_tag":[],"class_list":{"0":"post-35149","1":"product","2":"type-product","3":"status-publish","4":"has-post-thumbnail","6":"game-concept-syndicate","7":"product_cat-geen-categorie","9":"first","10":"instock","11":"shipping-taxable","12":"purchasable","13":"product-type-simple","14":"entry","15":"content-bg","16":"loop-entry"},"acf":{"full_bokun_product_name":"Self-Guided The Leiden Syndicate City Escape Game","location_name":"Leiden","bokun_calendar_widget_code":"<script type=\"text\/javascript\" src=\"https:\/\/widgets.bokun.io\/assets\/javascripts\/apps\/build\/BokunWidgetsLoader.js?bookingChannelUUID=a1e93e96-5232-4734-a595-28405f4b5a31\" async><\/script>\n     \n    <div class=\"bokunWidget\" data-src=\"https:\/\/widgets.bokun.io\/online-sales\/a1e93e96-5232-4734-a595-28405f4b5a31\/experience-calendar\/773738\"><\/div>\n    <noscript>Please enable javascript in your browser to book<\/noscript>","bokun_button_widget_code":"<script type=\"text\/javascript\" src=\"https:\/\/widgets.bokun.io\/assets\/javascripts\/apps\/build\/BokunWidgetsLoader.js?bookingChannelUUID=a1e93e96-5232-4734-a595-28405f4b5a31\" async><\/script>\n      <style> #bokun_ed001e45_5927_4f62_b470_ca766338d083 { display: inline-block; padding: .4em 1em; background: #47b82e; border-radius: 999999px; box-shadow: none; font-weight: 600; font-size: 24px; text-decoration: none; text-align: center; color: #FFFFFF; border:none; cursor: pointer; transition: background .2s ease; } #bokun_ed001e45_5927_4f62_b470_ca766338d083:hover{ background: #2f7b1f; } #bokun_ed001e45_5927_4f62_b470_ca766338d083:active{ background: #378f24; } <\/style> <button class=\"bokunButton\" disabled id=bokun_ed001e45_5927_4f62_b470_ca766338d083 data-src=\"https:\/\/widgets.bokun.io\/online-sales\/a1e93e96-5232-4734-a595-28405f4b5a31\/experience-calendar\/773738?partialView=1\" data-testid=\"widget-book-button\" > Book now <\/button> ","what_you\u2019ll_experience_during_the_game":"Du och ditt team kastas in i ett sp\u00e4nnande flyktuppdrag djupt inne i hj\u00e4rtat av Leiden. Som agenter som arbetar mot klockan \u00e4r ert m\u00e5l tydligt: sp\u00e5ra upp en skurkaktig agent vid namn Magnus och \u00e5terta sex stulna kemiska formler innan de f\u00f6rsvinner f\u00f6r gott. Staden blir er slagf\u00e4lt n\u00e4r varje steg i uppdraget utspelar sig p\u00e5 olika platser, med varje v\u00e4ndning som avsl\u00f6jar nya lager av risk och komplexitet.\r\n\r\nN\u00e4r ni r\u00f6r er genom Leiden kommer ni att st\u00f6ta p\u00e5 pussel att l\u00f6sa, krypterade meddelanden att avkoda och dolda uppgifter som kr\u00e4ver skarpt t\u00e4nkande och kollektiv anstr\u00e4ngning. Varje utmaning \u00e4r inv\u00e4vd i en helt uppslukande ber\u00e4ttelse som anpassar sig efter era beslut, och s\u00e4tter lagarbete, kommunikation och strategi p\u00e5 prov. Uppdraget kan pausas och \u00e5terupptas i er egen takt, vilket ger ert team flexibiliteten att navigera den utvecklande ber\u00e4ttelsen p\u00e5 era villkor.","how_to_play":"Boka City Game, kontrollera mejlet vi skickar dig med instruktionerna, ladda ner Loquiz App och p\u00e5b\u00f6rja din spelupplevelse! Utforska staden p\u00e5 ett s\u00e4tt du aldrig gjort f\u00f6rut. Detta escape game \u00e4r ett rollspel baserat p\u00e5 en ber\u00e4ttelse, varje medlem i ditt team kommer att ha en viktig roll i uppdraget. G\u00e5 runt i staden f\u00f6r att hitta l\u00f6sningen p\u00e5 utmanande pussel, g\u00e5tor och fotouppgifter.","start_location":"Leiden, Stadhuisplein","available_languages":["en","nl"],"players_per_group":"1-4","duration":"1.5-2 hours","image_overlay_color_image":"https:\/\/testwebsite.citygame.com\/wp-content\/blogs.dir\/1\/files\/sites\/62\/2026\/01\/SyndicateColor.svg","image_overlay_game_logo":"https:\/\/testwebsite.citygame.com\/wp-content\/blogs.dir\/1\/files\/sites\/62\/2026\/01\/SyndicateLogo.png","city_page":4622,"woocommerce_general_content":null},"yoast_head":"<!-- This site is optimized with the Yoast SEO Premium plugin v26.2 (Yoast SEO v26.3) - https:\/\/yoast.com\/wordpress\/plugins\/seo\/ -->\n<title>Produkt - City Game<\/title>\n<meta name=\"description\" content=\"The Leiden Syndicate. Spela ett sj\u00e4lvguidad City Escape Game, l\u00f6s pussel, slutf\u00f6r uppdrag och \u00e5terta de stulna formlerna i din egen takt!\" \/>\n<meta name=\"robots\" content=\"noindex, follow, max-snippet:-1, max-image-preview:large, max-video-preview:-1\" \/>\n<meta property=\"og:locale\" content=\"sv_SE\" \/>\n<meta property=\"og:type\" content=\"article\" \/>\n<meta property=\"og:title\" content=\"Produkt\" \/>\n<meta property=\"og:description\" content=\"The Leiden Syndicate. Spela ett sj\u00e4lvguidad City Escape Game, l\u00f6s pussel, slutf\u00f6r uppdrag och \u00e5terta de stulna formlerna i din egen takt!\" \/>\n<meta property=\"og:url\" content=\"https:\/\/testwebsite.citygame.com\/sv\/games\/unknown-location\/produkt-250\/\" \/>\n<meta property=\"og:site_name\" content=\"City Game\" \/>\n<meta property=\"article:publisher\" content=\"https:\/\/www.facebook.com\/profile.php?id=100086426226253\" \/>\n<meta property=\"article:modified_time\" content=\"2026-04-01T21:07:58+00:00\" \/>\n<meta property=\"og:image\" content=\"https:\/\/testwebsite.citygame.com\/wp-content\/blogs.dir\/1\/files\/sites\/62\/2026\/02\/group-playing-city-game-leiden.jpg\" \/>\n\t<meta property=\"og:image:width\" content=\"1024\" \/>\n\t<meta property=\"og:image:height\" content=\"1024\" \/>\n\t<meta property=\"og:image:type\" content=\"image\/jpeg\" \/>\n<meta name=\"twitter:card\" content=\"summary_large_image\" \/>\n<script type=\"application\/ld+json\" class=\"yoast-schema-graph\">{\"@context\":\"https:\/\/schema.org\",\"@graph\":[{\"@type\":\"WebPage\",\"@id\":\"https:\/\/testwebsite.citygame.com\/sv\/games\/unknown-location\/produkt-250\/\",\"url\":\"https:\/\/testwebsite.citygame.com\/sv\/games\/unknown-location\/produkt-250\/\",\"name\":\"Produkt - City Game\",\"isPartOf\":{\"@id\":\"https:\/\/testwebsite.upevents.nl\/#website\"},\"primaryImageOfPage\":{\"@id\":\"https:\/\/testwebsite.citygame.com\/sv\/games\/unknown-location\/produkt-250\/#primaryimage\"},\"image\":{\"@id\":\"https:\/\/testwebsite.citygame.com\/sv\/games\/unknown-location\/produkt-250\/#primaryimage\"},\"thumbnailUrl\":\"https:\/\/testwebsite.citygame.com\/wp-content\/blogs.dir\/1\/files\/sites\/62\/2026\/02\/group-playing-city-game-leiden.jpg\",\"datePublished\":\"2026-02-13T15:28:09+00:00\",\"dateModified\":\"2026-04-01T21:07:58+00:00\",\"description\":\"The Leiden Syndicate. Spela ett sj\u00e4lvguidad City Escape Game, l\u00f6s pussel, slutf\u00f6r uppdrag och \u00e5terta de stulna formlerna i din egen takt!\",\"breadcrumb\":{\"@id\":\"https:\/\/testwebsite.citygame.com\/sv\/games\/unknown-location\/produkt-250\/#breadcrumb\"},\"inLanguage\":\"sv-SE\",\"potentialAction\":[{\"@type\":\"ReadAction\",\"target\":[\"https:\/\/testwebsite.citygame.com\/sv\/games\/unknown-location\/produkt-250\/\"]}]},{\"@type\":\"ImageObject\",\"inLanguage\":\"sv-SE\",\"@id\":\"https:\/\/testwebsite.citygame.com\/sv\/games\/unknown-location\/produkt-250\/#primaryimage\",\"url\":\"https:\/\/testwebsite.citygame.com\/wp-content\/blogs.dir\/1\/files\/sites\/62\/2026\/02\/group-playing-city-game-leiden.jpg\",\"contentUrl\":\"https:\/\/testwebsite.citygame.com\/wp-content\/blogs.dir\/1\/files\/sites\/62\/2026\/02\/group-playing-city-game-leiden.jpg\",\"width\":1024,\"height\":1024,\"caption\":\"A group of friends collaborate while playing an outdoor discovery game on a mobile phone in Leiden.\"},{\"@type\":\"BreadcrumbList\",\"@id\":\"https:\/\/testwebsite.citygame.com\/sv\/games\/unknown-location\/produkt-250\/#breadcrumb\",\"itemListElement\":[{\"@type\":\"ListItem\",\"position\":1,\"name\":\"Home\",\"item\":\"https:\/\/testwebsite.citygame.com\/sv\/\"},{\"@type\":\"ListItem\",\"position\":2,\"name\":\"Shop\",\"item\":\"https:\/\/testwebsite.citygame.com\/shop\/\"},{\"@type\":\"ListItem\",\"position\":3,\"name\":\"Produkt\"}]},{\"@type\":\"WebSite\",\"@id\":\"https:\/\/testwebsite.upevents.nl\/#website\",\"url\":\"https:\/\/testwebsite.upevents.nl\/\",\"name\":\"City Game\",\"description\":\"\",\"publisher\":{\"@id\":\"https:\/\/testwebsite.upevents.nl\/#organization\"},\"alternateName\":\"citygame.com\",\"potentialAction\":[{\"@type\":\"SearchAction\",\"target\":{\"@type\":\"EntryPoint\",\"urlTemplate\":\"https:\/\/testwebsite.upevents.nl\/?s={search_term_string}\"},\"query-input\":{\"@type\":\"PropertyValueSpecification\",\"valueRequired\":true,\"valueName\":\"search_term_string\"}}],\"inLanguage\":\"sv-SE\"},{\"@type\":[\"Organization\",\"Place\"],\"@id\":\"https:\/\/testwebsite.upevents.nl\/#organization\",\"name\":\"City Game\",\"alternateName\":\"citygame.com\",\"url\":\"https:\/\/testwebsite.upevents.nl\/\",\"logo\":{\"@id\":\"https:\/\/testwebsite.citygame.com\/sv\/games\/unknown-location\/produkt-250\/#local-main-organization-logo\"},\"image\":{\"@id\":\"https:\/\/testwebsite.citygame.com\/sv\/games\/unknown-location\/produkt-250\/#local-main-organization-logo\"},\"sameAs\":[\"https:\/\/www.facebook.com\/profile.php?id=100086426226253\",\"https:\/\/www.instagram.com\/citygame_com\",\"https:\/\/www.tiktok.com\/@citygamecom\/\",\"https:\/\/www.linkedin.com\/company\/citygame-com\"],\"description\":\"Turn any city into a playground with our interactive City Games and self-guided tours. Fun, flexible, and ideal for groups and team building.\",\"telephone\":[],\"openingHoursSpecification\":[{\"@type\":\"OpeningHoursSpecification\",\"dayOfWeek\":[\"Monday\",\"Tuesday\",\"Wednesday\",\"Thursday\",\"Friday\",\"Saturday\",\"Sunday\"],\"opens\":\"09:00\",\"closes\":\"17:00\"}]},{\"@type\":\"ImageObject\",\"inLanguage\":\"sv-SE\",\"@id\":\"https:\/\/testwebsite.citygame.com\/sv\/games\/unknown-location\/produkt-250\/#local-main-organization-logo\",\"url\":\"https:\/\/testwebsite.citygame.com\/wp-content\/blogs.dir\/1\/files\/sites\/62\/2025\/10\/CG_LOGO-City-Game.png\",\"contentUrl\":\"https:\/\/testwebsite.citygame.com\/wp-content\/blogs.dir\/1\/files\/sites\/62\/2025\/10\/CG_LOGO-City-Game.png\",\"width\":351,\"height\":377,\"caption\":\"City Game\"}]}<\/script>\n<!-- \/ Yoast SEO Premium plugin. -->","yoast_head_json":{"title":"Produkt - City Game","description":"The Leiden Syndicate. Spela ett sj\u00e4lvguidad City Escape Game, l\u00f6s pussel, slutf\u00f6r uppdrag och \u00e5terta de stulna formlerna i din egen takt!","robots":{"index":"noindex","follow":"follow","max-snippet":"max-snippet:-1","max-image-preview":"max-image-preview:large","max-video-preview":"max-video-preview:-1"},"og_locale":"sv_SE","og_type":"article","og_title":"Produkt","og_description":"The Leiden Syndicate. Spela ett sj\u00e4lvguidad City Escape Game, l\u00f6s pussel, slutf\u00f6r uppdrag och \u00e5terta de stulna formlerna i din egen takt!","og_url":"https:\/\/testwebsite.citygame.com\/sv\/games\/unknown-location\/produkt-250\/","og_site_name":"City Game","article_publisher":"https:\/\/www.facebook.com\/profile.php?id=100086426226253","article_modified_time":"2026-04-01T21:07:58+00:00","og_image":[{"width":1024,"height":1024,"url":"https:\/\/testwebsite.citygame.com\/wp-content\/blogs.dir\/1\/files\/sites\/62\/2026\/02\/group-playing-city-game-leiden.jpg","type":"image\/jpeg"}],"twitter_card":"summary_large_image","schema":{"@context":"https:\/\/schema.org","@graph":[{"@type":"WebPage","@id":"https:\/\/testwebsite.citygame.com\/sv\/games\/unknown-location\/produkt-250\/","url":"https:\/\/testwebsite.citygame.com\/sv\/games\/unknown-location\/produkt-250\/","name":"Produkt - City Game","isPartOf":{"@id":"https:\/\/testwebsite.upevents.nl\/#website"},"primaryImageOfPage":{"@id":"https:\/\/testwebsite.citygame.com\/sv\/games\/unknown-location\/produkt-250\/#primaryimage"},"image":{"@id":"https:\/\/testwebsite.citygame.com\/sv\/games\/unknown-location\/produkt-250\/#primaryimage"},"thumbnailUrl":"https:\/\/testwebsite.citygame.com\/wp-content\/blogs.dir\/1\/files\/sites\/62\/2026\/02\/group-playing-city-game-leiden.jpg","datePublished":"2026-02-13T15:28:09+00:00","dateModified":"2026-04-01T21:07:58+00:00","description":"The Leiden Syndicate. Spela ett sj\u00e4lvguidad City Escape Game, l\u00f6s pussel, slutf\u00f6r uppdrag och \u00e5terta de stulna formlerna i din egen takt!","breadcrumb":{"@id":"https:\/\/testwebsite.citygame.com\/sv\/games\/unknown-location\/produkt-250\/#breadcrumb"},"inLanguage":"sv-SE","potentialAction":[{"@type":"ReadAction","target":["https:\/\/testwebsite.citygame.com\/sv\/games\/unknown-location\/produkt-250\/"]}]},{"@type":"ImageObject","inLanguage":"sv-SE","@id":"https:\/\/testwebsite.citygame.com\/sv\/games\/unknown-location\/produkt-250\/#primaryimage","url":"https:\/\/testwebsite.citygame.com\/wp-content\/blogs.dir\/1\/files\/sites\/62\/2026\/02\/group-playing-city-game-leiden.jpg","contentUrl":"https:\/\/testwebsite.citygame.com\/wp-content\/blogs.dir\/1\/files\/sites\/62\/2026\/02\/group-playing-city-game-leiden.jpg","width":1024,"height":1024,"caption":"A group of friends collaborate while playing an outdoor discovery game on a mobile phone in Leiden."},{"@type":"BreadcrumbList","@id":"https:\/\/testwebsite.citygame.com\/sv\/games\/unknown-location\/produkt-250\/#breadcrumb","itemListElement":[{"@type":"ListItem","position":1,"name":"Home","item":"https:\/\/testwebsite.citygame.com\/sv\/"},{"@type":"ListItem","position":2,"name":"Shop","item":"https:\/\/testwebsite.citygame.com\/shop\/"},{"@type":"ListItem","position":3,"name":"Produkt"}]},{"@type":"WebSite","@id":"https:\/\/testwebsite.upevents.nl\/#website","url":"https:\/\/testwebsite.upevents.nl\/","name":"City Game","description":"","publisher":{"@id":"https:\/\/testwebsite.upevents.nl\/#organization"},"alternateName":"citygame.com","potentialAction":[{"@type":"SearchAction","target":{"@type":"EntryPoint","urlTemplate":"https:\/\/testwebsite.upevents.nl\/?s={search_term_string}"},"query-input":{"@type":"PropertyValueSpecification","valueRequired":true,"valueName":"search_term_string"}}],"inLanguage":"sv-SE"},{"@type":["Organization","Place"],"@id":"https:\/\/testwebsite.upevents.nl\/#organization","name":"City Game","alternateName":"citygame.com","url":"https:\/\/testwebsite.upevents.nl\/","logo":{"@id":"https:\/\/testwebsite.citygame.com\/sv\/games\/unknown-location\/produkt-250\/#local-main-organization-logo"},"image":{"@id":"https:\/\/testwebsite.citygame.com\/sv\/games\/unknown-location\/produkt-250\/#local-main-organization-logo"},"sameAs":["https:\/\/www.facebook.com\/profile.php?id=100086426226253","https:\/\/www.instagram.com\/citygame_com","https:\/\/www.tiktok.com\/@citygamecom\/","https:\/\/www.linkedin.com\/company\/citygame-com"],"description":"Turn any city into a playground with our interactive City Games and self-guided tours. Fun, flexible, and ideal for groups and team building.","telephone":[],"openingHoursSpecification":[{"@type":"OpeningHoursSpecification","dayOfWeek":["Monday","Tuesday","Wednesday","Thursday","Friday","Saturday","Sunday"],"opens":"09:00","closes":"17:00"}]},{"@type":"ImageObject","inLanguage":"sv-SE","@id":"https:\/\/testwebsite.citygame.com\/sv\/games\/unknown-location\/produkt-250\/#local-main-organization-logo","url":"https:\/\/testwebsite.citygame.com\/wp-content\/blogs.dir\/1\/files\/sites\/62\/2025\/10\/CG_LOGO-City-Game.png","contentUrl":"https:\/\/testwebsite.citygame.com\/wp-content\/blogs.dir\/1\/files\/sites\/62\/2025\/10\/CG_LOGO-City-Game.png","width":351,"height":377,"caption":"City Game"}]}},"taxonomy_info":{"game-concept":[{"value":37,"label":"Syndicate"}],"product_cat":[{"value":27,"label":"Geen categorie"}]},"featured_image_src_large":["https:\/\/testwebsite.citygame.com\/wp-content\/blogs.dir\/1\/files\/sites\/62\/2026\/02\/group-playing-city-game-leiden.jpg",1024,1024,false],"author_info":[],"comment_info":"","_links":{"self":[{"href":"https:\/\/testwebsite.citygame.com\/sv\/wp-json\/wp\/v2\/product\/35149","targetHints":{"allow":["GET"]}}],"collection":[{"href":"https:\/\/testwebsite.citygame.com\/sv\/wp-json\/wp\/v2\/product"}],"about":[{"href":"https:\/\/testwebsite.citygame.com\/sv\/wp-json\/wp\/v2\/types\/product"}],"acf:post":[{"embeddable":true,"href":"https:\/\/testwebsite.citygame.com\/sv\/wp-json\/wp\/v2\/pages\/4622"}],"wp:featuredmedia":[{"embeddable":true,"href":"https:\/\/testwebsite.citygame.com\/sv\/wp-json\/wp\/v2\/media\/13634"}],"wp:attachment":[{"href":"https:\/\/testwebsite.citygame.com\/sv\/wp-json\/wp\/v2\/media?parent=35149"}],"wp:term":[{"taxonomy":"game-concept","embeddable":true,"href":"https:\/\/testwebsite.citygame.com\/sv\/wp-json\/wp\/v2\/game-concept?post=35149"},{"taxonomy":"location","embeddable":true,"href":"https:\/\/testwebsite.citygame.com\/sv\/wp-json\/wp\/v2\/location?post=35149"},{"taxonomy":"product_brand","embeddable":true,"href":"https:\/\/testwebsite.citygame.com\/sv\/wp-json\/wp\/v2\/product_brand?post=35149"},{"taxonomy":"product_cat","embeddable":true,"href":"https:\/\/testwebsite.citygame.com\/sv\/wp-json\/wp\/v2\/product_cat?post=35149"},{"taxonomy":"product_tag","embeddable":true,"href":"https:\/\/testwebsite.citygame.com\/sv\/wp-json\/wp\/v2\/product_tag?post=35149"}],"curies":[{"name":"wp","href":"https:\/\/api.w.org\/{rel}","templated":true}]}}