{"id":68067,"date":"2026-02-05T20:22:17","date_gmt":"2026-02-05T20:22:17","guid":{"rendered":"https:\/\/testwebsite.citygame.com\/games\/unknown-location\/sherlock-holmes-reykjavik\/"},"modified":"2026-04-09T10:25:39","modified_gmt":"2026-04-09T10:25:39","slug":"sherlock-holmes-reykjavik","status":"publish","type":"product","link":"https:\/\/testwebsite.citygame.com\/sr\/games\/reykjavik\/sherlock-holmes-reykjavik\/","title":{"rendered":"Sherlock Holmes Reykjavik"},"content":{"rendered":"<p>Zakora\u010dite u svet Sherlocka Holmesa uz ovu samostalnu, pri\u010dom vo\u0111enu misteriju ubistva u obliku Gradske igre, sme\u0161tenu u centru Reykjavika. Mirna festivalska atmosfera biva razbijena kada se tokom Festivala slobode dogodi ubistvo, a na vama je da istra\u017eite zlo\u010din koriste\u0107i svoje detektivske instinkte. Kako se pri\u010da odvija, sakuplja\u0107ete tragove, re\u0161avati zamr\u0161ene zagonetke i ispitivati digitalne osumnji\u010dene, istra\u017euju\u0107i sopstvenim tempom kroz impresivno i napeto iskustvo.<\/p>\n","protected":false},"excerpt":{"rendered":"<p>Zakora\u010dite u zagonetni svet Sherlocka Holmesa u uzbudljivoj, samostalnoj misteriji ubistva sme\u0161tenoj u Reykjaviku. Sa svojim timom, pratite kripti\u010dne tragove, re\u0161avajte zamr\u0161ene zagonetke i otkrijte jezivu istinu \u2013 to je trka sa vremenom da razotkrijete tajne grada!<\/p>\n","protected":false},"featured_media":11059,"template":"","meta":{"_acf_changed":false,"_yoast_wpseo_focuskw":"Sherlock Holmes Reykjavik","_yoast_wpseo_metadesc":"Sherlock Holmes Reykjavik. Igrajte samostalnu misteriju ubistva u obliku Gradske igre, re\u0161avajte zagonetke, pratite tragove i otkrijte ubicu sopstvenim tempom!","_kad_blocks_custom_css":"","_kad_blocks_head_custom_js":"","_kad_blocks_body_custom_js":"","_kad_blocks_footer_custom_js":"","ghostkit_customizer_options":"","ghostkit_custom_css":"","ghostkit_custom_js_head":"","ghostkit_custom_js_foot":"","ghostkit_typography":"","_kad_post_transparent":"","_kad_post_title":"","_kad_post_layout":"","_kad_post_sidebar_id":"","_kad_post_content_style":"","_kad_post_vertical_padding":"","_kad_post_feature":"","_kad_post_feature_position":"","_kad_post_header":false,"_kad_post_footer":false,"_kad_post_classname":"","_links_to":"","_links_to_target":""},"game-concept":[790],"location":[341],"product_brand":[],"product_cat":[27],"product_tag":[],"class_list":{"0":"post-68067","1":"product","2":"type-product","3":"status-publish","4":"has-post-thumbnail","6":"game-concept-sherlock","7":"location-reykjavik","8":"product_cat-geen-categorie","10":"first","11":"instock","12":"shipping-taxable","13":"purchasable","14":"product-type-simple","15":"entry","16":"content-bg","17":"loop-entry"},"acf":{"full_bokun_product_name":"Reykjavik Self-Guided Sherlock Holmes Murder Mystery Game","location_name":"Reykjavik","bokun_calendar_widget_code":"<script type=\"text\/javascript\" src=\"https:\/\/widgets.bokun.io\/assets\/javascripts\/apps\/build\/BokunWidgetsLoader.js?bookingChannelUUID=a1e93e96-5232-4734-a595-28405f4b5a31\" async><\/script>\n     \n    <div class=\"bokunWidget\" data-src=\"https:\/\/widgets.bokun.io\/online-sales\/a1e93e96-5232-4734-a595-28405f4b5a31\/experience-calendar\/734047\"><\/div>\n    <noscript>Please enable javascript in your browser to book<\/noscript>","bokun_button_widget_code":"<script type=\"text\/javascript\" src=\"https:\/\/widgets.bokun.io\/assets\/javascripts\/apps\/build\/BokunWidgetsLoader.js?bookingChannelUUID=a1e93e96-5232-4734-a595-28405f4b5a31\" async><\/script>\n      <style> #bokun_ed001e45_5927_4f62_b470_ca766338d083 { display: inline-block; padding: .4em 1em; background: #47b82e; border-radius: 999999px; box-shadow: none; font-weight: 600; font-size: 24px; text-decoration: none; text-align: center; color: #FFFFFF; border:none; cursor: pointer; transition: background .2s ease; } #bokun_ed001e45_5927_4f62_b470_ca766338d083:hover{ background: #2f7b1f; } #bokun_ed001e45_5927_4f62_b470_ca766338d083:active{ background: #378f24; } <\/style> <button class=\"bokunButton\" disabled id=bokun_ed001e45_5927_4f62_b470_ca766338d083 data-src=\"https:\/\/widgets.bokun.io\/online-sales\/a1e93e96-5232-4734-a595-28405f4b5a31\/experience-calendar\/734047?partialView=1\" data-testid=\"widget-book-button\" > Book now <\/button> ","what_you\u2019ll_experience_during_the_game":"U *The Sherlock Holmes City Game in Reykjavik*, ulazite u uzbudljivu detektivsku pri\u010du sme\u0161tenu u srcu grada. Dok se razvija slu\u010daj ubistva tokom Festivala slobode, kre\u0107ete se od lokacije do lokacije, otkrivaju\u0107i slojeve misterije skrivene u ulicama Reykjavika. Svojim o\u0161trim okom i domi\u0161ljato\u0161\u0107u otkrivate tragove, re\u0161avate \u0161ifrovane zagonetke i nailazite na neo\u010dekivane preokrete koji izazivaju va\u0161e rasu\u0111ivanje na svakom koraku. Svaki korak otkriva vi\u0161e zapleta, uranjaju\u0107i vas dublje u potpuno pri\u010dom vo\u0111enu istragu.\n\nIspitiva\u0107ete digitalne osumnji\u010dene, ispitivati kontradikcije i razotkrivati alibije koji se ne uklapaju. Va\u0161e ve\u0161tine dedukcije, posmatranja i kriti\u010dkog razmi\u0161ljanja bi\u0107e testirane dok radite na otkrivanju istine. Iskustvo je osmi\u0161ljeno tako da mo\u017eete igrati sopstvenim tempom, pauziraju\u0107i i nastavljaju\u0107i kad god po\u017eelite. Ako igrate u timu, mo\u017eete se \u010dak i takmi\u010diti ko \u0107e najefikasnije re\u0161iti slu\u010daj. Svaka odluka vas vodi bli\u017ee razotkrivanju onoga \u0161to se zaista dogodilo tokom tog sudbonosnog festivala.","how_to_play":"Igrajte solo ili sa prijateljima, porodicom ili kolegama u timovima do \u010detiri osobe po ure\u0111aju. Nakon rezervacije, dobi\u0107ete e-mail sa uputstvima i svime \u0161to vam je potrebno.","start_location":"Reykjavik, Hallgrimskirkja","available_languages":["en","es","fr","de","it","nl"],"players_per_group":"1-4","duration":"1.5-2 hours","image_overlay_color_image":"https:\/\/testwebsite.citygame.com\/wp-content\/blogs.dir\/1\/files\/sites\/62\/2026\/01\/SherlockColor.svg","image_overlay_game_logo":"https:\/\/testwebsite.citygame.com\/wp-content\/blogs.dir\/1\/files\/sites\/62\/2026\/01\/SherlockLogo.png","city_page":7670,"woocommerce_general_content":null},"yoast_head":"<!-- This site is optimized with the Yoast SEO Premium plugin v26.2 (Yoast SEO v26.3) - https:\/\/yoast.com\/wordpress\/plugins\/seo\/ -->\n<title>Sherlock Holmes Reykjavik - City Game<\/title>\n<meta name=\"description\" content=\"Sherlock Holmes Reykjavik. Igrajte samostalnu misteriju ubistva u obliku Gradske igre, re\u0161avajte zagonetke, pratite tragove i otkrijte ubicu sopstvenim tempom!\" \/>\n<meta name=\"robots\" content=\"noindex, follow, max-snippet:-1, max-image-preview:large, max-video-preview:-1\" \/>\n<meta property=\"og:locale\" content=\"sr_RS\" \/>\n<meta property=\"og:type\" content=\"article\" \/>\n<meta property=\"og:title\" content=\"Sherlock Holmes Reykjavik\" \/>\n<meta property=\"og:description\" content=\"Sherlock Holmes Reykjavik. Igrajte samostalnu misteriju ubistva u obliku Gradske igre, re\u0161avajte zagonetke, pratite tragove i otkrijte ubicu sopstvenim tempom!\" \/>\n<meta property=\"og:url\" content=\"https:\/\/testwebsite.citygame.com\/sr\/games\/reykjavik\/sherlock-holmes-reykjavik\/\" \/>\n<meta property=\"og:site_name\" content=\"City Game\" \/>\n<meta property=\"article:publisher\" content=\"https:\/\/www.facebook.com\/profile.php?id=100086426226253\" \/>\n<meta property=\"article:modified_time\" content=\"2026-04-09T10:25:39+00:00\" \/>\n<meta property=\"og:image\" content=\"https:\/\/testwebsite.citygame.com\/wp-content\/blogs.dir\/1\/files\/sites\/62\/2026\/02\/woman-playing-sherlock-city-game-reykjavik.jpg\" \/>\n\t<meta property=\"og:image:width\" content=\"1344\" \/>\n\t<meta property=\"og:image:height\" content=\"768\" \/>\n\t<meta property=\"og:image:type\" content=\"image\/jpeg\" \/>\n<meta name=\"twitter:card\" content=\"summary_large_image\" \/>\n<script type=\"application\/ld+json\" class=\"yoast-schema-graph\">{\"@context\":\"https:\/\/schema.org\",\"@graph\":[{\"@type\":\"WebPage\",\"@id\":\"https:\/\/testwebsite.citygame.com\/sr\/games\/reykjavik\/sherlock-holmes-reykjavik\/\",\"url\":\"https:\/\/testwebsite.citygame.com\/sr\/games\/reykjavik\/sherlock-holmes-reykjavik\/\",\"name\":\"Sherlock Holmes Reykjavik - City Game\",\"isPartOf\":{\"@id\":\"https:\/\/testwebsite.upevents.nl\/#website\"},\"primaryImageOfPage\":{\"@id\":\"https:\/\/testwebsite.citygame.com\/sr\/games\/reykjavik\/sherlock-holmes-reykjavik\/#primaryimage\"},\"image\":{\"@id\":\"https:\/\/testwebsite.citygame.com\/sr\/games\/reykjavik\/sherlock-holmes-reykjavik\/#primaryimage\"},\"thumbnailUrl\":\"https:\/\/testwebsite.citygame.com\/wp-content\/blogs.dir\/1\/files\/sites\/62\/2026\/02\/woman-playing-sherlock-city-game-reykjavik.jpg\",\"datePublished\":\"2026-02-05T20:22:17+00:00\",\"dateModified\":\"2026-04-09T10:25:39+00:00\",\"description\":\"Sherlock Holmes Reykjavik. Igrajte samostalnu misteriju ubistva u obliku Gradske igre, re\u0161avajte zagonetke, pratite tragove i otkrijte ubicu sopstvenim tempom!\",\"breadcrumb\":{\"@id\":\"https:\/\/testwebsite.citygame.com\/sr\/games\/reykjavik\/sherlock-holmes-reykjavik\/#breadcrumb\"},\"inLanguage\":\"sr-RS\",\"potentialAction\":[{\"@type\":\"ReadAction\",\"target\":[\"https:\/\/testwebsite.citygame.com\/sr\/games\/reykjavik\/sherlock-holmes-reykjavik\/\"]}]},{\"@type\":\"ImageObject\",\"inLanguage\":\"sr-RS\",\"@id\":\"https:\/\/testwebsite.citygame.com\/sr\/games\/reykjavik\/sherlock-holmes-reykjavik\/#primaryimage\",\"url\":\"https:\/\/testwebsite.citygame.com\/wp-content\/blogs.dir\/1\/files\/sites\/62\/2026\/02\/woman-playing-sherlock-city-game-reykjavik.jpg\",\"contentUrl\":\"https:\/\/testwebsite.citygame.com\/wp-content\/blogs.dir\/1\/files\/sites\/62\/2026\/02\/woman-playing-sherlock-city-game-reykjavik.jpg\",\"width\":1344,\"height\":768,\"caption\":\"A player uses her smartphone to solve a mystery during a city game on a street in Reykjavik.\"},{\"@type\":\"BreadcrumbList\",\"@id\":\"https:\/\/testwebsite.citygame.com\/sr\/games\/reykjavik\/sherlock-holmes-reykjavik\/#breadcrumb\",\"itemListElement\":[{\"@type\":\"ListItem\",\"position\":1,\"name\":\"Home\",\"item\":\"https:\/\/testwebsite.citygame.com\/sr\/\"},{\"@type\":\"ListItem\",\"position\":2,\"name\":\"Shop\",\"item\":\"https:\/\/testwebsite.citygame.com\/shop\/\"},{\"@type\":\"ListItem\",\"position\":3,\"name\":\"Sherlock Holmes Reykjavik\"}]},{\"@type\":\"WebSite\",\"@id\":\"https:\/\/testwebsite.upevents.nl\/#website\",\"url\":\"https:\/\/testwebsite.upevents.nl\/\",\"name\":\"City Game\",\"description\":\"\",\"publisher\":{\"@id\":\"https:\/\/testwebsite.upevents.nl\/#organization\"},\"alternateName\":\"citygame.com\",\"potentialAction\":[{\"@type\":\"SearchAction\",\"target\":{\"@type\":\"EntryPoint\",\"urlTemplate\":\"https:\/\/testwebsite.upevents.nl\/?s={search_term_string}\"},\"query-input\":{\"@type\":\"PropertyValueSpecification\",\"valueRequired\":true,\"valueName\":\"search_term_string\"}}],\"inLanguage\":\"sr-RS\"},{\"@type\":[\"Organization\",\"Place\"],\"@id\":\"https:\/\/testwebsite.upevents.nl\/#organization\",\"name\":\"City Game\",\"alternateName\":\"citygame.com\",\"url\":\"https:\/\/testwebsite.upevents.nl\/\",\"logo\":{\"@id\":\"https:\/\/testwebsite.citygame.com\/sr\/games\/reykjavik\/sherlock-holmes-reykjavik\/#local-main-organization-logo\"},\"image\":{\"@id\":\"https:\/\/testwebsite.citygame.com\/sr\/games\/reykjavik\/sherlock-holmes-reykjavik\/#local-main-organization-logo\"},\"sameAs\":[\"https:\/\/www.facebook.com\/profile.php?id=100086426226253\",\"https:\/\/www.instagram.com\/citygame_com\",\"https:\/\/www.tiktok.com\/@citygamecom\/\",\"https:\/\/www.linkedin.com\/company\/citygame-com\"],\"description\":\"Turn any city into a playground with our interactive City Games and self-guided tours. Fun, flexible, and ideal for groups and team building.\",\"telephone\":[],\"openingHoursSpecification\":[{\"@type\":\"OpeningHoursSpecification\",\"dayOfWeek\":[\"Monday\",\"Tuesday\",\"Wednesday\",\"Thursday\",\"Friday\",\"Saturday\",\"Sunday\"],\"opens\":\"09:00\",\"closes\":\"17:00\"}]},{\"@type\":\"ImageObject\",\"inLanguage\":\"sr-RS\",\"@id\":\"https:\/\/testwebsite.citygame.com\/sr\/games\/reykjavik\/sherlock-holmes-reykjavik\/#local-main-organization-logo\",\"url\":\"https:\/\/testwebsite.citygame.com\/wp-content\/blogs.dir\/1\/files\/sites\/62\/2025\/10\/CG_LOGO-City-Game.png\",\"contentUrl\":\"https:\/\/testwebsite.citygame.com\/wp-content\/blogs.dir\/1\/files\/sites\/62\/2025\/10\/CG_LOGO-City-Game.png\",\"width\":351,\"height\":377,\"caption\":\"City Game\"}]}<\/script>\n<!-- \/ Yoast SEO Premium plugin. -->","yoast_head_json":{"title":"Sherlock Holmes Reykjavik - City Game","description":"Sherlock Holmes Reykjavik. Igrajte samostalnu misteriju ubistva u obliku Gradske igre, re\u0161avajte zagonetke, pratite tragove i otkrijte ubicu sopstvenim tempom!","robots":{"index":"noindex","follow":"follow","max-snippet":"max-snippet:-1","max-image-preview":"max-image-preview:large","max-video-preview":"max-video-preview:-1"},"og_locale":"sr_RS","og_type":"article","og_title":"Sherlock Holmes Reykjavik","og_description":"Sherlock Holmes Reykjavik. Igrajte samostalnu misteriju ubistva u obliku Gradske igre, re\u0161avajte zagonetke, pratite tragove i otkrijte ubicu sopstvenim tempom!","og_url":"https:\/\/testwebsite.citygame.com\/sr\/games\/reykjavik\/sherlock-holmes-reykjavik\/","og_site_name":"City Game","article_publisher":"https:\/\/www.facebook.com\/profile.php?id=100086426226253","article_modified_time":"2026-04-09T10:25:39+00:00","og_image":[{"width":1344,"height":768,"url":"https:\/\/testwebsite.citygame.com\/wp-content\/blogs.dir\/1\/files\/sites\/62\/2026\/02\/woman-playing-sherlock-city-game-reykjavik.jpg","type":"image\/jpeg"}],"twitter_card":"summary_large_image","schema":{"@context":"https:\/\/schema.org","@graph":[{"@type":"WebPage","@id":"https:\/\/testwebsite.citygame.com\/sr\/games\/reykjavik\/sherlock-holmes-reykjavik\/","url":"https:\/\/testwebsite.citygame.com\/sr\/games\/reykjavik\/sherlock-holmes-reykjavik\/","name":"Sherlock Holmes Reykjavik - City Game","isPartOf":{"@id":"https:\/\/testwebsite.upevents.nl\/#website"},"primaryImageOfPage":{"@id":"https:\/\/testwebsite.citygame.com\/sr\/games\/reykjavik\/sherlock-holmes-reykjavik\/#primaryimage"},"image":{"@id":"https:\/\/testwebsite.citygame.com\/sr\/games\/reykjavik\/sherlock-holmes-reykjavik\/#primaryimage"},"thumbnailUrl":"https:\/\/testwebsite.citygame.com\/wp-content\/blogs.dir\/1\/files\/sites\/62\/2026\/02\/woman-playing-sherlock-city-game-reykjavik.jpg","datePublished":"2026-02-05T20:22:17+00:00","dateModified":"2026-04-09T10:25:39+00:00","description":"Sherlock Holmes Reykjavik. Igrajte samostalnu misteriju ubistva u obliku Gradske igre, re\u0161avajte zagonetke, pratite tragove i otkrijte ubicu sopstvenim tempom!","breadcrumb":{"@id":"https:\/\/testwebsite.citygame.com\/sr\/games\/reykjavik\/sherlock-holmes-reykjavik\/#breadcrumb"},"inLanguage":"sr-RS","potentialAction":[{"@type":"ReadAction","target":["https:\/\/testwebsite.citygame.com\/sr\/games\/reykjavik\/sherlock-holmes-reykjavik\/"]}]},{"@type":"ImageObject","inLanguage":"sr-RS","@id":"https:\/\/testwebsite.citygame.com\/sr\/games\/reykjavik\/sherlock-holmes-reykjavik\/#primaryimage","url":"https:\/\/testwebsite.citygame.com\/wp-content\/blogs.dir\/1\/files\/sites\/62\/2026\/02\/woman-playing-sherlock-city-game-reykjavik.jpg","contentUrl":"https:\/\/testwebsite.citygame.com\/wp-content\/blogs.dir\/1\/files\/sites\/62\/2026\/02\/woman-playing-sherlock-city-game-reykjavik.jpg","width":1344,"height":768,"caption":"A player uses her smartphone to solve a mystery during a city game on a street in Reykjavik."},{"@type":"BreadcrumbList","@id":"https:\/\/testwebsite.citygame.com\/sr\/games\/reykjavik\/sherlock-holmes-reykjavik\/#breadcrumb","itemListElement":[{"@type":"ListItem","position":1,"name":"Home","item":"https:\/\/testwebsite.citygame.com\/sr\/"},{"@type":"ListItem","position":2,"name":"Shop","item":"https:\/\/testwebsite.citygame.com\/shop\/"},{"@type":"ListItem","position":3,"name":"Sherlock Holmes Reykjavik"}]},{"@type":"WebSite","@id":"https:\/\/testwebsite.upevents.nl\/#website","url":"https:\/\/testwebsite.upevents.nl\/","name":"City Game","description":"","publisher":{"@id":"https:\/\/testwebsite.upevents.nl\/#organization"},"alternateName":"citygame.com","potentialAction":[{"@type":"SearchAction","target":{"@type":"EntryPoint","urlTemplate":"https:\/\/testwebsite.upevents.nl\/?s={search_term_string}"},"query-input":{"@type":"PropertyValueSpecification","valueRequired":true,"valueName":"search_term_string"}}],"inLanguage":"sr-RS"},{"@type":["Organization","Place"],"@id":"https:\/\/testwebsite.upevents.nl\/#organization","name":"City Game","alternateName":"citygame.com","url":"https:\/\/testwebsite.upevents.nl\/","logo":{"@id":"https:\/\/testwebsite.citygame.com\/sr\/games\/reykjavik\/sherlock-holmes-reykjavik\/#local-main-organization-logo"},"image":{"@id":"https:\/\/testwebsite.citygame.com\/sr\/games\/reykjavik\/sherlock-holmes-reykjavik\/#local-main-organization-logo"},"sameAs":["https:\/\/www.facebook.com\/profile.php?id=100086426226253","https:\/\/www.instagram.com\/citygame_com","https:\/\/www.tiktok.com\/@citygamecom\/","https:\/\/www.linkedin.com\/company\/citygame-com"],"description":"Turn any city into a playground with our interactive City Games and self-guided tours. Fun, flexible, and ideal for groups and team building.","telephone":[],"openingHoursSpecification":[{"@type":"OpeningHoursSpecification","dayOfWeek":["Monday","Tuesday","Wednesday","Thursday","Friday","Saturday","Sunday"],"opens":"09:00","closes":"17:00"}]},{"@type":"ImageObject","inLanguage":"sr-RS","@id":"https:\/\/testwebsite.citygame.com\/sr\/games\/reykjavik\/sherlock-holmes-reykjavik\/#local-main-organization-logo","url":"https:\/\/testwebsite.citygame.com\/wp-content\/blogs.dir\/1\/files\/sites\/62\/2025\/10\/CG_LOGO-City-Game.png","contentUrl":"https:\/\/testwebsite.citygame.com\/wp-content\/blogs.dir\/1\/files\/sites\/62\/2025\/10\/CG_LOGO-City-Game.png","width":351,"height":377,"caption":"City Game"}]}},"taxonomy_info":{"game-concept":[{"value":790,"label":"Sherlock"}],"location":[{"value":341,"label":"Reykjavik"}],"product_cat":[{"value":27,"label":"Geen categorie"}]},"featured_image_src_large":["https:\/\/testwebsite.citygame.com\/wp-content\/blogs.dir\/1\/files\/sites\/62\/2026\/02\/woman-playing-sherlock-city-game-reykjavik-1024x585.jpg",1024,585,true],"author_info":[],"comment_info":"","_links":{"self":[{"href":"https:\/\/testwebsite.citygame.com\/sr\/wp-json\/wp\/v2\/product\/68067","targetHints":{"allow":["GET"]}}],"collection":[{"href":"https:\/\/testwebsite.citygame.com\/sr\/wp-json\/wp\/v2\/product"}],"about":[{"href":"https:\/\/testwebsite.citygame.com\/sr\/wp-json\/wp\/v2\/types\/product"}],"acf:post":[{"embeddable":true,"href":"https:\/\/testwebsite.citygame.com\/sr\/wp-json\/wp\/v2\/pages\/7670"}],"wp:featuredmedia":[{"embeddable":true,"href":"https:\/\/testwebsite.citygame.com\/sr\/wp-json\/wp\/v2\/media\/11059"}],"wp:attachment":[{"href":"https:\/\/testwebsite.citygame.com\/sr\/wp-json\/wp\/v2\/media?parent=68067"}],"wp:term":[{"taxonomy":"game-concept","embeddable":true,"href":"https:\/\/testwebsite.citygame.com\/sr\/wp-json\/wp\/v2\/game-concept?post=68067"},{"taxonomy":"location","embeddable":true,"href":"https:\/\/testwebsite.citygame.com\/sr\/wp-json\/wp\/v2\/location?post=68067"},{"taxonomy":"product_brand","embeddable":true,"href":"https:\/\/testwebsite.citygame.com\/sr\/wp-json\/wp\/v2\/product_brand?post=68067"},{"taxonomy":"product_cat","embeddable":true,"href":"https:\/\/testwebsite.citygame.com\/sr\/wp-json\/wp\/v2\/product_cat?post=68067"},{"taxonomy":"product_tag","embeddable":true,"href":"https:\/\/testwebsite.citygame.com\/sr\/wp-json\/wp\/v2\/product_tag?post=68067"}],"curies":[{"name":"wp","href":"https:\/\/api.w.org\/{rel}","templated":true}]}}