{"id":64230,"date":"2026-02-12T13:52:38","date_gmt":"2026-02-12T13:52:38","guid":{"rendered":"https:\/\/testwebsite.citygame.com\/games\/unknown-location\/sherlock-holmes-los-llanos-de-aridane\/"},"modified":"2026-04-08T13:25:59","modified_gmt":"2026-04-08T13:25:59","slug":"sherlock-holmes-los-llanos-de-aridane","status":"publish","type":"product","link":"https:\/\/testwebsite.citygame.com\/sr\/games\/los-llanos-de-aridane\/sherlock-holmes-los-llanos-de-aridane\/","title":{"rendered":"Sherlock Holmes Los Llanos de Aridane"},"content":{"rendered":"<p>U\u0111ite u svet \u0160erloka Holmsa uz ovu samostalnu, pri\u010dom vo\u0111enu misteriju ubistva \u2013 Gradsku igru sme\u0161tenu u centru grada Los Ljanos de Aridane. Kada se tokom festivala Liberty dogodi misteriozno ubistvo, preuze\u0107ete ulogu detektiva, kre\u0107u\u0107i se kroz rasplamsavaju\u0107u radnju dok se kre\u0107ete kroz mesto zlo\u010dina. Ispitujte digitalne osumnji\u010dene, re\u0161avajte izazovne zagonetke i prikupljajte klju\u010dne tragove svojim tempom dok vas imerzivna istraga uvla\u010di dublje u slu\u010daj.<\/p>\n","protected":false},"excerpt":{"rendered":"<p>U\u0111ite u ikoni\u010dne cipele \u0160erloka Holmsa, upustite se u uzbudljivu, samostalnu misteriju ubistva u gradu Los Ljanos de Aridane. Pretra\u017euju\u0107i tragove, re\u0161avaju\u0107i izazovne zagonetke i sara\u0111uju\u0107i sa svojim timom, otkrijte eksplozivnu istinu pre nego \u0161to bude prekasno!<\/p>\n","protected":false},"featured_media":12993,"template":"","meta":{"_acf_changed":false,"_yoast_wpseo_focuskw":"Sherlock Holmes Los Llanos de Aridane","_yoast_wpseo_metadesc":"Sherlock Holmes Los Llanos de Aridane. Igrajte samostalnu misterioznu Gradsku igru ubistva, re\u0161avajte zagonetke, pratite tragove i otkrijte ubicu svojim tempom!","_kad_blocks_custom_css":"","_kad_blocks_head_custom_js":"","_kad_blocks_body_custom_js":"","_kad_blocks_footer_custom_js":"","ghostkit_customizer_options":"","ghostkit_custom_css":"","ghostkit_custom_js_head":"","ghostkit_custom_js_foot":"","ghostkit_typography":"","_kad_post_transparent":"","_kad_post_title":"","_kad_post_layout":"","_kad_post_sidebar_id":"","_kad_post_content_style":"","_kad_post_vertical_padding":"","_kad_post_feature":"","_kad_post_feature_position":"","_kad_post_header":false,"_kad_post_footer":false,"_kad_post_classname":"","_links_to":"","_links_to_target":""},"game-concept":[790],"location":[251],"product_brand":[],"product_cat":[27],"product_tag":[],"class_list":{"0":"post-64230","1":"product","2":"type-product","3":"status-publish","4":"has-post-thumbnail","6":"game-concept-sherlock","7":"location-los-llanos-de-aridane","8":"product_cat-geen-categorie","10":"first","11":"instock","12":"shipping-taxable","13":"purchasable","14":"product-type-simple","15":"entry","16":"content-bg","17":"loop-entry"},"acf":{"full_bokun_product_name":"Los Llanos de Aridane Self-Guided Sherlock Holmes Murder Mystery Game","location_name":"Los Llanos de Aridane","bokun_calendar_widget_code":"<script type=\"text\/javascript\" src=\"https:\/\/widgets.bokun.io\/assets\/javascripts\/apps\/build\/BokunWidgetsLoader.js?bookingChannelUUID=a1e93e96-5232-4734-a595-28405f4b5a31\" async><\/script>\n     \n    <div class=\"bokunWidget\" data-src=\"https:\/\/widgets.bokun.io\/online-sales\/a1e93e96-5232-4734-a595-28405f4b5a31\/experience-calendar\/792958\"><\/div>\n    <noscript>Please enable javascript in your browser to book<\/noscript>","bokun_button_widget_code":"<script type=\"text\/javascript\" src=\"https:\/\/widgets.bokun.io\/assets\/javascripts\/apps\/build\/BokunWidgetsLoader.js?bookingChannelUUID=a1e93e96-5232-4734-a595-28405f4b5a31\" async><\/script>\n      <style> #bokun_ed001e45_5927_4f62_b470_ca766338d083 { display: inline-block; padding: .4em 1em; background: #47b82e; border-radius: 999999px; box-shadow: none; font-weight: 600; font-size: 24px; text-decoration: none; text-align: center; color: #FFFFFF; border:none; cursor: pointer; transition: background .2s ease; } #bokun_ed001e45_5927_4f62_b470_ca766338d083:hover{ background: #2f7b1f; } #bokun_ed001e45_5927_4f62_b470_ca766338d083:active{ background: #378f24; } <\/style> <button class=\"bokunButton\" disabled id=bokun_ed001e45_5927_4f62_b470_ca766338d083 data-src=\"https:\/\/widgets.bokun.io\/online-sales\/a1e93e96-5232-4734-a595-28405f4b5a31\/experience-calendar\/792958?partialView=1\" data-testid=\"widget-book-button\" > Book now <\/button> ","what_you\u2019ll_experience_during_the_game":"Uronite u uzbudljivu detektivsku pri\u010du sme\u0161tenu u Los Ljanos de Aridane, gde ulice kriju vi\u0161e nego \u0161to se na prvi pogled \u010dini. Kako se misterija odvija oko vas, svaka nova lokacija donosi sve\u017e dokaz, skriveni trag ili zbunjuju\u0107u kontradikciju. Pratite trag ubistva koje je potreslo festival Liberty, prikupljaju\u0107i informacije i suo\u010davaju\u0107i se sa digitalnim osumnji\u010denima dok se istraga produbljuje.\n\nKoriste\u0107i svoje ve\u0161tine posmatranja, kriti\u010dkog razmi\u0161ljanja i dedukcije, sklapa\u0107ete delove onoga \u0161to se zaista dogodilo, analiziraju\u0107i alibije i otkrivaju\u0107i tajne koje bi drugi radije zadr\u017eali zakopane. Obrti u pri\u010di dr\u017ee vas na oprezu, jer ni\u0161ta nije ba\u0161 onako kako se u po\u010detku \u010dini. Svaka akcija koju preduzmete pokre\u0107e pri\u010du napred, a po\u0161to je iskustvo potpuno vo\u0111eno pri\u010dom, sami birate svoj tempo \u2014 pauzirajte bilo kada i nastavite kada ste spremni. Ako ste u timu, mo\u017eda \u0107ete \u010dak dodati takmi\u010darsku notu svom putovanju u potrazi za istinom.","how_to_play":"Radite sami ili sa prijateljima, porodicom ili kolegama u timovima do \u010detiri osobe po ure\u0111aju. Nakon rezervacije, dobi\u0107ete e-poruku sa uputstvima i svime \u0161to vam je potrebno.","start_location":"Los Llanos de Aridane, Ayuntamiento de los Llanos de Aridane","available_languages":["en","es","fr","de","it","nl"],"players_per_group":"1-4","duration":"1.5-2 hours","image_overlay_color_image":"https:\/\/testwebsite.citygame.com\/wp-content\/blogs.dir\/1\/files\/sites\/62\/2026\/01\/SherlockColor.svg","image_overlay_game_logo":"https:\/\/testwebsite.citygame.com\/wp-content\/blogs.dir\/1\/files\/sites\/62\/2026\/01\/SherlockLogo.png","city_page":12991,"woocommerce_general_content":null},"yoast_head":"<!-- This site is optimized with the Yoast SEO Premium plugin v26.2 (Yoast SEO v26.3) - https:\/\/yoast.com\/wordpress\/plugins\/seo\/ -->\n<title>Sherlock Holmes Los Llanos de Aridane - City Game<\/title>\n<meta name=\"description\" content=\"Sherlock Holmes Los Llanos de Aridane. Igrajte samostalnu misterioznu Gradsku igru ubistva, re\u0161avajte zagonetke, pratite tragove i otkrijte ubicu svojim tempom!\" \/>\n<meta name=\"robots\" content=\"noindex, follow, max-snippet:-1, max-image-preview:large, max-video-preview:-1\" \/>\n<meta property=\"og:locale\" content=\"sr_RS\" \/>\n<meta property=\"og:type\" content=\"article\" \/>\n<meta property=\"og:title\" content=\"Sherlock Holmes Los Llanos de Aridane\" \/>\n<meta property=\"og:description\" content=\"Sherlock Holmes Los Llanos de Aridane. Igrajte samostalnu misterioznu Gradsku igru ubistva, re\u0161avajte zagonetke, pratite tragove i otkrijte ubicu svojim tempom!\" \/>\n<meta property=\"og:url\" content=\"https:\/\/testwebsite.citygame.com\/sr\/games\/los-llanos-de-aridane\/sherlock-holmes-los-llanos-de-aridane\/\" \/>\n<meta property=\"og:site_name\" content=\"City Game\" \/>\n<meta property=\"article:publisher\" content=\"https:\/\/www.facebook.com\/profile.php?id=100086426226253\" \/>\n<meta property=\"article:modified_time\" content=\"2026-04-08T13:25:59+00:00\" \/>\n<meta property=\"og:image\" content=\"https:\/\/testwebsite.citygame.com\/wp-content\/blogs.dir\/1\/files\/sites\/62\/2026\/02\/los-llanos-de-aridane-sherlock-game-player-cobblestone-street.jpg\" \/>\n\t<meta property=\"og:image:width\" content=\"1024\" \/>\n\t<meta property=\"og:image:height\" content=\"1024\" \/>\n\t<meta property=\"og:image:type\" content=\"image\/jpeg\" \/>\n<meta name=\"twitter:card\" content=\"summary_large_image\" \/>\n<script type=\"application\/ld+json\" class=\"yoast-schema-graph\">{\"@context\":\"https:\/\/schema.org\",\"@graph\":[{\"@type\":\"WebPage\",\"@id\":\"https:\/\/testwebsite.citygame.com\/sr\/games\/los-llanos-de-aridane\/sherlock-holmes-los-llanos-de-aridane\/\",\"url\":\"https:\/\/testwebsite.citygame.com\/sr\/games\/los-llanos-de-aridane\/sherlock-holmes-los-llanos-de-aridane\/\",\"name\":\"Sherlock Holmes Los Llanos de Aridane - City Game\",\"isPartOf\":{\"@id\":\"https:\/\/testwebsite.upevents.nl\/#website\"},\"primaryImageOfPage\":{\"@id\":\"https:\/\/testwebsite.citygame.com\/sr\/games\/los-llanos-de-aridane\/sherlock-holmes-los-llanos-de-aridane\/#primaryimage\"},\"image\":{\"@id\":\"https:\/\/testwebsite.citygame.com\/sr\/games\/los-llanos-de-aridane\/sherlock-holmes-los-llanos-de-aridane\/#primaryimage\"},\"thumbnailUrl\":\"https:\/\/testwebsite.citygame.com\/wp-content\/blogs.dir\/1\/files\/sites\/62\/2026\/02\/los-llanos-de-aridane-sherlock-game-player-cobblestone-street.jpg\",\"datePublished\":\"2026-02-12T13:52:38+00:00\",\"dateModified\":\"2026-04-08T13:25:59+00:00\",\"description\":\"Sherlock Holmes Los Llanos de Aridane. Igrajte samostalnu misterioznu Gradsku igru ubistva, re\u0161avajte zagonetke, pratite tragove i otkrijte ubicu svojim tempom!\",\"breadcrumb\":{\"@id\":\"https:\/\/testwebsite.citygame.com\/sr\/games\/los-llanos-de-aridane\/sherlock-holmes-los-llanos-de-aridane\/#breadcrumb\"},\"inLanguage\":\"sr-RS\",\"potentialAction\":[{\"@type\":\"ReadAction\",\"target\":[\"https:\/\/testwebsite.citygame.com\/sr\/games\/los-llanos-de-aridane\/sherlock-holmes-los-llanos-de-aridane\/\"]}]},{\"@type\":\"ImageObject\",\"inLanguage\":\"sr-RS\",\"@id\":\"https:\/\/testwebsite.citygame.com\/sr\/games\/los-llanos-de-aridane\/sherlock-holmes-los-llanos-de-aridane\/#primaryimage\",\"url\":\"https:\/\/testwebsite.citygame.com\/wp-content\/blogs.dir\/1\/files\/sites\/62\/2026\/02\/los-llanos-de-aridane-sherlock-game-player-cobblestone-street.jpg\",\"contentUrl\":\"https:\/\/testwebsite.citygame.com\/wp-content\/blogs.dir\/1\/files\/sites\/62\/2026\/02\/los-llanos-de-aridane-sherlock-game-player-cobblestone-street.jpg\",\"width\":1024,\"height\":1024,\"caption\":\"A young man explores the historic streets of Los Llanos de Aridane with a city game.\"},{\"@type\":\"BreadcrumbList\",\"@id\":\"https:\/\/testwebsite.citygame.com\/sr\/games\/los-llanos-de-aridane\/sherlock-holmes-los-llanos-de-aridane\/#breadcrumb\",\"itemListElement\":[{\"@type\":\"ListItem\",\"position\":1,\"name\":\"Home\",\"item\":\"https:\/\/testwebsite.citygame.com\/sr\/\"},{\"@type\":\"ListItem\",\"position\":2,\"name\":\"Shop\",\"item\":\"https:\/\/testwebsite.citygame.com\/shop\/\"},{\"@type\":\"ListItem\",\"position\":3,\"name\":\"Sherlock Holmes Los Llanos de Aridane\"}]},{\"@type\":\"WebSite\",\"@id\":\"https:\/\/testwebsite.upevents.nl\/#website\",\"url\":\"https:\/\/testwebsite.upevents.nl\/\",\"name\":\"City Game\",\"description\":\"\",\"publisher\":{\"@id\":\"https:\/\/testwebsite.upevents.nl\/#organization\"},\"alternateName\":\"citygame.com\",\"potentialAction\":[{\"@type\":\"SearchAction\",\"target\":{\"@type\":\"EntryPoint\",\"urlTemplate\":\"https:\/\/testwebsite.upevents.nl\/?s={search_term_string}\"},\"query-input\":{\"@type\":\"PropertyValueSpecification\",\"valueRequired\":true,\"valueName\":\"search_term_string\"}}],\"inLanguage\":\"sr-RS\"},{\"@type\":[\"Organization\",\"Place\"],\"@id\":\"https:\/\/testwebsite.upevents.nl\/#organization\",\"name\":\"City Game\",\"alternateName\":\"citygame.com\",\"url\":\"https:\/\/testwebsite.upevents.nl\/\",\"logo\":{\"@id\":\"https:\/\/testwebsite.citygame.com\/sr\/games\/los-llanos-de-aridane\/sherlock-holmes-los-llanos-de-aridane\/#local-main-organization-logo\"},\"image\":{\"@id\":\"https:\/\/testwebsite.citygame.com\/sr\/games\/los-llanos-de-aridane\/sherlock-holmes-los-llanos-de-aridane\/#local-main-organization-logo\"},\"sameAs\":[\"https:\/\/www.facebook.com\/profile.php?id=100086426226253\",\"https:\/\/www.instagram.com\/citygame_com\",\"https:\/\/www.tiktok.com\/@citygamecom\/\",\"https:\/\/www.linkedin.com\/company\/citygame-com\"],\"description\":\"Turn any city into a playground with our interactive City Games and self-guided tours. Fun, flexible, and ideal for groups and team building.\",\"telephone\":[],\"openingHoursSpecification\":[{\"@type\":\"OpeningHoursSpecification\",\"dayOfWeek\":[\"Monday\",\"Tuesday\",\"Wednesday\",\"Thursday\",\"Friday\",\"Saturday\",\"Sunday\"],\"opens\":\"09:00\",\"closes\":\"17:00\"}]},{\"@type\":\"ImageObject\",\"inLanguage\":\"sr-RS\",\"@id\":\"https:\/\/testwebsite.citygame.com\/sr\/games\/los-llanos-de-aridane\/sherlock-holmes-los-llanos-de-aridane\/#local-main-organization-logo\",\"url\":\"https:\/\/testwebsite.citygame.com\/wp-content\/blogs.dir\/1\/files\/sites\/62\/2025\/10\/CG_LOGO-City-Game.png\",\"contentUrl\":\"https:\/\/testwebsite.citygame.com\/wp-content\/blogs.dir\/1\/files\/sites\/62\/2025\/10\/CG_LOGO-City-Game.png\",\"width\":351,\"height\":377,\"caption\":\"City Game\"}]}<\/script>\n<!-- \/ Yoast SEO Premium plugin. -->","yoast_head_json":{"title":"Sherlock Holmes Los Llanos de Aridane - City Game","description":"Sherlock Holmes Los Llanos de Aridane. Igrajte samostalnu misterioznu Gradsku igru ubistva, re\u0161avajte zagonetke, pratite tragove i otkrijte ubicu svojim tempom!","robots":{"index":"noindex","follow":"follow","max-snippet":"max-snippet:-1","max-image-preview":"max-image-preview:large","max-video-preview":"max-video-preview:-1"},"og_locale":"sr_RS","og_type":"article","og_title":"Sherlock Holmes Los Llanos de Aridane","og_description":"Sherlock Holmes Los Llanos de Aridane. Igrajte samostalnu misterioznu Gradsku igru ubistva, re\u0161avajte zagonetke, pratite tragove i otkrijte ubicu svojim tempom!","og_url":"https:\/\/testwebsite.citygame.com\/sr\/games\/los-llanos-de-aridane\/sherlock-holmes-los-llanos-de-aridane\/","og_site_name":"City Game","article_publisher":"https:\/\/www.facebook.com\/profile.php?id=100086426226253","article_modified_time":"2026-04-08T13:25:59+00:00","og_image":[{"width":1024,"height":1024,"url":"https:\/\/testwebsite.citygame.com\/wp-content\/blogs.dir\/1\/files\/sites\/62\/2026\/02\/los-llanos-de-aridane-sherlock-game-player-cobblestone-street.jpg","type":"image\/jpeg"}],"twitter_card":"summary_large_image","schema":{"@context":"https:\/\/schema.org","@graph":[{"@type":"WebPage","@id":"https:\/\/testwebsite.citygame.com\/sr\/games\/los-llanos-de-aridane\/sherlock-holmes-los-llanos-de-aridane\/","url":"https:\/\/testwebsite.citygame.com\/sr\/games\/los-llanos-de-aridane\/sherlock-holmes-los-llanos-de-aridane\/","name":"Sherlock Holmes Los Llanos de Aridane - City Game","isPartOf":{"@id":"https:\/\/testwebsite.upevents.nl\/#website"},"primaryImageOfPage":{"@id":"https:\/\/testwebsite.citygame.com\/sr\/games\/los-llanos-de-aridane\/sherlock-holmes-los-llanos-de-aridane\/#primaryimage"},"image":{"@id":"https:\/\/testwebsite.citygame.com\/sr\/games\/los-llanos-de-aridane\/sherlock-holmes-los-llanos-de-aridane\/#primaryimage"},"thumbnailUrl":"https:\/\/testwebsite.citygame.com\/wp-content\/blogs.dir\/1\/files\/sites\/62\/2026\/02\/los-llanos-de-aridane-sherlock-game-player-cobblestone-street.jpg","datePublished":"2026-02-12T13:52:38+00:00","dateModified":"2026-04-08T13:25:59+00:00","description":"Sherlock Holmes Los Llanos de Aridane. Igrajte samostalnu misterioznu Gradsku igru ubistva, re\u0161avajte zagonetke, pratite tragove i otkrijte ubicu svojim tempom!","breadcrumb":{"@id":"https:\/\/testwebsite.citygame.com\/sr\/games\/los-llanos-de-aridane\/sherlock-holmes-los-llanos-de-aridane\/#breadcrumb"},"inLanguage":"sr-RS","potentialAction":[{"@type":"ReadAction","target":["https:\/\/testwebsite.citygame.com\/sr\/games\/los-llanos-de-aridane\/sherlock-holmes-los-llanos-de-aridane\/"]}]},{"@type":"ImageObject","inLanguage":"sr-RS","@id":"https:\/\/testwebsite.citygame.com\/sr\/games\/los-llanos-de-aridane\/sherlock-holmes-los-llanos-de-aridane\/#primaryimage","url":"https:\/\/testwebsite.citygame.com\/wp-content\/blogs.dir\/1\/files\/sites\/62\/2026\/02\/los-llanos-de-aridane-sherlock-game-player-cobblestone-street.jpg","contentUrl":"https:\/\/testwebsite.citygame.com\/wp-content\/blogs.dir\/1\/files\/sites\/62\/2026\/02\/los-llanos-de-aridane-sherlock-game-player-cobblestone-street.jpg","width":1024,"height":1024,"caption":"A young man explores the historic streets of Los Llanos de Aridane with a city game."},{"@type":"BreadcrumbList","@id":"https:\/\/testwebsite.citygame.com\/sr\/games\/los-llanos-de-aridane\/sherlock-holmes-los-llanos-de-aridane\/#breadcrumb","itemListElement":[{"@type":"ListItem","position":1,"name":"Home","item":"https:\/\/testwebsite.citygame.com\/sr\/"},{"@type":"ListItem","position":2,"name":"Shop","item":"https:\/\/testwebsite.citygame.com\/shop\/"},{"@type":"ListItem","position":3,"name":"Sherlock Holmes Los Llanos de Aridane"}]},{"@type":"WebSite","@id":"https:\/\/testwebsite.upevents.nl\/#website","url":"https:\/\/testwebsite.upevents.nl\/","name":"City Game","description":"","publisher":{"@id":"https:\/\/testwebsite.upevents.nl\/#organization"},"alternateName":"citygame.com","potentialAction":[{"@type":"SearchAction","target":{"@type":"EntryPoint","urlTemplate":"https:\/\/testwebsite.upevents.nl\/?s={search_term_string}"},"query-input":{"@type":"PropertyValueSpecification","valueRequired":true,"valueName":"search_term_string"}}],"inLanguage":"sr-RS"},{"@type":["Organization","Place"],"@id":"https:\/\/testwebsite.upevents.nl\/#organization","name":"City Game","alternateName":"citygame.com","url":"https:\/\/testwebsite.upevents.nl\/","logo":{"@id":"https:\/\/testwebsite.citygame.com\/sr\/games\/los-llanos-de-aridane\/sherlock-holmes-los-llanos-de-aridane\/#local-main-organization-logo"},"image":{"@id":"https:\/\/testwebsite.citygame.com\/sr\/games\/los-llanos-de-aridane\/sherlock-holmes-los-llanos-de-aridane\/#local-main-organization-logo"},"sameAs":["https:\/\/www.facebook.com\/profile.php?id=100086426226253","https:\/\/www.instagram.com\/citygame_com","https:\/\/www.tiktok.com\/@citygamecom\/","https:\/\/www.linkedin.com\/company\/citygame-com"],"description":"Turn any city into a playground with our interactive City Games and self-guided tours. Fun, flexible, and ideal for groups and team building.","telephone":[],"openingHoursSpecification":[{"@type":"OpeningHoursSpecification","dayOfWeek":["Monday","Tuesday","Wednesday","Thursday","Friday","Saturday","Sunday"],"opens":"09:00","closes":"17:00"}]},{"@type":"ImageObject","inLanguage":"sr-RS","@id":"https:\/\/testwebsite.citygame.com\/sr\/games\/los-llanos-de-aridane\/sherlock-holmes-los-llanos-de-aridane\/#local-main-organization-logo","url":"https:\/\/testwebsite.citygame.com\/wp-content\/blogs.dir\/1\/files\/sites\/62\/2025\/10\/CG_LOGO-City-Game.png","contentUrl":"https:\/\/testwebsite.citygame.com\/wp-content\/blogs.dir\/1\/files\/sites\/62\/2025\/10\/CG_LOGO-City-Game.png","width":351,"height":377,"caption":"City Game"}]}},"taxonomy_info":{"game-concept":[{"value":790,"label":"Sherlock"}],"location":[{"value":251,"label":"Los Llanos de Aridane"}],"product_cat":[{"value":27,"label":"Geen categorie"}]},"featured_image_src_large":["https:\/\/testwebsite.citygame.com\/wp-content\/blogs.dir\/1\/files\/sites\/62\/2026\/02\/los-llanos-de-aridane-sherlock-game-player-cobblestone-street.jpg",1024,1024,false],"author_info":[],"comment_info":"","_links":{"self":[{"href":"https:\/\/testwebsite.citygame.com\/sr\/wp-json\/wp\/v2\/product\/64230","targetHints":{"allow":["GET"]}}],"collection":[{"href":"https:\/\/testwebsite.citygame.com\/sr\/wp-json\/wp\/v2\/product"}],"about":[{"href":"https:\/\/testwebsite.citygame.com\/sr\/wp-json\/wp\/v2\/types\/product"}],"acf:post":[{"embeddable":true,"href":"https:\/\/testwebsite.citygame.com\/sr\/wp-json\/wp\/v2\/pages\/12991"}],"wp:featuredmedia":[{"embeddable":true,"href":"https:\/\/testwebsite.citygame.com\/sr\/wp-json\/wp\/v2\/media\/12993"}],"wp:attachment":[{"href":"https:\/\/testwebsite.citygame.com\/sr\/wp-json\/wp\/v2\/media?parent=64230"}],"wp:term":[{"taxonomy":"game-concept","embeddable":true,"href":"https:\/\/testwebsite.citygame.com\/sr\/wp-json\/wp\/v2\/game-concept?post=64230"},{"taxonomy":"location","embeddable":true,"href":"https:\/\/testwebsite.citygame.com\/sr\/wp-json\/wp\/v2\/location?post=64230"},{"taxonomy":"product_brand","embeddable":true,"href":"https:\/\/testwebsite.citygame.com\/sr\/wp-json\/wp\/v2\/product_brand?post=64230"},{"taxonomy":"product_cat","embeddable":true,"href":"https:\/\/testwebsite.citygame.com\/sr\/wp-json\/wp\/v2\/product_cat?post=64230"},{"taxonomy":"product_tag","embeddable":true,"href":"https:\/\/testwebsite.citygame.com\/sr\/wp-json\/wp\/v2\/product_tag?post=64230"}],"curies":[{"name":"wp","href":"https:\/\/api.w.org\/{rel}","templated":true}]}}