{"id":64139,"date":"2026-01-28T13:53:16","date_gmt":"2026-01-28T13:53:16","guid":{"rendered":"https:\/\/testwebsite.citygame.com\/games\/unknown-location\/secrets-of-gelsenkirchen\/"},"modified":"2026-04-08T13:13:11","modified_gmt":"2026-04-08T13:13:11","slug":"secrets-of-gelsenkirchen","status":"publish","type":"product","link":"https:\/\/testwebsite.citygame.com\/sr\/games\/gelsenkirchen\/secrets-of-gelsenkirchen\/","title":{"rendered":"Secrets of Gelsenkirchen"},"content":{"rendered":"<p>Gradska igra Gelsenkirchen je samostalna igra bazirana na GPS-u koja se odvija u centru Gelsenkirchena. Koriste\u0107i svoj pametni telefon, istra\u017eiva\u0107ete podru\u010dje dok re\u0161avate puzle, zagonetke i foto izazove koji otkrivaju zanimljive \u010dinjenice o istoriji, kulturi i skrivenim detaljima grada. Ova istra\u017eiva\u010dka igra kombinuje interaktivne elemente sa lokalnim uvidima, \u010dine\u0107i je odli\u010dnim na\u010dinom da do\u017eivite Gelsenkirchen iz nove perspektive. Bilo da ste posetilac ili lokalac, samostalna gradska igra nudi fleksibilan i privla\u010dan na\u010din da otkrijete grad. Idealna je za solo igra\u010de, parove, porodice i grupe prijatelja.<\/p>\n","protected":false},"excerpt":{"rendered":"<p>Otkrijte industrijski \u0161arm Gelsenkirchena! Zaronite u grad gde se industrijsko nasle\u0111e me\u0161a sa \u017eivahnom, modernom kulturom i gde odjeci istorije rudarstva uglja pro\u017eimaju \u017eivopisne \u010detvrti. Re\u0161avajte zagonetne puzle na svom putovanju kroz pulsiraju\u0107e srce Gelsenkirchena, grada prepunog neo\u010dekivanih blaga iza svakog ugla!<\/p>\n","protected":false},"featured_media":5696,"template":"","meta":{"_acf_changed":false,"_yoast_wpseo_focuskw":"Secrets of Gelsenkirchen","_yoast_wpseo_metadesc":"Secrets of Gelsenkirchen. Igrajte samostalnu Gradsku igru i istra\u017eite grad kroz puzle, zagonetke i izazove. Igrajte sopstvenim tempom i otkrijte kao lokalac!","_kad_blocks_custom_css":"","_kad_blocks_head_custom_js":"","_kad_blocks_body_custom_js":"","_kad_blocks_footer_custom_js":"","ghostkit_customizer_options":"","ghostkit_custom_css":"","ghostkit_custom_js_head":"","ghostkit_custom_js_foot":"","ghostkit_typography":"","_kad_post_transparent":"","_kad_post_title":"","_kad_post_layout":"","_kad_post_sidebar_id":"","_kad_post_content_style":"","_kad_post_vertical_padding":"","_kad_post_feature":"","_kad_post_feature_position":"","_kad_post_header":false,"_kad_post_footer":false,"_kad_post_classname":"","_links_to":"","_links_to_target":""},"game-concept":[729],"location":[171],"product_brand":[],"product_cat":[27],"product_tag":[],"class_list":{"0":"post-64139","1":"product","2":"type-product","3":"status-publish","4":"has-post-thumbnail","6":"game-concept-secrets","7":"location-gelsenkirchen","8":"product_cat-geen-categorie","10":"first","11":"instock","12":"shipping-taxable","13":"purchasable","14":"product-type-simple","15":"entry","16":"content-bg","17":"loop-entry"},"acf":{"full_bokun_product_name":"Self-Guided Secrets of Gelsenkirchen Exploration Game","location_name":"Gelsenkirchen","bokun_calendar_widget_code":"<script type=\"text\/javascript\" src=\"https:\/\/widgets.bokun.io\/assets\/javascripts\/apps\/build\/BokunWidgetsLoader.js?bookingChannelUUID=a1e93e96-5232-4734-a595-28405f4b5a31\" async><\/script>\n     \n    <div class=\"bokunWidget\" data-src=\"https:\/\/widgets.bokun.io\/online-sales\/a1e93e96-5232-4734-a595-28405f4b5a31\/experience-calendar\/948592\"><\/div>\n    <noscript>Please enable javascript in your browser to book<\/noscript>","bokun_button_widget_code":"<script type=\"text\/javascript\" src=\"https:\/\/widgets.bokun.io\/assets\/javascripts\/apps\/build\/BokunWidgetsLoader.js?bookingChannelUUID=a1e93e96-5232-4734-a595-28405f4b5a31\" async><\/script>\n      <style> #bokun_ed001e45_5927_4f62_b470_ca766338d083 { display: inline-block; padding: .4em 1em; background: #47b82e; border-radius: 999999px; box-shadow: none; font-weight: 600; font-size: 24px; text-decoration: none; text-align: center; color: #FFFFFF; border:none; cursor: pointer; transition: background .2s ease; } #bokun_ed001e45_5927_4f62_b470_ca766338d083:hover{ background: #2f7b1f; } #bokun_ed001e45_5927_4f62_b470_ca766338d083:active{ background: #378f24; } <\/style> <button class=\"bokunButton\" disabled id=bokun_ed001e45_5927_4f62_b470_ca766338d083 data-src=\"https:\/\/widgets.bokun.io\/online-sales\/a1e93e96-5232-4734-a595-28405f4b5a31\/experience-calendar\/948592?partialView=1\" data-testid=\"widget-book-button\" > Book now <\/button> ","what_you\u2019ll_experience_during_the_game":"Otkrijte Gelsenkirchen kroz interaktivnu Gradsku igru koja spaja urbano istra\u017eivanje sa izmi\u0161ljenom misterijom utkanom u gradske ulice. Tokom igre, poseti\u0107ete poznate znamenitosti i mesta skrivena na o\u010diglednom mestu, sve dok otkrivate slojeve lokalne istorije i urbanog karaktera. Iskustvo vas vodi pored upe\u010datljivih lokacija kao \u0161to su Musiktheater im Revier i umetni\u010dka kolonija Halfmannshof, kao i impresivni Nordsternpark i industrijska arhitektura stare Zeche Consolidation. Ove stanice stvaraju dinami\u010dno putovanje koje otkriva i \u017eivahnu kulturu grada i njegove mirnije kutke.\n\nTokom igre, vi i va\u0161 tim \u0107ete re\u0161avati me\u0161avinu kreativnih zadataka, uklju\u010duju\u0107i zagonetke, logi\u010dke puzle i zabavne foto izazove. Svaki uspeh vas pribli\u017eava re\u0161avanju misterije, donose\u0107i vam poene i otklju\u010davaju\u0107i korisne savete usput. Igra se mo\u017ee pauzirati kad god vam je potrebna pauza, omogu\u0107avaju\u0107i vam da istra\u017eujete Gelsenkirchen sopstvenim tempom. Oni koji tra\u017ee dodatni izazov mogu da se bore za vrh tabele tako \u0161to \u0107e efikasno re\u0161iti sve tragove.","how_to_play":"Rezervi\u0161ite Igru istra\u017eivanja, proverite mejl koji vam \u0161aljemo sa jednostavnim uputstvima, preuzmite Loquiz App, pristupite Igri istra\u017eivanja i spremni ste da zapo\u010dnete svoje gejming iskustvo!","start_location":"Gelsenkirchen. Ahstrabe","available_languages":["en"],"players_per_group":"1-4","duration":"1.5-2 hours","image_overlay_color_image":"https:\/\/testwebsite.citygame.com\/wp-content\/blogs.dir\/1\/files\/sites\/62\/2026\/01\/SecretsColor.svg","image_overlay_game_logo":"https:\/\/testwebsite.citygame.com\/wp-content\/blogs.dir\/1\/files\/sites\/62\/2026\/01\/SecretsLogo.png","city_page":5482,"woocommerce_general_content":null},"yoast_head":"<!-- This site is optimized with the Yoast SEO Premium plugin v26.2 (Yoast SEO v26.3) - https:\/\/yoast.com\/wordpress\/plugins\/seo\/ -->\n<title>Secrets of Gelsenkirchen - City Game<\/title>\n<meta name=\"description\" content=\"Secrets of Gelsenkirchen. Igrajte samostalnu Gradsku igru i istra\u017eite grad kroz puzle, zagonetke i izazove. Igrajte sopstvenim tempom i otkrijte kao lokalac!\" \/>\n<meta name=\"robots\" content=\"noindex, follow, max-snippet:-1, max-image-preview:large, max-video-preview:-1\" \/>\n<meta property=\"og:locale\" content=\"sr_RS\" \/>\n<meta property=\"og:type\" content=\"article\" \/>\n<meta property=\"og:title\" content=\"Secrets of Gelsenkirchen\" \/>\n<meta property=\"og:description\" content=\"Secrets of Gelsenkirchen. Igrajte samostalnu Gradsku igru i istra\u017eite grad kroz puzle, zagonetke i izazove. Igrajte sopstvenim tempom i otkrijte kao lokalac!\" \/>\n<meta property=\"og:url\" content=\"https:\/\/testwebsite.citygame.com\/sr\/games\/gelsenkirchen\/secrets-of-gelsenkirchen\/\" \/>\n<meta property=\"og:site_name\" content=\"City Game\" \/>\n<meta property=\"article:publisher\" content=\"https:\/\/www.facebook.com\/profile.php?id=100086426226253\" \/>\n<meta property=\"article:modified_time\" content=\"2026-04-08T13:13:11+00:00\" \/>\n<meta property=\"og:image\" content=\"https:\/\/testwebsite.citygame.com\/wp-content\/blogs.dir\/1\/files\/sites\/62\/2026\/01\/gelsenkirchen-city-game-player-phone-nutstop.jpg\" \/>\n\t<meta property=\"og:image:width\" content=\"1024\" \/>\n\t<meta property=\"og:image:height\" content=\"1024\" \/>\n\t<meta property=\"og:image:type\" content=\"image\/jpeg\" \/>\n<meta name=\"twitter:card\" content=\"summary_large_image\" \/>\n<script type=\"application\/ld+json\" class=\"yoast-schema-graph\">{\"@context\":\"https:\/\/schema.org\",\"@graph\":[{\"@type\":\"WebPage\",\"@id\":\"https:\/\/testwebsite.citygame.com\/sr\/games\/gelsenkirchen\/secrets-of-gelsenkirchen\/\",\"url\":\"https:\/\/testwebsite.citygame.com\/sr\/games\/gelsenkirchen\/secrets-of-gelsenkirchen\/\",\"name\":\"Secrets of Gelsenkirchen - City Game\",\"isPartOf\":{\"@id\":\"https:\/\/testwebsite.upevents.nl\/#website\"},\"primaryImageOfPage\":{\"@id\":\"https:\/\/testwebsite.citygame.com\/sr\/games\/gelsenkirchen\/secrets-of-gelsenkirchen\/#primaryimage\"},\"image\":{\"@id\":\"https:\/\/testwebsite.citygame.com\/sr\/games\/gelsenkirchen\/secrets-of-gelsenkirchen\/#primaryimage\"},\"thumbnailUrl\":\"https:\/\/testwebsite.citygame.com\/wp-content\/blogs.dir\/1\/files\/sites\/62\/2026\/01\/gelsenkirchen-city-game-player-phone-nutstop.jpg\",\"datePublished\":\"2026-01-28T13:53:16+00:00\",\"dateModified\":\"2026-04-08T13:13:11+00:00\",\"description\":\"Secrets of Gelsenkirchen. Igrajte samostalnu Gradsku igru i istra\u017eite grad kroz puzle, zagonetke i izazove. Igrajte sopstvenim tempom i otkrijte kao lokalac!\",\"breadcrumb\":{\"@id\":\"https:\/\/testwebsite.citygame.com\/sr\/games\/gelsenkirchen\/secrets-of-gelsenkirchen\/#breadcrumb\"},\"inLanguage\":\"sr-RS\",\"potentialAction\":[{\"@type\":\"ReadAction\",\"target\":[\"https:\/\/testwebsite.citygame.com\/sr\/games\/gelsenkirchen\/secrets-of-gelsenkirchen\/\"]}]},{\"@type\":\"ImageObject\",\"inLanguage\":\"sr-RS\",\"@id\":\"https:\/\/testwebsite.citygame.com\/sr\/games\/gelsenkirchen\/secrets-of-gelsenkirchen\/#primaryimage\",\"url\":\"https:\/\/testwebsite.citygame.com\/wp-content\/blogs.dir\/1\/files\/sites\/62\/2026\/01\/gelsenkirchen-city-game-player-phone-nutstop.jpg\",\"contentUrl\":\"https:\/\/testwebsite.citygame.com\/wp-content\/blogs.dir\/1\/files\/sites\/62\/2026\/01\/gelsenkirchen-city-game-player-phone-nutstop.jpg\",\"width\":1024,\"height\":1024,\"caption\":\"A player navigates through the streets of Gelsenkirchen using a smartphone for a discovery game.\"},{\"@type\":\"BreadcrumbList\",\"@id\":\"https:\/\/testwebsite.citygame.com\/sr\/games\/gelsenkirchen\/secrets-of-gelsenkirchen\/#breadcrumb\",\"itemListElement\":[{\"@type\":\"ListItem\",\"position\":1,\"name\":\"Home\",\"item\":\"https:\/\/testwebsite.citygame.com\/sr\/\"},{\"@type\":\"ListItem\",\"position\":2,\"name\":\"Shop\",\"item\":\"https:\/\/testwebsite.citygame.com\/shop\/\"},{\"@type\":\"ListItem\",\"position\":3,\"name\":\"Secrets of Gelsenkirchen\"}]},{\"@type\":\"WebSite\",\"@id\":\"https:\/\/testwebsite.upevents.nl\/#website\",\"url\":\"https:\/\/testwebsite.upevents.nl\/\",\"name\":\"City Game\",\"description\":\"\",\"publisher\":{\"@id\":\"https:\/\/testwebsite.upevents.nl\/#organization\"},\"alternateName\":\"citygame.com\",\"potentialAction\":[{\"@type\":\"SearchAction\",\"target\":{\"@type\":\"EntryPoint\",\"urlTemplate\":\"https:\/\/testwebsite.upevents.nl\/?s={search_term_string}\"},\"query-input\":{\"@type\":\"PropertyValueSpecification\",\"valueRequired\":true,\"valueName\":\"search_term_string\"}}],\"inLanguage\":\"sr-RS\"},{\"@type\":[\"Organization\",\"Place\"],\"@id\":\"https:\/\/testwebsite.upevents.nl\/#organization\",\"name\":\"City Game\",\"alternateName\":\"citygame.com\",\"url\":\"https:\/\/testwebsite.upevents.nl\/\",\"logo\":{\"@id\":\"https:\/\/testwebsite.citygame.com\/sr\/games\/gelsenkirchen\/secrets-of-gelsenkirchen\/#local-main-organization-logo\"},\"image\":{\"@id\":\"https:\/\/testwebsite.citygame.com\/sr\/games\/gelsenkirchen\/secrets-of-gelsenkirchen\/#local-main-organization-logo\"},\"sameAs\":[\"https:\/\/www.facebook.com\/profile.php?id=100086426226253\",\"https:\/\/www.instagram.com\/citygame_com\",\"https:\/\/www.tiktok.com\/@citygamecom\/\",\"https:\/\/www.linkedin.com\/company\/citygame-com\"],\"description\":\"Turn any city into a playground with our interactive City Games and self-guided tours. Fun, flexible, and ideal for groups and team building.\",\"telephone\":[],\"openingHoursSpecification\":[{\"@type\":\"OpeningHoursSpecification\",\"dayOfWeek\":[\"Monday\",\"Tuesday\",\"Wednesday\",\"Thursday\",\"Friday\",\"Saturday\",\"Sunday\"],\"opens\":\"09:00\",\"closes\":\"17:00\"}]},{\"@type\":\"ImageObject\",\"inLanguage\":\"sr-RS\",\"@id\":\"https:\/\/testwebsite.citygame.com\/sr\/games\/gelsenkirchen\/secrets-of-gelsenkirchen\/#local-main-organization-logo\",\"url\":\"https:\/\/testwebsite.citygame.com\/wp-content\/blogs.dir\/1\/files\/sites\/62\/2025\/10\/CG_LOGO-City-Game.png\",\"contentUrl\":\"https:\/\/testwebsite.citygame.com\/wp-content\/blogs.dir\/1\/files\/sites\/62\/2025\/10\/CG_LOGO-City-Game.png\",\"width\":351,\"height\":377,\"caption\":\"City Game\"}]}<\/script>\n<!-- \/ Yoast SEO Premium plugin. -->","yoast_head_json":{"title":"Secrets of Gelsenkirchen - City Game","description":"Secrets of Gelsenkirchen. Igrajte samostalnu Gradsku igru i istra\u017eite grad kroz puzle, zagonetke i izazove. Igrajte sopstvenim tempom i otkrijte kao lokalac!","robots":{"index":"noindex","follow":"follow","max-snippet":"max-snippet:-1","max-image-preview":"max-image-preview:large","max-video-preview":"max-video-preview:-1"},"og_locale":"sr_RS","og_type":"article","og_title":"Secrets of Gelsenkirchen","og_description":"Secrets of Gelsenkirchen. Igrajte samostalnu Gradsku igru i istra\u017eite grad kroz puzle, zagonetke i izazove. Igrajte sopstvenim tempom i otkrijte kao lokalac!","og_url":"https:\/\/testwebsite.citygame.com\/sr\/games\/gelsenkirchen\/secrets-of-gelsenkirchen\/","og_site_name":"City Game","article_publisher":"https:\/\/www.facebook.com\/profile.php?id=100086426226253","article_modified_time":"2026-04-08T13:13:11+00:00","og_image":[{"width":1024,"height":1024,"url":"https:\/\/testwebsite.citygame.com\/wp-content\/blogs.dir\/1\/files\/sites\/62\/2026\/01\/gelsenkirchen-city-game-player-phone-nutstop.jpg","type":"image\/jpeg"}],"twitter_card":"summary_large_image","schema":{"@context":"https:\/\/schema.org","@graph":[{"@type":"WebPage","@id":"https:\/\/testwebsite.citygame.com\/sr\/games\/gelsenkirchen\/secrets-of-gelsenkirchen\/","url":"https:\/\/testwebsite.citygame.com\/sr\/games\/gelsenkirchen\/secrets-of-gelsenkirchen\/","name":"Secrets of Gelsenkirchen - City Game","isPartOf":{"@id":"https:\/\/testwebsite.upevents.nl\/#website"},"primaryImageOfPage":{"@id":"https:\/\/testwebsite.citygame.com\/sr\/games\/gelsenkirchen\/secrets-of-gelsenkirchen\/#primaryimage"},"image":{"@id":"https:\/\/testwebsite.citygame.com\/sr\/games\/gelsenkirchen\/secrets-of-gelsenkirchen\/#primaryimage"},"thumbnailUrl":"https:\/\/testwebsite.citygame.com\/wp-content\/blogs.dir\/1\/files\/sites\/62\/2026\/01\/gelsenkirchen-city-game-player-phone-nutstop.jpg","datePublished":"2026-01-28T13:53:16+00:00","dateModified":"2026-04-08T13:13:11+00:00","description":"Secrets of Gelsenkirchen. Igrajte samostalnu Gradsku igru i istra\u017eite grad kroz puzle, zagonetke i izazove. Igrajte sopstvenim tempom i otkrijte kao lokalac!","breadcrumb":{"@id":"https:\/\/testwebsite.citygame.com\/sr\/games\/gelsenkirchen\/secrets-of-gelsenkirchen\/#breadcrumb"},"inLanguage":"sr-RS","potentialAction":[{"@type":"ReadAction","target":["https:\/\/testwebsite.citygame.com\/sr\/games\/gelsenkirchen\/secrets-of-gelsenkirchen\/"]}]},{"@type":"ImageObject","inLanguage":"sr-RS","@id":"https:\/\/testwebsite.citygame.com\/sr\/games\/gelsenkirchen\/secrets-of-gelsenkirchen\/#primaryimage","url":"https:\/\/testwebsite.citygame.com\/wp-content\/blogs.dir\/1\/files\/sites\/62\/2026\/01\/gelsenkirchen-city-game-player-phone-nutstop.jpg","contentUrl":"https:\/\/testwebsite.citygame.com\/wp-content\/blogs.dir\/1\/files\/sites\/62\/2026\/01\/gelsenkirchen-city-game-player-phone-nutstop.jpg","width":1024,"height":1024,"caption":"A player navigates through the streets of Gelsenkirchen using a smartphone for a discovery game."},{"@type":"BreadcrumbList","@id":"https:\/\/testwebsite.citygame.com\/sr\/games\/gelsenkirchen\/secrets-of-gelsenkirchen\/#breadcrumb","itemListElement":[{"@type":"ListItem","position":1,"name":"Home","item":"https:\/\/testwebsite.citygame.com\/sr\/"},{"@type":"ListItem","position":2,"name":"Shop","item":"https:\/\/testwebsite.citygame.com\/shop\/"},{"@type":"ListItem","position":3,"name":"Secrets of Gelsenkirchen"}]},{"@type":"WebSite","@id":"https:\/\/testwebsite.upevents.nl\/#website","url":"https:\/\/testwebsite.upevents.nl\/","name":"City Game","description":"","publisher":{"@id":"https:\/\/testwebsite.upevents.nl\/#organization"},"alternateName":"citygame.com","potentialAction":[{"@type":"SearchAction","target":{"@type":"EntryPoint","urlTemplate":"https:\/\/testwebsite.upevents.nl\/?s={search_term_string}"},"query-input":{"@type":"PropertyValueSpecification","valueRequired":true,"valueName":"search_term_string"}}],"inLanguage":"sr-RS"},{"@type":["Organization","Place"],"@id":"https:\/\/testwebsite.upevents.nl\/#organization","name":"City Game","alternateName":"citygame.com","url":"https:\/\/testwebsite.upevents.nl\/","logo":{"@id":"https:\/\/testwebsite.citygame.com\/sr\/games\/gelsenkirchen\/secrets-of-gelsenkirchen\/#local-main-organization-logo"},"image":{"@id":"https:\/\/testwebsite.citygame.com\/sr\/games\/gelsenkirchen\/secrets-of-gelsenkirchen\/#local-main-organization-logo"},"sameAs":["https:\/\/www.facebook.com\/profile.php?id=100086426226253","https:\/\/www.instagram.com\/citygame_com","https:\/\/www.tiktok.com\/@citygamecom\/","https:\/\/www.linkedin.com\/company\/citygame-com"],"description":"Turn any city into a playground with our interactive City Games and self-guided tours. Fun, flexible, and ideal for groups and team building.","telephone":[],"openingHoursSpecification":[{"@type":"OpeningHoursSpecification","dayOfWeek":["Monday","Tuesday","Wednesday","Thursday","Friday","Saturday","Sunday"],"opens":"09:00","closes":"17:00"}]},{"@type":"ImageObject","inLanguage":"sr-RS","@id":"https:\/\/testwebsite.citygame.com\/sr\/games\/gelsenkirchen\/secrets-of-gelsenkirchen\/#local-main-organization-logo","url":"https:\/\/testwebsite.citygame.com\/wp-content\/blogs.dir\/1\/files\/sites\/62\/2025\/10\/CG_LOGO-City-Game.png","contentUrl":"https:\/\/testwebsite.citygame.com\/wp-content\/blogs.dir\/1\/files\/sites\/62\/2025\/10\/CG_LOGO-City-Game.png","width":351,"height":377,"caption":"City Game"}]}},"taxonomy_info":{"game-concept":[{"value":729,"label":"Secrets"}],"location":[{"value":171,"label":"Gelsenkirchen"}],"product_cat":[{"value":27,"label":"Geen categorie"}]},"featured_image_src_large":["https:\/\/testwebsite.citygame.com\/wp-content\/blogs.dir\/1\/files\/sites\/62\/2026\/01\/gelsenkirchen-city-game-player-phone-nutstop.jpg",1024,1024,false],"author_info":[],"comment_info":"","_links":{"self":[{"href":"https:\/\/testwebsite.citygame.com\/sr\/wp-json\/wp\/v2\/product\/64139","targetHints":{"allow":["GET"]}}],"collection":[{"href":"https:\/\/testwebsite.citygame.com\/sr\/wp-json\/wp\/v2\/product"}],"about":[{"href":"https:\/\/testwebsite.citygame.com\/sr\/wp-json\/wp\/v2\/types\/product"}],"acf:post":[{"embeddable":true,"href":"https:\/\/testwebsite.citygame.com\/sr\/wp-json\/wp\/v2\/pages\/5482"}],"wp:featuredmedia":[{"embeddable":true,"href":"https:\/\/testwebsite.citygame.com\/sr\/wp-json\/wp\/v2\/media\/5696"}],"wp:attachment":[{"href":"https:\/\/testwebsite.citygame.com\/sr\/wp-json\/wp\/v2\/media?parent=64139"}],"wp:term":[{"taxonomy":"game-concept","embeddable":true,"href":"https:\/\/testwebsite.citygame.com\/sr\/wp-json\/wp\/v2\/game-concept?post=64139"},{"taxonomy":"location","embeddable":true,"href":"https:\/\/testwebsite.citygame.com\/sr\/wp-json\/wp\/v2\/location?post=64139"},{"taxonomy":"product_brand","embeddable":true,"href":"https:\/\/testwebsite.citygame.com\/sr\/wp-json\/wp\/v2\/product_brand?post=64139"},{"taxonomy":"product_cat","embeddable":true,"href":"https:\/\/testwebsite.citygame.com\/sr\/wp-json\/wp\/v2\/product_cat?post=64139"},{"taxonomy":"product_tag","embeddable":true,"href":"https:\/\/testwebsite.citygame.com\/sr\/wp-json\/wp\/v2\/product_tag?post=64139"}],"curies":[{"name":"wp","href":"https:\/\/api.w.org\/{rel}","templated":true}]}}