{"id":62841,"date":"2026-02-12T08:07:46","date_gmt":"2026-02-12T08:07:46","guid":{"rendered":"https:\/\/testwebsite.citygame.com\/games\/unknown-location\/sherlock-holmes-nuuk\/"},"modified":"2026-04-08T10:27:52","modified_gmt":"2026-04-08T10:27:52","slug":"sherlock-holmes-nuuk","status":"publish","type":"product","link":"https:\/\/testwebsite.citygame.com\/sr\/games\/nuuk\/sherlock-holmes-nuuk\/","title":{"rendered":"Sherlock Holmes Nuuk"},"content":{"rendered":"<p>U\u0111ite u svet Sherlocka Holmesa sa ovom samostalnom, pripovednom City Game misterijom ubistva sme\u0161tenom u centru Nuuka. Dok tiha prestonica postaje pozadina jezive istrage, razre\u0161i\u0107ete slu\u010daj ubistva po\u010dinjenog tokom Liberty Festivala. Kre\u0107ite se kroz grad sopstvenim tempom, prikupljaju\u0107i tragove, re\u0161avaju\u0107i zagonetke i ispituju\u0107i digitalne osumnji\u010dene, prate\u0107i preokrete narativa koji se odvija i koji vas stavlja u srce detektivskog iskustva.<\/p>\n","protected":false},"excerpt":{"rendered":"<p>U\u0111ite u svetski poznate cipele Sherlocka Holmesa u uzbudljivoj, samostalnoj misteriji ubistva sme\u0161tenoj u zadivljuju\u0107im gradskim pejza\u017eima Nuuka. U\u017eivajte u izazovu re\u0161avanja zagonetki, pra\u0107enja slo\u017eenih tragova i razotkrivanja slojeva intrige sa svojim timom kako biste otkrili zapanjuju\u0107u istinu \u2013 vreme je klju\u010dno!<\/p>\n","protected":false},"featured_media":12737,"template":"","meta":{"_acf_changed":false,"_yoast_wpseo_focuskw":"Sherlock Holmes Nuuk","_yoast_wpseo_metadesc":"Sherlock Holmes Nuuk. Igrajte samostalnu City Game misteriju ubistva, re\u0161avajte zagonetke, pratite tragove i otkrijte ubicu sopstvenim tempom!","_kad_blocks_custom_css":"","_kad_blocks_head_custom_js":"","_kad_blocks_body_custom_js":"","_kad_blocks_footer_custom_js":"","ghostkit_customizer_options":"","ghostkit_custom_css":"","ghostkit_custom_js_head":"","ghostkit_custom_js_foot":"","ghostkit_typography":"","_kad_post_transparent":"","_kad_post_title":"","_kad_post_layout":"","_kad_post_sidebar_id":"","_kad_post_content_style":"","_kad_post_vertical_padding":"","_kad_post_feature":"","_kad_post_feature_position":"","_kad_post_header":false,"_kad_post_footer":false,"_kad_post_classname":"","_links_to":"","_links_to_target":""},"game-concept":[790],"location":[305],"product_brand":[],"product_cat":[27],"product_tag":[],"class_list":{"0":"post-62841","1":"product","2":"type-product","3":"status-publish","4":"has-post-thumbnail","6":"game-concept-sherlock","7":"location-nuuk","8":"product_cat-geen-categorie","10":"first","11":"instock","12":"shipping-taxable","13":"purchasable","14":"product-type-simple","15":"entry","16":"content-bg","17":"loop-entry"},"acf":{"full_bokun_product_name":"Nuuk Self-Guided Sherlock Holmes Murder Mystery Game","location_name":"Nuuk","bokun_calendar_widget_code":"<script type=\"text\/javascript\" src=\"https:\/\/widgets.bokun.io\/assets\/javascripts\/apps\/build\/BokunWidgetsLoader.js?bookingChannelUUID=a1e93e96-5232-4734-a595-28405f4b5a31\" async><\/script>\n     \n    <div class=\"bokunWidget\" data-src=\"https:\/\/widgets.bokun.io\/online-sales\/a1e93e96-5232-4734-a595-28405f4b5a31\/experience-calendar\/772351\"><\/div>\n    <noscript>Please enable javascript in your browser to book<\/noscript>","bokun_button_widget_code":"<script type=\"text\/javascript\" src=\"https:\/\/widgets.bokun.io\/assets\/javascripts\/apps\/build\/BokunWidgetsLoader.js?bookingChannelUUID=a1e93e96-5232-4734-a595-28405f4b5a31\" async><\/script>\n      <style> #bokun_ed001e45_5927_4f62_b470_ca766338d083 { display: inline-block; padding: .4em 1em; background: #47b82e; border-radius: 999999px; box-shadow: none; font-weight: 600; font-size: 24px; text-decoration: none; text-align: center; color: #FFFFFF; border:none; cursor: pointer; transition: background .2s ease; } #bokun_ed001e45_5927_4f62_b470_ca766338d083:hover{ background: #2f7b1f; } #bokun_ed001e45_5927_4f62_b470_ca766338d083:active{ background: #378f24; } <\/style> <button class=\"bokunButton\" disabled id=bokun_ed001e45_5927_4f62_b470_ca766338d083 data-src=\"https:\/\/widgets.bokun.io\/online-sales\/a1e93e96-5232-4734-a595-28405f4b5a31\/experience-calendar\/772351?partialView=1\" data-testid=\"widget-book-button\" > Book now <\/button> ","what_you\u2019ll_experience_during_the_game":"U\u0111ite u uzbudljivu detektivsku pri\u010du sme\u0161tenu u Nuuku, gde su va\u0161e ve\u0161tine dedukcije i zapa\u017eanja stavljene na test. Dok \u0161etate gradskim ulicama, misterija se otkriva deo po deo. Tragovi su skriveni na vidnom mestu, zagonetke izazivaju va\u0161e rasu\u0111ivanje, a svaki korak donosi novi preokret u istrazi. Ispitujete digitalne osumnji\u010dene, otkrivate kontradikcije u njihovim izjavama i preispitujete alibije u potrazi za nedoslednostima. Kriti\u010dko razmi\u0161ljanje vodi svaki va\u0161 potez dok se pribli\u017eavate istini iza jezivog ubistva koje se dogodilo tokom Liberty Festivala.\n\nIskustvo je u potpunosti vo\u0111eno pri\u010dom, uranjaju\u0107i vas u ulogu detektiva od prvog traga do kona\u010dnog otkri\u0107a. Mo\u017eete istra\u017eivati sopstvenim tempom, pauziraju\u0107i i nastavljaju\u0107i slu\u010daj kad god po\u017eelite. Svaka odluka oblikuje na\u010din na koji se misterija odvija, bez obzira da li radite sami ili se udru\u017eujete da vidite ko mo\u017ee prvi da re\u0161i slu\u010daj. Svako otkri\u0107e produbljuje intrigu, uvla\u010de\u0107i vas dublje u tajne koje se kriju ispod mirne povr\u0161ine Nuuka.","how_to_play":"Radite sami ili sa prijateljima, porodicom ili kolegama u timovima do \u010detiri osobe po ure\u0111aju. Nakon rezervacije, dobi\u0107ete e-mail sa uputstvima i svim \u0161to vam je potrebno.","start_location":"Nuuk, Kunstmuseum","available_languages":["en","es","fr","de","it","nl"],"players_per_group":"1-4","duration":"1.5-2 hours","image_overlay_color_image":"https:\/\/testwebsite.citygame.com\/wp-content\/blogs.dir\/1\/files\/sites\/62\/2026\/01\/SherlockColor.svg","image_overlay_game_logo":"https:\/\/testwebsite.citygame.com\/wp-content\/blogs.dir\/1\/files\/sites\/62\/2026\/01\/SherlockLogo.png","city_page":12735,"woocommerce_general_content":null},"yoast_head":"<!-- This site is optimized with the Yoast SEO Premium plugin v26.2 (Yoast SEO v26.3) - https:\/\/yoast.com\/wordpress\/plugins\/seo\/ -->\n<title>Sherlock Holmes Nuuk - City Game<\/title>\n<meta name=\"description\" content=\"Sherlock Holmes Nuuk. Igrajte samostalnu City Game misteriju ubistva, re\u0161avajte zagonetke, pratite tragove i otkrijte ubicu sopstvenim tempom!\" \/>\n<meta name=\"robots\" content=\"noindex, follow, max-snippet:-1, max-image-preview:large, max-video-preview:-1\" \/>\n<meta property=\"og:locale\" content=\"sr_RS\" \/>\n<meta property=\"og:type\" content=\"article\" \/>\n<meta property=\"og:title\" content=\"Sherlock Holmes Nuuk\" \/>\n<meta property=\"og:description\" content=\"Sherlock Holmes Nuuk. Igrajte samostalnu City Game misteriju ubistva, re\u0161avajte zagonetke, pratite tragove i otkrijte ubicu sopstvenim tempom!\" \/>\n<meta property=\"og:url\" content=\"https:\/\/testwebsite.citygame.com\/sr\/games\/nuuk\/sherlock-holmes-nuuk\/\" \/>\n<meta property=\"og:site_name\" content=\"City Game\" \/>\n<meta property=\"article:publisher\" content=\"https:\/\/www.facebook.com\/profile.php?id=100086426226253\" \/>\n<meta property=\"article:modified_time\" content=\"2026-04-08T10:27:52+00:00\" \/>\n<meta property=\"og:image\" content=\"https:\/\/testwebsite.citygame.com\/wp-content\/blogs.dir\/1\/files\/sites\/62\/2026\/02\/nuuk-greenland-politigarden-sherlock-game.jpg\" \/>\n\t<meta property=\"og:image:width\" content=\"1024\" \/>\n\t<meta property=\"og:image:height\" content=\"1024\" \/>\n\t<meta property=\"og:image:type\" content=\"image\/jpeg\" \/>\n<meta name=\"twitter:card\" content=\"summary_large_image\" \/>\n<script type=\"application\/ld+json\" class=\"yoast-schema-graph\">{\"@context\":\"https:\/\/schema.org\",\"@graph\":[{\"@type\":\"WebPage\",\"@id\":\"https:\/\/testwebsite.citygame.com\/sr\/games\/nuuk\/sherlock-holmes-nuuk\/\",\"url\":\"https:\/\/testwebsite.citygame.com\/sr\/games\/nuuk\/sherlock-holmes-nuuk\/\",\"name\":\"Sherlock Holmes Nuuk - City Game\",\"isPartOf\":{\"@id\":\"https:\/\/testwebsite.upevents.nl\/#website\"},\"primaryImageOfPage\":{\"@id\":\"https:\/\/testwebsite.citygame.com\/sr\/games\/nuuk\/sherlock-holmes-nuuk\/#primaryimage\"},\"image\":{\"@id\":\"https:\/\/testwebsite.citygame.com\/sr\/games\/nuuk\/sherlock-holmes-nuuk\/#primaryimage\"},\"thumbnailUrl\":\"https:\/\/testwebsite.citygame.com\/wp-content\/blogs.dir\/1\/files\/sites\/62\/2026\/02\/nuuk-greenland-politigarden-sherlock-game.jpg\",\"datePublished\":\"2026-02-12T08:07:46+00:00\",\"dateModified\":\"2026-04-08T10:27:52+00:00\",\"description\":\"Sherlock Holmes Nuuk. Igrajte samostalnu City Game misteriju ubistva, re\u0161avajte zagonetke, pratite tragove i otkrijte ubicu sopstvenim tempom!\",\"breadcrumb\":{\"@id\":\"https:\/\/testwebsite.citygame.com\/sr\/games\/nuuk\/sherlock-holmes-nuuk\/#breadcrumb\"},\"inLanguage\":\"sr-RS\",\"potentialAction\":[{\"@type\":\"ReadAction\",\"target\":[\"https:\/\/testwebsite.citygame.com\/sr\/games\/nuuk\/sherlock-holmes-nuuk\/\"]}]},{\"@type\":\"ImageObject\",\"inLanguage\":\"sr-RS\",\"@id\":\"https:\/\/testwebsite.citygame.com\/sr\/games\/nuuk\/sherlock-holmes-nuuk\/#primaryimage\",\"url\":\"https:\/\/testwebsite.citygame.com\/wp-content\/blogs.dir\/1\/files\/sites\/62\/2026\/02\/nuuk-greenland-politigarden-sherlock-game.jpg\",\"contentUrl\":\"https:\/\/testwebsite.citygame.com\/wp-content\/blogs.dir\/1\/files\/sites\/62\/2026\/02\/nuuk-greenland-politigarden-sherlock-game.jpg\",\"width\":1024,\"height\":1024,\"caption\":\"A player uses his smartphone to solve a mystery in front of the Politigarden building in Nuuk.\"},{\"@type\":\"BreadcrumbList\",\"@id\":\"https:\/\/testwebsite.citygame.com\/sr\/games\/nuuk\/sherlock-holmes-nuuk\/#breadcrumb\",\"itemListElement\":[{\"@type\":\"ListItem\",\"position\":1,\"name\":\"Home\",\"item\":\"https:\/\/testwebsite.citygame.com\/sr\/\"},{\"@type\":\"ListItem\",\"position\":2,\"name\":\"Shop\",\"item\":\"https:\/\/testwebsite.citygame.com\/shop\/\"},{\"@type\":\"ListItem\",\"position\":3,\"name\":\"Sherlock Holmes Nuuk\"}]},{\"@type\":\"WebSite\",\"@id\":\"https:\/\/testwebsite.upevents.nl\/#website\",\"url\":\"https:\/\/testwebsite.upevents.nl\/\",\"name\":\"City Game\",\"description\":\"\",\"publisher\":{\"@id\":\"https:\/\/testwebsite.upevents.nl\/#organization\"},\"alternateName\":\"citygame.com\",\"potentialAction\":[{\"@type\":\"SearchAction\",\"target\":{\"@type\":\"EntryPoint\",\"urlTemplate\":\"https:\/\/testwebsite.upevents.nl\/?s={search_term_string}\"},\"query-input\":{\"@type\":\"PropertyValueSpecification\",\"valueRequired\":true,\"valueName\":\"search_term_string\"}}],\"inLanguage\":\"sr-RS\"},{\"@type\":[\"Organization\",\"Place\"],\"@id\":\"https:\/\/testwebsite.upevents.nl\/#organization\",\"name\":\"City Game\",\"alternateName\":\"citygame.com\",\"url\":\"https:\/\/testwebsite.upevents.nl\/\",\"logo\":{\"@id\":\"https:\/\/testwebsite.citygame.com\/sr\/games\/nuuk\/sherlock-holmes-nuuk\/#local-main-organization-logo\"},\"image\":{\"@id\":\"https:\/\/testwebsite.citygame.com\/sr\/games\/nuuk\/sherlock-holmes-nuuk\/#local-main-organization-logo\"},\"sameAs\":[\"https:\/\/www.facebook.com\/profile.php?id=100086426226253\",\"https:\/\/www.instagram.com\/citygame_com\",\"https:\/\/www.tiktok.com\/@citygamecom\/\",\"https:\/\/www.linkedin.com\/company\/citygame-com\"],\"description\":\"Turn any city into a playground with our interactive City Games and self-guided tours. Fun, flexible, and ideal for groups and team building.\",\"telephone\":[],\"openingHoursSpecification\":[{\"@type\":\"OpeningHoursSpecification\",\"dayOfWeek\":[\"Monday\",\"Tuesday\",\"Wednesday\",\"Thursday\",\"Friday\",\"Saturday\",\"Sunday\"],\"opens\":\"09:00\",\"closes\":\"17:00\"}]},{\"@type\":\"ImageObject\",\"inLanguage\":\"sr-RS\",\"@id\":\"https:\/\/testwebsite.citygame.com\/sr\/games\/nuuk\/sherlock-holmes-nuuk\/#local-main-organization-logo\",\"url\":\"https:\/\/testwebsite.citygame.com\/wp-content\/blogs.dir\/1\/files\/sites\/62\/2025\/10\/CG_LOGO-City-Game.png\",\"contentUrl\":\"https:\/\/testwebsite.citygame.com\/wp-content\/blogs.dir\/1\/files\/sites\/62\/2025\/10\/CG_LOGO-City-Game.png\",\"width\":351,\"height\":377,\"caption\":\"City Game\"}]}<\/script>\n<!-- \/ Yoast SEO Premium plugin. -->","yoast_head_json":{"title":"Sherlock Holmes Nuuk - City Game","description":"Sherlock Holmes Nuuk. Igrajte samostalnu City Game misteriju ubistva, re\u0161avajte zagonetke, pratite tragove i otkrijte ubicu sopstvenim tempom!","robots":{"index":"noindex","follow":"follow","max-snippet":"max-snippet:-1","max-image-preview":"max-image-preview:large","max-video-preview":"max-video-preview:-1"},"og_locale":"sr_RS","og_type":"article","og_title":"Sherlock Holmes Nuuk","og_description":"Sherlock Holmes Nuuk. Igrajte samostalnu City Game misteriju ubistva, re\u0161avajte zagonetke, pratite tragove i otkrijte ubicu sopstvenim tempom!","og_url":"https:\/\/testwebsite.citygame.com\/sr\/games\/nuuk\/sherlock-holmes-nuuk\/","og_site_name":"City Game","article_publisher":"https:\/\/www.facebook.com\/profile.php?id=100086426226253","article_modified_time":"2026-04-08T10:27:52+00:00","og_image":[{"width":1024,"height":1024,"url":"https:\/\/testwebsite.citygame.com\/wp-content\/blogs.dir\/1\/files\/sites\/62\/2026\/02\/nuuk-greenland-politigarden-sherlock-game.jpg","type":"image\/jpeg"}],"twitter_card":"summary_large_image","schema":{"@context":"https:\/\/schema.org","@graph":[{"@type":"WebPage","@id":"https:\/\/testwebsite.citygame.com\/sr\/games\/nuuk\/sherlock-holmes-nuuk\/","url":"https:\/\/testwebsite.citygame.com\/sr\/games\/nuuk\/sherlock-holmes-nuuk\/","name":"Sherlock Holmes Nuuk - City Game","isPartOf":{"@id":"https:\/\/testwebsite.upevents.nl\/#website"},"primaryImageOfPage":{"@id":"https:\/\/testwebsite.citygame.com\/sr\/games\/nuuk\/sherlock-holmes-nuuk\/#primaryimage"},"image":{"@id":"https:\/\/testwebsite.citygame.com\/sr\/games\/nuuk\/sherlock-holmes-nuuk\/#primaryimage"},"thumbnailUrl":"https:\/\/testwebsite.citygame.com\/wp-content\/blogs.dir\/1\/files\/sites\/62\/2026\/02\/nuuk-greenland-politigarden-sherlock-game.jpg","datePublished":"2026-02-12T08:07:46+00:00","dateModified":"2026-04-08T10:27:52+00:00","description":"Sherlock Holmes Nuuk. Igrajte samostalnu City Game misteriju ubistva, re\u0161avajte zagonetke, pratite tragove i otkrijte ubicu sopstvenim tempom!","breadcrumb":{"@id":"https:\/\/testwebsite.citygame.com\/sr\/games\/nuuk\/sherlock-holmes-nuuk\/#breadcrumb"},"inLanguage":"sr-RS","potentialAction":[{"@type":"ReadAction","target":["https:\/\/testwebsite.citygame.com\/sr\/games\/nuuk\/sherlock-holmes-nuuk\/"]}]},{"@type":"ImageObject","inLanguage":"sr-RS","@id":"https:\/\/testwebsite.citygame.com\/sr\/games\/nuuk\/sherlock-holmes-nuuk\/#primaryimage","url":"https:\/\/testwebsite.citygame.com\/wp-content\/blogs.dir\/1\/files\/sites\/62\/2026\/02\/nuuk-greenland-politigarden-sherlock-game.jpg","contentUrl":"https:\/\/testwebsite.citygame.com\/wp-content\/blogs.dir\/1\/files\/sites\/62\/2026\/02\/nuuk-greenland-politigarden-sherlock-game.jpg","width":1024,"height":1024,"caption":"A player uses his smartphone to solve a mystery in front of the Politigarden building in Nuuk."},{"@type":"BreadcrumbList","@id":"https:\/\/testwebsite.citygame.com\/sr\/games\/nuuk\/sherlock-holmes-nuuk\/#breadcrumb","itemListElement":[{"@type":"ListItem","position":1,"name":"Home","item":"https:\/\/testwebsite.citygame.com\/sr\/"},{"@type":"ListItem","position":2,"name":"Shop","item":"https:\/\/testwebsite.citygame.com\/shop\/"},{"@type":"ListItem","position":3,"name":"Sherlock Holmes Nuuk"}]},{"@type":"WebSite","@id":"https:\/\/testwebsite.upevents.nl\/#website","url":"https:\/\/testwebsite.upevents.nl\/","name":"City Game","description":"","publisher":{"@id":"https:\/\/testwebsite.upevents.nl\/#organization"},"alternateName":"citygame.com","potentialAction":[{"@type":"SearchAction","target":{"@type":"EntryPoint","urlTemplate":"https:\/\/testwebsite.upevents.nl\/?s={search_term_string}"},"query-input":{"@type":"PropertyValueSpecification","valueRequired":true,"valueName":"search_term_string"}}],"inLanguage":"sr-RS"},{"@type":["Organization","Place"],"@id":"https:\/\/testwebsite.upevents.nl\/#organization","name":"City Game","alternateName":"citygame.com","url":"https:\/\/testwebsite.upevents.nl\/","logo":{"@id":"https:\/\/testwebsite.citygame.com\/sr\/games\/nuuk\/sherlock-holmes-nuuk\/#local-main-organization-logo"},"image":{"@id":"https:\/\/testwebsite.citygame.com\/sr\/games\/nuuk\/sherlock-holmes-nuuk\/#local-main-organization-logo"},"sameAs":["https:\/\/www.facebook.com\/profile.php?id=100086426226253","https:\/\/www.instagram.com\/citygame_com","https:\/\/www.tiktok.com\/@citygamecom\/","https:\/\/www.linkedin.com\/company\/citygame-com"],"description":"Turn any city into a playground with our interactive City Games and self-guided tours. Fun, flexible, and ideal for groups and team building.","telephone":[],"openingHoursSpecification":[{"@type":"OpeningHoursSpecification","dayOfWeek":["Monday","Tuesday","Wednesday","Thursday","Friday","Saturday","Sunday"],"opens":"09:00","closes":"17:00"}]},{"@type":"ImageObject","inLanguage":"sr-RS","@id":"https:\/\/testwebsite.citygame.com\/sr\/games\/nuuk\/sherlock-holmes-nuuk\/#local-main-organization-logo","url":"https:\/\/testwebsite.citygame.com\/wp-content\/blogs.dir\/1\/files\/sites\/62\/2025\/10\/CG_LOGO-City-Game.png","contentUrl":"https:\/\/testwebsite.citygame.com\/wp-content\/blogs.dir\/1\/files\/sites\/62\/2025\/10\/CG_LOGO-City-Game.png","width":351,"height":377,"caption":"City Game"}]}},"taxonomy_info":{"game-concept":[{"value":790,"label":"Sherlock"}],"location":[{"value":305,"label":"Nuuk"}],"product_cat":[{"value":27,"label":"Geen categorie"}]},"featured_image_src_large":["https:\/\/testwebsite.citygame.com\/wp-content\/blogs.dir\/1\/files\/sites\/62\/2026\/02\/nuuk-greenland-politigarden-sherlock-game.jpg",1024,1024,false],"author_info":[],"comment_info":"","_links":{"self":[{"href":"https:\/\/testwebsite.citygame.com\/sr\/wp-json\/wp\/v2\/product\/62841","targetHints":{"allow":["GET"]}}],"collection":[{"href":"https:\/\/testwebsite.citygame.com\/sr\/wp-json\/wp\/v2\/product"}],"about":[{"href":"https:\/\/testwebsite.citygame.com\/sr\/wp-json\/wp\/v2\/types\/product"}],"acf:post":[{"embeddable":true,"href":"https:\/\/testwebsite.citygame.com\/sr\/wp-json\/wp\/v2\/pages\/12735"}],"wp:featuredmedia":[{"embeddable":true,"href":"https:\/\/testwebsite.citygame.com\/sr\/wp-json\/wp\/v2\/media\/12737"}],"wp:attachment":[{"href":"https:\/\/testwebsite.citygame.com\/sr\/wp-json\/wp\/v2\/media?parent=62841"}],"wp:term":[{"taxonomy":"game-concept","embeddable":true,"href":"https:\/\/testwebsite.citygame.com\/sr\/wp-json\/wp\/v2\/game-concept?post=62841"},{"taxonomy":"location","embeddable":true,"href":"https:\/\/testwebsite.citygame.com\/sr\/wp-json\/wp\/v2\/location?post=62841"},{"taxonomy":"product_brand","embeddable":true,"href":"https:\/\/testwebsite.citygame.com\/sr\/wp-json\/wp\/v2\/product_brand?post=62841"},{"taxonomy":"product_cat","embeddable":true,"href":"https:\/\/testwebsite.citygame.com\/sr\/wp-json\/wp\/v2\/product_cat?post=62841"},{"taxonomy":"product_tag","embeddable":true,"href":"https:\/\/testwebsite.citygame.com\/sr\/wp-json\/wp\/v2\/product_tag?post=62841"}],"curies":[{"name":"wp","href":"https:\/\/api.w.org\/{rel}","templated":true}]}}