{"id":55927,"date":"2026-02-10T14:45:30","date_gmt":"2026-02-10T14:45:30","guid":{"rendered":"https:\/\/testwebsite.citygame.com\/games\/unknown-location\/sherlock-holmes-olbia\/"},"modified":"2026-04-07T21:47:17","modified_gmt":"2026-04-07T21:47:17","slug":"sherlock-holmes-olbia","status":"publish","type":"product","link":"https:\/\/testwebsite.citygame.com\/sr\/games\/olbia\/sherlock-holmes-olbia\/","title":{"rendered":"Sherlock Holmes Olbia"},"content":{"rendered":"<p>Uronite u svet Sherlocka Holmesa uz samostalnu, pri\u010dom vo\u0111enu gradsku igru misterije ubistva sme\u0161tenu u centru grada Olbije. Dok smrtonosni zlo\u010din potresa Liberty Festival, istra\u017ei\u0107ete slu\u010daj koji se razvija navigacijom gradskim ulicama, prikupljanjem tragova, re\u0161avanjem zamr\u0161enih zagonetki i ispitivanjem digitalnih osumnji\u010denih. Kre\u0107ite se sopstvenim tempom kroz ovo impresivno detektivsko iskustvo, gde vas svaki korak uvodi dublje u Holmesov svet i tajne ubistva festivalske no\u0107i.<\/p>\n","protected":false},"excerpt":{"rendered":"<p>Uronite u misterioznu ulogu Sherlocka Holmesa, u samostalnoj misteriji ubistva sme\u0161tenoj u fascinantnom gradu Olbiji. Marlivo radite sa svojim timom kako biste pratili izmi\u010du\u0107e tragove, re\u0161avali zamr\u0161ene zagonetke i otkrili uznemiruju\u0107u istinu \u2013 jer je igra po\u010dela!<\/p>\n","protected":false},"featured_media":11871,"template":"","meta":{"_acf_changed":false,"_yoast_wpseo_focuskw":"Sherlock Holmes Olbia","_yoast_wpseo_metadesc":"Sherlock Holmes Olbia. Igrajte samostalnu gradsku igru misterije ubistva, re\u0161avajte zagonetke, pratite tragove i otkrijte ubicu sopstvenim tempom!","_kad_blocks_custom_css":"","_kad_blocks_head_custom_js":"","_kad_blocks_body_custom_js":"","_kad_blocks_footer_custom_js":"","ghostkit_customizer_options":"","ghostkit_custom_css":"","ghostkit_custom_js_head":"","ghostkit_custom_js_foot":"","ghostkit_typography":"","_kad_post_transparent":"","_kad_post_title":"","_kad_post_layout":"","_kad_post_sidebar_id":"","_kad_post_content_style":"","_kad_post_vertical_padding":"","_kad_post_feature":"","_kad_post_feature_position":"","_kad_post_header":false,"_kad_post_footer":false,"_kad_post_classname":"","_links_to":"","_links_to_target":""},"game-concept":[790],"location":[306],"product_brand":[],"product_cat":[27],"product_tag":[],"class_list":{"0":"post-55927","1":"product","2":"type-product","3":"status-publish","4":"has-post-thumbnail","6":"game-concept-sherlock","7":"location-olbia","8":"product_cat-geen-categorie","10":"first","11":"instock","12":"shipping-taxable","13":"purchasable","14":"product-type-simple","15":"entry","16":"content-bg","17":"loop-entry"},"acf":{"full_bokun_product_name":"Olbia Self-Guided Sherlock Holmes Murder Mystery Game","location_name":"Olbia","bokun_calendar_widget_code":"<script type=\"text\/javascript\" src=\"https:\/\/widgets.bokun.io\/assets\/javascripts\/apps\/build\/BokunWidgetsLoader.js?bookingChannelUUID=a1e93e96-5232-4734-a595-28405f4b5a31\" async><\/script>\n     \n    <div class=\"bokunWidget\" data-src=\"https:\/\/widgets.bokun.io\/online-sales\/a1e93e96-5232-4734-a595-28405f4b5a31\/experience-calendar\/771536\"><\/div>\n    <noscript>Please enable javascript in your browser to book<\/noscript>","bokun_button_widget_code":"<script type=\"text\/javascript\" src=\"https:\/\/widgets.bokun.io\/assets\/javascripts\/apps\/build\/BokunWidgetsLoader.js?bookingChannelUUID=a1e93e96-5232-4734-a595-28405f4b5a31\" async><\/script>\n      <style> #bokun_ed001e45_5927_4f62_b470_ca766338d083 { display: inline-block; padding: .4em 1em; background: #47b82e; border-radius: 999999px; box-shadow: none; font-weight: 600; font-size: 24px; text-decoration: none; text-align: center; color: #FFFFFF; border:none; cursor: pointer; transition: background .2s ease; } #bokun_ed001e45_5927_4f62_b470_ca766338d083:hover{ background: #2f7b1f; } #bokun_ed001e45_5927_4f62_b470_ca766338d083:active{ background: #378f24; } <\/style> <button class=\"bokunButton\" disabled id=bokun_ed001e45_5927_4f62_b470_ca766338d083 data-src=\"https:\/\/widgets.bokun.io\/online-sales\/a1e93e96-5232-4734-a595-28405f4b5a31\/experience-calendar\/771536?partialView=1\" data-testid=\"widget-book-button\" > Book now <\/button> ","what_you\u2019ll_experience_during_the_game":"Uroni\u0107ete u uzbudljivu detektivsku pri\u010du sme\u0161tenu u srcu Olbije, gde je ubistvo tokom Liberty Festivala ostavilo grad u tihom nemiru. Dok se kre\u0107ete ulicama i skrivenim uglovima Olbije, istraga se odvija oko vas, uvla\u010de\u0107i vas dublje u svet misterije i neodgovorenih pitanja. Svaki trag koji otkrijete i svaka zagonetka koju re\u0161ite pomera pri\u010du napred, povezuju\u0107i vas sa mre\u017eom tajni koje \u010dekaju da budu razotkrivene.\n\nIspitujete digitalne osumnji\u010dene, prou\u010davate protivre\u010dne alibije i pratite tragove koji ne vode uvek tamo gde o\u010dekujete. Iskustvo je u potpunosti vo\u0111eno pri\u010dom, zahtevaju\u0107i da se oslonite na kriti\u010dko razmi\u0161ljanje, zapa\u017eanje i dedukciju kako biste se pribli\u017eili istini. Preokreti u slu\u010daju navode vas da preispitujete sve, a ako se takmi\u010dite u timu, svaka odluka je va\u017ena. Mo\u017eete pauzirati istragu kad god vam zatreba, a zatim je nastaviti sopstvenim tempom. Slu\u010daj je otvoren, a Olbija je va\u0161e mesto zlo\u010dina.","how_to_play":"Igrajte samostalno ili sa prijateljima, porodicom ili kolegama u timovima do \u010detiri osobe po ure\u0111aju. Nakon rezervacije, dobi\u0107ete e-mail sa uputstvima sa svim \u0161to vam je potrebno.","start_location":"Olbia, Comune di Olbia","available_languages":["en","es","fr","de","it","nl"],"players_per_group":"1-4","duration":"1.5-2 hours","image_overlay_color_image":"https:\/\/testwebsite.citygame.com\/wp-content\/blogs.dir\/1\/files\/sites\/62\/2026\/01\/SherlockColor.svg","image_overlay_game_logo":"https:\/\/testwebsite.citygame.com\/wp-content\/blogs.dir\/1\/files\/sites\/62\/2026\/01\/SherlockLogo.png","city_page":8799,"woocommerce_general_content":null},"yoast_head":"<!-- This site is optimized with the Yoast SEO Premium plugin v26.2 (Yoast SEO v26.3) - https:\/\/yoast.com\/wordpress\/plugins\/seo\/ -->\n<title>Sherlock Holmes Olbia - City Game<\/title>\n<meta name=\"description\" content=\"Sherlock Holmes Olbia. Igrajte samostalnu gradsku igru misterije ubistva, re\u0161avajte zagonetke, pratite tragove i otkrijte ubicu sopstvenim tempom!\" \/>\n<meta name=\"robots\" content=\"noindex, follow, max-snippet:-1, max-image-preview:large, max-video-preview:-1\" \/>\n<meta property=\"og:locale\" content=\"sr_RS\" \/>\n<meta property=\"og:type\" content=\"article\" \/>\n<meta property=\"og:title\" content=\"Sherlock Holmes Olbia\" \/>\n<meta property=\"og:description\" content=\"Sherlock Holmes Olbia. Igrajte samostalnu gradsku igru misterije ubistva, re\u0161avajte zagonetke, pratite tragove i otkrijte ubicu sopstvenim tempom!\" \/>\n<meta property=\"og:url\" content=\"https:\/\/testwebsite.citygame.com\/sr\/games\/olbia\/sherlock-holmes-olbia\/\" \/>\n<meta property=\"og:site_name\" content=\"City Game\" \/>\n<meta property=\"article:publisher\" content=\"https:\/\/www.facebook.com\/profile.php?id=100086426226253\" \/>\n<meta property=\"article:modified_time\" content=\"2026-04-07T21:47:17+00:00\" \/>\n<meta property=\"og:image\" content=\"https:\/\/testwebsite.citygame.com\/wp-content\/blogs.dir\/1\/files\/sites\/62\/2026\/02\/olbia-woman-playing-sherlock-city-game.jpg\" \/>\n\t<meta property=\"og:image:width\" content=\"1344\" \/>\n\t<meta property=\"og:image:height\" content=\"768\" \/>\n\t<meta property=\"og:image:type\" content=\"image\/jpeg\" \/>\n<meta name=\"twitter:card\" content=\"summary_large_image\" \/>\n<script type=\"application\/ld+json\" class=\"yoast-schema-graph\">{\"@context\":\"https:\/\/schema.org\",\"@graph\":[{\"@type\":\"WebPage\",\"@id\":\"https:\/\/testwebsite.citygame.com\/sr\/games\/olbia\/sherlock-holmes-olbia\/\",\"url\":\"https:\/\/testwebsite.citygame.com\/sr\/games\/olbia\/sherlock-holmes-olbia\/\",\"name\":\"Sherlock Holmes Olbia - City Game\",\"isPartOf\":{\"@id\":\"https:\/\/testwebsite.upevents.nl\/#website\"},\"primaryImageOfPage\":{\"@id\":\"https:\/\/testwebsite.citygame.com\/sr\/games\/olbia\/sherlock-holmes-olbia\/#primaryimage\"},\"image\":{\"@id\":\"https:\/\/testwebsite.citygame.com\/sr\/games\/olbia\/sherlock-holmes-olbia\/#primaryimage\"},\"thumbnailUrl\":\"https:\/\/testwebsite.citygame.com\/wp-content\/blogs.dir\/1\/files\/sites\/62\/2026\/02\/olbia-woman-playing-sherlock-city-game.jpg\",\"datePublished\":\"2026-02-10T14:45:30+00:00\",\"dateModified\":\"2026-04-07T21:47:17+00:00\",\"description\":\"Sherlock Holmes Olbia. Igrajte samostalnu gradsku igru misterije ubistva, re\u0161avajte zagonetke, pratite tragove i otkrijte ubicu sopstvenim tempom!\",\"breadcrumb\":{\"@id\":\"https:\/\/testwebsite.citygame.com\/sr\/games\/olbia\/sherlock-holmes-olbia\/#breadcrumb\"},\"inLanguage\":\"sr-RS\",\"potentialAction\":[{\"@type\":\"ReadAction\",\"target\":[\"https:\/\/testwebsite.citygame.com\/sr\/games\/olbia\/sherlock-holmes-olbia\/\"]}]},{\"@type\":\"ImageObject\",\"inLanguage\":\"sr-RS\",\"@id\":\"https:\/\/testwebsite.citygame.com\/sr\/games\/olbia\/sherlock-holmes-olbia\/#primaryimage\",\"url\":\"https:\/\/testwebsite.citygame.com\/wp-content\/blogs.dir\/1\/files\/sites\/62\/2026\/02\/olbia-woman-playing-sherlock-city-game.jpg\",\"contentUrl\":\"https:\/\/testwebsite.citygame.com\/wp-content\/blogs.dir\/1\/files\/sites\/62\/2026\/02\/olbia-woman-playing-sherlock-city-game.jpg\",\"width\":1344,\"height\":768,\"caption\":\"A tourist uses her smartphone to play an outdoor escape game in a charming alley in Olbia.\"},{\"@type\":\"BreadcrumbList\",\"@id\":\"https:\/\/testwebsite.citygame.com\/sr\/games\/olbia\/sherlock-holmes-olbia\/#breadcrumb\",\"itemListElement\":[{\"@type\":\"ListItem\",\"position\":1,\"name\":\"Home\",\"item\":\"https:\/\/testwebsite.citygame.com\/sr\/\"},{\"@type\":\"ListItem\",\"position\":2,\"name\":\"Shop\",\"item\":\"https:\/\/testwebsite.citygame.com\/shop\/\"},{\"@type\":\"ListItem\",\"position\":3,\"name\":\"Sherlock Holmes Olbia\"}]},{\"@type\":\"WebSite\",\"@id\":\"https:\/\/testwebsite.upevents.nl\/#website\",\"url\":\"https:\/\/testwebsite.upevents.nl\/\",\"name\":\"City Game\",\"description\":\"\",\"publisher\":{\"@id\":\"https:\/\/testwebsite.upevents.nl\/#organization\"},\"alternateName\":\"citygame.com\",\"potentialAction\":[{\"@type\":\"SearchAction\",\"target\":{\"@type\":\"EntryPoint\",\"urlTemplate\":\"https:\/\/testwebsite.upevents.nl\/?s={search_term_string}\"},\"query-input\":{\"@type\":\"PropertyValueSpecification\",\"valueRequired\":true,\"valueName\":\"search_term_string\"}}],\"inLanguage\":\"sr-RS\"},{\"@type\":[\"Organization\",\"Place\"],\"@id\":\"https:\/\/testwebsite.upevents.nl\/#organization\",\"name\":\"City Game\",\"alternateName\":\"citygame.com\",\"url\":\"https:\/\/testwebsite.upevents.nl\/\",\"logo\":{\"@id\":\"https:\/\/testwebsite.citygame.com\/sr\/games\/olbia\/sherlock-holmes-olbia\/#local-main-organization-logo\"},\"image\":{\"@id\":\"https:\/\/testwebsite.citygame.com\/sr\/games\/olbia\/sherlock-holmes-olbia\/#local-main-organization-logo\"},\"sameAs\":[\"https:\/\/www.facebook.com\/profile.php?id=100086426226253\",\"https:\/\/www.instagram.com\/citygame_com\",\"https:\/\/www.tiktok.com\/@citygamecom\/\",\"https:\/\/www.linkedin.com\/company\/citygame-com\"],\"description\":\"Turn any city into a playground with our interactive City Games and self-guided tours. Fun, flexible, and ideal for groups and team building.\",\"telephone\":[],\"openingHoursSpecification\":[{\"@type\":\"OpeningHoursSpecification\",\"dayOfWeek\":[\"Monday\",\"Tuesday\",\"Wednesday\",\"Thursday\",\"Friday\",\"Saturday\",\"Sunday\"],\"opens\":\"09:00\",\"closes\":\"17:00\"}]},{\"@type\":\"ImageObject\",\"inLanguage\":\"sr-RS\",\"@id\":\"https:\/\/testwebsite.citygame.com\/sr\/games\/olbia\/sherlock-holmes-olbia\/#local-main-organization-logo\",\"url\":\"https:\/\/testwebsite.citygame.com\/wp-content\/blogs.dir\/1\/files\/sites\/62\/2025\/10\/CG_LOGO-City-Game.png\",\"contentUrl\":\"https:\/\/testwebsite.citygame.com\/wp-content\/blogs.dir\/1\/files\/sites\/62\/2025\/10\/CG_LOGO-City-Game.png\",\"width\":351,\"height\":377,\"caption\":\"City Game\"}]}<\/script>\n<!-- \/ Yoast SEO Premium plugin. -->","yoast_head_json":{"title":"Sherlock Holmes Olbia - City Game","description":"Sherlock Holmes Olbia. Igrajte samostalnu gradsku igru misterije ubistva, re\u0161avajte zagonetke, pratite tragove i otkrijte ubicu sopstvenim tempom!","robots":{"index":"noindex","follow":"follow","max-snippet":"max-snippet:-1","max-image-preview":"max-image-preview:large","max-video-preview":"max-video-preview:-1"},"og_locale":"sr_RS","og_type":"article","og_title":"Sherlock Holmes Olbia","og_description":"Sherlock Holmes Olbia. Igrajte samostalnu gradsku igru misterije ubistva, re\u0161avajte zagonetke, pratite tragove i otkrijte ubicu sopstvenim tempom!","og_url":"https:\/\/testwebsite.citygame.com\/sr\/games\/olbia\/sherlock-holmes-olbia\/","og_site_name":"City Game","article_publisher":"https:\/\/www.facebook.com\/profile.php?id=100086426226253","article_modified_time":"2026-04-07T21:47:17+00:00","og_image":[{"width":1344,"height":768,"url":"https:\/\/testwebsite.citygame.com\/wp-content\/blogs.dir\/1\/files\/sites\/62\/2026\/02\/olbia-woman-playing-sherlock-city-game.jpg","type":"image\/jpeg"}],"twitter_card":"summary_large_image","schema":{"@context":"https:\/\/schema.org","@graph":[{"@type":"WebPage","@id":"https:\/\/testwebsite.citygame.com\/sr\/games\/olbia\/sherlock-holmes-olbia\/","url":"https:\/\/testwebsite.citygame.com\/sr\/games\/olbia\/sherlock-holmes-olbia\/","name":"Sherlock Holmes Olbia - City Game","isPartOf":{"@id":"https:\/\/testwebsite.upevents.nl\/#website"},"primaryImageOfPage":{"@id":"https:\/\/testwebsite.citygame.com\/sr\/games\/olbia\/sherlock-holmes-olbia\/#primaryimage"},"image":{"@id":"https:\/\/testwebsite.citygame.com\/sr\/games\/olbia\/sherlock-holmes-olbia\/#primaryimage"},"thumbnailUrl":"https:\/\/testwebsite.citygame.com\/wp-content\/blogs.dir\/1\/files\/sites\/62\/2026\/02\/olbia-woman-playing-sherlock-city-game.jpg","datePublished":"2026-02-10T14:45:30+00:00","dateModified":"2026-04-07T21:47:17+00:00","description":"Sherlock Holmes Olbia. Igrajte samostalnu gradsku igru misterije ubistva, re\u0161avajte zagonetke, pratite tragove i otkrijte ubicu sopstvenim tempom!","breadcrumb":{"@id":"https:\/\/testwebsite.citygame.com\/sr\/games\/olbia\/sherlock-holmes-olbia\/#breadcrumb"},"inLanguage":"sr-RS","potentialAction":[{"@type":"ReadAction","target":["https:\/\/testwebsite.citygame.com\/sr\/games\/olbia\/sherlock-holmes-olbia\/"]}]},{"@type":"ImageObject","inLanguage":"sr-RS","@id":"https:\/\/testwebsite.citygame.com\/sr\/games\/olbia\/sherlock-holmes-olbia\/#primaryimage","url":"https:\/\/testwebsite.citygame.com\/wp-content\/blogs.dir\/1\/files\/sites\/62\/2026\/02\/olbia-woman-playing-sherlock-city-game.jpg","contentUrl":"https:\/\/testwebsite.citygame.com\/wp-content\/blogs.dir\/1\/files\/sites\/62\/2026\/02\/olbia-woman-playing-sherlock-city-game.jpg","width":1344,"height":768,"caption":"A tourist uses her smartphone to play an outdoor escape game in a charming alley in Olbia."},{"@type":"BreadcrumbList","@id":"https:\/\/testwebsite.citygame.com\/sr\/games\/olbia\/sherlock-holmes-olbia\/#breadcrumb","itemListElement":[{"@type":"ListItem","position":1,"name":"Home","item":"https:\/\/testwebsite.citygame.com\/sr\/"},{"@type":"ListItem","position":2,"name":"Shop","item":"https:\/\/testwebsite.citygame.com\/shop\/"},{"@type":"ListItem","position":3,"name":"Sherlock Holmes Olbia"}]},{"@type":"WebSite","@id":"https:\/\/testwebsite.upevents.nl\/#website","url":"https:\/\/testwebsite.upevents.nl\/","name":"City Game","description":"","publisher":{"@id":"https:\/\/testwebsite.upevents.nl\/#organization"},"alternateName":"citygame.com","potentialAction":[{"@type":"SearchAction","target":{"@type":"EntryPoint","urlTemplate":"https:\/\/testwebsite.upevents.nl\/?s={search_term_string}"},"query-input":{"@type":"PropertyValueSpecification","valueRequired":true,"valueName":"search_term_string"}}],"inLanguage":"sr-RS"},{"@type":["Organization","Place"],"@id":"https:\/\/testwebsite.upevents.nl\/#organization","name":"City Game","alternateName":"citygame.com","url":"https:\/\/testwebsite.upevents.nl\/","logo":{"@id":"https:\/\/testwebsite.citygame.com\/sr\/games\/olbia\/sherlock-holmes-olbia\/#local-main-organization-logo"},"image":{"@id":"https:\/\/testwebsite.citygame.com\/sr\/games\/olbia\/sherlock-holmes-olbia\/#local-main-organization-logo"},"sameAs":["https:\/\/www.facebook.com\/profile.php?id=100086426226253","https:\/\/www.instagram.com\/citygame_com","https:\/\/www.tiktok.com\/@citygamecom\/","https:\/\/www.linkedin.com\/company\/citygame-com"],"description":"Turn any city into a playground with our interactive City Games and self-guided tours. Fun, flexible, and ideal for groups and team building.","telephone":[],"openingHoursSpecification":[{"@type":"OpeningHoursSpecification","dayOfWeek":["Monday","Tuesday","Wednesday","Thursday","Friday","Saturday","Sunday"],"opens":"09:00","closes":"17:00"}]},{"@type":"ImageObject","inLanguage":"sr-RS","@id":"https:\/\/testwebsite.citygame.com\/sr\/games\/olbia\/sherlock-holmes-olbia\/#local-main-organization-logo","url":"https:\/\/testwebsite.citygame.com\/wp-content\/blogs.dir\/1\/files\/sites\/62\/2025\/10\/CG_LOGO-City-Game.png","contentUrl":"https:\/\/testwebsite.citygame.com\/wp-content\/blogs.dir\/1\/files\/sites\/62\/2025\/10\/CG_LOGO-City-Game.png","width":351,"height":377,"caption":"City Game"}]}},"taxonomy_info":{"game-concept":[{"value":790,"label":"Sherlock"}],"location":[{"value":306,"label":"Olbia"}],"product_cat":[{"value":27,"label":"Geen categorie"}]},"featured_image_src_large":["https:\/\/testwebsite.citygame.com\/wp-content\/blogs.dir\/1\/files\/sites\/62\/2026\/02\/olbia-woman-playing-sherlock-city-game-1024x585.jpg",1024,585,true],"author_info":[],"comment_info":"","_links":{"self":[{"href":"https:\/\/testwebsite.citygame.com\/sr\/wp-json\/wp\/v2\/product\/55927","targetHints":{"allow":["GET"]}}],"collection":[{"href":"https:\/\/testwebsite.citygame.com\/sr\/wp-json\/wp\/v2\/product"}],"about":[{"href":"https:\/\/testwebsite.citygame.com\/sr\/wp-json\/wp\/v2\/types\/product"}],"acf:post":[{"embeddable":true,"href":"https:\/\/testwebsite.citygame.com\/sr\/wp-json\/wp\/v2\/pages\/8799"}],"wp:featuredmedia":[{"embeddable":true,"href":"https:\/\/testwebsite.citygame.com\/sr\/wp-json\/wp\/v2\/media\/11871"}],"wp:attachment":[{"href":"https:\/\/testwebsite.citygame.com\/sr\/wp-json\/wp\/v2\/media?parent=55927"}],"wp:term":[{"taxonomy":"game-concept","embeddable":true,"href":"https:\/\/testwebsite.citygame.com\/sr\/wp-json\/wp\/v2\/game-concept?post=55927"},{"taxonomy":"location","embeddable":true,"href":"https:\/\/testwebsite.citygame.com\/sr\/wp-json\/wp\/v2\/location?post=55927"},{"taxonomy":"product_brand","embeddable":true,"href":"https:\/\/testwebsite.citygame.com\/sr\/wp-json\/wp\/v2\/product_brand?post=55927"},{"taxonomy":"product_cat","embeddable":true,"href":"https:\/\/testwebsite.citygame.com\/sr\/wp-json\/wp\/v2\/product_cat?post=55927"},{"taxonomy":"product_tag","embeddable":true,"href":"https:\/\/testwebsite.citygame.com\/sr\/wp-json\/wp\/v2\/product_tag?post=55927"}],"curies":[{"name":"wp","href":"https:\/\/api.w.org\/{rel}","templated":true}]}}