{"id":55826,"date":"2026-02-13T15:28:09","date_gmt":"2026-02-13T15:28:09","guid":{"rendered":"https:\/\/testwebsite.citygame.com\/games\/unknown-location\/the-leiden-syndicate\/"},"modified":"2026-04-07T21:36:20","modified_gmt":"2026-04-07T21:36:20","slug":"the-leiden-syndicate","status":"publish","type":"product","link":"https:\/\/testwebsite.citygame.com\/sr\/games\/leiden\/the-leiden-syndicate\/","title":{"rendered":"The Leiden Syndicate"},"content":{"rendered":"<p>Ova samostalna City Escape Game u Leiden-u odvija se u istorijskom centru grada Leiden-a. Kao tim, igra\u010di prate pri\u010du kako bi prona\u0161li Magnusa i povratili \u0161est ukradenih formula, napreduju\u0107i korak po korak kroz misiju. City Game u Leiden-u sadr\u017ei zagonetke, zadatke i izazove koji zahtevaju saradnju i strategiju, nude\u0107i privla\u010dno iskustvo vo\u0111eno timskim radom i imerzivnim pripovedanjem.<\/p>\n","protected":false},"excerpt":{"rendered":"<p>Zakora\u010dite u srce Leiden-a, razotkrivaju\u0107i misterije grada kroz samostalnu igru bekstva \u2013 City Escape Game. Pratite zagonetne tragove, re\u0161avajte zanimljive zagonetke i radite zajedno sa svojim timom kako biste otkrili istinu \u2014 vreme isti\u010de, prihvatite izazov!<\/p>\n","protected":false},"featured_media":13634,"template":"","meta":{"_acf_changed":false,"_yoast_wpseo_focuskw":"The Leiden Syndicate","_yoast_wpseo_metadesc":"The Leiden Syndicate. Igrajte samostalnu City Escape Game, re\u0161avajte zagonetke, zavr\u0161ite misije i povratite ukradene formule svojim tempom!","_kad_blocks_custom_css":"","_kad_blocks_head_custom_js":"","_kad_blocks_body_custom_js":"","_kad_blocks_footer_custom_js":"","ghostkit_customizer_options":"","ghostkit_custom_css":"","ghostkit_custom_js_head":"","ghostkit_custom_js_foot":"","ghostkit_typography":"","_kad_post_transparent":"default","_kad_post_title":"","_kad_post_layout":"default","_kad_post_sidebar_id":"","_kad_post_content_style":"default","_kad_post_vertical_padding":"default","_kad_post_feature":"","_kad_post_feature_position":"","_kad_post_header":false,"_kad_post_footer":false,"_kad_post_classname":"","_links_to":"","_links_to_target":""},"game-concept":[760],"location":[239],"product_brand":[],"product_cat":[27],"product_tag":[],"class_list":{"0":"post-55826","1":"product","2":"type-product","3":"status-publish","4":"has-post-thumbnail","6":"game-concept-syndicate","7":"location-leiden","8":"product_cat-geen-categorie","10":"first","11":"instock","12":"shipping-taxable","13":"purchasable","14":"product-type-simple","15":"entry","16":"content-bg","17":"loop-entry"},"acf":{"full_bokun_product_name":"Self-Guided The Leiden Syndicate City Escape Game","location_name":"Leiden","bokun_calendar_widget_code":"<script type=\"text\/javascript\" src=\"https:\/\/widgets.bokun.io\/assets\/javascripts\/apps\/build\/BokunWidgetsLoader.js?bookingChannelUUID=a1e93e96-5232-4734-a595-28405f4b5a31\" async><\/script>\n     \n    <div class=\"bokunWidget\" data-src=\"https:\/\/widgets.bokun.io\/online-sales\/a1e93e96-5232-4734-a595-28405f4b5a31\/experience-calendar\/773738\"><\/div>\n    <noscript>Please enable javascript in your browser to book<\/noscript>","bokun_button_widget_code":"<script type=\"text\/javascript\" src=\"https:\/\/widgets.bokun.io\/assets\/javascripts\/apps\/build\/BokunWidgetsLoader.js?bookingChannelUUID=a1e93e96-5232-4734-a595-28405f4b5a31\" async><\/script>\n      <style> #bokun_ed001e45_5927_4f62_b470_ca766338d083 { display: inline-block; padding: .4em 1em; background: #47b82e; border-radius: 999999px; box-shadow: none; font-weight: 600; font-size: 24px; text-decoration: none; text-align: center; color: #FFFFFF; border:none; cursor: pointer; transition: background .2s ease; } #bokun_ed001e45_5927_4f62_b470_ca766338d083:hover{ background: #2f7b1f; } #bokun_ed001e45_5927_4f62_b470_ca766338d083:active{ background: #378f24; } <\/style> <button class=\"bokunButton\" disabled id=bokun_ed001e45_5927_4f62_b470_ca766338d083 data-src=\"https:\/\/widgets.bokun.io\/online-sales\/a1e93e96-5232-4734-a595-28405f4b5a31\/experience-calendar\/773738?partialView=1\" data-testid=\"widget-book-button\" > Book now <\/button> ","what_you\u2019ll_experience_during_the_game":"Vi i va\u0161 tim ste uba\u010deni u misiju bekstva visokog uloga duboko u srcu Leiden-a. Kao operativci koji rade protiv vremena, va\u0161 cilj je jasan: prona\u0107i odbeglog agenta po imenu Magnus i povratiti \u0161est ukradenih hemijskih formula pre nego \u0161to nestanu zauvek. Grad postaje va\u0161e bojno polje dok se svaki korak misije odvija na promenljivim lokacijama, pri \u010demu svako skretanje otkriva nove slojeve rizika i slo\u017eenosti.\r\n\r\nDok se kre\u0107ete kroz Leiden, nai\u0107i \u0107ete na zagonetke za re\u0161avanje, \u0161ifrovane poruke za de\u0161ifrovanje i tajne zadatke koji zahtevaju o\u0161tro razmi\u0161ljanje i zajedni\u010dki napor. Svaki izazov je utkan u potpuno imerzivnu pri\u010du koja se prilago\u0111ava va\u0161im odlukama, stavljaju\u0107i timski rad, komunikaciju i strategiju na test. Misija se mo\u017ee pauzirati i nastaviti va\u0161im tempom, daju\u0107i va\u0161em timu fleksibilnost da se kre\u0107e kroz narativ koji se razvija po va\u0161im uslovima.","how_to_play":"Rezervi\u0161ite City Game, proverite email koji smo vam poslali sa uputstvima, preuzmite Loquiz Aplikaciju i zapo\u010dnite svoje iskustvo igranja!Istra\u017eite grad na na\u010din na koji nikada ranije niste. Ova igra bekstva je pri\u010da bazirana na igranju uloga, svaki \u010dlan va\u0161eg tima \u0107e imati va\u017enu ulogu u misiji. \u0160etajte gradom kako biste prona\u0161li re\u0161enja za izazovne zagonetke, pitalice i foto zadatke.","start_location":"Leiden, Stadhuisplein","available_languages":["en","nl"],"players_per_group":"1-4","duration":"1.5-2 hours","image_overlay_color_image":"https:\/\/testwebsite.citygame.com\/wp-content\/blogs.dir\/1\/files\/sites\/62\/2026\/01\/SyndicateColor.svg","image_overlay_game_logo":"https:\/\/testwebsite.citygame.com\/wp-content\/blogs.dir\/1\/files\/sites\/62\/2026\/01\/SyndicateLogo.png","city_page":4622,"woocommerce_general_content":null},"yoast_head":"<!-- This site is optimized with the Yoast SEO Premium plugin v26.2 (Yoast SEO v26.3) - https:\/\/yoast.com\/wordpress\/plugins\/seo\/ -->\n<title>The Leiden Syndicate - City Game<\/title>\n<meta name=\"description\" content=\"The Leiden Syndicate. Igrajte samostalnu City Escape Game, re\u0161avajte zagonetke, zavr\u0161ite misije i povratite ukradene formule svojim tempom!\" \/>\n<meta name=\"robots\" content=\"noindex, follow, max-snippet:-1, max-image-preview:large, max-video-preview:-1\" \/>\n<meta property=\"og:locale\" content=\"sr_RS\" \/>\n<meta property=\"og:type\" content=\"article\" \/>\n<meta property=\"og:title\" content=\"The Leiden Syndicate\" \/>\n<meta property=\"og:description\" content=\"The Leiden Syndicate. Igrajte samostalnu City Escape Game, re\u0161avajte zagonetke, zavr\u0161ite misije i povratite ukradene formule svojim tempom!\" \/>\n<meta property=\"og:url\" content=\"https:\/\/testwebsite.citygame.com\/sr\/games\/leiden\/the-leiden-syndicate\/\" \/>\n<meta property=\"og:site_name\" content=\"City Game\" \/>\n<meta property=\"article:publisher\" content=\"https:\/\/www.facebook.com\/profile.php?id=100086426226253\" \/>\n<meta property=\"article:modified_time\" content=\"2026-04-07T21:36:20+00:00\" \/>\n<meta property=\"og:image\" content=\"https:\/\/testwebsite.citygame.com\/wp-content\/blogs.dir\/1\/files\/sites\/62\/2026\/02\/group-playing-city-game-leiden.jpg\" \/>\n\t<meta property=\"og:image:width\" content=\"1024\" \/>\n\t<meta property=\"og:image:height\" content=\"1024\" \/>\n\t<meta property=\"og:image:type\" content=\"image\/jpeg\" \/>\n<meta name=\"twitter:card\" content=\"summary_large_image\" \/>\n<script type=\"application\/ld+json\" class=\"yoast-schema-graph\">{\"@context\":\"https:\/\/schema.org\",\"@graph\":[{\"@type\":\"WebPage\",\"@id\":\"https:\/\/testwebsite.citygame.com\/sr\/games\/leiden\/the-leiden-syndicate\/\",\"url\":\"https:\/\/testwebsite.citygame.com\/sr\/games\/leiden\/the-leiden-syndicate\/\",\"name\":\"The Leiden Syndicate - City Game\",\"isPartOf\":{\"@id\":\"https:\/\/testwebsite.upevents.nl\/#website\"},\"primaryImageOfPage\":{\"@id\":\"https:\/\/testwebsite.citygame.com\/sr\/games\/leiden\/the-leiden-syndicate\/#primaryimage\"},\"image\":{\"@id\":\"https:\/\/testwebsite.citygame.com\/sr\/games\/leiden\/the-leiden-syndicate\/#primaryimage\"},\"thumbnailUrl\":\"https:\/\/testwebsite.citygame.com\/wp-content\/blogs.dir\/1\/files\/sites\/62\/2026\/02\/group-playing-city-game-leiden.jpg\",\"datePublished\":\"2026-02-13T15:28:09+00:00\",\"dateModified\":\"2026-04-07T21:36:20+00:00\",\"description\":\"The Leiden Syndicate. Igrajte samostalnu City Escape Game, re\u0161avajte zagonetke, zavr\u0161ite misije i povratite ukradene formule svojim tempom!\",\"breadcrumb\":{\"@id\":\"https:\/\/testwebsite.citygame.com\/sr\/games\/leiden\/the-leiden-syndicate\/#breadcrumb\"},\"inLanguage\":\"sr-RS\",\"potentialAction\":[{\"@type\":\"ReadAction\",\"target\":[\"https:\/\/testwebsite.citygame.com\/sr\/games\/leiden\/the-leiden-syndicate\/\"]}]},{\"@type\":\"ImageObject\",\"inLanguage\":\"sr-RS\",\"@id\":\"https:\/\/testwebsite.citygame.com\/sr\/games\/leiden\/the-leiden-syndicate\/#primaryimage\",\"url\":\"https:\/\/testwebsite.citygame.com\/wp-content\/blogs.dir\/1\/files\/sites\/62\/2026\/02\/group-playing-city-game-leiden.jpg\",\"contentUrl\":\"https:\/\/testwebsite.citygame.com\/wp-content\/blogs.dir\/1\/files\/sites\/62\/2026\/02\/group-playing-city-game-leiden.jpg\",\"width\":1024,\"height\":1024,\"caption\":\"A group of friends collaborate while playing an outdoor discovery game on a mobile phone in Leiden.\"},{\"@type\":\"BreadcrumbList\",\"@id\":\"https:\/\/testwebsite.citygame.com\/sr\/games\/leiden\/the-leiden-syndicate\/#breadcrumb\",\"itemListElement\":[{\"@type\":\"ListItem\",\"position\":1,\"name\":\"Home\",\"item\":\"https:\/\/testwebsite.citygame.com\/sr\/\"},{\"@type\":\"ListItem\",\"position\":2,\"name\":\"Shop\",\"item\":\"https:\/\/testwebsite.citygame.com\/shop\/\"},{\"@type\":\"ListItem\",\"position\":3,\"name\":\"The Leiden Syndicate\"}]},{\"@type\":\"WebSite\",\"@id\":\"https:\/\/testwebsite.upevents.nl\/#website\",\"url\":\"https:\/\/testwebsite.upevents.nl\/\",\"name\":\"City Game\",\"description\":\"\",\"publisher\":{\"@id\":\"https:\/\/testwebsite.upevents.nl\/#organization\"},\"alternateName\":\"citygame.com\",\"potentialAction\":[{\"@type\":\"SearchAction\",\"target\":{\"@type\":\"EntryPoint\",\"urlTemplate\":\"https:\/\/testwebsite.upevents.nl\/?s={search_term_string}\"},\"query-input\":{\"@type\":\"PropertyValueSpecification\",\"valueRequired\":true,\"valueName\":\"search_term_string\"}}],\"inLanguage\":\"sr-RS\"},{\"@type\":[\"Organization\",\"Place\"],\"@id\":\"https:\/\/testwebsite.upevents.nl\/#organization\",\"name\":\"City Game\",\"alternateName\":\"citygame.com\",\"url\":\"https:\/\/testwebsite.upevents.nl\/\",\"logo\":{\"@id\":\"https:\/\/testwebsite.citygame.com\/sr\/games\/leiden\/the-leiden-syndicate\/#local-main-organization-logo\"},\"image\":{\"@id\":\"https:\/\/testwebsite.citygame.com\/sr\/games\/leiden\/the-leiden-syndicate\/#local-main-organization-logo\"},\"sameAs\":[\"https:\/\/www.facebook.com\/profile.php?id=100086426226253\",\"https:\/\/www.instagram.com\/citygame_com\",\"https:\/\/www.tiktok.com\/@citygamecom\/\",\"https:\/\/www.linkedin.com\/company\/citygame-com\"],\"description\":\"Turn any city into a playground with our interactive City Games and self-guided tours. Fun, flexible, and ideal for groups and team building.\",\"telephone\":[],\"openingHoursSpecification\":[{\"@type\":\"OpeningHoursSpecification\",\"dayOfWeek\":[\"Monday\",\"Tuesday\",\"Wednesday\",\"Thursday\",\"Friday\",\"Saturday\",\"Sunday\"],\"opens\":\"09:00\",\"closes\":\"17:00\"}]},{\"@type\":\"ImageObject\",\"inLanguage\":\"sr-RS\",\"@id\":\"https:\/\/testwebsite.citygame.com\/sr\/games\/leiden\/the-leiden-syndicate\/#local-main-organization-logo\",\"url\":\"https:\/\/testwebsite.citygame.com\/wp-content\/blogs.dir\/1\/files\/sites\/62\/2025\/10\/CG_LOGO-City-Game.png\",\"contentUrl\":\"https:\/\/testwebsite.citygame.com\/wp-content\/blogs.dir\/1\/files\/sites\/62\/2025\/10\/CG_LOGO-City-Game.png\",\"width\":351,\"height\":377,\"caption\":\"City Game\"}]}<\/script>\n<!-- \/ Yoast SEO Premium plugin. -->","yoast_head_json":{"title":"The Leiden Syndicate - City Game","description":"The Leiden Syndicate. Igrajte samostalnu City Escape Game, re\u0161avajte zagonetke, zavr\u0161ite misije i povratite ukradene formule svojim tempom!","robots":{"index":"noindex","follow":"follow","max-snippet":"max-snippet:-1","max-image-preview":"max-image-preview:large","max-video-preview":"max-video-preview:-1"},"og_locale":"sr_RS","og_type":"article","og_title":"The Leiden Syndicate","og_description":"The Leiden Syndicate. Igrajte samostalnu City Escape Game, re\u0161avajte zagonetke, zavr\u0161ite misije i povratite ukradene formule svojim tempom!","og_url":"https:\/\/testwebsite.citygame.com\/sr\/games\/leiden\/the-leiden-syndicate\/","og_site_name":"City Game","article_publisher":"https:\/\/www.facebook.com\/profile.php?id=100086426226253","article_modified_time":"2026-04-07T21:36:20+00:00","og_image":[{"width":1024,"height":1024,"url":"https:\/\/testwebsite.citygame.com\/wp-content\/blogs.dir\/1\/files\/sites\/62\/2026\/02\/group-playing-city-game-leiden.jpg","type":"image\/jpeg"}],"twitter_card":"summary_large_image","schema":{"@context":"https:\/\/schema.org","@graph":[{"@type":"WebPage","@id":"https:\/\/testwebsite.citygame.com\/sr\/games\/leiden\/the-leiden-syndicate\/","url":"https:\/\/testwebsite.citygame.com\/sr\/games\/leiden\/the-leiden-syndicate\/","name":"The Leiden Syndicate - City Game","isPartOf":{"@id":"https:\/\/testwebsite.upevents.nl\/#website"},"primaryImageOfPage":{"@id":"https:\/\/testwebsite.citygame.com\/sr\/games\/leiden\/the-leiden-syndicate\/#primaryimage"},"image":{"@id":"https:\/\/testwebsite.citygame.com\/sr\/games\/leiden\/the-leiden-syndicate\/#primaryimage"},"thumbnailUrl":"https:\/\/testwebsite.citygame.com\/wp-content\/blogs.dir\/1\/files\/sites\/62\/2026\/02\/group-playing-city-game-leiden.jpg","datePublished":"2026-02-13T15:28:09+00:00","dateModified":"2026-04-07T21:36:20+00:00","description":"The Leiden Syndicate. Igrajte samostalnu City Escape Game, re\u0161avajte zagonetke, zavr\u0161ite misije i povratite ukradene formule svojim tempom!","breadcrumb":{"@id":"https:\/\/testwebsite.citygame.com\/sr\/games\/leiden\/the-leiden-syndicate\/#breadcrumb"},"inLanguage":"sr-RS","potentialAction":[{"@type":"ReadAction","target":["https:\/\/testwebsite.citygame.com\/sr\/games\/leiden\/the-leiden-syndicate\/"]}]},{"@type":"ImageObject","inLanguage":"sr-RS","@id":"https:\/\/testwebsite.citygame.com\/sr\/games\/leiden\/the-leiden-syndicate\/#primaryimage","url":"https:\/\/testwebsite.citygame.com\/wp-content\/blogs.dir\/1\/files\/sites\/62\/2026\/02\/group-playing-city-game-leiden.jpg","contentUrl":"https:\/\/testwebsite.citygame.com\/wp-content\/blogs.dir\/1\/files\/sites\/62\/2026\/02\/group-playing-city-game-leiden.jpg","width":1024,"height":1024,"caption":"A group of friends collaborate while playing an outdoor discovery game on a mobile phone in Leiden."},{"@type":"BreadcrumbList","@id":"https:\/\/testwebsite.citygame.com\/sr\/games\/leiden\/the-leiden-syndicate\/#breadcrumb","itemListElement":[{"@type":"ListItem","position":1,"name":"Home","item":"https:\/\/testwebsite.citygame.com\/sr\/"},{"@type":"ListItem","position":2,"name":"Shop","item":"https:\/\/testwebsite.citygame.com\/shop\/"},{"@type":"ListItem","position":3,"name":"The Leiden Syndicate"}]},{"@type":"WebSite","@id":"https:\/\/testwebsite.upevents.nl\/#website","url":"https:\/\/testwebsite.upevents.nl\/","name":"City Game","description":"","publisher":{"@id":"https:\/\/testwebsite.upevents.nl\/#organization"},"alternateName":"citygame.com","potentialAction":[{"@type":"SearchAction","target":{"@type":"EntryPoint","urlTemplate":"https:\/\/testwebsite.upevents.nl\/?s={search_term_string}"},"query-input":{"@type":"PropertyValueSpecification","valueRequired":true,"valueName":"search_term_string"}}],"inLanguage":"sr-RS"},{"@type":["Organization","Place"],"@id":"https:\/\/testwebsite.upevents.nl\/#organization","name":"City Game","alternateName":"citygame.com","url":"https:\/\/testwebsite.upevents.nl\/","logo":{"@id":"https:\/\/testwebsite.citygame.com\/sr\/games\/leiden\/the-leiden-syndicate\/#local-main-organization-logo"},"image":{"@id":"https:\/\/testwebsite.citygame.com\/sr\/games\/leiden\/the-leiden-syndicate\/#local-main-organization-logo"},"sameAs":["https:\/\/www.facebook.com\/profile.php?id=100086426226253","https:\/\/www.instagram.com\/citygame_com","https:\/\/www.tiktok.com\/@citygamecom\/","https:\/\/www.linkedin.com\/company\/citygame-com"],"description":"Turn any city into a playground with our interactive City Games and self-guided tours. Fun, flexible, and ideal for groups and team building.","telephone":[],"openingHoursSpecification":[{"@type":"OpeningHoursSpecification","dayOfWeek":["Monday","Tuesday","Wednesday","Thursday","Friday","Saturday","Sunday"],"opens":"09:00","closes":"17:00"}]},{"@type":"ImageObject","inLanguage":"sr-RS","@id":"https:\/\/testwebsite.citygame.com\/sr\/games\/leiden\/the-leiden-syndicate\/#local-main-organization-logo","url":"https:\/\/testwebsite.citygame.com\/wp-content\/blogs.dir\/1\/files\/sites\/62\/2025\/10\/CG_LOGO-City-Game.png","contentUrl":"https:\/\/testwebsite.citygame.com\/wp-content\/blogs.dir\/1\/files\/sites\/62\/2025\/10\/CG_LOGO-City-Game.png","width":351,"height":377,"caption":"City Game"}]}},"taxonomy_info":{"game-concept":[{"value":760,"label":"Syndicate"}],"location":[{"value":239,"label":"Leiden"}],"product_cat":[{"value":27,"label":"Geen categorie"}]},"featured_image_src_large":["https:\/\/testwebsite.citygame.com\/wp-content\/blogs.dir\/1\/files\/sites\/62\/2026\/02\/group-playing-city-game-leiden.jpg",1024,1024,false],"author_info":[],"comment_info":"","_links":{"self":[{"href":"https:\/\/testwebsite.citygame.com\/sr\/wp-json\/wp\/v2\/product\/55826","targetHints":{"allow":["GET"]}}],"collection":[{"href":"https:\/\/testwebsite.citygame.com\/sr\/wp-json\/wp\/v2\/product"}],"about":[{"href":"https:\/\/testwebsite.citygame.com\/sr\/wp-json\/wp\/v2\/types\/product"}],"acf:post":[{"embeddable":true,"href":"https:\/\/testwebsite.citygame.com\/sr\/wp-json\/wp\/v2\/pages\/4622"}],"wp:featuredmedia":[{"embeddable":true,"href":"https:\/\/testwebsite.citygame.com\/sr\/wp-json\/wp\/v2\/media\/13634"}],"wp:attachment":[{"href":"https:\/\/testwebsite.citygame.com\/sr\/wp-json\/wp\/v2\/media?parent=55826"}],"wp:term":[{"taxonomy":"game-concept","embeddable":true,"href":"https:\/\/testwebsite.citygame.com\/sr\/wp-json\/wp\/v2\/game-concept?post=55826"},{"taxonomy":"location","embeddable":true,"href":"https:\/\/testwebsite.citygame.com\/sr\/wp-json\/wp\/v2\/location?post=55826"},{"taxonomy":"product_brand","embeddable":true,"href":"https:\/\/testwebsite.citygame.com\/sr\/wp-json\/wp\/v2\/product_brand?post=55826"},{"taxonomy":"product_cat","embeddable":true,"href":"https:\/\/testwebsite.citygame.com\/sr\/wp-json\/wp\/v2\/product_cat?post=55826"},{"taxonomy":"product_tag","embeddable":true,"href":"https:\/\/testwebsite.citygame.com\/sr\/wp-json\/wp\/v2\/product_tag?post=55826"}],"curies":[{"name":"wp","href":"https:\/\/api.w.org\/{rel}","templated":true}]}}