{"id":55478,"date":"2026-02-19T11:24:47","date_gmt":"2026-02-19T11:24:47","guid":{"rendered":"https:\/\/testwebsite.citygame.com\/games\/unknown-location\/sherlock-holmes-las-palmas-de-gran-canaria\/"},"modified":"2026-04-07T20:54:25","modified_gmt":"2026-04-07T20:54:25","slug":"sherlock-holmes-las-palmas-de-gran-canaria","status":"publish","type":"product","link":"https:\/\/testwebsite.citygame.com\/sr\/games\/las-palmas-de-gran-canaria\/sherlock-holmes-las-palmas-de-gran-canaria\/","title":{"rendered":"Sherlock Holmes Las Palmas de Gran Canaria"},"content":{"rendered":"<p>Zaronite u ulogu slavnog detektiva dok se upu\u0161tate u Sherlock Holmes City Game, sme\u0161tenu u \u017eivahnom centru Las Palmas de Gran Canaria. Ova samostalna misterija ubistva vo\u0111ena pri\u010dom koristi dinami\u010dan urbani pejza\u017e kao va\u0161e istra\u017eiva\u010dko igrali\u0161te, pokre\u0107u\u0107i pri\u010du koja vas \u0161alje da istra\u017eujete jedinstveni grad kao odgovor na jezivo ubistvo tokom Liberty Festivala. Sakupljajte tragove, re\u0161avajte zagonetke koje testiraju mozak i ispitujte virtuelne osumnji\u010dene sopstvenim tempom, sve dok ste duboko zadubljeni u svet Sherlock Holmesa i zamr\u0161enosti detektivskog posla &#8211; ovo je igra koja podi\u017ee neizvesnost i misteriju na novi nivo.<\/p>\n","protected":false},"excerpt":{"rendered":"<p>Otputujte u srce Las Palmas de Gran Canaria, zaronite u ulogu Sherlock Holmesa u uzbudljivoj, samostalnoj misteriji ubistva. Sa svojim timom, juri\u0107ete za intrigantnim tragovima, re\u0161avati kompleksne zagonetke i nastojati da otkrijete jezivu istinu pre nego \u0161to vreme istekne!<\/p>\n","protected":false},"featured_media":14828,"template":"","meta":{"_acf_changed":false,"_yoast_wpseo_focuskw":"Sherlock Holmes Las Palmas de Gran Canaria","_yoast_wpseo_metadesc":"Sherlock Holmes Las Palmas de Gran Canaria. Igrajte samostalnu misteriju ubistva City Game, re\u0161avajte zagonetke, pratite tragove i otkrijte ubicu sopstvenim tempom!","_kad_blocks_custom_css":"","_kad_blocks_head_custom_js":"","_kad_blocks_body_custom_js":"","_kad_blocks_footer_custom_js":"","ghostkit_customizer_options":"","ghostkit_custom_css":"","ghostkit_custom_js_head":"","ghostkit_custom_js_foot":"","ghostkit_typography":"","_kad_post_transparent":"","_kad_post_title":"","_kad_post_layout":"","_kad_post_sidebar_id":"","_kad_post_content_style":"","_kad_post_vertical_padding":"","_kad_post_feature":"","_kad_post_feature_position":"","_kad_post_header":false,"_kad_post_footer":false,"_kad_post_classname":"","_links_to":"","_links_to_target":""},"game-concept":[790],"location":[235],"product_brand":[],"product_cat":[27],"product_tag":[],"class_list":{"0":"post-55478","1":"product","2":"type-product","3":"status-publish","4":"has-post-thumbnail","6":"game-concept-sherlock","7":"location-las-palmas-de-gran-canaria","8":"product_cat-geen-categorie","10":"first","11":"instock","12":"shipping-taxable","13":"purchasable","14":"product-type-simple","15":"entry","16":"content-bg","17":"loop-entry"},"acf":{"full_bokun_product_name":"Las Palmas de Gran Canaria Self-Guided Sherlock Holmes Murder Mystery Game","location_name":"Las Palmas de Gran Canaria","bokun_calendar_widget_code":"<script type=\"text\/javascript\" src=\"https:\/\/widgets.bokun.io\/assets\/javascripts\/apps\/build\/BokunWidgetsLoader.js?bookingChannelUUID=a1e93e96-5232-4734-a595-28405f4b5a31\" async><\/script>\n     \n    <div class=\"bokunWidget\" data-src=\"https:\/\/widgets.bokun.io\/online-sales\/a1e93e96-5232-4734-a595-28405f4b5a31\/experience-calendar\/771511\"><\/div>\n    <noscript>Please enable javascript in your browser to book<\/noscript>","bokun_button_widget_code":"<script type=\"text\/javascript\" src=\"https:\/\/widgets.bokun.io\/assets\/javascripts\/apps\/build\/BokunWidgetsLoader.js?bookingChannelUUID=a1e93e96-5232-4734-a595-28405f4b5a31\" async><\/script>\n      <style> #bokun_ed001e45_5927_4f62_b470_ca766338d083 { display: inline-block; padding: .4em 1em; background: #47b82e; border-radius: 999999px; box-shadow: none; font-weight: 600; font-size: 24px; text-decoration: none; text-align: center; color: #FFFFFF; border:none; cursor: pointer; transition: background .2s ease; } #bokun_ed001e45_5927_4f62_b470_ca766338d083:hover{ background: #2f7b1f; } #bokun_ed001e45_5927_4f62_b470_ca766338d083:active{ background: #378f24; } <\/style> <button class=\"bokunButton\" disabled id=bokun_ed001e45_5927_4f62_b470_ca766338d083 data-src=\"https:\/\/widgets.bokun.io\/online-sales\/a1e93e96-5232-4734-a595-28405f4b5a31\/experience-calendar\/771511?partialView=1\" data-testid=\"widget-book-button\" > Book now <\/button> ","what_you\u2019ll_experience_during_the_game":"Dok ulazite u Sherlock Holmes City Game u Las Palmas de Gran Canaria, bi\u0107ete uvu\u010deni u uzbudljivu detektivsku pri\u010du koja se odvija dok istra\u017eujete gradske ulice. Sa svakim korakom, otkrivate skrivene tragove, re\u0161avate izazovne zagonetke i nailazite na \u0161okantne preokrete u istrazi koja di\u017ee adrenalin. Va\u0161e detektivske sposobnosti bi\u0107e stavljene na probu dok ispitujete digitalne osumnji\u010dene, analizirate alibije i uo\u010davate kontradikcije u njihovim izjavama.\n\nSr\u017e va\u0161e misije vrti se oko misterioznog slu\u010daja ubistva koje se dogodilo tokom Liberty Festivala. Koristi\u0107ete kriti\u010dko razmi\u0161ljanje, o\u0161troumno posmatranje i britku dedukciju u potrazi za istinom iza zlo\u010dina. Ovo potpuno iskustvo vo\u0111eno pri\u010dom osmi\u0161ljeno je da ga igrate sopstvenim tempom. Bez obzira da li odlu\u010dite da pauzirate i nastavite ili pa\u017eljivo analizirate svaki detalj, igra se prilago\u0111ava va\u0161em stilu. I dok postoji takmi\u010darski element za timove, primarni fokus ostaje na zanimljivoj pri\u010di i napetoj misteriji koju \u0107ete razotkriti u Las Palmas de Gran Canaria.","how_to_play":"Igrajte sami ili sa prijateljima, porodicom ili kolegama u timovima do \u010detiri osobe po ure\u0111aju. Nakon rezervacije, dobi\u0107ete e-poruku sa uputstvima i svim \u0161to vam je potrebno.","start_location":"Las Palmas de Gran Canaria, Casas Consistoriales","available_languages":["en","es","fr","de","it","nl"],"players_per_group":"1-4","duration":"1.5-2 hours","image_overlay_color_image":"https:\/\/testwebsite.citygame.com\/wp-content\/blogs.dir\/1\/files\/sites\/62\/2026\/01\/SherlockColor.svg","image_overlay_game_logo":"https:\/\/testwebsite.citygame.com\/wp-content\/blogs.dir\/1\/files\/sites\/62\/2026\/01\/SherlockLogo.png","city_page":8615,"woocommerce_general_content":null},"yoast_head":"<!-- This site is optimized with the Yoast SEO Premium plugin v26.2 (Yoast SEO v26.3) - https:\/\/yoast.com\/wordpress\/plugins\/seo\/ -->\n<title>Sherlock Holmes Las Palmas de Gran Canaria - City Game<\/title>\n<meta name=\"description\" content=\"Sherlock Holmes Las Palmas de Gran Canaria. Igrajte samostalnu misteriju ubistva City Game, re\u0161avajte zagonetke, pratite tragove i otkrijte ubicu sopstvenim tempom!\" \/>\n<meta name=\"robots\" content=\"noindex, follow, max-snippet:-1, max-image-preview:large, max-video-preview:-1\" \/>\n<meta property=\"og:locale\" content=\"sr_RS\" \/>\n<meta property=\"og:type\" content=\"article\" \/>\n<meta property=\"og:title\" content=\"Sherlock Holmes Las Palmas de Gran Canaria\" \/>\n<meta property=\"og:description\" content=\"Sherlock Holmes Las Palmas de Gran Canaria. Igrajte samostalnu misteriju ubistva City Game, re\u0161avajte zagonetke, pratite tragove i otkrijte ubicu sopstvenim tempom!\" \/>\n<meta property=\"og:url\" content=\"https:\/\/testwebsite.citygame.com\/sr\/games\/las-palmas-de-gran-canaria\/sherlock-holmes-las-palmas-de-gran-canaria\/\" \/>\n<meta property=\"og:site_name\" content=\"City Game\" \/>\n<meta property=\"article:publisher\" content=\"https:\/\/www.facebook.com\/profile.php?id=100086426226253\" \/>\n<meta property=\"article:modified_time\" content=\"2026-04-07T20:54:25+00:00\" \/>\n<meta property=\"og:image\" content=\"https:\/\/testwebsite.citygame.com\/wp-content\/blogs.dir\/1\/files\/sites\/62\/2026\/02\/man-playing-city-game-plaza-del-pilar-nuevo-las-palmas.jpg\" \/>\n\t<meta property=\"og:image:width\" content=\"1024\" \/>\n\t<meta property=\"og:image:height\" content=\"1024\" \/>\n\t<meta property=\"og:image:type\" content=\"image\/jpeg\" \/>\n<meta name=\"twitter:card\" content=\"summary_large_image\" \/>\n<meta name=\"twitter:label1\" content=\"\u041f\u0440\u043e\u0446\u0435\u045a\u0435\u043d\u043e \u0432\u0440\u0435\u043c\u0435 \u0447\u0438\u0442\u0430\u045a\u0430\" \/>\n\t<meta name=\"twitter:data1\" content=\"1 \u043c\u0438\u043d\u0443\u0442\" \/>\n<script type=\"application\/ld+json\" class=\"yoast-schema-graph\">{\"@context\":\"https:\/\/schema.org\",\"@graph\":[{\"@type\":\"WebPage\",\"@id\":\"https:\/\/testwebsite.citygame.com\/sr\/games\/las-palmas-de-gran-canaria\/sherlock-holmes-las-palmas-de-gran-canaria\/\",\"url\":\"https:\/\/testwebsite.citygame.com\/sr\/games\/las-palmas-de-gran-canaria\/sherlock-holmes-las-palmas-de-gran-canaria\/\",\"name\":\"Sherlock Holmes Las Palmas de Gran Canaria - City Game\",\"isPartOf\":{\"@id\":\"https:\/\/testwebsite.upevents.nl\/#website\"},\"primaryImageOfPage\":{\"@id\":\"https:\/\/testwebsite.citygame.com\/sr\/games\/las-palmas-de-gran-canaria\/sherlock-holmes-las-palmas-de-gran-canaria\/#primaryimage\"},\"image\":{\"@id\":\"https:\/\/testwebsite.citygame.com\/sr\/games\/las-palmas-de-gran-canaria\/sherlock-holmes-las-palmas-de-gran-canaria\/#primaryimage\"},\"thumbnailUrl\":\"https:\/\/testwebsite.citygame.com\/wp-content\/blogs.dir\/1\/files\/sites\/62\/2026\/02\/man-playing-city-game-plaza-del-pilar-nuevo-las-palmas.jpg\",\"datePublished\":\"2026-02-19T11:24:47+00:00\",\"dateModified\":\"2026-04-07T20:54:25+00:00\",\"description\":\"Sherlock Holmes Las Palmas de Gran Canaria. Igrajte samostalnu misteriju ubistva City Game, re\u0161avajte zagonetke, pratite tragove i otkrijte ubicu sopstvenim tempom!\",\"breadcrumb\":{\"@id\":\"https:\/\/testwebsite.citygame.com\/sr\/games\/las-palmas-de-gran-canaria\/sherlock-holmes-las-palmas-de-gran-canaria\/#breadcrumb\"},\"inLanguage\":\"sr-RS\",\"potentialAction\":[{\"@type\":\"ReadAction\",\"target\":[\"https:\/\/testwebsite.citygame.com\/sr\/games\/las-palmas-de-gran-canaria\/sherlock-holmes-las-palmas-de-gran-canaria\/\"]}]},{\"@type\":\"ImageObject\",\"inLanguage\":\"sr-RS\",\"@id\":\"https:\/\/testwebsite.citygame.com\/sr\/games\/las-palmas-de-gran-canaria\/sherlock-holmes-las-palmas-de-gran-canaria\/#primaryimage\",\"url\":\"https:\/\/testwebsite.citygame.com\/wp-content\/blogs.dir\/1\/files\/sites\/62\/2026\/02\/man-playing-city-game-plaza-del-pilar-nuevo-las-palmas.jpg\",\"contentUrl\":\"https:\/\/testwebsite.citygame.com\/wp-content\/blogs.dir\/1\/files\/sites\/62\/2026\/02\/man-playing-city-game-plaza-del-pilar-nuevo-las-palmas.jpg\",\"width\":1024,\"height\":1024,\"caption\":\"A player explores the historic Plaza del Pilar Nuevo in Las Palmas using a smartphone app.\"},{\"@type\":\"BreadcrumbList\",\"@id\":\"https:\/\/testwebsite.citygame.com\/sr\/games\/las-palmas-de-gran-canaria\/sherlock-holmes-las-palmas-de-gran-canaria\/#breadcrumb\",\"itemListElement\":[{\"@type\":\"ListItem\",\"position\":1,\"name\":\"Home\",\"item\":\"https:\/\/testwebsite.citygame.com\/sr\/\"},{\"@type\":\"ListItem\",\"position\":2,\"name\":\"Shop\",\"item\":\"https:\/\/testwebsite.citygame.com\/shop\/\"},{\"@type\":\"ListItem\",\"position\":3,\"name\":\"Sherlock Holmes Las Palmas de Gran Canaria\"}]},{\"@type\":\"WebSite\",\"@id\":\"https:\/\/testwebsite.upevents.nl\/#website\",\"url\":\"https:\/\/testwebsite.upevents.nl\/\",\"name\":\"City Game\",\"description\":\"\",\"publisher\":{\"@id\":\"https:\/\/testwebsite.upevents.nl\/#organization\"},\"alternateName\":\"citygame.com\",\"potentialAction\":[{\"@type\":\"SearchAction\",\"target\":{\"@type\":\"EntryPoint\",\"urlTemplate\":\"https:\/\/testwebsite.upevents.nl\/?s={search_term_string}\"},\"query-input\":{\"@type\":\"PropertyValueSpecification\",\"valueRequired\":true,\"valueName\":\"search_term_string\"}}],\"inLanguage\":\"sr-RS\"},{\"@type\":[\"Organization\",\"Place\"],\"@id\":\"https:\/\/testwebsite.upevents.nl\/#organization\",\"name\":\"City Game\",\"alternateName\":\"citygame.com\",\"url\":\"https:\/\/testwebsite.upevents.nl\/\",\"logo\":{\"@id\":\"https:\/\/testwebsite.citygame.com\/sr\/games\/las-palmas-de-gran-canaria\/sherlock-holmes-las-palmas-de-gran-canaria\/#local-main-organization-logo\"},\"image\":{\"@id\":\"https:\/\/testwebsite.citygame.com\/sr\/games\/las-palmas-de-gran-canaria\/sherlock-holmes-las-palmas-de-gran-canaria\/#local-main-organization-logo\"},\"sameAs\":[\"https:\/\/www.facebook.com\/profile.php?id=100086426226253\",\"https:\/\/www.instagram.com\/citygame_com\",\"https:\/\/www.tiktok.com\/@citygamecom\/\",\"https:\/\/www.linkedin.com\/company\/citygame-com\"],\"description\":\"Turn any city into a playground with our interactive City Games and self-guided tours. Fun, flexible, and ideal for groups and team building.\",\"telephone\":[],\"openingHoursSpecification\":[{\"@type\":\"OpeningHoursSpecification\",\"dayOfWeek\":[\"Monday\",\"Tuesday\",\"Wednesday\",\"Thursday\",\"Friday\",\"Saturday\",\"Sunday\"],\"opens\":\"09:00\",\"closes\":\"17:00\"}]},{\"@type\":\"ImageObject\",\"inLanguage\":\"sr-RS\",\"@id\":\"https:\/\/testwebsite.citygame.com\/sr\/games\/las-palmas-de-gran-canaria\/sherlock-holmes-las-palmas-de-gran-canaria\/#local-main-organization-logo\",\"url\":\"https:\/\/testwebsite.citygame.com\/wp-content\/blogs.dir\/1\/files\/sites\/62\/2025\/10\/CG_LOGO-City-Game.png\",\"contentUrl\":\"https:\/\/testwebsite.citygame.com\/wp-content\/blogs.dir\/1\/files\/sites\/62\/2025\/10\/CG_LOGO-City-Game.png\",\"width\":351,\"height\":377,\"caption\":\"City Game\"}]}<\/script>\n<!-- \/ Yoast SEO Premium plugin. -->","yoast_head_json":{"title":"Sherlock Holmes Las Palmas de Gran Canaria - City Game","description":"Sherlock Holmes Las Palmas de Gran Canaria. Igrajte samostalnu misteriju ubistva City Game, re\u0161avajte zagonetke, pratite tragove i otkrijte ubicu sopstvenim tempom!","robots":{"index":"noindex","follow":"follow","max-snippet":"max-snippet:-1","max-image-preview":"max-image-preview:large","max-video-preview":"max-video-preview:-1"},"og_locale":"sr_RS","og_type":"article","og_title":"Sherlock Holmes Las Palmas de Gran Canaria","og_description":"Sherlock Holmes Las Palmas de Gran Canaria. Igrajte samostalnu misteriju ubistva City Game, re\u0161avajte zagonetke, pratite tragove i otkrijte ubicu sopstvenim tempom!","og_url":"https:\/\/testwebsite.citygame.com\/sr\/games\/las-palmas-de-gran-canaria\/sherlock-holmes-las-palmas-de-gran-canaria\/","og_site_name":"City Game","article_publisher":"https:\/\/www.facebook.com\/profile.php?id=100086426226253","article_modified_time":"2026-04-07T20:54:25+00:00","og_image":[{"width":1024,"height":1024,"url":"https:\/\/testwebsite.citygame.com\/wp-content\/blogs.dir\/1\/files\/sites\/62\/2026\/02\/man-playing-city-game-plaza-del-pilar-nuevo-las-palmas.jpg","type":"image\/jpeg"}],"twitter_card":"summary_large_image","twitter_misc":{"\u041f\u0440\u043e\u0446\u0435\u045a\u0435\u043d\u043e \u0432\u0440\u0435\u043c\u0435 \u0447\u0438\u0442\u0430\u045a\u0430":"1 \u043c\u0438\u043d\u0443\u0442"},"schema":{"@context":"https:\/\/schema.org","@graph":[{"@type":"WebPage","@id":"https:\/\/testwebsite.citygame.com\/sr\/games\/las-palmas-de-gran-canaria\/sherlock-holmes-las-palmas-de-gran-canaria\/","url":"https:\/\/testwebsite.citygame.com\/sr\/games\/las-palmas-de-gran-canaria\/sherlock-holmes-las-palmas-de-gran-canaria\/","name":"Sherlock Holmes Las Palmas de Gran Canaria - City Game","isPartOf":{"@id":"https:\/\/testwebsite.upevents.nl\/#website"},"primaryImageOfPage":{"@id":"https:\/\/testwebsite.citygame.com\/sr\/games\/las-palmas-de-gran-canaria\/sherlock-holmes-las-palmas-de-gran-canaria\/#primaryimage"},"image":{"@id":"https:\/\/testwebsite.citygame.com\/sr\/games\/las-palmas-de-gran-canaria\/sherlock-holmes-las-palmas-de-gran-canaria\/#primaryimage"},"thumbnailUrl":"https:\/\/testwebsite.citygame.com\/wp-content\/blogs.dir\/1\/files\/sites\/62\/2026\/02\/man-playing-city-game-plaza-del-pilar-nuevo-las-palmas.jpg","datePublished":"2026-02-19T11:24:47+00:00","dateModified":"2026-04-07T20:54:25+00:00","description":"Sherlock Holmes Las Palmas de Gran Canaria. Igrajte samostalnu misteriju ubistva City Game, re\u0161avajte zagonetke, pratite tragove i otkrijte ubicu sopstvenim tempom!","breadcrumb":{"@id":"https:\/\/testwebsite.citygame.com\/sr\/games\/las-palmas-de-gran-canaria\/sherlock-holmes-las-palmas-de-gran-canaria\/#breadcrumb"},"inLanguage":"sr-RS","potentialAction":[{"@type":"ReadAction","target":["https:\/\/testwebsite.citygame.com\/sr\/games\/las-palmas-de-gran-canaria\/sherlock-holmes-las-palmas-de-gran-canaria\/"]}]},{"@type":"ImageObject","inLanguage":"sr-RS","@id":"https:\/\/testwebsite.citygame.com\/sr\/games\/las-palmas-de-gran-canaria\/sherlock-holmes-las-palmas-de-gran-canaria\/#primaryimage","url":"https:\/\/testwebsite.citygame.com\/wp-content\/blogs.dir\/1\/files\/sites\/62\/2026\/02\/man-playing-city-game-plaza-del-pilar-nuevo-las-palmas.jpg","contentUrl":"https:\/\/testwebsite.citygame.com\/wp-content\/blogs.dir\/1\/files\/sites\/62\/2026\/02\/man-playing-city-game-plaza-del-pilar-nuevo-las-palmas.jpg","width":1024,"height":1024,"caption":"A player explores the historic Plaza del Pilar Nuevo in Las Palmas using a smartphone app."},{"@type":"BreadcrumbList","@id":"https:\/\/testwebsite.citygame.com\/sr\/games\/las-palmas-de-gran-canaria\/sherlock-holmes-las-palmas-de-gran-canaria\/#breadcrumb","itemListElement":[{"@type":"ListItem","position":1,"name":"Home","item":"https:\/\/testwebsite.citygame.com\/sr\/"},{"@type":"ListItem","position":2,"name":"Shop","item":"https:\/\/testwebsite.citygame.com\/shop\/"},{"@type":"ListItem","position":3,"name":"Sherlock Holmes Las Palmas de Gran Canaria"}]},{"@type":"WebSite","@id":"https:\/\/testwebsite.upevents.nl\/#website","url":"https:\/\/testwebsite.upevents.nl\/","name":"City Game","description":"","publisher":{"@id":"https:\/\/testwebsite.upevents.nl\/#organization"},"alternateName":"citygame.com","potentialAction":[{"@type":"SearchAction","target":{"@type":"EntryPoint","urlTemplate":"https:\/\/testwebsite.upevents.nl\/?s={search_term_string}"},"query-input":{"@type":"PropertyValueSpecification","valueRequired":true,"valueName":"search_term_string"}}],"inLanguage":"sr-RS"},{"@type":["Organization","Place"],"@id":"https:\/\/testwebsite.upevents.nl\/#organization","name":"City Game","alternateName":"citygame.com","url":"https:\/\/testwebsite.upevents.nl\/","logo":{"@id":"https:\/\/testwebsite.citygame.com\/sr\/games\/las-palmas-de-gran-canaria\/sherlock-holmes-las-palmas-de-gran-canaria\/#local-main-organization-logo"},"image":{"@id":"https:\/\/testwebsite.citygame.com\/sr\/games\/las-palmas-de-gran-canaria\/sherlock-holmes-las-palmas-de-gran-canaria\/#local-main-organization-logo"},"sameAs":["https:\/\/www.facebook.com\/profile.php?id=100086426226253","https:\/\/www.instagram.com\/citygame_com","https:\/\/www.tiktok.com\/@citygamecom\/","https:\/\/www.linkedin.com\/company\/citygame-com"],"description":"Turn any city into a playground with our interactive City Games and self-guided tours. Fun, flexible, and ideal for groups and team building.","telephone":[],"openingHoursSpecification":[{"@type":"OpeningHoursSpecification","dayOfWeek":["Monday","Tuesday","Wednesday","Thursday","Friday","Saturday","Sunday"],"opens":"09:00","closes":"17:00"}]},{"@type":"ImageObject","inLanguage":"sr-RS","@id":"https:\/\/testwebsite.citygame.com\/sr\/games\/las-palmas-de-gran-canaria\/sherlock-holmes-las-palmas-de-gran-canaria\/#local-main-organization-logo","url":"https:\/\/testwebsite.citygame.com\/wp-content\/blogs.dir\/1\/files\/sites\/62\/2025\/10\/CG_LOGO-City-Game.png","contentUrl":"https:\/\/testwebsite.citygame.com\/wp-content\/blogs.dir\/1\/files\/sites\/62\/2025\/10\/CG_LOGO-City-Game.png","width":351,"height":377,"caption":"City Game"}]}},"taxonomy_info":{"game-concept":[{"value":790,"label":"Sherlock"}],"location":[{"value":235,"label":"Las Palmas de Gran Canaria"}],"product_cat":[{"value":27,"label":"Geen categorie"}]},"featured_image_src_large":["https:\/\/testwebsite.citygame.com\/wp-content\/blogs.dir\/1\/files\/sites\/62\/2026\/02\/man-playing-city-game-plaza-del-pilar-nuevo-las-palmas.jpg",1024,1024,false],"author_info":[],"comment_info":"","_links":{"self":[{"href":"https:\/\/testwebsite.citygame.com\/sr\/wp-json\/wp\/v2\/product\/55478","targetHints":{"allow":["GET"]}}],"collection":[{"href":"https:\/\/testwebsite.citygame.com\/sr\/wp-json\/wp\/v2\/product"}],"about":[{"href":"https:\/\/testwebsite.citygame.com\/sr\/wp-json\/wp\/v2\/types\/product"}],"acf:post":[{"embeddable":true,"href":"https:\/\/testwebsite.citygame.com\/sr\/wp-json\/wp\/v2\/pages\/8615"}],"wp:featuredmedia":[{"embeddable":true,"href":"https:\/\/testwebsite.citygame.com\/sr\/wp-json\/wp\/v2\/media\/14828"}],"wp:attachment":[{"href":"https:\/\/testwebsite.citygame.com\/sr\/wp-json\/wp\/v2\/media?parent=55478"}],"wp:term":[{"taxonomy":"game-concept","embeddable":true,"href":"https:\/\/testwebsite.citygame.com\/sr\/wp-json\/wp\/v2\/game-concept?post=55478"},{"taxonomy":"location","embeddable":true,"href":"https:\/\/testwebsite.citygame.com\/sr\/wp-json\/wp\/v2\/location?post=55478"},{"taxonomy":"product_brand","embeddable":true,"href":"https:\/\/testwebsite.citygame.com\/sr\/wp-json\/wp\/v2\/product_brand?post=55478"},{"taxonomy":"product_cat","embeddable":true,"href":"https:\/\/testwebsite.citygame.com\/sr\/wp-json\/wp\/v2\/product_cat?post=55478"},{"taxonomy":"product_tag","embeddable":true,"href":"https:\/\/testwebsite.citygame.com\/sr\/wp-json\/wp\/v2\/product_tag?post=55478"}],"curies":[{"name":"wp","href":"https:\/\/api.w.org\/{rel}","templated":true}]}}