{"id":47501,"date":"2026-02-12T08:53:25","date_gmt":"2026-02-12T08:53:25","guid":{"rendered":"https:\/\/testwebsite.citygame.com\/games\/unknown-location\/%d0%bf%d1%80%d0%be%d0%b8%d0%b7%d0%b2%d0%be%d0%b4-413\/"},"modified":"2026-04-03T15:32:48","modified_gmt":"2026-04-03T15:32:48","slug":"%d0%bf%d1%80%d0%be%d0%b8%d0%b7%d0%b2%d0%be%d0%b4-413","status":"publish","type":"product","link":"https:\/\/testwebsite.citygame.com\/sr\/games\/unknown-location\/%d0%bf%d1%80%d0%be%d0%b8%d0%b7%d0%b2%d0%be%d0%b4-413\/","title":{"rendered":"\u041f\u0440\u043e\u0438\u0437\u0432\u043e\u0434"},"content":{"rendered":"","protected":false},"excerpt":{"rendered":"","protected":false},"featured_media":12760,"template":"","meta":{"_acf_changed":false,"_yoast_wpseo_focuskw":"Sherlock Holmes Sal","_yoast_wpseo_metadesc":"Sherlock Holmes Sal. Igrajte samostalnu misteriju ubistva u obliku Gradske igre, re\u0161avajte zagonetke, pratite tragove i otkrijte ubicu sopstvenim tempom!","_kad_blocks_custom_css":"","_kad_blocks_head_custom_js":"","_kad_blocks_body_custom_js":"","_kad_blocks_footer_custom_js":"","ghostkit_customizer_options":"","ghostkit_custom_css":"","ghostkit_custom_js_head":"","ghostkit_custom_js_foot":"","ghostkit_typography":"","_kad_post_transparent":"","_kad_post_title":"","_kad_post_layout":"","_kad_post_sidebar_id":"","_kad_post_content_style":"","_kad_post_vertical_padding":"","_kad_post_feature":"","_kad_post_feature_position":"","_kad_post_header":false,"_kad_post_footer":false,"_kad_post_classname":"","_links_to":"","_links_to_target":""},"game-concept":[38],"location":[],"product_brand":[],"product_cat":[27],"product_tag":[],"class_list":{"0":"post-47501","1":"product","2":"type-product","3":"status-publish","4":"has-post-thumbnail","6":"game-concept-sherlock","7":"product_cat-geen-categorie","9":"first","10":"instock","11":"shipping-taxable","12":"purchasable","13":"product-type-simple","14":"entry","15":"content-bg","16":"loop-entry"},"acf":{"full_bokun_product_name":"Sal Self-Guided Sherlock Holmes Murder Mystery Game","location_name":"Sal","bokun_calendar_widget_code":"<script type=\"text\/javascript\" src=\"https:\/\/widgets.bokun.io\/assets\/javascripts\/apps\/build\/BokunWidgetsLoader.js?bookingChannelUUID=a1e93e96-5232-4734-a595-28405f4b5a31\" async><\/script>\n     \n    <div class=\"bokunWidget\" data-src=\"https:\/\/widgets.bokun.io\/online-sales\/a1e93e96-5232-4734-a595-28405f4b5a31\/experience-calendar\/772355\"><\/div>\n    <noscript>Please enable javascript in your browser to book<\/noscript>","bokun_button_widget_code":"<script type=\"text\/javascript\" src=\"https:\/\/widgets.bokun.io\/assets\/javascripts\/apps\/build\/BokunWidgetsLoader.js?bookingChannelUUID=a1e93e96-5232-4734-a595-28405f4b5a31\" async><\/script>\n      <style> #bokun_ed001e45_5927_4f62_b470_ca766338d083 { display: inline-block; padding: .4em 1em; background: #47b82e; border-radius: 999999px; box-shadow: none; font-weight: 600; font-size: 24px; text-decoration: none; text-align: center; color: #FFFFFF; border:none; cursor: pointer; transition: background .2s ease; } #bokun_ed001e45_5927_4f62_b470_ca766338d083:hover{ background: #2f7b1f; } #bokun_ed001e45_5927_4f62_b470_ca766338d083:active{ background: #378f24; } <\/style> <button class=\"bokunButton\" disabled id=bokun_ed001e45_5927_4f62_b470_ca766338d083 data-src=\"https:\/\/widgets.bokun.io\/online-sales\/a1e93e96-5232-4734-a595-28405f4b5a31\/experience-calendar\/772355?partialView=1\" data-testid=\"widget-book-button\" > Book now <\/button> ","what_you\u2019ll_experience_during_the_game":"Ulazite u uzbudljivu detektivsku pri\u010du sme\u0161tenu na \u017eivahnim ulicama Sala, gde je misteriozno ubistvo tokom Liberty Festivala potreslo grad. Dok se kre\u0107ete kroz Santa Mariju, zaplet se odvija oko vas, otkrivaju\u0107i skrivene tajne, mra\u010dne motive i zamr\u0161ene tragove. Va\u0161a istraga se produbljuje sa svakom stanicom, dok otkrivate dokaze, re\u0161avate pametne zagonetke i nailazite na neo\u010dekivane preokrete koji dovode u pitanje va\u0161e pretpostavke.\n\nIspitiva\u0107ete digitalne osumnji\u010dene, istra\u017eivati sumnjive alibije i analizirati kontradikcije koje bi vas mogle dovesti bli\u017ee istini. Iskustvo je u potpunosti vo\u0111eno pri\u010dom, postavljaju\u0107i vas u srce misterije i stavljaju\u0107i va\u0161e zapa\u017eanje, dedukciju i kriti\u010dko razmi\u0161ljanje u prvi plan. Vi odlu\u010dujete o tempu, sa slobodom da pauzirate i nastavite kad god vam odgovara. Bilo da radite sami ili kao deo tima, svaka odluka izo\u0161trava va\u0161e ve\u0161tine i pribli\u017eava vas korak bli\u017ee otkrivanju \u0161ta se zaista dogodilo na festivalu.","how_to_play":"Radite sami ili sa prijateljima, porodicom ili kolegama u timovima do \u010detiri osobe po ure\u0111aju. Nakon rezervacije, dobi\u0107ete e-poruku sa uputstvima koja sadr\u017ei sve \u0161to vam je potrebno.","start_location":"Sal, Praca Manuel Ant\u00f3nio Martins","available_languages":["en","es","fr","de","it","nl"],"players_per_group":"1-4","duration":"1.5-2 hours","image_overlay_color_image":"https:\/\/testwebsite.citygame.com\/wp-content\/blogs.dir\/1\/files\/sites\/62\/2026\/01\/SherlockColor.svg","image_overlay_game_logo":"https:\/\/testwebsite.citygame.com\/wp-content\/blogs.dir\/1\/files\/sites\/62\/2026\/01\/SherlockLogo.png","city_page":12758,"woocommerce_general_content":null,"":""},"yoast_head":"<!-- This site is optimized with the Yoast SEO Premium plugin v26.2 (Yoast SEO v26.3) - https:\/\/yoast.com\/wordpress\/plugins\/seo\/ -->\n<title>\u041f\u0440\u043e\u0438\u0437\u0432\u043e\u0434 - City Game<\/title>\n<meta name=\"description\" content=\"Sherlock Holmes Sal. Igrajte samostalnu misteriju ubistva u obliku Gradske igre, re\u0161avajte zagonetke, pratite tragove i otkrijte ubicu sopstvenim tempom!\" \/>\n<meta name=\"robots\" content=\"noindex, follow, max-snippet:-1, max-image-preview:large, max-video-preview:-1\" \/>\n<meta property=\"og:locale\" content=\"sr_RS\" \/>\n<meta property=\"og:type\" content=\"article\" \/>\n<meta property=\"og:title\" content=\"\u041f\u0440\u043e\u0438\u0437\u0432\u043e\u0434\" \/>\n<meta property=\"og:description\" content=\"Sherlock Holmes Sal. Igrajte samostalnu misteriju ubistva u obliku Gradske igre, re\u0161avajte zagonetke, pratite tragove i otkrijte ubicu sopstvenim tempom!\" \/>\n<meta property=\"og:url\" content=\"https:\/\/testwebsite.citygame.com\/sr\/games\/unknown-location\/%d0%bf%d1%80%d0%be%d0%b8%d0%b7%d0%b2%d0%be%d0%b4-413\/\" \/>\n<meta property=\"og:site_name\" content=\"City Game\" \/>\n<meta property=\"article:publisher\" content=\"https:\/\/www.facebook.com\/profile.php?id=100086426226253\" \/>\n<meta property=\"article:modified_time\" content=\"2026-04-03T15:32:48+00:00\" \/>\n<meta property=\"og:image\" content=\"https:\/\/testwebsite.citygame.com\/wp-content\/blogs.dir\/1\/files\/sites\/62\/2026\/02\/sal-sherlock-city-game-players-looking-at-phone-near-beach.jpg\" \/>\n\t<meta property=\"og:image:width\" content=\"1024\" \/>\n\t<meta property=\"og:image:height\" content=\"1024\" \/>\n\t<meta property=\"og:image:type\" content=\"image\/jpeg\" \/>\n<meta name=\"twitter:card\" content=\"summary_large_image\" \/>\n<script type=\"application\/ld+json\" class=\"yoast-schema-graph\">{\"@context\":\"https:\/\/schema.org\",\"@graph\":[{\"@type\":\"WebPage\",\"@id\":\"https:\/\/testwebsite.citygame.com\/sr\/games\/unknown-location\/%d0%bf%d1%80%d0%be%d0%b8%d0%b7%d0%b2%d0%be%d0%b4-413\/\",\"url\":\"https:\/\/testwebsite.citygame.com\/sr\/games\/unknown-location\/%d0%bf%d1%80%d0%be%d0%b8%d0%b7%d0%b2%d0%be%d0%b4-413\/\",\"name\":\"\u041f\u0440\u043e\u0438\u0437\u0432\u043e\u0434 - City Game\",\"isPartOf\":{\"@id\":\"https:\/\/testwebsite.upevents.nl\/#website\"},\"primaryImageOfPage\":{\"@id\":\"https:\/\/testwebsite.citygame.com\/sr\/games\/unknown-location\/%d0%bf%d1%80%d0%be%d0%b8%d0%b7%d0%b2%d0%be%d0%b4-413\/#primaryimage\"},\"image\":{\"@id\":\"https:\/\/testwebsite.citygame.com\/sr\/games\/unknown-location\/%d0%bf%d1%80%d0%be%d0%b8%d0%b7%d0%b2%d0%be%d0%b4-413\/#primaryimage\"},\"thumbnailUrl\":\"https:\/\/testwebsite.citygame.com\/wp-content\/blogs.dir\/1\/files\/sites\/62\/2026\/02\/sal-sherlock-city-game-players-looking-at-phone-near-beach.jpg\",\"datePublished\":\"2026-02-12T08:53:25+00:00\",\"dateModified\":\"2026-04-03T15:32:48+00:00\",\"description\":\"Sherlock Holmes Sal. Igrajte samostalnu misteriju ubistva u obliku Gradske igre, re\u0161avajte zagonetke, pratite tragove i otkrijte ubicu sopstvenim tempom!\",\"breadcrumb\":{\"@id\":\"https:\/\/testwebsite.citygame.com\/sr\/games\/unknown-location\/%d0%bf%d1%80%d0%be%d0%b8%d0%b7%d0%b2%d0%be%d0%b4-413\/#breadcrumb\"},\"inLanguage\":\"sr-RS\",\"potentialAction\":[{\"@type\":\"ReadAction\",\"target\":[\"https:\/\/testwebsite.citygame.com\/sr\/games\/unknown-location\/%d0%bf%d1%80%d0%be%d0%b8%d0%b7%d0%b2%d0%be%d0%b4-413\/\"]}]},{\"@type\":\"ImageObject\",\"inLanguage\":\"sr-RS\",\"@id\":\"https:\/\/testwebsite.citygame.com\/sr\/games\/unknown-location\/%d0%bf%d1%80%d0%be%d0%b8%d0%b7%d0%b2%d0%be%d0%b4-413\/#primaryimage\",\"url\":\"https:\/\/testwebsite.citygame.com\/wp-content\/blogs.dir\/1\/files\/sites\/62\/2026\/02\/sal-sherlock-city-game-players-looking-at-phone-near-beach.jpg\",\"contentUrl\":\"https:\/\/testwebsite.citygame.com\/wp-content\/blogs.dir\/1\/files\/sites\/62\/2026\/02\/sal-sherlock-city-game-players-looking-at-phone-near-beach.jpg\",\"width\":1024,\"height\":1024,\"caption\":\"A group of young people gather around a smartphone while playing a city game in Sal.\"},{\"@type\":\"BreadcrumbList\",\"@id\":\"https:\/\/testwebsite.citygame.com\/sr\/games\/unknown-location\/%d0%bf%d1%80%d0%be%d0%b8%d0%b7%d0%b2%d0%be%d0%b4-413\/#breadcrumb\",\"itemListElement\":[{\"@type\":\"ListItem\",\"position\":1,\"name\":\"Home\",\"item\":\"https:\/\/testwebsite.citygame.com\/sr\/\"},{\"@type\":\"ListItem\",\"position\":2,\"name\":\"Shop\",\"item\":\"https:\/\/testwebsite.citygame.com\/shop\/\"},{\"@type\":\"ListItem\",\"position\":3,\"name\":\"\u041f\u0440\u043e\u0438\u0437\u0432\u043e\u0434\"}]},{\"@type\":\"WebSite\",\"@id\":\"https:\/\/testwebsite.upevents.nl\/#website\",\"url\":\"https:\/\/testwebsite.upevents.nl\/\",\"name\":\"City Game\",\"description\":\"\",\"publisher\":{\"@id\":\"https:\/\/testwebsite.upevents.nl\/#organization\"},\"alternateName\":\"citygame.com\",\"potentialAction\":[{\"@type\":\"SearchAction\",\"target\":{\"@type\":\"EntryPoint\",\"urlTemplate\":\"https:\/\/testwebsite.upevents.nl\/?s={search_term_string}\"},\"query-input\":{\"@type\":\"PropertyValueSpecification\",\"valueRequired\":true,\"valueName\":\"search_term_string\"}}],\"inLanguage\":\"sr-RS\"},{\"@type\":[\"Organization\",\"Place\"],\"@id\":\"https:\/\/testwebsite.upevents.nl\/#organization\",\"name\":\"City Game\",\"alternateName\":\"citygame.com\",\"url\":\"https:\/\/testwebsite.upevents.nl\/\",\"logo\":{\"@id\":\"https:\/\/testwebsite.citygame.com\/sr\/games\/unknown-location\/%d0%bf%d1%80%d0%be%d0%b8%d0%b7%d0%b2%d0%be%d0%b4-413\/#local-main-organization-logo\"},\"image\":{\"@id\":\"https:\/\/testwebsite.citygame.com\/sr\/games\/unknown-location\/%d0%bf%d1%80%d0%be%d0%b8%d0%b7%d0%b2%d0%be%d0%b4-413\/#local-main-organization-logo\"},\"sameAs\":[\"https:\/\/www.facebook.com\/profile.php?id=100086426226253\",\"https:\/\/www.instagram.com\/citygame_com\",\"https:\/\/www.tiktok.com\/@citygamecom\/\",\"https:\/\/www.linkedin.com\/company\/citygame-com\"],\"description\":\"Turn any city into a playground with our interactive City Games and self-guided tours. Fun, flexible, and ideal for groups and team building.\",\"telephone\":[],\"openingHoursSpecification\":[{\"@type\":\"OpeningHoursSpecification\",\"dayOfWeek\":[\"Monday\",\"Tuesday\",\"Wednesday\",\"Thursday\",\"Friday\",\"Saturday\",\"Sunday\"],\"opens\":\"09:00\",\"closes\":\"17:00\"}]},{\"@type\":\"ImageObject\",\"inLanguage\":\"sr-RS\",\"@id\":\"https:\/\/testwebsite.citygame.com\/sr\/games\/unknown-location\/%d0%bf%d1%80%d0%be%d0%b8%d0%b7%d0%b2%d0%be%d0%b4-413\/#local-main-organization-logo\",\"url\":\"https:\/\/testwebsite.citygame.com\/wp-content\/blogs.dir\/1\/files\/sites\/62\/2025\/10\/CG_LOGO-City-Game.png\",\"contentUrl\":\"https:\/\/testwebsite.citygame.com\/wp-content\/blogs.dir\/1\/files\/sites\/62\/2025\/10\/CG_LOGO-City-Game.png\",\"width\":351,\"height\":377,\"caption\":\"City Game\"}]}<\/script>\n<!-- \/ Yoast SEO Premium plugin. -->","yoast_head_json":{"title":"\u041f\u0440\u043e\u0438\u0437\u0432\u043e\u0434 - City Game","description":"Sherlock Holmes Sal. Igrajte samostalnu misteriju ubistva u obliku Gradske igre, re\u0161avajte zagonetke, pratite tragove i otkrijte ubicu sopstvenim tempom!","robots":{"index":"noindex","follow":"follow","max-snippet":"max-snippet:-1","max-image-preview":"max-image-preview:large","max-video-preview":"max-video-preview:-1"},"og_locale":"sr_RS","og_type":"article","og_title":"\u041f\u0440\u043e\u0438\u0437\u0432\u043e\u0434","og_description":"Sherlock Holmes Sal. Igrajte samostalnu misteriju ubistva u obliku Gradske igre, re\u0161avajte zagonetke, pratite tragove i otkrijte ubicu sopstvenim tempom!","og_url":"https:\/\/testwebsite.citygame.com\/sr\/games\/unknown-location\/%d0%bf%d1%80%d0%be%d0%b8%d0%b7%d0%b2%d0%be%d0%b4-413\/","og_site_name":"City Game","article_publisher":"https:\/\/www.facebook.com\/profile.php?id=100086426226253","article_modified_time":"2026-04-03T15:32:48+00:00","og_image":[{"width":1024,"height":1024,"url":"https:\/\/testwebsite.citygame.com\/wp-content\/blogs.dir\/1\/files\/sites\/62\/2026\/02\/sal-sherlock-city-game-players-looking-at-phone-near-beach.jpg","type":"image\/jpeg"}],"twitter_card":"summary_large_image","schema":{"@context":"https:\/\/schema.org","@graph":[{"@type":"WebPage","@id":"https:\/\/testwebsite.citygame.com\/sr\/games\/unknown-location\/%d0%bf%d1%80%d0%be%d0%b8%d0%b7%d0%b2%d0%be%d0%b4-413\/","url":"https:\/\/testwebsite.citygame.com\/sr\/games\/unknown-location\/%d0%bf%d1%80%d0%be%d0%b8%d0%b7%d0%b2%d0%be%d0%b4-413\/","name":"\u041f\u0440\u043e\u0438\u0437\u0432\u043e\u0434 - City Game","isPartOf":{"@id":"https:\/\/testwebsite.upevents.nl\/#website"},"primaryImageOfPage":{"@id":"https:\/\/testwebsite.citygame.com\/sr\/games\/unknown-location\/%d0%bf%d1%80%d0%be%d0%b8%d0%b7%d0%b2%d0%be%d0%b4-413\/#primaryimage"},"image":{"@id":"https:\/\/testwebsite.citygame.com\/sr\/games\/unknown-location\/%d0%bf%d1%80%d0%be%d0%b8%d0%b7%d0%b2%d0%be%d0%b4-413\/#primaryimage"},"thumbnailUrl":"https:\/\/testwebsite.citygame.com\/wp-content\/blogs.dir\/1\/files\/sites\/62\/2026\/02\/sal-sherlock-city-game-players-looking-at-phone-near-beach.jpg","datePublished":"2026-02-12T08:53:25+00:00","dateModified":"2026-04-03T15:32:48+00:00","description":"Sherlock Holmes Sal. Igrajte samostalnu misteriju ubistva u obliku Gradske igre, re\u0161avajte zagonetke, pratite tragove i otkrijte ubicu sopstvenim tempom!","breadcrumb":{"@id":"https:\/\/testwebsite.citygame.com\/sr\/games\/unknown-location\/%d0%bf%d1%80%d0%be%d0%b8%d0%b7%d0%b2%d0%be%d0%b4-413\/#breadcrumb"},"inLanguage":"sr-RS","potentialAction":[{"@type":"ReadAction","target":["https:\/\/testwebsite.citygame.com\/sr\/games\/unknown-location\/%d0%bf%d1%80%d0%be%d0%b8%d0%b7%d0%b2%d0%be%d0%b4-413\/"]}]},{"@type":"ImageObject","inLanguage":"sr-RS","@id":"https:\/\/testwebsite.citygame.com\/sr\/games\/unknown-location\/%d0%bf%d1%80%d0%be%d0%b8%d0%b7%d0%b2%d0%be%d0%b4-413\/#primaryimage","url":"https:\/\/testwebsite.citygame.com\/wp-content\/blogs.dir\/1\/files\/sites\/62\/2026\/02\/sal-sherlock-city-game-players-looking-at-phone-near-beach.jpg","contentUrl":"https:\/\/testwebsite.citygame.com\/wp-content\/blogs.dir\/1\/files\/sites\/62\/2026\/02\/sal-sherlock-city-game-players-looking-at-phone-near-beach.jpg","width":1024,"height":1024,"caption":"A group of young people gather around a smartphone while playing a city game in Sal."},{"@type":"BreadcrumbList","@id":"https:\/\/testwebsite.citygame.com\/sr\/games\/unknown-location\/%d0%bf%d1%80%d0%be%d0%b8%d0%b7%d0%b2%d0%be%d0%b4-413\/#breadcrumb","itemListElement":[{"@type":"ListItem","position":1,"name":"Home","item":"https:\/\/testwebsite.citygame.com\/sr\/"},{"@type":"ListItem","position":2,"name":"Shop","item":"https:\/\/testwebsite.citygame.com\/shop\/"},{"@type":"ListItem","position":3,"name":"\u041f\u0440\u043e\u0438\u0437\u0432\u043e\u0434"}]},{"@type":"WebSite","@id":"https:\/\/testwebsite.upevents.nl\/#website","url":"https:\/\/testwebsite.upevents.nl\/","name":"City Game","description":"","publisher":{"@id":"https:\/\/testwebsite.upevents.nl\/#organization"},"alternateName":"citygame.com","potentialAction":[{"@type":"SearchAction","target":{"@type":"EntryPoint","urlTemplate":"https:\/\/testwebsite.upevents.nl\/?s={search_term_string}"},"query-input":{"@type":"PropertyValueSpecification","valueRequired":true,"valueName":"search_term_string"}}],"inLanguage":"sr-RS"},{"@type":["Organization","Place"],"@id":"https:\/\/testwebsite.upevents.nl\/#organization","name":"City Game","alternateName":"citygame.com","url":"https:\/\/testwebsite.upevents.nl\/","logo":{"@id":"https:\/\/testwebsite.citygame.com\/sr\/games\/unknown-location\/%d0%bf%d1%80%d0%be%d0%b8%d0%b7%d0%b2%d0%be%d0%b4-413\/#local-main-organization-logo"},"image":{"@id":"https:\/\/testwebsite.citygame.com\/sr\/games\/unknown-location\/%d0%bf%d1%80%d0%be%d0%b8%d0%b7%d0%b2%d0%be%d0%b4-413\/#local-main-organization-logo"},"sameAs":["https:\/\/www.facebook.com\/profile.php?id=100086426226253","https:\/\/www.instagram.com\/citygame_com","https:\/\/www.tiktok.com\/@citygamecom\/","https:\/\/www.linkedin.com\/company\/citygame-com"],"description":"Turn any city into a playground with our interactive City Games and self-guided tours. Fun, flexible, and ideal for groups and team building.","telephone":[],"openingHoursSpecification":[{"@type":"OpeningHoursSpecification","dayOfWeek":["Monday","Tuesday","Wednesday","Thursday","Friday","Saturday","Sunday"],"opens":"09:00","closes":"17:00"}]},{"@type":"ImageObject","inLanguage":"sr-RS","@id":"https:\/\/testwebsite.citygame.com\/sr\/games\/unknown-location\/%d0%bf%d1%80%d0%be%d0%b8%d0%b7%d0%b2%d0%be%d0%b4-413\/#local-main-organization-logo","url":"https:\/\/testwebsite.citygame.com\/wp-content\/blogs.dir\/1\/files\/sites\/62\/2025\/10\/CG_LOGO-City-Game.png","contentUrl":"https:\/\/testwebsite.citygame.com\/wp-content\/blogs.dir\/1\/files\/sites\/62\/2025\/10\/CG_LOGO-City-Game.png","width":351,"height":377,"caption":"City Game"}]}},"taxonomy_info":{"game-concept":[{"value":38,"label":"Sherlock"}],"product_cat":[{"value":27,"label":"Geen categorie"}]},"featured_image_src_large":["https:\/\/testwebsite.citygame.com\/wp-content\/blogs.dir\/1\/files\/sites\/62\/2026\/02\/sal-sherlock-city-game-players-looking-at-phone-near-beach.jpg",1024,1024,false],"author_info":[],"comment_info":"","_links":{"self":[{"href":"https:\/\/testwebsite.citygame.com\/sr\/wp-json\/wp\/v2\/product\/47501","targetHints":{"allow":["GET"]}}],"collection":[{"href":"https:\/\/testwebsite.citygame.com\/sr\/wp-json\/wp\/v2\/product"}],"about":[{"href":"https:\/\/testwebsite.citygame.com\/sr\/wp-json\/wp\/v2\/types\/product"}],"acf:post":[{"embeddable":true,"href":"https:\/\/testwebsite.citygame.com\/sr\/wp-json\/wp\/v2\/pages\/12758"}],"wp:featuredmedia":[{"embeddable":true,"href":"https:\/\/testwebsite.citygame.com\/sr\/wp-json\/wp\/v2\/media\/12760"}],"wp:attachment":[{"href":"https:\/\/testwebsite.citygame.com\/sr\/wp-json\/wp\/v2\/media?parent=47501"}],"wp:term":[{"taxonomy":"game-concept","embeddable":true,"href":"https:\/\/testwebsite.citygame.com\/sr\/wp-json\/wp\/v2\/game-concept?post=47501"},{"taxonomy":"location","embeddable":true,"href":"https:\/\/testwebsite.citygame.com\/sr\/wp-json\/wp\/v2\/location?post=47501"},{"taxonomy":"product_brand","embeddable":true,"href":"https:\/\/testwebsite.citygame.com\/sr\/wp-json\/wp\/v2\/product_brand?post=47501"},{"taxonomy":"product_cat","embeddable":true,"href":"https:\/\/testwebsite.citygame.com\/sr\/wp-json\/wp\/v2\/product_cat?post=47501"},{"taxonomy":"product_tag","embeddable":true,"href":"https:\/\/testwebsite.citygame.com\/sr\/wp-json\/wp\/v2\/product_tag?post=47501"}],"curies":[{"name":"wp","href":"https:\/\/api.w.org\/{rel}","templated":true}]}}