{"id":68090,"date":"2026-01-15T12:22:48","date_gmt":"2026-01-15T12:22:48","guid":{"rendered":"https:\/\/testwebsite.citygame.com\/games\/unknown-location\/secrets-of-zurich\/"},"modified":"2026-04-09T10:31:07","modified_gmt":"2026-04-09T10:31:07","slug":"secrets-of-zurich","status":"publish","type":"product","link":"https:\/\/testwebsite.citygame.com\/sl\/games\/zurich\/secrets-of-zurich\/","title":{"rendered":"Secrets of Zurich"},"content":{"rendered":"<p>Mestna igra Zurich je samovoden mestni sprehod, ki poteka v zgodovinskem sredi\u0161\u010du Z\u00fcricha. Ta igra, ki temelji na GPS-u, vabi igralce, da raziskujejo mesto s svojim pametnim telefonom, medtem ko re\u0161ujejo uganke, zagonetke in foto izzive. Kot raziskovalna igra ponuja zabaven in interaktiven na\u010din odkrivanja zgodovine, kulture in skritih podrobnosti Z\u00fcricha v va\u0161em ritmu. Zasnovana je tako za obiskovalce kot za doma\u010dine, izku\u0161nja je prilagodljiva in privla\u010dna. Ne glede na to, ali raziskujete sami, s partnerjem ali v skupini dru\u017eine ali prijateljev, ta igra, ki temelji na GPS-u, ponuja edinstven na\u010din za ogled Z\u00fcricha.<\/p>\n","protected":false},"excerpt":{"rendered":"<p>Pri\u017egite z\u00fcri\u0161ko iskro reformacije! Od ble\u0161\u010de\u010dih bregov Limmat do zgodovinskih cerkva in \u017eivahnih kavarn, re\u0161ujte namige in pomagajte Huldrychu Zwingliju najti Razpravni zvitek, medtem ko se zgodovina in najsodobnej\u0161a kultura prepletata v razburljivi mestni dirki.<\/p>\n","protected":false},"featured_media":4036,"template":"","meta":{"_acf_changed":false,"_yoast_wpseo_focuskw":"Secrets of Zurich","_yoast_wpseo_metadesc":"Secrets of Zurich. Igrajte samovoden mestni sprehod in raziskujte mesto skozi uganke, zagonetke in izzive. Igrajte v svojem ritmu in odkrivajte kot doma\u010din!","_kad_blocks_custom_css":"","_kad_blocks_head_custom_js":"","_kad_blocks_body_custom_js":"","_kad_blocks_footer_custom_js":"","ghostkit_customizer_options":"","ghostkit_custom_css":"","ghostkit_custom_js_head":"","ghostkit_custom_js_foot":"","ghostkit_typography":"","_kad_post_transparent":"","_kad_post_title":"","_kad_post_layout":"","_kad_post_sidebar_id":"","_kad_post_content_style":"","_kad_post_vertical_padding":"","_kad_post_feature":"","_kad_post_feature_position":"","_kad_post_header":false,"_kad_post_footer":false,"_kad_post_classname":"","_links_to":"","_links_to_target":""},"game-concept":[728],"location":[437],"product_brand":[],"product_cat":[27],"product_tag":[],"class_list":{"0":"post-68090","1":"product","2":"type-product","3":"status-publish","4":"has-post-thumbnail","6":"game-concept-secrets","7":"location-zurich","8":"product_cat-geen-categorie","10":"first","11":"instock","12":"shipping-taxable","13":"purchasable","14":"product-type-simple","15":"entry","16":"content-bg","17":"loop-entry"},"acf":{"full_bokun_product_name":"Self-Guided Secrets of Z\u00fcrich Exploration Game","location_name":"Zurich","bokun_calendar_widget_code":"<script type=\"text\/javascript\" src=\"https:\/\/widgets.bokun.io\/assets\/javascripts\/apps\/build\/BokunWidgetsLoader.js?bookingChannelUUID=a1e93e96-5232-4734-a595-28405f4b5a31\" async><\/script>\n     \n    <div class=\"bokunWidget\" data-src=\"https:\/\/widgets.bokun.io\/online-sales\/a1e93e96-5232-4734-a595-28405f4b5a31\/experience-calendar\/1106468\"><\/div>\n    <noscript>Please enable javascript in your browser to book<\/noscript>","bokun_button_widget_code":"<script type=\"text\/javascript\" src=\"https:\/\/widgets.bokun.io\/assets\/javascripts\/apps\/build\/BokunWidgetsLoader.js?bookingChannelUUID=a1e93e96-5232-4734-a595-28405f4b5a31\" async><\/script>\n      <style> #bokun_ed001e45_5927_4f62_b470_ca766338d083 { display: inline-block; padding: .4em 1em; background: #47b82e; border-radius: 999999px; box-shadow: none; font-weight: 600; font-size: 24px; text-decoration: none; text-align: center; color: #FFFFFF; border:none; cursor: pointer; transition: background .2s ease; } #bokun_ed001e45_5927_4f62_b470_ca766338d083:hover{ background: #2f7b1f; } #bokun_ed001e45_5927_4f62_b470_ca766338d083:active{ background: #378f24; } <\/style> <button class=\"bokunButton\" disabled id=bokun_ed001e45_5927_4f62_b470_ca766338d083 data-src=\"https:\/\/widgets.bokun.io\/online-sales\/a1e93e96-5232-4734-a595-28405f4b5a31\/experience-calendar\/1106468?partialView=1\" data-testid=\"widget-book-button\" > Book now <\/button> ","what_you\u2019ll_experience_during_the_game":"Med napredovanjem skozi mestno igro Secrets of Zurich boste krmarili po vijugastih ulicah in \u0161irokih bulvarjih, medtem ko boste razkrivali zgodbo, ki prepleta zgodovino in domi\u0161ljijo v eno samo izku\u0161njo. Pot vas bo popeljala do priznanih znamenitosti in skritih koti\u010dkov, kar vam bo ponudilo sve\u017e pogled na ve\u010dplastno preteklost in sedanjost Z\u00fcricha. Na poti boste naleteli na kraje, kot so mogo\u010dna cerkev Grossm\u00fcnster, atmosferi\u010dni Cabaret Voltaire in ble\u0161\u010de\u010da eleganca ulice Bahnhofstrasse. Skriti dragulji, kot je kanalizacijski tunel Ehgraben za Schiffl\u00e4nde ali Hedwigov vodnjak na hribu Lindenhof, ponujajo presene\u010denja, zaradi katerih se mesto zdi na novo odkrito. Med igro boste re\u0161evali uganke, opravljali ustvarjalne foto naloge in se spopadli z zagonetkami, ki razkrivajo ve\u010d o razvijajo\u010di se zgodbi. Vsak izziv vam prinese to\u010dke in namige, kar vam pomaga, da se pribli\u017eate razre\u0161itvi kon\u010dne skrivnosti, edinstvene za zna\u010daj Z\u00fcricha. Igro lahko kadar koli prekinete in nadaljujete, kadar koli \u017eelite, kar vam omogo\u010da raziskovanje mesta v va\u0161em ritmu. Za tiste s tekmovalnim duhom je na voljo lestvica, kjer lahko ekipe spremljajo svoj napredek in si prizadevajo za najbolj\u0161i rezultat.","how_to_play":"Po rezervaciji boste prejeli e-po\u0161to z neposredno povezavo za igranje. Odpravite se na za\u010detno lokacijo pri kanalizacijskem tunelu Ehgraben, Schiffl\u00e4nde, odprite povezavo in takoj za\u010dnite svoje potovanje. Igra se izvaja neposredno v va\u0161em mobilnem brskalniku, zato ni potrebna nobena namestitev aplikacije. Igro lahko kadar koli prekinete in nadaljujete, kar jo dela popolno prilagodljivo dejavnost za raziskovanje Z\u00fcricha v va\u0161em ritmu.","start_location":"Z\u00fcrich, Ehgraben sewer tunnel, Schiffl\u00e4nde","available_languages":[],"players_per_group":"1-4","duration":"1.5-2 hours","image_overlay_color_image":"https:\/\/testwebsite.citygame.com\/wp-content\/blogs.dir\/1\/files\/sites\/62\/2026\/01\/SecretsColor.svg","image_overlay_game_logo":"https:\/\/testwebsite.citygame.com\/wp-content\/blogs.dir\/1\/files\/sites\/62\/2026\/01\/SecretsLogo.png","city_page":12015,"woocommerce_general_content":null},"yoast_head":"<!-- This site is optimized with the Yoast SEO Premium plugin v26.2 (Yoast SEO v26.3) - https:\/\/yoast.com\/wordpress\/plugins\/seo\/ -->\n<title>Secrets of Zurich - City Game<\/title>\n<meta name=\"description\" content=\"Secrets of Zurich. Igrajte samovoden mestni sprehod in raziskujte mesto skozi uganke, zagonetke in izzive. Igrajte v svojem ritmu in odkrivajte kot doma\u010din!\" \/>\n<meta name=\"robots\" content=\"noindex, follow, max-snippet:-1, max-image-preview:large, max-video-preview:-1\" \/>\n<meta property=\"og:locale\" content=\"sl_SI\" \/>\n<meta property=\"og:type\" content=\"article\" \/>\n<meta property=\"og:title\" content=\"Secrets of Zurich\" \/>\n<meta property=\"og:description\" content=\"Secrets of Zurich. Igrajte samovoden mestni sprehod in raziskujte mesto skozi uganke, zagonetke in izzive. Igrajte v svojem ritmu in odkrivajte kot doma\u010din!\" \/>\n<meta property=\"og:url\" content=\"https:\/\/testwebsite.citygame.com\/sl\/games\/zurich\/secrets-of-zurich\/\" \/>\n<meta property=\"og:site_name\" content=\"City Game\" \/>\n<meta property=\"article:publisher\" content=\"https:\/\/www.facebook.com\/profile.php?id=100086426226253\" \/>\n<meta property=\"article:modified_time\" content=\"2026-04-09T10:31:07+00:00\" \/>\n<meta property=\"og:image\" content=\"https:\/\/testwebsite.citygame.com\/wp-content\/blogs.dir\/1\/files\/sites\/62\/2026\/01\/zurich-player-on-city-street-with-phone.jpg\" \/>\n\t<meta property=\"og:image:width\" content=\"1024\" \/>\n\t<meta property=\"og:image:height\" content=\"1024\" \/>\n\t<meta property=\"og:image:type\" content=\"image\/jpeg\" \/>\n<meta name=\"twitter:card\" content=\"summary_large_image\" \/>\n<meta name=\"twitter:label1\" content=\"Est. reading time\" \/>\n\t<meta name=\"twitter:data1\" content=\"1 minuta\" \/>\n<script type=\"application\/ld+json\" class=\"yoast-schema-graph\">{\"@context\":\"https:\/\/schema.org\",\"@graph\":[{\"@type\":\"WebPage\",\"@id\":\"https:\/\/testwebsite.citygame.com\/sl\/games\/zurich\/secrets-of-zurich\/\",\"url\":\"https:\/\/testwebsite.citygame.com\/sl\/games\/zurich\/secrets-of-zurich\/\",\"name\":\"Secrets of Zurich - City Game\",\"isPartOf\":{\"@id\":\"https:\/\/testwebsite.upevents.nl\/#website\"},\"primaryImageOfPage\":{\"@id\":\"https:\/\/testwebsite.citygame.com\/sl\/games\/zurich\/secrets-of-zurich\/#primaryimage\"},\"image\":{\"@id\":\"https:\/\/testwebsite.citygame.com\/sl\/games\/zurich\/secrets-of-zurich\/#primaryimage\"},\"thumbnailUrl\":\"https:\/\/testwebsite.citygame.com\/wp-content\/blogs.dir\/1\/files\/sites\/62\/2026\/01\/zurich-player-on-city-street-with-phone.jpg\",\"datePublished\":\"2026-01-15T12:22:48+00:00\",\"dateModified\":\"2026-04-09T10:31:07+00:00\",\"description\":\"Secrets of Zurich. Igrajte samovoden mestni sprehod in raziskujte mesto skozi uganke, zagonetke in izzive. Igrajte v svojem ritmu in odkrivajte kot doma\u010din!\",\"breadcrumb\":{\"@id\":\"https:\/\/testwebsite.citygame.com\/sl\/games\/zurich\/secrets-of-zurich\/#breadcrumb\"},\"inLanguage\":\"sl-SI\",\"potentialAction\":[{\"@type\":\"ReadAction\",\"target\":[\"https:\/\/testwebsite.citygame.com\/sl\/games\/zurich\/secrets-of-zurich\/\"]}]},{\"@type\":\"ImageObject\",\"inLanguage\":\"sl-SI\",\"@id\":\"https:\/\/testwebsite.citygame.com\/sl\/games\/zurich\/secrets-of-zurich\/#primaryimage\",\"url\":\"https:\/\/testwebsite.citygame.com\/wp-content\/blogs.dir\/1\/files\/sites\/62\/2026\/01\/zurich-player-on-city-street-with-phone.jpg\",\"contentUrl\":\"https:\/\/testwebsite.citygame.com\/wp-content\/blogs.dir\/1\/files\/sites\/62\/2026\/01\/zurich-player-on-city-street-with-phone.jpg\",\"width\":1024,\"height\":1024,\"caption\":\"A player explores the streets of Zurich while playing a game on her smartphone.\"},{\"@type\":\"BreadcrumbList\",\"@id\":\"https:\/\/testwebsite.citygame.com\/sl\/games\/zurich\/secrets-of-zurich\/#breadcrumb\",\"itemListElement\":[{\"@type\":\"ListItem\",\"position\":1,\"name\":\"Home\",\"item\":\"https:\/\/testwebsite.citygame.com\/sl\/\"},{\"@type\":\"ListItem\",\"position\":2,\"name\":\"Shop\",\"item\":\"https:\/\/testwebsite.citygame.com\/shop\/\"},{\"@type\":\"ListItem\",\"position\":3,\"name\":\"Secrets of Zurich\"}]},{\"@type\":\"WebSite\",\"@id\":\"https:\/\/testwebsite.upevents.nl\/#website\",\"url\":\"https:\/\/testwebsite.upevents.nl\/\",\"name\":\"City Game\",\"description\":\"\",\"publisher\":{\"@id\":\"https:\/\/testwebsite.upevents.nl\/#organization\"},\"alternateName\":\"citygame.com\",\"potentialAction\":[{\"@type\":\"SearchAction\",\"target\":{\"@type\":\"EntryPoint\",\"urlTemplate\":\"https:\/\/testwebsite.upevents.nl\/?s={search_term_string}\"},\"query-input\":{\"@type\":\"PropertyValueSpecification\",\"valueRequired\":true,\"valueName\":\"search_term_string\"}}],\"inLanguage\":\"sl-SI\"},{\"@type\":[\"Organization\",\"Place\"],\"@id\":\"https:\/\/testwebsite.upevents.nl\/#organization\",\"name\":\"City Game\",\"alternateName\":\"citygame.com\",\"url\":\"https:\/\/testwebsite.upevents.nl\/\",\"logo\":{\"@id\":\"https:\/\/testwebsite.citygame.com\/sl\/games\/zurich\/secrets-of-zurich\/#local-main-organization-logo\"},\"image\":{\"@id\":\"https:\/\/testwebsite.citygame.com\/sl\/games\/zurich\/secrets-of-zurich\/#local-main-organization-logo\"},\"sameAs\":[\"https:\/\/www.facebook.com\/profile.php?id=100086426226253\",\"https:\/\/www.instagram.com\/citygame_com\",\"https:\/\/www.tiktok.com\/@citygamecom\/\",\"https:\/\/www.linkedin.com\/company\/citygame-com\"],\"description\":\"Turn any city into a playground with our interactive City Games and self-guided tours. Fun, flexible, and ideal for groups and team building.\",\"telephone\":[],\"openingHoursSpecification\":[{\"@type\":\"OpeningHoursSpecification\",\"dayOfWeek\":[\"Monday\",\"Tuesday\",\"Wednesday\",\"Thursday\",\"Friday\",\"Saturday\",\"Sunday\"],\"opens\":\"09:00\",\"closes\":\"17:00\"}]},{\"@type\":\"ImageObject\",\"inLanguage\":\"sl-SI\",\"@id\":\"https:\/\/testwebsite.citygame.com\/sl\/games\/zurich\/secrets-of-zurich\/#local-main-organization-logo\",\"url\":\"https:\/\/testwebsite.citygame.com\/wp-content\/blogs.dir\/1\/files\/sites\/62\/2025\/10\/CG_LOGO-City-Game.png\",\"contentUrl\":\"https:\/\/testwebsite.citygame.com\/wp-content\/blogs.dir\/1\/files\/sites\/62\/2025\/10\/CG_LOGO-City-Game.png\",\"width\":351,\"height\":377,\"caption\":\"City Game\"}]}<\/script>\n<!-- \/ Yoast SEO Premium plugin. -->","yoast_head_json":{"title":"Secrets of Zurich - City Game","description":"Secrets of Zurich. Igrajte samovoden mestni sprehod in raziskujte mesto skozi uganke, zagonetke in izzive. Igrajte v svojem ritmu in odkrivajte kot doma\u010din!","robots":{"index":"noindex","follow":"follow","max-snippet":"max-snippet:-1","max-image-preview":"max-image-preview:large","max-video-preview":"max-video-preview:-1"},"og_locale":"sl_SI","og_type":"article","og_title":"Secrets of Zurich","og_description":"Secrets of Zurich. Igrajte samovoden mestni sprehod in raziskujte mesto skozi uganke, zagonetke in izzive. Igrajte v svojem ritmu in odkrivajte kot doma\u010din!","og_url":"https:\/\/testwebsite.citygame.com\/sl\/games\/zurich\/secrets-of-zurich\/","og_site_name":"City Game","article_publisher":"https:\/\/www.facebook.com\/profile.php?id=100086426226253","article_modified_time":"2026-04-09T10:31:07+00:00","og_image":[{"width":1024,"height":1024,"url":"https:\/\/testwebsite.citygame.com\/wp-content\/blogs.dir\/1\/files\/sites\/62\/2026\/01\/zurich-player-on-city-street-with-phone.jpg","type":"image\/jpeg"}],"twitter_card":"summary_large_image","twitter_misc":{"Est. reading time":"1 minuta"},"schema":{"@context":"https:\/\/schema.org","@graph":[{"@type":"WebPage","@id":"https:\/\/testwebsite.citygame.com\/sl\/games\/zurich\/secrets-of-zurich\/","url":"https:\/\/testwebsite.citygame.com\/sl\/games\/zurich\/secrets-of-zurich\/","name":"Secrets of Zurich - City Game","isPartOf":{"@id":"https:\/\/testwebsite.upevents.nl\/#website"},"primaryImageOfPage":{"@id":"https:\/\/testwebsite.citygame.com\/sl\/games\/zurich\/secrets-of-zurich\/#primaryimage"},"image":{"@id":"https:\/\/testwebsite.citygame.com\/sl\/games\/zurich\/secrets-of-zurich\/#primaryimage"},"thumbnailUrl":"https:\/\/testwebsite.citygame.com\/wp-content\/blogs.dir\/1\/files\/sites\/62\/2026\/01\/zurich-player-on-city-street-with-phone.jpg","datePublished":"2026-01-15T12:22:48+00:00","dateModified":"2026-04-09T10:31:07+00:00","description":"Secrets of Zurich. Igrajte samovoden mestni sprehod in raziskujte mesto skozi uganke, zagonetke in izzive. Igrajte v svojem ritmu in odkrivajte kot doma\u010din!","breadcrumb":{"@id":"https:\/\/testwebsite.citygame.com\/sl\/games\/zurich\/secrets-of-zurich\/#breadcrumb"},"inLanguage":"sl-SI","potentialAction":[{"@type":"ReadAction","target":["https:\/\/testwebsite.citygame.com\/sl\/games\/zurich\/secrets-of-zurich\/"]}]},{"@type":"ImageObject","inLanguage":"sl-SI","@id":"https:\/\/testwebsite.citygame.com\/sl\/games\/zurich\/secrets-of-zurich\/#primaryimage","url":"https:\/\/testwebsite.citygame.com\/wp-content\/blogs.dir\/1\/files\/sites\/62\/2026\/01\/zurich-player-on-city-street-with-phone.jpg","contentUrl":"https:\/\/testwebsite.citygame.com\/wp-content\/blogs.dir\/1\/files\/sites\/62\/2026\/01\/zurich-player-on-city-street-with-phone.jpg","width":1024,"height":1024,"caption":"A player explores the streets of Zurich while playing a game on her smartphone."},{"@type":"BreadcrumbList","@id":"https:\/\/testwebsite.citygame.com\/sl\/games\/zurich\/secrets-of-zurich\/#breadcrumb","itemListElement":[{"@type":"ListItem","position":1,"name":"Home","item":"https:\/\/testwebsite.citygame.com\/sl\/"},{"@type":"ListItem","position":2,"name":"Shop","item":"https:\/\/testwebsite.citygame.com\/shop\/"},{"@type":"ListItem","position":3,"name":"Secrets of Zurich"}]},{"@type":"WebSite","@id":"https:\/\/testwebsite.upevents.nl\/#website","url":"https:\/\/testwebsite.upevents.nl\/","name":"City Game","description":"","publisher":{"@id":"https:\/\/testwebsite.upevents.nl\/#organization"},"alternateName":"citygame.com","potentialAction":[{"@type":"SearchAction","target":{"@type":"EntryPoint","urlTemplate":"https:\/\/testwebsite.upevents.nl\/?s={search_term_string}"},"query-input":{"@type":"PropertyValueSpecification","valueRequired":true,"valueName":"search_term_string"}}],"inLanguage":"sl-SI"},{"@type":["Organization","Place"],"@id":"https:\/\/testwebsite.upevents.nl\/#organization","name":"City Game","alternateName":"citygame.com","url":"https:\/\/testwebsite.upevents.nl\/","logo":{"@id":"https:\/\/testwebsite.citygame.com\/sl\/games\/zurich\/secrets-of-zurich\/#local-main-organization-logo"},"image":{"@id":"https:\/\/testwebsite.citygame.com\/sl\/games\/zurich\/secrets-of-zurich\/#local-main-organization-logo"},"sameAs":["https:\/\/www.facebook.com\/profile.php?id=100086426226253","https:\/\/www.instagram.com\/citygame_com","https:\/\/www.tiktok.com\/@citygamecom\/","https:\/\/www.linkedin.com\/company\/citygame-com"],"description":"Turn any city into a playground with our interactive City Games and self-guided tours. Fun, flexible, and ideal for groups and team building.","telephone":[],"openingHoursSpecification":[{"@type":"OpeningHoursSpecification","dayOfWeek":["Monday","Tuesday","Wednesday","Thursday","Friday","Saturday","Sunday"],"opens":"09:00","closes":"17:00"}]},{"@type":"ImageObject","inLanguage":"sl-SI","@id":"https:\/\/testwebsite.citygame.com\/sl\/games\/zurich\/secrets-of-zurich\/#local-main-organization-logo","url":"https:\/\/testwebsite.citygame.com\/wp-content\/blogs.dir\/1\/files\/sites\/62\/2025\/10\/CG_LOGO-City-Game.png","contentUrl":"https:\/\/testwebsite.citygame.com\/wp-content\/blogs.dir\/1\/files\/sites\/62\/2025\/10\/CG_LOGO-City-Game.png","width":351,"height":377,"caption":"City Game"}]}},"taxonomy_info":{"game-concept":[{"value":728,"label":"Secrets"}],"location":[{"value":437,"label":"Zurich"}],"product_cat":[{"value":27,"label":"Geen categorie"}]},"featured_image_src_large":["https:\/\/testwebsite.citygame.com\/wp-content\/blogs.dir\/1\/files\/sites\/62\/2026\/01\/zurich-player-on-city-street-with-phone.jpg",1024,1024,false],"author_info":[],"comment_info":"","_links":{"self":[{"href":"https:\/\/testwebsite.citygame.com\/sl\/wp-json\/wp\/v2\/product\/68090","targetHints":{"allow":["GET"]}}],"collection":[{"href":"https:\/\/testwebsite.citygame.com\/sl\/wp-json\/wp\/v2\/product"}],"about":[{"href":"https:\/\/testwebsite.citygame.com\/sl\/wp-json\/wp\/v2\/types\/product"}],"acf:post":[{"embeddable":true,"href":"https:\/\/testwebsite.citygame.com\/sl\/wp-json\/wp\/v2\/pages\/12015"}],"wp:featuredmedia":[{"embeddable":true,"href":"https:\/\/testwebsite.citygame.com\/sl\/wp-json\/wp\/v2\/media\/4036"}],"wp:attachment":[{"href":"https:\/\/testwebsite.citygame.com\/sl\/wp-json\/wp\/v2\/media?parent=68090"}],"wp:term":[{"taxonomy":"game-concept","embeddable":true,"href":"https:\/\/testwebsite.citygame.com\/sl\/wp-json\/wp\/v2\/game-concept?post=68090"},{"taxonomy":"location","embeddable":true,"href":"https:\/\/testwebsite.citygame.com\/sl\/wp-json\/wp\/v2\/location?post=68090"},{"taxonomy":"product_brand","embeddable":true,"href":"https:\/\/testwebsite.citygame.com\/sl\/wp-json\/wp\/v2\/product_brand?post=68090"},{"taxonomy":"product_cat","embeddable":true,"href":"https:\/\/testwebsite.citygame.com\/sl\/wp-json\/wp\/v2\/product_cat?post=68090"},{"taxonomy":"product_tag","embeddable":true,"href":"https:\/\/testwebsite.citygame.com\/sl\/wp-json\/wp\/v2\/product_tag?post=68090"}],"curies":[{"name":"wp","href":"https:\/\/api.w.org\/{rel}","templated":true}]}}