{"id":67668,"date":"2026-02-06T10:47:39","date_gmt":"2026-02-06T10:47:39","guid":{"rendered":"https:\/\/testwebsite.citygame.com\/games\/unknown-location\/sherlock-holmes-santa-cruz-de-la-sierra\/"},"modified":"2026-04-09T09:33:16","modified_gmt":"2026-04-09T09:33:16","slug":"sherlock-holmes-santa-cruz-de-la-sierra","status":"publish","type":"product","link":"https:\/\/testwebsite.citygame.com\/sl\/games\/santa-cruz-de-la-sierra\/sherlock-holmes-santa-cruz-de-la-sierra\/","title":{"rendered":"Sherlock Holmes Santa Cruz de la Sierra"},"content":{"rendered":"<p>Stopite v svet Sherlocka Holmesa s samovodeno, zgodbo vodeno detektivsko igro umorov City Game, postavljeno v sredi\u0161\u010de mesta Santa Cruz de la Sierra. Ko \u0161okantna smrt pretrese Liberty Festival, prevzamete vlogo detektiva in razvozlavate preiskavo po mestu z zbiranjem sledi, re\u0161evanjem skrivnostnih ugank in zasli\u0161evanjem digitalnih osumljencev. Ta poglobljena izku\u0161nja, zasnovana za igranje povsem v va\u0161em ritmu, vas postavi v sredi\u0161\u010de skrivnosti, saj postopoma prihajajo na dan skrivnosti mesta Santa Cruz de la Sierra.<\/p>\n","protected":false},"excerpt":{"rendered":"<p>Stopite v \u010devlje ikoni\u010dnega Sherlocka Holmesa, v napeti, samovodeni detektivski igri umorov, postavljeni v Santa Cruz de la Sierra. Z razvozlavanjem sledi in re\u0161evanjem zapletenih ugank ste vi in va\u0161a ekipa na vznemirljivem zasledovanju resnice \u2013 igra se je za\u010dela!<\/p>\n","protected":false},"featured_media":11216,"template":"","meta":{"_acf_changed":false,"_yoast_wpseo_focuskw":"Sherlock Holmes Santa Cruz de la Sierra","_yoast_wpseo_metadesc":"Sherlock Holmes Santa Cruz de la Sierra. Igrajte samovodeno detektivsko igro umorov City Game, re\u0161ujte uganke, sledite namigom in odkrijte morilca v svojem ritmu!","_kad_blocks_custom_css":"","_kad_blocks_head_custom_js":"","_kad_blocks_body_custom_js":"","_kad_blocks_footer_custom_js":"","ghostkit_customizer_options":"","ghostkit_custom_css":"","ghostkit_custom_js_head":"","ghostkit_custom_js_foot":"","ghostkit_typography":"","_kad_post_transparent":"","_kad_post_title":"","_kad_post_layout":"","_kad_post_sidebar_id":"","_kad_post_content_style":"","_kad_post_vertical_padding":"","_kad_post_feature":"","_kad_post_feature_position":"","_kad_post_header":false,"_kad_post_footer":false,"_kad_post_classname":"","_links_to":"","_links_to_target":""},"game-concept":[789],"location":[512],"product_brand":[],"product_cat":[27],"product_tag":[],"class_list":{"0":"post-67668","1":"product","2":"type-product","3":"status-publish","4":"has-post-thumbnail","6":"game-concept-sherlock","7":"location-santa-cruz-de-la-sierra","8":"product_cat-geen-categorie","10":"first","11":"instock","12":"shipping-taxable","13":"purchasable","14":"product-type-simple","15":"entry","16":"content-bg","17":"loop-entry"},"acf":{"full_bokun_product_name":"Santa Cruz de la Sierra Self-Guided Sherlock Holmes Murder Mystery Game","location_name":"Santa Cruz de la Sierra","bokun_calendar_widget_code":"<script type=\"text\/javascript\" src=\"https:\/\/widgets.bokun.io\/assets\/javascripts\/apps\/build\/BokunWidgetsLoader.js?bookingChannelUUID=a1e93e96-5232-4734-a595-28405f4b5a31\" async><\/script>\n     \n    <div class=\"bokunWidget\" data-src=\"https:\/\/widgets.bokun.io\/online-sales\/a1e93e96-5232-4734-a595-28405f4b5a31\/experience-calendar\/734159\"><\/div>\n    <noscript>Please enable javascript in your browser to book<\/noscript>","bokun_button_widget_code":"<script type=\"text\/javascript\" src=\"https:\/\/widgets.bokun.io\/assets\/javascripts\/apps\/build\/BokunWidgetsLoader.js?bookingChannelUUID=a1e93e96-5232-4734-a595-28405f4b5a31\" async><\/script>\n      <style> #bokun_ed001e45_5927_4f62_b470_ca766338d083 { display: inline-block; padding: .4em 1em; background: #47b82e; border-radius: 999999px; box-shadow: none; font-weight: 600; font-size: 24px; text-decoration: none; text-align: center; color: #FFFFFF; border:none; cursor: pointer; transition: background .2s ease; } #bokun_ed001e45_5927_4f62_b470_ca766338d083:hover{ background: #2f7b1f; } #bokun_ed001e45_5927_4f62_b470_ca766338d083:active{ background: #378f24; } <\/style> <button class=\"bokunButton\" disabled id=bokun_ed001e45_5927_4f62_b470_ca766338d083 data-src=\"https:\/\/widgets.bokun.io\/online-sales\/a1e93e96-5232-4734-a595-28405f4b5a31\/experience-calendar\/734159?partialView=1\" data-testid=\"widget-book-button\" > Book now <\/button> ","what_you\u2019ll_experience_during_the_game":"Stopite v napeto detektivsko zgodbo, postavljeno v osr\u010dje mesta Santa Cruz de la Sierra, kjer vsaka ulica in vogal postaneta del razvijajo\u010de se skrivnosti. Ko se premikate po mestu, se preiskava razvija okoli vas. Odkrili boste skrite namige, re\u0161ili spretne uganke in se soo\u010dili z nepri\u010dakovanimi preobrati, ko se boste poglobili v skrivnosti za umorom, ki je pretresel Liberty Festival.\n\nVa\u0161 um postane va\u0161e najve\u010dje orodje, ko zasli\u0161ujete digitalne osumljence, analizirate alibije in odkrivate protislovja v njihovih zgodbah. Primer izziva va\u0161e opazovanje, kriti\u010dno razmi\u0161ljanje in dedukcijo na vsakem koraku. Popolnoma zgodbo vodena in poglobljena izku\u0161nja vam omogo\u010da igranje v va\u0161em ritmu, s svobodo, da kadar koli prekinete in nadaljujete. \u010ce delate v ekipi, lahko tekmovanje za prvo razre\u0161itev primera doda vznemirljiv pridih. Le z zdru\u017eevanjem dokazov se boste pribli\u017eali resnici.","how_to_play":"Delajte sami ali s prijatelji, dru\u017eino ali sodelavci v ekipah do \u0161tirih oseb na napravo. Po rezervaciji boste prejeli e-po\u0161tno sporo\u010dilo z navodili, ki vsebuje vse, kar potrebujete.","start_location":"Santa Cruz de la Sierra, Manzana Uno Espacio de Arte","available_languages":["en","es","fr","de","it","nl"],"players_per_group":"1-4","duration":"1.5-2 hours","image_overlay_color_image":"https:\/\/testwebsite.citygame.com\/wp-content\/blogs.dir\/1\/files\/sites\/62\/2026\/01\/SherlockColor.svg","image_overlay_game_logo":"https:\/\/testwebsite.citygame.com\/wp-content\/blogs.dir\/1\/files\/sites\/62\/2026\/01\/SherlockLogo.png","city_page":11214,"woocommerce_general_content":null},"yoast_head":"<!-- This site is optimized with the Yoast SEO Premium plugin v26.2 (Yoast SEO v26.3) - https:\/\/yoast.com\/wordpress\/plugins\/seo\/ -->\n<title>Sherlock Holmes Santa Cruz de la Sierra - City Game<\/title>\n<meta name=\"description\" content=\"Sherlock Holmes Santa Cruz de la Sierra. Igrajte samovodeno detektivsko igro umorov City Game, re\u0161ujte uganke, sledite namigom in odkrijte morilca v svojem ritmu!\" \/>\n<meta name=\"robots\" content=\"noindex, follow, max-snippet:-1, max-image-preview:large, max-video-preview:-1\" \/>\n<meta property=\"og:locale\" content=\"sl_SI\" \/>\n<meta property=\"og:type\" content=\"article\" \/>\n<meta property=\"og:title\" content=\"Sherlock Holmes Santa Cruz de la Sierra\" \/>\n<meta property=\"og:description\" content=\"Sherlock Holmes Santa Cruz de la Sierra. Igrajte samovodeno detektivsko igro umorov City Game, re\u0161ujte uganke, sledite namigom in odkrijte morilca v svojem ritmu!\" \/>\n<meta property=\"og:url\" content=\"https:\/\/testwebsite.citygame.com\/sl\/games\/santa-cruz-de-la-sierra\/sherlock-holmes-santa-cruz-de-la-sierra\/\" \/>\n<meta property=\"og:site_name\" content=\"City Game\" \/>\n<meta property=\"article:publisher\" content=\"https:\/\/www.facebook.com\/profile.php?id=100086426226253\" \/>\n<meta property=\"article:modified_time\" content=\"2026-04-09T09:33:16+00:00\" \/>\n<meta property=\"og:image\" content=\"https:\/\/testwebsite.citygame.com\/wp-content\/blogs.dir\/1\/files\/sites\/62\/2026\/02\/woman-looking-at-phone-on-street-in-santa-cruz-de-la-sierra.jpg\" \/>\n\t<meta property=\"og:image:width\" content=\"1344\" \/>\n\t<meta property=\"og:image:height\" content=\"768\" \/>\n\t<meta property=\"og:image:type\" content=\"image\/jpeg\" \/>\n<meta name=\"twitter:card\" content=\"summary_large_image\" \/>\n<script type=\"application\/ld+json\" class=\"yoast-schema-graph\">{\"@context\":\"https:\/\/schema.org\",\"@graph\":[{\"@type\":\"WebPage\",\"@id\":\"https:\/\/testwebsite.citygame.com\/sl\/games\/santa-cruz-de-la-sierra\/sherlock-holmes-santa-cruz-de-la-sierra\/\",\"url\":\"https:\/\/testwebsite.citygame.com\/sl\/games\/santa-cruz-de-la-sierra\/sherlock-holmes-santa-cruz-de-la-sierra\/\",\"name\":\"Sherlock Holmes Santa Cruz de la Sierra - City Game\",\"isPartOf\":{\"@id\":\"https:\/\/testwebsite.upevents.nl\/#website\"},\"primaryImageOfPage\":{\"@id\":\"https:\/\/testwebsite.citygame.com\/sl\/games\/santa-cruz-de-la-sierra\/sherlock-holmes-santa-cruz-de-la-sierra\/#primaryimage\"},\"image\":{\"@id\":\"https:\/\/testwebsite.citygame.com\/sl\/games\/santa-cruz-de-la-sierra\/sherlock-holmes-santa-cruz-de-la-sierra\/#primaryimage\"},\"thumbnailUrl\":\"https:\/\/testwebsite.citygame.com\/wp-content\/blogs.dir\/1\/files\/sites\/62\/2026\/02\/woman-looking-at-phone-on-street-in-santa-cruz-de-la-sierra.jpg\",\"datePublished\":\"2026-02-06T10:47:39+00:00\",\"dateModified\":\"2026-04-09T09:33:16+00:00\",\"description\":\"Sherlock Holmes Santa Cruz de la Sierra. Igrajte samovodeno detektivsko igro umorov City Game, re\u0161ujte uganke, sledite namigom in odkrijte morilca v svojem ritmu!\",\"breadcrumb\":{\"@id\":\"https:\/\/testwebsite.citygame.com\/sl\/games\/santa-cruz-de-la-sierra\/sherlock-holmes-santa-cruz-de-la-sierra\/#breadcrumb\"},\"inLanguage\":\"sl-SI\",\"potentialAction\":[{\"@type\":\"ReadAction\",\"target\":[\"https:\/\/testwebsite.citygame.com\/sl\/games\/santa-cruz-de-la-sierra\/sherlock-holmes-santa-cruz-de-la-sierra\/\"]}]},{\"@type\":\"ImageObject\",\"inLanguage\":\"sl-SI\",\"@id\":\"https:\/\/testwebsite.citygame.com\/sl\/games\/santa-cruz-de-la-sierra\/sherlock-holmes-santa-cruz-de-la-sierra\/#primaryimage\",\"url\":\"https:\/\/testwebsite.citygame.com\/wp-content\/blogs.dir\/1\/files\/sites\/62\/2026\/02\/woman-looking-at-phone-on-street-in-santa-cruz-de-la-sierra.jpg\",\"contentUrl\":\"https:\/\/testwebsite.citygame.com\/wp-content\/blogs.dir\/1\/files\/sites\/62\/2026\/02\/woman-looking-at-phone-on-street-in-santa-cruz-de-la-sierra.jpg\",\"width\":1344,\"height\":768,\"caption\":\"A person stands on a historic street, using a smartphone to navigate their way through Santa Cruz de la Sierra.\"},{\"@type\":\"BreadcrumbList\",\"@id\":\"https:\/\/testwebsite.citygame.com\/sl\/games\/santa-cruz-de-la-sierra\/sherlock-holmes-santa-cruz-de-la-sierra\/#breadcrumb\",\"itemListElement\":[{\"@type\":\"ListItem\",\"position\":1,\"name\":\"Home\",\"item\":\"https:\/\/testwebsite.citygame.com\/sl\/\"},{\"@type\":\"ListItem\",\"position\":2,\"name\":\"Shop\",\"item\":\"https:\/\/testwebsite.citygame.com\/shop\/\"},{\"@type\":\"ListItem\",\"position\":3,\"name\":\"Sherlock Holmes Santa Cruz de la Sierra\"}]},{\"@type\":\"WebSite\",\"@id\":\"https:\/\/testwebsite.upevents.nl\/#website\",\"url\":\"https:\/\/testwebsite.upevents.nl\/\",\"name\":\"City Game\",\"description\":\"\",\"publisher\":{\"@id\":\"https:\/\/testwebsite.upevents.nl\/#organization\"},\"alternateName\":\"citygame.com\",\"potentialAction\":[{\"@type\":\"SearchAction\",\"target\":{\"@type\":\"EntryPoint\",\"urlTemplate\":\"https:\/\/testwebsite.upevents.nl\/?s={search_term_string}\"},\"query-input\":{\"@type\":\"PropertyValueSpecification\",\"valueRequired\":true,\"valueName\":\"search_term_string\"}}],\"inLanguage\":\"sl-SI\"},{\"@type\":[\"Organization\",\"Place\"],\"@id\":\"https:\/\/testwebsite.upevents.nl\/#organization\",\"name\":\"City Game\",\"alternateName\":\"citygame.com\",\"url\":\"https:\/\/testwebsite.upevents.nl\/\",\"logo\":{\"@id\":\"https:\/\/testwebsite.citygame.com\/sl\/games\/santa-cruz-de-la-sierra\/sherlock-holmes-santa-cruz-de-la-sierra\/#local-main-organization-logo\"},\"image\":{\"@id\":\"https:\/\/testwebsite.citygame.com\/sl\/games\/santa-cruz-de-la-sierra\/sherlock-holmes-santa-cruz-de-la-sierra\/#local-main-organization-logo\"},\"sameAs\":[\"https:\/\/www.facebook.com\/profile.php?id=100086426226253\",\"https:\/\/www.instagram.com\/citygame_com\",\"https:\/\/www.tiktok.com\/@citygamecom\/\",\"https:\/\/www.linkedin.com\/company\/citygame-com\"],\"description\":\"Turn any city into a playground with our interactive City Games and self-guided tours. Fun, flexible, and ideal for groups and team building.\",\"telephone\":[],\"openingHoursSpecification\":[{\"@type\":\"OpeningHoursSpecification\",\"dayOfWeek\":[\"Monday\",\"Tuesday\",\"Wednesday\",\"Thursday\",\"Friday\",\"Saturday\",\"Sunday\"],\"opens\":\"09:00\",\"closes\":\"17:00\"}]},{\"@type\":\"ImageObject\",\"inLanguage\":\"sl-SI\",\"@id\":\"https:\/\/testwebsite.citygame.com\/sl\/games\/santa-cruz-de-la-sierra\/sherlock-holmes-santa-cruz-de-la-sierra\/#local-main-organization-logo\",\"url\":\"https:\/\/testwebsite.citygame.com\/wp-content\/blogs.dir\/1\/files\/sites\/62\/2025\/10\/CG_LOGO-City-Game.png\",\"contentUrl\":\"https:\/\/testwebsite.citygame.com\/wp-content\/blogs.dir\/1\/files\/sites\/62\/2025\/10\/CG_LOGO-City-Game.png\",\"width\":351,\"height\":377,\"caption\":\"City Game\"}]}<\/script>\n<!-- \/ Yoast SEO Premium plugin. -->","yoast_head_json":{"title":"Sherlock Holmes Santa Cruz de la Sierra - City Game","description":"Sherlock Holmes Santa Cruz de la Sierra. Igrajte samovodeno detektivsko igro umorov City Game, re\u0161ujte uganke, sledite namigom in odkrijte morilca v svojem ritmu!","robots":{"index":"noindex","follow":"follow","max-snippet":"max-snippet:-1","max-image-preview":"max-image-preview:large","max-video-preview":"max-video-preview:-1"},"og_locale":"sl_SI","og_type":"article","og_title":"Sherlock Holmes Santa Cruz de la Sierra","og_description":"Sherlock Holmes Santa Cruz de la Sierra. Igrajte samovodeno detektivsko igro umorov City Game, re\u0161ujte uganke, sledite namigom in odkrijte morilca v svojem ritmu!","og_url":"https:\/\/testwebsite.citygame.com\/sl\/games\/santa-cruz-de-la-sierra\/sherlock-holmes-santa-cruz-de-la-sierra\/","og_site_name":"City Game","article_publisher":"https:\/\/www.facebook.com\/profile.php?id=100086426226253","article_modified_time":"2026-04-09T09:33:16+00:00","og_image":[{"width":1344,"height":768,"url":"https:\/\/testwebsite.citygame.com\/wp-content\/blogs.dir\/1\/files\/sites\/62\/2026\/02\/woman-looking-at-phone-on-street-in-santa-cruz-de-la-sierra.jpg","type":"image\/jpeg"}],"twitter_card":"summary_large_image","schema":{"@context":"https:\/\/schema.org","@graph":[{"@type":"WebPage","@id":"https:\/\/testwebsite.citygame.com\/sl\/games\/santa-cruz-de-la-sierra\/sherlock-holmes-santa-cruz-de-la-sierra\/","url":"https:\/\/testwebsite.citygame.com\/sl\/games\/santa-cruz-de-la-sierra\/sherlock-holmes-santa-cruz-de-la-sierra\/","name":"Sherlock Holmes Santa Cruz de la Sierra - City Game","isPartOf":{"@id":"https:\/\/testwebsite.upevents.nl\/#website"},"primaryImageOfPage":{"@id":"https:\/\/testwebsite.citygame.com\/sl\/games\/santa-cruz-de-la-sierra\/sherlock-holmes-santa-cruz-de-la-sierra\/#primaryimage"},"image":{"@id":"https:\/\/testwebsite.citygame.com\/sl\/games\/santa-cruz-de-la-sierra\/sherlock-holmes-santa-cruz-de-la-sierra\/#primaryimage"},"thumbnailUrl":"https:\/\/testwebsite.citygame.com\/wp-content\/blogs.dir\/1\/files\/sites\/62\/2026\/02\/woman-looking-at-phone-on-street-in-santa-cruz-de-la-sierra.jpg","datePublished":"2026-02-06T10:47:39+00:00","dateModified":"2026-04-09T09:33:16+00:00","description":"Sherlock Holmes Santa Cruz de la Sierra. Igrajte samovodeno detektivsko igro umorov City Game, re\u0161ujte uganke, sledite namigom in odkrijte morilca v svojem ritmu!","breadcrumb":{"@id":"https:\/\/testwebsite.citygame.com\/sl\/games\/santa-cruz-de-la-sierra\/sherlock-holmes-santa-cruz-de-la-sierra\/#breadcrumb"},"inLanguage":"sl-SI","potentialAction":[{"@type":"ReadAction","target":["https:\/\/testwebsite.citygame.com\/sl\/games\/santa-cruz-de-la-sierra\/sherlock-holmes-santa-cruz-de-la-sierra\/"]}]},{"@type":"ImageObject","inLanguage":"sl-SI","@id":"https:\/\/testwebsite.citygame.com\/sl\/games\/santa-cruz-de-la-sierra\/sherlock-holmes-santa-cruz-de-la-sierra\/#primaryimage","url":"https:\/\/testwebsite.citygame.com\/wp-content\/blogs.dir\/1\/files\/sites\/62\/2026\/02\/woman-looking-at-phone-on-street-in-santa-cruz-de-la-sierra.jpg","contentUrl":"https:\/\/testwebsite.citygame.com\/wp-content\/blogs.dir\/1\/files\/sites\/62\/2026\/02\/woman-looking-at-phone-on-street-in-santa-cruz-de-la-sierra.jpg","width":1344,"height":768,"caption":"A person stands on a historic street, using a smartphone to navigate their way through Santa Cruz de la Sierra."},{"@type":"BreadcrumbList","@id":"https:\/\/testwebsite.citygame.com\/sl\/games\/santa-cruz-de-la-sierra\/sherlock-holmes-santa-cruz-de-la-sierra\/#breadcrumb","itemListElement":[{"@type":"ListItem","position":1,"name":"Home","item":"https:\/\/testwebsite.citygame.com\/sl\/"},{"@type":"ListItem","position":2,"name":"Shop","item":"https:\/\/testwebsite.citygame.com\/shop\/"},{"@type":"ListItem","position":3,"name":"Sherlock Holmes Santa Cruz de la Sierra"}]},{"@type":"WebSite","@id":"https:\/\/testwebsite.upevents.nl\/#website","url":"https:\/\/testwebsite.upevents.nl\/","name":"City Game","description":"","publisher":{"@id":"https:\/\/testwebsite.upevents.nl\/#organization"},"alternateName":"citygame.com","potentialAction":[{"@type":"SearchAction","target":{"@type":"EntryPoint","urlTemplate":"https:\/\/testwebsite.upevents.nl\/?s={search_term_string}"},"query-input":{"@type":"PropertyValueSpecification","valueRequired":true,"valueName":"search_term_string"}}],"inLanguage":"sl-SI"},{"@type":["Organization","Place"],"@id":"https:\/\/testwebsite.upevents.nl\/#organization","name":"City Game","alternateName":"citygame.com","url":"https:\/\/testwebsite.upevents.nl\/","logo":{"@id":"https:\/\/testwebsite.citygame.com\/sl\/games\/santa-cruz-de-la-sierra\/sherlock-holmes-santa-cruz-de-la-sierra\/#local-main-organization-logo"},"image":{"@id":"https:\/\/testwebsite.citygame.com\/sl\/games\/santa-cruz-de-la-sierra\/sherlock-holmes-santa-cruz-de-la-sierra\/#local-main-organization-logo"},"sameAs":["https:\/\/www.facebook.com\/profile.php?id=100086426226253","https:\/\/www.instagram.com\/citygame_com","https:\/\/www.tiktok.com\/@citygamecom\/","https:\/\/www.linkedin.com\/company\/citygame-com"],"description":"Turn any city into a playground with our interactive City Games and self-guided tours. Fun, flexible, and ideal for groups and team building.","telephone":[],"openingHoursSpecification":[{"@type":"OpeningHoursSpecification","dayOfWeek":["Monday","Tuesday","Wednesday","Thursday","Friday","Saturday","Sunday"],"opens":"09:00","closes":"17:00"}]},{"@type":"ImageObject","inLanguage":"sl-SI","@id":"https:\/\/testwebsite.citygame.com\/sl\/games\/santa-cruz-de-la-sierra\/sherlock-holmes-santa-cruz-de-la-sierra\/#local-main-organization-logo","url":"https:\/\/testwebsite.citygame.com\/wp-content\/blogs.dir\/1\/files\/sites\/62\/2025\/10\/CG_LOGO-City-Game.png","contentUrl":"https:\/\/testwebsite.citygame.com\/wp-content\/blogs.dir\/1\/files\/sites\/62\/2025\/10\/CG_LOGO-City-Game.png","width":351,"height":377,"caption":"City Game"}]}},"taxonomy_info":{"game-concept":[{"value":789,"label":"Sherlock"}],"location":[{"value":512,"label":"Santa Cruz de la Sierra"}],"product_cat":[{"value":27,"label":"Geen categorie"}]},"featured_image_src_large":["https:\/\/testwebsite.citygame.com\/wp-content\/blogs.dir\/1\/files\/sites\/62\/2026\/02\/woman-looking-at-phone-on-street-in-santa-cruz-de-la-sierra-1024x585.jpg",1024,585,true],"author_info":[],"comment_info":"","_links":{"self":[{"href":"https:\/\/testwebsite.citygame.com\/sl\/wp-json\/wp\/v2\/product\/67668","targetHints":{"allow":["GET"]}}],"collection":[{"href":"https:\/\/testwebsite.citygame.com\/sl\/wp-json\/wp\/v2\/product"}],"about":[{"href":"https:\/\/testwebsite.citygame.com\/sl\/wp-json\/wp\/v2\/types\/product"}],"acf:post":[{"embeddable":true,"href":"https:\/\/testwebsite.citygame.com\/sl\/wp-json\/wp\/v2\/pages\/11214"}],"wp:featuredmedia":[{"embeddable":true,"href":"https:\/\/testwebsite.citygame.com\/sl\/wp-json\/wp\/v2\/media\/11216"}],"wp:attachment":[{"href":"https:\/\/testwebsite.citygame.com\/sl\/wp-json\/wp\/v2\/media?parent=67668"}],"wp:term":[{"taxonomy":"game-concept","embeddable":true,"href":"https:\/\/testwebsite.citygame.com\/sl\/wp-json\/wp\/v2\/game-concept?post=67668"},{"taxonomy":"location","embeddable":true,"href":"https:\/\/testwebsite.citygame.com\/sl\/wp-json\/wp\/v2\/location?post=67668"},{"taxonomy":"product_brand","embeddable":true,"href":"https:\/\/testwebsite.citygame.com\/sl\/wp-json\/wp\/v2\/product_brand?post=67668"},{"taxonomy":"product_cat","embeddable":true,"href":"https:\/\/testwebsite.citygame.com\/sl\/wp-json\/wp\/v2\/product_cat?post=67668"},{"taxonomy":"product_tag","embeddable":true,"href":"https:\/\/testwebsite.citygame.com\/sl\/wp-json\/wp\/v2\/product_tag?post=67668"}],"curies":[{"name":"wp","href":"https:\/\/api.w.org\/{rel}","templated":true}]}}