{"id":66707,"date":"2026-03-13T19:45:32","date_gmt":"2026-03-13T19:45:32","guid":{"rendered":"https:\/\/testwebsite.citygame.com\/games\/unknown-location\/secrets-of-scheveningen\/"},"modified":"2026-04-08T22:32:57","modified_gmt":"2026-04-08T22:32:57","slug":"secrets-of-scheveningen","status":"publish","type":"product","link":"https:\/\/testwebsite.citygame.com\/sl\/games\/scheveningen\/secrets-of-scheveningen\/","title":{"rendered":"Secrets of Scheveningen"},"content":{"rendered":"<p>Odkrijte skrivnosti enega naj\u017eivahnej\u0161ih okro\u017eij Haaga z igro &#8216;Secrets of Scheveningen&#8217; City Game. Ta samostojna mestna igra poteka v dolo\u010denem predelu Haaga, in sicer v Scheveningenu. Kot raziskovalna igra na podlagi GPS-a igralci krmarijo po tem obalnem okro\u017eju s svojimi pametnimi telefoni, re\u0161ujejo uganke, zagonetke in fotografske izzive. Skozi iskanje boste odkrili zgodovino, kulturo in skrite zapletenosti obmo\u010dja, zaradi \u010desar je privla\u010dna u\u010dna izku\u0161nja tako za turiste kot za prebivalce. Ne glede na to, ali ste samostojen igralec, par, dru\u017eina ali skupina prijateljev, ta mestna igra v Scheveningenu ponuja prijeten na\u010din za odkrivanje mesta.<\/p>\n","protected":false},"excerpt":{"rendered":"<p>Potopite se v morje in sijaj Scheveningena! Potopite se v mesto, kjer se pomorska dedi\u0161\u010dina zdru\u017euje s sodobnimi surferskimi vibracijami, urbani dragulj, kjer se starodavne ribi\u0161ke zgodbe prepletajo z navdu\u0161enjem sodobnih vodnih \u0161portov. Razre\u0161ite skrivnosti, ko naletite na njegov \u017eivahen duh, Scheveningen je vedno poln nepri\u010dakovanih \u010darov!<\/p>\n","protected":false},"featured_media":18894,"template":"","meta":{"_acf_changed":false,"_yoast_wpseo_focuskw":"Secrets of Scheveningen","_yoast_wpseo_metadesc":"Secrets of Scheveningen. Igrajte samostojno mestno igro in raziskujte mesto skozi uganke, zagonetke in izzive. Igrajte v svojem tempu in odkrijte kot lokalni prebivalec!","_kad_blocks_custom_css":"","_kad_blocks_head_custom_js":"","_kad_blocks_body_custom_js":"","_kad_blocks_footer_custom_js":"","ghostkit_customizer_options":"","ghostkit_custom_css":"","ghostkit_custom_js_head":"","ghostkit_custom_js_foot":"","ghostkit_typography":"","_kad_post_transparent":"","_kad_post_title":"","_kad_post_layout":"","_kad_post_sidebar_id":"","_kad_post_content_style":"","_kad_post_vertical_padding":"","_kad_post_feature":"","_kad_post_feature_position":"","_kad_post_header":false,"_kad_post_footer":false,"_kad_post_classname":"","_links_to":"","_links_to_target":""},"game-concept":[728],"location":[362],"product_brand":[],"product_cat":[27],"product_tag":[],"class_list":{"0":"post-66707","1":"product","2":"type-product","3":"status-publish","4":"has-post-thumbnail","6":"game-concept-secrets","7":"location-scheveningen","8":"product_cat-geen-categorie","10":"first","11":"instock","12":"shipping-taxable","13":"purchasable","14":"product-type-simple","15":"entry","16":"content-bg","17":"loop-entry"},"acf":{"full_bokun_product_name":"Self-Guided Secrets of Scheveningen Exploration Game","location_name":"Scheveningen","bokun_calendar_widget_code":"<script type=\"text\/javascript\" src=\"https:\/\/widgets.bokun.io\/assets\/javascripts\/apps\/build\/BokunWidgetsLoader.js?bookingChannelUUID=a1e93e96-5232-4734-a595-28405f4b5a31\" async><\/script>\n     \n    <div class=\"bokunWidget\" data-src=\"https:\/\/widgets.bokun.io\/online-sales\/a1e93e96-5232-4734-a595-28405f4b5a31\/experience-calendar\/887818\"><\/div>\n    <noscript>Please enable javascript in your browser to book<\/noscript>","bokun_button_widget_code":"<script type=\"text\/javascript\" src=\"https:\/\/widgets.bokun.io\/assets\/javascripts\/apps\/build\/BokunWidgetsLoader.js?bookingChannelUUID=a1e93e96-5232-4734-a595-28405f4b5a31\" async><\/script>\n      <style> #bokun_ed001e45_5927_4f62_b470_ca766338d083 { display: inline-block; padding: .4em 1em; background: #47b82e; border-radius: 999999px; box-shadow: none; font-weight: 600; font-size: 24px; text-decoration: none; text-align: center; color: #FFFFFF; border:none; cursor: pointer; transition: background .2s ease; } #bokun_ed001e45_5927_4f62_b470_ca766338d083:hover{ background: #2f7b1f; } #bokun_ed001e45_5927_4f62_b470_ca766338d083:active{ background: #378f24; } <\/style> <button class=\"bokunButton\" disabled id=bokun_ed001e45_5927_4f62_b470_ca766338d083 data-src=\"https:\/\/widgets.bokun.io\/online-sales\/a1e93e96-5232-4734-a595-28405f4b5a31\/experience-calendar\/887818?partialView=1\" data-testid=\"widget-book-button\" > Book now <\/button> ","what_you\u2019ll_experience_during_the_game":"V na\u0161i o\u010darljivi igri 'Secrets of Scheveningen' City Game se boste poglobili v srce tega obmorskega predmestja, odkrivali njegove zgodbe in preteklost med raziskovanjem. Ta interaktivna mestna igra \u010dudovito zdru\u017euje ogled znamenitosti z poglobljeno pripovedjo in spodbudnimi izzivi, kar vam ponuja edinstvene vpoglede v ikoni\u010dne znamenitosti Scheveningena in njegove manj znane dragulje. Med sprehodom po obmo\u010dju boste spoznali zna\u010dilen Beach Pavilion, \u017eivahno Palace Promenade in o\u010darljivo Scheveningen Harbor, pri \u010demer vsaka lokacija razkriva druga\u010den del zanimive uganke obmo\u010dja.\n\nKot del igre ste povabljeni, da uporabite svoje sposobnosti kriti\u010dnega razmi\u0161ljanja, saj se boste spopadli z razli\u010dnimi zagonetkami, vpra\u0161anji in fotografskimi izzivi. Vsaka uspe\u0161no dokon\u010dana naloga vam prinese to\u010dke, odklene namige in vas pripelje korak bli\u017eje k re\u0161itvi kon\u010dne skrivnosti te raziskovalne igre. Ne pozabite, da imate v tej igri vi v rokah nadzor nad \u010dasom, z mo\u017enostjo, da se ustavite in nadaljujete, kadar koli \u017eelite. Tisti z tekmovalnim duhom bodo cenili dodatno vznemirjenje prizadevanja za najvi\u0161je mesto na lestvici najbolj\u0161ih, medtem ko potujejo skozi Scheveningen. Ne glede na to, ali ste izku\u0161en re\u0161evalec ugank ali radoveden turist, igra 'Secrets of Scheveningen' City Game obljublja nepozabno pustolov\u0161\u010dino v tem o\u010darljivem koti\u010dku mesta.","how_to_play":"Rezervirajte raziskovalno igro, preverite e-po\u0161to, ki vam jo po\u0161ljemo s preprostimi navodili, prenesite aplikacijo Loquiz App, dostopite do raziskovalne igre in pripravljeni ste za\u010deti svojo igralno izku\u0161njo!","start_location":" Scheveningen, Pellenaerstraat","available_languages":["en"],"players_per_group":"1-4","duration":"1.5-2 hours","image_overlay_color_image":"https:\/\/testwebsite.citygame.com\/wp-content\/blogs.dir\/1\/files\/sites\/62\/2026\/01\/SecretsColor.svg","image_overlay_game_logo":"https:\/\/testwebsite.citygame.com\/wp-content\/blogs.dir\/1\/files\/sites\/62\/2026\/01\/SecretsLogo.png","city_page":15863,"woocommerce_general_content":null},"yoast_head":"<!-- This site is optimized with the Yoast SEO Premium plugin v26.2 (Yoast SEO v26.3) - https:\/\/yoast.com\/wordpress\/plugins\/seo\/ -->\n<title>Secrets of Scheveningen - City Game<\/title>\n<meta name=\"description\" content=\"Secrets of Scheveningen. Igrajte samostojno mestno igro in raziskujte mesto skozi uganke, zagonetke in izzive. Igrajte v svojem tempu in odkrijte kot lokalni prebivalec!\" \/>\n<meta name=\"robots\" content=\"noindex, follow, max-snippet:-1, max-image-preview:large, max-video-preview:-1\" \/>\n<meta property=\"og:locale\" content=\"sl_SI\" \/>\n<meta property=\"og:type\" content=\"article\" \/>\n<meta property=\"og:title\" content=\"Secrets of Scheveningen\" \/>\n<meta property=\"og:description\" content=\"Secrets of Scheveningen. Igrajte samostojno mestno igro in raziskujte mesto skozi uganke, zagonetke in izzive. Igrajte v svojem tempu in odkrijte kot lokalni prebivalec!\" \/>\n<meta property=\"og:url\" content=\"https:\/\/testwebsite.citygame.com\/sl\/games\/scheveningen\/secrets-of-scheveningen\/\" \/>\n<meta property=\"og:site_name\" content=\"City Game\" \/>\n<meta property=\"article:publisher\" content=\"https:\/\/www.facebook.com\/profile.php?id=100086426226253\" \/>\n<meta property=\"article:modified_time\" content=\"2026-04-08T22:32:57+00:00\" \/>\n<meta property=\"og:image\" content=\"https:\/\/testwebsite.citygame.com\/wp-content\/blogs.dir\/1\/files\/sites\/62\/2026\/03\/group-of-friends-playing-city-game-scheveningen-boulevard.jpg\" \/>\n\t<meta property=\"og:image:width\" content=\"1024\" \/>\n\t<meta property=\"og:image:height\" content=\"1024\" \/>\n\t<meta property=\"og:image:type\" content=\"image\/jpeg\" \/>\n<meta name=\"twitter:card\" content=\"summary_large_image\" \/>\n<meta name=\"twitter:label1\" content=\"Est. reading time\" \/>\n\t<meta name=\"twitter:data1\" content=\"1 minuta\" \/>\n<script type=\"application\/ld+json\" class=\"yoast-schema-graph\">{\"@context\":\"https:\/\/schema.org\",\"@graph\":[{\"@type\":\"WebPage\",\"@id\":\"https:\/\/testwebsite.citygame.com\/sl\/games\/scheveningen\/secrets-of-scheveningen\/\",\"url\":\"https:\/\/testwebsite.citygame.com\/sl\/games\/scheveningen\/secrets-of-scheveningen\/\",\"name\":\"Secrets of Scheveningen - City Game\",\"isPartOf\":{\"@id\":\"https:\/\/testwebsite.upevents.nl\/#website\"},\"primaryImageOfPage\":{\"@id\":\"https:\/\/testwebsite.citygame.com\/sl\/games\/scheveningen\/secrets-of-scheveningen\/#primaryimage\"},\"image\":{\"@id\":\"https:\/\/testwebsite.citygame.com\/sl\/games\/scheveningen\/secrets-of-scheveningen\/#primaryimage\"},\"thumbnailUrl\":\"https:\/\/testwebsite.citygame.com\/wp-content\/blogs.dir\/1\/files\/sites\/62\/2026\/03\/group-of-friends-playing-city-game-scheveningen-boulevard.jpg\",\"datePublished\":\"2026-03-13T19:45:32+00:00\",\"dateModified\":\"2026-04-08T22:32:57+00:00\",\"description\":\"Secrets of Scheveningen. Igrajte samostojno mestno igro in raziskujte mesto skozi uganke, zagonetke in izzive. Igrajte v svojem tempu in odkrijte kot lokalni prebivalec!\",\"breadcrumb\":{\"@id\":\"https:\/\/testwebsite.citygame.com\/sl\/games\/scheveningen\/secrets-of-scheveningen\/#breadcrumb\"},\"inLanguage\":\"sl-SI\",\"potentialAction\":[{\"@type\":\"ReadAction\",\"target\":[\"https:\/\/testwebsite.citygame.com\/sl\/games\/scheveningen\/secrets-of-scheveningen\/\"]}]},{\"@type\":\"ImageObject\",\"inLanguage\":\"sl-SI\",\"@id\":\"https:\/\/testwebsite.citygame.com\/sl\/games\/scheveningen\/secrets-of-scheveningen\/#primaryimage\",\"url\":\"https:\/\/testwebsite.citygame.com\/wp-content\/blogs.dir\/1\/files\/sites\/62\/2026\/03\/group-of-friends-playing-city-game-scheveningen-boulevard.jpg\",\"contentUrl\":\"https:\/\/testwebsite.citygame.com\/wp-content\/blogs.dir\/1\/files\/sites\/62\/2026\/03\/group-of-friends-playing-city-game-scheveningen-boulevard.jpg\",\"width\":1024,\"height\":1024,\"caption\":\"A group of friends collaborates while looking at a smartphone screen during an outdoor game.\"},{\"@type\":\"BreadcrumbList\",\"@id\":\"https:\/\/testwebsite.citygame.com\/sl\/games\/scheveningen\/secrets-of-scheveningen\/#breadcrumb\",\"itemListElement\":[{\"@type\":\"ListItem\",\"position\":1,\"name\":\"Home\",\"item\":\"https:\/\/testwebsite.citygame.com\/sl\/\"},{\"@type\":\"ListItem\",\"position\":2,\"name\":\"Shop\",\"item\":\"https:\/\/testwebsite.citygame.com\/shop\/\"},{\"@type\":\"ListItem\",\"position\":3,\"name\":\"Secrets of Scheveningen\"}]},{\"@type\":\"WebSite\",\"@id\":\"https:\/\/testwebsite.upevents.nl\/#website\",\"url\":\"https:\/\/testwebsite.upevents.nl\/\",\"name\":\"City Game\",\"description\":\"\",\"publisher\":{\"@id\":\"https:\/\/testwebsite.upevents.nl\/#organization\"},\"alternateName\":\"citygame.com\",\"potentialAction\":[{\"@type\":\"SearchAction\",\"target\":{\"@type\":\"EntryPoint\",\"urlTemplate\":\"https:\/\/testwebsite.upevents.nl\/?s={search_term_string}\"},\"query-input\":{\"@type\":\"PropertyValueSpecification\",\"valueRequired\":true,\"valueName\":\"search_term_string\"}}],\"inLanguage\":\"sl-SI\"},{\"@type\":[\"Organization\",\"Place\"],\"@id\":\"https:\/\/testwebsite.upevents.nl\/#organization\",\"name\":\"City Game\",\"alternateName\":\"citygame.com\",\"url\":\"https:\/\/testwebsite.upevents.nl\/\",\"logo\":{\"@id\":\"https:\/\/testwebsite.citygame.com\/sl\/games\/scheveningen\/secrets-of-scheveningen\/#local-main-organization-logo\"},\"image\":{\"@id\":\"https:\/\/testwebsite.citygame.com\/sl\/games\/scheveningen\/secrets-of-scheveningen\/#local-main-organization-logo\"},\"sameAs\":[\"https:\/\/www.facebook.com\/profile.php?id=100086426226253\",\"https:\/\/www.instagram.com\/citygame_com\",\"https:\/\/www.tiktok.com\/@citygamecom\/\",\"https:\/\/www.linkedin.com\/company\/citygame-com\"],\"description\":\"Turn any city into a playground with our interactive City Games and self-guided tours. Fun, flexible, and ideal for groups and team building.\",\"telephone\":[],\"openingHoursSpecification\":[{\"@type\":\"OpeningHoursSpecification\",\"dayOfWeek\":[\"Monday\",\"Tuesday\",\"Wednesday\",\"Thursday\",\"Friday\",\"Saturday\",\"Sunday\"],\"opens\":\"09:00\",\"closes\":\"17:00\"}]},{\"@type\":\"ImageObject\",\"inLanguage\":\"sl-SI\",\"@id\":\"https:\/\/testwebsite.citygame.com\/sl\/games\/scheveningen\/secrets-of-scheveningen\/#local-main-organization-logo\",\"url\":\"https:\/\/testwebsite.citygame.com\/wp-content\/blogs.dir\/1\/files\/sites\/62\/2025\/10\/CG_LOGO-City-Game.png\",\"contentUrl\":\"https:\/\/testwebsite.citygame.com\/wp-content\/blogs.dir\/1\/files\/sites\/62\/2025\/10\/CG_LOGO-City-Game.png\",\"width\":351,\"height\":377,\"caption\":\"City Game\"}]}<\/script>\n<!-- \/ Yoast SEO Premium plugin. -->","yoast_head_json":{"title":"Secrets of Scheveningen - City Game","description":"Secrets of Scheveningen. Igrajte samostojno mestno igro in raziskujte mesto skozi uganke, zagonetke in izzive. Igrajte v svojem tempu in odkrijte kot lokalni prebivalec!","robots":{"index":"noindex","follow":"follow","max-snippet":"max-snippet:-1","max-image-preview":"max-image-preview:large","max-video-preview":"max-video-preview:-1"},"og_locale":"sl_SI","og_type":"article","og_title":"Secrets of Scheveningen","og_description":"Secrets of Scheveningen. Igrajte samostojno mestno igro in raziskujte mesto skozi uganke, zagonetke in izzive. Igrajte v svojem tempu in odkrijte kot lokalni prebivalec!","og_url":"https:\/\/testwebsite.citygame.com\/sl\/games\/scheveningen\/secrets-of-scheveningen\/","og_site_name":"City Game","article_publisher":"https:\/\/www.facebook.com\/profile.php?id=100086426226253","article_modified_time":"2026-04-08T22:32:57+00:00","og_image":[{"width":1024,"height":1024,"url":"https:\/\/testwebsite.citygame.com\/wp-content\/blogs.dir\/1\/files\/sites\/62\/2026\/03\/group-of-friends-playing-city-game-scheveningen-boulevard.jpg","type":"image\/jpeg"}],"twitter_card":"summary_large_image","twitter_misc":{"Est. reading time":"1 minuta"},"schema":{"@context":"https:\/\/schema.org","@graph":[{"@type":"WebPage","@id":"https:\/\/testwebsite.citygame.com\/sl\/games\/scheveningen\/secrets-of-scheveningen\/","url":"https:\/\/testwebsite.citygame.com\/sl\/games\/scheveningen\/secrets-of-scheveningen\/","name":"Secrets of Scheveningen - City Game","isPartOf":{"@id":"https:\/\/testwebsite.upevents.nl\/#website"},"primaryImageOfPage":{"@id":"https:\/\/testwebsite.citygame.com\/sl\/games\/scheveningen\/secrets-of-scheveningen\/#primaryimage"},"image":{"@id":"https:\/\/testwebsite.citygame.com\/sl\/games\/scheveningen\/secrets-of-scheveningen\/#primaryimage"},"thumbnailUrl":"https:\/\/testwebsite.citygame.com\/wp-content\/blogs.dir\/1\/files\/sites\/62\/2026\/03\/group-of-friends-playing-city-game-scheveningen-boulevard.jpg","datePublished":"2026-03-13T19:45:32+00:00","dateModified":"2026-04-08T22:32:57+00:00","description":"Secrets of Scheveningen. Igrajte samostojno mestno igro in raziskujte mesto skozi uganke, zagonetke in izzive. Igrajte v svojem tempu in odkrijte kot lokalni prebivalec!","breadcrumb":{"@id":"https:\/\/testwebsite.citygame.com\/sl\/games\/scheveningen\/secrets-of-scheveningen\/#breadcrumb"},"inLanguage":"sl-SI","potentialAction":[{"@type":"ReadAction","target":["https:\/\/testwebsite.citygame.com\/sl\/games\/scheveningen\/secrets-of-scheveningen\/"]}]},{"@type":"ImageObject","inLanguage":"sl-SI","@id":"https:\/\/testwebsite.citygame.com\/sl\/games\/scheveningen\/secrets-of-scheveningen\/#primaryimage","url":"https:\/\/testwebsite.citygame.com\/wp-content\/blogs.dir\/1\/files\/sites\/62\/2026\/03\/group-of-friends-playing-city-game-scheveningen-boulevard.jpg","contentUrl":"https:\/\/testwebsite.citygame.com\/wp-content\/blogs.dir\/1\/files\/sites\/62\/2026\/03\/group-of-friends-playing-city-game-scheveningen-boulevard.jpg","width":1024,"height":1024,"caption":"A group of friends collaborates while looking at a smartphone screen during an outdoor game."},{"@type":"BreadcrumbList","@id":"https:\/\/testwebsite.citygame.com\/sl\/games\/scheveningen\/secrets-of-scheveningen\/#breadcrumb","itemListElement":[{"@type":"ListItem","position":1,"name":"Home","item":"https:\/\/testwebsite.citygame.com\/sl\/"},{"@type":"ListItem","position":2,"name":"Shop","item":"https:\/\/testwebsite.citygame.com\/shop\/"},{"@type":"ListItem","position":3,"name":"Secrets of Scheveningen"}]},{"@type":"WebSite","@id":"https:\/\/testwebsite.upevents.nl\/#website","url":"https:\/\/testwebsite.upevents.nl\/","name":"City Game","description":"","publisher":{"@id":"https:\/\/testwebsite.upevents.nl\/#organization"},"alternateName":"citygame.com","potentialAction":[{"@type":"SearchAction","target":{"@type":"EntryPoint","urlTemplate":"https:\/\/testwebsite.upevents.nl\/?s={search_term_string}"},"query-input":{"@type":"PropertyValueSpecification","valueRequired":true,"valueName":"search_term_string"}}],"inLanguage":"sl-SI"},{"@type":["Organization","Place"],"@id":"https:\/\/testwebsite.upevents.nl\/#organization","name":"City Game","alternateName":"citygame.com","url":"https:\/\/testwebsite.upevents.nl\/","logo":{"@id":"https:\/\/testwebsite.citygame.com\/sl\/games\/scheveningen\/secrets-of-scheveningen\/#local-main-organization-logo"},"image":{"@id":"https:\/\/testwebsite.citygame.com\/sl\/games\/scheveningen\/secrets-of-scheveningen\/#local-main-organization-logo"},"sameAs":["https:\/\/www.facebook.com\/profile.php?id=100086426226253","https:\/\/www.instagram.com\/citygame_com","https:\/\/www.tiktok.com\/@citygamecom\/","https:\/\/www.linkedin.com\/company\/citygame-com"],"description":"Turn any city into a playground with our interactive City Games and self-guided tours. Fun, flexible, and ideal for groups and team building.","telephone":[],"openingHoursSpecification":[{"@type":"OpeningHoursSpecification","dayOfWeek":["Monday","Tuesday","Wednesday","Thursday","Friday","Saturday","Sunday"],"opens":"09:00","closes":"17:00"}]},{"@type":"ImageObject","inLanguage":"sl-SI","@id":"https:\/\/testwebsite.citygame.com\/sl\/games\/scheveningen\/secrets-of-scheveningen\/#local-main-organization-logo","url":"https:\/\/testwebsite.citygame.com\/wp-content\/blogs.dir\/1\/files\/sites\/62\/2025\/10\/CG_LOGO-City-Game.png","contentUrl":"https:\/\/testwebsite.citygame.com\/wp-content\/blogs.dir\/1\/files\/sites\/62\/2025\/10\/CG_LOGO-City-Game.png","width":351,"height":377,"caption":"City Game"}]}},"taxonomy_info":{"game-concept":[{"value":728,"label":"Secrets"}],"location":[{"value":362,"label":"Scheveningen"}],"product_cat":[{"value":27,"label":"Geen categorie"}]},"featured_image_src_large":["https:\/\/testwebsite.citygame.com\/wp-content\/blogs.dir\/1\/files\/sites\/62\/2026\/03\/group-of-friends-playing-city-game-scheveningen-boulevard.jpg",1024,1024,false],"author_info":[],"comment_info":"","_links":{"self":[{"href":"https:\/\/testwebsite.citygame.com\/sl\/wp-json\/wp\/v2\/product\/66707","targetHints":{"allow":["GET"]}}],"collection":[{"href":"https:\/\/testwebsite.citygame.com\/sl\/wp-json\/wp\/v2\/product"}],"about":[{"href":"https:\/\/testwebsite.citygame.com\/sl\/wp-json\/wp\/v2\/types\/product"}],"acf:post":[{"embeddable":true,"href":"https:\/\/testwebsite.citygame.com\/sl\/wp-json\/wp\/v2\/pages\/15863"}],"wp:featuredmedia":[{"embeddable":true,"href":"https:\/\/testwebsite.citygame.com\/sl\/wp-json\/wp\/v2\/media\/18894"}],"wp:attachment":[{"href":"https:\/\/testwebsite.citygame.com\/sl\/wp-json\/wp\/v2\/media?parent=66707"}],"wp:term":[{"taxonomy":"game-concept","embeddable":true,"href":"https:\/\/testwebsite.citygame.com\/sl\/wp-json\/wp\/v2\/game-concept?post=66707"},{"taxonomy":"location","embeddable":true,"href":"https:\/\/testwebsite.citygame.com\/sl\/wp-json\/wp\/v2\/location?post=66707"},{"taxonomy":"product_brand","embeddable":true,"href":"https:\/\/testwebsite.citygame.com\/sl\/wp-json\/wp\/v2\/product_brand?post=66707"},{"taxonomy":"product_cat","embeddable":true,"href":"https:\/\/testwebsite.citygame.com\/sl\/wp-json\/wp\/v2\/product_cat?post=66707"},{"taxonomy":"product_tag","embeddable":true,"href":"https:\/\/testwebsite.citygame.com\/sl\/wp-json\/wp\/v2\/product_tag?post=66707"}],"curies":[{"name":"wp","href":"https:\/\/api.w.org\/{rel}","templated":true}]}}