{"id":65367,"date":"2026-03-13T12:44:45","date_gmt":"2026-03-13T12:44:45","guid":{"rendered":"https:\/\/testwebsite.citygame.com\/games\/unknown-location\/secrets-of-leipzig\/"},"modified":"2026-04-08T15:48:37","modified_gmt":"2026-04-08T15:48:37","slug":"secrets-of-leipzig","status":"publish","type":"product","link":"https:\/\/testwebsite.citygame.com\/sl\/games\/leipzig\/secrets-of-leipzig\/","title":{"rendered":"Secrets of Leipzig"},"content":{"rendered":"<p>Razi\u0161\u010dite sredi\u0161\u010de Leipziga kot \u0161e nikoli prej z igro Secrets of Leipzig City Game. Ta samostojna, na GPS-u temelje\u010da mestna igra bo va\u0161 pametni telefon spremenila v orodje za odkrivanje in pustolov\u0161\u010dino, medtem ko se boste prebijali skozi mesto, re\u0161evali uganke, zagonetke in fotografske izzive. Odkrijte zgodovino, kulturo in manj znane podrobnosti Leipziga med igranjem. To je igra, primerna tako za doma\u010dine kot za obiskovalce, ki \u017eelijo raziskati mesto z druga\u010dne perspektive. Ne glede na to, ali ste samostojni igralec, par, dru\u017eina ali skupina prijateljev, ta raziskovalna igra ponuja edinstven in privla\u010den na\u010din, da do\u017eivite Leipzig.<\/p>\n","protected":false},"excerpt":{"rendered":"<p>Do\u017eivite izgubljene legende Leipziga! Potopite se v mesto, kjer Bachove skladbe odmevajo v vsakem koti\u010dku in zgodovina od \u010dasovnih sejmov do mirne revolucije vdihuje \u017eivljenje v njegove veli\u010dastne ulice. Re\u0161ite osupljive uganke med potovanjem skozi njegovo umetni\u0161ko du\u0161o, Leipzig zagotavlja nepri\u010dakovana sre\u010danja na vsakem koraku!<\/p>\n","protected":false},"featured_media":18563,"template":"","meta":{"_acf_changed":false,"_yoast_wpseo_focuskw":"Secrets of Leipzig","_yoast_wpseo_metadesc":"Secrets of Leipzig. Igrajte samostojno mestno igro in raziskujte mesto skozi uganke, zagonetke in izzive. Igrajte v svojem tempu in odkrivajte kot lokalec!","_kad_blocks_custom_css":"","_kad_blocks_head_custom_js":"","_kad_blocks_body_custom_js":"","_kad_blocks_footer_custom_js":"","ghostkit_customizer_options":"","ghostkit_custom_css":"","ghostkit_custom_js_head":"","ghostkit_custom_js_foot":"","ghostkit_typography":"","_kad_post_transparent":"","_kad_post_title":"","_kad_post_layout":"","_kad_post_sidebar_id":"","_kad_post_content_style":"","_kad_post_vertical_padding":"","_kad_post_feature":"","_kad_post_feature_position":"","_kad_post_header":false,"_kad_post_footer":false,"_kad_post_classname":"","_links_to":"","_links_to_target":""},"game-concept":[728],"location":[240],"product_brand":[],"product_cat":[27],"product_tag":[],"class_list":{"0":"post-65367","1":"product","2":"type-product","3":"status-publish","4":"has-post-thumbnail","6":"game-concept-secrets","7":"location-leipzig","8":"product_cat-geen-categorie","10":"first","11":"instock","12":"shipping-taxable","13":"purchasable","14":"product-type-simple","15":"entry","16":"content-bg","17":"loop-entry"},"acf":{"full_bokun_product_name":"Self-Guided Secrets of Leipzig Exploration Game","location_name":"Leipzig","bokun_calendar_widget_code":"<script type=\"text\/javascript\" src=\"https:\/\/widgets.bokun.io\/assets\/javascripts\/apps\/build\/BokunWidgetsLoader.js?bookingChannelUUID=a1e93e96-5232-4734-a595-28405f4b5a31\" async><\/script>\n     \n    <div class=\"bokunWidget\" data-src=\"https:\/\/widgets.bokun.io\/online-sales\/a1e93e96-5232-4734-a595-28405f4b5a31\/experience-calendar\/919116\"><\/div>\n    <noscript>Please enable javascript in your browser to book<\/noscript>","bokun_button_widget_code":"<script type=\"text\/javascript\" src=\"https:\/\/widgets.bokun.io\/assets\/javascripts\/apps\/build\/BokunWidgetsLoader.js?bookingChannelUUID=a1e93e96-5232-4734-a595-28405f4b5a31\" async><\/script>\n      <style> #bokun_ed001e45_5927_4f62_b470_ca766338d083 { display: inline-block; padding: .4em 1em; background: #47b82e; border-radius: 999999px; box-shadow: none; font-weight: 600; font-size: 24px; text-decoration: none; text-align: center; color: #FFFFFF; border:none; cursor: pointer; transition: background .2s ease; } #bokun_ed001e45_5927_4f62_b470_ca766338d083:hover{ background: #2f7b1f; } #bokun_ed001e45_5927_4f62_b470_ca766338d083:active{ background: #378f24; } <\/style> <button class=\"bokunButton\" disabled id=bokun_ed001e45_5927_4f62_b470_ca766338d083 data-src=\"https:\/\/widgets.bokun.io\/online-sales\/a1e93e96-5232-4734-a595-28405f4b5a31\/experience-calendar\/919116?partialView=1\" data-testid=\"widget-book-button\" > Book now <\/button> ","what_you\u2019ll_experience_during_the_game":"V igri Secrets of Leipzig City Game do\u017eivite edinstveno me\u0161anico raziskovanja in privla\u010dne zgodbe, ki vas popelje skozi dobro znane in skrite koti\u010dke tega \u017eivahnega mesta. Kot del te poglobljene, zgodbeno vodene pustolov\u0161\u010dine se boste pomikali skozi zanimive znamenitosti in ob poti odkrivali ve\u010dplastno zgodovino Leipziga. Odkrijte ikoni\u010dne simbole mesta, kot so z naravo pre\u017eet Johannapark, energi\u010dni utrip Petersbogena ali zgodovinska cerkev St. Thomas Church, vse skupaj ovito v interaktivno pripoved. To ni le ogled mesta - to je inovativna, \u017eivahna zgodba, ki se razpleta med va\u0161im potovanjem po ulicah in trgih Leipziga.\n\nCity Game je ve\u010d kot le hoja; gre za re\u0161evanje ugank, odgovarjanje na vpra\u0161anja in premagovanje zanimivih fotografskih izzivov v prostem \u010dasu. Ko uspe\u0161no navigirate in premagate te izzive, si prislu\u017eite to\u010dke, odklenete namige in se pribli\u017eate razvozlavanju kon\u010dne skrivnosti. Ne glede na to, ali ste tekmovalni posameznik ali ekipa, ki si prizadeva za prvo mesto na lestvici, ta City Game ustvarja zabavno, dinami\u010dno vzdu\u0161je, ki je popolno za vse. In najbolj\u0161e? Vi imate nadzor. Igrate lahko prekinete, kadar se \u017eelite spo\u010diti, kaj prigrizniti ali preprosto ob\u010dudovati fascinantno mestno pokrajino Leipziga, in nadaljujete tam, kjer ste kon\u010dali, ko ste pripravljeni.","how_to_play":"Rezervirajte raziskovalno igro, preverite e-po\u0161to, ki vam jo po\u0161ljemo s preprostimi navodili, prenesite aplikacijo Loquiz App, dostopajte do raziskovalne igre in pripravljeni ste, da za\u010dnete svojo igralno izku\u0161njo!","start_location":"Markt, Leipzig","available_languages":["en"],"players_per_group":"1-4","duration":"1.5-2 hours","image_overlay_color_image":"https:\/\/testwebsite.citygame.com\/wp-content\/blogs.dir\/1\/files\/sites\/62\/2026\/01\/SecretsColor.svg","image_overlay_game_logo":"https:\/\/testwebsite.citygame.com\/wp-content\/blogs.dir\/1\/files\/sites\/62\/2026\/01\/SecretsLogo.png","city_page":5479,"woocommerce_general_content":null},"yoast_head":"<!-- This site is optimized with the Yoast SEO Premium plugin v26.2 (Yoast SEO v26.3) - https:\/\/yoast.com\/wordpress\/plugins\/seo\/ -->\n<title>Secrets of Leipzig - City Game<\/title>\n<meta name=\"description\" content=\"Secrets of Leipzig. Igrajte samostojno mestno igro in raziskujte mesto skozi uganke, zagonetke in izzive. Igrajte v svojem tempu in odkrivajte kot lokalec!\" \/>\n<meta name=\"robots\" content=\"noindex, follow, max-snippet:-1, max-image-preview:large, max-video-preview:-1\" \/>\n<meta property=\"og:locale\" content=\"sl_SI\" \/>\n<meta property=\"og:type\" content=\"article\" \/>\n<meta property=\"og:title\" content=\"Secrets of Leipzig\" \/>\n<meta property=\"og:description\" content=\"Secrets of Leipzig. Igrajte samostojno mestno igro in raziskujte mesto skozi uganke, zagonetke in izzive. Igrajte v svojem tempu in odkrivajte kot lokalec!\" \/>\n<meta property=\"og:url\" content=\"https:\/\/testwebsite.citygame.com\/sl\/games\/leipzig\/secrets-of-leipzig\/\" \/>\n<meta property=\"og:site_name\" content=\"City Game\" \/>\n<meta property=\"article:publisher\" content=\"https:\/\/www.facebook.com\/profile.php?id=100086426226253\" \/>\n<meta property=\"article:modified_time\" content=\"2026-04-08T15:48:37+00:00\" \/>\n<meta property=\"og:image\" content=\"https:\/\/testwebsite.citygame.com\/wp-content\/blogs.dir\/1\/files\/sites\/62\/2026\/03\/leipzig-players-city-game-augustusplatz.jpg\" \/>\n\t<meta property=\"og:image:width\" content=\"1024\" \/>\n\t<meta property=\"og:image:height\" content=\"1024\" \/>\n\t<meta property=\"og:image:type\" content=\"image\/jpeg\" \/>\n<meta name=\"twitter:card\" content=\"summary_large_image\" \/>\n<meta name=\"twitter:label1\" content=\"Est. reading time\" \/>\n\t<meta name=\"twitter:data1\" content=\"1 minuta\" \/>\n<script type=\"application\/ld+json\" class=\"yoast-schema-graph\">{\"@context\":\"https:\/\/schema.org\",\"@graph\":[{\"@type\":\"WebPage\",\"@id\":\"https:\/\/testwebsite.citygame.com\/sl\/games\/leipzig\/secrets-of-leipzig\/\",\"url\":\"https:\/\/testwebsite.citygame.com\/sl\/games\/leipzig\/secrets-of-leipzig\/\",\"name\":\"Secrets of Leipzig - City Game\",\"isPartOf\":{\"@id\":\"https:\/\/testwebsite.upevents.nl\/#website\"},\"primaryImageOfPage\":{\"@id\":\"https:\/\/testwebsite.citygame.com\/sl\/games\/leipzig\/secrets-of-leipzig\/#primaryimage\"},\"image\":{\"@id\":\"https:\/\/testwebsite.citygame.com\/sl\/games\/leipzig\/secrets-of-leipzig\/#primaryimage\"},\"thumbnailUrl\":\"https:\/\/testwebsite.citygame.com\/wp-content\/blogs.dir\/1\/files\/sites\/62\/2026\/03\/leipzig-players-city-game-augustusplatz.jpg\",\"datePublished\":\"2026-03-13T12:44:45+00:00\",\"dateModified\":\"2026-04-08T15:48:37+00:00\",\"description\":\"Secrets of Leipzig. Igrajte samostojno mestno igro in raziskujte mesto skozi uganke, zagonetke in izzive. Igrajte v svojem tempu in odkrivajte kot lokalec!\",\"breadcrumb\":{\"@id\":\"https:\/\/testwebsite.citygame.com\/sl\/games\/leipzig\/secrets-of-leipzig\/#breadcrumb\"},\"inLanguage\":\"sl-SI\",\"potentialAction\":[{\"@type\":\"ReadAction\",\"target\":[\"https:\/\/testwebsite.citygame.com\/sl\/games\/leipzig\/secrets-of-leipzig\/\"]}]},{\"@type\":\"ImageObject\",\"inLanguage\":\"sl-SI\",\"@id\":\"https:\/\/testwebsite.citygame.com\/sl\/games\/leipzig\/secrets-of-leipzig\/#primaryimage\",\"url\":\"https:\/\/testwebsite.citygame.com\/wp-content\/blogs.dir\/1\/files\/sites\/62\/2026\/03\/leipzig-players-city-game-augustusplatz.jpg\",\"contentUrl\":\"https:\/\/testwebsite.citygame.com\/wp-content\/blogs.dir\/1\/files\/sites\/62\/2026\/03\/leipzig-players-city-game-augustusplatz.jpg\",\"width\":1024,\"height\":1024,\"caption\":\"A group of young people explore the sights of Leipzig's Augustusplatz with a smartphone.\"},{\"@type\":\"BreadcrumbList\",\"@id\":\"https:\/\/testwebsite.citygame.com\/sl\/games\/leipzig\/secrets-of-leipzig\/#breadcrumb\",\"itemListElement\":[{\"@type\":\"ListItem\",\"position\":1,\"name\":\"Home\",\"item\":\"https:\/\/testwebsite.citygame.com\/sl\/\"},{\"@type\":\"ListItem\",\"position\":2,\"name\":\"Shop\",\"item\":\"https:\/\/testwebsite.citygame.com\/shop\/\"},{\"@type\":\"ListItem\",\"position\":3,\"name\":\"Secrets of Leipzig\"}]},{\"@type\":\"WebSite\",\"@id\":\"https:\/\/testwebsite.upevents.nl\/#website\",\"url\":\"https:\/\/testwebsite.upevents.nl\/\",\"name\":\"City Game\",\"description\":\"\",\"publisher\":{\"@id\":\"https:\/\/testwebsite.upevents.nl\/#organization\"},\"alternateName\":\"citygame.com\",\"potentialAction\":[{\"@type\":\"SearchAction\",\"target\":{\"@type\":\"EntryPoint\",\"urlTemplate\":\"https:\/\/testwebsite.upevents.nl\/?s={search_term_string}\"},\"query-input\":{\"@type\":\"PropertyValueSpecification\",\"valueRequired\":true,\"valueName\":\"search_term_string\"}}],\"inLanguage\":\"sl-SI\"},{\"@type\":[\"Organization\",\"Place\"],\"@id\":\"https:\/\/testwebsite.upevents.nl\/#organization\",\"name\":\"City Game\",\"alternateName\":\"citygame.com\",\"url\":\"https:\/\/testwebsite.upevents.nl\/\",\"logo\":{\"@id\":\"https:\/\/testwebsite.citygame.com\/sl\/games\/leipzig\/secrets-of-leipzig\/#local-main-organization-logo\"},\"image\":{\"@id\":\"https:\/\/testwebsite.citygame.com\/sl\/games\/leipzig\/secrets-of-leipzig\/#local-main-organization-logo\"},\"sameAs\":[\"https:\/\/www.facebook.com\/profile.php?id=100086426226253\",\"https:\/\/www.instagram.com\/citygame_com\",\"https:\/\/www.tiktok.com\/@citygamecom\/\",\"https:\/\/www.linkedin.com\/company\/citygame-com\"],\"description\":\"Turn any city into a playground with our interactive City Games and self-guided tours. Fun, flexible, and ideal for groups and team building.\",\"telephone\":[],\"openingHoursSpecification\":[{\"@type\":\"OpeningHoursSpecification\",\"dayOfWeek\":[\"Monday\",\"Tuesday\",\"Wednesday\",\"Thursday\",\"Friday\",\"Saturday\",\"Sunday\"],\"opens\":\"09:00\",\"closes\":\"17:00\"}]},{\"@type\":\"ImageObject\",\"inLanguage\":\"sl-SI\",\"@id\":\"https:\/\/testwebsite.citygame.com\/sl\/games\/leipzig\/secrets-of-leipzig\/#local-main-organization-logo\",\"url\":\"https:\/\/testwebsite.citygame.com\/wp-content\/blogs.dir\/1\/files\/sites\/62\/2025\/10\/CG_LOGO-City-Game.png\",\"contentUrl\":\"https:\/\/testwebsite.citygame.com\/wp-content\/blogs.dir\/1\/files\/sites\/62\/2025\/10\/CG_LOGO-City-Game.png\",\"width\":351,\"height\":377,\"caption\":\"City Game\"}]}<\/script>\n<!-- \/ Yoast SEO Premium plugin. -->","yoast_head_json":{"title":"Secrets of Leipzig - City Game","description":"Secrets of Leipzig. Igrajte samostojno mestno igro in raziskujte mesto skozi uganke, zagonetke in izzive. Igrajte v svojem tempu in odkrivajte kot lokalec!","robots":{"index":"noindex","follow":"follow","max-snippet":"max-snippet:-1","max-image-preview":"max-image-preview:large","max-video-preview":"max-video-preview:-1"},"og_locale":"sl_SI","og_type":"article","og_title":"Secrets of Leipzig","og_description":"Secrets of Leipzig. Igrajte samostojno mestno igro in raziskujte mesto skozi uganke, zagonetke in izzive. Igrajte v svojem tempu in odkrivajte kot lokalec!","og_url":"https:\/\/testwebsite.citygame.com\/sl\/games\/leipzig\/secrets-of-leipzig\/","og_site_name":"City Game","article_publisher":"https:\/\/www.facebook.com\/profile.php?id=100086426226253","article_modified_time":"2026-04-08T15:48:37+00:00","og_image":[{"width":1024,"height":1024,"url":"https:\/\/testwebsite.citygame.com\/wp-content\/blogs.dir\/1\/files\/sites\/62\/2026\/03\/leipzig-players-city-game-augustusplatz.jpg","type":"image\/jpeg"}],"twitter_card":"summary_large_image","twitter_misc":{"Est. reading time":"1 minuta"},"schema":{"@context":"https:\/\/schema.org","@graph":[{"@type":"WebPage","@id":"https:\/\/testwebsite.citygame.com\/sl\/games\/leipzig\/secrets-of-leipzig\/","url":"https:\/\/testwebsite.citygame.com\/sl\/games\/leipzig\/secrets-of-leipzig\/","name":"Secrets of Leipzig - City Game","isPartOf":{"@id":"https:\/\/testwebsite.upevents.nl\/#website"},"primaryImageOfPage":{"@id":"https:\/\/testwebsite.citygame.com\/sl\/games\/leipzig\/secrets-of-leipzig\/#primaryimage"},"image":{"@id":"https:\/\/testwebsite.citygame.com\/sl\/games\/leipzig\/secrets-of-leipzig\/#primaryimage"},"thumbnailUrl":"https:\/\/testwebsite.citygame.com\/wp-content\/blogs.dir\/1\/files\/sites\/62\/2026\/03\/leipzig-players-city-game-augustusplatz.jpg","datePublished":"2026-03-13T12:44:45+00:00","dateModified":"2026-04-08T15:48:37+00:00","description":"Secrets of Leipzig. Igrajte samostojno mestno igro in raziskujte mesto skozi uganke, zagonetke in izzive. Igrajte v svojem tempu in odkrivajte kot lokalec!","breadcrumb":{"@id":"https:\/\/testwebsite.citygame.com\/sl\/games\/leipzig\/secrets-of-leipzig\/#breadcrumb"},"inLanguage":"sl-SI","potentialAction":[{"@type":"ReadAction","target":["https:\/\/testwebsite.citygame.com\/sl\/games\/leipzig\/secrets-of-leipzig\/"]}]},{"@type":"ImageObject","inLanguage":"sl-SI","@id":"https:\/\/testwebsite.citygame.com\/sl\/games\/leipzig\/secrets-of-leipzig\/#primaryimage","url":"https:\/\/testwebsite.citygame.com\/wp-content\/blogs.dir\/1\/files\/sites\/62\/2026\/03\/leipzig-players-city-game-augustusplatz.jpg","contentUrl":"https:\/\/testwebsite.citygame.com\/wp-content\/blogs.dir\/1\/files\/sites\/62\/2026\/03\/leipzig-players-city-game-augustusplatz.jpg","width":1024,"height":1024,"caption":"A group of young people explore the sights of Leipzig's Augustusplatz with a smartphone."},{"@type":"BreadcrumbList","@id":"https:\/\/testwebsite.citygame.com\/sl\/games\/leipzig\/secrets-of-leipzig\/#breadcrumb","itemListElement":[{"@type":"ListItem","position":1,"name":"Home","item":"https:\/\/testwebsite.citygame.com\/sl\/"},{"@type":"ListItem","position":2,"name":"Shop","item":"https:\/\/testwebsite.citygame.com\/shop\/"},{"@type":"ListItem","position":3,"name":"Secrets of Leipzig"}]},{"@type":"WebSite","@id":"https:\/\/testwebsite.upevents.nl\/#website","url":"https:\/\/testwebsite.upevents.nl\/","name":"City Game","description":"","publisher":{"@id":"https:\/\/testwebsite.upevents.nl\/#organization"},"alternateName":"citygame.com","potentialAction":[{"@type":"SearchAction","target":{"@type":"EntryPoint","urlTemplate":"https:\/\/testwebsite.upevents.nl\/?s={search_term_string}"},"query-input":{"@type":"PropertyValueSpecification","valueRequired":true,"valueName":"search_term_string"}}],"inLanguage":"sl-SI"},{"@type":["Organization","Place"],"@id":"https:\/\/testwebsite.upevents.nl\/#organization","name":"City Game","alternateName":"citygame.com","url":"https:\/\/testwebsite.upevents.nl\/","logo":{"@id":"https:\/\/testwebsite.citygame.com\/sl\/games\/leipzig\/secrets-of-leipzig\/#local-main-organization-logo"},"image":{"@id":"https:\/\/testwebsite.citygame.com\/sl\/games\/leipzig\/secrets-of-leipzig\/#local-main-organization-logo"},"sameAs":["https:\/\/www.facebook.com\/profile.php?id=100086426226253","https:\/\/www.instagram.com\/citygame_com","https:\/\/www.tiktok.com\/@citygamecom\/","https:\/\/www.linkedin.com\/company\/citygame-com"],"description":"Turn any city into a playground with our interactive City Games and self-guided tours. Fun, flexible, and ideal for groups and team building.","telephone":[],"openingHoursSpecification":[{"@type":"OpeningHoursSpecification","dayOfWeek":["Monday","Tuesday","Wednesday","Thursday","Friday","Saturday","Sunday"],"opens":"09:00","closes":"17:00"}]},{"@type":"ImageObject","inLanguage":"sl-SI","@id":"https:\/\/testwebsite.citygame.com\/sl\/games\/leipzig\/secrets-of-leipzig\/#local-main-organization-logo","url":"https:\/\/testwebsite.citygame.com\/wp-content\/blogs.dir\/1\/files\/sites\/62\/2025\/10\/CG_LOGO-City-Game.png","contentUrl":"https:\/\/testwebsite.citygame.com\/wp-content\/blogs.dir\/1\/files\/sites\/62\/2025\/10\/CG_LOGO-City-Game.png","width":351,"height":377,"caption":"City Game"}]}},"taxonomy_info":{"game-concept":[{"value":728,"label":"Secrets"}],"location":[{"value":240,"label":"Leipzig"}],"product_cat":[{"value":27,"label":"Geen categorie"}]},"featured_image_src_large":["https:\/\/testwebsite.citygame.com\/wp-content\/blogs.dir\/1\/files\/sites\/62\/2026\/03\/leipzig-players-city-game-augustusplatz.jpg",1024,1024,false],"author_info":[],"comment_info":"","_links":{"self":[{"href":"https:\/\/testwebsite.citygame.com\/sl\/wp-json\/wp\/v2\/product\/65367","targetHints":{"allow":["GET"]}}],"collection":[{"href":"https:\/\/testwebsite.citygame.com\/sl\/wp-json\/wp\/v2\/product"}],"about":[{"href":"https:\/\/testwebsite.citygame.com\/sl\/wp-json\/wp\/v2\/types\/product"}],"acf:post":[{"embeddable":true,"href":"https:\/\/testwebsite.citygame.com\/sl\/wp-json\/wp\/v2\/pages\/5479"}],"wp:featuredmedia":[{"embeddable":true,"href":"https:\/\/testwebsite.citygame.com\/sl\/wp-json\/wp\/v2\/media\/18563"}],"wp:attachment":[{"href":"https:\/\/testwebsite.citygame.com\/sl\/wp-json\/wp\/v2\/media?parent=65367"}],"wp:term":[{"taxonomy":"game-concept","embeddable":true,"href":"https:\/\/testwebsite.citygame.com\/sl\/wp-json\/wp\/v2\/game-concept?post=65367"},{"taxonomy":"location","embeddable":true,"href":"https:\/\/testwebsite.citygame.com\/sl\/wp-json\/wp\/v2\/location?post=65367"},{"taxonomy":"product_brand","embeddable":true,"href":"https:\/\/testwebsite.citygame.com\/sl\/wp-json\/wp\/v2\/product_brand?post=65367"},{"taxonomy":"product_cat","embeddable":true,"href":"https:\/\/testwebsite.citygame.com\/sl\/wp-json\/wp\/v2\/product_cat?post=65367"},{"taxonomy":"product_tag","embeddable":true,"href":"https:\/\/testwebsite.citygame.com\/sl\/wp-json\/wp\/v2\/product_tag?post=65367"}],"curies":[{"name":"wp","href":"https:\/\/api.w.org\/{rel}","templated":true}]}}