{"id":65232,"date":"2026-03-13T12:31:32","date_gmt":"2026-03-13T12:31:32","guid":{"rendered":"https:\/\/testwebsite.citygame.com\/games\/unknown-location\/secrets-of-hannover\/"},"modified":"2026-04-08T15:32:06","modified_gmt":"2026-04-08T15:32:06","slug":"secrets-of-hannover","status":"publish","type":"product","link":"https:\/\/testwebsite.citygame.com\/sl\/games\/hannover\/secrets-of-hannover\/","title":{"rendered":"Secrets of Hannover"},"content":{"rendered":"<p>Odkrijte \u010dar Hannovra s samovodenim, na GPS-u temelje\u010dim City Game Hannover, ki poteka v mestnem sredi\u0161\u010du Hannovra. Igralci se podajo na pustolovsko potovanje, raziskujo\u010d mesto s svojimi pametnimi telefoni kot klju\u010dnim orodjem za re\u0161evanje spodbudnih ugank, zagonetk in privla\u010dnih foto izzivov. Ko raziskovalna igra napreduje, se igralci spoznajo z o\u010darljivo zgodovino mesta, \u017eivahno kulturo in malo znanimi podrobnostmi, kar zagotavlja celovito, a zabavno u\u010dno izku\u0161njo. Igra je fantasti\u010dna izbira tako za turiste, ki se \u017eelijo seznaniti s Hannovrom, kot tudi za doma\u010dine, ki \u017eelijo svoje mesto videti iz sve\u017ee perspektive. Igra popolnoma ustreza vsem \u2013 od solo igralcev, parov, ki i\u0161\u010dejo edinstveno izku\u0161njo za zmenek, do dru\u017ein in skupin prijateljev, ki i\u0161\u010dejo skupno rekreativno dejavnost.<\/p>\n","protected":false},"excerpt":{"rendered":"<p>Potopite se v skrite zaklade Hannovra! Pre\u010dkajte mesto, kjer se inovacije sre\u010dajo z bogato dedi\u0161\u010dino, od kraljevih vrtov do ultra-modernih neboti\u010dnikov. Sledite namigom po njegovi raznoliki pokrajini, Hannover vas bo zagotovo navdu\u0161il z vsakim korakom!<\/p>\n","protected":false},"featured_media":18535,"template":"","meta":{"_acf_changed":false,"_yoast_wpseo_focuskw":"Secrets of Hannover","_yoast_wpseo_metadesc":"Secrets of Hannover. Igrajte samovoden City Game in raziskujte mesto skozi uganke, zagonetke in izzive. Igrajte v svojem tempu in odkrivajte kot doma\u010din!","_kad_blocks_custom_css":"","_kad_blocks_head_custom_js":"","_kad_blocks_body_custom_js":"","_kad_blocks_footer_custom_js":"","ghostkit_customizer_options":"","ghostkit_custom_css":"","ghostkit_custom_js_head":"","ghostkit_custom_js_foot":"","ghostkit_typography":"","_kad_post_transparent":"","_kad_post_title":"","_kad_post_layout":"","_kad_post_sidebar_id":"","_kad_post_content_style":"","_kad_post_vertical_padding":"","_kad_post_feature":"","_kad_post_feature_position":"","_kad_post_header":false,"_kad_post_footer":false,"_kad_post_classname":"","_links_to":"","_links_to_target":""},"game-concept":[728],"location":[605],"product_brand":[],"product_cat":[27],"product_tag":[],"class_list":{"0":"post-65232","1":"product","2":"type-product","3":"status-publish","4":"has-post-thumbnail","6":"game-concept-secrets","7":"location-hannover","8":"product_cat-geen-categorie","10":"first","11":"instock","12":"shipping-taxable","13":"purchasable","14":"product-type-simple","15":"entry","16":"content-bg","17":"loop-entry"},"acf":{"full_bokun_product_name":"Self-Guided Secrets of Hanover Exploration Game","location_name":"Hannover","bokun_calendar_widget_code":"<script type=\"text\/javascript\" src=\"https:\/\/widgets.bokun.io\/assets\/javascripts\/apps\/build\/BokunWidgetsLoader.js?bookingChannelUUID=a1e93e96-5232-4734-a595-28405f4b5a31\" async><\/script>\n     \n    <div class=\"bokunWidget\" data-src=\"https:\/\/widgets.bokun.io\/online-sales\/a1e93e96-5232-4734-a595-28405f4b5a31\/experience-calendar\/918896\"><\/div>\n    <noscript>Please enable javascript in your browser to book<\/noscript>","bokun_button_widget_code":"<script type=\"text\/javascript\" src=\"https:\/\/widgets.bokun.io\/assets\/javascripts\/apps\/build\/BokunWidgetsLoader.js?bookingChannelUUID=a1e93e96-5232-4734-a595-28405f4b5a31\" async><\/script>\n      <style> #bokun_ed001e45_5927_4f62_b470_ca766338d083 { display: inline-block; padding: .4em 1em; background: #47b82e; border-radius: 999999px; box-shadow: none; font-weight: 600; font-size: 24px; text-decoration: none; text-align: center; color: #FFFFFF; border:none; cursor: pointer; transition: background .2s ease; } #bokun_ed001e45_5927_4f62_b470_ca766338d083:hover{ background: #2f7b1f; } #bokun_ed001e45_5927_4f62_b470_ca766338d083:active{ background: #378f24; } <\/style> <button class=\"bokunButton\" disabled id=bokun_ed001e45_5927_4f62_b470_ca766338d083 data-src=\"https:\/\/widgets.bokun.io\/online-sales\/a1e93e96-5232-4734-a595-28405f4b5a31\/experience-calendar\/918896?partialView=1\" data-testid=\"widget-book-button\" > Book now <\/button> ","what_you\u2019ll_experience_during_the_game":"Na o\u010darljivih ulicah Hannovra se City Game razkrije kot privla\u010dna me\u0161anica raziskovanja in igranja. Ta poglobljena izku\u0161nja je veliko ve\u010d kot zgolj preprost ogled mesta, saj vas vodi ne le skozi ikoni\u010dne znamenitosti, temve\u010d tudi skozi skrite dragulje Hannovra. Poglobite se v bogato zgodovino zgodovinskega sredi\u0161\u010da Hannovra, sprehodite se po o\u010darljivih ulicah Starega mesta in se \u010dudite arhitekturni lepoti Nove mestne hi\u0161e, ugnezdene v srcu mesta. Igra je ve\u010d kot navigacija \u2013 je prilo\u017enost za raziskovanje skritih koti\u010dkov mesta, ki ponuja poglobljen vpogled v njegovo kulturo in zgodovino.\n\nMedtem ko se sprehajate po mestu, vas igra izziva z raznolikim izborom ugank, zagonetk in ustvarjalnih fotografskih nalog. Ti izzivi niso samo zabavni \u2013 pomagajo vam tudi zaslu\u017eiti to\u010dke, odkleniti koristne namige in se pribli\u017eati razre\u0161itvi kon\u010dne enigme. Ne skrbite, da bi re\u0161ili vse naenkrat, igro lahko kadar koli prekinete in nadaljujete po \u017eelji. Za tiste, ki u\u017eivajo v vznemirjenju tekmovanja, si postavite visoke cilje in tekmujte za mesto na lestvici najbolj\u0161ih. Hannover City Game resni\u010dno spremeni oglede v nepozabno raziskovalno izku\u0161njo.","how_to_play":"Rezervirajte raziskovalno igro, preverite e-po\u0161tno sporo\u010dilo, ki vam ga po\u0161ljemo z enostavnimi navodili, prenesite aplikacijo Loquiz, dostopite do raziskovalne igre in pripravljeni ste za\u010deti svojo igralno izku\u0161njo!","start_location":"Hanover, Holzmarkt","available_languages":["en"],"players_per_group":"1-4","duration":"1.5-2 hours","image_overlay_color_image":"https:\/\/testwebsite.citygame.com\/wp-content\/blogs.dir\/1\/files\/sites\/62\/2026\/01\/SecretsColor.svg","image_overlay_game_logo":"https:\/\/testwebsite.citygame.com\/wp-content\/blogs.dir\/1\/files\/sites\/62\/2026\/01\/SecretsLogo.png","city_page":15340,"woocommerce_general_content":null},"yoast_head":"<!-- This site is optimized with the Yoast SEO Premium plugin v26.2 (Yoast SEO v26.3) - https:\/\/yoast.com\/wordpress\/plugins\/seo\/ -->\n<title>Secrets of Hannover - City Game<\/title>\n<meta name=\"description\" content=\"Secrets of Hannover. Igrajte samovoden City Game in raziskujte mesto skozi uganke, zagonetke in izzive. Igrajte v svojem tempu in odkrivajte kot doma\u010din!\" \/>\n<meta name=\"robots\" content=\"noindex, follow, max-snippet:-1, max-image-preview:large, max-video-preview:-1\" \/>\n<meta property=\"og:locale\" content=\"sl_SI\" \/>\n<meta property=\"og:type\" content=\"article\" \/>\n<meta property=\"og:title\" content=\"Secrets of Hannover\" \/>\n<meta property=\"og:description\" content=\"Secrets of Hannover. Igrajte samovoden City Game in raziskujte mesto skozi uganke, zagonetke in izzive. Igrajte v svojem tempu in odkrivajte kot doma\u010din!\" \/>\n<meta property=\"og:url\" content=\"https:\/\/testwebsite.citygame.com\/sl\/games\/hannover\/secrets-of-hannover\/\" \/>\n<meta property=\"og:site_name\" content=\"City Game\" \/>\n<meta property=\"article:publisher\" content=\"https:\/\/www.facebook.com\/profile.php?id=100086426226253\" \/>\n<meta property=\"article:modified_time\" content=\"2026-04-08T15:32:06+00:00\" \/>\n<meta property=\"og:image\" content=\"https:\/\/testwebsite.citygame.com\/wp-content\/blogs.dir\/1\/files\/sites\/62\/2026\/03\/group-of-friends-playing-city-game-hannover-old-town.jpg\" \/>\n\t<meta property=\"og:image:width\" content=\"1024\" \/>\n\t<meta property=\"og:image:height\" content=\"1024\" \/>\n\t<meta property=\"og:image:type\" content=\"image\/jpeg\" \/>\n<meta name=\"twitter:card\" content=\"summary_large_image\" \/>\n<meta name=\"twitter:label1\" content=\"Est. reading time\" \/>\n\t<meta name=\"twitter:data1\" content=\"1 minuta\" \/>\n<script type=\"application\/ld+json\" class=\"yoast-schema-graph\">{\"@context\":\"https:\/\/schema.org\",\"@graph\":[{\"@type\":\"WebPage\",\"@id\":\"https:\/\/testwebsite.citygame.com\/sl\/games\/hannover\/secrets-of-hannover\/\",\"url\":\"https:\/\/testwebsite.citygame.com\/sl\/games\/hannover\/secrets-of-hannover\/\",\"name\":\"Secrets of Hannover - City Game\",\"isPartOf\":{\"@id\":\"https:\/\/testwebsite.upevents.nl\/#website\"},\"primaryImageOfPage\":{\"@id\":\"https:\/\/testwebsite.citygame.com\/sl\/games\/hannover\/secrets-of-hannover\/#primaryimage\"},\"image\":{\"@id\":\"https:\/\/testwebsite.citygame.com\/sl\/games\/hannover\/secrets-of-hannover\/#primaryimage\"},\"thumbnailUrl\":\"https:\/\/testwebsite.citygame.com\/wp-content\/blogs.dir\/1\/files\/sites\/62\/2026\/03\/group-of-friends-playing-city-game-hannover-old-town.jpg\",\"datePublished\":\"2026-03-13T12:31:32+00:00\",\"dateModified\":\"2026-04-08T15:32:06+00:00\",\"description\":\"Secrets of Hannover. Igrajte samovoden City Game in raziskujte mesto skozi uganke, zagonetke in izzive. Igrajte v svojem tempu in odkrivajte kot doma\u010din!\",\"breadcrumb\":{\"@id\":\"https:\/\/testwebsite.citygame.com\/sl\/games\/hannover\/secrets-of-hannover\/#breadcrumb\"},\"inLanguage\":\"sl-SI\",\"potentialAction\":[{\"@type\":\"ReadAction\",\"target\":[\"https:\/\/testwebsite.citygame.com\/sl\/games\/hannover\/secrets-of-hannover\/\"]}]},{\"@type\":\"ImageObject\",\"inLanguage\":\"sl-SI\",\"@id\":\"https:\/\/testwebsite.citygame.com\/sl\/games\/hannover\/secrets-of-hannover\/#primaryimage\",\"url\":\"https:\/\/testwebsite.citygame.com\/wp-content\/blogs.dir\/1\/files\/sites\/62\/2026\/03\/group-of-friends-playing-city-game-hannover-old-town.jpg\",\"contentUrl\":\"https:\/\/testwebsite.citygame.com\/wp-content\/blogs.dir\/1\/files\/sites\/62\/2026\/03\/group-of-friends-playing-city-game-hannover-old-town.jpg\",\"width\":1024,\"height\":1024,\"caption\":\"A group of friends enjoys a sunny day exploring the historic streets of Hannover.\"},{\"@type\":\"BreadcrumbList\",\"@id\":\"https:\/\/testwebsite.citygame.com\/sl\/games\/hannover\/secrets-of-hannover\/#breadcrumb\",\"itemListElement\":[{\"@type\":\"ListItem\",\"position\":1,\"name\":\"Home\",\"item\":\"https:\/\/testwebsite.citygame.com\/sl\/\"},{\"@type\":\"ListItem\",\"position\":2,\"name\":\"Shop\",\"item\":\"https:\/\/testwebsite.citygame.com\/shop\/\"},{\"@type\":\"ListItem\",\"position\":3,\"name\":\"Secrets of Hannover\"}]},{\"@type\":\"WebSite\",\"@id\":\"https:\/\/testwebsite.upevents.nl\/#website\",\"url\":\"https:\/\/testwebsite.upevents.nl\/\",\"name\":\"City Game\",\"description\":\"\",\"publisher\":{\"@id\":\"https:\/\/testwebsite.upevents.nl\/#organization\"},\"alternateName\":\"citygame.com\",\"potentialAction\":[{\"@type\":\"SearchAction\",\"target\":{\"@type\":\"EntryPoint\",\"urlTemplate\":\"https:\/\/testwebsite.upevents.nl\/?s={search_term_string}\"},\"query-input\":{\"@type\":\"PropertyValueSpecification\",\"valueRequired\":true,\"valueName\":\"search_term_string\"}}],\"inLanguage\":\"sl-SI\"},{\"@type\":[\"Organization\",\"Place\"],\"@id\":\"https:\/\/testwebsite.upevents.nl\/#organization\",\"name\":\"City Game\",\"alternateName\":\"citygame.com\",\"url\":\"https:\/\/testwebsite.upevents.nl\/\",\"logo\":{\"@id\":\"https:\/\/testwebsite.citygame.com\/sl\/games\/hannover\/secrets-of-hannover\/#local-main-organization-logo\"},\"image\":{\"@id\":\"https:\/\/testwebsite.citygame.com\/sl\/games\/hannover\/secrets-of-hannover\/#local-main-organization-logo\"},\"sameAs\":[\"https:\/\/www.facebook.com\/profile.php?id=100086426226253\",\"https:\/\/www.instagram.com\/citygame_com\",\"https:\/\/www.tiktok.com\/@citygamecom\/\",\"https:\/\/www.linkedin.com\/company\/citygame-com\"],\"description\":\"Turn any city into a playground with our interactive City Games and self-guided tours. Fun, flexible, and ideal for groups and team building.\",\"telephone\":[],\"openingHoursSpecification\":[{\"@type\":\"OpeningHoursSpecification\",\"dayOfWeek\":[\"Monday\",\"Tuesday\",\"Wednesday\",\"Thursday\",\"Friday\",\"Saturday\",\"Sunday\"],\"opens\":\"09:00\",\"closes\":\"17:00\"}]},{\"@type\":\"ImageObject\",\"inLanguage\":\"sl-SI\",\"@id\":\"https:\/\/testwebsite.citygame.com\/sl\/games\/hannover\/secrets-of-hannover\/#local-main-organization-logo\",\"url\":\"https:\/\/testwebsite.citygame.com\/wp-content\/blogs.dir\/1\/files\/sites\/62\/2025\/10\/CG_LOGO-City-Game.png\",\"contentUrl\":\"https:\/\/testwebsite.citygame.com\/wp-content\/blogs.dir\/1\/files\/sites\/62\/2025\/10\/CG_LOGO-City-Game.png\",\"width\":351,\"height\":377,\"caption\":\"City Game\"}]}<\/script>\n<!-- \/ Yoast SEO Premium plugin. -->","yoast_head_json":{"title":"Secrets of Hannover - City Game","description":"Secrets of Hannover. Igrajte samovoden City Game in raziskujte mesto skozi uganke, zagonetke in izzive. Igrajte v svojem tempu in odkrivajte kot doma\u010din!","robots":{"index":"noindex","follow":"follow","max-snippet":"max-snippet:-1","max-image-preview":"max-image-preview:large","max-video-preview":"max-video-preview:-1"},"og_locale":"sl_SI","og_type":"article","og_title":"Secrets of Hannover","og_description":"Secrets of Hannover. Igrajte samovoden City Game in raziskujte mesto skozi uganke, zagonetke in izzive. Igrajte v svojem tempu in odkrivajte kot doma\u010din!","og_url":"https:\/\/testwebsite.citygame.com\/sl\/games\/hannover\/secrets-of-hannover\/","og_site_name":"City Game","article_publisher":"https:\/\/www.facebook.com\/profile.php?id=100086426226253","article_modified_time":"2026-04-08T15:32:06+00:00","og_image":[{"width":1024,"height":1024,"url":"https:\/\/testwebsite.citygame.com\/wp-content\/blogs.dir\/1\/files\/sites\/62\/2026\/03\/group-of-friends-playing-city-game-hannover-old-town.jpg","type":"image\/jpeg"}],"twitter_card":"summary_large_image","twitter_misc":{"Est. reading time":"1 minuta"},"schema":{"@context":"https:\/\/schema.org","@graph":[{"@type":"WebPage","@id":"https:\/\/testwebsite.citygame.com\/sl\/games\/hannover\/secrets-of-hannover\/","url":"https:\/\/testwebsite.citygame.com\/sl\/games\/hannover\/secrets-of-hannover\/","name":"Secrets of Hannover - City Game","isPartOf":{"@id":"https:\/\/testwebsite.upevents.nl\/#website"},"primaryImageOfPage":{"@id":"https:\/\/testwebsite.citygame.com\/sl\/games\/hannover\/secrets-of-hannover\/#primaryimage"},"image":{"@id":"https:\/\/testwebsite.citygame.com\/sl\/games\/hannover\/secrets-of-hannover\/#primaryimage"},"thumbnailUrl":"https:\/\/testwebsite.citygame.com\/wp-content\/blogs.dir\/1\/files\/sites\/62\/2026\/03\/group-of-friends-playing-city-game-hannover-old-town.jpg","datePublished":"2026-03-13T12:31:32+00:00","dateModified":"2026-04-08T15:32:06+00:00","description":"Secrets of Hannover. Igrajte samovoden City Game in raziskujte mesto skozi uganke, zagonetke in izzive. Igrajte v svojem tempu in odkrivajte kot doma\u010din!","breadcrumb":{"@id":"https:\/\/testwebsite.citygame.com\/sl\/games\/hannover\/secrets-of-hannover\/#breadcrumb"},"inLanguage":"sl-SI","potentialAction":[{"@type":"ReadAction","target":["https:\/\/testwebsite.citygame.com\/sl\/games\/hannover\/secrets-of-hannover\/"]}]},{"@type":"ImageObject","inLanguage":"sl-SI","@id":"https:\/\/testwebsite.citygame.com\/sl\/games\/hannover\/secrets-of-hannover\/#primaryimage","url":"https:\/\/testwebsite.citygame.com\/wp-content\/blogs.dir\/1\/files\/sites\/62\/2026\/03\/group-of-friends-playing-city-game-hannover-old-town.jpg","contentUrl":"https:\/\/testwebsite.citygame.com\/wp-content\/blogs.dir\/1\/files\/sites\/62\/2026\/03\/group-of-friends-playing-city-game-hannover-old-town.jpg","width":1024,"height":1024,"caption":"A group of friends enjoys a sunny day exploring the historic streets of Hannover."},{"@type":"BreadcrumbList","@id":"https:\/\/testwebsite.citygame.com\/sl\/games\/hannover\/secrets-of-hannover\/#breadcrumb","itemListElement":[{"@type":"ListItem","position":1,"name":"Home","item":"https:\/\/testwebsite.citygame.com\/sl\/"},{"@type":"ListItem","position":2,"name":"Shop","item":"https:\/\/testwebsite.citygame.com\/shop\/"},{"@type":"ListItem","position":3,"name":"Secrets of Hannover"}]},{"@type":"WebSite","@id":"https:\/\/testwebsite.upevents.nl\/#website","url":"https:\/\/testwebsite.upevents.nl\/","name":"City Game","description":"","publisher":{"@id":"https:\/\/testwebsite.upevents.nl\/#organization"},"alternateName":"citygame.com","potentialAction":[{"@type":"SearchAction","target":{"@type":"EntryPoint","urlTemplate":"https:\/\/testwebsite.upevents.nl\/?s={search_term_string}"},"query-input":{"@type":"PropertyValueSpecification","valueRequired":true,"valueName":"search_term_string"}}],"inLanguage":"sl-SI"},{"@type":["Organization","Place"],"@id":"https:\/\/testwebsite.upevents.nl\/#organization","name":"City Game","alternateName":"citygame.com","url":"https:\/\/testwebsite.upevents.nl\/","logo":{"@id":"https:\/\/testwebsite.citygame.com\/sl\/games\/hannover\/secrets-of-hannover\/#local-main-organization-logo"},"image":{"@id":"https:\/\/testwebsite.citygame.com\/sl\/games\/hannover\/secrets-of-hannover\/#local-main-organization-logo"},"sameAs":["https:\/\/www.facebook.com\/profile.php?id=100086426226253","https:\/\/www.instagram.com\/citygame_com","https:\/\/www.tiktok.com\/@citygamecom\/","https:\/\/www.linkedin.com\/company\/citygame-com"],"description":"Turn any city into a playground with our interactive City Games and self-guided tours. Fun, flexible, and ideal for groups and team building.","telephone":[],"openingHoursSpecification":[{"@type":"OpeningHoursSpecification","dayOfWeek":["Monday","Tuesday","Wednesday","Thursday","Friday","Saturday","Sunday"],"opens":"09:00","closes":"17:00"}]},{"@type":"ImageObject","inLanguage":"sl-SI","@id":"https:\/\/testwebsite.citygame.com\/sl\/games\/hannover\/secrets-of-hannover\/#local-main-organization-logo","url":"https:\/\/testwebsite.citygame.com\/wp-content\/blogs.dir\/1\/files\/sites\/62\/2025\/10\/CG_LOGO-City-Game.png","contentUrl":"https:\/\/testwebsite.citygame.com\/wp-content\/blogs.dir\/1\/files\/sites\/62\/2025\/10\/CG_LOGO-City-Game.png","width":351,"height":377,"caption":"City Game"}]}},"taxonomy_info":{"game-concept":[{"value":728,"label":"Secrets"}],"location":[{"value":605,"label":"Hannover"}],"product_cat":[{"value":27,"label":"Geen categorie"}]},"featured_image_src_large":["https:\/\/testwebsite.citygame.com\/wp-content\/blogs.dir\/1\/files\/sites\/62\/2026\/03\/group-of-friends-playing-city-game-hannover-old-town.jpg",1024,1024,false],"author_info":[],"comment_info":"","_links":{"self":[{"href":"https:\/\/testwebsite.citygame.com\/sl\/wp-json\/wp\/v2\/product\/65232","targetHints":{"allow":["GET"]}}],"collection":[{"href":"https:\/\/testwebsite.citygame.com\/sl\/wp-json\/wp\/v2\/product"}],"about":[{"href":"https:\/\/testwebsite.citygame.com\/sl\/wp-json\/wp\/v2\/types\/product"}],"acf:post":[{"embeddable":true,"href":"https:\/\/testwebsite.citygame.com\/sl\/wp-json\/wp\/v2\/pages\/15340"}],"wp:featuredmedia":[{"embeddable":true,"href":"https:\/\/testwebsite.citygame.com\/sl\/wp-json\/wp\/v2\/media\/18535"}],"wp:attachment":[{"href":"https:\/\/testwebsite.citygame.com\/sl\/wp-json\/wp\/v2\/media?parent=65232"}],"wp:term":[{"taxonomy":"game-concept","embeddable":true,"href":"https:\/\/testwebsite.citygame.com\/sl\/wp-json\/wp\/v2\/game-concept?post=65232"},{"taxonomy":"location","embeddable":true,"href":"https:\/\/testwebsite.citygame.com\/sl\/wp-json\/wp\/v2\/location?post=65232"},{"taxonomy":"product_brand","embeddable":true,"href":"https:\/\/testwebsite.citygame.com\/sl\/wp-json\/wp\/v2\/product_brand?post=65232"},{"taxonomy":"product_cat","embeddable":true,"href":"https:\/\/testwebsite.citygame.com\/sl\/wp-json\/wp\/v2\/product_cat?post=65232"},{"taxonomy":"product_tag","embeddable":true,"href":"https:\/\/testwebsite.citygame.com\/sl\/wp-json\/wp\/v2\/product_tag?post=65232"}],"curies":[{"name":"wp","href":"https:\/\/api.w.org\/{rel}","templated":true}]}}