{"id":64722,"date":"2026-01-13T11:49:17","date_gmt":"2026-01-13T11:49:17","guid":{"rendered":"https:\/\/testwebsite.citygame.com\/games\/unknown-location\/secrets-of-manises\/"},"modified":"2026-04-08T14:31:59","modified_gmt":"2026-04-08T14:31:59","slug":"secrets-of-manises","status":"publish","type":"product","link":"https:\/\/testwebsite.citygame.com\/sl\/games\/manises\/secrets-of-manises\/","title":{"rendered":"Secrets of Manises"},"content":{"rendered":"<p>Mestna igra Manises je samovoden mestni sprehod, ki poteka v sredi\u0161\u010du Manisesa. Ta igra, ki temelji na GPS-u, omogo\u010da igralcem, da raziskujejo mesto s pomo\u010djo pametnega telefona, medtem ko re\u0161ujejo uganke, zagonetke in fotografske izzive. Kot del do\u017eivetja udele\u017eenci odkrivajo skrite podrobnosti in spoznavajo zgodovino in kulturo Manisesa v svojem tempu. Raziskovalna igra je primerna tako za obiskovalce kot za doma\u010dine in ponuja privla\u010dno dejavnost za tiste, ki \u017eelijo mesto videti druga\u010de. Ne glede na to, ali igrate sami, v paru, z dru\u017eino ali skupino prijateljev, ta igra, ki temelji na GPS-u, ponuja prilagodljiv in interaktiven na\u010din do\u017eivetja Manisesa.<\/p>\n","protected":false},"excerpt":{"rendered":"<p>Razkrijte kerami\u010dno du\u0161o Manisesa! Sledite poti s Ceval Premi Ajuro, razre\u0161ujte namige med fasadami, oblo\u017eenimi s plo\u0161\u010dicami, \u017eivahnimi trgi in \u0161epetajo\u010do Turio, medtem ko mali muzi pomagate najti pot nazaj k njenemu ustvarjalcu, Juanu Albalatu.<\/p>\n","protected":false},"featured_media":3751,"template":"","meta":{"_acf_changed":false,"_yoast_wpseo_focuskw":"Secrets of Manises","_yoast_wpseo_metadesc":"Secrets of Manises. Igrajte samovoden City Game in raziskujte mesto skozi uganke, zagonetke in izzive. Igrajte v svojem tempu in odkrivajte kot doma\u010din!","_kad_blocks_custom_css":"","_kad_blocks_head_custom_js":"","_kad_blocks_body_custom_js":"","_kad_blocks_footer_custom_js":"","ghostkit_customizer_options":"","ghostkit_custom_css":"","ghostkit_custom_js_head":"","ghostkit_custom_js_foot":"","ghostkit_typography":"","_kad_post_transparent":"default","_kad_post_title":"","_kad_post_layout":"default","_kad_post_sidebar_id":"","_kad_post_content_style":"default","_kad_post_vertical_padding":"default","_kad_post_feature":"","_kad_post_feature_position":"","_kad_post_header":false,"_kad_post_footer":false,"_kad_post_classname":"","_links_to":"","_links_to_target":""},"game-concept":[728],"location":[266],"product_brand":[],"product_cat":[27],"product_tag":[],"class_list":{"0":"post-64722","1":"product","2":"type-product","3":"status-publish","4":"has-post-thumbnail","6":"game-concept-secrets","7":"location-manises","8":"product_cat-geen-categorie","10":"first","11":"instock","12":"shipping-taxable","13":"purchasable","14":"product-type-simple","15":"entry","16":"content-bg","17":"loop-entry"},"acf":{"full_bokun_product_name":"Self-Guided Secrets of Manises Exploration Game","location_name":"Manises","bokun_calendar_widget_code":"<script type=\"text\/javascript\" src=\"https:\/\/widgets.bokun.io\/assets\/javascripts\/apps\/build\/BokunWidgetsLoader.js?bookingChannelUUID=a1e93e96-5232-4734-a595-28405f4b5a31\" async><\/script>\n     \n    <div class=\"bokunWidget\" data-src=\"https:\/\/widgets.bokun.io\/online-sales\/a1e93e96-5232-4734-a595-28405f4b5a31\/experience-calendar\/1096394\"><\/div>\n    <noscript>Please enable javascript in your browser to book<\/noscript>","bokun_button_widget_code":"<script type=\"text\/javascript\" src=\"https:\/\/widgets.bokun.io\/assets\/javascripts\/apps\/build\/BokunWidgetsLoader.js?bookingChannelUUID=a1e93e96-5232-4734-a595-28405f4b5a31\" async><\/script>\n      <style> #bokun_ed001e45_5927_4f62_b470_ca766338d083 { display: inline-block; padding: .4em 1em; background: #47b82e; border-radius: 999999px; box-shadow: none; font-weight: 600; font-size: 24px; text-decoration: none; text-align: center; color: #FFFFFF; border:none; cursor: pointer; transition: background .2s ease; } #bokun_ed001e45_5927_4f62_b470_ca766338d083:hover{ background: #2f7b1f; } #bokun_ed001e45_5927_4f62_b470_ca766338d083:active{ background: #378f24; } <\/style> <button class=\"bokunButton\" disabled id=bokun_ed001e45_5927_4f62_b470_ca766338d083 data-src=\"https:\/\/widgets.bokun.io\/online-sales\/a1e93e96-5232-4734-a595-28405f4b5a31\/experience-calendar\/1096394?partialView=1\" data-testid=\"widget-book-button\" > Book now <\/button> ","what_you\u2019ll_experience_during_the_game":"Med raziskovanjem Manisesa s to mestno igro boste sledili interaktivni zgodbi, ki zdru\u017euje ogled znamenitosti z odkrivanjem. Pot vas bo vodila tako skozi znane znamenitosti kot skozi mirnej\u0161e koti\u010dke, ki korak za korakom razkrivajo zna\u010daj mesta. Pri\u010dakujte, da boste naleteli na poudarke, kot so graciozni loki zgodovinskega Manises Aqueduct, barvita fasada Ceramics Workshop in mirne poti Parque Los Filtros. Na poti bodo kraji, kot sta Former Manises Train Station in Parish Church of San Juan Bautista, dodali vzdu\u0161je in lokalni \u010dar razvijajo\u010di se pripovedi.\r\n\r\nSkozi igro boste re\u0161evali razli\u010dne uganke, zagonetke in ustvarjalne izzive, ki vas bodo vodili naprej in poglobili va\u0161o povezanost z Manisesom. Z izpolnjevanjem nalog in odgovarjanjem na vpra\u0161anja boste zbirali to\u010dke, odklepali namige in se pribli\u017eevali razkritju osrednje skrivnosti. Igra je prilagodljiva, kar vam omogo\u010da, da jo ustavite in nadaljujete, kadar koli vam ustreza. Tisti, ki igrate tekmovalno, lahko posamezni igralci ali ekipe ciljajo na prvo mesto na lestvici, medtem ko Manises do\u017eivljajo na sve\u017e in privla\u010den na\u010din.","how_to_play":"Po rezervaciji boste prejeli e-po\u0161tno sporo\u010dilo z neposredno povezavo do igre. Preprosto pojdite na za\u010detno to\u010dko v Parque Los Filtros in takoj za\u010dnite svoje potovanje. Igra poteka v celoti na va\u0161em pametnem telefonu, brez potrebe po prenosu aplikacije. Pustolov\u0161\u010dino lahko kadar koli prekinete in nadaljujete kasneje, kar omogo\u010da prilagodljivost za vsak urnik.","start_location":"Manises, Parque Los Filtros","available_languages":"","players_per_group":"1-4","duration":"1.5-2 hours","image_overlay_color_image":"https:\/\/testwebsite.citygame.com\/wp-content\/blogs.dir\/1\/files\/sites\/62\/2026\/01\/SecretsColor.svg","image_overlay_game_logo":"https:\/\/testwebsite.citygame.com\/wp-content\/blogs.dir\/1\/files\/sites\/62\/2026\/01\/SecretsLogo.png","city_page":15691,"woocommerce_general_content":null},"yoast_head":"<!-- This site is optimized with the Yoast SEO Premium plugin v26.2 (Yoast SEO v26.3) - https:\/\/yoast.com\/wordpress\/plugins\/seo\/ -->\n<title>Secrets of Manises - City Game<\/title>\n<meta name=\"description\" content=\"Secrets of Manises. Igrajte samovoden City Game in raziskujte mesto skozi uganke, zagonetke in izzive. Igrajte v svojem tempu in odkrivajte kot doma\u010din!\" \/>\n<meta name=\"robots\" content=\"noindex, follow, max-snippet:-1, max-image-preview:large, max-video-preview:-1\" \/>\n<meta property=\"og:locale\" content=\"sl_SI\" \/>\n<meta property=\"og:type\" content=\"article\" \/>\n<meta property=\"og:title\" content=\"Secrets of Manises\" \/>\n<meta property=\"og:description\" content=\"Secrets of Manises. Igrajte samovoden City Game in raziskujte mesto skozi uganke, zagonetke in izzive. Igrajte v svojem tempu in odkrivajte kot doma\u010din!\" \/>\n<meta property=\"og:url\" content=\"https:\/\/testwebsite.citygame.com\/sl\/games\/manises\/secrets-of-manises\/\" \/>\n<meta property=\"og:site_name\" content=\"City Game\" \/>\n<meta property=\"article:publisher\" content=\"https:\/\/www.facebook.com\/profile.php?id=100086426226253\" \/>\n<meta property=\"article:modified_time\" content=\"2026-04-08T14:31:59+00:00\" \/>\n<meta property=\"og:image\" content=\"https:\/\/testwebsite.citygame.com\/wp-content\/blogs.dir\/1\/files\/sites\/62\/2026\/01\/city-game-players-manises-park-fountain.jpg\" \/>\n\t<meta property=\"og:image:width\" content=\"1024\" \/>\n\t<meta property=\"og:image:height\" content=\"1024\" \/>\n\t<meta property=\"og:image:type\" content=\"image\/jpeg\" \/>\n<meta name=\"twitter:card\" content=\"summary_large_image\" \/>\n<meta name=\"twitter:label1\" content=\"Est. reading time\" \/>\n\t<meta name=\"twitter:data1\" content=\"1 minuta\" \/>\n<script type=\"application\/ld+json\" class=\"yoast-schema-graph\">{\"@context\":\"https:\/\/schema.org\",\"@graph\":[{\"@type\":\"WebPage\",\"@id\":\"https:\/\/testwebsite.citygame.com\/sl\/games\/manises\/secrets-of-manises\/\",\"url\":\"https:\/\/testwebsite.citygame.com\/sl\/games\/manises\/secrets-of-manises\/\",\"name\":\"Secrets of Manises - City Game\",\"isPartOf\":{\"@id\":\"https:\/\/testwebsite.upevents.nl\/#website\"},\"primaryImageOfPage\":{\"@id\":\"https:\/\/testwebsite.citygame.com\/sl\/games\/manises\/secrets-of-manises\/#primaryimage\"},\"image\":{\"@id\":\"https:\/\/testwebsite.citygame.com\/sl\/games\/manises\/secrets-of-manises\/#primaryimage\"},\"thumbnailUrl\":\"https:\/\/testwebsite.citygame.com\/wp-content\/blogs.dir\/1\/files\/sites\/62\/2026\/01\/city-game-players-manises-park-fountain.jpg\",\"datePublished\":\"2026-01-13T11:49:17+00:00\",\"dateModified\":\"2026-04-08T14:31:59+00:00\",\"description\":\"Secrets of Manises. Igrajte samovoden City Game in raziskujte mesto skozi uganke, zagonetke in izzive. Igrajte v svojem tempu in odkrivajte kot doma\u010din!\",\"breadcrumb\":{\"@id\":\"https:\/\/testwebsite.citygame.com\/sl\/games\/manises\/secrets-of-manises\/#breadcrumb\"},\"inLanguage\":\"sl-SI\",\"potentialAction\":[{\"@type\":\"ReadAction\",\"target\":[\"https:\/\/testwebsite.citygame.com\/sl\/games\/manises\/secrets-of-manises\/\"]}]},{\"@type\":\"ImageObject\",\"inLanguage\":\"sl-SI\",\"@id\":\"https:\/\/testwebsite.citygame.com\/sl\/games\/manises\/secrets-of-manises\/#primaryimage\",\"url\":\"https:\/\/testwebsite.citygame.com\/wp-content\/blogs.dir\/1\/files\/sites\/62\/2026\/01\/city-game-players-manises-park-fountain.jpg\",\"contentUrl\":\"https:\/\/testwebsite.citygame.com\/wp-content\/blogs.dir\/1\/files\/sites\/62\/2026\/01\/city-game-players-manises-park-fountain.jpg\",\"width\":1024,\"height\":1024,\"caption\":\"Four young people gathered around a mobile phone in a park with a fountain in Manises.\"},{\"@type\":\"BreadcrumbList\",\"@id\":\"https:\/\/testwebsite.citygame.com\/sl\/games\/manises\/secrets-of-manises\/#breadcrumb\",\"itemListElement\":[{\"@type\":\"ListItem\",\"position\":1,\"name\":\"Home\",\"item\":\"https:\/\/testwebsite.citygame.com\/sl\/\"},{\"@type\":\"ListItem\",\"position\":2,\"name\":\"Shop\",\"item\":\"https:\/\/testwebsite.citygame.com\/shop\/\"},{\"@type\":\"ListItem\",\"position\":3,\"name\":\"Secrets of Manises\"}]},{\"@type\":\"WebSite\",\"@id\":\"https:\/\/testwebsite.upevents.nl\/#website\",\"url\":\"https:\/\/testwebsite.upevents.nl\/\",\"name\":\"City Game\",\"description\":\"\",\"publisher\":{\"@id\":\"https:\/\/testwebsite.upevents.nl\/#organization\"},\"alternateName\":\"citygame.com\",\"potentialAction\":[{\"@type\":\"SearchAction\",\"target\":{\"@type\":\"EntryPoint\",\"urlTemplate\":\"https:\/\/testwebsite.upevents.nl\/?s={search_term_string}\"},\"query-input\":{\"@type\":\"PropertyValueSpecification\",\"valueRequired\":true,\"valueName\":\"search_term_string\"}}],\"inLanguage\":\"sl-SI\"},{\"@type\":[\"Organization\",\"Place\"],\"@id\":\"https:\/\/testwebsite.upevents.nl\/#organization\",\"name\":\"City Game\",\"alternateName\":\"citygame.com\",\"url\":\"https:\/\/testwebsite.upevents.nl\/\",\"logo\":{\"@id\":\"https:\/\/testwebsite.citygame.com\/sl\/games\/manises\/secrets-of-manises\/#local-main-organization-logo\"},\"image\":{\"@id\":\"https:\/\/testwebsite.citygame.com\/sl\/games\/manises\/secrets-of-manises\/#local-main-organization-logo\"},\"sameAs\":[\"https:\/\/www.facebook.com\/profile.php?id=100086426226253\",\"https:\/\/www.instagram.com\/citygame_com\",\"https:\/\/www.tiktok.com\/@citygamecom\/\",\"https:\/\/www.linkedin.com\/company\/citygame-com\"],\"description\":\"Turn any city into a playground with our interactive City Games and self-guided tours. Fun, flexible, and ideal for groups and team building.\",\"telephone\":[],\"openingHoursSpecification\":[{\"@type\":\"OpeningHoursSpecification\",\"dayOfWeek\":[\"Monday\",\"Tuesday\",\"Wednesday\",\"Thursday\",\"Friday\",\"Saturday\",\"Sunday\"],\"opens\":\"09:00\",\"closes\":\"17:00\"}]},{\"@type\":\"ImageObject\",\"inLanguage\":\"sl-SI\",\"@id\":\"https:\/\/testwebsite.citygame.com\/sl\/games\/manises\/secrets-of-manises\/#local-main-organization-logo\",\"url\":\"https:\/\/testwebsite.citygame.com\/wp-content\/blogs.dir\/1\/files\/sites\/62\/2025\/10\/CG_LOGO-City-Game.png\",\"contentUrl\":\"https:\/\/testwebsite.citygame.com\/wp-content\/blogs.dir\/1\/files\/sites\/62\/2025\/10\/CG_LOGO-City-Game.png\",\"width\":351,\"height\":377,\"caption\":\"City Game\"}]}<\/script>\n<!-- \/ Yoast SEO Premium plugin. -->","yoast_head_json":{"title":"Secrets of Manises - City Game","description":"Secrets of Manises. Igrajte samovoden City Game in raziskujte mesto skozi uganke, zagonetke in izzive. Igrajte v svojem tempu in odkrivajte kot doma\u010din!","robots":{"index":"noindex","follow":"follow","max-snippet":"max-snippet:-1","max-image-preview":"max-image-preview:large","max-video-preview":"max-video-preview:-1"},"og_locale":"sl_SI","og_type":"article","og_title":"Secrets of Manises","og_description":"Secrets of Manises. Igrajte samovoden City Game in raziskujte mesto skozi uganke, zagonetke in izzive. Igrajte v svojem tempu in odkrivajte kot doma\u010din!","og_url":"https:\/\/testwebsite.citygame.com\/sl\/games\/manises\/secrets-of-manises\/","og_site_name":"City Game","article_publisher":"https:\/\/www.facebook.com\/profile.php?id=100086426226253","article_modified_time":"2026-04-08T14:31:59+00:00","og_image":[{"width":1024,"height":1024,"url":"https:\/\/testwebsite.citygame.com\/wp-content\/blogs.dir\/1\/files\/sites\/62\/2026\/01\/city-game-players-manises-park-fountain.jpg","type":"image\/jpeg"}],"twitter_card":"summary_large_image","twitter_misc":{"Est. reading time":"1 minuta"},"schema":{"@context":"https:\/\/schema.org","@graph":[{"@type":"WebPage","@id":"https:\/\/testwebsite.citygame.com\/sl\/games\/manises\/secrets-of-manises\/","url":"https:\/\/testwebsite.citygame.com\/sl\/games\/manises\/secrets-of-manises\/","name":"Secrets of Manises - City Game","isPartOf":{"@id":"https:\/\/testwebsite.upevents.nl\/#website"},"primaryImageOfPage":{"@id":"https:\/\/testwebsite.citygame.com\/sl\/games\/manises\/secrets-of-manises\/#primaryimage"},"image":{"@id":"https:\/\/testwebsite.citygame.com\/sl\/games\/manises\/secrets-of-manises\/#primaryimage"},"thumbnailUrl":"https:\/\/testwebsite.citygame.com\/wp-content\/blogs.dir\/1\/files\/sites\/62\/2026\/01\/city-game-players-manises-park-fountain.jpg","datePublished":"2026-01-13T11:49:17+00:00","dateModified":"2026-04-08T14:31:59+00:00","description":"Secrets of Manises. Igrajte samovoden City Game in raziskujte mesto skozi uganke, zagonetke in izzive. Igrajte v svojem tempu in odkrivajte kot doma\u010din!","breadcrumb":{"@id":"https:\/\/testwebsite.citygame.com\/sl\/games\/manises\/secrets-of-manises\/#breadcrumb"},"inLanguage":"sl-SI","potentialAction":[{"@type":"ReadAction","target":["https:\/\/testwebsite.citygame.com\/sl\/games\/manises\/secrets-of-manises\/"]}]},{"@type":"ImageObject","inLanguage":"sl-SI","@id":"https:\/\/testwebsite.citygame.com\/sl\/games\/manises\/secrets-of-manises\/#primaryimage","url":"https:\/\/testwebsite.citygame.com\/wp-content\/blogs.dir\/1\/files\/sites\/62\/2026\/01\/city-game-players-manises-park-fountain.jpg","contentUrl":"https:\/\/testwebsite.citygame.com\/wp-content\/blogs.dir\/1\/files\/sites\/62\/2026\/01\/city-game-players-manises-park-fountain.jpg","width":1024,"height":1024,"caption":"Four young people gathered around a mobile phone in a park with a fountain in Manises."},{"@type":"BreadcrumbList","@id":"https:\/\/testwebsite.citygame.com\/sl\/games\/manises\/secrets-of-manises\/#breadcrumb","itemListElement":[{"@type":"ListItem","position":1,"name":"Home","item":"https:\/\/testwebsite.citygame.com\/sl\/"},{"@type":"ListItem","position":2,"name":"Shop","item":"https:\/\/testwebsite.citygame.com\/shop\/"},{"@type":"ListItem","position":3,"name":"Secrets of Manises"}]},{"@type":"WebSite","@id":"https:\/\/testwebsite.upevents.nl\/#website","url":"https:\/\/testwebsite.upevents.nl\/","name":"City Game","description":"","publisher":{"@id":"https:\/\/testwebsite.upevents.nl\/#organization"},"alternateName":"citygame.com","potentialAction":[{"@type":"SearchAction","target":{"@type":"EntryPoint","urlTemplate":"https:\/\/testwebsite.upevents.nl\/?s={search_term_string}"},"query-input":{"@type":"PropertyValueSpecification","valueRequired":true,"valueName":"search_term_string"}}],"inLanguage":"sl-SI"},{"@type":["Organization","Place"],"@id":"https:\/\/testwebsite.upevents.nl\/#organization","name":"City Game","alternateName":"citygame.com","url":"https:\/\/testwebsite.upevents.nl\/","logo":{"@id":"https:\/\/testwebsite.citygame.com\/sl\/games\/manises\/secrets-of-manises\/#local-main-organization-logo"},"image":{"@id":"https:\/\/testwebsite.citygame.com\/sl\/games\/manises\/secrets-of-manises\/#local-main-organization-logo"},"sameAs":["https:\/\/www.facebook.com\/profile.php?id=100086426226253","https:\/\/www.instagram.com\/citygame_com","https:\/\/www.tiktok.com\/@citygamecom\/","https:\/\/www.linkedin.com\/company\/citygame-com"],"description":"Turn any city into a playground with our interactive City Games and self-guided tours. Fun, flexible, and ideal for groups and team building.","telephone":[],"openingHoursSpecification":[{"@type":"OpeningHoursSpecification","dayOfWeek":["Monday","Tuesday","Wednesday","Thursday","Friday","Saturday","Sunday"],"opens":"09:00","closes":"17:00"}]},{"@type":"ImageObject","inLanguage":"sl-SI","@id":"https:\/\/testwebsite.citygame.com\/sl\/games\/manises\/secrets-of-manises\/#local-main-organization-logo","url":"https:\/\/testwebsite.citygame.com\/wp-content\/blogs.dir\/1\/files\/sites\/62\/2025\/10\/CG_LOGO-City-Game.png","contentUrl":"https:\/\/testwebsite.citygame.com\/wp-content\/blogs.dir\/1\/files\/sites\/62\/2025\/10\/CG_LOGO-City-Game.png","width":351,"height":377,"caption":"City Game"}]}},"taxonomy_info":{"game-concept":[{"value":728,"label":"Secrets"}],"location":[{"value":266,"label":"Manises"}],"product_cat":[{"value":27,"label":"Geen categorie"}]},"featured_image_src_large":["https:\/\/testwebsite.citygame.com\/wp-content\/blogs.dir\/1\/files\/sites\/62\/2026\/01\/city-game-players-manises-park-fountain.jpg",1024,1024,false],"author_info":[],"comment_info":"","_links":{"self":[{"href":"https:\/\/testwebsite.citygame.com\/sl\/wp-json\/wp\/v2\/product\/64722","targetHints":{"allow":["GET"]}}],"collection":[{"href":"https:\/\/testwebsite.citygame.com\/sl\/wp-json\/wp\/v2\/product"}],"about":[{"href":"https:\/\/testwebsite.citygame.com\/sl\/wp-json\/wp\/v2\/types\/product"}],"acf:post":[{"embeddable":true,"href":"https:\/\/testwebsite.citygame.com\/sl\/wp-json\/wp\/v2\/pages\/15691"}],"wp:featuredmedia":[{"embeddable":true,"href":"https:\/\/testwebsite.citygame.com\/sl\/wp-json\/wp\/v2\/media\/3751"}],"wp:attachment":[{"href":"https:\/\/testwebsite.citygame.com\/sl\/wp-json\/wp\/v2\/media?parent=64722"}],"wp:term":[{"taxonomy":"game-concept","embeddable":true,"href":"https:\/\/testwebsite.citygame.com\/sl\/wp-json\/wp\/v2\/game-concept?post=64722"},{"taxonomy":"location","embeddable":true,"href":"https:\/\/testwebsite.citygame.com\/sl\/wp-json\/wp\/v2\/location?post=64722"},{"taxonomy":"product_brand","embeddable":true,"href":"https:\/\/testwebsite.citygame.com\/sl\/wp-json\/wp\/v2\/product_brand?post=64722"},{"taxonomy":"product_cat","embeddable":true,"href":"https:\/\/testwebsite.citygame.com\/sl\/wp-json\/wp\/v2\/product_cat?post=64722"},{"taxonomy":"product_tag","embeddable":true,"href":"https:\/\/testwebsite.citygame.com\/sl\/wp-json\/wp\/v2\/product_tag?post=64722"}],"curies":[{"name":"wp","href":"https:\/\/api.w.org\/{rel}","templated":true}]}}