{"id":64701,"date":"2026-01-27T15:51:46","date_gmt":"2026-01-27T15:51:46","guid":{"rendered":"https:\/\/testwebsite.citygame.com\/games\/unknown-location\/secrets-of-bruges\/"},"modified":"2026-04-08T14:29:18","modified_gmt":"2026-04-08T14:29:18","slug":"secrets-of-bruges","status":"publish","type":"product","link":"https:\/\/testwebsite.citygame.com\/sl\/games\/bruges\/secrets-of-bruges\/","title":{"rendered":"Secrets of Bruges"},"content":{"rendered":"<p>Igra Mesto Bruges je samostojna igra, ki temelji na GPS-u in poteka v zgodovinskem sredi\u0161\u010du Bruggesa. S pomo\u010djo pametnega telefona boste raziskovali mesto in re\u0161evali uganke, zagonetke ter foto izzive, ki vam bodo na poti razkrili skrite podrobnosti. Ta raziskovalna igra ponuja vpogled v bogato zgodovino in kulturo Bruggesa, kar jo dela privla\u010dno izku\u0161njo tako za obiskovalce kot tudi za doma\u010dine. Samostojna mestna igra je zasnovana tako, da je prilagodljiva in enako dobro deluje za samostojne igralce, pare, dru\u017eine ali skupine prijateljev. Ne glede na to, ali Bruges odkrivate prvi\u010d ali ga do\u017eivljate z nove perspektive, Igra Mesto Bruges doda igriv preobrat va\u0161emu potovanju.<\/p>\n","protected":false},"excerpt":{"rendered":"<p>Do\u017eivite Bruges, brez\u010dasen zaklad! Potopite se v mesto, kjer se prepletajo srednjeve\u0161ki in sodobni okusi, od stoletja starega Glavnega trga do osupljivo moderne Koncertne dvorane. Ko se boste sprehajali po njegovih slikovitih tlakovanih ulicah in re\u0161evali osupljive uganke, vas bo vsak koti\u010dek Bruggesa o\u010daral in navdu\u0161il!<\/p>\n","protected":false},"featured_media":5662,"template":"","meta":{"_acf_changed":false,"_yoast_wpseo_focuskw":"Secrets of Bruges","_yoast_wpseo_metadesc":"Secrets of Bruges. Igrajte samostojno igro Mesto in raziskujte mesto skozi uganke, zagonetke in izzive. Igrajte v svojem tempu in odkrijte kot lokalec!","_kad_blocks_custom_css":"","_kad_blocks_head_custom_js":"","_kad_blocks_body_custom_js":"","_kad_blocks_footer_custom_js":"","ghostkit_customizer_options":"","ghostkit_custom_css":"","ghostkit_custom_js_head":"","ghostkit_custom_js_foot":"","ghostkit_typography":"","_kad_post_transparent":"default","_kad_post_title":"","_kad_post_layout":"default","_kad_post_sidebar_id":"","_kad_post_content_style":"default","_kad_post_vertical_padding":"default","_kad_post_feature":"","_kad_post_feature_position":"","_kad_post_header":false,"_kad_post_footer":false,"_kad_post_classname":"","_links_to":"","_links_to_target":""},"game-concept":[728],"location":[104],"product_brand":[],"product_cat":[27],"product_tag":[],"class_list":{"0":"post-64701","1":"product","2":"type-product","3":"status-publish","4":"has-post-thumbnail","6":"game-concept-secrets","7":"location-bruges","8":"product_cat-geen-categorie","10":"first","11":"instock","12":"shipping-taxable","13":"purchasable","14":"product-type-simple","15":"entry","16":"content-bg","17":"loop-entry"},"acf":{"full_bokun_product_name":"Self-Guided Secrets of Bruges Exploration Game","location_name":"Bruges","bokun_calendar_widget_code":"<script type=\"text\/javascript\" src=\"https:\/\/widgets.bokun.io\/assets\/javascripts\/apps\/build\/BokunWidgetsLoader.js?bookingChannelUUID=a1e93e96-5232-4734-a595-28405f4b5a31\" async><\/script>\n     \n    <div class=\"bokunWidget\" data-src=\"https:\/\/widgets.bokun.io\/online-sales\/a1e93e96-5232-4734-a595-28405f4b5a31\/experience-calendar\/1002096\"><\/div>\n    <noscript>Please enable javascript in your browser to book<\/noscript>","bokun_button_widget_code":"<script type=\"text\/javascript\" src=\"https:\/\/widgets.bokun.io\/assets\/javascripts\/apps\/build\/BokunWidgetsLoader.js?bookingChannelUUID=a1e93e96-5232-4734-a595-28405f4b5a31\" async><\/script>\n      <style> #bokun_ed001e45_5927_4f62_b470_ca766338d083 { display: inline-block; padding: .4em 1em; background: #47b82e; border-radius: 999999px; box-shadow: none; font-weight: 600; font-size: 24px; text-decoration: none; text-align: center; color: #FFFFFF; border:none; cursor: pointer; transition: background .2s ease; } #bokun_ed001e45_5927_4f62_b470_ca766338d083:hover{ background: #2f7b1f; } #bokun_ed001e45_5927_4f62_b470_ca766338d083:active{ background: #378f24; } <\/style> <button class=\"bokunButton\" disabled id=bokun_ed001e45_5927_4f62_b470_ca766338d083 data-src=\"https:\/\/widgets.bokun.io\/online-sales\/a1e93e96-5232-4734-a595-28405f4b5a31\/experience-calendar\/1002096?partialView=1\" data-testid=\"widget-book-button\" > Book now <\/button> ","what_you\u2019ll_experience_during_the_game":"Igra Mesto v Brugesu zdru\u017euje ogled znamenitosti z poglobljeno zgodbo in interaktivnimi izzivi, ki vas vodijo skozi srce tega srednjeve\u0161kega mesta. Med raziskovanjem boste odkrili tako ikoni\u010dne kot skrite koti\u010dke, od veli\u010dastnega trga Markt in zvonika Belfry do mirnih kanalov in atmosferskih uli\u010dic, ki so stran od utrjenih poti. Na poti boste dobili sve\u017eo perspektivo na bogato zgodovino in o\u010darljive ulice Bruggesa, sre\u010dali boste tako dobro znana kot skrito skrita mesta. Igra vas vabi, da odkrijete mesto v svojem tempu, medtem ko postajate del njegove razvijajo\u010de se pripovedi.\r\n\r\nSkozi igro boste re\u0161evali razli\u010dne interaktivne uganke, lokacijsko zasnovane zagonetke in ustvarjalne foto naloge, ki izzivajo va\u0161e opazovanje in radovednost. Vsak dokon\u010dan izziv vas bo pripeljal bli\u017eje k razre\u0161itvi kon\u010dne skrivnosti, medtem ko boste zaslu\u017eili to\u010dke in odklenili koristne namige. Igro Mesto lahko kadar koli prekinete in nadaljujete z raziskovanjem Bruggesa, kadar koli vam ustreza. Za tiste, ki se po\u010dutijo tekmovalne, obstaja mo\u017enost, da se povzpnete na lestvico z visokim rezultatom.","how_to_play":"Rezervirajte Raziskovalno igro, preverite e-po\u0161to, ki vam jo po\u0161ljemo z enostavnimi navodili, prenesite aplikacijo Loquiz, dostopite do Raziskovalne igre in pripravljeni ste za\u010deti svojo igralno izku\u0161njo!","start_location":"Bruges, Markt","available_languages":["en","fr"],"players_per_group":"1-4","duration":"1.5-2 hours","image_overlay_color_image":"https:\/\/testwebsite.citygame.com\/wp-content\/blogs.dir\/1\/files\/sites\/62\/2026\/01\/SecretsColor.svg","image_overlay_game_logo":"https:\/\/testwebsite.citygame.com\/wp-content\/blogs.dir\/1\/files\/sites\/62\/2026\/01\/SecretsLogo.png","city_page":5629,"woocommerce_general_content":null},"yoast_head":"<!-- This site is optimized with the Yoast SEO Premium plugin v26.2 (Yoast SEO v26.3) - https:\/\/yoast.com\/wordpress\/plugins\/seo\/ -->\n<title>Secrets of Bruges - City Game<\/title>\n<meta name=\"description\" content=\"Secrets of Bruges. Igrajte samostojno igro Mesto in raziskujte mesto skozi uganke, zagonetke in izzive. Igrajte v svojem tempu in odkrijte kot lokalec!\" \/>\n<meta name=\"robots\" content=\"noindex, follow, max-snippet:-1, max-image-preview:large, max-video-preview:-1\" \/>\n<meta property=\"og:locale\" content=\"sl_SI\" \/>\n<meta property=\"og:type\" content=\"article\" \/>\n<meta property=\"og:title\" content=\"Secrets of Bruges\" \/>\n<meta property=\"og:description\" content=\"Secrets of Bruges. Igrajte samostojno igro Mesto in raziskujte mesto skozi uganke, zagonetke in izzive. Igrajte v svojem tempu in odkrijte kot lokalec!\" \/>\n<meta property=\"og:url\" content=\"https:\/\/testwebsite.citygame.com\/sl\/games\/bruges\/secrets-of-bruges\/\" \/>\n<meta property=\"og:site_name\" content=\"City Game\" \/>\n<meta property=\"article:publisher\" content=\"https:\/\/www.facebook.com\/profile.php?id=100086426226253\" \/>\n<meta property=\"article:modified_time\" content=\"2026-04-08T14:29:18+00:00\" \/>\n<meta property=\"og:image\" content=\"https:\/\/testwebsite.citygame.com\/wp-content\/blogs.dir\/1\/files\/sites\/62\/2026\/01\/group-playing-city-game-bruges-markt.jpg\" \/>\n\t<meta property=\"og:image:width\" content=\"1024\" \/>\n\t<meta property=\"og:image:height\" content=\"1024\" \/>\n\t<meta property=\"og:image:type\" content=\"image\/jpeg\" \/>\n<meta name=\"twitter:card\" content=\"summary_large_image\" \/>\n<meta name=\"twitter:label1\" content=\"Est. reading time\" \/>\n\t<meta name=\"twitter:data1\" content=\"1 minuta\" \/>\n<script type=\"application\/ld+json\" class=\"yoast-schema-graph\">{\"@context\":\"https:\/\/schema.org\",\"@graph\":[{\"@type\":\"WebPage\",\"@id\":\"https:\/\/testwebsite.citygame.com\/sl\/games\/bruges\/secrets-of-bruges\/\",\"url\":\"https:\/\/testwebsite.citygame.com\/sl\/games\/bruges\/secrets-of-bruges\/\",\"name\":\"Secrets of Bruges - City Game\",\"isPartOf\":{\"@id\":\"https:\/\/testwebsite.upevents.nl\/#website\"},\"primaryImageOfPage\":{\"@id\":\"https:\/\/testwebsite.citygame.com\/sl\/games\/bruges\/secrets-of-bruges\/#primaryimage\"},\"image\":{\"@id\":\"https:\/\/testwebsite.citygame.com\/sl\/games\/bruges\/secrets-of-bruges\/#primaryimage\"},\"thumbnailUrl\":\"https:\/\/testwebsite.citygame.com\/wp-content\/blogs.dir\/1\/files\/sites\/62\/2026\/01\/group-playing-city-game-bruges-markt.jpg\",\"datePublished\":\"2026-01-27T15:51:46+00:00\",\"dateModified\":\"2026-04-08T14:29:18+00:00\",\"description\":\"Secrets of Bruges. Igrajte samostojno igro Mesto in raziskujte mesto skozi uganke, zagonetke in izzive. Igrajte v svojem tempu in odkrijte kot lokalec!\",\"breadcrumb\":{\"@id\":\"https:\/\/testwebsite.citygame.com\/sl\/games\/bruges\/secrets-of-bruges\/#breadcrumb\"},\"inLanguage\":\"sl-SI\",\"potentialAction\":[{\"@type\":\"ReadAction\",\"target\":[\"https:\/\/testwebsite.citygame.com\/sl\/games\/bruges\/secrets-of-bruges\/\"]}]},{\"@type\":\"ImageObject\",\"inLanguage\":\"sl-SI\",\"@id\":\"https:\/\/testwebsite.citygame.com\/sl\/games\/bruges\/secrets-of-bruges\/#primaryimage\",\"url\":\"https:\/\/testwebsite.citygame.com\/wp-content\/blogs.dir\/1\/files\/sites\/62\/2026\/01\/group-playing-city-game-bruges-markt.jpg\",\"contentUrl\":\"https:\/\/testwebsite.citygame.com\/wp-content\/blogs.dir\/1\/files\/sites\/62\/2026\/01\/group-playing-city-game-bruges-markt.jpg\",\"width\":1024,\"height\":1024,\"caption\":\"A group of young adults work together on a city game challenge in Bruges' historic center.\"},{\"@type\":\"BreadcrumbList\",\"@id\":\"https:\/\/testwebsite.citygame.com\/sl\/games\/bruges\/secrets-of-bruges\/#breadcrumb\",\"itemListElement\":[{\"@type\":\"ListItem\",\"position\":1,\"name\":\"Home\",\"item\":\"https:\/\/testwebsite.citygame.com\/sl\/\"},{\"@type\":\"ListItem\",\"position\":2,\"name\":\"Shop\",\"item\":\"https:\/\/testwebsite.citygame.com\/shop\/\"},{\"@type\":\"ListItem\",\"position\":3,\"name\":\"Secrets of Bruges\"}]},{\"@type\":\"WebSite\",\"@id\":\"https:\/\/testwebsite.upevents.nl\/#website\",\"url\":\"https:\/\/testwebsite.upevents.nl\/\",\"name\":\"City Game\",\"description\":\"\",\"publisher\":{\"@id\":\"https:\/\/testwebsite.upevents.nl\/#organization\"},\"alternateName\":\"citygame.com\",\"potentialAction\":[{\"@type\":\"SearchAction\",\"target\":{\"@type\":\"EntryPoint\",\"urlTemplate\":\"https:\/\/testwebsite.upevents.nl\/?s={search_term_string}\"},\"query-input\":{\"@type\":\"PropertyValueSpecification\",\"valueRequired\":true,\"valueName\":\"search_term_string\"}}],\"inLanguage\":\"sl-SI\"},{\"@type\":[\"Organization\",\"Place\"],\"@id\":\"https:\/\/testwebsite.upevents.nl\/#organization\",\"name\":\"City Game\",\"alternateName\":\"citygame.com\",\"url\":\"https:\/\/testwebsite.upevents.nl\/\",\"logo\":{\"@id\":\"https:\/\/testwebsite.citygame.com\/sl\/games\/bruges\/secrets-of-bruges\/#local-main-organization-logo\"},\"image\":{\"@id\":\"https:\/\/testwebsite.citygame.com\/sl\/games\/bruges\/secrets-of-bruges\/#local-main-organization-logo\"},\"sameAs\":[\"https:\/\/www.facebook.com\/profile.php?id=100086426226253\",\"https:\/\/www.instagram.com\/citygame_com\",\"https:\/\/www.tiktok.com\/@citygamecom\/\",\"https:\/\/www.linkedin.com\/company\/citygame-com\"],\"description\":\"Turn any city into a playground with our interactive City Games and self-guided tours. Fun, flexible, and ideal for groups and team building.\",\"telephone\":[],\"openingHoursSpecification\":[{\"@type\":\"OpeningHoursSpecification\",\"dayOfWeek\":[\"Monday\",\"Tuesday\",\"Wednesday\",\"Thursday\",\"Friday\",\"Saturday\",\"Sunday\"],\"opens\":\"09:00\",\"closes\":\"17:00\"}]},{\"@type\":\"ImageObject\",\"inLanguage\":\"sl-SI\",\"@id\":\"https:\/\/testwebsite.citygame.com\/sl\/games\/bruges\/secrets-of-bruges\/#local-main-organization-logo\",\"url\":\"https:\/\/testwebsite.citygame.com\/wp-content\/blogs.dir\/1\/files\/sites\/62\/2025\/10\/CG_LOGO-City-Game.png\",\"contentUrl\":\"https:\/\/testwebsite.citygame.com\/wp-content\/blogs.dir\/1\/files\/sites\/62\/2025\/10\/CG_LOGO-City-Game.png\",\"width\":351,\"height\":377,\"caption\":\"City Game\"}]}<\/script>\n<!-- \/ Yoast SEO Premium plugin. -->","yoast_head_json":{"title":"Secrets of Bruges - City Game","description":"Secrets of Bruges. Igrajte samostojno igro Mesto in raziskujte mesto skozi uganke, zagonetke in izzive. Igrajte v svojem tempu in odkrijte kot lokalec!","robots":{"index":"noindex","follow":"follow","max-snippet":"max-snippet:-1","max-image-preview":"max-image-preview:large","max-video-preview":"max-video-preview:-1"},"og_locale":"sl_SI","og_type":"article","og_title":"Secrets of Bruges","og_description":"Secrets of Bruges. Igrajte samostojno igro Mesto in raziskujte mesto skozi uganke, zagonetke in izzive. Igrajte v svojem tempu in odkrijte kot lokalec!","og_url":"https:\/\/testwebsite.citygame.com\/sl\/games\/bruges\/secrets-of-bruges\/","og_site_name":"City Game","article_publisher":"https:\/\/www.facebook.com\/profile.php?id=100086426226253","article_modified_time":"2026-04-08T14:29:18+00:00","og_image":[{"width":1024,"height":1024,"url":"https:\/\/testwebsite.citygame.com\/wp-content\/blogs.dir\/1\/files\/sites\/62\/2026\/01\/group-playing-city-game-bruges-markt.jpg","type":"image\/jpeg"}],"twitter_card":"summary_large_image","twitter_misc":{"Est. reading time":"1 minuta"},"schema":{"@context":"https:\/\/schema.org","@graph":[{"@type":"WebPage","@id":"https:\/\/testwebsite.citygame.com\/sl\/games\/bruges\/secrets-of-bruges\/","url":"https:\/\/testwebsite.citygame.com\/sl\/games\/bruges\/secrets-of-bruges\/","name":"Secrets of Bruges - City Game","isPartOf":{"@id":"https:\/\/testwebsite.upevents.nl\/#website"},"primaryImageOfPage":{"@id":"https:\/\/testwebsite.citygame.com\/sl\/games\/bruges\/secrets-of-bruges\/#primaryimage"},"image":{"@id":"https:\/\/testwebsite.citygame.com\/sl\/games\/bruges\/secrets-of-bruges\/#primaryimage"},"thumbnailUrl":"https:\/\/testwebsite.citygame.com\/wp-content\/blogs.dir\/1\/files\/sites\/62\/2026\/01\/group-playing-city-game-bruges-markt.jpg","datePublished":"2026-01-27T15:51:46+00:00","dateModified":"2026-04-08T14:29:18+00:00","description":"Secrets of Bruges. Igrajte samostojno igro Mesto in raziskujte mesto skozi uganke, zagonetke in izzive. Igrajte v svojem tempu in odkrijte kot lokalec!","breadcrumb":{"@id":"https:\/\/testwebsite.citygame.com\/sl\/games\/bruges\/secrets-of-bruges\/#breadcrumb"},"inLanguage":"sl-SI","potentialAction":[{"@type":"ReadAction","target":["https:\/\/testwebsite.citygame.com\/sl\/games\/bruges\/secrets-of-bruges\/"]}]},{"@type":"ImageObject","inLanguage":"sl-SI","@id":"https:\/\/testwebsite.citygame.com\/sl\/games\/bruges\/secrets-of-bruges\/#primaryimage","url":"https:\/\/testwebsite.citygame.com\/wp-content\/blogs.dir\/1\/files\/sites\/62\/2026\/01\/group-playing-city-game-bruges-markt.jpg","contentUrl":"https:\/\/testwebsite.citygame.com\/wp-content\/blogs.dir\/1\/files\/sites\/62\/2026\/01\/group-playing-city-game-bruges-markt.jpg","width":1024,"height":1024,"caption":"A group of young adults work together on a city game challenge in Bruges' historic center."},{"@type":"BreadcrumbList","@id":"https:\/\/testwebsite.citygame.com\/sl\/games\/bruges\/secrets-of-bruges\/#breadcrumb","itemListElement":[{"@type":"ListItem","position":1,"name":"Home","item":"https:\/\/testwebsite.citygame.com\/sl\/"},{"@type":"ListItem","position":2,"name":"Shop","item":"https:\/\/testwebsite.citygame.com\/shop\/"},{"@type":"ListItem","position":3,"name":"Secrets of Bruges"}]},{"@type":"WebSite","@id":"https:\/\/testwebsite.upevents.nl\/#website","url":"https:\/\/testwebsite.upevents.nl\/","name":"City Game","description":"","publisher":{"@id":"https:\/\/testwebsite.upevents.nl\/#organization"},"alternateName":"citygame.com","potentialAction":[{"@type":"SearchAction","target":{"@type":"EntryPoint","urlTemplate":"https:\/\/testwebsite.upevents.nl\/?s={search_term_string}"},"query-input":{"@type":"PropertyValueSpecification","valueRequired":true,"valueName":"search_term_string"}}],"inLanguage":"sl-SI"},{"@type":["Organization","Place"],"@id":"https:\/\/testwebsite.upevents.nl\/#organization","name":"City Game","alternateName":"citygame.com","url":"https:\/\/testwebsite.upevents.nl\/","logo":{"@id":"https:\/\/testwebsite.citygame.com\/sl\/games\/bruges\/secrets-of-bruges\/#local-main-organization-logo"},"image":{"@id":"https:\/\/testwebsite.citygame.com\/sl\/games\/bruges\/secrets-of-bruges\/#local-main-organization-logo"},"sameAs":["https:\/\/www.facebook.com\/profile.php?id=100086426226253","https:\/\/www.instagram.com\/citygame_com","https:\/\/www.tiktok.com\/@citygamecom\/","https:\/\/www.linkedin.com\/company\/citygame-com"],"description":"Turn any city into a playground with our interactive City Games and self-guided tours. Fun, flexible, and ideal for groups and team building.","telephone":[],"openingHoursSpecification":[{"@type":"OpeningHoursSpecification","dayOfWeek":["Monday","Tuesday","Wednesday","Thursday","Friday","Saturday","Sunday"],"opens":"09:00","closes":"17:00"}]},{"@type":"ImageObject","inLanguage":"sl-SI","@id":"https:\/\/testwebsite.citygame.com\/sl\/games\/bruges\/secrets-of-bruges\/#local-main-organization-logo","url":"https:\/\/testwebsite.citygame.com\/wp-content\/blogs.dir\/1\/files\/sites\/62\/2025\/10\/CG_LOGO-City-Game.png","contentUrl":"https:\/\/testwebsite.citygame.com\/wp-content\/blogs.dir\/1\/files\/sites\/62\/2025\/10\/CG_LOGO-City-Game.png","width":351,"height":377,"caption":"City Game"}]}},"taxonomy_info":{"game-concept":[{"value":728,"label":"Secrets"}],"location":[{"value":104,"label":"Bruges"}],"product_cat":[{"value":27,"label":"Geen categorie"}]},"featured_image_src_large":["https:\/\/testwebsite.citygame.com\/wp-content\/blogs.dir\/1\/files\/sites\/62\/2026\/01\/group-playing-city-game-bruges-markt.jpg",1024,1024,false],"author_info":[],"comment_info":"","_links":{"self":[{"href":"https:\/\/testwebsite.citygame.com\/sl\/wp-json\/wp\/v2\/product\/64701","targetHints":{"allow":["GET"]}}],"collection":[{"href":"https:\/\/testwebsite.citygame.com\/sl\/wp-json\/wp\/v2\/product"}],"about":[{"href":"https:\/\/testwebsite.citygame.com\/sl\/wp-json\/wp\/v2\/types\/product"}],"acf:post":[{"embeddable":true,"href":"https:\/\/testwebsite.citygame.com\/sl\/wp-json\/wp\/v2\/pages\/5629"}],"wp:featuredmedia":[{"embeddable":true,"href":"https:\/\/testwebsite.citygame.com\/sl\/wp-json\/wp\/v2\/media\/5662"}],"wp:attachment":[{"href":"https:\/\/testwebsite.citygame.com\/sl\/wp-json\/wp\/v2\/media?parent=64701"}],"wp:term":[{"taxonomy":"game-concept","embeddable":true,"href":"https:\/\/testwebsite.citygame.com\/sl\/wp-json\/wp\/v2\/game-concept?post=64701"},{"taxonomy":"location","embeddable":true,"href":"https:\/\/testwebsite.citygame.com\/sl\/wp-json\/wp\/v2\/location?post=64701"},{"taxonomy":"product_brand","embeddable":true,"href":"https:\/\/testwebsite.citygame.com\/sl\/wp-json\/wp\/v2\/product_brand?post=64701"},{"taxonomy":"product_cat","embeddable":true,"href":"https:\/\/testwebsite.citygame.com\/sl\/wp-json\/wp\/v2\/product_cat?post=64701"},{"taxonomy":"product_tag","embeddable":true,"href":"https:\/\/testwebsite.citygame.com\/sl\/wp-json\/wp\/v2\/product_tag?post=64701"}],"curies":[{"name":"wp","href":"https:\/\/api.w.org\/{rel}","templated":true}]}}