{"id":64585,"date":"2026-03-13T11:10:58","date_gmt":"2026-03-13T11:10:58","guid":{"rendered":"https:\/\/testwebsite.citygame.com\/games\/unknown-location\/secrets-of-zaanse-schans\/"},"modified":"2026-04-08T14:14:27","modified_gmt":"2026-04-08T14:14:27","slug":"secrets-of-zaanse-schans","status":"publish","type":"product","link":"https:\/\/testwebsite.citygame.com\/sl\/games\/zaanse-schans\/secrets-of-zaanse-schans\/","title":{"rendered":"Secrets of Zaanse Schans"},"content":{"rendered":"<p>Podajte se na neverjetno raziskovanje z &#8220;Secrets of Zaanse Schans City Game&#8221;, samostojno igro, ki temelji na GPS-u in se odvija na dolo\u010denem obmo\u010dju Zaanse Schans. Igralci, oboro\u017eeni s pametnimi telefoni, se podajo skozi slikovito mesto in se spopadajo z ugankami, ki spodbujajo um, zanimivimi vpra\u0161anji in kreativnimi foto izzivi. Ko pre\u010dkajo o\u010darljive mline na veter in idili\u010dne hi\u0161e, ta mestna igra razkriva bogato zgodovino, privla\u010dno kulturo in skrite odtenke, ki dolo\u010dajo Zaanse Schans. Igra je primerna tako za doma\u010dine kot za obiskovalce in ponuja zanimivo perspektivo na mesto, ne glede na to, ali ste samostojen raziskovalec ali u\u017eivate s partnerjem, dru\u017eino ali skupino prijateljev. Pove\u017eite se, u\u010dite se in se zabavajte, medtem ko se poglabljate v srce Zaanse Schans s to povsem privla\u010dno mestno igro.<\/p>\n","protected":false},"excerpt":{"rendered":"<p>Odkrijte Zaanse Schans, utripajo\u010de srce nizozemske dedi\u0161\u010dine! Podajte se na epsko pustolov\u0161\u010dino skozi \u010das; od pomirjujo\u010dega brnenja mlinov na veter do zna\u010dilnega vonja kakavovih zrn, kjer vsak idili\u010den koti\u010dek \u0161epeta stoletja stare skrivnosti in je inovacija vrezana v lesene cokle &#8211; ta igra je va\u0161 portal v navdihujo\u010do preteklost Nizozemske!<\/p>\n","protected":false},"featured_media":18503,"template":"","meta":{"_acf_changed":false,"_yoast_wpseo_focuskw":"Secrets of Zaanse Schans","_yoast_wpseo_metadesc":"Secrets of Zaanse Schans. Igrajte samostojno mestno igro in raziskujte mesto skozi uganke, vpra\u0161anja in izzive. Igrajte v svojem tempu in odkrivajte kot doma\u010din!","_kad_blocks_custom_css":"","_kad_blocks_head_custom_js":"","_kad_blocks_body_custom_js":"","_kad_blocks_footer_custom_js":"","ghostkit_customizer_options":"","ghostkit_custom_css":"","ghostkit_custom_js_head":"","ghostkit_custom_js_foot":"","ghostkit_typography":"","_kad_post_transparent":"","_kad_post_title":"","_kad_post_layout":"","_kad_post_sidebar_id":"","_kad_post_content_style":"","_kad_post_vertical_padding":"","_kad_post_feature":"","_kad_post_feature_position":"","_kad_post_header":false,"_kad_post_footer":false,"_kad_post_classname":"","_links_to":"","_links_to_target":""},"game-concept":[728],"location":[615],"product_brand":[],"product_cat":[27],"product_tag":[],"class_list":{"0":"post-64585","1":"product","2":"type-product","3":"status-publish","4":"has-post-thumbnail","6":"game-concept-secrets","7":"location-zaanse-schans","8":"product_cat-geen-categorie","10":"first","11":"instock","12":"shipping-taxable","13":"purchasable","14":"product-type-simple","15":"entry","16":"content-bg","17":"loop-entry"},"acf":{"full_bokun_product_name":"Self-Guided Secrets of Zaanse Schans Exploration Game","location_name":"Zaanse Schans","bokun_calendar_widget_code":"<script type=\"text\/javascript\" src=\"https:\/\/widgets.bokun.io\/assets\/javascripts\/apps\/build\/BokunWidgetsLoader.js?bookingChannelUUID=a1e93e96-5232-4734-a595-28405f4b5a31\" async><\/script>\n     \n    <div class=\"bokunWidget\" data-src=\"https:\/\/widgets.bokun.io\/online-sales\/a1e93e96-5232-4734-a595-28405f4b5a31\/experience-calendar\/954029\"><\/div>\n    <noscript>Please enable javascript in your browser to book<\/noscript>","bokun_button_widget_code":"<script type=\"text\/javascript\" src=\"https:\/\/widgets.bokun.io\/assets\/javascripts\/apps\/build\/BokunWidgetsLoader.js?bookingChannelUUID=a1e93e96-5232-4734-a595-28405f4b5a31\" async><\/script>\n      <style> #bokun_ed001e45_5927_4f62_b470_ca766338d083 { display: inline-block; padding: .4em 1em; background: #47b82e; border-radius: 999999px; box-shadow: none; font-weight: 600; font-size: 24px; text-decoration: none; text-align: center; color: #FFFFFF; border:none; cursor: pointer; transition: background .2s ease; } #bokun_ed001e45_5927_4f62_b470_ca766338d083:hover{ background: #2f7b1f; } #bokun_ed001e45_5927_4f62_b470_ca766338d083:active{ background: #378f24; } <\/style> <button class=\"bokunButton\" disabled id=bokun_ed001e45_5927_4f62_b470_ca766338d083 data-src=\"https:\/\/widgets.bokun.io\/online-sales\/a1e93e96-5232-4734-a595-28405f4b5a31\/experience-calendar\/954029?partialView=1\" data-testid=\"widget-book-button\" > Book now <\/button> ","what_you\u2019ll_experience_during_the_game":"Potopite se v o\u010darljive znamenitosti in zgodbe Zaanse Schans, ko se boste podali v na\u0161o edinstveno mestno igro. Ta privla\u010dna pustolov\u0161\u010dina spretno zdru\u017euje zgodovinsko raziskovanje z vznemirljivo pripovedjo, ki vklju\u010duje me\u0161anico znanih znamenitosti in skritih draguljev. Med potovanjem skozi o\u010darljivo vas mlinov na veter odkrijte o\u010darljive zgodbe pomembnih znamenitosti, kot so nizozemske ikone, klasi\u010dne lesene hi\u0161e in o\u010darljivi vodni kanali, po katerih je ta regija znana. \u010ceprav igra ne sledi dolo\u010deni poti, bo vsak va\u0161 korak vdihnil \u017eivljenje v srce o\u010darljivega Zaanse Schans.\n\nVsak preobrat v igri vas bo vodil k razre\u0161evanju skrivnosti in re\u0161evanju zanimivih ugank. Podajte se med stopnice dobro ohranjenega naselja iz 18. stoletja in sprejmite bogato kulturo in zgodovino, ki se prepleta z vsako uganko, ki jo re\u0161ite. Vsak osvojeni izziv bo prinesel to\u010dke, postopoma odkrival namige, medtem ko se boste pribli\u017eevali velikemu razkritju kon\u010dne skrivnosti. Ne glede na to, ali ste navdu\u0161enec nad postanki ali \u017eeljni raziskovalec, si lahko utrete svojo pot in napredujete v svojem tempu, celo ciljate na visok rezultat na lestvici najbolj\u0161ih. To je ve\u010d kot le raziskovalna igra; to je o\u010darljivo potovanje skozi \u010darobne koti\u010dke Zaanse Schans.","how_to_play":"Rezervirajte igro raziskovanja, preverite e-po\u0161to, ki vam jo po\u0161ljemo z enostavnimi navodili, prenesite aplikacijo Loquiz, dostopajte do igre raziskovanja in \u017ee ste pripravljeni na za\u010detek va\u0161e igralne izku\u0161nje!","start_location":"Zaandam, Zaans Museum","available_languages":["en"],"players_per_group":"1-4","duration":"1.5-2 hours","image_overlay_color_image":"https:\/\/testwebsite.citygame.com\/wp-content\/blogs.dir\/1\/files\/sites\/62\/2026\/01\/SecretsColor.svg","image_overlay_game_logo":"https:\/\/testwebsite.citygame.com\/wp-content\/blogs.dir\/1\/files\/sites\/62\/2026\/01\/SecretsLogo.png","city_page":15893,"woocommerce_general_content":null},"yoast_head":"<!-- This site is optimized with the Yoast SEO Premium plugin v26.2 (Yoast SEO v26.3) - https:\/\/yoast.com\/wordpress\/plugins\/seo\/ -->\n<title>Secrets of Zaanse Schans - City Game<\/title>\n<meta name=\"description\" content=\"Secrets of Zaanse Schans. Igrajte samostojno mestno igro in raziskujte mesto skozi uganke, vpra\u0161anja in izzive. Igrajte v svojem tempu in odkrivajte kot doma\u010din!\" \/>\n<meta name=\"robots\" content=\"noindex, follow, max-snippet:-1, max-image-preview:large, max-video-preview:-1\" \/>\n<meta property=\"og:locale\" content=\"sl_SI\" \/>\n<meta property=\"og:type\" content=\"article\" \/>\n<meta property=\"og:title\" content=\"Secrets of Zaanse Schans\" \/>\n<meta property=\"og:description\" content=\"Secrets of Zaanse Schans. Igrajte samostojno mestno igro in raziskujte mesto skozi uganke, vpra\u0161anja in izzive. Igrajte v svojem tempu in odkrivajte kot doma\u010din!\" \/>\n<meta property=\"og:url\" content=\"https:\/\/testwebsite.citygame.com\/sl\/games\/zaanse-schans\/secrets-of-zaanse-schans\/\" \/>\n<meta property=\"og:site_name\" content=\"City Game\" \/>\n<meta property=\"article:publisher\" content=\"https:\/\/www.facebook.com\/profile.php?id=100086426226253\" \/>\n<meta property=\"article:modified_time\" content=\"2026-04-08T14:14:27+00:00\" \/>\n<meta property=\"og:image\" content=\"https:\/\/testwebsite.citygame.com\/wp-content\/blogs.dir\/1\/files\/sites\/62\/2026\/03\/zaanse-schans-woman-playing-game-on-viewpoint.jpg\" \/>\n\t<meta property=\"og:image:width\" content=\"1024\" \/>\n\t<meta property=\"og:image:height\" content=\"1024\" \/>\n\t<meta property=\"og:image:type\" content=\"image\/jpeg\" \/>\n<meta name=\"twitter:card\" content=\"summary_large_image\" \/>\n<meta name=\"twitter:label1\" content=\"Est. reading time\" \/>\n\t<meta name=\"twitter:data1\" content=\"1 minuta\" \/>\n<script type=\"application\/ld+json\" class=\"yoast-schema-graph\">{\"@context\":\"https:\/\/schema.org\",\"@graph\":[{\"@type\":\"WebPage\",\"@id\":\"https:\/\/testwebsite.citygame.com\/sl\/games\/zaanse-schans\/secrets-of-zaanse-schans\/\",\"url\":\"https:\/\/testwebsite.citygame.com\/sl\/games\/zaanse-schans\/secrets-of-zaanse-schans\/\",\"name\":\"Secrets of Zaanse Schans - City Game\",\"isPartOf\":{\"@id\":\"https:\/\/testwebsite.upevents.nl\/#website\"},\"primaryImageOfPage\":{\"@id\":\"https:\/\/testwebsite.citygame.com\/sl\/games\/zaanse-schans\/secrets-of-zaanse-schans\/#primaryimage\"},\"image\":{\"@id\":\"https:\/\/testwebsite.citygame.com\/sl\/games\/zaanse-schans\/secrets-of-zaanse-schans\/#primaryimage\"},\"thumbnailUrl\":\"https:\/\/testwebsite.citygame.com\/wp-content\/blogs.dir\/1\/files\/sites\/62\/2026\/03\/zaanse-schans-woman-playing-game-on-viewpoint.jpg\",\"datePublished\":\"2026-03-13T11:10:58+00:00\",\"dateModified\":\"2026-04-08T14:14:27+00:00\",\"description\":\"Secrets of Zaanse Schans. Igrajte samostojno mestno igro in raziskujte mesto skozi uganke, vpra\u0161anja in izzive. Igrajte v svojem tempu in odkrivajte kot doma\u010din!\",\"breadcrumb\":{\"@id\":\"https:\/\/testwebsite.citygame.com\/sl\/games\/zaanse-schans\/secrets-of-zaanse-schans\/#breadcrumb\"},\"inLanguage\":\"sl-SI\",\"potentialAction\":[{\"@type\":\"ReadAction\",\"target\":[\"https:\/\/testwebsite.citygame.com\/sl\/games\/zaanse-schans\/secrets-of-zaanse-schans\/\"]}]},{\"@type\":\"ImageObject\",\"inLanguage\":\"sl-SI\",\"@id\":\"https:\/\/testwebsite.citygame.com\/sl\/games\/zaanse-schans\/secrets-of-zaanse-schans\/#primaryimage\",\"url\":\"https:\/\/testwebsite.citygame.com\/wp-content\/blogs.dir\/1\/files\/sites\/62\/2026\/03\/zaanse-schans-woman-playing-game-on-viewpoint.jpg\",\"contentUrl\":\"https:\/\/testwebsite.citygame.com\/wp-content\/blogs.dir\/1\/files\/sites\/62\/2026\/03\/zaanse-schans-woman-playing-game-on-viewpoint.jpg\",\"width\":1024,\"height\":1024,\"caption\":\"A player uses a smartphone to navigate the scenic landscape of Zaanse Schans on a sunny day.\"},{\"@type\":\"BreadcrumbList\",\"@id\":\"https:\/\/testwebsite.citygame.com\/sl\/games\/zaanse-schans\/secrets-of-zaanse-schans\/#breadcrumb\",\"itemListElement\":[{\"@type\":\"ListItem\",\"position\":1,\"name\":\"Home\",\"item\":\"https:\/\/testwebsite.citygame.com\/sl\/\"},{\"@type\":\"ListItem\",\"position\":2,\"name\":\"Shop\",\"item\":\"https:\/\/testwebsite.citygame.com\/shop\/\"},{\"@type\":\"ListItem\",\"position\":3,\"name\":\"Secrets of Zaanse Schans\"}]},{\"@type\":\"WebSite\",\"@id\":\"https:\/\/testwebsite.upevents.nl\/#website\",\"url\":\"https:\/\/testwebsite.upevents.nl\/\",\"name\":\"City Game\",\"description\":\"\",\"publisher\":{\"@id\":\"https:\/\/testwebsite.upevents.nl\/#organization\"},\"alternateName\":\"citygame.com\",\"potentialAction\":[{\"@type\":\"SearchAction\",\"target\":{\"@type\":\"EntryPoint\",\"urlTemplate\":\"https:\/\/testwebsite.upevents.nl\/?s={search_term_string}\"},\"query-input\":{\"@type\":\"PropertyValueSpecification\",\"valueRequired\":true,\"valueName\":\"search_term_string\"}}],\"inLanguage\":\"sl-SI\"},{\"@type\":[\"Organization\",\"Place\"],\"@id\":\"https:\/\/testwebsite.upevents.nl\/#organization\",\"name\":\"City Game\",\"alternateName\":\"citygame.com\",\"url\":\"https:\/\/testwebsite.upevents.nl\/\",\"logo\":{\"@id\":\"https:\/\/testwebsite.citygame.com\/sl\/games\/zaanse-schans\/secrets-of-zaanse-schans\/#local-main-organization-logo\"},\"image\":{\"@id\":\"https:\/\/testwebsite.citygame.com\/sl\/games\/zaanse-schans\/secrets-of-zaanse-schans\/#local-main-organization-logo\"},\"sameAs\":[\"https:\/\/www.facebook.com\/profile.php?id=100086426226253\",\"https:\/\/www.instagram.com\/citygame_com\",\"https:\/\/www.tiktok.com\/@citygamecom\/\",\"https:\/\/www.linkedin.com\/company\/citygame-com\"],\"description\":\"Turn any city into a playground with our interactive City Games and self-guided tours. Fun, flexible, and ideal for groups and team building.\",\"telephone\":[],\"openingHoursSpecification\":[{\"@type\":\"OpeningHoursSpecification\",\"dayOfWeek\":[\"Monday\",\"Tuesday\",\"Wednesday\",\"Thursday\",\"Friday\",\"Saturday\",\"Sunday\"],\"opens\":\"09:00\",\"closes\":\"17:00\"}]},{\"@type\":\"ImageObject\",\"inLanguage\":\"sl-SI\",\"@id\":\"https:\/\/testwebsite.citygame.com\/sl\/games\/zaanse-schans\/secrets-of-zaanse-schans\/#local-main-organization-logo\",\"url\":\"https:\/\/testwebsite.citygame.com\/wp-content\/blogs.dir\/1\/files\/sites\/62\/2025\/10\/CG_LOGO-City-Game.png\",\"contentUrl\":\"https:\/\/testwebsite.citygame.com\/wp-content\/blogs.dir\/1\/files\/sites\/62\/2025\/10\/CG_LOGO-City-Game.png\",\"width\":351,\"height\":377,\"caption\":\"City Game\"}]}<\/script>\n<!-- \/ Yoast SEO Premium plugin. -->","yoast_head_json":{"title":"Secrets of Zaanse Schans - City Game","description":"Secrets of Zaanse Schans. Igrajte samostojno mestno igro in raziskujte mesto skozi uganke, vpra\u0161anja in izzive. Igrajte v svojem tempu in odkrivajte kot doma\u010din!","robots":{"index":"noindex","follow":"follow","max-snippet":"max-snippet:-1","max-image-preview":"max-image-preview:large","max-video-preview":"max-video-preview:-1"},"og_locale":"sl_SI","og_type":"article","og_title":"Secrets of Zaanse Schans","og_description":"Secrets of Zaanse Schans. Igrajte samostojno mestno igro in raziskujte mesto skozi uganke, vpra\u0161anja in izzive. Igrajte v svojem tempu in odkrivajte kot doma\u010din!","og_url":"https:\/\/testwebsite.citygame.com\/sl\/games\/zaanse-schans\/secrets-of-zaanse-schans\/","og_site_name":"City Game","article_publisher":"https:\/\/www.facebook.com\/profile.php?id=100086426226253","article_modified_time":"2026-04-08T14:14:27+00:00","og_image":[{"width":1024,"height":1024,"url":"https:\/\/testwebsite.citygame.com\/wp-content\/blogs.dir\/1\/files\/sites\/62\/2026\/03\/zaanse-schans-woman-playing-game-on-viewpoint.jpg","type":"image\/jpeg"}],"twitter_card":"summary_large_image","twitter_misc":{"Est. reading time":"1 minuta"},"schema":{"@context":"https:\/\/schema.org","@graph":[{"@type":"WebPage","@id":"https:\/\/testwebsite.citygame.com\/sl\/games\/zaanse-schans\/secrets-of-zaanse-schans\/","url":"https:\/\/testwebsite.citygame.com\/sl\/games\/zaanse-schans\/secrets-of-zaanse-schans\/","name":"Secrets of Zaanse Schans - City Game","isPartOf":{"@id":"https:\/\/testwebsite.upevents.nl\/#website"},"primaryImageOfPage":{"@id":"https:\/\/testwebsite.citygame.com\/sl\/games\/zaanse-schans\/secrets-of-zaanse-schans\/#primaryimage"},"image":{"@id":"https:\/\/testwebsite.citygame.com\/sl\/games\/zaanse-schans\/secrets-of-zaanse-schans\/#primaryimage"},"thumbnailUrl":"https:\/\/testwebsite.citygame.com\/wp-content\/blogs.dir\/1\/files\/sites\/62\/2026\/03\/zaanse-schans-woman-playing-game-on-viewpoint.jpg","datePublished":"2026-03-13T11:10:58+00:00","dateModified":"2026-04-08T14:14:27+00:00","description":"Secrets of Zaanse Schans. Igrajte samostojno mestno igro in raziskujte mesto skozi uganke, vpra\u0161anja in izzive. Igrajte v svojem tempu in odkrivajte kot doma\u010din!","breadcrumb":{"@id":"https:\/\/testwebsite.citygame.com\/sl\/games\/zaanse-schans\/secrets-of-zaanse-schans\/#breadcrumb"},"inLanguage":"sl-SI","potentialAction":[{"@type":"ReadAction","target":["https:\/\/testwebsite.citygame.com\/sl\/games\/zaanse-schans\/secrets-of-zaanse-schans\/"]}]},{"@type":"ImageObject","inLanguage":"sl-SI","@id":"https:\/\/testwebsite.citygame.com\/sl\/games\/zaanse-schans\/secrets-of-zaanse-schans\/#primaryimage","url":"https:\/\/testwebsite.citygame.com\/wp-content\/blogs.dir\/1\/files\/sites\/62\/2026\/03\/zaanse-schans-woman-playing-game-on-viewpoint.jpg","contentUrl":"https:\/\/testwebsite.citygame.com\/wp-content\/blogs.dir\/1\/files\/sites\/62\/2026\/03\/zaanse-schans-woman-playing-game-on-viewpoint.jpg","width":1024,"height":1024,"caption":"A player uses a smartphone to navigate the scenic landscape of Zaanse Schans on a sunny day."},{"@type":"BreadcrumbList","@id":"https:\/\/testwebsite.citygame.com\/sl\/games\/zaanse-schans\/secrets-of-zaanse-schans\/#breadcrumb","itemListElement":[{"@type":"ListItem","position":1,"name":"Home","item":"https:\/\/testwebsite.citygame.com\/sl\/"},{"@type":"ListItem","position":2,"name":"Shop","item":"https:\/\/testwebsite.citygame.com\/shop\/"},{"@type":"ListItem","position":3,"name":"Secrets of Zaanse Schans"}]},{"@type":"WebSite","@id":"https:\/\/testwebsite.upevents.nl\/#website","url":"https:\/\/testwebsite.upevents.nl\/","name":"City Game","description":"","publisher":{"@id":"https:\/\/testwebsite.upevents.nl\/#organization"},"alternateName":"citygame.com","potentialAction":[{"@type":"SearchAction","target":{"@type":"EntryPoint","urlTemplate":"https:\/\/testwebsite.upevents.nl\/?s={search_term_string}"},"query-input":{"@type":"PropertyValueSpecification","valueRequired":true,"valueName":"search_term_string"}}],"inLanguage":"sl-SI"},{"@type":["Organization","Place"],"@id":"https:\/\/testwebsite.upevents.nl\/#organization","name":"City Game","alternateName":"citygame.com","url":"https:\/\/testwebsite.upevents.nl\/","logo":{"@id":"https:\/\/testwebsite.citygame.com\/sl\/games\/zaanse-schans\/secrets-of-zaanse-schans\/#local-main-organization-logo"},"image":{"@id":"https:\/\/testwebsite.citygame.com\/sl\/games\/zaanse-schans\/secrets-of-zaanse-schans\/#local-main-organization-logo"},"sameAs":["https:\/\/www.facebook.com\/profile.php?id=100086426226253","https:\/\/www.instagram.com\/citygame_com","https:\/\/www.tiktok.com\/@citygamecom\/","https:\/\/www.linkedin.com\/company\/citygame-com"],"description":"Turn any city into a playground with our interactive City Games and self-guided tours. Fun, flexible, and ideal for groups and team building.","telephone":[],"openingHoursSpecification":[{"@type":"OpeningHoursSpecification","dayOfWeek":["Monday","Tuesday","Wednesday","Thursday","Friday","Saturday","Sunday"],"opens":"09:00","closes":"17:00"}]},{"@type":"ImageObject","inLanguage":"sl-SI","@id":"https:\/\/testwebsite.citygame.com\/sl\/games\/zaanse-schans\/secrets-of-zaanse-schans\/#local-main-organization-logo","url":"https:\/\/testwebsite.citygame.com\/wp-content\/blogs.dir\/1\/files\/sites\/62\/2025\/10\/CG_LOGO-City-Game.png","contentUrl":"https:\/\/testwebsite.citygame.com\/wp-content\/blogs.dir\/1\/files\/sites\/62\/2025\/10\/CG_LOGO-City-Game.png","width":351,"height":377,"caption":"City Game"}]}},"taxonomy_info":{"game-concept":[{"value":728,"label":"Secrets"}],"location":[{"value":615,"label":"Zaanse Schans"}],"product_cat":[{"value":27,"label":"Geen categorie"}]},"featured_image_src_large":["https:\/\/testwebsite.citygame.com\/wp-content\/blogs.dir\/1\/files\/sites\/62\/2026\/03\/zaanse-schans-woman-playing-game-on-viewpoint.jpg",1024,1024,false],"author_info":[],"comment_info":"","_links":{"self":[{"href":"https:\/\/testwebsite.citygame.com\/sl\/wp-json\/wp\/v2\/product\/64585","targetHints":{"allow":["GET"]}}],"collection":[{"href":"https:\/\/testwebsite.citygame.com\/sl\/wp-json\/wp\/v2\/product"}],"about":[{"href":"https:\/\/testwebsite.citygame.com\/sl\/wp-json\/wp\/v2\/types\/product"}],"acf:post":[{"embeddable":true,"href":"https:\/\/testwebsite.citygame.com\/sl\/wp-json\/wp\/v2\/pages\/15893"}],"wp:featuredmedia":[{"embeddable":true,"href":"https:\/\/testwebsite.citygame.com\/sl\/wp-json\/wp\/v2\/media\/18503"}],"wp:attachment":[{"href":"https:\/\/testwebsite.citygame.com\/sl\/wp-json\/wp\/v2\/media?parent=64585"}],"wp:term":[{"taxonomy":"game-concept","embeddable":true,"href":"https:\/\/testwebsite.citygame.com\/sl\/wp-json\/wp\/v2\/game-concept?post=64585"},{"taxonomy":"location","embeddable":true,"href":"https:\/\/testwebsite.citygame.com\/sl\/wp-json\/wp\/v2\/location?post=64585"},{"taxonomy":"product_brand","embeddable":true,"href":"https:\/\/testwebsite.citygame.com\/sl\/wp-json\/wp\/v2\/product_brand?post=64585"},{"taxonomy":"product_cat","embeddable":true,"href":"https:\/\/testwebsite.citygame.com\/sl\/wp-json\/wp\/v2\/product_cat?post=64585"},{"taxonomy":"product_tag","embeddable":true,"href":"https:\/\/testwebsite.citygame.com\/sl\/wp-json\/wp\/v2\/product_tag?post=64585"}],"curies":[{"name":"wp","href":"https:\/\/api.w.org\/{rel}","templated":true}]}}