{"id":64348,"date":"2026-01-27T15:46:31","date_gmt":"2026-01-27T15:46:31","guid":{"rendered":"https:\/\/testwebsite.citygame.com\/games\/unknown-location\/secrets-of-stockholm\/"},"modified":"2026-04-08T13:42:57","modified_gmt":"2026-04-08T13:42:57","slug":"secrets-of-stockholm","status":"publish","type":"product","link":"https:\/\/testwebsite.citygame.com\/sl\/games\/stockholm\/secrets-of-stockholm\/","title":{"rendered":"Secrets of Stockholm"},"content":{"rendered":"<p>Igra Mesto Stockholm je samostojna mestna igra, ki temelji na GPS-u in poteka v zgodovinskem sredi\u0161\u010du Stockholma. Z uporabo pametnega telefona boste raziskovali mesto z re\u0161evanjem ugank, zagonetk in foto izzivov, ki vas bodo vodili po njegovih ulicah in znamenitostih. Med potjo boste odkrili fascinantne vpoglede v zgodovino, kulturo in skrite podrobnosti Stockholma, ki jih tradicionalne ture pogosto spregledajo. Ta raziskovalna igra je primerna tako za obiskovalce kot za doma\u010dine, saj ponuja zabaven in informativen na\u010din spoznavanja mesta. Ne glede na to, ali igrate sami, v paru, z dru\u017eino ali skupino prijateljev, samostojna mestna igra ponuja prilagodljivo in interaktivno izku\u0161njo.<\/p>\n","protected":false},"excerpt":{"rendered":"<p>Do\u017eivite sijaj in duh Stockholma! Potopite se v mesto, kjer se tradicija prepleta s sodobnostjo in zgodovina \u0161epeta od starodavnih vikin\u0161kih ru\u0161evin do elegantnih nakupovalnih \u010detrti. Re\u0161ujte uganke, medtem ko raziskujete njegovo o\u010darljivo lepoto; Stockholm vas bo osupnil na vsakem koraku!<\/p>\n","protected":false},"featured_media":5581,"template":"","meta":{"_acf_changed":false,"_yoast_wpseo_focuskw":"Secrets of Stockholm","_yoast_wpseo_metadesc":"Secrets of Stockholm. Igrajte samostojno mestno igro in raziskujte mesto skozi uganke, zagonetke in izzive. Igrajte v svojem tempu in odkrijte mesto kot doma\u010din!","_kad_blocks_custom_css":"","_kad_blocks_head_custom_js":"","_kad_blocks_body_custom_js":"","_kad_blocks_footer_custom_js":"","ghostkit_customizer_options":"","ghostkit_custom_css":"","ghostkit_custom_js_head":"","ghostkit_custom_js_foot":"","ghostkit_typography":"","_kad_post_transparent":"","_kad_post_title":"","_kad_post_layout":"","_kad_post_sidebar_id":"","_kad_post_content_style":"","_kad_post_vertical_padding":"","_kad_post_feature":"","_kad_post_feature_position":"","_kad_post_header":false,"_kad_post_footer":false,"_kad_post_classname":"","_links_to":"","_links_to_target":""},"game-concept":[728],"location":[380],"product_brand":[],"product_cat":[27],"product_tag":[],"class_list":{"0":"post-64348","1":"product","2":"type-product","3":"status-publish","4":"has-post-thumbnail","6":"game-concept-secrets","7":"location-stockholm","8":"product_cat-geen-categorie","10":"first","11":"instock","12":"shipping-taxable","13":"purchasable","14":"product-type-simple","15":"entry","16":"content-bg","17":"loop-entry"},"acf":{"full_bokun_product_name":"Self-Guided Secrets of Stockholm Exploration Game","location_name":"Stockholm","bokun_calendar_widget_code":"<script type=\"text\/javascript\" src=\"https:\/\/widgets.bokun.io\/assets\/javascripts\/apps\/build\/BokunWidgetsLoader.js?bookingChannelUUID=a1e93e96-5232-4734-a595-28405f4b5a31\" async><\/script>\n     \n    <div class=\"bokunWidget\" data-src=\"https:\/\/widgets.bokun.io\/online-sales\/a1e93e96-5232-4734-a595-28405f4b5a31\/experience-calendar\/948617\"><\/div>\n    <noscript>Please enable javascript in your browser to book<\/noscript>","bokun_button_widget_code":"<script type=\"text\/javascript\" src=\"https:\/\/widgets.bokun.io\/assets\/javascripts\/apps\/build\/BokunWidgetsLoader.js?bookingChannelUUID=a1e93e96-5232-4734-a595-28405f4b5a31\" async><\/script>\n      <style> #bokun_ed001e45_5927_4f62_b470_ca766338d083 { display: inline-block; padding: .4em 1em; background: #47b82e; border-radius: 999999px; box-shadow: none; font-weight: 600; font-size: 24px; text-decoration: none; text-align: center; color: #FFFFFF; border:none; cursor: pointer; transition: background .2s ease; } #bokun_ed001e45_5927_4f62_b470_ca766338d083:hover{ background: #2f7b1f; } #bokun_ed001e45_5927_4f62_b470_ca766338d083:active{ background: #378f24; } <\/style> <button class=\"bokunButton\" disabled id=bokun_ed001e45_5927_4f62_b470_ca766338d083 data-src=\"https:\/\/widgets.bokun.io\/online-sales\/a1e93e96-5232-4734-a595-28405f4b5a31\/experience-calendar\/948617?partialView=1\" data-testid=\"widget-book-button\" > Book now <\/button> ","what_you\u2019ll_experience_during_the_game":"Med igranjem Mestske igre v Stockholmu boste mesto do\u017eiveli skozi me\u0161anico ogledov in pripovedovanja zgodb, ki jih o\u017eivijo interaktivni namigi in izzivi. Igra vas bo vodila skozi me\u0161anico ikoni\u010dnih prostorov in skritih koti\u010dkov, kar vam bo omogo\u010dilo raziskovanje krajev, kot so Kraljeva pala\u010da, srednjeve\u0161ke ulice Gamla Stan in \u017eivahno nabre\u017eje Nybrokajen. Pre\u010dkali boste tudi arkade \u00d6stermalmshallen in si ogledali zna\u010dilno me\u0161anico stare in nove arhitekture mesta. Vsaka lokacija doda novo plast k vzdu\u0161ju in vpogled v raznolike soseske Stockholma.\n\nSkozi igro boste re\u0161evali uganke, odgovarjali na zagonetke in opravljali foto izzive, ki spodbujajo opazovanje in ustvarjalnost. Te naloge vam bodo pomagale zbirati to\u010dke, odkrivati namige in napredovati pri razre\u0161evanju kon\u010dne skrivnosti igre. Mestno igro v Stockholmu lahko kadar koli ustavite, kar omogo\u010da enostavno raziskovanje v svojem tempu ali odmor med potjo. Za tiste, ki i\u0161\u010dejo malo tekmovalnosti, lahko posamezni igralci ali ekipe ciljajo na visok rezultat na lestvici najbolj\u0161ih.","how_to_play":"Rezervirajte Raziskovalno igro, preverite e-po\u0161tno sporo\u010dilo, ki vam ga bomo poslali z enostavnimi navodili, prenesite aplikacijo Loquiz, dostopajte do Raziskovalne igre in pripravljeni ste, da za\u010dnete svojo igralno izku\u0161njo!","start_location":"Stockholm, Stortorget","available_languages":["en"],"players_per_group":"1-4","duration":"1.5-2 hours","image_overlay_color_image":"https:\/\/testwebsite.citygame.com\/wp-content\/blogs.dir\/1\/files\/sites\/62\/2026\/01\/SecretsColor.svg","image_overlay_game_logo":"https:\/\/testwebsite.citygame.com\/wp-content\/blogs.dir\/1\/files\/sites\/62\/2026\/01\/SecretsLogo.png","city_page":5571,"woocommerce_general_content":null},"yoast_head":"<!-- This site is optimized with the Yoast SEO Premium plugin v26.2 (Yoast SEO v26.3) - https:\/\/yoast.com\/wordpress\/plugins\/seo\/ -->\n<title>Secrets of Stockholm - City Game<\/title>\n<meta name=\"description\" content=\"Secrets of Stockholm. Igrajte samostojno mestno igro in raziskujte mesto skozi uganke, zagonetke in izzive. Igrajte v svojem tempu in odkrijte mesto kot doma\u010din!\" \/>\n<meta name=\"robots\" content=\"noindex, follow, max-snippet:-1, max-image-preview:large, max-video-preview:-1\" \/>\n<meta property=\"og:locale\" content=\"sl_SI\" \/>\n<meta property=\"og:type\" content=\"article\" \/>\n<meta property=\"og:title\" content=\"Secrets of Stockholm\" \/>\n<meta property=\"og:description\" content=\"Secrets of Stockholm. Igrajte samostojno mestno igro in raziskujte mesto skozi uganke, zagonetke in izzive. Igrajte v svojem tempu in odkrijte mesto kot doma\u010din!\" \/>\n<meta property=\"og:url\" content=\"https:\/\/testwebsite.citygame.com\/sl\/games\/stockholm\/secrets-of-stockholm\/\" \/>\n<meta property=\"og:site_name\" content=\"City Game\" \/>\n<meta property=\"article:publisher\" content=\"https:\/\/www.facebook.com\/profile.php?id=100086426226253\" \/>\n<meta property=\"article:modified_time\" content=\"2026-04-08T13:42:57+00:00\" \/>\n<meta property=\"og:image\" content=\"https:\/\/testwebsite.citygame.com\/wp-content\/blogs.dir\/1\/files\/sites\/62\/2026\/01\/stockholm-secrets-of-player-smartphone-waterfront.jpg\" \/>\n\t<meta property=\"og:image:width\" content=\"1024\" \/>\n\t<meta property=\"og:image:height\" content=\"1024\" \/>\n\t<meta property=\"og:image:type\" content=\"image\/jpeg\" \/>\n<meta name=\"twitter:card\" content=\"summary_large_image\" \/>\n<meta name=\"twitter:label1\" content=\"Est. reading time\" \/>\n\t<meta name=\"twitter:data1\" content=\"1 minuta\" \/>\n<script type=\"application\/ld+json\" class=\"yoast-schema-graph\">{\"@context\":\"https:\/\/schema.org\",\"@graph\":[{\"@type\":\"WebPage\",\"@id\":\"https:\/\/testwebsite.citygame.com\/sl\/games\/stockholm\/secrets-of-stockholm\/\",\"url\":\"https:\/\/testwebsite.citygame.com\/sl\/games\/stockholm\/secrets-of-stockholm\/\",\"name\":\"Secrets of Stockholm - City Game\",\"isPartOf\":{\"@id\":\"https:\/\/testwebsite.upevents.nl\/#website\"},\"primaryImageOfPage\":{\"@id\":\"https:\/\/testwebsite.citygame.com\/sl\/games\/stockholm\/secrets-of-stockholm\/#primaryimage\"},\"image\":{\"@id\":\"https:\/\/testwebsite.citygame.com\/sl\/games\/stockholm\/secrets-of-stockholm\/#primaryimage\"},\"thumbnailUrl\":\"https:\/\/testwebsite.citygame.com\/wp-content\/blogs.dir\/1\/files\/sites\/62\/2026\/01\/stockholm-secrets-of-player-smartphone-waterfront.jpg\",\"datePublished\":\"2026-01-27T15:46:31+00:00\",\"dateModified\":\"2026-04-08T13:42:57+00:00\",\"description\":\"Secrets of Stockholm. Igrajte samostojno mestno igro in raziskujte mesto skozi uganke, zagonetke in izzive. Igrajte v svojem tempu in odkrijte mesto kot doma\u010din!\",\"breadcrumb\":{\"@id\":\"https:\/\/testwebsite.citygame.com\/sl\/games\/stockholm\/secrets-of-stockholm\/#breadcrumb\"},\"inLanguage\":\"sl-SI\",\"potentialAction\":[{\"@type\":\"ReadAction\",\"target\":[\"https:\/\/testwebsite.citygame.com\/sl\/games\/stockholm\/secrets-of-stockholm\/\"]}]},{\"@type\":\"ImageObject\",\"inLanguage\":\"sl-SI\",\"@id\":\"https:\/\/testwebsite.citygame.com\/sl\/games\/stockholm\/secrets-of-stockholm\/#primaryimage\",\"url\":\"https:\/\/testwebsite.citygame.com\/wp-content\/blogs.dir\/1\/files\/sites\/62\/2026\/01\/stockholm-secrets-of-player-smartphone-waterfront.jpg\",\"contentUrl\":\"https:\/\/testwebsite.citygame.com\/wp-content\/blogs.dir\/1\/files\/sites\/62\/2026\/01\/stockholm-secrets-of-player-smartphone-waterfront.jpg\",\"width\":1024,\"height\":1024,\"caption\":\"A player explores the city's secrets on a sunny day along the Stockholm waterfront.\"},{\"@type\":\"BreadcrumbList\",\"@id\":\"https:\/\/testwebsite.citygame.com\/sl\/games\/stockholm\/secrets-of-stockholm\/#breadcrumb\",\"itemListElement\":[{\"@type\":\"ListItem\",\"position\":1,\"name\":\"Home\",\"item\":\"https:\/\/testwebsite.citygame.com\/sl\/\"},{\"@type\":\"ListItem\",\"position\":2,\"name\":\"Shop\",\"item\":\"https:\/\/testwebsite.citygame.com\/shop\/\"},{\"@type\":\"ListItem\",\"position\":3,\"name\":\"Secrets of Stockholm\"}]},{\"@type\":\"WebSite\",\"@id\":\"https:\/\/testwebsite.upevents.nl\/#website\",\"url\":\"https:\/\/testwebsite.upevents.nl\/\",\"name\":\"City Game\",\"description\":\"\",\"publisher\":{\"@id\":\"https:\/\/testwebsite.upevents.nl\/#organization\"},\"alternateName\":\"citygame.com\",\"potentialAction\":[{\"@type\":\"SearchAction\",\"target\":{\"@type\":\"EntryPoint\",\"urlTemplate\":\"https:\/\/testwebsite.upevents.nl\/?s={search_term_string}\"},\"query-input\":{\"@type\":\"PropertyValueSpecification\",\"valueRequired\":true,\"valueName\":\"search_term_string\"}}],\"inLanguage\":\"sl-SI\"},{\"@type\":[\"Organization\",\"Place\"],\"@id\":\"https:\/\/testwebsite.upevents.nl\/#organization\",\"name\":\"City Game\",\"alternateName\":\"citygame.com\",\"url\":\"https:\/\/testwebsite.upevents.nl\/\",\"logo\":{\"@id\":\"https:\/\/testwebsite.citygame.com\/sl\/games\/stockholm\/secrets-of-stockholm\/#local-main-organization-logo\"},\"image\":{\"@id\":\"https:\/\/testwebsite.citygame.com\/sl\/games\/stockholm\/secrets-of-stockholm\/#local-main-organization-logo\"},\"sameAs\":[\"https:\/\/www.facebook.com\/profile.php?id=100086426226253\",\"https:\/\/www.instagram.com\/citygame_com\",\"https:\/\/www.tiktok.com\/@citygamecom\/\",\"https:\/\/www.linkedin.com\/company\/citygame-com\"],\"description\":\"Turn any city into a playground with our interactive City Games and self-guided tours. Fun, flexible, and ideal for groups and team building.\",\"telephone\":[],\"openingHoursSpecification\":[{\"@type\":\"OpeningHoursSpecification\",\"dayOfWeek\":[\"Monday\",\"Tuesday\",\"Wednesday\",\"Thursday\",\"Friday\",\"Saturday\",\"Sunday\"],\"opens\":\"09:00\",\"closes\":\"17:00\"}]},{\"@type\":\"ImageObject\",\"inLanguage\":\"sl-SI\",\"@id\":\"https:\/\/testwebsite.citygame.com\/sl\/games\/stockholm\/secrets-of-stockholm\/#local-main-organization-logo\",\"url\":\"https:\/\/testwebsite.citygame.com\/wp-content\/blogs.dir\/1\/files\/sites\/62\/2025\/10\/CG_LOGO-City-Game.png\",\"contentUrl\":\"https:\/\/testwebsite.citygame.com\/wp-content\/blogs.dir\/1\/files\/sites\/62\/2025\/10\/CG_LOGO-City-Game.png\",\"width\":351,\"height\":377,\"caption\":\"City Game\"}]}<\/script>\n<!-- \/ Yoast SEO Premium plugin. -->","yoast_head_json":{"title":"Secrets of Stockholm - City Game","description":"Secrets of Stockholm. Igrajte samostojno mestno igro in raziskujte mesto skozi uganke, zagonetke in izzive. Igrajte v svojem tempu in odkrijte mesto kot doma\u010din!","robots":{"index":"noindex","follow":"follow","max-snippet":"max-snippet:-1","max-image-preview":"max-image-preview:large","max-video-preview":"max-video-preview:-1"},"og_locale":"sl_SI","og_type":"article","og_title":"Secrets of Stockholm","og_description":"Secrets of Stockholm. Igrajte samostojno mestno igro in raziskujte mesto skozi uganke, zagonetke in izzive. Igrajte v svojem tempu in odkrijte mesto kot doma\u010din!","og_url":"https:\/\/testwebsite.citygame.com\/sl\/games\/stockholm\/secrets-of-stockholm\/","og_site_name":"City Game","article_publisher":"https:\/\/www.facebook.com\/profile.php?id=100086426226253","article_modified_time":"2026-04-08T13:42:57+00:00","og_image":[{"width":1024,"height":1024,"url":"https:\/\/testwebsite.citygame.com\/wp-content\/blogs.dir\/1\/files\/sites\/62\/2026\/01\/stockholm-secrets-of-player-smartphone-waterfront.jpg","type":"image\/jpeg"}],"twitter_card":"summary_large_image","twitter_misc":{"Est. reading time":"1 minuta"},"schema":{"@context":"https:\/\/schema.org","@graph":[{"@type":"WebPage","@id":"https:\/\/testwebsite.citygame.com\/sl\/games\/stockholm\/secrets-of-stockholm\/","url":"https:\/\/testwebsite.citygame.com\/sl\/games\/stockholm\/secrets-of-stockholm\/","name":"Secrets of Stockholm - City Game","isPartOf":{"@id":"https:\/\/testwebsite.upevents.nl\/#website"},"primaryImageOfPage":{"@id":"https:\/\/testwebsite.citygame.com\/sl\/games\/stockholm\/secrets-of-stockholm\/#primaryimage"},"image":{"@id":"https:\/\/testwebsite.citygame.com\/sl\/games\/stockholm\/secrets-of-stockholm\/#primaryimage"},"thumbnailUrl":"https:\/\/testwebsite.citygame.com\/wp-content\/blogs.dir\/1\/files\/sites\/62\/2026\/01\/stockholm-secrets-of-player-smartphone-waterfront.jpg","datePublished":"2026-01-27T15:46:31+00:00","dateModified":"2026-04-08T13:42:57+00:00","description":"Secrets of Stockholm. Igrajte samostojno mestno igro in raziskujte mesto skozi uganke, zagonetke in izzive. Igrajte v svojem tempu in odkrijte mesto kot doma\u010din!","breadcrumb":{"@id":"https:\/\/testwebsite.citygame.com\/sl\/games\/stockholm\/secrets-of-stockholm\/#breadcrumb"},"inLanguage":"sl-SI","potentialAction":[{"@type":"ReadAction","target":["https:\/\/testwebsite.citygame.com\/sl\/games\/stockholm\/secrets-of-stockholm\/"]}]},{"@type":"ImageObject","inLanguage":"sl-SI","@id":"https:\/\/testwebsite.citygame.com\/sl\/games\/stockholm\/secrets-of-stockholm\/#primaryimage","url":"https:\/\/testwebsite.citygame.com\/wp-content\/blogs.dir\/1\/files\/sites\/62\/2026\/01\/stockholm-secrets-of-player-smartphone-waterfront.jpg","contentUrl":"https:\/\/testwebsite.citygame.com\/wp-content\/blogs.dir\/1\/files\/sites\/62\/2026\/01\/stockholm-secrets-of-player-smartphone-waterfront.jpg","width":1024,"height":1024,"caption":"A player explores the city's secrets on a sunny day along the Stockholm waterfront."},{"@type":"BreadcrumbList","@id":"https:\/\/testwebsite.citygame.com\/sl\/games\/stockholm\/secrets-of-stockholm\/#breadcrumb","itemListElement":[{"@type":"ListItem","position":1,"name":"Home","item":"https:\/\/testwebsite.citygame.com\/sl\/"},{"@type":"ListItem","position":2,"name":"Shop","item":"https:\/\/testwebsite.citygame.com\/shop\/"},{"@type":"ListItem","position":3,"name":"Secrets of Stockholm"}]},{"@type":"WebSite","@id":"https:\/\/testwebsite.upevents.nl\/#website","url":"https:\/\/testwebsite.upevents.nl\/","name":"City Game","description":"","publisher":{"@id":"https:\/\/testwebsite.upevents.nl\/#organization"},"alternateName":"citygame.com","potentialAction":[{"@type":"SearchAction","target":{"@type":"EntryPoint","urlTemplate":"https:\/\/testwebsite.upevents.nl\/?s={search_term_string}"},"query-input":{"@type":"PropertyValueSpecification","valueRequired":true,"valueName":"search_term_string"}}],"inLanguage":"sl-SI"},{"@type":["Organization","Place"],"@id":"https:\/\/testwebsite.upevents.nl\/#organization","name":"City Game","alternateName":"citygame.com","url":"https:\/\/testwebsite.upevents.nl\/","logo":{"@id":"https:\/\/testwebsite.citygame.com\/sl\/games\/stockholm\/secrets-of-stockholm\/#local-main-organization-logo"},"image":{"@id":"https:\/\/testwebsite.citygame.com\/sl\/games\/stockholm\/secrets-of-stockholm\/#local-main-organization-logo"},"sameAs":["https:\/\/www.facebook.com\/profile.php?id=100086426226253","https:\/\/www.instagram.com\/citygame_com","https:\/\/www.tiktok.com\/@citygamecom\/","https:\/\/www.linkedin.com\/company\/citygame-com"],"description":"Turn any city into a playground with our interactive City Games and self-guided tours. Fun, flexible, and ideal for groups and team building.","telephone":[],"openingHoursSpecification":[{"@type":"OpeningHoursSpecification","dayOfWeek":["Monday","Tuesday","Wednesday","Thursday","Friday","Saturday","Sunday"],"opens":"09:00","closes":"17:00"}]},{"@type":"ImageObject","inLanguage":"sl-SI","@id":"https:\/\/testwebsite.citygame.com\/sl\/games\/stockholm\/secrets-of-stockholm\/#local-main-organization-logo","url":"https:\/\/testwebsite.citygame.com\/wp-content\/blogs.dir\/1\/files\/sites\/62\/2025\/10\/CG_LOGO-City-Game.png","contentUrl":"https:\/\/testwebsite.citygame.com\/wp-content\/blogs.dir\/1\/files\/sites\/62\/2025\/10\/CG_LOGO-City-Game.png","width":351,"height":377,"caption":"City Game"}]}},"taxonomy_info":{"game-concept":[{"value":728,"label":"Secrets"}],"location":[{"value":380,"label":"Stockholm"}],"product_cat":[{"value":27,"label":"Geen categorie"}]},"featured_image_src_large":["https:\/\/testwebsite.citygame.com\/wp-content\/blogs.dir\/1\/files\/sites\/62\/2026\/01\/stockholm-secrets-of-player-smartphone-waterfront.jpg",1024,1024,false],"author_info":[],"comment_info":"","_links":{"self":[{"href":"https:\/\/testwebsite.citygame.com\/sl\/wp-json\/wp\/v2\/product\/64348","targetHints":{"allow":["GET"]}}],"collection":[{"href":"https:\/\/testwebsite.citygame.com\/sl\/wp-json\/wp\/v2\/product"}],"about":[{"href":"https:\/\/testwebsite.citygame.com\/sl\/wp-json\/wp\/v2\/types\/product"}],"acf:post":[{"embeddable":true,"href":"https:\/\/testwebsite.citygame.com\/sl\/wp-json\/wp\/v2\/pages\/5571"}],"wp:featuredmedia":[{"embeddable":true,"href":"https:\/\/testwebsite.citygame.com\/sl\/wp-json\/wp\/v2\/media\/5581"}],"wp:attachment":[{"href":"https:\/\/testwebsite.citygame.com\/sl\/wp-json\/wp\/v2\/media?parent=64348"}],"wp:term":[{"taxonomy":"game-concept","embeddable":true,"href":"https:\/\/testwebsite.citygame.com\/sl\/wp-json\/wp\/v2\/game-concept?post=64348"},{"taxonomy":"location","embeddable":true,"href":"https:\/\/testwebsite.citygame.com\/sl\/wp-json\/wp\/v2\/location?post=64348"},{"taxonomy":"product_brand","embeddable":true,"href":"https:\/\/testwebsite.citygame.com\/sl\/wp-json\/wp\/v2\/product_brand?post=64348"},{"taxonomy":"product_cat","embeddable":true,"href":"https:\/\/testwebsite.citygame.com\/sl\/wp-json\/wp\/v2\/product_cat?post=64348"},{"taxonomy":"product_tag","embeddable":true,"href":"https:\/\/testwebsite.citygame.com\/sl\/wp-json\/wp\/v2\/product_tag?post=64348"}],"curies":[{"name":"wp","href":"https:\/\/api.w.org\/{rel}","templated":true}]}}