{"id":63240,"date":"2026-02-20T13:48:32","date_gmt":"2026-02-20T13:48:32","guid":{"rendered":"https:\/\/testwebsite.citygame.com\/games\/unknown-location\/the-edinburgh-syndicate\/"},"modified":"2026-04-08T11:15:41","modified_gmt":"2026-04-08T11:15:41","slug":"the-edinburgh-syndicate","status":"publish","type":"product","link":"https:\/\/testwebsite.citygame.com\/sl\/games\/edinburgh\/the-edinburgh-syndicate\/","title":{"rendered":"The Edinburgh Syndicate"},"content":{"rendered":"<p>Igra &#8220;The Edinburgh Syndicate&#8221; je razburljiva, samovodena igra pobega (City Escape Game), ki se odvija v zgodovinskem sredi\u0161\u010du Edinburgha. Ta edinstvena igra v Edinburghu vklju\u010duje ekipe, ki simbioti\u010dno sodelujejo pri iskanju izmuzljivega Magnusa in pridobivanju \u0161estih ukradenih formul, pri \u010demer se mo\u010dno zana\u0161ajo na re\u0161evanje problemov skozi raznolik nabor ugank, nalog in izzivov. Zasnovana je s poudarkom na timskem delu, ponuja zanimivo pripovedovanje zgodb in je postavljena tako, da igralce vodi skozi postopno napredovanje misije, obljubljajo\u010d privla\u010dno izku\u0161njo igre pobega.<\/p>\n","protected":false},"excerpt":{"rendered":"<p>Podajte se na intenzivno, samovodeno igro pobega (City Escape Game) v srcu Edinburgha. Hitro sledite namigom, sestavljajte uganke in razkrijte resnico, medtem ko vi in va\u0161a ekipa sledite zgodbi in se spopadate z vsako nalogo, ki napreduje &#8211; \u010das se izteka, zato se premaknite!<\/p>\n","protected":false},"featured_media":15373,"template":"","meta":{"_acf_changed":false,"_yoast_wpseo_focuskw":"The Edinburgh Syndicate","_yoast_wpseo_metadesc":"The Edinburgh Syndicate. Igrajte samovodeno igro pobega (City Escape Game), re\u0161ujte uganke, opravite misije in pridobite ukradene formule v svojem tempu!","_kad_blocks_custom_css":"","_kad_blocks_head_custom_js":"","_kad_blocks_body_custom_js":"","_kad_blocks_footer_custom_js":"","ghostkit_customizer_options":"","ghostkit_custom_css":"","ghostkit_custom_js_head":"","ghostkit_custom_js_foot":"","ghostkit_typography":"","_kad_post_transparent":"","_kad_post_title":"","_kad_post_layout":"","_kad_post_sidebar_id":"","_kad_post_content_style":"","_kad_post_vertical_padding":"","_kad_post_feature":"","_kad_post_feature_position":"","_kad_post_header":false,"_kad_post_footer":false,"_kad_post_classname":"","_links_to":"","_links_to_target":""},"game-concept":[759],"location":[152],"product_brand":[],"product_cat":[27],"product_tag":[],"class_list":{"0":"post-63240","1":"product","2":"type-product","3":"status-publish","4":"has-post-thumbnail","6":"game-concept-syndicate","7":"location-edinburgh","8":"product_cat-geen-categorie","10":"first","11":"instock","12":"shipping-taxable","13":"purchasable","14":"product-type-simple","15":"entry","16":"content-bg","17":"loop-entry"},"acf":{"full_bokun_product_name":"Self-Guided The Edinburgh Syndicate City Escape Game","location_name":"Edinburgh","bokun_calendar_widget_code":"<script type=\"text\/javascript\" src=\"https:\/\/widgets.bokun.io\/assets\/javascripts\/apps\/build\/BokunWidgetsLoader.js?bookingChannelUUID=a1e93e96-5232-4734-a595-28405f4b5a31\" async><\/script>\n     \n    <div class=\"bokunWidget\" data-src=\"https:\/\/widgets.bokun.io\/online-sales\/a1e93e96-5232-4734-a595-28405f4b5a31\/experience-calendar\/992397\"><\/div>\n    <noscript>Please enable javascript in your browser to book<\/noscript>","bokun_button_widget_code":"<script type=\"text\/javascript\" src=\"https:\/\/widgets.bokun.io\/assets\/javascripts\/apps\/build\/BokunWidgetsLoader.js?bookingChannelUUID=a1e93e96-5232-4734-a595-28405f4b5a31\" async><\/script>\n      <style> #bokun_ed001e45_5927_4f62_b470_ca766338d083 { display: inline-block; padding: .4em 1em; background: #47b82e; border-radius: 999999px; box-shadow: none; font-weight: 600; font-size: 24px; text-decoration: none; text-align: center; color: #FFFFFF; border:none; cursor: pointer; transition: background .2s ease; } #bokun_ed001e45_5927_4f62_b470_ca766338d083:hover{ background: #2f7b1f; } #bokun_ed001e45_5927_4f62_b470_ca766338d083:active{ background: #378f24; } <\/style> <button class=\"bokunButton\" disabled id=bokun_ed001e45_5927_4f62_b470_ca766338d083 data-src=\"https:\/\/widgets.bokun.io\/online-sales\/a1e93e96-5232-4734-a595-28405f4b5a31\/experience-calendar\/992397?partialView=1\" data-testid=\"widget-book-button\" > Book now <\/button> ","what_you\u2019ll_experience_during_the_game":"V srcu Edinburgha se boste zna\u0161li sredi adrenalinske misije pobega, kjer mesto slu\u017ei kot va\u0161a \u017eiva igralna plo\u0161\u010da. Vsaka ulica, kavarna ali park postane del va\u0161ega visokega vlo\u017eka, saj se misija odvija korak za korakom, vas pa povezuje globlje v zgodbo. Va\u0161 cilj? Izslediti izmuzljivega Magnusa in pridobiti \u0161est ukradenih formul, ki dr\u017eijo mesto v pat poziciji.\n\nMed to vznemirljivo aktivnostjo se boste sre\u010dali z zapletenimi ugankami in kodami, premagovali naloge in naleteli na zahtevne ovire, ki stojijo med vami in va\u0161im ciljem. Komunikacija, timsko delo in hitro odlo\u010danje bodo klju\u010dni za va\u0161 uspeh. To ni tradicionalno raziskovanje mesta, ampak popolnoma zgodbeno vodena misija pobega, ki jo lahko za\u010dasno ustavite in nadaljujete v svojem tempu. Preoblikujte Edinburgh v svojo vznemirljivo sobo pobega \u2013 brez fizi\u010dne omejitve.","how_to_play":"Rezervirajte igro (City Game), preverite e-po\u0161to z navodili, prenesite aplikacijo Loquiz in za\u010dnite svojo igralno izku\u0161njo!","start_location":"Edinburgh, St Giles' Cathedral","available_languages":["en"],"players_per_group":"1-4","duration":"1.5-2 hours","image_overlay_color_image":"https:\/\/testwebsite.citygame.com\/wp-content\/blogs.dir\/1\/files\/sites\/62\/2026\/01\/SyndicateColor.svg","image_overlay_game_logo":"https:\/\/testwebsite.citygame.com\/wp-content\/blogs.dir\/1\/files\/sites\/62\/2026\/01\/SyndicateLogo.png","city_page":12208,"woocommerce_general_content":null},"yoast_head":"<!-- This site is optimized with the Yoast SEO Premium plugin v26.2 (Yoast SEO v26.3) - https:\/\/yoast.com\/wordpress\/plugins\/seo\/ -->\n<title>The Edinburgh Syndicate - City Game<\/title>\n<meta name=\"description\" content=\"The Edinburgh Syndicate. Igrajte samovodeno igro pobega (City Escape Game), re\u0161ujte uganke, opravite misije in pridobite ukradene formule v svojem tempu!\" \/>\n<meta name=\"robots\" content=\"noindex, follow, max-snippet:-1, max-image-preview:large, max-video-preview:-1\" \/>\n<meta property=\"og:locale\" content=\"sl_SI\" \/>\n<meta property=\"og:type\" content=\"article\" \/>\n<meta property=\"og:title\" content=\"The Edinburgh Syndicate\" \/>\n<meta property=\"og:description\" content=\"The Edinburgh Syndicate. Igrajte samovodeno igro pobega (City Escape Game), re\u0161ujte uganke, opravite misije in pridobite ukradene formule v svojem tempu!\" \/>\n<meta property=\"og:url\" content=\"https:\/\/testwebsite.citygame.com\/sl\/games\/edinburgh\/the-edinburgh-syndicate\/\" \/>\n<meta property=\"og:site_name\" content=\"City Game\" \/>\n<meta property=\"article:publisher\" content=\"https:\/\/www.facebook.com\/profile.php?id=100086426226253\" \/>\n<meta property=\"article:modified_time\" content=\"2026-04-08T11:15:41+00:00\" \/>\n<meta property=\"og:image\" content=\"https:\/\/testwebsite.citygame.com\/wp-content\/blogs.dir\/1\/files\/sites\/62\/2026\/02\/city-game-edinburgh-players-parliament-square.jpg\" \/>\n\t<meta property=\"og:image:width\" content=\"1024\" \/>\n\t<meta property=\"og:image:height\" content=\"1024\" \/>\n\t<meta property=\"og:image:type\" content=\"image\/jpeg\" \/>\n<meta name=\"twitter:card\" content=\"summary_large_image\" \/>\n<script type=\"application\/ld+json\" class=\"yoast-schema-graph\">{\"@context\":\"https:\/\/schema.org\",\"@graph\":[{\"@type\":\"WebPage\",\"@id\":\"https:\/\/testwebsite.citygame.com\/sl\/games\/edinburgh\/the-edinburgh-syndicate\/\",\"url\":\"https:\/\/testwebsite.citygame.com\/sl\/games\/edinburgh\/the-edinburgh-syndicate\/\",\"name\":\"The Edinburgh Syndicate - City Game\",\"isPartOf\":{\"@id\":\"https:\/\/testwebsite.upevents.nl\/#website\"},\"primaryImageOfPage\":{\"@id\":\"https:\/\/testwebsite.citygame.com\/sl\/games\/edinburgh\/the-edinburgh-syndicate\/#primaryimage\"},\"image\":{\"@id\":\"https:\/\/testwebsite.citygame.com\/sl\/games\/edinburgh\/the-edinburgh-syndicate\/#primaryimage\"},\"thumbnailUrl\":\"https:\/\/testwebsite.citygame.com\/wp-content\/blogs.dir\/1\/files\/sites\/62\/2026\/02\/city-game-edinburgh-players-parliament-square.jpg\",\"datePublished\":\"2026-02-20T13:48:32+00:00\",\"dateModified\":\"2026-04-08T11:15:41+00:00\",\"description\":\"The Edinburgh Syndicate. Igrajte samovodeno igro pobega (City Escape Game), re\u0161ujte uganke, opravite misije in pridobite ukradene formule v svojem tempu!\",\"breadcrumb\":{\"@id\":\"https:\/\/testwebsite.citygame.com\/sl\/games\/edinburgh\/the-edinburgh-syndicate\/#breadcrumb\"},\"inLanguage\":\"sl-SI\",\"potentialAction\":[{\"@type\":\"ReadAction\",\"target\":[\"https:\/\/testwebsite.citygame.com\/sl\/games\/edinburgh\/the-edinburgh-syndicate\/\"]}]},{\"@type\":\"ImageObject\",\"inLanguage\":\"sl-SI\",\"@id\":\"https:\/\/testwebsite.citygame.com\/sl\/games\/edinburgh\/the-edinburgh-syndicate\/#primaryimage\",\"url\":\"https:\/\/testwebsite.citygame.com\/wp-content\/blogs.dir\/1\/files\/sites\/62\/2026\/02\/city-game-edinburgh-players-parliament-square.jpg\",\"contentUrl\":\"https:\/\/testwebsite.citygame.com\/wp-content\/blogs.dir\/1\/files\/sites\/62\/2026\/02\/city-game-edinburgh-players-parliament-square.jpg\",\"width\":1024,\"height\":1024,\"caption\":\"A group of friends work together to solve a puzzle on a phone in historic Parliament Square.\"},{\"@type\":\"BreadcrumbList\",\"@id\":\"https:\/\/testwebsite.citygame.com\/sl\/games\/edinburgh\/the-edinburgh-syndicate\/#breadcrumb\",\"itemListElement\":[{\"@type\":\"ListItem\",\"position\":1,\"name\":\"Home\",\"item\":\"https:\/\/testwebsite.citygame.com\/sl\/\"},{\"@type\":\"ListItem\",\"position\":2,\"name\":\"Shop\",\"item\":\"https:\/\/testwebsite.citygame.com\/shop\/\"},{\"@type\":\"ListItem\",\"position\":3,\"name\":\"The Edinburgh Syndicate\"}]},{\"@type\":\"WebSite\",\"@id\":\"https:\/\/testwebsite.upevents.nl\/#website\",\"url\":\"https:\/\/testwebsite.upevents.nl\/\",\"name\":\"City Game\",\"description\":\"\",\"publisher\":{\"@id\":\"https:\/\/testwebsite.upevents.nl\/#organization\"},\"alternateName\":\"citygame.com\",\"potentialAction\":[{\"@type\":\"SearchAction\",\"target\":{\"@type\":\"EntryPoint\",\"urlTemplate\":\"https:\/\/testwebsite.upevents.nl\/?s={search_term_string}\"},\"query-input\":{\"@type\":\"PropertyValueSpecification\",\"valueRequired\":true,\"valueName\":\"search_term_string\"}}],\"inLanguage\":\"sl-SI\"},{\"@type\":[\"Organization\",\"Place\"],\"@id\":\"https:\/\/testwebsite.upevents.nl\/#organization\",\"name\":\"City Game\",\"alternateName\":\"citygame.com\",\"url\":\"https:\/\/testwebsite.upevents.nl\/\",\"logo\":{\"@id\":\"https:\/\/testwebsite.citygame.com\/sl\/games\/edinburgh\/the-edinburgh-syndicate\/#local-main-organization-logo\"},\"image\":{\"@id\":\"https:\/\/testwebsite.citygame.com\/sl\/games\/edinburgh\/the-edinburgh-syndicate\/#local-main-organization-logo\"},\"sameAs\":[\"https:\/\/www.facebook.com\/profile.php?id=100086426226253\",\"https:\/\/www.instagram.com\/citygame_com\",\"https:\/\/www.tiktok.com\/@citygamecom\/\",\"https:\/\/www.linkedin.com\/company\/citygame-com\"],\"description\":\"Turn any city into a playground with our interactive City Games and self-guided tours. Fun, flexible, and ideal for groups and team building.\",\"telephone\":[],\"openingHoursSpecification\":[{\"@type\":\"OpeningHoursSpecification\",\"dayOfWeek\":[\"Monday\",\"Tuesday\",\"Wednesday\",\"Thursday\",\"Friday\",\"Saturday\",\"Sunday\"],\"opens\":\"09:00\",\"closes\":\"17:00\"}]},{\"@type\":\"ImageObject\",\"inLanguage\":\"sl-SI\",\"@id\":\"https:\/\/testwebsite.citygame.com\/sl\/games\/edinburgh\/the-edinburgh-syndicate\/#local-main-organization-logo\",\"url\":\"https:\/\/testwebsite.citygame.com\/wp-content\/blogs.dir\/1\/files\/sites\/62\/2025\/10\/CG_LOGO-City-Game.png\",\"contentUrl\":\"https:\/\/testwebsite.citygame.com\/wp-content\/blogs.dir\/1\/files\/sites\/62\/2025\/10\/CG_LOGO-City-Game.png\",\"width\":351,\"height\":377,\"caption\":\"City Game\"}]}<\/script>\n<!-- \/ Yoast SEO Premium plugin. -->","yoast_head_json":{"title":"The Edinburgh Syndicate - City Game","description":"The Edinburgh Syndicate. Igrajte samovodeno igro pobega (City Escape Game), re\u0161ujte uganke, opravite misije in pridobite ukradene formule v svojem tempu!","robots":{"index":"noindex","follow":"follow","max-snippet":"max-snippet:-1","max-image-preview":"max-image-preview:large","max-video-preview":"max-video-preview:-1"},"og_locale":"sl_SI","og_type":"article","og_title":"The Edinburgh Syndicate","og_description":"The Edinburgh Syndicate. Igrajte samovodeno igro pobega (City Escape Game), re\u0161ujte uganke, opravite misije in pridobite ukradene formule v svojem tempu!","og_url":"https:\/\/testwebsite.citygame.com\/sl\/games\/edinburgh\/the-edinburgh-syndicate\/","og_site_name":"City Game","article_publisher":"https:\/\/www.facebook.com\/profile.php?id=100086426226253","article_modified_time":"2026-04-08T11:15:41+00:00","og_image":[{"width":1024,"height":1024,"url":"https:\/\/testwebsite.citygame.com\/wp-content\/blogs.dir\/1\/files\/sites\/62\/2026\/02\/city-game-edinburgh-players-parliament-square.jpg","type":"image\/jpeg"}],"twitter_card":"summary_large_image","schema":{"@context":"https:\/\/schema.org","@graph":[{"@type":"WebPage","@id":"https:\/\/testwebsite.citygame.com\/sl\/games\/edinburgh\/the-edinburgh-syndicate\/","url":"https:\/\/testwebsite.citygame.com\/sl\/games\/edinburgh\/the-edinburgh-syndicate\/","name":"The Edinburgh Syndicate - City Game","isPartOf":{"@id":"https:\/\/testwebsite.upevents.nl\/#website"},"primaryImageOfPage":{"@id":"https:\/\/testwebsite.citygame.com\/sl\/games\/edinburgh\/the-edinburgh-syndicate\/#primaryimage"},"image":{"@id":"https:\/\/testwebsite.citygame.com\/sl\/games\/edinburgh\/the-edinburgh-syndicate\/#primaryimage"},"thumbnailUrl":"https:\/\/testwebsite.citygame.com\/wp-content\/blogs.dir\/1\/files\/sites\/62\/2026\/02\/city-game-edinburgh-players-parliament-square.jpg","datePublished":"2026-02-20T13:48:32+00:00","dateModified":"2026-04-08T11:15:41+00:00","description":"The Edinburgh Syndicate. Igrajte samovodeno igro pobega (City Escape Game), re\u0161ujte uganke, opravite misije in pridobite ukradene formule v svojem tempu!","breadcrumb":{"@id":"https:\/\/testwebsite.citygame.com\/sl\/games\/edinburgh\/the-edinburgh-syndicate\/#breadcrumb"},"inLanguage":"sl-SI","potentialAction":[{"@type":"ReadAction","target":["https:\/\/testwebsite.citygame.com\/sl\/games\/edinburgh\/the-edinburgh-syndicate\/"]}]},{"@type":"ImageObject","inLanguage":"sl-SI","@id":"https:\/\/testwebsite.citygame.com\/sl\/games\/edinburgh\/the-edinburgh-syndicate\/#primaryimage","url":"https:\/\/testwebsite.citygame.com\/wp-content\/blogs.dir\/1\/files\/sites\/62\/2026\/02\/city-game-edinburgh-players-parliament-square.jpg","contentUrl":"https:\/\/testwebsite.citygame.com\/wp-content\/blogs.dir\/1\/files\/sites\/62\/2026\/02\/city-game-edinburgh-players-parliament-square.jpg","width":1024,"height":1024,"caption":"A group of friends work together to solve a puzzle on a phone in historic Parliament Square."},{"@type":"BreadcrumbList","@id":"https:\/\/testwebsite.citygame.com\/sl\/games\/edinburgh\/the-edinburgh-syndicate\/#breadcrumb","itemListElement":[{"@type":"ListItem","position":1,"name":"Home","item":"https:\/\/testwebsite.citygame.com\/sl\/"},{"@type":"ListItem","position":2,"name":"Shop","item":"https:\/\/testwebsite.citygame.com\/shop\/"},{"@type":"ListItem","position":3,"name":"The Edinburgh Syndicate"}]},{"@type":"WebSite","@id":"https:\/\/testwebsite.upevents.nl\/#website","url":"https:\/\/testwebsite.upevents.nl\/","name":"City Game","description":"","publisher":{"@id":"https:\/\/testwebsite.upevents.nl\/#organization"},"alternateName":"citygame.com","potentialAction":[{"@type":"SearchAction","target":{"@type":"EntryPoint","urlTemplate":"https:\/\/testwebsite.upevents.nl\/?s={search_term_string}"},"query-input":{"@type":"PropertyValueSpecification","valueRequired":true,"valueName":"search_term_string"}}],"inLanguage":"sl-SI"},{"@type":["Organization","Place"],"@id":"https:\/\/testwebsite.upevents.nl\/#organization","name":"City Game","alternateName":"citygame.com","url":"https:\/\/testwebsite.upevents.nl\/","logo":{"@id":"https:\/\/testwebsite.citygame.com\/sl\/games\/edinburgh\/the-edinburgh-syndicate\/#local-main-organization-logo"},"image":{"@id":"https:\/\/testwebsite.citygame.com\/sl\/games\/edinburgh\/the-edinburgh-syndicate\/#local-main-organization-logo"},"sameAs":["https:\/\/www.facebook.com\/profile.php?id=100086426226253","https:\/\/www.instagram.com\/citygame_com","https:\/\/www.tiktok.com\/@citygamecom\/","https:\/\/www.linkedin.com\/company\/citygame-com"],"description":"Turn any city into a playground with our interactive City Games and self-guided tours. Fun, flexible, and ideal for groups and team building.","telephone":[],"openingHoursSpecification":[{"@type":"OpeningHoursSpecification","dayOfWeek":["Monday","Tuesday","Wednesday","Thursday","Friday","Saturday","Sunday"],"opens":"09:00","closes":"17:00"}]},{"@type":"ImageObject","inLanguage":"sl-SI","@id":"https:\/\/testwebsite.citygame.com\/sl\/games\/edinburgh\/the-edinburgh-syndicate\/#local-main-organization-logo","url":"https:\/\/testwebsite.citygame.com\/wp-content\/blogs.dir\/1\/files\/sites\/62\/2025\/10\/CG_LOGO-City-Game.png","contentUrl":"https:\/\/testwebsite.citygame.com\/wp-content\/blogs.dir\/1\/files\/sites\/62\/2025\/10\/CG_LOGO-City-Game.png","width":351,"height":377,"caption":"City Game"}]}},"taxonomy_info":{"game-concept":[{"value":759,"label":"Syndicate"}],"location":[{"value":152,"label":"Edinburgh"}],"product_cat":[{"value":27,"label":"Geen categorie"}]},"featured_image_src_large":["https:\/\/testwebsite.citygame.com\/wp-content\/blogs.dir\/1\/files\/sites\/62\/2026\/02\/city-game-edinburgh-players-parliament-square.jpg",1024,1024,false],"author_info":[],"comment_info":"","_links":{"self":[{"href":"https:\/\/testwebsite.citygame.com\/sl\/wp-json\/wp\/v2\/product\/63240","targetHints":{"allow":["GET"]}}],"collection":[{"href":"https:\/\/testwebsite.citygame.com\/sl\/wp-json\/wp\/v2\/product"}],"about":[{"href":"https:\/\/testwebsite.citygame.com\/sl\/wp-json\/wp\/v2\/types\/product"}],"acf:post":[{"embeddable":true,"href":"https:\/\/testwebsite.citygame.com\/sl\/wp-json\/wp\/v2\/pages\/12208"}],"wp:featuredmedia":[{"embeddable":true,"href":"https:\/\/testwebsite.citygame.com\/sl\/wp-json\/wp\/v2\/media\/15373"}],"wp:attachment":[{"href":"https:\/\/testwebsite.citygame.com\/sl\/wp-json\/wp\/v2\/media?parent=63240"}],"wp:term":[{"taxonomy":"game-concept","embeddable":true,"href":"https:\/\/testwebsite.citygame.com\/sl\/wp-json\/wp\/v2\/game-concept?post=63240"},{"taxonomy":"location","embeddable":true,"href":"https:\/\/testwebsite.citygame.com\/sl\/wp-json\/wp\/v2\/location?post=63240"},{"taxonomy":"product_brand","embeddable":true,"href":"https:\/\/testwebsite.citygame.com\/sl\/wp-json\/wp\/v2\/product_brand?post=63240"},{"taxonomy":"product_cat","embeddable":true,"href":"https:\/\/testwebsite.citygame.com\/sl\/wp-json\/wp\/v2\/product_cat?post=63240"},{"taxonomy":"product_tag","embeddable":true,"href":"https:\/\/testwebsite.citygame.com\/sl\/wp-json\/wp\/v2\/product_tag?post=63240"}],"curies":[{"name":"wp","href":"https:\/\/api.w.org\/{rel}","templated":true}]}}