{"id":60681,"date":"2026-01-27T14:54:58","date_gmt":"2026-01-27T14:54:58","guid":{"rendered":"https:\/\/testwebsite.citygame.com\/games\/unknown-location\/secrets-of-amsterdam-north\/"},"modified":"2026-04-08T06:11:59","modified_gmt":"2026-04-08T06:11:59","slug":"secrets-of-amsterdam-north","status":"publish","type":"product","link":"https:\/\/testwebsite.citygame.com\/sl\/games\/amsterdam\/secrets-of-amsterdam-north\/","title":{"rendered":"Secrets of Amsterdam North"},"content":{"rendered":"<p>Igra Mesta &#8216;Secrets of Amsterdam North&#8217; je samostojna igra na podlagi GPS-a, ki poteka v zgodovinskem sredi\u0161\u010du Amsterdama. S pametnim telefonom boste raziskovali mesto, medtem ko boste re\u0161evali uganke, zanke in foto izzive, ki razkrivajo skrite podrobnosti o zgodovini in kulturi Amsterdama. Ta raziskovalna igra je zasnovana tako, da tako doma\u010dinom kot obiskovalcem ponudi edinstven na\u010din odkrivanja mesta v svojem ritmu. Primerna je za samostojne igralce, pare, dru\u017eine ali skupine prijateljev, ki i\u0161\u010dejo privla\u010dno dejavnost. Igra Mesta Amsterdam ponuja prijeten in informativen na\u010din do\u017eivetja mesta skozi samostojno igro.<\/p>\n","protected":false},"excerpt":{"rendered":"<p>Odkrijte \u010dar in zna\u010daj Amsterdama! Pre\u010dkajte mesto, kjer se brez\u010dasna tradicija brezhibno prepleta s sodobnim pridihom, od mirnih hi\u0161 ob kanalu do \u017eivahnih tr\u017enic. Re\u0161ujte uganke, ko se premikate skozi njegovo \u017eivahno jedro, Amsterdam je poln o\u010darljivih odkritij na vsakem ovinku kanala!<\/p>\n","protected":false},"featured_media":5169,"template":"","meta":{"_acf_changed":false,"_yoast_wpseo_focuskw":"Secrets of Amsterdam North","_yoast_wpseo_metadesc":"Secrets of Amsterdam North. Igrajte samostojno igro Mesta in raziskujte mesto skozi uganke, zanke in izzive. Igrajte v svojem ritmu in odkrijte kot lokalec!","_kad_blocks_custom_css":"","_kad_blocks_head_custom_js":"","_kad_blocks_body_custom_js":"","_kad_blocks_footer_custom_js":"","ghostkit_customizer_options":"","ghostkit_custom_css":"","ghostkit_custom_js_head":"","ghostkit_custom_js_foot":"","ghostkit_typography":"","_kad_post_transparent":"default","_kad_post_title":"","_kad_post_layout":"default","_kad_post_sidebar_id":"","_kad_post_content_style":"default","_kad_post_vertical_padding":"default","_kad_post_feature":"","_kad_post_feature_position":"","_kad_post_header":false,"_kad_post_footer":false,"_kad_post_classname":"","_links_to":"","_links_to_target":""},"game-concept":[728],"location":[67],"product_brand":[],"product_cat":[27],"product_tag":[],"class_list":{"0":"post-60681","1":"product","2":"type-product","3":"status-publish","4":"has-post-thumbnail","6":"game-concept-secrets","7":"location-amsterdam","8":"product_cat-geen-categorie","10":"first","11":"instock","12":"shipping-taxable","13":"purchasable","14":"product-type-simple","15":"entry","16":"content-bg","17":"loop-entry"},"acf":{"full_bokun_product_name":"Self-Guided Secrets of Amsterdam North Exploration Game","location_name":"Amsterdam North","bokun_calendar_widget_code":"<script type=\"text\/javascript\" src=\"https:\/\/widgets.bokun.io\/assets\/javascripts\/apps\/build\/BokunWidgetsLoader.js?bookingChannelUUID=a1e93e96-5232-4734-a595-28405f4b5a31\" async><\/script>\n     \n    <div class=\"bokunWidget\" data-src=\"https:\/\/widgets.bokun.io\/online-sales\/a1e93e96-5232-4734-a595-28405f4b5a31\/experience-calendar\/844166\"><\/div>\n    <noscript>Please enable javascript in your browser to book<\/noscript>","bokun_button_widget_code":"<script type=\"text\/javascript\" src=\"https:\/\/widgets.bokun.io\/assets\/javascripts\/apps\/build\/BokunWidgetsLoader.js?bookingChannelUUID=a1e93e96-5232-4734-a595-28405f4b5a31\" async><\/script>\n      <style> #bokun_ed001e45_5927_4f62_b470_ca766338d083 { display: inline-block; padding: .4em 1em; background: #47b82e; border-radius: 999999px; box-shadow: none; font-weight: 600; font-size: 24px; text-decoration: none; text-align: center; color: #FFFFFF; border:none; cursor: pointer; transition: background .2s ease; } #bokun_ed001e45_5927_4f62_b470_ca766338d083:hover{ background: #2f7b1f; } #bokun_ed001e45_5927_4f62_b470_ca766338d083:active{ background: #378f24; } <\/style> <button class=\"bokunButton\" disabled id=bokun_ed001e45_5927_4f62_b470_ca766338d083 data-src=\"https:\/\/widgets.bokun.io\/online-sales\/a1e93e96-5232-4734-a595-28405f4b5a31\/experience-calendar\/844166?partialView=1\" data-testid=\"widget-book-button\" > Book now <\/button> ","what_you\u2019ll_experience_during_the_game":"Med igro Mesta v Amsterdamu Sever boste odkrivali mesto skozi me\u0161anico ogledovanja znamenitosti, pripovedovanja zgodb in interaktivnega raziskovanja. Ko se bo zgodba razvijala, boste vodeni tako do znanih lokacij kot do manj znanih koti\u010dkov, pri \u010demer se bodo me\u0161ale pomembne znamenitosti z mirnimi kanali in atmosferskimi uli\u010dicami. Na poti se boste morda sprehajali mimo zgodovinskega okro\u017eja Jordaan, uzrli veli\u010dastnost trga Dam Square ali odkrili edinstvene podrobnosti v bli\u017eini ikoni\u010dne cerkve Westerkerk. Izku\u0161nja je zasnovana tako, da vam pomaga videti Amsterdam z novimi o\u010dmi, ne glede na to, ali ga obiskujete prvi\u010d ali ga dobro poznate.\r\n\r\nMed raziskovanjem Amsterdama Sever se boste lotili razli\u010dnih privla\u010dnih izzivov, vklju\u010dno z ugankami, zankami in kreativnimi foto nalogami. Vsak uspe\u0161no re\u0161en izziv prina\u0161a to\u010dke, razkriva koristne namige in vas pribli\u017euje re\u0161itvi kon\u010dne skrivnosti, vtkane v zgodbo. Igro Mesta lahko kadar koli prekinete, kar vam omogo\u010da, da si vzamete odmore in nadaljujete, ko vam ustreza tempo. Za tiste, ki u\u017eivajo v tekmovalnosti, je na voljo lestvica najbolj\u0161ih, kjer si ekipe lahko prizadevajo za najvi\u0161ji rezultat.","how_to_play":"Rezervirajte Raziskovalno igro, preverite e-po\u0161to, ki vam jo po\u0161ljemo z enostavnimi navodili, prenesite aplikacijo Loquiz, dostopite do Raziskovalne igre in pripravljeni ste, da za\u010dnete svojo igralno izku\u0161njo!","start_location":"Amsterdam, IJpromonade","available_languages":["en"],"players_per_group":"1-4","duration":"1.5-2 hours","image_overlay_color_image":"https:\/\/testwebsite.citygame.com\/wp-content\/blogs.dir\/1\/files\/sites\/62\/2026\/01\/SecretsColor.svg","image_overlay_game_logo":"https:\/\/testwebsite.citygame.com\/wp-content\/blogs.dir\/1\/files\/sites\/62\/2026\/01\/SecretsLogo.png","city_page":4337,"woocommerce_general_content":null},"yoast_head":"<!-- This site is optimized with the Yoast SEO Premium plugin v26.2 (Yoast SEO v26.3) - https:\/\/yoast.com\/wordpress\/plugins\/seo\/ -->\n<title>Secrets of Amsterdam North - City Game<\/title>\n<meta name=\"description\" content=\"Secrets of Amsterdam North. Igrajte samostojno igro Mesta in raziskujte mesto skozi uganke, zanke in izzive. Igrajte v svojem ritmu in odkrijte kot lokalec!\" \/>\n<meta name=\"robots\" content=\"noindex, follow, max-snippet:-1, max-image-preview:large, max-video-preview:-1\" \/>\n<meta property=\"og:locale\" content=\"sl_SI\" \/>\n<meta property=\"og:type\" content=\"article\" \/>\n<meta property=\"og:title\" content=\"Secrets of Amsterdam North\" \/>\n<meta property=\"og:description\" content=\"Secrets of Amsterdam North. Igrajte samostojno igro Mesta in raziskujte mesto skozi uganke, zanke in izzive. Igrajte v svojem ritmu in odkrijte kot lokalec!\" \/>\n<meta property=\"og:url\" content=\"https:\/\/testwebsite.citygame.com\/sl\/games\/amsterdam\/secrets-of-amsterdam-north\/\" \/>\n<meta property=\"og:site_name\" content=\"City Game\" \/>\n<meta property=\"article:publisher\" content=\"https:\/\/www.facebook.com\/profile.php?id=100086426226253\" \/>\n<meta property=\"article:modified_time\" content=\"2026-04-08T06:11:59+00:00\" \/>\n<meta property=\"og:image\" content=\"https:\/\/testwebsite.citygame.com\/wp-content\/blogs.dir\/1\/files\/sites\/62\/2026\/01\/woman-playing-city-game-amsterdam-muziekgebouw-waterfront.jpg\" \/>\n\t<meta property=\"og:image:width\" content=\"1024\" \/>\n\t<meta property=\"og:image:height\" content=\"1024\" \/>\n\t<meta property=\"og:image:type\" content=\"image\/jpeg\" \/>\n<meta name=\"twitter:card\" content=\"summary_large_image\" \/>\n<script type=\"application\/ld+json\" class=\"yoast-schema-graph\">{\"@context\":\"https:\/\/schema.org\",\"@graph\":[{\"@type\":\"WebPage\",\"@id\":\"https:\/\/testwebsite.citygame.com\/sl\/games\/amsterdam\/secrets-of-amsterdam-north\/\",\"url\":\"https:\/\/testwebsite.citygame.com\/sl\/games\/amsterdam\/secrets-of-amsterdam-north\/\",\"name\":\"Secrets of Amsterdam North - City Game\",\"isPartOf\":{\"@id\":\"https:\/\/testwebsite.upevents.nl\/#website\"},\"primaryImageOfPage\":{\"@id\":\"https:\/\/testwebsite.citygame.com\/sl\/games\/amsterdam\/secrets-of-amsterdam-north\/#primaryimage\"},\"image\":{\"@id\":\"https:\/\/testwebsite.citygame.com\/sl\/games\/amsterdam\/secrets-of-amsterdam-north\/#primaryimage\"},\"thumbnailUrl\":\"https:\/\/testwebsite.citygame.com\/wp-content\/blogs.dir\/1\/files\/sites\/62\/2026\/01\/woman-playing-city-game-amsterdam-muziekgebouw-waterfront.jpg\",\"datePublished\":\"2026-01-27T14:54:58+00:00\",\"dateModified\":\"2026-04-08T06:11:59+00:00\",\"description\":\"Secrets of Amsterdam North. Igrajte samostojno igro Mesta in raziskujte mesto skozi uganke, zanke in izzive. Igrajte v svojem ritmu in odkrijte kot lokalec!\",\"breadcrumb\":{\"@id\":\"https:\/\/testwebsite.citygame.com\/sl\/games\/amsterdam\/secrets-of-amsterdam-north\/#breadcrumb\"},\"inLanguage\":\"sl-SI\",\"potentialAction\":[{\"@type\":\"ReadAction\",\"target\":[\"https:\/\/testwebsite.citygame.com\/sl\/games\/amsterdam\/secrets-of-amsterdam-north\/\"]}]},{\"@type\":\"ImageObject\",\"inLanguage\":\"sl-SI\",\"@id\":\"https:\/\/testwebsite.citygame.com\/sl\/games\/amsterdam\/secrets-of-amsterdam-north\/#primaryimage\",\"url\":\"https:\/\/testwebsite.citygame.com\/wp-content\/blogs.dir\/1\/files\/sites\/62\/2026\/01\/woman-playing-city-game-amsterdam-muziekgebouw-waterfront.jpg\",\"contentUrl\":\"https:\/\/testwebsite.citygame.com\/wp-content\/blogs.dir\/1\/files\/sites\/62\/2026\/01\/woman-playing-city-game-amsterdam-muziekgebouw-waterfront.jpg\",\"width\":1024,\"height\":1024,\"caption\":\"A person plays an outdoor game on their smartphone along the IJ waterfront in Amsterdam.\"},{\"@type\":\"BreadcrumbList\",\"@id\":\"https:\/\/testwebsite.citygame.com\/sl\/games\/amsterdam\/secrets-of-amsterdam-north\/#breadcrumb\",\"itemListElement\":[{\"@type\":\"ListItem\",\"position\":1,\"name\":\"Home\",\"item\":\"https:\/\/testwebsite.citygame.com\/sl\/\"},{\"@type\":\"ListItem\",\"position\":2,\"name\":\"Shop\",\"item\":\"https:\/\/testwebsite.citygame.com\/shop\/\"},{\"@type\":\"ListItem\",\"position\":3,\"name\":\"Secrets of Amsterdam North\"}]},{\"@type\":\"WebSite\",\"@id\":\"https:\/\/testwebsite.upevents.nl\/#website\",\"url\":\"https:\/\/testwebsite.upevents.nl\/\",\"name\":\"City Game\",\"description\":\"\",\"publisher\":{\"@id\":\"https:\/\/testwebsite.upevents.nl\/#organization\"},\"alternateName\":\"citygame.com\",\"potentialAction\":[{\"@type\":\"SearchAction\",\"target\":{\"@type\":\"EntryPoint\",\"urlTemplate\":\"https:\/\/testwebsite.upevents.nl\/?s={search_term_string}\"},\"query-input\":{\"@type\":\"PropertyValueSpecification\",\"valueRequired\":true,\"valueName\":\"search_term_string\"}}],\"inLanguage\":\"sl-SI\"},{\"@type\":[\"Organization\",\"Place\"],\"@id\":\"https:\/\/testwebsite.upevents.nl\/#organization\",\"name\":\"City Game\",\"alternateName\":\"citygame.com\",\"url\":\"https:\/\/testwebsite.upevents.nl\/\",\"logo\":{\"@id\":\"https:\/\/testwebsite.citygame.com\/sl\/games\/amsterdam\/secrets-of-amsterdam-north\/#local-main-organization-logo\"},\"image\":{\"@id\":\"https:\/\/testwebsite.citygame.com\/sl\/games\/amsterdam\/secrets-of-amsterdam-north\/#local-main-organization-logo\"},\"sameAs\":[\"https:\/\/www.facebook.com\/profile.php?id=100086426226253\",\"https:\/\/www.instagram.com\/citygame_com\",\"https:\/\/www.tiktok.com\/@citygamecom\/\",\"https:\/\/www.linkedin.com\/company\/citygame-com\"],\"description\":\"Turn any city into a playground with our interactive City Games and self-guided tours. Fun, flexible, and ideal for groups and team building.\",\"telephone\":[],\"openingHoursSpecification\":[{\"@type\":\"OpeningHoursSpecification\",\"dayOfWeek\":[\"Monday\",\"Tuesday\",\"Wednesday\",\"Thursday\",\"Friday\",\"Saturday\",\"Sunday\"],\"opens\":\"09:00\",\"closes\":\"17:00\"}]},{\"@type\":\"ImageObject\",\"inLanguage\":\"sl-SI\",\"@id\":\"https:\/\/testwebsite.citygame.com\/sl\/games\/amsterdam\/secrets-of-amsterdam-north\/#local-main-organization-logo\",\"url\":\"https:\/\/testwebsite.citygame.com\/wp-content\/blogs.dir\/1\/files\/sites\/62\/2025\/10\/CG_LOGO-City-Game.png\",\"contentUrl\":\"https:\/\/testwebsite.citygame.com\/wp-content\/blogs.dir\/1\/files\/sites\/62\/2025\/10\/CG_LOGO-City-Game.png\",\"width\":351,\"height\":377,\"caption\":\"City Game\"}]}<\/script>\n<!-- \/ Yoast SEO Premium plugin. -->","yoast_head_json":{"title":"Secrets of Amsterdam North - City Game","description":"Secrets of Amsterdam North. Igrajte samostojno igro Mesta in raziskujte mesto skozi uganke, zanke in izzive. Igrajte v svojem ritmu in odkrijte kot lokalec!","robots":{"index":"noindex","follow":"follow","max-snippet":"max-snippet:-1","max-image-preview":"max-image-preview:large","max-video-preview":"max-video-preview:-1"},"og_locale":"sl_SI","og_type":"article","og_title":"Secrets of Amsterdam North","og_description":"Secrets of Amsterdam North. Igrajte samostojno igro Mesta in raziskujte mesto skozi uganke, zanke in izzive. Igrajte v svojem ritmu in odkrijte kot lokalec!","og_url":"https:\/\/testwebsite.citygame.com\/sl\/games\/amsterdam\/secrets-of-amsterdam-north\/","og_site_name":"City Game","article_publisher":"https:\/\/www.facebook.com\/profile.php?id=100086426226253","article_modified_time":"2026-04-08T06:11:59+00:00","og_image":[{"width":1024,"height":1024,"url":"https:\/\/testwebsite.citygame.com\/wp-content\/blogs.dir\/1\/files\/sites\/62\/2026\/01\/woman-playing-city-game-amsterdam-muziekgebouw-waterfront.jpg","type":"image\/jpeg"}],"twitter_card":"summary_large_image","schema":{"@context":"https:\/\/schema.org","@graph":[{"@type":"WebPage","@id":"https:\/\/testwebsite.citygame.com\/sl\/games\/amsterdam\/secrets-of-amsterdam-north\/","url":"https:\/\/testwebsite.citygame.com\/sl\/games\/amsterdam\/secrets-of-amsterdam-north\/","name":"Secrets of Amsterdam North - City Game","isPartOf":{"@id":"https:\/\/testwebsite.upevents.nl\/#website"},"primaryImageOfPage":{"@id":"https:\/\/testwebsite.citygame.com\/sl\/games\/amsterdam\/secrets-of-amsterdam-north\/#primaryimage"},"image":{"@id":"https:\/\/testwebsite.citygame.com\/sl\/games\/amsterdam\/secrets-of-amsterdam-north\/#primaryimage"},"thumbnailUrl":"https:\/\/testwebsite.citygame.com\/wp-content\/blogs.dir\/1\/files\/sites\/62\/2026\/01\/woman-playing-city-game-amsterdam-muziekgebouw-waterfront.jpg","datePublished":"2026-01-27T14:54:58+00:00","dateModified":"2026-04-08T06:11:59+00:00","description":"Secrets of Amsterdam North. Igrajte samostojno igro Mesta in raziskujte mesto skozi uganke, zanke in izzive. Igrajte v svojem ritmu in odkrijte kot lokalec!","breadcrumb":{"@id":"https:\/\/testwebsite.citygame.com\/sl\/games\/amsterdam\/secrets-of-amsterdam-north\/#breadcrumb"},"inLanguage":"sl-SI","potentialAction":[{"@type":"ReadAction","target":["https:\/\/testwebsite.citygame.com\/sl\/games\/amsterdam\/secrets-of-amsterdam-north\/"]}]},{"@type":"ImageObject","inLanguage":"sl-SI","@id":"https:\/\/testwebsite.citygame.com\/sl\/games\/amsterdam\/secrets-of-amsterdam-north\/#primaryimage","url":"https:\/\/testwebsite.citygame.com\/wp-content\/blogs.dir\/1\/files\/sites\/62\/2026\/01\/woman-playing-city-game-amsterdam-muziekgebouw-waterfront.jpg","contentUrl":"https:\/\/testwebsite.citygame.com\/wp-content\/blogs.dir\/1\/files\/sites\/62\/2026\/01\/woman-playing-city-game-amsterdam-muziekgebouw-waterfront.jpg","width":1024,"height":1024,"caption":"A person plays an outdoor game on their smartphone along the IJ waterfront in Amsterdam."},{"@type":"BreadcrumbList","@id":"https:\/\/testwebsite.citygame.com\/sl\/games\/amsterdam\/secrets-of-amsterdam-north\/#breadcrumb","itemListElement":[{"@type":"ListItem","position":1,"name":"Home","item":"https:\/\/testwebsite.citygame.com\/sl\/"},{"@type":"ListItem","position":2,"name":"Shop","item":"https:\/\/testwebsite.citygame.com\/shop\/"},{"@type":"ListItem","position":3,"name":"Secrets of Amsterdam North"}]},{"@type":"WebSite","@id":"https:\/\/testwebsite.upevents.nl\/#website","url":"https:\/\/testwebsite.upevents.nl\/","name":"City Game","description":"","publisher":{"@id":"https:\/\/testwebsite.upevents.nl\/#organization"},"alternateName":"citygame.com","potentialAction":[{"@type":"SearchAction","target":{"@type":"EntryPoint","urlTemplate":"https:\/\/testwebsite.upevents.nl\/?s={search_term_string}"},"query-input":{"@type":"PropertyValueSpecification","valueRequired":true,"valueName":"search_term_string"}}],"inLanguage":"sl-SI"},{"@type":["Organization","Place"],"@id":"https:\/\/testwebsite.upevents.nl\/#organization","name":"City Game","alternateName":"citygame.com","url":"https:\/\/testwebsite.upevents.nl\/","logo":{"@id":"https:\/\/testwebsite.citygame.com\/sl\/games\/amsterdam\/secrets-of-amsterdam-north\/#local-main-organization-logo"},"image":{"@id":"https:\/\/testwebsite.citygame.com\/sl\/games\/amsterdam\/secrets-of-amsterdam-north\/#local-main-organization-logo"},"sameAs":["https:\/\/www.facebook.com\/profile.php?id=100086426226253","https:\/\/www.instagram.com\/citygame_com","https:\/\/www.tiktok.com\/@citygamecom\/","https:\/\/www.linkedin.com\/company\/citygame-com"],"description":"Turn any city into a playground with our interactive City Games and self-guided tours. Fun, flexible, and ideal for groups and team building.","telephone":[],"openingHoursSpecification":[{"@type":"OpeningHoursSpecification","dayOfWeek":["Monday","Tuesday","Wednesday","Thursday","Friday","Saturday","Sunday"],"opens":"09:00","closes":"17:00"}]},{"@type":"ImageObject","inLanguage":"sl-SI","@id":"https:\/\/testwebsite.citygame.com\/sl\/games\/amsterdam\/secrets-of-amsterdam-north\/#local-main-organization-logo","url":"https:\/\/testwebsite.citygame.com\/wp-content\/blogs.dir\/1\/files\/sites\/62\/2025\/10\/CG_LOGO-City-Game.png","contentUrl":"https:\/\/testwebsite.citygame.com\/wp-content\/blogs.dir\/1\/files\/sites\/62\/2025\/10\/CG_LOGO-City-Game.png","width":351,"height":377,"caption":"City Game"}]}},"taxonomy_info":{"game-concept":[{"value":728,"label":"Secrets"}],"location":[{"value":67,"label":"Amsterdam"}],"product_cat":[{"value":27,"label":"Geen categorie"}]},"featured_image_src_large":["https:\/\/testwebsite.citygame.com\/wp-content\/blogs.dir\/1\/files\/sites\/62\/2026\/01\/woman-playing-city-game-amsterdam-muziekgebouw-waterfront.jpg",1024,1024,false],"author_info":[],"comment_info":"","_links":{"self":[{"href":"https:\/\/testwebsite.citygame.com\/sl\/wp-json\/wp\/v2\/product\/60681","targetHints":{"allow":["GET"]}}],"collection":[{"href":"https:\/\/testwebsite.citygame.com\/sl\/wp-json\/wp\/v2\/product"}],"about":[{"href":"https:\/\/testwebsite.citygame.com\/sl\/wp-json\/wp\/v2\/types\/product"}],"acf:post":[{"embeddable":true,"href":"https:\/\/testwebsite.citygame.com\/sl\/wp-json\/wp\/v2\/pages\/4337"}],"wp:featuredmedia":[{"embeddable":true,"href":"https:\/\/testwebsite.citygame.com\/sl\/wp-json\/wp\/v2\/media\/5169"}],"wp:attachment":[{"href":"https:\/\/testwebsite.citygame.com\/sl\/wp-json\/wp\/v2\/media?parent=60681"}],"wp:term":[{"taxonomy":"game-concept","embeddable":true,"href":"https:\/\/testwebsite.citygame.com\/sl\/wp-json\/wp\/v2\/game-concept?post=60681"},{"taxonomy":"location","embeddable":true,"href":"https:\/\/testwebsite.citygame.com\/sl\/wp-json\/wp\/v2\/location?post=60681"},{"taxonomy":"product_brand","embeddable":true,"href":"https:\/\/testwebsite.citygame.com\/sl\/wp-json\/wp\/v2\/product_brand?post=60681"},{"taxonomy":"product_cat","embeddable":true,"href":"https:\/\/testwebsite.citygame.com\/sl\/wp-json\/wp\/v2\/product_cat?post=60681"},{"taxonomy":"product_tag","embeddable":true,"href":"https:\/\/testwebsite.citygame.com\/sl\/wp-json\/wp\/v2\/product_tag?post=60681"}],"curies":[{"name":"wp","href":"https:\/\/api.w.org\/{rel}","templated":true}]}}