{"id":60398,"date":"2026-03-12T16:03:45","date_gmt":"2026-03-12T16:03:45","guid":{"rendered":"https:\/\/testwebsite.citygame.com\/games\/unknown-location\/secrets-of-marbella\/"},"modified":"2026-04-08T05:41:47","modified_gmt":"2026-04-08T05:41:47","slug":"secrets-of-marbella","status":"publish","type":"product","link":"https:\/\/testwebsite.citygame.com\/sl\/games\/marbella\/secrets-of-marbella\/","title":{"rendered":"Secrets of Marbella"},"content":{"rendered":"<p>Raziskujte Marbello kot \u0161e nikoli prej s samovodeno igro &#8216;Secrets of Marbella&#8217; City Game, ki temelji na GPS-u. Ta privla\u010dna raziskovalna igra vas bo vodila skozi sredi\u0161\u010de Marbelle, pri \u010demer boste s pametnim telefonom re\u0161evali zanimive uganke, zagonetke in zabavne foto izzive. Mesto boste spremenili v svoje igri\u0161\u010de in pri tem odkrili ne le slikovite to\u010dke, temve\u010d tudi skrite podrobnosti o edinstveni kulturi in bogati zgodovini Marbelle. Ne glede na to, ali ste doma\u010din ali obiskovalec, samostojni igralec ali skupina prijateljev, ta mestna igra ponuja sve\u017eo perspektivo na Marbello in je odli\u010dna za vse, ki jih zanima interaktivna mestna izku\u0161nja. Ne glede na to, ali potujete sami, s partnerjem ali kot del dru\u017eine ali skupine, &#8216;Secrets of Marbella&#8217; City Game obljublja privla\u010den na\u010din raziskovanja in spoznavanja mesta.<\/p>\n","protected":false},"excerpt":{"rendered":"<p>Odkrijte skrivnosti in veli\u010dastnost Marbelle! Potopite se v mesto, kjer se zgodovina sre\u010da z razko\u0161jem, od starodavnih mavrskih gradov do ble\u0161\u010de\u010dih jaht. Razbijte kode, ko pre\u010dkate njene son\u010dne ulice, Marbella je neskon\u010dna pustolov\u0161\u010dina, ki \u010daka, da se razkrije!<\/p>\n","protected":false},"featured_media":18293,"template":"","meta":{"_acf_changed":false,"_yoast_wpseo_focuskw":"Secrets of Marbella","_yoast_wpseo_metadesc":"Secrets of Marbella. Igrajte samovodeno igro Raziskovanja mesta in raziskujte mesto skozi uganke, zagonetke in izzive. Igrajte v svojem tempu in odkrivajte kot lokalec!","_kad_blocks_custom_css":"","_kad_blocks_head_custom_js":"","_kad_blocks_body_custom_js":"","_kad_blocks_footer_custom_js":"","ghostkit_customizer_options":"","ghostkit_custom_css":"","ghostkit_custom_js_head":"","ghostkit_custom_js_foot":"","ghostkit_typography":"","_kad_post_transparent":"","_kad_post_title":"","_kad_post_layout":"","_kad_post_sidebar_id":"","_kad_post_content_style":"","_kad_post_vertical_padding":"","_kad_post_feature":"","_kad_post_feature_position":"","_kad_post_header":false,"_kad_post_footer":false,"_kad_post_classname":"","_links_to":"","_links_to_target":""},"game-concept":[728],"location":[268],"product_brand":[],"product_cat":[27],"product_tag":[],"class_list":{"0":"post-60398","1":"product","2":"type-product","3":"status-publish","4":"has-post-thumbnail","6":"game-concept-secrets","7":"location-marbella","8":"product_cat-geen-categorie","10":"first","11":"instock","12":"shipping-taxable","13":"purchasable","14":"product-type-simple","15":"entry","16":"content-bg","17":"loop-entry"},"acf":{"full_bokun_product_name":"Self-Guided Secrets of Marbella Exploration Game","location_name":"Marbella","bokun_calendar_widget_code":"<script type=\"text\/javascript\" src=\"https:\/\/widgets.bokun.io\/assets\/javascripts\/apps\/build\/BokunWidgetsLoader.js?bookingChannelUUID=a1e93e96-5232-4734-a595-28405f4b5a31\" async><\/script>\n     \n    <div class=\"bokunWidget\" data-src=\"https:\/\/widgets.bokun.io\/online-sales\/a1e93e96-5232-4734-a595-28405f4b5a31\/experience-calendar\/828181\"><\/div>\n    <noscript>Please enable javascript in your browser to book<\/noscript>","bokun_button_widget_code":"<script type=\"text\/javascript\" src=\"https:\/\/widgets.bokun.io\/assets\/javascripts\/apps\/build\/BokunWidgetsLoader.js?bookingChannelUUID=a1e93e96-5232-4734-a595-28405f4b5a31\" async><\/script>\n      <style> #bokun_ed001e45_5927_4f62_b470_ca766338d083 { display: inline-block; padding: .4em 1em; background: #47b82e; border-radius: 999999px; box-shadow: none; font-weight: 600; font-size: 24px; text-decoration: none; text-align: center; color: #FFFFFF; border:none; cursor: pointer; transition: background .2s ease; } #bokun_ed001e45_5927_4f62_b470_ca766338d083:hover{ background: #2f7b1f; } #bokun_ed001e45_5927_4f62_b470_ca766338d083:active{ background: #378f24; } <\/style> <button class=\"bokunButton\" disabled id=bokun_ed001e45_5927_4f62_b470_ca766338d083 data-src=\"https:\/\/widgets.bokun.io\/online-sales\/a1e93e96-5232-4734-a595-28405f4b5a31\/experience-calendar\/828181?partialView=1\" data-testid=\"widget-book-button\" > Book now <\/button> ","what_you\u2019ll_experience_during_the_game":"Ko vstopite v igro, boste odkrili Skrivnosti Marbelle, popolno me\u0161anico klasi\u010dnega ogledovanja znamenitosti in domiselnega pripovedovanja zgodb, obogatenega z privla\u010dnimi interaktivnimi izzivi. Vodeni skozi tako znane predele kot tudi skrite dragulje Marbelle, se bodo igralci sre\u010dali z avtenti\u010dnim prikazom mesta. Podajte se na potovanje, ki vas bo popeljalo na son\u010dne pla\u017ee, v slikovito Staro mesto z njegovimi o\u010darljivimi ozkimi ulicami in v razko\u0161je Puerto Ban\u00fasa, vse skupaj brezhibno vtkano v pripoved va\u0161e pustolov\u0161\u010dine. To ni le igra Raziskovanja mesta; to je raziskovalna igra, prepletena z lokalno zgodovino in znamenitostmi, ki \u010dakajo na odkritje.\n\nKo se boste poglobili v igro, se boste zna\u0161li v labirintu ugank in zagonetk ter se spopadli z vpra\u0161anji, ki spodbujajo razmi\u0161ljanje, in privla\u010dnimi foto izzivi. To je igra spretnosti in re\u0161evanja problemov, kjer igralci tekmujejo za zbiranje to\u010dk, odklepanje dragocenih namigov in napredovanje v svoji misiji re\u0161evanja kon\u010dne, vznemirljive skrivnosti. Zasnova igre vam omogo\u010da, da se udobno ustavite kadar koli in nadaljujete po lastni \u017eelji, zaradi \u010desar je idealna izbira za tiste, ki i\u0161\u010dejo prilagodljivo, a poglobljeno izku\u0161njo. Tekmovalni igralci ali ekipe imajo prilo\u017enost, da si prizadevajo za vodilni polo\u017eaj na lestvici najbolj\u0161ih, kar dodaja dodatno raven razburjenja. Skrivnosti Marbelle \u010dakajo, da se poglobite v njeno uganko.","how_to_play":"Rezervirajte igro Raziskovanja, preverite e-po\u0161to, ki vam jo po\u0161ljemo z enostavnimi navodili, prenesite aplikacijo Loquiz, dostopite do igre Raziskovanja in ste pripravljeni za\u010deti svojo igralno izku\u0161njo!","start_location":"Marbella, Plaza de los Naranjos","available_languages":["en"],"players_per_group":"1-4","duration":"1.5-2 hours","image_overlay_color_image":"https:\/\/testwebsite.citygame.com\/wp-content\/blogs.dir\/1\/files\/sites\/62\/2026\/01\/SecretsColor.svg","image_overlay_game_logo":"https:\/\/testwebsite.citygame.com\/wp-content\/blogs.dir\/1\/files\/sites\/62\/2026\/01\/SecretsLogo.png","city_page":13285,"woocommerce_general_content":null},"yoast_head":"<!-- This site is optimized with the Yoast SEO Premium plugin v26.2 (Yoast SEO v26.3) - https:\/\/yoast.com\/wordpress\/plugins\/seo\/ -->\n<title>Secrets of Marbella - City Game<\/title>\n<meta name=\"description\" content=\"Secrets of Marbella. Igrajte samovodeno igro Raziskovanja mesta in raziskujte mesto skozi uganke, zagonetke in izzive. Igrajte v svojem tempu in odkrivajte kot lokalec!\" \/>\n<meta name=\"robots\" content=\"noindex, follow, max-snippet:-1, max-image-preview:large, max-video-preview:-1\" \/>\n<meta property=\"og:locale\" content=\"sl_SI\" \/>\n<meta property=\"og:type\" content=\"article\" \/>\n<meta property=\"og:title\" content=\"Secrets of Marbella\" \/>\n<meta property=\"og:description\" content=\"Secrets of Marbella. Igrajte samovodeno igro Raziskovanja mesta in raziskujte mesto skozi uganke, zagonetke in izzive. Igrajte v svojem tempu in odkrivajte kot lokalec!\" \/>\n<meta property=\"og:url\" content=\"https:\/\/testwebsite.citygame.com\/sl\/games\/marbella\/secrets-of-marbella\/\" \/>\n<meta property=\"og:site_name\" content=\"City Game\" \/>\n<meta property=\"article:publisher\" content=\"https:\/\/www.facebook.com\/profile.php?id=100086426226253\" \/>\n<meta property=\"article:modified_time\" content=\"2026-04-08T05:41:47+00:00\" \/>\n<meta property=\"og:image\" content=\"https:\/\/testwebsite.citygame.com\/wp-content\/blogs.dir\/1\/files\/sites\/62\/2026\/03\/marbella-players-city-game-old-town.jpg\" \/>\n\t<meta property=\"og:image:width\" content=\"1024\" \/>\n\t<meta property=\"og:image:height\" content=\"1024\" \/>\n\t<meta property=\"og:image:type\" content=\"image\/jpeg\" \/>\n<meta name=\"twitter:card\" content=\"summary_large_image\" \/>\n<meta name=\"twitter:label1\" content=\"Est. reading time\" \/>\n\t<meta name=\"twitter:data1\" content=\"1 minuta\" \/>\n<script type=\"application\/ld+json\" class=\"yoast-schema-graph\">{\"@context\":\"https:\/\/schema.org\",\"@graph\":[{\"@type\":\"WebPage\",\"@id\":\"https:\/\/testwebsite.citygame.com\/sl\/games\/marbella\/secrets-of-marbella\/\",\"url\":\"https:\/\/testwebsite.citygame.com\/sl\/games\/marbella\/secrets-of-marbella\/\",\"name\":\"Secrets of Marbella - City Game\",\"isPartOf\":{\"@id\":\"https:\/\/testwebsite.upevents.nl\/#website\"},\"primaryImageOfPage\":{\"@id\":\"https:\/\/testwebsite.citygame.com\/sl\/games\/marbella\/secrets-of-marbella\/#primaryimage\"},\"image\":{\"@id\":\"https:\/\/testwebsite.citygame.com\/sl\/games\/marbella\/secrets-of-marbella\/#primaryimage\"},\"thumbnailUrl\":\"https:\/\/testwebsite.citygame.com\/wp-content\/blogs.dir\/1\/files\/sites\/62\/2026\/03\/marbella-players-city-game-old-town.jpg\",\"datePublished\":\"2026-03-12T16:03:45+00:00\",\"dateModified\":\"2026-04-08T05:41:47+00:00\",\"description\":\"Secrets of Marbella. Igrajte samovodeno igro Raziskovanja mesta in raziskujte mesto skozi uganke, zagonetke in izzive. Igrajte v svojem tempu in odkrivajte kot lokalec!\",\"breadcrumb\":{\"@id\":\"https:\/\/testwebsite.citygame.com\/sl\/games\/marbella\/secrets-of-marbella\/#breadcrumb\"},\"inLanguage\":\"sl-SI\",\"potentialAction\":[{\"@type\":\"ReadAction\",\"target\":[\"https:\/\/testwebsite.citygame.com\/sl\/games\/marbella\/secrets-of-marbella\/\"]}]},{\"@type\":\"ImageObject\",\"inLanguage\":\"sl-SI\",\"@id\":\"https:\/\/testwebsite.citygame.com\/sl\/games\/marbella\/secrets-of-marbella\/#primaryimage\",\"url\":\"https:\/\/testwebsite.citygame.com\/wp-content\/blogs.dir\/1\/files\/sites\/62\/2026\/03\/marbella-players-city-game-old-town.jpg\",\"contentUrl\":\"https:\/\/testwebsite.citygame.com\/wp-content\/blogs.dir\/1\/files\/sites\/62\/2026\/03\/marbella-players-city-game-old-town.jpg\",\"width\":1024,\"height\":1024,\"caption\":\"A group of young people explore the charming cobblestone streets of Marbella's Old Town.\"},{\"@type\":\"BreadcrumbList\",\"@id\":\"https:\/\/testwebsite.citygame.com\/sl\/games\/marbella\/secrets-of-marbella\/#breadcrumb\",\"itemListElement\":[{\"@type\":\"ListItem\",\"position\":1,\"name\":\"Home\",\"item\":\"https:\/\/testwebsite.citygame.com\/sl\/\"},{\"@type\":\"ListItem\",\"position\":2,\"name\":\"Shop\",\"item\":\"https:\/\/testwebsite.citygame.com\/shop\/\"},{\"@type\":\"ListItem\",\"position\":3,\"name\":\"Secrets of Marbella\"}]},{\"@type\":\"WebSite\",\"@id\":\"https:\/\/testwebsite.upevents.nl\/#website\",\"url\":\"https:\/\/testwebsite.upevents.nl\/\",\"name\":\"City Game\",\"description\":\"\",\"publisher\":{\"@id\":\"https:\/\/testwebsite.upevents.nl\/#organization\"},\"alternateName\":\"citygame.com\",\"potentialAction\":[{\"@type\":\"SearchAction\",\"target\":{\"@type\":\"EntryPoint\",\"urlTemplate\":\"https:\/\/testwebsite.upevents.nl\/?s={search_term_string}\"},\"query-input\":{\"@type\":\"PropertyValueSpecification\",\"valueRequired\":true,\"valueName\":\"search_term_string\"}}],\"inLanguage\":\"sl-SI\"},{\"@type\":[\"Organization\",\"Place\"],\"@id\":\"https:\/\/testwebsite.upevents.nl\/#organization\",\"name\":\"City Game\",\"alternateName\":\"citygame.com\",\"url\":\"https:\/\/testwebsite.upevents.nl\/\",\"logo\":{\"@id\":\"https:\/\/testwebsite.citygame.com\/sl\/games\/marbella\/secrets-of-marbella\/#local-main-organization-logo\"},\"image\":{\"@id\":\"https:\/\/testwebsite.citygame.com\/sl\/games\/marbella\/secrets-of-marbella\/#local-main-organization-logo\"},\"sameAs\":[\"https:\/\/www.facebook.com\/profile.php?id=100086426226253\",\"https:\/\/www.instagram.com\/citygame_com\",\"https:\/\/www.tiktok.com\/@citygamecom\/\",\"https:\/\/www.linkedin.com\/company\/citygame-com\"],\"description\":\"Turn any city into a playground with our interactive City Games and self-guided tours. Fun, flexible, and ideal for groups and team building.\",\"telephone\":[],\"openingHoursSpecification\":[{\"@type\":\"OpeningHoursSpecification\",\"dayOfWeek\":[\"Monday\",\"Tuesday\",\"Wednesday\",\"Thursday\",\"Friday\",\"Saturday\",\"Sunday\"],\"opens\":\"09:00\",\"closes\":\"17:00\"}]},{\"@type\":\"ImageObject\",\"inLanguage\":\"sl-SI\",\"@id\":\"https:\/\/testwebsite.citygame.com\/sl\/games\/marbella\/secrets-of-marbella\/#local-main-organization-logo\",\"url\":\"https:\/\/testwebsite.citygame.com\/wp-content\/blogs.dir\/1\/files\/sites\/62\/2025\/10\/CG_LOGO-City-Game.png\",\"contentUrl\":\"https:\/\/testwebsite.citygame.com\/wp-content\/blogs.dir\/1\/files\/sites\/62\/2025\/10\/CG_LOGO-City-Game.png\",\"width\":351,\"height\":377,\"caption\":\"City Game\"}]}<\/script>\n<!-- \/ Yoast SEO Premium plugin. -->","yoast_head_json":{"title":"Secrets of Marbella - City Game","description":"Secrets of Marbella. Igrajte samovodeno igro Raziskovanja mesta in raziskujte mesto skozi uganke, zagonetke in izzive. Igrajte v svojem tempu in odkrivajte kot lokalec!","robots":{"index":"noindex","follow":"follow","max-snippet":"max-snippet:-1","max-image-preview":"max-image-preview:large","max-video-preview":"max-video-preview:-1"},"og_locale":"sl_SI","og_type":"article","og_title":"Secrets of Marbella","og_description":"Secrets of Marbella. Igrajte samovodeno igro Raziskovanja mesta in raziskujte mesto skozi uganke, zagonetke in izzive. Igrajte v svojem tempu in odkrivajte kot lokalec!","og_url":"https:\/\/testwebsite.citygame.com\/sl\/games\/marbella\/secrets-of-marbella\/","og_site_name":"City Game","article_publisher":"https:\/\/www.facebook.com\/profile.php?id=100086426226253","article_modified_time":"2026-04-08T05:41:47+00:00","og_image":[{"width":1024,"height":1024,"url":"https:\/\/testwebsite.citygame.com\/wp-content\/blogs.dir\/1\/files\/sites\/62\/2026\/03\/marbella-players-city-game-old-town.jpg","type":"image\/jpeg"}],"twitter_card":"summary_large_image","twitter_misc":{"Est. reading time":"1 minuta"},"schema":{"@context":"https:\/\/schema.org","@graph":[{"@type":"WebPage","@id":"https:\/\/testwebsite.citygame.com\/sl\/games\/marbella\/secrets-of-marbella\/","url":"https:\/\/testwebsite.citygame.com\/sl\/games\/marbella\/secrets-of-marbella\/","name":"Secrets of Marbella - City Game","isPartOf":{"@id":"https:\/\/testwebsite.upevents.nl\/#website"},"primaryImageOfPage":{"@id":"https:\/\/testwebsite.citygame.com\/sl\/games\/marbella\/secrets-of-marbella\/#primaryimage"},"image":{"@id":"https:\/\/testwebsite.citygame.com\/sl\/games\/marbella\/secrets-of-marbella\/#primaryimage"},"thumbnailUrl":"https:\/\/testwebsite.citygame.com\/wp-content\/blogs.dir\/1\/files\/sites\/62\/2026\/03\/marbella-players-city-game-old-town.jpg","datePublished":"2026-03-12T16:03:45+00:00","dateModified":"2026-04-08T05:41:47+00:00","description":"Secrets of Marbella. Igrajte samovodeno igro Raziskovanja mesta in raziskujte mesto skozi uganke, zagonetke in izzive. Igrajte v svojem tempu in odkrivajte kot lokalec!","breadcrumb":{"@id":"https:\/\/testwebsite.citygame.com\/sl\/games\/marbella\/secrets-of-marbella\/#breadcrumb"},"inLanguage":"sl-SI","potentialAction":[{"@type":"ReadAction","target":["https:\/\/testwebsite.citygame.com\/sl\/games\/marbella\/secrets-of-marbella\/"]}]},{"@type":"ImageObject","inLanguage":"sl-SI","@id":"https:\/\/testwebsite.citygame.com\/sl\/games\/marbella\/secrets-of-marbella\/#primaryimage","url":"https:\/\/testwebsite.citygame.com\/wp-content\/blogs.dir\/1\/files\/sites\/62\/2026\/03\/marbella-players-city-game-old-town.jpg","contentUrl":"https:\/\/testwebsite.citygame.com\/wp-content\/blogs.dir\/1\/files\/sites\/62\/2026\/03\/marbella-players-city-game-old-town.jpg","width":1024,"height":1024,"caption":"A group of young people explore the charming cobblestone streets of Marbella's Old Town."},{"@type":"BreadcrumbList","@id":"https:\/\/testwebsite.citygame.com\/sl\/games\/marbella\/secrets-of-marbella\/#breadcrumb","itemListElement":[{"@type":"ListItem","position":1,"name":"Home","item":"https:\/\/testwebsite.citygame.com\/sl\/"},{"@type":"ListItem","position":2,"name":"Shop","item":"https:\/\/testwebsite.citygame.com\/shop\/"},{"@type":"ListItem","position":3,"name":"Secrets of Marbella"}]},{"@type":"WebSite","@id":"https:\/\/testwebsite.upevents.nl\/#website","url":"https:\/\/testwebsite.upevents.nl\/","name":"City Game","description":"","publisher":{"@id":"https:\/\/testwebsite.upevents.nl\/#organization"},"alternateName":"citygame.com","potentialAction":[{"@type":"SearchAction","target":{"@type":"EntryPoint","urlTemplate":"https:\/\/testwebsite.upevents.nl\/?s={search_term_string}"},"query-input":{"@type":"PropertyValueSpecification","valueRequired":true,"valueName":"search_term_string"}}],"inLanguage":"sl-SI"},{"@type":["Organization","Place"],"@id":"https:\/\/testwebsite.upevents.nl\/#organization","name":"City Game","alternateName":"citygame.com","url":"https:\/\/testwebsite.upevents.nl\/","logo":{"@id":"https:\/\/testwebsite.citygame.com\/sl\/games\/marbella\/secrets-of-marbella\/#local-main-organization-logo"},"image":{"@id":"https:\/\/testwebsite.citygame.com\/sl\/games\/marbella\/secrets-of-marbella\/#local-main-organization-logo"},"sameAs":["https:\/\/www.facebook.com\/profile.php?id=100086426226253","https:\/\/www.instagram.com\/citygame_com","https:\/\/www.tiktok.com\/@citygamecom\/","https:\/\/www.linkedin.com\/company\/citygame-com"],"description":"Turn any city into a playground with our interactive City Games and self-guided tours. Fun, flexible, and ideal for groups and team building.","telephone":[],"openingHoursSpecification":[{"@type":"OpeningHoursSpecification","dayOfWeek":["Monday","Tuesday","Wednesday","Thursday","Friday","Saturday","Sunday"],"opens":"09:00","closes":"17:00"}]},{"@type":"ImageObject","inLanguage":"sl-SI","@id":"https:\/\/testwebsite.citygame.com\/sl\/games\/marbella\/secrets-of-marbella\/#local-main-organization-logo","url":"https:\/\/testwebsite.citygame.com\/wp-content\/blogs.dir\/1\/files\/sites\/62\/2025\/10\/CG_LOGO-City-Game.png","contentUrl":"https:\/\/testwebsite.citygame.com\/wp-content\/blogs.dir\/1\/files\/sites\/62\/2025\/10\/CG_LOGO-City-Game.png","width":351,"height":377,"caption":"City Game"}]}},"taxonomy_info":{"game-concept":[{"value":728,"label":"Secrets"}],"location":[{"value":268,"label":"Marbella"}],"product_cat":[{"value":27,"label":"Geen categorie"}]},"featured_image_src_large":["https:\/\/testwebsite.citygame.com\/wp-content\/blogs.dir\/1\/files\/sites\/62\/2026\/03\/marbella-players-city-game-old-town.jpg",1024,1024,false],"author_info":[],"comment_info":"","_links":{"self":[{"href":"https:\/\/testwebsite.citygame.com\/sl\/wp-json\/wp\/v2\/product\/60398","targetHints":{"allow":["GET"]}}],"collection":[{"href":"https:\/\/testwebsite.citygame.com\/sl\/wp-json\/wp\/v2\/product"}],"about":[{"href":"https:\/\/testwebsite.citygame.com\/sl\/wp-json\/wp\/v2\/types\/product"}],"acf:post":[{"embeddable":true,"href":"https:\/\/testwebsite.citygame.com\/sl\/wp-json\/wp\/v2\/pages\/13285"}],"wp:featuredmedia":[{"embeddable":true,"href":"https:\/\/testwebsite.citygame.com\/sl\/wp-json\/wp\/v2\/media\/18293"}],"wp:attachment":[{"href":"https:\/\/testwebsite.citygame.com\/sl\/wp-json\/wp\/v2\/media?parent=60398"}],"wp:term":[{"taxonomy":"game-concept","embeddable":true,"href":"https:\/\/testwebsite.citygame.com\/sl\/wp-json\/wp\/v2\/game-concept?post=60398"},{"taxonomy":"location","embeddable":true,"href":"https:\/\/testwebsite.citygame.com\/sl\/wp-json\/wp\/v2\/location?post=60398"},{"taxonomy":"product_brand","embeddable":true,"href":"https:\/\/testwebsite.citygame.com\/sl\/wp-json\/wp\/v2\/product_brand?post=60398"},{"taxonomy":"product_cat","embeddable":true,"href":"https:\/\/testwebsite.citygame.com\/sl\/wp-json\/wp\/v2\/product_cat?post=60398"},{"taxonomy":"product_tag","embeddable":true,"href":"https:\/\/testwebsite.citygame.com\/sl\/wp-json\/wp\/v2\/product_tag?post=60398"}],"curies":[{"name":"wp","href":"https:\/\/api.w.org\/{rel}","templated":true}]}}