{"id":60310,"date":"2026-02-16T05:44:34","date_gmt":"2026-02-16T05:44:34","guid":{"rendered":"https:\/\/testwebsite.citygame.com\/games\/unknown-location\/the-dusseldorf-syndicate\/"},"modified":"2026-04-08T05:32:30","modified_gmt":"2026-04-08T05:32:30","slug":"the-dusseldorf-syndicate","status":"publish","type":"product","link":"https:\/\/testwebsite.citygame.com\/sl\/games\/dusseldorf\/the-dusseldorf-syndicate\/","title":{"rendered":"The Dusseldorf Syndicate"},"content":{"rendered":"<p>The Syndicate je samostojna mestna igra pobega v D\u00fcsseldorfu, ki se odvija v sredi\u0161\u010du mesta. V tej mestni igri v D\u00fcsseldorfu igralci sodelujejo, da bi izsledili izmuzljivega Magnusa in si povrnili \u0161est ukradenih formul z re\u0161evanjem ugank, opravljanjem nalog in premagovanjem izzivov. Zasnovana kot izku\u0161nja, ki jo poganja misija, ta samostojna mestna igra poudarja timsko delo, poglobljeno pripovedovanje zgodb in postopno napredovanje za razplet primera kos za kosom.<\/p>\n","protected":false},"excerpt":{"rendered":"<p>Potopite se v srce D\u00fcsseldorfa z na\u0161o samostojno mestno igro pobega, ki to \u017eivahno urbano pokrajino spremeni v va\u0161e osebno igri\u0161\u010de. Sledite izmuzljivim namigom, re\u0161ite zapletene uganke in razkrijte presenetljive resnice, vse to ob zana\u0161anju na mo\u010d skupnih sposobnosti va\u0161e ekipe za re\u0161evanje problemov &#8211; to je vznemirljiv boj s \u010dasom!<\/p>\n","protected":false},"featured_media":14082,"template":"","meta":{"_acf_changed":false,"_yoast_wpseo_focuskw":"The Dusseldorf Syndicate","_yoast_wpseo_metadesc":"The Dusseldorf Syndicate. Igrajte samostojno mestno igro pobega, re\u0161ujte uganke, opravljajte misije in si povrnite ukradene formule v svojem ritmu!","_kad_blocks_custom_css":"","_kad_blocks_head_custom_js":"","_kad_blocks_body_custom_js":"","_kad_blocks_footer_custom_js":"","ghostkit_customizer_options":"","ghostkit_custom_css":"","ghostkit_custom_js_head":"","ghostkit_custom_js_foot":"","ghostkit_typography":"","_kad_post_transparent":"","_kad_post_title":"","_kad_post_layout":"","_kad_post_sidebar_id":"","_kad_post_content_style":"","_kad_post_vertical_padding":"","_kad_post_feature":"","_kad_post_feature_position":"","_kad_post_header":false,"_kad_post_footer":false,"_kad_post_classname":"","_links_to":"","_links_to_target":""},"game-concept":[759],"location":[150],"product_brand":[],"product_cat":[27],"product_tag":[],"class_list":{"0":"post-60310","1":"product","2":"type-product","3":"status-publish","4":"has-post-thumbnail","6":"game-concept-syndicate","7":"location-dusseldorf","8":"product_cat-geen-categorie","10":"first","11":"instock","12":"shipping-taxable","13":"purchasable","14":"product-type-simple","15":"entry","16":"content-bg","17":"loop-entry"},"acf":{"full_bokun_product_name":"Self-Guided The Dusseldorf Syndicate City Escape Game","location_name":"Dusseldorf","bokun_calendar_widget_code":"<script type=\"text\/javascript\" src=\"https:\/\/widgets.bokun.io\/assets\/javascripts\/apps\/build\/BokunWidgetsLoader.js?bookingChannelUUID=a1e93e96-5232-4734-a595-28405f4b5a31\" async><\/script>\n     \n    <div class=\"bokunWidget\" data-src=\"https:\/\/widgets.bokun.io\/online-sales\/a1e93e96-5232-4734-a595-28405f4b5a31\/experience-calendar\/859576\"><\/div>\n    <noscript>Please enable javascript in your browser to book<\/noscript>","bokun_button_widget_code":"<script type=\"text\/javascript\" src=\"https:\/\/widgets.bokun.io\/assets\/javascripts\/apps\/build\/BokunWidgetsLoader.js?bookingChannelUUID=a1e93e96-5232-4734-a595-28405f4b5a31\" async><\/script>\n      <style> #bokun_ed001e45_5927_4f62_b470_ca766338d083 { display: inline-block; padding: .4em 1em; background: #47b82e; border-radius: 999999px; box-shadow: none; font-weight: 600; font-size: 24px; text-decoration: none; text-align: center; color: #FFFFFF; border:none; cursor: pointer; transition: background .2s ease; } #bokun_ed001e45_5927_4f62_b470_ca766338d083:hover{ background: #2f7b1f; } #bokun_ed001e45_5927_4f62_b470_ca766338d083:active{ background: #378f24; } <\/style> <button class=\"bokunButton\" disabled id=bokun_ed001e45_5927_4f62_b470_ca766338d083 data-src=\"https:\/\/widgets.bokun.io\/online-sales\/a1e93e96-5232-4734-a595-28405f4b5a31\/experience-calendar\/859576?partialView=1\" data-testid=\"widget-book-button\" > Book now <\/button> ","what_you\u2019ll_experience_during_the_game":"V *The Dusseldorf Syndicate* se vi in va\u0161a ekipa znajdete v misiji pobega z visokimi vlo\u017eki globoko v mestu. Kot tajni agenti je va\u0161 cilj izslediti izmuzljivega Magnusa in si povrniti \u0161est ukradenih kemi\u010dnih formul, preden izginejo za vedno. Izku\u0161nja se razkriva korak za korakom, vodi vas skozi urbano pokrajino D\u00fcsseldorfa, saj vas misija vle\u010de globlje v mre\u017eo skrivnosti in spreminjajo\u010dih se zavezni\u0161tev.\n\nPri\u010dakujte kodirana sporo\u010dila, logi\u010dne uganke in takti\u010dne izzive, ki bodo va\u0161o komunikacijo in odlo\u010danje potisnili v ospredje. Vsaka naloga je del popolnoma zgodbeno vodene izku\u0161nje, ki nagrajuje sodelovanje in ostro razmi\u0161ljanje. Misijo lahko prekinete in nadaljujete pozneje, kar va\u0161i ekipi omogo\u010da prilagodljivost, ne da bi prekinili potopitev. Ves \u010das D\u00fcsseldorf slu\u017ei kot ozadje misije, vas potopi v operacijo, ki jo poganja pripoved, kjer vsak korak \u0161teje.","how_to_play":"Rezervirajte mestno igro, preverite e-po\u0161to z navodili, ki vam jo po\u0161ljemo, prenesite aplikacijo Loquiz in za\u010dnite svojo igralno izku\u0161njo!","start_location":"Dusseldorf, Grabbeplatz","available_languages":["en"],"players_per_group":"1-4","duration":"1.5-2 hours","image_overlay_color_image":"https:\/\/testwebsite.citygame.com\/wp-content\/blogs.dir\/1\/files\/sites\/62\/2026\/01\/SyndicateColor.svg","image_overlay_game_logo":"https:\/\/testwebsite.citygame.com\/wp-content\/blogs.dir\/1\/files\/sites\/62\/2026\/01\/SyndicateLogo.png","city_page":4905,"woocommerce_general_content":null},"yoast_head":"<!-- This site is optimized with the Yoast SEO Premium plugin v26.2 (Yoast SEO v26.3) - https:\/\/yoast.com\/wordpress\/plugins\/seo\/ -->\n<title>The Dusseldorf Syndicate - City Game<\/title>\n<meta name=\"description\" content=\"The Dusseldorf Syndicate. Igrajte samostojno mestno igro pobega, re\u0161ujte uganke, opravljajte misije in si povrnite ukradene formule v svojem ritmu!\" \/>\n<meta name=\"robots\" content=\"noindex, follow, max-snippet:-1, max-image-preview:large, max-video-preview:-1\" \/>\n<meta property=\"og:locale\" content=\"sl_SI\" \/>\n<meta property=\"og:type\" content=\"article\" \/>\n<meta property=\"og:title\" content=\"The Dusseldorf Syndicate\" \/>\n<meta property=\"og:description\" content=\"The Dusseldorf Syndicate. Igrajte samostojno mestno igro pobega, re\u0161ujte uganke, opravljajte misije in si povrnite ukradene formule v svojem ritmu!\" \/>\n<meta property=\"og:url\" content=\"https:\/\/testwebsite.citygame.com\/sl\/games\/dusseldorf\/the-dusseldorf-syndicate\/\" \/>\n<meta property=\"og:site_name\" content=\"City Game\" \/>\n<meta property=\"article:publisher\" content=\"https:\/\/www.facebook.com\/profile.php?id=100086426226253\" \/>\n<meta property=\"article:modified_time\" content=\"2026-04-08T05:32:30+00:00\" \/>\n<meta property=\"og:image\" content=\"https:\/\/testwebsite.citygame.com\/wp-content\/blogs.dir\/1\/files\/sites\/62\/2026\/02\/man-playing-city-game-on-smartphone-in-dusseldorf.jpg\" \/>\n\t<meta property=\"og:image:width\" content=\"1024\" \/>\n\t<meta property=\"og:image:height\" content=\"1024\" \/>\n\t<meta property=\"og:image:type\" content=\"image\/jpeg\" \/>\n<meta name=\"twitter:card\" content=\"summary_large_image\" \/>\n<script type=\"application\/ld+json\" class=\"yoast-schema-graph\">{\"@context\":\"https:\/\/schema.org\",\"@graph\":[{\"@type\":\"WebPage\",\"@id\":\"https:\/\/testwebsite.citygame.com\/sl\/games\/dusseldorf\/the-dusseldorf-syndicate\/\",\"url\":\"https:\/\/testwebsite.citygame.com\/sl\/games\/dusseldorf\/the-dusseldorf-syndicate\/\",\"name\":\"The Dusseldorf Syndicate - City Game\",\"isPartOf\":{\"@id\":\"https:\/\/testwebsite.upevents.nl\/#website\"},\"primaryImageOfPage\":{\"@id\":\"https:\/\/testwebsite.citygame.com\/sl\/games\/dusseldorf\/the-dusseldorf-syndicate\/#primaryimage\"},\"image\":{\"@id\":\"https:\/\/testwebsite.citygame.com\/sl\/games\/dusseldorf\/the-dusseldorf-syndicate\/#primaryimage\"},\"thumbnailUrl\":\"https:\/\/testwebsite.citygame.com\/wp-content\/blogs.dir\/1\/files\/sites\/62\/2026\/02\/man-playing-city-game-on-smartphone-in-dusseldorf.jpg\",\"datePublished\":\"2026-02-16T05:44:34+00:00\",\"dateModified\":\"2026-04-08T05:32:30+00:00\",\"description\":\"The Dusseldorf Syndicate. Igrajte samostojno mestno igro pobega, re\u0161ujte uganke, opravljajte misije in si povrnite ukradene formule v svojem ritmu!\",\"breadcrumb\":{\"@id\":\"https:\/\/testwebsite.citygame.com\/sl\/games\/dusseldorf\/the-dusseldorf-syndicate\/#breadcrumb\"},\"inLanguage\":\"sl-SI\",\"potentialAction\":[{\"@type\":\"ReadAction\",\"target\":[\"https:\/\/testwebsite.citygame.com\/sl\/games\/dusseldorf\/the-dusseldorf-syndicate\/\"]}]},{\"@type\":\"ImageObject\",\"inLanguage\":\"sl-SI\",\"@id\":\"https:\/\/testwebsite.citygame.com\/sl\/games\/dusseldorf\/the-dusseldorf-syndicate\/#primaryimage\",\"url\":\"https:\/\/testwebsite.citygame.com\/wp-content\/blogs.dir\/1\/files\/sites\/62\/2026\/02\/man-playing-city-game-on-smartphone-in-dusseldorf.jpg\",\"contentUrl\":\"https:\/\/testwebsite.citygame.com\/wp-content\/blogs.dir\/1\/files\/sites\/62\/2026\/02\/man-playing-city-game-on-smartphone-in-dusseldorf.jpg\",\"width\":1024,\"height\":1024,\"caption\":\"A person stands on a sidewalk in Dusseldorf, using a smartphone to play an interactive game.\"},{\"@type\":\"BreadcrumbList\",\"@id\":\"https:\/\/testwebsite.citygame.com\/sl\/games\/dusseldorf\/the-dusseldorf-syndicate\/#breadcrumb\",\"itemListElement\":[{\"@type\":\"ListItem\",\"position\":1,\"name\":\"Home\",\"item\":\"https:\/\/testwebsite.citygame.com\/sl\/\"},{\"@type\":\"ListItem\",\"position\":2,\"name\":\"Shop\",\"item\":\"https:\/\/testwebsite.citygame.com\/shop\/\"},{\"@type\":\"ListItem\",\"position\":3,\"name\":\"The Dusseldorf Syndicate\"}]},{\"@type\":\"WebSite\",\"@id\":\"https:\/\/testwebsite.upevents.nl\/#website\",\"url\":\"https:\/\/testwebsite.upevents.nl\/\",\"name\":\"City Game\",\"description\":\"\",\"publisher\":{\"@id\":\"https:\/\/testwebsite.upevents.nl\/#organization\"},\"alternateName\":\"citygame.com\",\"potentialAction\":[{\"@type\":\"SearchAction\",\"target\":{\"@type\":\"EntryPoint\",\"urlTemplate\":\"https:\/\/testwebsite.upevents.nl\/?s={search_term_string}\"},\"query-input\":{\"@type\":\"PropertyValueSpecification\",\"valueRequired\":true,\"valueName\":\"search_term_string\"}}],\"inLanguage\":\"sl-SI\"},{\"@type\":[\"Organization\",\"Place\"],\"@id\":\"https:\/\/testwebsite.upevents.nl\/#organization\",\"name\":\"City Game\",\"alternateName\":\"citygame.com\",\"url\":\"https:\/\/testwebsite.upevents.nl\/\",\"logo\":{\"@id\":\"https:\/\/testwebsite.citygame.com\/sl\/games\/dusseldorf\/the-dusseldorf-syndicate\/#local-main-organization-logo\"},\"image\":{\"@id\":\"https:\/\/testwebsite.citygame.com\/sl\/games\/dusseldorf\/the-dusseldorf-syndicate\/#local-main-organization-logo\"},\"sameAs\":[\"https:\/\/www.facebook.com\/profile.php?id=100086426226253\",\"https:\/\/www.instagram.com\/citygame_com\",\"https:\/\/www.tiktok.com\/@citygamecom\/\",\"https:\/\/www.linkedin.com\/company\/citygame-com\"],\"description\":\"Turn any city into a playground with our interactive City Games and self-guided tours. Fun, flexible, and ideal for groups and team building.\",\"telephone\":[],\"openingHoursSpecification\":[{\"@type\":\"OpeningHoursSpecification\",\"dayOfWeek\":[\"Monday\",\"Tuesday\",\"Wednesday\",\"Thursday\",\"Friday\",\"Saturday\",\"Sunday\"],\"opens\":\"09:00\",\"closes\":\"17:00\"}]},{\"@type\":\"ImageObject\",\"inLanguage\":\"sl-SI\",\"@id\":\"https:\/\/testwebsite.citygame.com\/sl\/games\/dusseldorf\/the-dusseldorf-syndicate\/#local-main-organization-logo\",\"url\":\"https:\/\/testwebsite.citygame.com\/wp-content\/blogs.dir\/1\/files\/sites\/62\/2025\/10\/CG_LOGO-City-Game.png\",\"contentUrl\":\"https:\/\/testwebsite.citygame.com\/wp-content\/blogs.dir\/1\/files\/sites\/62\/2025\/10\/CG_LOGO-City-Game.png\",\"width\":351,\"height\":377,\"caption\":\"City Game\"}]}<\/script>\n<!-- \/ Yoast SEO Premium plugin. -->","yoast_head_json":{"title":"The Dusseldorf Syndicate - City Game","description":"The Dusseldorf Syndicate. Igrajte samostojno mestno igro pobega, re\u0161ujte uganke, opravljajte misije in si povrnite ukradene formule v svojem ritmu!","robots":{"index":"noindex","follow":"follow","max-snippet":"max-snippet:-1","max-image-preview":"max-image-preview:large","max-video-preview":"max-video-preview:-1"},"og_locale":"sl_SI","og_type":"article","og_title":"The Dusseldorf Syndicate","og_description":"The Dusseldorf Syndicate. Igrajte samostojno mestno igro pobega, re\u0161ujte uganke, opravljajte misije in si povrnite ukradene formule v svojem ritmu!","og_url":"https:\/\/testwebsite.citygame.com\/sl\/games\/dusseldorf\/the-dusseldorf-syndicate\/","og_site_name":"City Game","article_publisher":"https:\/\/www.facebook.com\/profile.php?id=100086426226253","article_modified_time":"2026-04-08T05:32:30+00:00","og_image":[{"width":1024,"height":1024,"url":"https:\/\/testwebsite.citygame.com\/wp-content\/blogs.dir\/1\/files\/sites\/62\/2026\/02\/man-playing-city-game-on-smartphone-in-dusseldorf.jpg","type":"image\/jpeg"}],"twitter_card":"summary_large_image","schema":{"@context":"https:\/\/schema.org","@graph":[{"@type":"WebPage","@id":"https:\/\/testwebsite.citygame.com\/sl\/games\/dusseldorf\/the-dusseldorf-syndicate\/","url":"https:\/\/testwebsite.citygame.com\/sl\/games\/dusseldorf\/the-dusseldorf-syndicate\/","name":"The Dusseldorf Syndicate - City Game","isPartOf":{"@id":"https:\/\/testwebsite.upevents.nl\/#website"},"primaryImageOfPage":{"@id":"https:\/\/testwebsite.citygame.com\/sl\/games\/dusseldorf\/the-dusseldorf-syndicate\/#primaryimage"},"image":{"@id":"https:\/\/testwebsite.citygame.com\/sl\/games\/dusseldorf\/the-dusseldorf-syndicate\/#primaryimage"},"thumbnailUrl":"https:\/\/testwebsite.citygame.com\/wp-content\/blogs.dir\/1\/files\/sites\/62\/2026\/02\/man-playing-city-game-on-smartphone-in-dusseldorf.jpg","datePublished":"2026-02-16T05:44:34+00:00","dateModified":"2026-04-08T05:32:30+00:00","description":"The Dusseldorf Syndicate. Igrajte samostojno mestno igro pobega, re\u0161ujte uganke, opravljajte misije in si povrnite ukradene formule v svojem ritmu!","breadcrumb":{"@id":"https:\/\/testwebsite.citygame.com\/sl\/games\/dusseldorf\/the-dusseldorf-syndicate\/#breadcrumb"},"inLanguage":"sl-SI","potentialAction":[{"@type":"ReadAction","target":["https:\/\/testwebsite.citygame.com\/sl\/games\/dusseldorf\/the-dusseldorf-syndicate\/"]}]},{"@type":"ImageObject","inLanguage":"sl-SI","@id":"https:\/\/testwebsite.citygame.com\/sl\/games\/dusseldorf\/the-dusseldorf-syndicate\/#primaryimage","url":"https:\/\/testwebsite.citygame.com\/wp-content\/blogs.dir\/1\/files\/sites\/62\/2026\/02\/man-playing-city-game-on-smartphone-in-dusseldorf.jpg","contentUrl":"https:\/\/testwebsite.citygame.com\/wp-content\/blogs.dir\/1\/files\/sites\/62\/2026\/02\/man-playing-city-game-on-smartphone-in-dusseldorf.jpg","width":1024,"height":1024,"caption":"A person stands on a sidewalk in Dusseldorf, using a smartphone to play an interactive game."},{"@type":"BreadcrumbList","@id":"https:\/\/testwebsite.citygame.com\/sl\/games\/dusseldorf\/the-dusseldorf-syndicate\/#breadcrumb","itemListElement":[{"@type":"ListItem","position":1,"name":"Home","item":"https:\/\/testwebsite.citygame.com\/sl\/"},{"@type":"ListItem","position":2,"name":"Shop","item":"https:\/\/testwebsite.citygame.com\/shop\/"},{"@type":"ListItem","position":3,"name":"The Dusseldorf Syndicate"}]},{"@type":"WebSite","@id":"https:\/\/testwebsite.upevents.nl\/#website","url":"https:\/\/testwebsite.upevents.nl\/","name":"City Game","description":"","publisher":{"@id":"https:\/\/testwebsite.upevents.nl\/#organization"},"alternateName":"citygame.com","potentialAction":[{"@type":"SearchAction","target":{"@type":"EntryPoint","urlTemplate":"https:\/\/testwebsite.upevents.nl\/?s={search_term_string}"},"query-input":{"@type":"PropertyValueSpecification","valueRequired":true,"valueName":"search_term_string"}}],"inLanguage":"sl-SI"},{"@type":["Organization","Place"],"@id":"https:\/\/testwebsite.upevents.nl\/#organization","name":"City Game","alternateName":"citygame.com","url":"https:\/\/testwebsite.upevents.nl\/","logo":{"@id":"https:\/\/testwebsite.citygame.com\/sl\/games\/dusseldorf\/the-dusseldorf-syndicate\/#local-main-organization-logo"},"image":{"@id":"https:\/\/testwebsite.citygame.com\/sl\/games\/dusseldorf\/the-dusseldorf-syndicate\/#local-main-organization-logo"},"sameAs":["https:\/\/www.facebook.com\/profile.php?id=100086426226253","https:\/\/www.instagram.com\/citygame_com","https:\/\/www.tiktok.com\/@citygamecom\/","https:\/\/www.linkedin.com\/company\/citygame-com"],"description":"Turn any city into a playground with our interactive City Games and self-guided tours. Fun, flexible, and ideal for groups and team building.","telephone":[],"openingHoursSpecification":[{"@type":"OpeningHoursSpecification","dayOfWeek":["Monday","Tuesday","Wednesday","Thursday","Friday","Saturday","Sunday"],"opens":"09:00","closes":"17:00"}]},{"@type":"ImageObject","inLanguage":"sl-SI","@id":"https:\/\/testwebsite.citygame.com\/sl\/games\/dusseldorf\/the-dusseldorf-syndicate\/#local-main-organization-logo","url":"https:\/\/testwebsite.citygame.com\/wp-content\/blogs.dir\/1\/files\/sites\/62\/2025\/10\/CG_LOGO-City-Game.png","contentUrl":"https:\/\/testwebsite.citygame.com\/wp-content\/blogs.dir\/1\/files\/sites\/62\/2025\/10\/CG_LOGO-City-Game.png","width":351,"height":377,"caption":"City Game"}]}},"taxonomy_info":{"game-concept":[{"value":759,"label":"Syndicate"}],"location":[{"value":150,"label":"D\u00fcsseldorf"}],"product_cat":[{"value":27,"label":"Geen categorie"}]},"featured_image_src_large":["https:\/\/testwebsite.citygame.com\/wp-content\/blogs.dir\/1\/files\/sites\/62\/2026\/02\/man-playing-city-game-on-smartphone-in-dusseldorf.jpg",1024,1024,false],"author_info":[],"comment_info":"","_links":{"self":[{"href":"https:\/\/testwebsite.citygame.com\/sl\/wp-json\/wp\/v2\/product\/60310","targetHints":{"allow":["GET"]}}],"collection":[{"href":"https:\/\/testwebsite.citygame.com\/sl\/wp-json\/wp\/v2\/product"}],"about":[{"href":"https:\/\/testwebsite.citygame.com\/sl\/wp-json\/wp\/v2\/types\/product"}],"acf:post":[{"embeddable":true,"href":"https:\/\/testwebsite.citygame.com\/sl\/wp-json\/wp\/v2\/pages\/4905"}],"wp:featuredmedia":[{"embeddable":true,"href":"https:\/\/testwebsite.citygame.com\/sl\/wp-json\/wp\/v2\/media\/14082"}],"wp:attachment":[{"href":"https:\/\/testwebsite.citygame.com\/sl\/wp-json\/wp\/v2\/media?parent=60310"}],"wp:term":[{"taxonomy":"game-concept","embeddable":true,"href":"https:\/\/testwebsite.citygame.com\/sl\/wp-json\/wp\/v2\/game-concept?post=60310"},{"taxonomy":"location","embeddable":true,"href":"https:\/\/testwebsite.citygame.com\/sl\/wp-json\/wp\/v2\/location?post=60310"},{"taxonomy":"product_brand","embeddable":true,"href":"https:\/\/testwebsite.citygame.com\/sl\/wp-json\/wp\/v2\/product_brand?post=60310"},{"taxonomy":"product_cat","embeddable":true,"href":"https:\/\/testwebsite.citygame.com\/sl\/wp-json\/wp\/v2\/product_cat?post=60310"},{"taxonomy":"product_tag","embeddable":true,"href":"https:\/\/testwebsite.citygame.com\/sl\/wp-json\/wp\/v2\/product_tag?post=60310"}],"curies":[{"name":"wp","href":"https:\/\/api.w.org\/{rel}","templated":true}]}}