{"id":57889,"date":"2026-01-27T10:59:30","date_gmt":"2026-01-27T10:59:30","guid":{"rendered":"https:\/\/testwebsite.citygame.com\/games\/unknown-location\/secrets-of-venlo\/"},"modified":"2026-04-08T01:18:05","modified_gmt":"2026-04-08T01:18:05","slug":"secrets-of-venlo","status":"publish","type":"product","link":"https:\/\/testwebsite.citygame.com\/sl\/games\/venlo\/secrets-of-venlo\/","title":{"rendered":"Secrets of Venlo"},"content":{"rendered":"<p>Igra Mesto Venlo je samovodena, GPS-osnovana igra, ki poteka v sredi\u0161\u010du mesta Venlo. Z uporabo pametnega telefona igralci raziskujejo obmo\u010dje med re\u0161evanjem ugank, zagonetk in foto izzivov, ki razkrivajo kulturo, zgodovino in spregledane podrobnosti mesta. Ta raziskovalna igra ponuja privla\u010den na\u010din za odkrivanje Venla v va\u0161em tempu, ne glede na to, ali obiskujete prvi\u010d ali \u017eivite tam \u017ee leta. Samovodena mestna igra je zasnovana za samostojne pustolovce, pare, dru\u017eine in skupine prijateljev. S svojim prilagodljivim formatom, GPS-osnovana igra zagotavlja zabavno in informativno izku\u0161njo za vsakogar, ki ga zanima spoznavanje Venla.<\/p>\n","protected":false},"excerpt":{"rendered":"<p>Odkrijte \u017eivahnost in pogum Venla! Podajte se na veli\u010dastno potovanje, kjer kultura pre\u017eema vsak koti\u010dek in zgodovina \u0161epeta svoje zgodbe, od starodavnih utrdb do \u017eivahnih trgov. Re\u0161ujte zanimive uganke, medtem ko pre\u010dkate njegovo dinami\u010dno sredi\u0161\u010de \u2013 Venlo obljublja nepri\u010dakovana odkritja na vsakem koraku!<\/p>\n","protected":false},"featured_media":4565,"template":"","meta":{"_acf_changed":false,"_yoast_wpseo_focuskw":"Secrets of Venlo","_yoast_wpseo_metadesc":"Secrets of Venlo. Igrajte samovodeno mestno igro in raziskujte mesto skozi uganke, zagonetke in izzive. Igrajte v svojem tempu in odkrivajte kot lokalec!","_kad_blocks_custom_css":"","_kad_blocks_head_custom_js":"","_kad_blocks_body_custom_js":"","_kad_blocks_footer_custom_js":"","ghostkit_customizer_options":"","ghostkit_custom_css":"","ghostkit_custom_js_head":"","ghostkit_custom_js_foot":"","ghostkit_typography":"","_kad_post_transparent":"","_kad_post_title":"","_kad_post_layout":"","_kad_post_sidebar_id":"","_kad_post_content_style":"","_kad_post_vertical_padding":"","_kad_post_feature":"","_kad_post_feature_position":"","_kad_post_header":false,"_kad_post_footer":false,"_kad_post_classname":"","_links_to":"","_links_to_target":""},"game-concept":[728],"location":[419],"product_brand":[],"product_cat":[27],"product_tag":[],"class_list":{"0":"post-57889","1":"product","2":"type-product","3":"status-publish","4":"has-post-thumbnail","6":"game-concept-secrets","7":"location-venlo","8":"product_cat-geen-categorie","10":"first","11":"instock","12":"shipping-taxable","13":"purchasable","14":"product-type-simple","15":"entry","16":"content-bg","17":"loop-entry"},"acf":{"full_bokun_product_name":"Self-Guided Secrets of Venlo Exploration Game","location_name":"Venlo","bokun_calendar_widget_code":"<script type=\"text\/javascript\" src=\"https:\/\/widgets.bokun.io\/assets\/javascripts\/apps\/build\/BokunWidgetsLoader.js?bookingChannelUUID=a1e93e96-5232-4734-a595-28405f4b5a31\" async><\/script>\n     \n    <div class=\"bokunWidget\" data-src=\"https:\/\/widgets.bokun.io\/online-sales\/a1e93e96-5232-4734-a595-28405f4b5a31\/experience-calendar\/795498\"><\/div>\n    <noscript>Please enable javascript in your browser to book<\/noscript>","bokun_button_widget_code":"<script type=\"text\/javascript\" src=\"https:\/\/widgets.bokun.io\/assets\/javascripts\/apps\/build\/BokunWidgetsLoader.js?bookingChannelUUID=a1e93e96-5232-4734-a595-28405f4b5a31\" async><\/script>\n      <style> #bokun_ed001e45_5927_4f62_b470_ca766338d083 { display: inline-block; padding: .4em 1em; background: #47b82e; border-radius: 999999px; box-shadow: none; font-weight: 600; font-size: 24px; text-decoration: none; text-align: center; color: #FFFFFF; border:none; cursor: pointer; transition: background .2s ease; } #bokun_ed001e45_5927_4f62_b470_ca766338d083:hover{ background: #2f7b1f; } #bokun_ed001e45_5927_4f62_b470_ca766338d083:active{ background: #378f24; } <\/style> <button class=\"bokunButton\" disabled id=bokun_ed001e45_5927_4f62_b470_ca766338d083 data-src=\"https:\/\/widgets.bokun.io\/online-sales\/a1e93e96-5232-4734-a595-28405f4b5a31\/experience-calendar\/795498?partialView=1\" data-testid=\"widget-book-button\" > Book now <\/button> ","what_you\u2019ll_experience_during_the_game":"Odkrijte mesto Venlo z izjemno mestno igro, ki zdru\u017euje urbano raziskovanje z interaktivnim pripovedovanjem zgodb. Med navigacijo po pomembnih znamenitostih in ti\u0161jih koti\u010dkih vas bo igra popeljala po poti, ki lahko vklju\u010duje zgodovinsko cerkev Sint Martinuskerk in slikovito obmo\u010dje ob reki Maas. Odkrili boste presenetljive podrobnosti o mestni dedi\u0161\u010dini, medtem ko se boste sprehajali po o\u010darljivih ulicah, zelenih trgih in \u017eivahnih javnih prostorih, ki razkrivajo lokalni zna\u010daj Venla.\n\nMed igro boste re\u0161evali me\u0161anico ugank, zagonetk, vpra\u0161anj, povezanih z lokacijo, in kreativnih foto nalog, ki spodbujajo opazovanje in timsko delo. Vsak izziv vam pomaga pridobiti to\u010dke, odkleniti namige in se pribli\u017eati razkritju kon\u010dne skrivnosti, skrite v zgodbi Venla. Izku\u0161njo lahko kadar koli prekinete in nadaljujete, ko vam ustreza, kar omogo\u010da spro\u0161\u010den ali tekmovalen tempo. Za tiste, ki i\u0161\u010dejo izziv, lestvica najbolj\u0161ih dodaja dodaten sloj motivacije za vrh lestvice med raziskovanjem te privla\u010dne mestne igre.","how_to_play":"Rezervirajte Raziskovalno Igro, preverite e-po\u0161to, ki vam jo po\u0161ljemo z enostavnimi navodili, prenesite aplikacijo Loquiz, dostopite do Raziskovalne Igre in \u017ee ste pripravljeni za\u010deti svojo igralno izku\u0161njo!","start_location":"Venlo, Markt","available_languages":["en"],"players_per_group":"1-4","duration":"1.5-2 hours","image_overlay_color_image":"https:\/\/testwebsite.citygame.com\/wp-content\/blogs.dir\/1\/files\/sites\/62\/2026\/01\/SecretsColor.svg","image_overlay_game_logo":"https:\/\/testwebsite.citygame.com\/wp-content\/blogs.dir\/1\/files\/sites\/62\/2026\/01\/SecretsLogo.png","city_page":4549,"woocommerce_general_content":null},"yoast_head":"<!-- This site is optimized with the Yoast SEO Premium plugin v26.2 (Yoast SEO v26.3) - https:\/\/yoast.com\/wordpress\/plugins\/seo\/ -->\n<title>Secrets of Venlo - City Game<\/title>\n<meta name=\"description\" content=\"Secrets of Venlo. Igrajte samovodeno mestno igro in raziskujte mesto skozi uganke, zagonetke in izzive. Igrajte v svojem tempu in odkrivajte kot lokalec!\" \/>\n<meta name=\"robots\" content=\"noindex, follow, max-snippet:-1, max-image-preview:large, max-video-preview:-1\" \/>\n<meta property=\"og:locale\" content=\"sl_SI\" \/>\n<meta property=\"og:type\" content=\"article\" \/>\n<meta property=\"og:title\" content=\"Secrets of Venlo\" \/>\n<meta property=\"og:description\" content=\"Secrets of Venlo. Igrajte samovodeno mestno igro in raziskujte mesto skozi uganke, zagonetke in izzive. Igrajte v svojem tempu in odkrivajte kot lokalec!\" \/>\n<meta property=\"og:url\" content=\"https:\/\/testwebsite.citygame.com\/sl\/games\/venlo\/secrets-of-venlo\/\" \/>\n<meta property=\"og:site_name\" content=\"City Game\" \/>\n<meta property=\"article:publisher\" content=\"https:\/\/www.facebook.com\/profile.php?id=100086426226253\" \/>\n<meta property=\"article:modified_time\" content=\"2026-04-08T01:18:05+00:00\" \/>\n<meta property=\"og:image\" content=\"https:\/\/testwebsite.citygame.com\/wp-content\/blogs.dir\/1\/files\/sites\/62\/2026\/01\/group-of-friends-playing-city-game-venlo.jpg\" \/>\n\t<meta property=\"og:image:width\" content=\"1248\" \/>\n\t<meta property=\"og:image:height\" content=\"832\" \/>\n\t<meta property=\"og:image:type\" content=\"image\/jpeg\" \/>\n<meta name=\"twitter:card\" content=\"summary_large_image\" \/>\n<script type=\"application\/ld+json\" class=\"yoast-schema-graph\">{\"@context\":\"https:\/\/schema.org\",\"@graph\":[{\"@type\":\"WebPage\",\"@id\":\"https:\/\/testwebsite.citygame.com\/sl\/games\/venlo\/secrets-of-venlo\/\",\"url\":\"https:\/\/testwebsite.citygame.com\/sl\/games\/venlo\/secrets-of-venlo\/\",\"name\":\"Secrets of Venlo - City Game\",\"isPartOf\":{\"@id\":\"https:\/\/testwebsite.upevents.nl\/#website\"},\"primaryImageOfPage\":{\"@id\":\"https:\/\/testwebsite.citygame.com\/sl\/games\/venlo\/secrets-of-venlo\/#primaryimage\"},\"image\":{\"@id\":\"https:\/\/testwebsite.citygame.com\/sl\/games\/venlo\/secrets-of-venlo\/#primaryimage\"},\"thumbnailUrl\":\"https:\/\/testwebsite.citygame.com\/wp-content\/blogs.dir\/1\/files\/sites\/62\/2026\/01\/group-of-friends-playing-city-game-venlo.jpg\",\"datePublished\":\"2026-01-27T10:59:30+00:00\",\"dateModified\":\"2026-04-08T01:18:05+00:00\",\"description\":\"Secrets of Venlo. Igrajte samovodeno mestno igro in raziskujte mesto skozi uganke, zagonetke in izzive. Igrajte v svojem tempu in odkrivajte kot lokalec!\",\"breadcrumb\":{\"@id\":\"https:\/\/testwebsite.citygame.com\/sl\/games\/venlo\/secrets-of-venlo\/#breadcrumb\"},\"inLanguage\":\"sl-SI\",\"potentialAction\":[{\"@type\":\"ReadAction\",\"target\":[\"https:\/\/testwebsite.citygame.com\/sl\/games\/venlo\/secrets-of-venlo\/\"]}]},{\"@type\":\"ImageObject\",\"inLanguage\":\"sl-SI\",\"@id\":\"https:\/\/testwebsite.citygame.com\/sl\/games\/venlo\/secrets-of-venlo\/#primaryimage\",\"url\":\"https:\/\/testwebsite.citygame.com\/wp-content\/blogs.dir\/1\/files\/sites\/62\/2026\/01\/group-of-friends-playing-city-game-venlo.jpg\",\"contentUrl\":\"https:\/\/testwebsite.citygame.com\/wp-content\/blogs.dir\/1\/files\/sites\/62\/2026\/01\/group-of-friends-playing-city-game-venlo.jpg\",\"width\":1248,\"height\":832,\"caption\":\"Four young adults laugh together while looking at a smartphone on a street in Venlo.\"},{\"@type\":\"BreadcrumbList\",\"@id\":\"https:\/\/testwebsite.citygame.com\/sl\/games\/venlo\/secrets-of-venlo\/#breadcrumb\",\"itemListElement\":[{\"@type\":\"ListItem\",\"position\":1,\"name\":\"Home\",\"item\":\"https:\/\/testwebsite.citygame.com\/sl\/\"},{\"@type\":\"ListItem\",\"position\":2,\"name\":\"Shop\",\"item\":\"https:\/\/testwebsite.citygame.com\/shop\/\"},{\"@type\":\"ListItem\",\"position\":3,\"name\":\"Secrets of Venlo\"}]},{\"@type\":\"WebSite\",\"@id\":\"https:\/\/testwebsite.upevents.nl\/#website\",\"url\":\"https:\/\/testwebsite.upevents.nl\/\",\"name\":\"City Game\",\"description\":\"\",\"publisher\":{\"@id\":\"https:\/\/testwebsite.upevents.nl\/#organization\"},\"alternateName\":\"citygame.com\",\"potentialAction\":[{\"@type\":\"SearchAction\",\"target\":{\"@type\":\"EntryPoint\",\"urlTemplate\":\"https:\/\/testwebsite.upevents.nl\/?s={search_term_string}\"},\"query-input\":{\"@type\":\"PropertyValueSpecification\",\"valueRequired\":true,\"valueName\":\"search_term_string\"}}],\"inLanguage\":\"sl-SI\"},{\"@type\":[\"Organization\",\"Place\"],\"@id\":\"https:\/\/testwebsite.upevents.nl\/#organization\",\"name\":\"City Game\",\"alternateName\":\"citygame.com\",\"url\":\"https:\/\/testwebsite.upevents.nl\/\",\"logo\":{\"@id\":\"https:\/\/testwebsite.citygame.com\/sl\/games\/venlo\/secrets-of-venlo\/#local-main-organization-logo\"},\"image\":{\"@id\":\"https:\/\/testwebsite.citygame.com\/sl\/games\/venlo\/secrets-of-venlo\/#local-main-organization-logo\"},\"sameAs\":[\"https:\/\/www.facebook.com\/profile.php?id=100086426226253\",\"https:\/\/www.instagram.com\/citygame_com\",\"https:\/\/www.tiktok.com\/@citygamecom\/\",\"https:\/\/www.linkedin.com\/company\/citygame-com\"],\"description\":\"Turn any city into a playground with our interactive City Games and self-guided tours. Fun, flexible, and ideal for groups and team building.\",\"telephone\":[],\"openingHoursSpecification\":[{\"@type\":\"OpeningHoursSpecification\",\"dayOfWeek\":[\"Monday\",\"Tuesday\",\"Wednesday\",\"Thursday\",\"Friday\",\"Saturday\",\"Sunday\"],\"opens\":\"09:00\",\"closes\":\"17:00\"}]},{\"@type\":\"ImageObject\",\"inLanguage\":\"sl-SI\",\"@id\":\"https:\/\/testwebsite.citygame.com\/sl\/games\/venlo\/secrets-of-venlo\/#local-main-organization-logo\",\"url\":\"https:\/\/testwebsite.citygame.com\/wp-content\/blogs.dir\/1\/files\/sites\/62\/2025\/10\/CG_LOGO-City-Game.png\",\"contentUrl\":\"https:\/\/testwebsite.citygame.com\/wp-content\/blogs.dir\/1\/files\/sites\/62\/2025\/10\/CG_LOGO-City-Game.png\",\"width\":351,\"height\":377,\"caption\":\"City Game\"}]}<\/script>\n<!-- \/ Yoast SEO Premium plugin. -->","yoast_head_json":{"title":"Secrets of Venlo - City Game","description":"Secrets of Venlo. Igrajte samovodeno mestno igro in raziskujte mesto skozi uganke, zagonetke in izzive. Igrajte v svojem tempu in odkrivajte kot lokalec!","robots":{"index":"noindex","follow":"follow","max-snippet":"max-snippet:-1","max-image-preview":"max-image-preview:large","max-video-preview":"max-video-preview:-1"},"og_locale":"sl_SI","og_type":"article","og_title":"Secrets of Venlo","og_description":"Secrets of Venlo. Igrajte samovodeno mestno igro in raziskujte mesto skozi uganke, zagonetke in izzive. Igrajte v svojem tempu in odkrivajte kot lokalec!","og_url":"https:\/\/testwebsite.citygame.com\/sl\/games\/venlo\/secrets-of-venlo\/","og_site_name":"City Game","article_publisher":"https:\/\/www.facebook.com\/profile.php?id=100086426226253","article_modified_time":"2026-04-08T01:18:05+00:00","og_image":[{"width":1248,"height":832,"url":"https:\/\/testwebsite.citygame.com\/wp-content\/blogs.dir\/1\/files\/sites\/62\/2026\/01\/group-of-friends-playing-city-game-venlo.jpg","type":"image\/jpeg"}],"twitter_card":"summary_large_image","schema":{"@context":"https:\/\/schema.org","@graph":[{"@type":"WebPage","@id":"https:\/\/testwebsite.citygame.com\/sl\/games\/venlo\/secrets-of-venlo\/","url":"https:\/\/testwebsite.citygame.com\/sl\/games\/venlo\/secrets-of-venlo\/","name":"Secrets of Venlo - City Game","isPartOf":{"@id":"https:\/\/testwebsite.upevents.nl\/#website"},"primaryImageOfPage":{"@id":"https:\/\/testwebsite.citygame.com\/sl\/games\/venlo\/secrets-of-venlo\/#primaryimage"},"image":{"@id":"https:\/\/testwebsite.citygame.com\/sl\/games\/venlo\/secrets-of-venlo\/#primaryimage"},"thumbnailUrl":"https:\/\/testwebsite.citygame.com\/wp-content\/blogs.dir\/1\/files\/sites\/62\/2026\/01\/group-of-friends-playing-city-game-venlo.jpg","datePublished":"2026-01-27T10:59:30+00:00","dateModified":"2026-04-08T01:18:05+00:00","description":"Secrets of Venlo. Igrajte samovodeno mestno igro in raziskujte mesto skozi uganke, zagonetke in izzive. Igrajte v svojem tempu in odkrivajte kot lokalec!","breadcrumb":{"@id":"https:\/\/testwebsite.citygame.com\/sl\/games\/venlo\/secrets-of-venlo\/#breadcrumb"},"inLanguage":"sl-SI","potentialAction":[{"@type":"ReadAction","target":["https:\/\/testwebsite.citygame.com\/sl\/games\/venlo\/secrets-of-venlo\/"]}]},{"@type":"ImageObject","inLanguage":"sl-SI","@id":"https:\/\/testwebsite.citygame.com\/sl\/games\/venlo\/secrets-of-venlo\/#primaryimage","url":"https:\/\/testwebsite.citygame.com\/wp-content\/blogs.dir\/1\/files\/sites\/62\/2026\/01\/group-of-friends-playing-city-game-venlo.jpg","contentUrl":"https:\/\/testwebsite.citygame.com\/wp-content\/blogs.dir\/1\/files\/sites\/62\/2026\/01\/group-of-friends-playing-city-game-venlo.jpg","width":1248,"height":832,"caption":"Four young adults laugh together while looking at a smartphone on a street in Venlo."},{"@type":"BreadcrumbList","@id":"https:\/\/testwebsite.citygame.com\/sl\/games\/venlo\/secrets-of-venlo\/#breadcrumb","itemListElement":[{"@type":"ListItem","position":1,"name":"Home","item":"https:\/\/testwebsite.citygame.com\/sl\/"},{"@type":"ListItem","position":2,"name":"Shop","item":"https:\/\/testwebsite.citygame.com\/shop\/"},{"@type":"ListItem","position":3,"name":"Secrets of Venlo"}]},{"@type":"WebSite","@id":"https:\/\/testwebsite.upevents.nl\/#website","url":"https:\/\/testwebsite.upevents.nl\/","name":"City Game","description":"","publisher":{"@id":"https:\/\/testwebsite.upevents.nl\/#organization"},"alternateName":"citygame.com","potentialAction":[{"@type":"SearchAction","target":{"@type":"EntryPoint","urlTemplate":"https:\/\/testwebsite.upevents.nl\/?s={search_term_string}"},"query-input":{"@type":"PropertyValueSpecification","valueRequired":true,"valueName":"search_term_string"}}],"inLanguage":"sl-SI"},{"@type":["Organization","Place"],"@id":"https:\/\/testwebsite.upevents.nl\/#organization","name":"City Game","alternateName":"citygame.com","url":"https:\/\/testwebsite.upevents.nl\/","logo":{"@id":"https:\/\/testwebsite.citygame.com\/sl\/games\/venlo\/secrets-of-venlo\/#local-main-organization-logo"},"image":{"@id":"https:\/\/testwebsite.citygame.com\/sl\/games\/venlo\/secrets-of-venlo\/#local-main-organization-logo"},"sameAs":["https:\/\/www.facebook.com\/profile.php?id=100086426226253","https:\/\/www.instagram.com\/citygame_com","https:\/\/www.tiktok.com\/@citygamecom\/","https:\/\/www.linkedin.com\/company\/citygame-com"],"description":"Turn any city into a playground with our interactive City Games and self-guided tours. Fun, flexible, and ideal for groups and team building.","telephone":[],"openingHoursSpecification":[{"@type":"OpeningHoursSpecification","dayOfWeek":["Monday","Tuesday","Wednesday","Thursday","Friday","Saturday","Sunday"],"opens":"09:00","closes":"17:00"}]},{"@type":"ImageObject","inLanguage":"sl-SI","@id":"https:\/\/testwebsite.citygame.com\/sl\/games\/venlo\/secrets-of-venlo\/#local-main-organization-logo","url":"https:\/\/testwebsite.citygame.com\/wp-content\/blogs.dir\/1\/files\/sites\/62\/2025\/10\/CG_LOGO-City-Game.png","contentUrl":"https:\/\/testwebsite.citygame.com\/wp-content\/blogs.dir\/1\/files\/sites\/62\/2025\/10\/CG_LOGO-City-Game.png","width":351,"height":377,"caption":"City Game"}]}},"taxonomy_info":{"game-concept":[{"value":728,"label":"Secrets"}],"location":[{"value":419,"label":"Venlo"}],"product_cat":[{"value":27,"label":"Geen categorie"}]},"featured_image_src_large":["https:\/\/testwebsite.citygame.com\/wp-content\/blogs.dir\/1\/files\/sites\/62\/2026\/01\/group-of-friends-playing-city-game-venlo-1024x683.jpg",1024,683,true],"author_info":[],"comment_info":"","_links":{"self":[{"href":"https:\/\/testwebsite.citygame.com\/sl\/wp-json\/wp\/v2\/product\/57889","targetHints":{"allow":["GET"]}}],"collection":[{"href":"https:\/\/testwebsite.citygame.com\/sl\/wp-json\/wp\/v2\/product"}],"about":[{"href":"https:\/\/testwebsite.citygame.com\/sl\/wp-json\/wp\/v2\/types\/product"}],"acf:post":[{"embeddable":true,"href":"https:\/\/testwebsite.citygame.com\/sl\/wp-json\/wp\/v2\/pages\/4549"}],"wp:featuredmedia":[{"embeddable":true,"href":"https:\/\/testwebsite.citygame.com\/sl\/wp-json\/wp\/v2\/media\/4565"}],"wp:attachment":[{"href":"https:\/\/testwebsite.citygame.com\/sl\/wp-json\/wp\/v2\/media?parent=57889"}],"wp:term":[{"taxonomy":"game-concept","embeddable":true,"href":"https:\/\/testwebsite.citygame.com\/sl\/wp-json\/wp\/v2\/game-concept?post=57889"},{"taxonomy":"location","embeddable":true,"href":"https:\/\/testwebsite.citygame.com\/sl\/wp-json\/wp\/v2\/location?post=57889"},{"taxonomy":"product_brand","embeddable":true,"href":"https:\/\/testwebsite.citygame.com\/sl\/wp-json\/wp\/v2\/product_brand?post=57889"},{"taxonomy":"product_cat","embeddable":true,"href":"https:\/\/testwebsite.citygame.com\/sl\/wp-json\/wp\/v2\/product_cat?post=57889"},{"taxonomy":"product_tag","embeddable":true,"href":"https:\/\/testwebsite.citygame.com\/sl\/wp-json\/wp\/v2\/product_tag?post=57889"}],"curies":[{"name":"wp","href":"https:\/\/api.w.org\/{rel}","templated":true}]}}