{"id":57727,"date":"2026-02-15T19:24:07","date_gmt":"2026-02-15T19:24:07","guid":{"rendered":"https:\/\/testwebsite.citygame.com\/games\/unknown-location\/the-vienna-syndicate\/"},"modified":"2026-04-08T01:00:30","modified_gmt":"2026-04-08T01:00:30","slug":"the-vienna-syndicate","status":"publish","type":"product","link":"https:\/\/testwebsite.citygame.com\/sl\/games\/vienna\/the-vienna-syndicate\/","title":{"rendered":"The Vienna Syndicate"},"content":{"rendered":"<p>Ta samovodna mestna igra pobega poteka v zgodovinskem mestnem sredi\u0161\u010du Dunaja. Kot ekipa igralci sodelujejo pri iskanju te\u017eko ulovljivega Magnusa in re\u0161evanju \u0161estih ukradenih formul z re\u0161evanjem ugank, opravljanjem nalog in premagovanjem izzivov. Z mo\u010dnim poudarkom na timskem delu, pripovedovanju zgodb in postopnem napredovanju misije, ta mestna igra na Dunaju ponuja privla\u010dno samovodno izku\u0161njo mestne igre.<\/p>\n","protected":false},"excerpt":{"rendered":"<p>Potopite se v vznemirljivi svet mestne igre pobega The Vienna Syndicate, vznemirljivega, samovodnega potovanja, postavljenega v zanimivo okolje Dunaja. Skupaj s svojo ekipo boste razvozlali skrivnostne namige, re\u0161ili zapletene uganke in razkrili vznemirljivo zgodbo, napredujo\u010d korak za korakom, medtem ko ura tiktaka &#8211; to je tekma s \u010dasom, da odkrijete resnico!<\/p>\n","protected":false},"featured_media":13826,"template":"","meta":{"_acf_changed":false,"_yoast_wpseo_focuskw":"The Vienna Syndicate","_yoast_wpseo_metadesc":"The Vienna Syndicate. Igrajte samovodno mestno igro pobega, re\u0161ujte uganke, dokon\u010dajte misije in pridobite ukradene formule v svojem tempu!","_kad_blocks_custom_css":"","_kad_blocks_head_custom_js":"","_kad_blocks_body_custom_js":"","_kad_blocks_footer_custom_js":"","ghostkit_customizer_options":"","ghostkit_custom_css":"","ghostkit_custom_js_head":"","ghostkit_custom_js_foot":"","ghostkit_typography":"","_kad_post_transparent":"","_kad_post_title":"","_kad_post_layout":"","_kad_post_sidebar_id":"","_kad_post_content_style":"","_kad_post_vertical_padding":"","_kad_post_feature":"","_kad_post_feature_position":"","_kad_post_header":false,"_kad_post_footer":false,"_kad_post_classname":"","_links_to":"","_links_to_target":""},"game-concept":[759],"location":[420],"product_brand":[],"product_cat":[27],"product_tag":[],"class_list":{"0":"post-57727","1":"product","2":"type-product","3":"status-publish","4":"has-post-thumbnail","6":"game-concept-syndicate","7":"location-vienna","8":"product_cat-geen-categorie","10":"first","11":"instock","12":"shipping-taxable","13":"purchasable","14":"product-type-simple","15":"entry","16":"content-bg","17":"loop-entry"},"acf":{"full_bokun_product_name":"Self-Guided The Vienna Syndicate City Escape Game","location_name":"Vienna","bokun_calendar_widget_code":"<script type=\"text\/javascript\" src=\"https:\/\/widgets.bokun.io\/assets\/javascripts\/apps\/build\/BokunWidgetsLoader.js?bookingChannelUUID=a1e93e96-5232-4734-a595-28405f4b5a31\" async><\/script>\n     \n    <div class=\"bokunWidget\" data-src=\"https:\/\/widgets.bokun.io\/online-sales\/a1e93e96-5232-4734-a595-28405f4b5a31\/experience-calendar\/811012\"><\/div>\n    <noscript>Please enable javascript in your browser to book<\/noscript>","bokun_button_widget_code":"<script type=\"text\/javascript\" src=\"https:\/\/widgets.bokun.io\/assets\/javascripts\/apps\/build\/BokunWidgetsLoader.js?bookingChannelUUID=a1e93e96-5232-4734-a595-28405f4b5a31\" async><\/script>\n      <style> #bokun_ed001e45_5927_4f62_b470_ca766338d083 { display: inline-block; padding: .4em 1em; background: #47b82e; border-radius: 999999px; box-shadow: none; font-weight: 600; font-size: 24px; text-decoration: none; text-align: center; color: #FFFFFF; border:none; cursor: pointer; transition: background .2s ease; } #bokun_ed001e45_5927_4f62_b470_ca766338d083:hover{ background: #2f7b1f; } #bokun_ed001e45_5927_4f62_b470_ca766338d083:active{ background: #378f24; } <\/style> <button class=\"bokunButton\" disabled id=bokun_ed001e45_5927_4f62_b470_ca766338d083 data-src=\"https:\/\/widgets.bokun.io\/online-sales\/a1e93e96-5232-4734-a595-28405f4b5a31\/experience-calendar\/811012?partialView=1\" data-testid=\"widget-book-button\" > Book now <\/button> ","what_you\u2019ll_experience_during_the_game":"Vpleteni v misijo pobega z visokimi vlo\u017eki, postavljeno na Dunaju, morate vi in va\u0161a ekipa zasledovati te\u017eko ulovljivega Magnusa skozi spreminjajo\u010do se sled namigov in \u0161ifriranih sporo\u010dil. Cilj je jasen: pridobiti \u0161est ukradenih formul, preden izginejo za vedno. Vsaka lokacija vodi do naslednje, razkrivajo\u010d zgodbo del\u010dek za del\u010dkom, ko se premikate po ulicah, re\u0161ujete dinami\u010dne uganke in razkrivate plasti kodiranih informacij.\n\nMisija je v celoti zgodbeno vodena, pri \u010demer je vsak izziv zasnovan tako, da preizkusi va\u0161e timsko delo, komunikacijo in sposobnost hitrega, premi\u0161ljenega odlo\u010danja pod pritiskom. Dunaj postane ozadje va\u0161e operacije, utemeljuje izku\u0161njo v resni\u010dnem okolju, hkrati pa ohranja osredoto\u010denost na razvijajo\u010do se pripoved. Igrajte v svojem tempu, z mo\u017enostjo, da za\u010dasno ustavite in nadaljujete, ko je potrebno \u2013 va\u0161e odlo\u010ditve oblikujejo pot naprej.","how_to_play":"Rezervirajte mestno igro, preverite e-po\u0161to z navodili, ki vam jo po\u0161ljemo, prenesite aplikacijo Loquiz in za\u010dnite svojo igralno izku\u0161njo!","start_location":"Vienna, Graben","available_languages":["en"],"players_per_group":"1-4","duration":"1.5-2 hours","image_overlay_color_image":"https:\/\/testwebsite.citygame.com\/wp-content\/blogs.dir\/1\/files\/sites\/62\/2026\/01\/SyndicateColor.svg","image_overlay_game_logo":"https:\/\/testwebsite.citygame.com\/wp-content\/blogs.dir\/1\/files\/sites\/62\/2026\/01\/SyndicateLogo.png","city_page":5051,"woocommerce_general_content":null},"yoast_head":"<!-- This site is optimized with the Yoast SEO Premium plugin v26.2 (Yoast SEO v26.3) - https:\/\/yoast.com\/wordpress\/plugins\/seo\/ -->\n<title>The Vienna Syndicate - City Game<\/title>\n<meta name=\"description\" content=\"The Vienna Syndicate. Igrajte samovodno mestno igro pobega, re\u0161ujte uganke, dokon\u010dajte misije in pridobite ukradene formule v svojem tempu!\" \/>\n<meta name=\"robots\" content=\"noindex, follow, max-snippet:-1, max-image-preview:large, max-video-preview:-1\" \/>\n<meta property=\"og:locale\" content=\"sl_SI\" \/>\n<meta property=\"og:type\" content=\"article\" \/>\n<meta property=\"og:title\" content=\"The Vienna Syndicate\" \/>\n<meta property=\"og:description\" content=\"The Vienna Syndicate. Igrajte samovodno mestno igro pobega, re\u0161ujte uganke, dokon\u010dajte misije in pridobite ukradene formule v svojem tempu!\" \/>\n<meta property=\"og:url\" content=\"https:\/\/testwebsite.citygame.com\/sl\/games\/vienna\/the-vienna-syndicate\/\" \/>\n<meta property=\"og:site_name\" content=\"City Game\" \/>\n<meta property=\"article:publisher\" content=\"https:\/\/www.facebook.com\/profile.php?id=100086426226253\" \/>\n<meta property=\"article:modified_time\" content=\"2026-04-08T01:00:30+00:00\" \/>\n<meta property=\"og:image\" content=\"https:\/\/testwebsite.citygame.com\/wp-content\/blogs.dir\/1\/files\/sites\/62\/2026\/02\/woman-playing-city-game-peterskirche-vienna.jpg\" \/>\n\t<meta property=\"og:image:width\" content=\"1024\" \/>\n\t<meta property=\"og:image:height\" content=\"1024\" \/>\n\t<meta property=\"og:image:type\" content=\"image\/jpeg\" \/>\n<meta name=\"twitter:card\" content=\"summary_large_image\" \/>\n<script type=\"application\/ld+json\" class=\"yoast-schema-graph\">{\"@context\":\"https:\/\/schema.org\",\"@graph\":[{\"@type\":\"WebPage\",\"@id\":\"https:\/\/testwebsite.citygame.com\/sl\/games\/vienna\/the-vienna-syndicate\/\",\"url\":\"https:\/\/testwebsite.citygame.com\/sl\/games\/vienna\/the-vienna-syndicate\/\",\"name\":\"The Vienna Syndicate - City Game\",\"isPartOf\":{\"@id\":\"https:\/\/testwebsite.upevents.nl\/#website\"},\"primaryImageOfPage\":{\"@id\":\"https:\/\/testwebsite.citygame.com\/sl\/games\/vienna\/the-vienna-syndicate\/#primaryimage\"},\"image\":{\"@id\":\"https:\/\/testwebsite.citygame.com\/sl\/games\/vienna\/the-vienna-syndicate\/#primaryimage\"},\"thumbnailUrl\":\"https:\/\/testwebsite.citygame.com\/wp-content\/blogs.dir\/1\/files\/sites\/62\/2026\/02\/woman-playing-city-game-peterskirche-vienna.jpg\",\"datePublished\":\"2026-02-15T19:24:07+00:00\",\"dateModified\":\"2026-04-08T01:00:30+00:00\",\"description\":\"The Vienna Syndicate. Igrajte samovodno mestno igro pobega, re\u0161ujte uganke, dokon\u010dajte misije in pridobite ukradene formule v svojem tempu!\",\"breadcrumb\":{\"@id\":\"https:\/\/testwebsite.citygame.com\/sl\/games\/vienna\/the-vienna-syndicate\/#breadcrumb\"},\"inLanguage\":\"sl-SI\",\"potentialAction\":[{\"@type\":\"ReadAction\",\"target\":[\"https:\/\/testwebsite.citygame.com\/sl\/games\/vienna\/the-vienna-syndicate\/\"]}]},{\"@type\":\"ImageObject\",\"inLanguage\":\"sl-SI\",\"@id\":\"https:\/\/testwebsite.citygame.com\/sl\/games\/vienna\/the-vienna-syndicate\/#primaryimage\",\"url\":\"https:\/\/testwebsite.citygame.com\/wp-content\/blogs.dir\/1\/files\/sites\/62\/2026\/02\/woman-playing-city-game-peterskirche-vienna.jpg\",\"contentUrl\":\"https:\/\/testwebsite.citygame.com\/wp-content\/blogs.dir\/1\/files\/sites\/62\/2026\/02\/woman-playing-city-game-peterskirche-vienna.jpg\",\"width\":1024,\"height\":1024,\"caption\":\"A player uses her smartphone to engage with a city game in a historic Vienna street.\"},{\"@type\":\"BreadcrumbList\",\"@id\":\"https:\/\/testwebsite.citygame.com\/sl\/games\/vienna\/the-vienna-syndicate\/#breadcrumb\",\"itemListElement\":[{\"@type\":\"ListItem\",\"position\":1,\"name\":\"Home\",\"item\":\"https:\/\/testwebsite.citygame.com\/sl\/\"},{\"@type\":\"ListItem\",\"position\":2,\"name\":\"Shop\",\"item\":\"https:\/\/testwebsite.citygame.com\/shop\/\"},{\"@type\":\"ListItem\",\"position\":3,\"name\":\"The Vienna Syndicate\"}]},{\"@type\":\"WebSite\",\"@id\":\"https:\/\/testwebsite.upevents.nl\/#website\",\"url\":\"https:\/\/testwebsite.upevents.nl\/\",\"name\":\"City Game\",\"description\":\"\",\"publisher\":{\"@id\":\"https:\/\/testwebsite.upevents.nl\/#organization\"},\"alternateName\":\"citygame.com\",\"potentialAction\":[{\"@type\":\"SearchAction\",\"target\":{\"@type\":\"EntryPoint\",\"urlTemplate\":\"https:\/\/testwebsite.upevents.nl\/?s={search_term_string}\"},\"query-input\":{\"@type\":\"PropertyValueSpecification\",\"valueRequired\":true,\"valueName\":\"search_term_string\"}}],\"inLanguage\":\"sl-SI\"},{\"@type\":[\"Organization\",\"Place\"],\"@id\":\"https:\/\/testwebsite.upevents.nl\/#organization\",\"name\":\"City Game\",\"alternateName\":\"citygame.com\",\"url\":\"https:\/\/testwebsite.upevents.nl\/\",\"logo\":{\"@id\":\"https:\/\/testwebsite.citygame.com\/sl\/games\/vienna\/the-vienna-syndicate\/#local-main-organization-logo\"},\"image\":{\"@id\":\"https:\/\/testwebsite.citygame.com\/sl\/games\/vienna\/the-vienna-syndicate\/#local-main-organization-logo\"},\"sameAs\":[\"https:\/\/www.facebook.com\/profile.php?id=100086426226253\",\"https:\/\/www.instagram.com\/citygame_com\",\"https:\/\/www.tiktok.com\/@citygamecom\/\",\"https:\/\/www.linkedin.com\/company\/citygame-com\"],\"description\":\"Turn any city into a playground with our interactive City Games and self-guided tours. Fun, flexible, and ideal for groups and team building.\",\"telephone\":[],\"openingHoursSpecification\":[{\"@type\":\"OpeningHoursSpecification\",\"dayOfWeek\":[\"Monday\",\"Tuesday\",\"Wednesday\",\"Thursday\",\"Friday\",\"Saturday\",\"Sunday\"],\"opens\":\"09:00\",\"closes\":\"17:00\"}]},{\"@type\":\"ImageObject\",\"inLanguage\":\"sl-SI\",\"@id\":\"https:\/\/testwebsite.citygame.com\/sl\/games\/vienna\/the-vienna-syndicate\/#local-main-organization-logo\",\"url\":\"https:\/\/testwebsite.citygame.com\/wp-content\/blogs.dir\/1\/files\/sites\/62\/2025\/10\/CG_LOGO-City-Game.png\",\"contentUrl\":\"https:\/\/testwebsite.citygame.com\/wp-content\/blogs.dir\/1\/files\/sites\/62\/2025\/10\/CG_LOGO-City-Game.png\",\"width\":351,\"height\":377,\"caption\":\"City Game\"}]}<\/script>\n<!-- \/ Yoast SEO Premium plugin. -->","yoast_head_json":{"title":"The Vienna Syndicate - City Game","description":"The Vienna Syndicate. Igrajte samovodno mestno igro pobega, re\u0161ujte uganke, dokon\u010dajte misije in pridobite ukradene formule v svojem tempu!","robots":{"index":"noindex","follow":"follow","max-snippet":"max-snippet:-1","max-image-preview":"max-image-preview:large","max-video-preview":"max-video-preview:-1"},"og_locale":"sl_SI","og_type":"article","og_title":"The Vienna Syndicate","og_description":"The Vienna Syndicate. Igrajte samovodno mestno igro pobega, re\u0161ujte uganke, dokon\u010dajte misije in pridobite ukradene formule v svojem tempu!","og_url":"https:\/\/testwebsite.citygame.com\/sl\/games\/vienna\/the-vienna-syndicate\/","og_site_name":"City Game","article_publisher":"https:\/\/www.facebook.com\/profile.php?id=100086426226253","article_modified_time":"2026-04-08T01:00:30+00:00","og_image":[{"width":1024,"height":1024,"url":"https:\/\/testwebsite.citygame.com\/wp-content\/blogs.dir\/1\/files\/sites\/62\/2026\/02\/woman-playing-city-game-peterskirche-vienna.jpg","type":"image\/jpeg"}],"twitter_card":"summary_large_image","schema":{"@context":"https:\/\/schema.org","@graph":[{"@type":"WebPage","@id":"https:\/\/testwebsite.citygame.com\/sl\/games\/vienna\/the-vienna-syndicate\/","url":"https:\/\/testwebsite.citygame.com\/sl\/games\/vienna\/the-vienna-syndicate\/","name":"The Vienna Syndicate - City Game","isPartOf":{"@id":"https:\/\/testwebsite.upevents.nl\/#website"},"primaryImageOfPage":{"@id":"https:\/\/testwebsite.citygame.com\/sl\/games\/vienna\/the-vienna-syndicate\/#primaryimage"},"image":{"@id":"https:\/\/testwebsite.citygame.com\/sl\/games\/vienna\/the-vienna-syndicate\/#primaryimage"},"thumbnailUrl":"https:\/\/testwebsite.citygame.com\/wp-content\/blogs.dir\/1\/files\/sites\/62\/2026\/02\/woman-playing-city-game-peterskirche-vienna.jpg","datePublished":"2026-02-15T19:24:07+00:00","dateModified":"2026-04-08T01:00:30+00:00","description":"The Vienna Syndicate. Igrajte samovodno mestno igro pobega, re\u0161ujte uganke, dokon\u010dajte misije in pridobite ukradene formule v svojem tempu!","breadcrumb":{"@id":"https:\/\/testwebsite.citygame.com\/sl\/games\/vienna\/the-vienna-syndicate\/#breadcrumb"},"inLanguage":"sl-SI","potentialAction":[{"@type":"ReadAction","target":["https:\/\/testwebsite.citygame.com\/sl\/games\/vienna\/the-vienna-syndicate\/"]}]},{"@type":"ImageObject","inLanguage":"sl-SI","@id":"https:\/\/testwebsite.citygame.com\/sl\/games\/vienna\/the-vienna-syndicate\/#primaryimage","url":"https:\/\/testwebsite.citygame.com\/wp-content\/blogs.dir\/1\/files\/sites\/62\/2026\/02\/woman-playing-city-game-peterskirche-vienna.jpg","contentUrl":"https:\/\/testwebsite.citygame.com\/wp-content\/blogs.dir\/1\/files\/sites\/62\/2026\/02\/woman-playing-city-game-peterskirche-vienna.jpg","width":1024,"height":1024,"caption":"A player uses her smartphone to engage with a city game in a historic Vienna street."},{"@type":"BreadcrumbList","@id":"https:\/\/testwebsite.citygame.com\/sl\/games\/vienna\/the-vienna-syndicate\/#breadcrumb","itemListElement":[{"@type":"ListItem","position":1,"name":"Home","item":"https:\/\/testwebsite.citygame.com\/sl\/"},{"@type":"ListItem","position":2,"name":"Shop","item":"https:\/\/testwebsite.citygame.com\/shop\/"},{"@type":"ListItem","position":3,"name":"The Vienna Syndicate"}]},{"@type":"WebSite","@id":"https:\/\/testwebsite.upevents.nl\/#website","url":"https:\/\/testwebsite.upevents.nl\/","name":"City Game","description":"","publisher":{"@id":"https:\/\/testwebsite.upevents.nl\/#organization"},"alternateName":"citygame.com","potentialAction":[{"@type":"SearchAction","target":{"@type":"EntryPoint","urlTemplate":"https:\/\/testwebsite.upevents.nl\/?s={search_term_string}"},"query-input":{"@type":"PropertyValueSpecification","valueRequired":true,"valueName":"search_term_string"}}],"inLanguage":"sl-SI"},{"@type":["Organization","Place"],"@id":"https:\/\/testwebsite.upevents.nl\/#organization","name":"City Game","alternateName":"citygame.com","url":"https:\/\/testwebsite.upevents.nl\/","logo":{"@id":"https:\/\/testwebsite.citygame.com\/sl\/games\/vienna\/the-vienna-syndicate\/#local-main-organization-logo"},"image":{"@id":"https:\/\/testwebsite.citygame.com\/sl\/games\/vienna\/the-vienna-syndicate\/#local-main-organization-logo"},"sameAs":["https:\/\/www.facebook.com\/profile.php?id=100086426226253","https:\/\/www.instagram.com\/citygame_com","https:\/\/www.tiktok.com\/@citygamecom\/","https:\/\/www.linkedin.com\/company\/citygame-com"],"description":"Turn any city into a playground with our interactive City Games and self-guided tours. Fun, flexible, and ideal for groups and team building.","telephone":[],"openingHoursSpecification":[{"@type":"OpeningHoursSpecification","dayOfWeek":["Monday","Tuesday","Wednesday","Thursday","Friday","Saturday","Sunday"],"opens":"09:00","closes":"17:00"}]},{"@type":"ImageObject","inLanguage":"sl-SI","@id":"https:\/\/testwebsite.citygame.com\/sl\/games\/vienna\/the-vienna-syndicate\/#local-main-organization-logo","url":"https:\/\/testwebsite.citygame.com\/wp-content\/blogs.dir\/1\/files\/sites\/62\/2025\/10\/CG_LOGO-City-Game.png","contentUrl":"https:\/\/testwebsite.citygame.com\/wp-content\/blogs.dir\/1\/files\/sites\/62\/2025\/10\/CG_LOGO-City-Game.png","width":351,"height":377,"caption":"City Game"}]}},"taxonomy_info":{"game-concept":[{"value":759,"label":"Syndicate"}],"location":[{"value":420,"label":"Vienna"}],"product_cat":[{"value":27,"label":"Geen categorie"}]},"featured_image_src_large":["https:\/\/testwebsite.citygame.com\/wp-content\/blogs.dir\/1\/files\/sites\/62\/2026\/02\/woman-playing-city-game-peterskirche-vienna.jpg",1024,1024,false],"author_info":[],"comment_info":"","_links":{"self":[{"href":"https:\/\/testwebsite.citygame.com\/sl\/wp-json\/wp\/v2\/product\/57727","targetHints":{"allow":["GET"]}}],"collection":[{"href":"https:\/\/testwebsite.citygame.com\/sl\/wp-json\/wp\/v2\/product"}],"about":[{"href":"https:\/\/testwebsite.citygame.com\/sl\/wp-json\/wp\/v2\/types\/product"}],"acf:post":[{"embeddable":true,"href":"https:\/\/testwebsite.citygame.com\/sl\/wp-json\/wp\/v2\/pages\/5051"}],"wp:featuredmedia":[{"embeddable":true,"href":"https:\/\/testwebsite.citygame.com\/sl\/wp-json\/wp\/v2\/media\/13826"}],"wp:attachment":[{"href":"https:\/\/testwebsite.citygame.com\/sl\/wp-json\/wp\/v2\/media?parent=57727"}],"wp:term":[{"taxonomy":"game-concept","embeddable":true,"href":"https:\/\/testwebsite.citygame.com\/sl\/wp-json\/wp\/v2\/game-concept?post=57727"},{"taxonomy":"location","embeddable":true,"href":"https:\/\/testwebsite.citygame.com\/sl\/wp-json\/wp\/v2\/location?post=57727"},{"taxonomy":"product_brand","embeddable":true,"href":"https:\/\/testwebsite.citygame.com\/sl\/wp-json\/wp\/v2\/product_brand?post=57727"},{"taxonomy":"product_cat","embeddable":true,"href":"https:\/\/testwebsite.citygame.com\/sl\/wp-json\/wp\/v2\/product_cat?post=57727"},{"taxonomy":"product_tag","embeddable":true,"href":"https:\/\/testwebsite.citygame.com\/sl\/wp-json\/wp\/v2\/product_tag?post=57727"}],"curies":[{"name":"wp","href":"https:\/\/api.w.org\/{rel}","templated":true}]}}