{"id":56725,"date":"2026-02-04T14:40:39","date_gmt":"2026-02-04T14:40:39","guid":{"rendered":"https:\/\/testwebsite.citygame.com\/games\/unknown-location\/sherlock-holmes-antwerp\/"},"modified":"2026-04-07T23:10:38","modified_gmt":"2026-04-07T23:10:38","slug":"sherlock-holmes-antwerp","status":"publish","type":"product","link":"https:\/\/testwebsite.citygame.com\/sl\/games\/antwerp\/sherlock-holmes-antwerp\/","title":{"rendered":"Sherlock Holmes Antwerp"},"content":{"rendered":"<p>Vstopite v svet Sherlocka Holmesa s to samovodeno, zgodbovno detektivsko igro City Game, postavljeno v zgodovinsko sredi\u0161\u010de Antwerpna. Ko mesto postane dramati\u010dno prizori\u0161\u010de kompleksne preiskave, igralci odkrivajo namige, re\u0161ujejo uganke in zasli\u0161ujejo digitalne osumljence, da razkrijejo resnico za umorom, storjenim med festivalom Liberty Festival. Vodeni z razvijajo\u010do se pripovedjo in svobodo igranja v svojem ritmu, se boste potopili v napeto detektivsko izku\u0161njo, vredno samega Holmesa.<\/p>\n","protected":false},"excerpt":{"rendered":"<p>Stopite v \u010devlje ikoni\u010dnega Sherlocka Holmesa v samovodeni igri umora in skrivnosti, postavljeni v osr\u010dje Antwerpna. Medtem ko raziskujete mesto, sledite sledem namigov, razre\u0161ite zanimive uganke in s svojo ekipo odkrijte resnico &#8211; \u010das je klju\u010dnega pomena!<\/p>\n","protected":false},"featured_media":10290,"template":"","meta":{"_acf_changed":false,"_yoast_wpseo_focuskw":"Sherlock Holmes Antwerp","_yoast_wpseo_metadesc":"Sherlock Holmes Antwerp. Igrajte samovodeno detektivsko igro City Game, re\u0161ujte uganke, sledite namigom in odkrijte morilca v svojem ritmu!","_kad_blocks_custom_css":"","_kad_blocks_head_custom_js":"","_kad_blocks_body_custom_js":"","_kad_blocks_footer_custom_js":"","ghostkit_customizer_options":"","ghostkit_custom_css":"","ghostkit_custom_js_head":"","ghostkit_custom_js_foot":"","ghostkit_typography":"","_kad_post_transparent":"","_kad_post_title":"","_kad_post_layout":"","_kad_post_sidebar_id":"","_kad_post_content_style":"","_kad_post_vertical_padding":"","_kad_post_feature":"","_kad_post_feature_position":"","_kad_post_header":false,"_kad_post_footer":false,"_kad_post_classname":"","_links_to":"","_links_to_target":""},"game-concept":[789],"location":[70],"product_brand":[],"product_cat":[27],"product_tag":[],"class_list":{"0":"post-56725","1":"product","2":"type-product","3":"status-publish","4":"has-post-thumbnail","6":"game-concept-sherlock","7":"location-antwerp","8":"product_cat-geen-categorie","10":"first","11":"instock","12":"shipping-taxable","13":"purchasable","14":"product-type-simple","15":"entry","16":"content-bg","17":"loop-entry"},"acf":{"full_bokun_product_name":"Antwerp Self-Guided Sherlock Holmes Murder Mystery Game","location_name":"Antwerp","bokun_calendar_widget_code":"<script type=\"text\/javascript\" src=\"https:\/\/widgets.bokun.io\/assets\/javascripts\/apps\/build\/BokunWidgetsLoader.js?bookingChannelUUID=a1e93e96-5232-4734-a595-28405f4b5a31\" async><\/script>\n     \n    <div class=\"bokunWidget\" data-src=\"https:\/\/widgets.bokun.io\/online-sales\/a1e93e96-5232-4734-a595-28405f4b5a31\/experience-calendar\/730956\"><\/div>\n    <noscript>Please enable javascript in your browser to book<\/noscript>","bokun_button_widget_code":"<script type=\"text\/javascript\" src=\"https:\/\/widgets.bokun.io\/assets\/javascripts\/apps\/build\/BokunWidgetsLoader.js?bookingChannelUUID=a1e93e96-5232-4734-a595-28405f4b5a31\" async><\/script>\n      <style> #bokun_ed001e45_5927_4f62_b470_ca766338d083 { display: inline-block; padding: .4em 1em; background: #47b82e; border-radius: 999999px; box-shadow: none; font-weight: 600; font-size: 24px; text-decoration: none; text-align: center; color: #FFFFFF; border:none; cursor: pointer; transition: background .2s ease; } #bokun_ed001e45_5927_4f62_b470_ca766338d083:hover{ background: #2f7b1f; } #bokun_ed001e45_5927_4f62_b470_ca766338d083:active{ background: #378f24; } <\/style> <button class=\"bokunButton\" disabled id=bokun_ed001e45_5927_4f62_b470_ca766338d083 data-src=\"https:\/\/widgets.bokun.io\/online-sales\/a1e93e96-5232-4734-a595-28405f4b5a31\/experience-calendar\/730956?partialView=1\" data-testid=\"widget-book-button\" > Book now <\/button> ","what_you\u2019ll_experience_during_the_game":"Vstopite v napeto detektivsko zgodbo, postavljeno v osr\u010dje Antwerpna, kjer mesto samo postane va\u0161e prizori\u0161\u010de zlo\u010dina. Ko se prebijate skozi njegove ulice, se skrivnost poglablja z vsakim korakom, vsaka lokacija pa razkriva nove plasti preiskave umora med festivalom Liberty Festival. Od sumni\u010davih sledi do nepri\u010dakovanih preobratov, zgodba se razvija, ko razkrivate zapletene namige, re\u0161ujete domiselne uganke in obvladujete nenadne zasuke, ki izzivajo va\u0161e detektivske instinkte.\n\nZasli\u0161evali boste digitalne osumljence, natan\u010dno preu\u010devali njihove alibije in odkrivali protislovja, ki bi lahko odprla primer. Kriti\u010dno razmi\u0161ljanje, ostro opazovanje in izostrena dedukcija bodo vodili va\u0161 napredek, ko boste delali na odkrivanju resnice. Celotna izku\u0161nja je v celoti vodena z zgodbo, zasnovana tako, da vas potegne v skrivnost in vas dr\u017ei vpetega na vsakem koraku. Imate popoln nadzor nad svojim tempom, s svobodo, da se ustavite in nadaljujete, kadar koli vam ustreza. \u010ce se odlo\u010dite igrati z ekipo, je prostor za prijateljsko tekmovanje, vendar va\u0161e osredoto\u010denost ostaja v re\u0161evanju primera skozi premi\u0161ljeno preiskavo.","how_to_play":"Igrajte sami ali s prijatelji, dru\u017eino ali sodelavci v ekipah do \u0161tirih oseb na napravo. Po rezervaciji boste prejeli e-po\u0161to z navodili, ki vsebujejo vse, kar potrebujete.","start_location":"Antwerp, Grote markt","available_languages":["en","es","fr","de","it","nl"],"players_per_group":"1-4","duration":"1.5-2 hours","image_overlay_color_image":"https:\/\/testwebsite.citygame.com\/wp-content\/blogs.dir\/1\/files\/sites\/62\/2026\/01\/SherlockColor.svg","image_overlay_game_logo":"https:\/\/testwebsite.citygame.com\/wp-content\/blogs.dir\/1\/files\/sites\/62\/2026\/01\/SherlockLogo.png","city_page":6317,"woocommerce_general_content":null},"yoast_head":"<!-- This site is optimized with the Yoast SEO Premium plugin v26.2 (Yoast SEO v26.3) - https:\/\/yoast.com\/wordpress\/plugins\/seo\/ -->\n<title>Sherlock Holmes Antwerp - City Game<\/title>\n<meta name=\"description\" content=\"Sherlock Holmes Antwerp. Igrajte samovodeno detektivsko igro City Game, re\u0161ujte uganke, sledite namigom in odkrijte morilca v svojem ritmu!\" \/>\n<meta name=\"robots\" content=\"noindex, follow, max-snippet:-1, max-image-preview:large, max-video-preview:-1\" \/>\n<meta property=\"og:locale\" content=\"sl_SI\" \/>\n<meta property=\"og:type\" content=\"article\" \/>\n<meta property=\"og:title\" content=\"Sherlock Holmes Antwerp\" \/>\n<meta property=\"og:description\" content=\"Sherlock Holmes Antwerp. Igrajte samovodeno detektivsko igro City Game, re\u0161ujte uganke, sledite namigom in odkrijte morilca v svojem ritmu!\" \/>\n<meta property=\"og:url\" content=\"https:\/\/testwebsite.citygame.com\/sl\/games\/antwerp\/sherlock-holmes-antwerp\/\" \/>\n<meta property=\"og:site_name\" content=\"City Game\" \/>\n<meta property=\"article:publisher\" content=\"https:\/\/www.facebook.com\/profile.php?id=100086426226253\" \/>\n<meta property=\"article:modified_time\" content=\"2026-04-07T23:10:38+00:00\" \/>\n<meta property=\"og:image\" content=\"https:\/\/testwebsite.citygame.com\/wp-content\/blogs.dir\/1\/files\/sites\/62\/2026\/02\/group-of-friends-playing-city-game-antwerp-1.jpg\" \/>\n\t<meta property=\"og:image:width\" content=\"1344\" \/>\n\t<meta property=\"og:image:height\" content=\"768\" \/>\n\t<meta property=\"og:image:type\" content=\"image\/jpeg\" \/>\n<meta name=\"twitter:card\" content=\"summary_large_image\" \/>\n<script type=\"application\/ld+json\" class=\"yoast-schema-graph\">{\"@context\":\"https:\/\/schema.org\",\"@graph\":[{\"@type\":\"WebPage\",\"@id\":\"https:\/\/testwebsite.citygame.com\/sl\/games\/antwerp\/sherlock-holmes-antwerp\/\",\"url\":\"https:\/\/testwebsite.citygame.com\/sl\/games\/antwerp\/sherlock-holmes-antwerp\/\",\"name\":\"Sherlock Holmes Antwerp - City Game\",\"isPartOf\":{\"@id\":\"https:\/\/testwebsite.upevents.nl\/#website\"},\"primaryImageOfPage\":{\"@id\":\"https:\/\/testwebsite.citygame.com\/sl\/games\/antwerp\/sherlock-holmes-antwerp\/#primaryimage\"},\"image\":{\"@id\":\"https:\/\/testwebsite.citygame.com\/sl\/games\/antwerp\/sherlock-holmes-antwerp\/#primaryimage\"},\"thumbnailUrl\":\"https:\/\/testwebsite.citygame.com\/wp-content\/blogs.dir\/1\/files\/sites\/62\/2026\/02\/group-of-friends-playing-city-game-antwerp-1.jpg\",\"datePublished\":\"2026-02-04T14:40:39+00:00\",\"dateModified\":\"2026-04-07T23:10:38+00:00\",\"description\":\"Sherlock Holmes Antwerp. Igrajte samovodeno detektivsko igro City Game, re\u0161ujte uganke, sledite namigom in odkrijte morilca v svojem ritmu!\",\"breadcrumb\":{\"@id\":\"https:\/\/testwebsite.citygame.com\/sl\/games\/antwerp\/sherlock-holmes-antwerp\/#breadcrumb\"},\"inLanguage\":\"sl-SI\",\"potentialAction\":[{\"@type\":\"ReadAction\",\"target\":[\"https:\/\/testwebsite.citygame.com\/sl\/games\/antwerp\/sherlock-holmes-antwerp\/\"]}]},{\"@type\":\"ImageObject\",\"inLanguage\":\"sl-SI\",\"@id\":\"https:\/\/testwebsite.citygame.com\/sl\/games\/antwerp\/sherlock-holmes-antwerp\/#primaryimage\",\"url\":\"https:\/\/testwebsite.citygame.com\/wp-content\/blogs.dir\/1\/files\/sites\/62\/2026\/02\/group-of-friends-playing-city-game-antwerp-1.jpg\",\"contentUrl\":\"https:\/\/testwebsite.citygame.com\/wp-content\/blogs.dir\/1\/files\/sites\/62\/2026\/02\/group-of-friends-playing-city-game-antwerp-1.jpg\",\"width\":1344,\"height\":768,\"caption\":\"A group of friends collaborates while looking at a mobile game on a street in Antwerp.\"},{\"@type\":\"BreadcrumbList\",\"@id\":\"https:\/\/testwebsite.citygame.com\/sl\/games\/antwerp\/sherlock-holmes-antwerp\/#breadcrumb\",\"itemListElement\":[{\"@type\":\"ListItem\",\"position\":1,\"name\":\"Home\",\"item\":\"https:\/\/testwebsite.citygame.com\/sl\/\"},{\"@type\":\"ListItem\",\"position\":2,\"name\":\"Shop\",\"item\":\"https:\/\/testwebsite.citygame.com\/shop\/\"},{\"@type\":\"ListItem\",\"position\":3,\"name\":\"Sherlock Holmes Antwerp\"}]},{\"@type\":\"WebSite\",\"@id\":\"https:\/\/testwebsite.upevents.nl\/#website\",\"url\":\"https:\/\/testwebsite.upevents.nl\/\",\"name\":\"City Game\",\"description\":\"\",\"publisher\":{\"@id\":\"https:\/\/testwebsite.upevents.nl\/#organization\"},\"alternateName\":\"citygame.com\",\"potentialAction\":[{\"@type\":\"SearchAction\",\"target\":{\"@type\":\"EntryPoint\",\"urlTemplate\":\"https:\/\/testwebsite.upevents.nl\/?s={search_term_string}\"},\"query-input\":{\"@type\":\"PropertyValueSpecification\",\"valueRequired\":true,\"valueName\":\"search_term_string\"}}],\"inLanguage\":\"sl-SI\"},{\"@type\":[\"Organization\",\"Place\"],\"@id\":\"https:\/\/testwebsite.upevents.nl\/#organization\",\"name\":\"City Game\",\"alternateName\":\"citygame.com\",\"url\":\"https:\/\/testwebsite.upevents.nl\/\",\"logo\":{\"@id\":\"https:\/\/testwebsite.citygame.com\/sl\/games\/antwerp\/sherlock-holmes-antwerp\/#local-main-organization-logo\"},\"image\":{\"@id\":\"https:\/\/testwebsite.citygame.com\/sl\/games\/antwerp\/sherlock-holmes-antwerp\/#local-main-organization-logo\"},\"sameAs\":[\"https:\/\/www.facebook.com\/profile.php?id=100086426226253\",\"https:\/\/www.instagram.com\/citygame_com\",\"https:\/\/www.tiktok.com\/@citygamecom\/\",\"https:\/\/www.linkedin.com\/company\/citygame-com\"],\"description\":\"Turn any city into a playground with our interactive City Games and self-guided tours. Fun, flexible, and ideal for groups and team building.\",\"telephone\":[],\"openingHoursSpecification\":[{\"@type\":\"OpeningHoursSpecification\",\"dayOfWeek\":[\"Monday\",\"Tuesday\",\"Wednesday\",\"Thursday\",\"Friday\",\"Saturday\",\"Sunday\"],\"opens\":\"09:00\",\"closes\":\"17:00\"}]},{\"@type\":\"ImageObject\",\"inLanguage\":\"sl-SI\",\"@id\":\"https:\/\/testwebsite.citygame.com\/sl\/games\/antwerp\/sherlock-holmes-antwerp\/#local-main-organization-logo\",\"url\":\"https:\/\/testwebsite.citygame.com\/wp-content\/blogs.dir\/1\/files\/sites\/62\/2025\/10\/CG_LOGO-City-Game.png\",\"contentUrl\":\"https:\/\/testwebsite.citygame.com\/wp-content\/blogs.dir\/1\/files\/sites\/62\/2025\/10\/CG_LOGO-City-Game.png\",\"width\":351,\"height\":377,\"caption\":\"City Game\"}]}<\/script>\n<!-- \/ Yoast SEO Premium plugin. -->","yoast_head_json":{"title":"Sherlock Holmes Antwerp - City Game","description":"Sherlock Holmes Antwerp. Igrajte samovodeno detektivsko igro City Game, re\u0161ujte uganke, sledite namigom in odkrijte morilca v svojem ritmu!","robots":{"index":"noindex","follow":"follow","max-snippet":"max-snippet:-1","max-image-preview":"max-image-preview:large","max-video-preview":"max-video-preview:-1"},"og_locale":"sl_SI","og_type":"article","og_title":"Sherlock Holmes Antwerp","og_description":"Sherlock Holmes Antwerp. Igrajte samovodeno detektivsko igro City Game, re\u0161ujte uganke, sledite namigom in odkrijte morilca v svojem ritmu!","og_url":"https:\/\/testwebsite.citygame.com\/sl\/games\/antwerp\/sherlock-holmes-antwerp\/","og_site_name":"City Game","article_publisher":"https:\/\/www.facebook.com\/profile.php?id=100086426226253","article_modified_time":"2026-04-07T23:10:38+00:00","og_image":[{"width":1344,"height":768,"url":"https:\/\/testwebsite.citygame.com\/wp-content\/blogs.dir\/1\/files\/sites\/62\/2026\/02\/group-of-friends-playing-city-game-antwerp-1.jpg","type":"image\/jpeg"}],"twitter_card":"summary_large_image","schema":{"@context":"https:\/\/schema.org","@graph":[{"@type":"WebPage","@id":"https:\/\/testwebsite.citygame.com\/sl\/games\/antwerp\/sherlock-holmes-antwerp\/","url":"https:\/\/testwebsite.citygame.com\/sl\/games\/antwerp\/sherlock-holmes-antwerp\/","name":"Sherlock Holmes Antwerp - City Game","isPartOf":{"@id":"https:\/\/testwebsite.upevents.nl\/#website"},"primaryImageOfPage":{"@id":"https:\/\/testwebsite.citygame.com\/sl\/games\/antwerp\/sherlock-holmes-antwerp\/#primaryimage"},"image":{"@id":"https:\/\/testwebsite.citygame.com\/sl\/games\/antwerp\/sherlock-holmes-antwerp\/#primaryimage"},"thumbnailUrl":"https:\/\/testwebsite.citygame.com\/wp-content\/blogs.dir\/1\/files\/sites\/62\/2026\/02\/group-of-friends-playing-city-game-antwerp-1.jpg","datePublished":"2026-02-04T14:40:39+00:00","dateModified":"2026-04-07T23:10:38+00:00","description":"Sherlock Holmes Antwerp. Igrajte samovodeno detektivsko igro City Game, re\u0161ujte uganke, sledite namigom in odkrijte morilca v svojem ritmu!","breadcrumb":{"@id":"https:\/\/testwebsite.citygame.com\/sl\/games\/antwerp\/sherlock-holmes-antwerp\/#breadcrumb"},"inLanguage":"sl-SI","potentialAction":[{"@type":"ReadAction","target":["https:\/\/testwebsite.citygame.com\/sl\/games\/antwerp\/sherlock-holmes-antwerp\/"]}]},{"@type":"ImageObject","inLanguage":"sl-SI","@id":"https:\/\/testwebsite.citygame.com\/sl\/games\/antwerp\/sherlock-holmes-antwerp\/#primaryimage","url":"https:\/\/testwebsite.citygame.com\/wp-content\/blogs.dir\/1\/files\/sites\/62\/2026\/02\/group-of-friends-playing-city-game-antwerp-1.jpg","contentUrl":"https:\/\/testwebsite.citygame.com\/wp-content\/blogs.dir\/1\/files\/sites\/62\/2026\/02\/group-of-friends-playing-city-game-antwerp-1.jpg","width":1344,"height":768,"caption":"A group of friends collaborates while looking at a mobile game on a street in Antwerp."},{"@type":"BreadcrumbList","@id":"https:\/\/testwebsite.citygame.com\/sl\/games\/antwerp\/sherlock-holmes-antwerp\/#breadcrumb","itemListElement":[{"@type":"ListItem","position":1,"name":"Home","item":"https:\/\/testwebsite.citygame.com\/sl\/"},{"@type":"ListItem","position":2,"name":"Shop","item":"https:\/\/testwebsite.citygame.com\/shop\/"},{"@type":"ListItem","position":3,"name":"Sherlock Holmes Antwerp"}]},{"@type":"WebSite","@id":"https:\/\/testwebsite.upevents.nl\/#website","url":"https:\/\/testwebsite.upevents.nl\/","name":"City Game","description":"","publisher":{"@id":"https:\/\/testwebsite.upevents.nl\/#organization"},"alternateName":"citygame.com","potentialAction":[{"@type":"SearchAction","target":{"@type":"EntryPoint","urlTemplate":"https:\/\/testwebsite.upevents.nl\/?s={search_term_string}"},"query-input":{"@type":"PropertyValueSpecification","valueRequired":true,"valueName":"search_term_string"}}],"inLanguage":"sl-SI"},{"@type":["Organization","Place"],"@id":"https:\/\/testwebsite.upevents.nl\/#organization","name":"City Game","alternateName":"citygame.com","url":"https:\/\/testwebsite.upevents.nl\/","logo":{"@id":"https:\/\/testwebsite.citygame.com\/sl\/games\/antwerp\/sherlock-holmes-antwerp\/#local-main-organization-logo"},"image":{"@id":"https:\/\/testwebsite.citygame.com\/sl\/games\/antwerp\/sherlock-holmes-antwerp\/#local-main-organization-logo"},"sameAs":["https:\/\/www.facebook.com\/profile.php?id=100086426226253","https:\/\/www.instagram.com\/citygame_com","https:\/\/www.tiktok.com\/@citygamecom\/","https:\/\/www.linkedin.com\/company\/citygame-com"],"description":"Turn any city into a playground with our interactive City Games and self-guided tours. Fun, flexible, and ideal for groups and team building.","telephone":[],"openingHoursSpecification":[{"@type":"OpeningHoursSpecification","dayOfWeek":["Monday","Tuesday","Wednesday","Thursday","Friday","Saturday","Sunday"],"opens":"09:00","closes":"17:00"}]},{"@type":"ImageObject","inLanguage":"sl-SI","@id":"https:\/\/testwebsite.citygame.com\/sl\/games\/antwerp\/sherlock-holmes-antwerp\/#local-main-organization-logo","url":"https:\/\/testwebsite.citygame.com\/wp-content\/blogs.dir\/1\/files\/sites\/62\/2025\/10\/CG_LOGO-City-Game.png","contentUrl":"https:\/\/testwebsite.citygame.com\/wp-content\/blogs.dir\/1\/files\/sites\/62\/2025\/10\/CG_LOGO-City-Game.png","width":351,"height":377,"caption":"City Game"}]}},"taxonomy_info":{"game-concept":[{"value":789,"label":"Sherlock"}],"location":[{"value":70,"label":"Antwerp"}],"product_cat":[{"value":27,"label":"Geen categorie"}]},"featured_image_src_large":["https:\/\/testwebsite.citygame.com\/wp-content\/blogs.dir\/1\/files\/sites\/62\/2026\/02\/group-of-friends-playing-city-game-antwerp-1-1024x585.jpg",1024,585,true],"author_info":[],"comment_info":"","_links":{"self":[{"href":"https:\/\/testwebsite.citygame.com\/sl\/wp-json\/wp\/v2\/product\/56725","targetHints":{"allow":["GET"]}}],"collection":[{"href":"https:\/\/testwebsite.citygame.com\/sl\/wp-json\/wp\/v2\/product"}],"about":[{"href":"https:\/\/testwebsite.citygame.com\/sl\/wp-json\/wp\/v2\/types\/product"}],"acf:post":[{"embeddable":true,"href":"https:\/\/testwebsite.citygame.com\/sl\/wp-json\/wp\/v2\/pages\/6317"}],"wp:featuredmedia":[{"embeddable":true,"href":"https:\/\/testwebsite.citygame.com\/sl\/wp-json\/wp\/v2\/media\/10290"}],"wp:attachment":[{"href":"https:\/\/testwebsite.citygame.com\/sl\/wp-json\/wp\/v2\/media?parent=56725"}],"wp:term":[{"taxonomy":"game-concept","embeddable":true,"href":"https:\/\/testwebsite.citygame.com\/sl\/wp-json\/wp\/v2\/game-concept?post=56725"},{"taxonomy":"location","embeddable":true,"href":"https:\/\/testwebsite.citygame.com\/sl\/wp-json\/wp\/v2\/location?post=56725"},{"taxonomy":"product_brand","embeddable":true,"href":"https:\/\/testwebsite.citygame.com\/sl\/wp-json\/wp\/v2\/product_brand?post=56725"},{"taxonomy":"product_cat","embeddable":true,"href":"https:\/\/testwebsite.citygame.com\/sl\/wp-json\/wp\/v2\/product_cat?post=56725"},{"taxonomy":"product_tag","embeddable":true,"href":"https:\/\/testwebsite.citygame.com\/sl\/wp-json\/wp\/v2\/product_tag?post=56725"}],"curies":[{"name":"wp","href":"https:\/\/api.w.org\/{rel}","templated":true}]}}