{"id":56234,"date":"2026-02-16T12:26:18","date_gmt":"2026-02-16T12:26:18","guid":{"rendered":"https:\/\/testwebsite.citygame.com\/games\/unknown-location\/sherlock-holmes-alkmaar\/"},"modified":"2026-04-07T22:21:20","modified_gmt":"2026-04-07T22:21:20","slug":"sherlock-holmes-alkmaar","status":"publish","type":"product","link":"https:\/\/testwebsite.citygame.com\/sl\/games\/alkmaar\/sherlock-holmes-alkmaar\/","title":{"rendered":"Sherlock Holmes Alkmaar"},"content":{"rendered":"<p>Stopite v svet Sherlocka Holmesa s to samostojno, zgodbovno vodenom mestno igro umora in skrivnosti, ki se odvija v zgodovinskem sredi\u0161\u010du Alkmaarja. Mesto postane ozadje za napeto detektivsko preiskavo, ko sledite sledi umora, storjenega med kaoti\u010dnim Festivalom svobode. Premikajte se v svojem ritmu, medtem ko zbirate namige, re\u0161ujete uganke in zasli\u0161ujete digitalne osumljence, vse kot del razvijajo\u010de se pripovedi, ki izziva va\u0161e deduktivne sposobnosti in vas potopi v srce skrivnostnega primera.<\/p>\n","protected":false},"excerpt":{"rendered":"<p>Stopite v legendarne \u010devlje Sherlocka Holmesa in se podajte na samostojno re\u0161evanje skrivnosti umora po ulicah Alkmaarja. Sledite zapletenim namigom, re\u0161ujte zahtevne uganke in sodelujte s svojo ekipo, da odkrijete resnico, preden zmanjka \u010dasa!<\/p>\n","protected":false},"featured_media":14283,"template":"","meta":{"_acf_changed":false,"_yoast_wpseo_focuskw":"Sherlock Holmes Alkmaar","_yoast_wpseo_metadesc":"Sherlock Holmes Alkmaar. Igrajte samostojno mestno igro umora in skrivnosti, re\u0161ujte uganke, sledite namigom in odkrijte morilca v svojem ritmu!","_kad_blocks_custom_css":"","_kad_blocks_head_custom_js":"","_kad_blocks_body_custom_js":"","_kad_blocks_footer_custom_js":"","ghostkit_customizer_options":"","ghostkit_custom_css":"","ghostkit_custom_js_head":"","ghostkit_custom_js_foot":"","ghostkit_typography":"","_kad_post_transparent":"","_kad_post_title":"","_kad_post_layout":"","_kad_post_sidebar_id":"","_kad_post_content_style":"","_kad_post_vertical_padding":"","_kad_post_feature":"","_kad_post_feature_position":"","_kad_post_header":false,"_kad_post_footer":false,"_kad_post_classname":"","_links_to":"","_links_to_target":""},"game-concept":[789],"location":[62],"product_brand":[],"product_cat":[27],"product_tag":[],"class_list":{"0":"post-56234","1":"product","2":"type-product","3":"status-publish","4":"has-post-thumbnail","6":"game-concept-sherlock","7":"location-alkmaar","8":"product_cat-geen-categorie","10":"first","11":"instock","12":"shipping-taxable","13":"purchasable","14":"product-type-simple","15":"entry","16":"content-bg","17":"loop-entry"},"acf":{"full_bokun_product_name":"Alkmaar Self-Guided Sherlock Holmes Murder Mystery Game","location_name":"Alkmaar","bokun_calendar_widget_code":"<script type=\"text\/javascript\" src=\"https:\/\/widgets.bokun.io\/assets\/javascripts\/apps\/build\/BokunWidgetsLoader.js?bookingChannelUUID=a1e93e96-5232-4734-a595-28405f4b5a31\" async><\/script>\n     \n    <div class=\"bokunWidget\" data-src=\"https:\/\/widgets.bokun.io\/online-sales\/a1e93e96-5232-4734-a595-28405f4b5a31\/experience-calendar\/730919\"><\/div>\n    <noscript>Please enable javascript in your browser to book<\/noscript>","bokun_button_widget_code":"<script type=\"text\/javascript\" src=\"https:\/\/widgets.bokun.io\/assets\/javascripts\/apps\/build\/BokunWidgetsLoader.js?bookingChannelUUID=a1e93e96-5232-4734-a595-28405f4b5a31\" async><\/script>\n      <style> #bokun_ed001e45_5927_4f62_b470_ca766338d083 { display: inline-block; padding: .4em 1em; background: #47b82e; border-radius: 999999px; box-shadow: none; font-weight: 600; font-size: 24px; text-decoration: none; text-align: center; color: #FFFFFF; border:none; cursor: pointer; transition: background .2s ease; } #bokun_ed001e45_5927_4f62_b470_ca766338d083:hover{ background: #2f7b1f; } #bokun_ed001e45_5927_4f62_b470_ca766338d083:active{ background: #378f24; } <\/style> <button class=\"bokunButton\" disabled id=bokun_ed001e45_5927_4f62_b470_ca766338d083 data-src=\"https:\/\/widgets.bokun.io\/online-sales\/a1e93e96-5232-4734-a595-28405f4b5a31\/experience-calendar\/730919?partialView=1\" data-testid=\"widget-book-button\" > Book now <\/button> ","what_you\u2019ll_experience_during_the_game":"Vstopite v napeto detektivsko zgodbo, postavljeno v srce Alkmaarja, kjer mirna fasada mesta skriva resnico za \u0161okantnim umorom med Festivalom svobode. Ko se preiskava razkrije, sledite sledi spletk po mestu, premikajo\u010d se od enega skritega namiga do drugega. Vsak korak prina\u0161a nove uganke za re\u0161evanje, vsaka je bolj zahtevna kot prej\u0161nja, ko lu\u0161\u010dite plasti skrbno zgrajene skrivnosti.\n\nZ ostrim o\u010desom za opazovanje in ostrim razmi\u0161ljanjem zasli\u0161ujete digitalne osumljence, analizirate nasprotujo\u010de si alibije in odkrivate subtilna protislovja v njihovih zgodbah. Izku\u0161nja je v celoti vodena z zgodbo, kar vas prisili, da se zana\u0161ate na kriti\u010dno razmi\u0161ljanje in dedukcijo, da odkrijete, kaj se je resni\u010dno zgodilo. Izberete lahko svoj tempo, preiskavo po potrebi ustavite in nadaljujete, ko ste pripravljeni. \u010ce igrate kot ekipa, lahko tekmujete, kdo bo najhitreje razre\u0161il primer, vendar ostaja poudarek na odkrivanju resnice. V Alkmaarju same ulice postanejo va\u0161e prizori\u0161\u010de zlo\u010dina.","how_to_play":"Igrajte sami ali s prijatelji, dru\u017eino ali sodelavci v ekipah do \u0161tirih oseb na napravo. Po rezervaciji boste prejeli e-po\u0161to z navodili in vsem, kar potrebujete.","start_location":"Alkmaar, Canadaplein","available_languages":["en","es","fr","de","it","nl"],"players_per_group":"1-4","duration":"1.5-2 hours","image_overlay_color_image":"https:\/\/testwebsite.citygame.com\/wp-content\/blogs.dir\/1\/files\/sites\/62\/2026\/01\/SherlockColor.svg","image_overlay_game_logo":"https:\/\/testwebsite.citygame.com\/wp-content\/blogs.dir\/1\/files\/sites\/62\/2026\/01\/SherlockLogo.png","city_page":4546,"woocommerce_general_content":null},"yoast_head":"<!-- This site is optimized with the Yoast SEO Premium plugin v26.2 (Yoast SEO v26.3) - https:\/\/yoast.com\/wordpress\/plugins\/seo\/ -->\n<title>Sherlock Holmes Alkmaar - City Game<\/title>\n<meta name=\"description\" content=\"Sherlock Holmes Alkmaar. Igrajte samostojno mestno igro umora in skrivnosti, re\u0161ujte uganke, sledite namigom in odkrijte morilca v svojem ritmu!\" \/>\n<meta name=\"robots\" content=\"noindex, follow, max-snippet:-1, max-image-preview:large, max-video-preview:-1\" \/>\n<meta property=\"og:locale\" content=\"sl_SI\" \/>\n<meta property=\"og:type\" content=\"article\" \/>\n<meta property=\"og:title\" content=\"Sherlock Holmes Alkmaar\" \/>\n<meta property=\"og:description\" content=\"Sherlock Holmes Alkmaar. Igrajte samostojno mestno igro umora in skrivnosti, re\u0161ujte uganke, sledite namigom in odkrijte morilca v svojem ritmu!\" \/>\n<meta property=\"og:url\" content=\"https:\/\/testwebsite.citygame.com\/sl\/games\/alkmaar\/sherlock-holmes-alkmaar\/\" \/>\n<meta property=\"og:site_name\" content=\"City Game\" \/>\n<meta property=\"article:publisher\" content=\"https:\/\/www.facebook.com\/profile.php?id=100086426226253\" \/>\n<meta property=\"article:modified_time\" content=\"2026-04-07T22:21:20+00:00\" \/>\n<meta property=\"og:image\" content=\"https:\/\/testwebsite.citygame.com\/wp-content\/blogs.dir\/1\/files\/sites\/62\/2026\/02\/man-playing-city-game-provenhuis-van-wildeman-alkmaar.jpg\" \/>\n\t<meta property=\"og:image:width\" content=\"1024\" \/>\n\t<meta property=\"og:image:height\" content=\"1024\" \/>\n\t<meta property=\"og:image:type\" content=\"image\/jpeg\" \/>\n<meta name=\"twitter:card\" content=\"summary_large_image\" \/>\n<script type=\"application\/ld+json\" class=\"yoast-schema-graph\">{\"@context\":\"https:\/\/schema.org\",\"@graph\":[{\"@type\":\"WebPage\",\"@id\":\"https:\/\/testwebsite.citygame.com\/sl\/games\/alkmaar\/sherlock-holmes-alkmaar\/\",\"url\":\"https:\/\/testwebsite.citygame.com\/sl\/games\/alkmaar\/sherlock-holmes-alkmaar\/\",\"name\":\"Sherlock Holmes Alkmaar - City Game\",\"isPartOf\":{\"@id\":\"https:\/\/testwebsite.upevents.nl\/#website\"},\"primaryImageOfPage\":{\"@id\":\"https:\/\/testwebsite.citygame.com\/sl\/games\/alkmaar\/sherlock-holmes-alkmaar\/#primaryimage\"},\"image\":{\"@id\":\"https:\/\/testwebsite.citygame.com\/sl\/games\/alkmaar\/sherlock-holmes-alkmaar\/#primaryimage\"},\"thumbnailUrl\":\"https:\/\/testwebsite.citygame.com\/wp-content\/blogs.dir\/1\/files\/sites\/62\/2026\/02\/man-playing-city-game-provenhuis-van-wildeman-alkmaar.jpg\",\"datePublished\":\"2026-02-16T12:26:18+00:00\",\"dateModified\":\"2026-04-07T22:21:20+00:00\",\"description\":\"Sherlock Holmes Alkmaar. Igrajte samostojno mestno igro umora in skrivnosti, re\u0161ujte uganke, sledite namigom in odkrijte morilca v svojem ritmu!\",\"breadcrumb\":{\"@id\":\"https:\/\/testwebsite.citygame.com\/sl\/games\/alkmaar\/sherlock-holmes-alkmaar\/#breadcrumb\"},\"inLanguage\":\"sl-SI\",\"potentialAction\":[{\"@type\":\"ReadAction\",\"target\":[\"https:\/\/testwebsite.citygame.com\/sl\/games\/alkmaar\/sherlock-holmes-alkmaar\/\"]}]},{\"@type\":\"ImageObject\",\"inLanguage\":\"sl-SI\",\"@id\":\"https:\/\/testwebsite.citygame.com\/sl\/games\/alkmaar\/sherlock-holmes-alkmaar\/#primaryimage\",\"url\":\"https:\/\/testwebsite.citygame.com\/wp-content\/blogs.dir\/1\/files\/sites\/62\/2026\/02\/man-playing-city-game-provenhuis-van-wildeman-alkmaar.jpg\",\"contentUrl\":\"https:\/\/testwebsite.citygame.com\/wp-content\/blogs.dir\/1\/files\/sites\/62\/2026\/02\/man-playing-city-game-provenhuis-van-wildeman-alkmaar.jpg\",\"width\":1024,\"height\":1024,\"caption\":\"A player uses a smartphone app to explore the historic streets of Alkmaar, the Netherlands.\"},{\"@type\":\"BreadcrumbList\",\"@id\":\"https:\/\/testwebsite.citygame.com\/sl\/games\/alkmaar\/sherlock-holmes-alkmaar\/#breadcrumb\",\"itemListElement\":[{\"@type\":\"ListItem\",\"position\":1,\"name\":\"Home\",\"item\":\"https:\/\/testwebsite.citygame.com\/sl\/\"},{\"@type\":\"ListItem\",\"position\":2,\"name\":\"Shop\",\"item\":\"https:\/\/testwebsite.citygame.com\/shop\/\"},{\"@type\":\"ListItem\",\"position\":3,\"name\":\"Sherlock Holmes Alkmaar\"}]},{\"@type\":\"WebSite\",\"@id\":\"https:\/\/testwebsite.upevents.nl\/#website\",\"url\":\"https:\/\/testwebsite.upevents.nl\/\",\"name\":\"City Game\",\"description\":\"\",\"publisher\":{\"@id\":\"https:\/\/testwebsite.upevents.nl\/#organization\"},\"alternateName\":\"citygame.com\",\"potentialAction\":[{\"@type\":\"SearchAction\",\"target\":{\"@type\":\"EntryPoint\",\"urlTemplate\":\"https:\/\/testwebsite.upevents.nl\/?s={search_term_string}\"},\"query-input\":{\"@type\":\"PropertyValueSpecification\",\"valueRequired\":true,\"valueName\":\"search_term_string\"}}],\"inLanguage\":\"sl-SI\"},{\"@type\":[\"Organization\",\"Place\"],\"@id\":\"https:\/\/testwebsite.upevents.nl\/#organization\",\"name\":\"City Game\",\"alternateName\":\"citygame.com\",\"url\":\"https:\/\/testwebsite.upevents.nl\/\",\"logo\":{\"@id\":\"https:\/\/testwebsite.citygame.com\/sl\/games\/alkmaar\/sherlock-holmes-alkmaar\/#local-main-organization-logo\"},\"image\":{\"@id\":\"https:\/\/testwebsite.citygame.com\/sl\/games\/alkmaar\/sherlock-holmes-alkmaar\/#local-main-organization-logo\"},\"sameAs\":[\"https:\/\/www.facebook.com\/profile.php?id=100086426226253\",\"https:\/\/www.instagram.com\/citygame_com\",\"https:\/\/www.tiktok.com\/@citygamecom\/\",\"https:\/\/www.linkedin.com\/company\/citygame-com\"],\"description\":\"Turn any city into a playground with our interactive City Games and self-guided tours. Fun, flexible, and ideal for groups and team building.\",\"telephone\":[],\"openingHoursSpecification\":[{\"@type\":\"OpeningHoursSpecification\",\"dayOfWeek\":[\"Monday\",\"Tuesday\",\"Wednesday\",\"Thursday\",\"Friday\",\"Saturday\",\"Sunday\"],\"opens\":\"09:00\",\"closes\":\"17:00\"}]},{\"@type\":\"ImageObject\",\"inLanguage\":\"sl-SI\",\"@id\":\"https:\/\/testwebsite.citygame.com\/sl\/games\/alkmaar\/sherlock-holmes-alkmaar\/#local-main-organization-logo\",\"url\":\"https:\/\/testwebsite.citygame.com\/wp-content\/blogs.dir\/1\/files\/sites\/62\/2025\/10\/CG_LOGO-City-Game.png\",\"contentUrl\":\"https:\/\/testwebsite.citygame.com\/wp-content\/blogs.dir\/1\/files\/sites\/62\/2025\/10\/CG_LOGO-City-Game.png\",\"width\":351,\"height\":377,\"caption\":\"City Game\"}]}<\/script>\n<!-- \/ Yoast SEO Premium plugin. -->","yoast_head_json":{"title":"Sherlock Holmes Alkmaar - City Game","description":"Sherlock Holmes Alkmaar. Igrajte samostojno mestno igro umora in skrivnosti, re\u0161ujte uganke, sledite namigom in odkrijte morilca v svojem ritmu!","robots":{"index":"noindex","follow":"follow","max-snippet":"max-snippet:-1","max-image-preview":"max-image-preview:large","max-video-preview":"max-video-preview:-1"},"og_locale":"sl_SI","og_type":"article","og_title":"Sherlock Holmes Alkmaar","og_description":"Sherlock Holmes Alkmaar. Igrajte samostojno mestno igro umora in skrivnosti, re\u0161ujte uganke, sledite namigom in odkrijte morilca v svojem ritmu!","og_url":"https:\/\/testwebsite.citygame.com\/sl\/games\/alkmaar\/sherlock-holmes-alkmaar\/","og_site_name":"City Game","article_publisher":"https:\/\/www.facebook.com\/profile.php?id=100086426226253","article_modified_time":"2026-04-07T22:21:20+00:00","og_image":[{"width":1024,"height":1024,"url":"https:\/\/testwebsite.citygame.com\/wp-content\/blogs.dir\/1\/files\/sites\/62\/2026\/02\/man-playing-city-game-provenhuis-van-wildeman-alkmaar.jpg","type":"image\/jpeg"}],"twitter_card":"summary_large_image","schema":{"@context":"https:\/\/schema.org","@graph":[{"@type":"WebPage","@id":"https:\/\/testwebsite.citygame.com\/sl\/games\/alkmaar\/sherlock-holmes-alkmaar\/","url":"https:\/\/testwebsite.citygame.com\/sl\/games\/alkmaar\/sherlock-holmes-alkmaar\/","name":"Sherlock Holmes Alkmaar - City Game","isPartOf":{"@id":"https:\/\/testwebsite.upevents.nl\/#website"},"primaryImageOfPage":{"@id":"https:\/\/testwebsite.citygame.com\/sl\/games\/alkmaar\/sherlock-holmes-alkmaar\/#primaryimage"},"image":{"@id":"https:\/\/testwebsite.citygame.com\/sl\/games\/alkmaar\/sherlock-holmes-alkmaar\/#primaryimage"},"thumbnailUrl":"https:\/\/testwebsite.citygame.com\/wp-content\/blogs.dir\/1\/files\/sites\/62\/2026\/02\/man-playing-city-game-provenhuis-van-wildeman-alkmaar.jpg","datePublished":"2026-02-16T12:26:18+00:00","dateModified":"2026-04-07T22:21:20+00:00","description":"Sherlock Holmes Alkmaar. Igrajte samostojno mestno igro umora in skrivnosti, re\u0161ujte uganke, sledite namigom in odkrijte morilca v svojem ritmu!","breadcrumb":{"@id":"https:\/\/testwebsite.citygame.com\/sl\/games\/alkmaar\/sherlock-holmes-alkmaar\/#breadcrumb"},"inLanguage":"sl-SI","potentialAction":[{"@type":"ReadAction","target":["https:\/\/testwebsite.citygame.com\/sl\/games\/alkmaar\/sherlock-holmes-alkmaar\/"]}]},{"@type":"ImageObject","inLanguage":"sl-SI","@id":"https:\/\/testwebsite.citygame.com\/sl\/games\/alkmaar\/sherlock-holmes-alkmaar\/#primaryimage","url":"https:\/\/testwebsite.citygame.com\/wp-content\/blogs.dir\/1\/files\/sites\/62\/2026\/02\/man-playing-city-game-provenhuis-van-wildeman-alkmaar.jpg","contentUrl":"https:\/\/testwebsite.citygame.com\/wp-content\/blogs.dir\/1\/files\/sites\/62\/2026\/02\/man-playing-city-game-provenhuis-van-wildeman-alkmaar.jpg","width":1024,"height":1024,"caption":"A player uses a smartphone app to explore the historic streets of Alkmaar, the Netherlands."},{"@type":"BreadcrumbList","@id":"https:\/\/testwebsite.citygame.com\/sl\/games\/alkmaar\/sherlock-holmes-alkmaar\/#breadcrumb","itemListElement":[{"@type":"ListItem","position":1,"name":"Home","item":"https:\/\/testwebsite.citygame.com\/sl\/"},{"@type":"ListItem","position":2,"name":"Shop","item":"https:\/\/testwebsite.citygame.com\/shop\/"},{"@type":"ListItem","position":3,"name":"Sherlock Holmes Alkmaar"}]},{"@type":"WebSite","@id":"https:\/\/testwebsite.upevents.nl\/#website","url":"https:\/\/testwebsite.upevents.nl\/","name":"City Game","description":"","publisher":{"@id":"https:\/\/testwebsite.upevents.nl\/#organization"},"alternateName":"citygame.com","potentialAction":[{"@type":"SearchAction","target":{"@type":"EntryPoint","urlTemplate":"https:\/\/testwebsite.upevents.nl\/?s={search_term_string}"},"query-input":{"@type":"PropertyValueSpecification","valueRequired":true,"valueName":"search_term_string"}}],"inLanguage":"sl-SI"},{"@type":["Organization","Place"],"@id":"https:\/\/testwebsite.upevents.nl\/#organization","name":"City Game","alternateName":"citygame.com","url":"https:\/\/testwebsite.upevents.nl\/","logo":{"@id":"https:\/\/testwebsite.citygame.com\/sl\/games\/alkmaar\/sherlock-holmes-alkmaar\/#local-main-organization-logo"},"image":{"@id":"https:\/\/testwebsite.citygame.com\/sl\/games\/alkmaar\/sherlock-holmes-alkmaar\/#local-main-organization-logo"},"sameAs":["https:\/\/www.facebook.com\/profile.php?id=100086426226253","https:\/\/www.instagram.com\/citygame_com","https:\/\/www.tiktok.com\/@citygamecom\/","https:\/\/www.linkedin.com\/company\/citygame-com"],"description":"Turn any city into a playground with our interactive City Games and self-guided tours. Fun, flexible, and ideal for groups and team building.","telephone":[],"openingHoursSpecification":[{"@type":"OpeningHoursSpecification","dayOfWeek":["Monday","Tuesday","Wednesday","Thursday","Friday","Saturday","Sunday"],"opens":"09:00","closes":"17:00"}]},{"@type":"ImageObject","inLanguage":"sl-SI","@id":"https:\/\/testwebsite.citygame.com\/sl\/games\/alkmaar\/sherlock-holmes-alkmaar\/#local-main-organization-logo","url":"https:\/\/testwebsite.citygame.com\/wp-content\/blogs.dir\/1\/files\/sites\/62\/2025\/10\/CG_LOGO-City-Game.png","contentUrl":"https:\/\/testwebsite.citygame.com\/wp-content\/blogs.dir\/1\/files\/sites\/62\/2025\/10\/CG_LOGO-City-Game.png","width":351,"height":377,"caption":"City Game"}]}},"taxonomy_info":{"game-concept":[{"value":789,"label":"Sherlock"}],"location":[{"value":62,"label":"Alkmaar"}],"product_cat":[{"value":27,"label":"Geen categorie"}]},"featured_image_src_large":["https:\/\/testwebsite.citygame.com\/wp-content\/blogs.dir\/1\/files\/sites\/62\/2026\/02\/man-playing-city-game-provenhuis-van-wildeman-alkmaar.jpg",1024,1024,false],"author_info":[],"comment_info":"","_links":{"self":[{"href":"https:\/\/testwebsite.citygame.com\/sl\/wp-json\/wp\/v2\/product\/56234","targetHints":{"allow":["GET"]}}],"collection":[{"href":"https:\/\/testwebsite.citygame.com\/sl\/wp-json\/wp\/v2\/product"}],"about":[{"href":"https:\/\/testwebsite.citygame.com\/sl\/wp-json\/wp\/v2\/types\/product"}],"acf:post":[{"embeddable":true,"href":"https:\/\/testwebsite.citygame.com\/sl\/wp-json\/wp\/v2\/pages\/4546"}],"wp:featuredmedia":[{"embeddable":true,"href":"https:\/\/testwebsite.citygame.com\/sl\/wp-json\/wp\/v2\/media\/14283"}],"wp:attachment":[{"href":"https:\/\/testwebsite.citygame.com\/sl\/wp-json\/wp\/v2\/media?parent=56234"}],"wp:term":[{"taxonomy":"game-concept","embeddable":true,"href":"https:\/\/testwebsite.citygame.com\/sl\/wp-json\/wp\/v2\/game-concept?post=56234"},{"taxonomy":"location","embeddable":true,"href":"https:\/\/testwebsite.citygame.com\/sl\/wp-json\/wp\/v2\/location?post=56234"},{"taxonomy":"product_brand","embeddable":true,"href":"https:\/\/testwebsite.citygame.com\/sl\/wp-json\/wp\/v2\/product_brand?post=56234"},{"taxonomy":"product_cat","embeddable":true,"href":"https:\/\/testwebsite.citygame.com\/sl\/wp-json\/wp\/v2\/product_cat?post=56234"},{"taxonomy":"product_tag","embeddable":true,"href":"https:\/\/testwebsite.citygame.com\/sl\/wp-json\/wp\/v2\/product_tag?post=56234"}],"curies":[{"name":"wp","href":"https:\/\/api.w.org\/{rel}","templated":true}]}}