{"id":55474,"date":"2026-02-19T11:24:47","date_gmt":"2026-02-19T11:24:47","guid":{"rendered":"https:\/\/testwebsite.citygame.com\/games\/unknown-location\/sherlock-holmes-las-palmas-de-gran-canaria\/"},"modified":"2026-04-07T20:54:02","modified_gmt":"2026-04-07T20:54:02","slug":"sherlock-holmes-las-palmas-de-gran-canaria","status":"publish","type":"product","link":"https:\/\/testwebsite.citygame.com\/sl\/games\/las-palmas-de-gran-canaria\/sherlock-holmes-las-palmas-de-gran-canaria\/","title":{"rendered":"Sherlock Holmes Las Palmas de Gran Canaria"},"content":{"rendered":"<p>Stopite v \u010devlje slavnega detektiva, ko se potopite v igro Sherlock Holmes City Game, postavljeno v \u017eivahnem mestnem sredi\u0161\u010du Las Palmas de Gran Canaria. Ta samostojna, zgodbovno vodena detektivska igra z umorom uporablja dinami\u010dno urbano kuliso kot va\u0161e raziskovalno igri\u0161\u010de, spodbuja razvijajo\u010do se pripoved, ki vas popelje po edinstveni mestni pokrajini v odziv na srhljiv umor med festivalom Liberty Festival. Zbirajte namige, re\u0161ujte uganke, ki dra\u017eijo mo\u017egane, in zasli\u0161ujte virtualne osumljence v svojem tempu, medtem ko ste popolnoma zatopljeni v svet Sherlocka Holmesa in zapletenost detektivskega dela \u2013 to je igra, ki dviguje napetost in skrivnostnost na novo raven.<\/p>\n","protected":false},"excerpt":{"rendered":"<p>Podajte se v srce Las Palmas de Gran Canaria, stopite v \u010devlje Sherlocka Holmesa v osupljivi, samostojni detektivski igri z umorom. S svojo ekipo boste lovili zanimive namige, re\u0161evali zapletene uganke in se trudili odkriti srhljivo resnico, preden zmanjka \u010dasa!<\/p>\n","protected":false},"featured_media":14828,"template":"","meta":{"_acf_changed":false,"_yoast_wpseo_focuskw":"Sherlock Holmes Las Palmas de Gran Canaria","_yoast_wpseo_metadesc":"Sherlock Holmes Las Palmas de Gran Canaria. Igrajte samostojno detektivsko igro z umorom City Game, re\u0161ujte uganke, sledite namigom in odkrijte morilca v svojem tempu!","_kad_blocks_custom_css":"","_kad_blocks_head_custom_js":"","_kad_blocks_body_custom_js":"","_kad_blocks_footer_custom_js":"","ghostkit_customizer_options":"","ghostkit_custom_css":"","ghostkit_custom_js_head":"","ghostkit_custom_js_foot":"","ghostkit_typography":"","_kad_post_transparent":"","_kad_post_title":"","_kad_post_layout":"","_kad_post_sidebar_id":"","_kad_post_content_style":"","_kad_post_vertical_padding":"","_kad_post_feature":"","_kad_post_feature_position":"","_kad_post_header":false,"_kad_post_footer":false,"_kad_post_classname":"","_links_to":"","_links_to_target":""},"game-concept":[789],"location":[235],"product_brand":[],"product_cat":[27],"product_tag":[],"class_list":{"0":"post-55474","1":"product","2":"type-product","3":"status-publish","4":"has-post-thumbnail","6":"game-concept-sherlock","7":"location-las-palmas-de-gran-canaria","8":"product_cat-geen-categorie","10":"first","11":"instock","12":"shipping-taxable","13":"purchasable","14":"product-type-simple","15":"entry","16":"content-bg","17":"loop-entry"},"acf":{"full_bokun_product_name":"Las Palmas de Gran Canaria Self-Guided Sherlock Holmes Murder Mystery Game","location_name":"Las Palmas de Gran Canaria","bokun_calendar_widget_code":"<script type=\"text\/javascript\" src=\"https:\/\/widgets.bokun.io\/assets\/javascripts\/apps\/build\/BokunWidgetsLoader.js?bookingChannelUUID=a1e93e96-5232-4734-a595-28405f4b5a31\" async><\/script>\n     \n    <div class=\"bokunWidget\" data-src=\"https:\/\/widgets.bokun.io\/online-sales\/a1e93e96-5232-4734-a595-28405f4b5a31\/experience-calendar\/771511\"><\/div>\n    <noscript>Please enable javascript in your browser to book<\/noscript>","bokun_button_widget_code":"<script type=\"text\/javascript\" src=\"https:\/\/widgets.bokun.io\/assets\/javascripts\/apps\/build\/BokunWidgetsLoader.js?bookingChannelUUID=a1e93e96-5232-4734-a595-28405f4b5a31\" async><\/script>\n      <style> #bokun_ed001e45_5927_4f62_b470_ca766338d083 { display: inline-block; padding: .4em 1em; background: #47b82e; border-radius: 999999px; box-shadow: none; font-weight: 600; font-size: 24px; text-decoration: none; text-align: center; color: #FFFFFF; border:none; cursor: pointer; transition: background .2s ease; } #bokun_ed001e45_5927_4f62_b470_ca766338d083:hover{ background: #2f7b1f; } #bokun_ed001e45_5927_4f62_b470_ca766338d083:active{ background: #378f24; } <\/style> <button class=\"bokunButton\" disabled id=bokun_ed001e45_5927_4f62_b470_ca766338d083 data-src=\"https:\/\/widgets.bokun.io\/online-sales\/a1e93e96-5232-4734-a595-28405f4b5a31\/experience-calendar\/771511?partialView=1\" data-testid=\"widget-book-button\" > Book now <\/button> ","what_you\u2019ll_experience_during_the_game":"Ko stopite v igro Sherlock Holmes City Game v Las Palmas de Gran Canaria, ste vr\u017eeni v napeto detektivsko zgodbo, ki se razpleta, ko krmarite po mestnih ulicah. Z vsakim korakom odkrivate skrite namige, re\u0161ujete zahtevne uganke in naletite na \u0161okantne preobrate v srhljivi preiskavi. Va\u0161e detektivske sposobnosti so na preizku\u0161nji, ko zasli\u0161ujete digitalne osumljence, analizirate alibije in odkrivate protislovja v njihovih pripovedih.\n\nJedro va\u0161e misije se vrti okoli skrivnostnega primera umora, ki se je zgodil med festivalom Liberty Festival. Uporabljali boste kriti\u010dno razmi\u0161ljanje, ostro opazovanje in izostreno dedukcijo v iskanju resnice o zlo\u010dinu. Ta popolnoma zgodbovno vodena izku\u0161nja je zasnovana tako, da jo igrate v svojem tempu. Ne glede na to, ali se odlo\u010dite za premor in nadaljevanje ali za natan\u010dno analizo vsake podrobnosti, se igra prilagaja va\u0161emu slogu. In \u010deprav obstaja tekmovalni element za ekipe, ostaja glavni poudarek na privla\u010dni pripovedi in napeti skrivnosti, ki jo boste razvozlali v Las Palmas de Gran Canaria.","how_to_play":"Igrajte sami ali s prijatelji, dru\u017eino ali sodelavci v ekipah do \u0161tirih oseb na napravo. Po rezervaciji boste prejeli e-po\u0161tno sporo\u010dilo z navodili in vsem, kar potrebujete.","start_location":"Las Palmas de Gran Canaria, Casas Consistoriales","available_languages":["en","es","fr","de","it","nl"],"players_per_group":"1-4","duration":"1.5-2 hours","image_overlay_color_image":"https:\/\/testwebsite.citygame.com\/wp-content\/blogs.dir\/1\/files\/sites\/62\/2026\/01\/SherlockColor.svg","image_overlay_game_logo":"https:\/\/testwebsite.citygame.com\/wp-content\/blogs.dir\/1\/files\/sites\/62\/2026\/01\/SherlockLogo.png","city_page":8615,"woocommerce_general_content":null},"yoast_head":"<!-- This site is optimized with the Yoast SEO Premium plugin v26.2 (Yoast SEO v26.3) - https:\/\/yoast.com\/wordpress\/plugins\/seo\/ -->\n<title>Sherlock Holmes Las Palmas de Gran Canaria - City Game<\/title>\n<meta name=\"description\" content=\"Sherlock Holmes Las Palmas de Gran Canaria. Igrajte samostojno detektivsko igro z umorom City Game, re\u0161ujte uganke, sledite namigom in odkrijte morilca v svojem tempu!\" \/>\n<meta name=\"robots\" content=\"noindex, follow, max-snippet:-1, max-image-preview:large, max-video-preview:-1\" \/>\n<meta property=\"og:locale\" content=\"sl_SI\" \/>\n<meta property=\"og:type\" content=\"article\" \/>\n<meta property=\"og:title\" content=\"Sherlock Holmes Las Palmas de Gran Canaria\" \/>\n<meta property=\"og:description\" content=\"Sherlock Holmes Las Palmas de Gran Canaria. Igrajte samostojno detektivsko igro z umorom City Game, re\u0161ujte uganke, sledite namigom in odkrijte morilca v svojem tempu!\" \/>\n<meta property=\"og:url\" content=\"https:\/\/testwebsite.citygame.com\/sl\/games\/las-palmas-de-gran-canaria\/sherlock-holmes-las-palmas-de-gran-canaria\/\" \/>\n<meta property=\"og:site_name\" content=\"City Game\" \/>\n<meta property=\"article:publisher\" content=\"https:\/\/www.facebook.com\/profile.php?id=100086426226253\" \/>\n<meta property=\"article:modified_time\" content=\"2026-04-07T20:54:02+00:00\" \/>\n<meta property=\"og:image\" content=\"https:\/\/testwebsite.citygame.com\/wp-content\/blogs.dir\/1\/files\/sites\/62\/2026\/02\/man-playing-city-game-plaza-del-pilar-nuevo-las-palmas.jpg\" \/>\n\t<meta property=\"og:image:width\" content=\"1024\" \/>\n\t<meta property=\"og:image:height\" content=\"1024\" \/>\n\t<meta property=\"og:image:type\" content=\"image\/jpeg\" \/>\n<meta name=\"twitter:card\" content=\"summary_large_image\" \/>\n<meta name=\"twitter:label1\" content=\"Est. reading time\" \/>\n\t<meta name=\"twitter:data1\" content=\"1 minuta\" \/>\n<script type=\"application\/ld+json\" class=\"yoast-schema-graph\">{\"@context\":\"https:\/\/schema.org\",\"@graph\":[{\"@type\":\"WebPage\",\"@id\":\"https:\/\/testwebsite.citygame.com\/sl\/games\/las-palmas-de-gran-canaria\/sherlock-holmes-las-palmas-de-gran-canaria\/\",\"url\":\"https:\/\/testwebsite.citygame.com\/sl\/games\/las-palmas-de-gran-canaria\/sherlock-holmes-las-palmas-de-gran-canaria\/\",\"name\":\"Sherlock Holmes Las Palmas de Gran Canaria - City Game\",\"isPartOf\":{\"@id\":\"https:\/\/testwebsite.upevents.nl\/#website\"},\"primaryImageOfPage\":{\"@id\":\"https:\/\/testwebsite.citygame.com\/sl\/games\/las-palmas-de-gran-canaria\/sherlock-holmes-las-palmas-de-gran-canaria\/#primaryimage\"},\"image\":{\"@id\":\"https:\/\/testwebsite.citygame.com\/sl\/games\/las-palmas-de-gran-canaria\/sherlock-holmes-las-palmas-de-gran-canaria\/#primaryimage\"},\"thumbnailUrl\":\"https:\/\/testwebsite.citygame.com\/wp-content\/blogs.dir\/1\/files\/sites\/62\/2026\/02\/man-playing-city-game-plaza-del-pilar-nuevo-las-palmas.jpg\",\"datePublished\":\"2026-02-19T11:24:47+00:00\",\"dateModified\":\"2026-04-07T20:54:02+00:00\",\"description\":\"Sherlock Holmes Las Palmas de Gran Canaria. Igrajte samostojno detektivsko igro z umorom City Game, re\u0161ujte uganke, sledite namigom in odkrijte morilca v svojem tempu!\",\"breadcrumb\":{\"@id\":\"https:\/\/testwebsite.citygame.com\/sl\/games\/las-palmas-de-gran-canaria\/sherlock-holmes-las-palmas-de-gran-canaria\/#breadcrumb\"},\"inLanguage\":\"sl-SI\",\"potentialAction\":[{\"@type\":\"ReadAction\",\"target\":[\"https:\/\/testwebsite.citygame.com\/sl\/games\/las-palmas-de-gran-canaria\/sherlock-holmes-las-palmas-de-gran-canaria\/\"]}]},{\"@type\":\"ImageObject\",\"inLanguage\":\"sl-SI\",\"@id\":\"https:\/\/testwebsite.citygame.com\/sl\/games\/las-palmas-de-gran-canaria\/sherlock-holmes-las-palmas-de-gran-canaria\/#primaryimage\",\"url\":\"https:\/\/testwebsite.citygame.com\/wp-content\/blogs.dir\/1\/files\/sites\/62\/2026\/02\/man-playing-city-game-plaza-del-pilar-nuevo-las-palmas.jpg\",\"contentUrl\":\"https:\/\/testwebsite.citygame.com\/wp-content\/blogs.dir\/1\/files\/sites\/62\/2026\/02\/man-playing-city-game-plaza-del-pilar-nuevo-las-palmas.jpg\",\"width\":1024,\"height\":1024,\"caption\":\"A player explores the historic Plaza del Pilar Nuevo in Las Palmas using a smartphone app.\"},{\"@type\":\"BreadcrumbList\",\"@id\":\"https:\/\/testwebsite.citygame.com\/sl\/games\/las-palmas-de-gran-canaria\/sherlock-holmes-las-palmas-de-gran-canaria\/#breadcrumb\",\"itemListElement\":[{\"@type\":\"ListItem\",\"position\":1,\"name\":\"Home\",\"item\":\"https:\/\/testwebsite.citygame.com\/sl\/\"},{\"@type\":\"ListItem\",\"position\":2,\"name\":\"Shop\",\"item\":\"https:\/\/testwebsite.citygame.com\/shop\/\"},{\"@type\":\"ListItem\",\"position\":3,\"name\":\"Sherlock Holmes Las Palmas de Gran Canaria\"}]},{\"@type\":\"WebSite\",\"@id\":\"https:\/\/testwebsite.upevents.nl\/#website\",\"url\":\"https:\/\/testwebsite.upevents.nl\/\",\"name\":\"City Game\",\"description\":\"\",\"publisher\":{\"@id\":\"https:\/\/testwebsite.upevents.nl\/#organization\"},\"alternateName\":\"citygame.com\",\"potentialAction\":[{\"@type\":\"SearchAction\",\"target\":{\"@type\":\"EntryPoint\",\"urlTemplate\":\"https:\/\/testwebsite.upevents.nl\/?s={search_term_string}\"},\"query-input\":{\"@type\":\"PropertyValueSpecification\",\"valueRequired\":true,\"valueName\":\"search_term_string\"}}],\"inLanguage\":\"sl-SI\"},{\"@type\":[\"Organization\",\"Place\"],\"@id\":\"https:\/\/testwebsite.upevents.nl\/#organization\",\"name\":\"City Game\",\"alternateName\":\"citygame.com\",\"url\":\"https:\/\/testwebsite.upevents.nl\/\",\"logo\":{\"@id\":\"https:\/\/testwebsite.citygame.com\/sl\/games\/las-palmas-de-gran-canaria\/sherlock-holmes-las-palmas-de-gran-canaria\/#local-main-organization-logo\"},\"image\":{\"@id\":\"https:\/\/testwebsite.citygame.com\/sl\/games\/las-palmas-de-gran-canaria\/sherlock-holmes-las-palmas-de-gran-canaria\/#local-main-organization-logo\"},\"sameAs\":[\"https:\/\/www.facebook.com\/profile.php?id=100086426226253\",\"https:\/\/www.instagram.com\/citygame_com\",\"https:\/\/www.tiktok.com\/@citygamecom\/\",\"https:\/\/www.linkedin.com\/company\/citygame-com\"],\"description\":\"Turn any city into a playground with our interactive City Games and self-guided tours. Fun, flexible, and ideal for groups and team building.\",\"telephone\":[],\"openingHoursSpecification\":[{\"@type\":\"OpeningHoursSpecification\",\"dayOfWeek\":[\"Monday\",\"Tuesday\",\"Wednesday\",\"Thursday\",\"Friday\",\"Saturday\",\"Sunday\"],\"opens\":\"09:00\",\"closes\":\"17:00\"}]},{\"@type\":\"ImageObject\",\"inLanguage\":\"sl-SI\",\"@id\":\"https:\/\/testwebsite.citygame.com\/sl\/games\/las-palmas-de-gran-canaria\/sherlock-holmes-las-palmas-de-gran-canaria\/#local-main-organization-logo\",\"url\":\"https:\/\/testwebsite.citygame.com\/wp-content\/blogs.dir\/1\/files\/sites\/62\/2025\/10\/CG_LOGO-City-Game.png\",\"contentUrl\":\"https:\/\/testwebsite.citygame.com\/wp-content\/blogs.dir\/1\/files\/sites\/62\/2025\/10\/CG_LOGO-City-Game.png\",\"width\":351,\"height\":377,\"caption\":\"City Game\"}]}<\/script>\n<!-- \/ Yoast SEO Premium plugin. -->","yoast_head_json":{"title":"Sherlock Holmes Las Palmas de Gran Canaria - City Game","description":"Sherlock Holmes Las Palmas de Gran Canaria. Igrajte samostojno detektivsko igro z umorom City Game, re\u0161ujte uganke, sledite namigom in odkrijte morilca v svojem tempu!","robots":{"index":"noindex","follow":"follow","max-snippet":"max-snippet:-1","max-image-preview":"max-image-preview:large","max-video-preview":"max-video-preview:-1"},"og_locale":"sl_SI","og_type":"article","og_title":"Sherlock Holmes Las Palmas de Gran Canaria","og_description":"Sherlock Holmes Las Palmas de Gran Canaria. Igrajte samostojno detektivsko igro z umorom City Game, re\u0161ujte uganke, sledite namigom in odkrijte morilca v svojem tempu!","og_url":"https:\/\/testwebsite.citygame.com\/sl\/games\/las-palmas-de-gran-canaria\/sherlock-holmes-las-palmas-de-gran-canaria\/","og_site_name":"City Game","article_publisher":"https:\/\/www.facebook.com\/profile.php?id=100086426226253","article_modified_time":"2026-04-07T20:54:02+00:00","og_image":[{"width":1024,"height":1024,"url":"https:\/\/testwebsite.citygame.com\/wp-content\/blogs.dir\/1\/files\/sites\/62\/2026\/02\/man-playing-city-game-plaza-del-pilar-nuevo-las-palmas.jpg","type":"image\/jpeg"}],"twitter_card":"summary_large_image","twitter_misc":{"Est. reading time":"1 minuta"},"schema":{"@context":"https:\/\/schema.org","@graph":[{"@type":"WebPage","@id":"https:\/\/testwebsite.citygame.com\/sl\/games\/las-palmas-de-gran-canaria\/sherlock-holmes-las-palmas-de-gran-canaria\/","url":"https:\/\/testwebsite.citygame.com\/sl\/games\/las-palmas-de-gran-canaria\/sherlock-holmes-las-palmas-de-gran-canaria\/","name":"Sherlock Holmes Las Palmas de Gran Canaria - City Game","isPartOf":{"@id":"https:\/\/testwebsite.upevents.nl\/#website"},"primaryImageOfPage":{"@id":"https:\/\/testwebsite.citygame.com\/sl\/games\/las-palmas-de-gran-canaria\/sherlock-holmes-las-palmas-de-gran-canaria\/#primaryimage"},"image":{"@id":"https:\/\/testwebsite.citygame.com\/sl\/games\/las-palmas-de-gran-canaria\/sherlock-holmes-las-palmas-de-gran-canaria\/#primaryimage"},"thumbnailUrl":"https:\/\/testwebsite.citygame.com\/wp-content\/blogs.dir\/1\/files\/sites\/62\/2026\/02\/man-playing-city-game-plaza-del-pilar-nuevo-las-palmas.jpg","datePublished":"2026-02-19T11:24:47+00:00","dateModified":"2026-04-07T20:54:02+00:00","description":"Sherlock Holmes Las Palmas de Gran Canaria. Igrajte samostojno detektivsko igro z umorom City Game, re\u0161ujte uganke, sledite namigom in odkrijte morilca v svojem tempu!","breadcrumb":{"@id":"https:\/\/testwebsite.citygame.com\/sl\/games\/las-palmas-de-gran-canaria\/sherlock-holmes-las-palmas-de-gran-canaria\/#breadcrumb"},"inLanguage":"sl-SI","potentialAction":[{"@type":"ReadAction","target":["https:\/\/testwebsite.citygame.com\/sl\/games\/las-palmas-de-gran-canaria\/sherlock-holmes-las-palmas-de-gran-canaria\/"]}]},{"@type":"ImageObject","inLanguage":"sl-SI","@id":"https:\/\/testwebsite.citygame.com\/sl\/games\/las-palmas-de-gran-canaria\/sherlock-holmes-las-palmas-de-gran-canaria\/#primaryimage","url":"https:\/\/testwebsite.citygame.com\/wp-content\/blogs.dir\/1\/files\/sites\/62\/2026\/02\/man-playing-city-game-plaza-del-pilar-nuevo-las-palmas.jpg","contentUrl":"https:\/\/testwebsite.citygame.com\/wp-content\/blogs.dir\/1\/files\/sites\/62\/2026\/02\/man-playing-city-game-plaza-del-pilar-nuevo-las-palmas.jpg","width":1024,"height":1024,"caption":"A player explores the historic Plaza del Pilar Nuevo in Las Palmas using a smartphone app."},{"@type":"BreadcrumbList","@id":"https:\/\/testwebsite.citygame.com\/sl\/games\/las-palmas-de-gran-canaria\/sherlock-holmes-las-palmas-de-gran-canaria\/#breadcrumb","itemListElement":[{"@type":"ListItem","position":1,"name":"Home","item":"https:\/\/testwebsite.citygame.com\/sl\/"},{"@type":"ListItem","position":2,"name":"Shop","item":"https:\/\/testwebsite.citygame.com\/shop\/"},{"@type":"ListItem","position":3,"name":"Sherlock Holmes Las Palmas de Gran Canaria"}]},{"@type":"WebSite","@id":"https:\/\/testwebsite.upevents.nl\/#website","url":"https:\/\/testwebsite.upevents.nl\/","name":"City Game","description":"","publisher":{"@id":"https:\/\/testwebsite.upevents.nl\/#organization"},"alternateName":"citygame.com","potentialAction":[{"@type":"SearchAction","target":{"@type":"EntryPoint","urlTemplate":"https:\/\/testwebsite.upevents.nl\/?s={search_term_string}"},"query-input":{"@type":"PropertyValueSpecification","valueRequired":true,"valueName":"search_term_string"}}],"inLanguage":"sl-SI"},{"@type":["Organization","Place"],"@id":"https:\/\/testwebsite.upevents.nl\/#organization","name":"City Game","alternateName":"citygame.com","url":"https:\/\/testwebsite.upevents.nl\/","logo":{"@id":"https:\/\/testwebsite.citygame.com\/sl\/games\/las-palmas-de-gran-canaria\/sherlock-holmes-las-palmas-de-gran-canaria\/#local-main-organization-logo"},"image":{"@id":"https:\/\/testwebsite.citygame.com\/sl\/games\/las-palmas-de-gran-canaria\/sherlock-holmes-las-palmas-de-gran-canaria\/#local-main-organization-logo"},"sameAs":["https:\/\/www.facebook.com\/profile.php?id=100086426226253","https:\/\/www.instagram.com\/citygame_com","https:\/\/www.tiktok.com\/@citygamecom\/","https:\/\/www.linkedin.com\/company\/citygame-com"],"description":"Turn any city into a playground with our interactive City Games and self-guided tours. Fun, flexible, and ideal for groups and team building.","telephone":[],"openingHoursSpecification":[{"@type":"OpeningHoursSpecification","dayOfWeek":["Monday","Tuesday","Wednesday","Thursday","Friday","Saturday","Sunday"],"opens":"09:00","closes":"17:00"}]},{"@type":"ImageObject","inLanguage":"sl-SI","@id":"https:\/\/testwebsite.citygame.com\/sl\/games\/las-palmas-de-gran-canaria\/sherlock-holmes-las-palmas-de-gran-canaria\/#local-main-organization-logo","url":"https:\/\/testwebsite.citygame.com\/wp-content\/blogs.dir\/1\/files\/sites\/62\/2025\/10\/CG_LOGO-City-Game.png","contentUrl":"https:\/\/testwebsite.citygame.com\/wp-content\/blogs.dir\/1\/files\/sites\/62\/2025\/10\/CG_LOGO-City-Game.png","width":351,"height":377,"caption":"City Game"}]}},"taxonomy_info":{"game-concept":[{"value":789,"label":"Sherlock"}],"location":[{"value":235,"label":"Las Palmas de Gran Canaria"}],"product_cat":[{"value":27,"label":"Geen categorie"}]},"featured_image_src_large":["https:\/\/testwebsite.citygame.com\/wp-content\/blogs.dir\/1\/files\/sites\/62\/2026\/02\/man-playing-city-game-plaza-del-pilar-nuevo-las-palmas.jpg",1024,1024,false],"author_info":[],"comment_info":"","_links":{"self":[{"href":"https:\/\/testwebsite.citygame.com\/sl\/wp-json\/wp\/v2\/product\/55474","targetHints":{"allow":["GET"]}}],"collection":[{"href":"https:\/\/testwebsite.citygame.com\/sl\/wp-json\/wp\/v2\/product"}],"about":[{"href":"https:\/\/testwebsite.citygame.com\/sl\/wp-json\/wp\/v2\/types\/product"}],"acf:post":[{"embeddable":true,"href":"https:\/\/testwebsite.citygame.com\/sl\/wp-json\/wp\/v2\/pages\/8615"}],"wp:featuredmedia":[{"embeddable":true,"href":"https:\/\/testwebsite.citygame.com\/sl\/wp-json\/wp\/v2\/media\/14828"}],"wp:attachment":[{"href":"https:\/\/testwebsite.citygame.com\/sl\/wp-json\/wp\/v2\/media?parent=55474"}],"wp:term":[{"taxonomy":"game-concept","embeddable":true,"href":"https:\/\/testwebsite.citygame.com\/sl\/wp-json\/wp\/v2\/game-concept?post=55474"},{"taxonomy":"location","embeddable":true,"href":"https:\/\/testwebsite.citygame.com\/sl\/wp-json\/wp\/v2\/location?post=55474"},{"taxonomy":"product_brand","embeddable":true,"href":"https:\/\/testwebsite.citygame.com\/sl\/wp-json\/wp\/v2\/product_brand?post=55474"},{"taxonomy":"product_cat","embeddable":true,"href":"https:\/\/testwebsite.citygame.com\/sl\/wp-json\/wp\/v2\/product_cat?post=55474"},{"taxonomy":"product_tag","embeddable":true,"href":"https:\/\/testwebsite.citygame.com\/sl\/wp-json\/wp\/v2\/product_tag?post=55474"}],"curies":[{"name":"wp","href":"https:\/\/api.w.org\/{rel}","templated":true}]}}