{"id":41946,"date":"2026-01-13T10:37:16","date_gmt":"2026-01-13T10:37:16","guid":{"rendered":"https:\/\/testwebsite.citygame.com\/games\/unknown-location\/izdelek-346\/"},"modified":"2026-04-02T17:15:12","modified_gmt":"2026-04-02T17:15:12","slug":"izdelek-346","status":"publish","type":"product","link":"https:\/\/testwebsite.citygame.com\/sl\/games\/unknown-location\/izdelek-346\/","title":{"rendered":"Izdelek"},"content":{"rendered":"","protected":false},"excerpt":{"rendered":"","protected":false},"featured_media":3596,"template":"","meta":{"_acf_changed":false,"_yoast_wpseo_focuskw":"Secrets of Katowice","_yoast_wpseo_metadesc":"Secrets of Katowice. Igrajte samovoden City Game in raziskujte mesto skozi uganke, zagonetke in izzive. Igrajte v svojem tempu in odkrijte kot doma\u010din!","_kad_blocks_custom_css":"","_kad_blocks_head_custom_js":"","_kad_blocks_body_custom_js":"","_kad_blocks_footer_custom_js":"","ghostkit_customizer_options":"","ghostkit_custom_css":"","ghostkit_custom_js_head":"","ghostkit_custom_js_foot":"","ghostkit_typography":"","_kad_post_transparent":"default","_kad_post_title":"","_kad_post_layout":"default","_kad_post_sidebar_id":"","_kad_post_content_style":"default","_kad_post_vertical_padding":"default","_kad_post_feature":"","_kad_post_feature_position":"","_kad_post_header":false,"_kad_post_footer":false,"_kad_post_classname":"","_links_to":"","_links_to_target":""},"game-concept":[36],"location":[],"product_brand":[],"product_cat":[27],"product_tag":[],"class_list":{"0":"post-41946","1":"product","2":"type-product","3":"status-publish","4":"has-post-thumbnail","6":"game-concept-secrets","7":"product_cat-geen-categorie","9":"first","10":"instock","11":"shipping-taxable","12":"purchasable","13":"product-type-simple","14":"entry","15":"content-bg","16":"loop-entry"},"acf":{"full_bokun_product_name":"Self-Guided Secrets of Katowice Exploration Game","location_name":"Katowice","bokun_calendar_widget_code":"<script type=\"text\/javascript\" src=\"https:\/\/widgets.bokun.io\/assets\/javascripts\/apps\/build\/BokunWidgetsLoader.js?bookingChannelUUID=a1e93e96-5232-4734-a595-28405f4b5a31\" async><\/script>\n     \n    <div class=\"bokunWidget\" data-src=\"https:\/\/widgets.bokun.io\/online-sales\/a1e93e96-5232-4734-a595-28405f4b5a31\/experience-calendar\/1102509\"><\/div>\n    <noscript>Please enable javascript in your browser to book<\/noscript>","bokun_button_widget_code":"<script type=\"text\/javascript\" src=\"https:\/\/widgets.bokun.io\/assets\/javascripts\/apps\/build\/BokunWidgetsLoader.js?bookingChannelUUID=a1e93e96-5232-4734-a595-28405f4b5a31\" async><\/script>\n      <style> #bokun_ed001e45_5927_4f62_b470_ca766338d083 { display: inline-block; padding: .4em 1em; background: #47b82e; border-radius: 999999px; box-shadow: none; font-weight: 600; font-size: 24px; text-decoration: none; text-align: center; color: #FFFFFF; border:none; cursor: pointer; transition: background .2s ease; } #bokun_ed001e45_5927_4f62_b470_ca766338d083:hover{ background: #2f7b1f; } #bokun_ed001e45_5927_4f62_b470_ca766338d083:active{ background: #378f24; } <\/style> <button class=\"bokunButton\" disabled id=bokun_ed001e45_5927_4f62_b470_ca766338d083 data-src=\"https:\/\/widgets.bokun.io\/online-sales\/a1e93e96-5232-4734-a595-28405f4b5a31\/experience-calendar\/1102509?partialView=1\" data-testid=\"widget-book-button\" > Book now <\/button> ","what_you\u2019ll_experience_during_the_game":"Ko raziskujete Katowice skozi City Game, se izku\u0161nja razkriva kot me\u0161anica urbanega odkrivanja in poglobljenega pripovedovanja zgodb. Voden po zgodbi igre boste naleteli tako na znamenitosti kot na kraje, ki pogosto ostanejo neopa\u017eeni. Na poti boste morda stali pred futuristi\u010dno areno Spodek, razmi\u0161ljali ob spomeniku Henryka S\u0142awika in J\u00f3zsefa Antalla Sr. ali ob\u010dudovali arhitekturo koncertne dvorane, zgrajene na nekdanjem industrijskem obmo\u010dju. Pot vas bo vodila tudi do skritih koti\u010dkov, kot sta igrivi Labirint ali zapleten mozaik na Open University, ki razkrivajo ve\u010dplastni portret Katowic.\r\n\r\nSkozi igro boste re\u0161evali vrsto zapletenih izzivov, od logi\u010dnih ugank do kreativnih foto nalog, ki bodo izostrile va\u0161o okolico. Z dokon\u010danjem vsakega izziva si prislu\u017eite to\u010dke in odkrijete nove namige, kar vas postopoma pribli\u017euje re\u0161itvi kon\u010dne skrivnosti. City Game lahko kadar koli prekinete in nadaljujete v svojem tempu, kar omogo\u010da enostavno raziskovanje Katowic po va\u0161em urniku. Za tiste s tekmovalnim duhom je na voljo tudi mo\u017enost tekmovanja za mesto na lestvici najbolj\u0161ih.","how_to_play":"Po rezervaciji boste prejeli e-po\u0161to z direktno povezavo za igro. Preprosto se odpravite na za\u010detno lokacijo pri Henryku S\u0142awiku in J\u00f3zsefu Antallu Sr., odprite povezavo na pametnem telefonu in za\u010dnite svoje potovanje. Igra temelji na GPS-u, zato vas bo telefon vodil od ene lokacije do druge. Igro lahko kadar koli prekinete in nadaljujete pozneje, da dokon\u010date svojo misijo za obnovo Kril Svobode.","start_location":"katowice, Henryk S\u0142awik and J\u00f3zsef Antall Sr.","available_languages":"","players_per_group":"1-4","duration":"1.5-2 hours","image_overlay_color_image":"https:\/\/testwebsite.citygame.com\/wp-content\/blogs.dir\/1\/files\/sites\/62\/2026\/01\/SecretsColor.svg","image_overlay_game_logo":"https:\/\/testwebsite.citygame.com\/wp-content\/blogs.dir\/1\/files\/sites\/62\/2026\/01\/SecretsLogo.png","city_page":15929,"woocommerce_general_content":null,"the_story":"<strong>Katowice brni z \u017eeleznim utripom industrije, a pod jeklom in sajami tiho \u010dakajo globlje resnice. En glas se dviga, da vas sre\u010da: Wojciech Korfanty, vodja, borec za svobodo in varuh spomina \u0160lezije. Njegov simbol, Krila Svobode, je izginil. Brez njih del\u010dek duha regije plapola, odmevi odpora pa tvegajo, da zbledijo v prah.<\/strong><br><br>Skozi ulice, ki so jih neko\u010d pretresli upori, spomenike, vklesane v pogum, in koti\u010dke, kjer zgodovina \u0161e diha, vas bo vodil Korfanty. Vsak korak odkrije skrit fragment boja in ponosa. To ni le iskanje pogre\u0161anega spomenika, to je potovanje za obnovo du\u0161e ljudstva in dokaz, da svoboda, ko je enkrat pridobljena, nikoli zares ne izgine.<br><br><strong>Pri\u0161li ste raziskovat. Ostali ste, da re\u0161ite zgodbo.<\/strong>","name_main_character":"Wojciech Korfanty","photo_main_character":41948,"loquiz_or_kokimoki":"Kokimoki"},"yoast_head":"<!-- This site is optimized with the Yoast SEO Premium plugin v26.2 (Yoast SEO v26.3) - https:\/\/yoast.com\/wordpress\/plugins\/seo\/ -->\n<title>Izdelek - City Game<\/title>\n<meta name=\"description\" content=\"Secrets of Katowice. Igrajte samovoden City Game in raziskujte mesto skozi uganke, zagonetke in izzive. Igrajte v svojem tempu in odkrijte kot doma\u010din!\" \/>\n<meta name=\"robots\" content=\"noindex, follow, max-snippet:-1, max-image-preview:large, max-video-preview:-1\" \/>\n<meta property=\"og:locale\" content=\"sl_SI\" \/>\n<meta property=\"og:type\" content=\"article\" \/>\n<meta property=\"og:title\" content=\"Izdelek\" \/>\n<meta property=\"og:description\" content=\"Secrets of Katowice. Igrajte samovoden City Game in raziskujte mesto skozi uganke, zagonetke in izzive. Igrajte v svojem tempu in odkrijte kot doma\u010din!\" \/>\n<meta property=\"og:url\" content=\"https:\/\/testwebsite.citygame.com\/sl\/games\/unknown-location\/izdelek-346\/\" \/>\n<meta property=\"og:site_name\" content=\"City Game\" \/>\n<meta property=\"article:publisher\" content=\"https:\/\/www.facebook.com\/profile.php?id=100086426226253\" \/>\n<meta property=\"article:modified_time\" content=\"2026-04-02T17:15:12+00:00\" \/>\n<meta property=\"og:image\" content=\"https:\/\/testwebsite.citygame.com\/wp-content\/blogs.dir\/1\/files\/sites\/62\/2026\/01\/man-with-phone-in-front-of-spodek-arena-in-katowice.jpg\" \/>\n\t<meta property=\"og:image:width\" content=\"1024\" \/>\n\t<meta property=\"og:image:height\" content=\"1024\" \/>\n\t<meta property=\"og:image:type\" content=\"image\/jpeg\" \/>\n<meta name=\"twitter:card\" content=\"summary_large_image\" \/>\n<script type=\"application\/ld+json\" class=\"yoast-schema-graph\">{\"@context\":\"https:\/\/schema.org\",\"@graph\":[{\"@type\":\"WebPage\",\"@id\":\"https:\/\/testwebsite.citygame.com\/sl\/games\/unknown-location\/izdelek-346\/\",\"url\":\"https:\/\/testwebsite.citygame.com\/sl\/games\/unknown-location\/izdelek-346\/\",\"name\":\"Izdelek - City Game\",\"isPartOf\":{\"@id\":\"https:\/\/testwebsite.upevents.nl\/#website\"},\"primaryImageOfPage\":{\"@id\":\"https:\/\/testwebsite.citygame.com\/sl\/games\/unknown-location\/izdelek-346\/#primaryimage\"},\"image\":{\"@id\":\"https:\/\/testwebsite.citygame.com\/sl\/games\/unknown-location\/izdelek-346\/#primaryimage\"},\"thumbnailUrl\":\"https:\/\/testwebsite.citygame.com\/wp-content\/blogs.dir\/1\/files\/sites\/62\/2026\/01\/man-with-phone-in-front-of-spodek-arena-in-katowice.jpg\",\"datePublished\":\"2026-01-13T10:37:16+00:00\",\"dateModified\":\"2026-04-02T17:15:12+00:00\",\"description\":\"Secrets of Katowice. Igrajte samovoden City Game in raziskujte mesto skozi uganke, zagonetke in izzive. Igrajte v svojem tempu in odkrijte kot doma\u010din!\",\"breadcrumb\":{\"@id\":\"https:\/\/testwebsite.citygame.com\/sl\/games\/unknown-location\/izdelek-346\/#breadcrumb\"},\"inLanguage\":\"sl-SI\",\"potentialAction\":[{\"@type\":\"ReadAction\",\"target\":[\"https:\/\/testwebsite.citygame.com\/sl\/games\/unknown-location\/izdelek-346\/\"]}]},{\"@type\":\"ImageObject\",\"inLanguage\":\"sl-SI\",\"@id\":\"https:\/\/testwebsite.citygame.com\/sl\/games\/unknown-location\/izdelek-346\/#primaryimage\",\"url\":\"https:\/\/testwebsite.citygame.com\/wp-content\/blogs.dir\/1\/files\/sites\/62\/2026\/01\/man-with-phone-in-front-of-spodek-arena-in-katowice.jpg\",\"contentUrl\":\"https:\/\/testwebsite.citygame.com\/wp-content\/blogs.dir\/1\/files\/sites\/62\/2026\/01\/man-with-phone-in-front-of-spodek-arena-in-katowice.jpg\",\"width\":1024,\"height\":1024,\"caption\":\"A man uses his smartphone in a large plaza in front of the Spodek arena in Katowice.\"},{\"@type\":\"BreadcrumbList\",\"@id\":\"https:\/\/testwebsite.citygame.com\/sl\/games\/unknown-location\/izdelek-346\/#breadcrumb\",\"itemListElement\":[{\"@type\":\"ListItem\",\"position\":1,\"name\":\"Home\",\"item\":\"https:\/\/testwebsite.citygame.com\/sl\/\"},{\"@type\":\"ListItem\",\"position\":2,\"name\":\"Shop\",\"item\":\"https:\/\/testwebsite.citygame.com\/shop\/\"},{\"@type\":\"ListItem\",\"position\":3,\"name\":\"Izdelek\"}]},{\"@type\":\"WebSite\",\"@id\":\"https:\/\/testwebsite.upevents.nl\/#website\",\"url\":\"https:\/\/testwebsite.upevents.nl\/\",\"name\":\"City Game\",\"description\":\"\",\"publisher\":{\"@id\":\"https:\/\/testwebsite.upevents.nl\/#organization\"},\"alternateName\":\"citygame.com\",\"potentialAction\":[{\"@type\":\"SearchAction\",\"target\":{\"@type\":\"EntryPoint\",\"urlTemplate\":\"https:\/\/testwebsite.upevents.nl\/?s={search_term_string}\"},\"query-input\":{\"@type\":\"PropertyValueSpecification\",\"valueRequired\":true,\"valueName\":\"search_term_string\"}}],\"inLanguage\":\"sl-SI\"},{\"@type\":[\"Organization\",\"Place\"],\"@id\":\"https:\/\/testwebsite.upevents.nl\/#organization\",\"name\":\"City Game\",\"alternateName\":\"citygame.com\",\"url\":\"https:\/\/testwebsite.upevents.nl\/\",\"logo\":{\"@id\":\"https:\/\/testwebsite.citygame.com\/sl\/games\/unknown-location\/izdelek-346\/#local-main-organization-logo\"},\"image\":{\"@id\":\"https:\/\/testwebsite.citygame.com\/sl\/games\/unknown-location\/izdelek-346\/#local-main-organization-logo\"},\"sameAs\":[\"https:\/\/www.facebook.com\/profile.php?id=100086426226253\",\"https:\/\/www.instagram.com\/citygame_com\",\"https:\/\/www.tiktok.com\/@citygamecom\/\",\"https:\/\/www.linkedin.com\/company\/citygame-com\"],\"description\":\"Turn any city into a playground with our interactive City Games and self-guided tours. Fun, flexible, and ideal for groups and team building.\",\"telephone\":[],\"openingHoursSpecification\":[{\"@type\":\"OpeningHoursSpecification\",\"dayOfWeek\":[\"Monday\",\"Tuesday\",\"Wednesday\",\"Thursday\",\"Friday\",\"Saturday\",\"Sunday\"],\"opens\":\"09:00\",\"closes\":\"17:00\"}]},{\"@type\":\"ImageObject\",\"inLanguage\":\"sl-SI\",\"@id\":\"https:\/\/testwebsite.citygame.com\/sl\/games\/unknown-location\/izdelek-346\/#local-main-organization-logo\",\"url\":\"https:\/\/testwebsite.citygame.com\/wp-content\/blogs.dir\/1\/files\/sites\/62\/2025\/10\/CG_LOGO-City-Game.png\",\"contentUrl\":\"https:\/\/testwebsite.citygame.com\/wp-content\/blogs.dir\/1\/files\/sites\/62\/2025\/10\/CG_LOGO-City-Game.png\",\"width\":351,\"height\":377,\"caption\":\"City Game\"}]}<\/script>\n<!-- \/ Yoast SEO Premium plugin. -->","yoast_head_json":{"title":"Izdelek - City Game","description":"Secrets of Katowice. Igrajte samovoden City Game in raziskujte mesto skozi uganke, zagonetke in izzive. Igrajte v svojem tempu in odkrijte kot doma\u010din!","robots":{"index":"noindex","follow":"follow","max-snippet":"max-snippet:-1","max-image-preview":"max-image-preview:large","max-video-preview":"max-video-preview:-1"},"og_locale":"sl_SI","og_type":"article","og_title":"Izdelek","og_description":"Secrets of Katowice. Igrajte samovoden City Game in raziskujte mesto skozi uganke, zagonetke in izzive. Igrajte v svojem tempu in odkrijte kot doma\u010din!","og_url":"https:\/\/testwebsite.citygame.com\/sl\/games\/unknown-location\/izdelek-346\/","og_site_name":"City Game","article_publisher":"https:\/\/www.facebook.com\/profile.php?id=100086426226253","article_modified_time":"2026-04-02T17:15:12+00:00","og_image":[{"width":1024,"height":1024,"url":"https:\/\/testwebsite.citygame.com\/wp-content\/blogs.dir\/1\/files\/sites\/62\/2026\/01\/man-with-phone-in-front-of-spodek-arena-in-katowice.jpg","type":"image\/jpeg"}],"twitter_card":"summary_large_image","schema":{"@context":"https:\/\/schema.org","@graph":[{"@type":"WebPage","@id":"https:\/\/testwebsite.citygame.com\/sl\/games\/unknown-location\/izdelek-346\/","url":"https:\/\/testwebsite.citygame.com\/sl\/games\/unknown-location\/izdelek-346\/","name":"Izdelek - City Game","isPartOf":{"@id":"https:\/\/testwebsite.upevents.nl\/#website"},"primaryImageOfPage":{"@id":"https:\/\/testwebsite.citygame.com\/sl\/games\/unknown-location\/izdelek-346\/#primaryimage"},"image":{"@id":"https:\/\/testwebsite.citygame.com\/sl\/games\/unknown-location\/izdelek-346\/#primaryimage"},"thumbnailUrl":"https:\/\/testwebsite.citygame.com\/wp-content\/blogs.dir\/1\/files\/sites\/62\/2026\/01\/man-with-phone-in-front-of-spodek-arena-in-katowice.jpg","datePublished":"2026-01-13T10:37:16+00:00","dateModified":"2026-04-02T17:15:12+00:00","description":"Secrets of Katowice. Igrajte samovoden City Game in raziskujte mesto skozi uganke, zagonetke in izzive. Igrajte v svojem tempu in odkrijte kot doma\u010din!","breadcrumb":{"@id":"https:\/\/testwebsite.citygame.com\/sl\/games\/unknown-location\/izdelek-346\/#breadcrumb"},"inLanguage":"sl-SI","potentialAction":[{"@type":"ReadAction","target":["https:\/\/testwebsite.citygame.com\/sl\/games\/unknown-location\/izdelek-346\/"]}]},{"@type":"ImageObject","inLanguage":"sl-SI","@id":"https:\/\/testwebsite.citygame.com\/sl\/games\/unknown-location\/izdelek-346\/#primaryimage","url":"https:\/\/testwebsite.citygame.com\/wp-content\/blogs.dir\/1\/files\/sites\/62\/2026\/01\/man-with-phone-in-front-of-spodek-arena-in-katowice.jpg","contentUrl":"https:\/\/testwebsite.citygame.com\/wp-content\/blogs.dir\/1\/files\/sites\/62\/2026\/01\/man-with-phone-in-front-of-spodek-arena-in-katowice.jpg","width":1024,"height":1024,"caption":"A man uses his smartphone in a large plaza in front of the Spodek arena in Katowice."},{"@type":"BreadcrumbList","@id":"https:\/\/testwebsite.citygame.com\/sl\/games\/unknown-location\/izdelek-346\/#breadcrumb","itemListElement":[{"@type":"ListItem","position":1,"name":"Home","item":"https:\/\/testwebsite.citygame.com\/sl\/"},{"@type":"ListItem","position":2,"name":"Shop","item":"https:\/\/testwebsite.citygame.com\/shop\/"},{"@type":"ListItem","position":3,"name":"Izdelek"}]},{"@type":"WebSite","@id":"https:\/\/testwebsite.upevents.nl\/#website","url":"https:\/\/testwebsite.upevents.nl\/","name":"City Game","description":"","publisher":{"@id":"https:\/\/testwebsite.upevents.nl\/#organization"},"alternateName":"citygame.com","potentialAction":[{"@type":"SearchAction","target":{"@type":"EntryPoint","urlTemplate":"https:\/\/testwebsite.upevents.nl\/?s={search_term_string}"},"query-input":{"@type":"PropertyValueSpecification","valueRequired":true,"valueName":"search_term_string"}}],"inLanguage":"sl-SI"},{"@type":["Organization","Place"],"@id":"https:\/\/testwebsite.upevents.nl\/#organization","name":"City Game","alternateName":"citygame.com","url":"https:\/\/testwebsite.upevents.nl\/","logo":{"@id":"https:\/\/testwebsite.citygame.com\/sl\/games\/unknown-location\/izdelek-346\/#local-main-organization-logo"},"image":{"@id":"https:\/\/testwebsite.citygame.com\/sl\/games\/unknown-location\/izdelek-346\/#local-main-organization-logo"},"sameAs":["https:\/\/www.facebook.com\/profile.php?id=100086426226253","https:\/\/www.instagram.com\/citygame_com","https:\/\/www.tiktok.com\/@citygamecom\/","https:\/\/www.linkedin.com\/company\/citygame-com"],"description":"Turn any city into a playground with our interactive City Games and self-guided tours. Fun, flexible, and ideal for groups and team building.","telephone":[],"openingHoursSpecification":[{"@type":"OpeningHoursSpecification","dayOfWeek":["Monday","Tuesday","Wednesday","Thursday","Friday","Saturday","Sunday"],"opens":"09:00","closes":"17:00"}]},{"@type":"ImageObject","inLanguage":"sl-SI","@id":"https:\/\/testwebsite.citygame.com\/sl\/games\/unknown-location\/izdelek-346\/#local-main-organization-logo","url":"https:\/\/testwebsite.citygame.com\/wp-content\/blogs.dir\/1\/files\/sites\/62\/2025\/10\/CG_LOGO-City-Game.png","contentUrl":"https:\/\/testwebsite.citygame.com\/wp-content\/blogs.dir\/1\/files\/sites\/62\/2025\/10\/CG_LOGO-City-Game.png","width":351,"height":377,"caption":"City Game"}]}},"taxonomy_info":{"game-concept":[{"value":36,"label":"Secrets"}],"product_cat":[{"value":27,"label":"Geen categorie"}]},"featured_image_src_large":["https:\/\/testwebsite.citygame.com\/wp-content\/blogs.dir\/1\/files\/sites\/62\/2026\/01\/man-with-phone-in-front-of-spodek-arena-in-katowice.jpg",1024,1024,false],"author_info":[],"comment_info":"","_links":{"self":[{"href":"https:\/\/testwebsite.citygame.com\/sl\/wp-json\/wp\/v2\/product\/41946","targetHints":{"allow":["GET"]}}],"collection":[{"href":"https:\/\/testwebsite.citygame.com\/sl\/wp-json\/wp\/v2\/product"}],"about":[{"href":"https:\/\/testwebsite.citygame.com\/sl\/wp-json\/wp\/v2\/types\/product"}],"acf:post":[{"embeddable":true,"href":"https:\/\/testwebsite.citygame.com\/sl\/wp-json\/wp\/v2\/pages\/15929"}],"wp:featuredmedia":[{"embeddable":true,"href":"https:\/\/testwebsite.citygame.com\/sl\/wp-json\/wp\/v2\/media\/3596"}],"wp:attachment":[{"href":"https:\/\/testwebsite.citygame.com\/sl\/wp-json\/wp\/v2\/media?parent=41946"}],"wp:term":[{"taxonomy":"game-concept","embeddable":true,"href":"https:\/\/testwebsite.citygame.com\/sl\/wp-json\/wp\/v2\/game-concept?post=41946"},{"taxonomy":"location","embeddable":true,"href":"https:\/\/testwebsite.citygame.com\/sl\/wp-json\/wp\/v2\/location?post=41946"},{"taxonomy":"product_brand","embeddable":true,"href":"https:\/\/testwebsite.citygame.com\/sl\/wp-json\/wp\/v2\/product_brand?post=41946"},{"taxonomy":"product_cat","embeddable":true,"href":"https:\/\/testwebsite.citygame.com\/sl\/wp-json\/wp\/v2\/product_cat?post=41946"},{"taxonomy":"product_tag","embeddable":true,"href":"https:\/\/testwebsite.citygame.com\/sl\/wp-json\/wp\/v2\/product_tag?post=41946"}],"curies":[{"name":"wp","href":"https:\/\/api.w.org\/{rel}","templated":true}]}}