{"id":41071,"date":"2026-01-15T13:03:28","date_gmt":"2026-01-15T13:03:28","guid":{"rendered":"https:\/\/testwebsite.citygame.com\/games\/unknown-location\/izdelek-336\/"},"modified":"2026-04-02T14:37:25","modified_gmt":"2026-04-02T14:37:25","slug":"izdelek-336","status":"publish","type":"product","link":"https:\/\/testwebsite.citygame.com\/sl\/games\/unknown-location\/izdelek-336\/","title":{"rendered":"Izdelek"},"content":{"rendered":"","protected":false},"excerpt":{"rendered":"","protected":false},"featured_media":4146,"template":"","meta":{"_acf_changed":false,"_yoast_wpseo_focuskw":"Secrets of Brescia","_yoast_wpseo_metadesc":"Secrets of Brescia. Igrajte samostojno mestno igro in raziskujte mesto skozi uganke, zanke in izzive. Igrajte v svojem ritmu in odkrivajte kot doma\u010din!","_kad_blocks_custom_css":"","_kad_blocks_head_custom_js":"","_kad_blocks_body_custom_js":"","_kad_blocks_footer_custom_js":"","ghostkit_customizer_options":"","ghostkit_custom_css":"","ghostkit_custom_js_head":"","ghostkit_custom_js_foot":"","ghostkit_typography":"","_kad_post_transparent":"default","_kad_post_title":"","_kad_post_layout":"default","_kad_post_sidebar_id":"","_kad_post_content_style":"default","_kad_post_vertical_padding":"default","_kad_post_feature":"","_kad_post_feature_position":"","_kad_post_header":false,"_kad_post_footer":false,"_kad_post_classname":"","_links_to":"","_links_to_target":""},"game-concept":[36],"location":[],"product_brand":[],"product_cat":[27],"product_tag":[],"class_list":{"0":"post-41071","1":"product","2":"type-product","3":"status-publish","4":"has-post-thumbnail","6":"game-concept-secrets","7":"product_cat-geen-categorie","9":"first","10":"instock","11":"shipping-taxable","12":"purchasable","13":"product-type-simple","14":"entry","15":"content-bg","16":"loop-entry"},"acf":{"full_bokun_product_name":"Self-Guided Secrets of Brescia Exploration Game","location_name":"Brescia","bokun_calendar_widget_code":"<script type=\"text\/javascript\" src=\"https:\/\/widgets.bokun.io\/assets\/javascripts\/apps\/build\/BokunWidgetsLoader.js?bookingChannelUUID=a1e93e96-5232-4734-a595-28405f4b5a31\" async><\/script>\n     \n    <div class=\"bokunWidget\" data-src=\"https:\/\/widgets.bokun.io\/online-sales\/a1e93e96-5232-4734-a595-28405f4b5a31\/experience-calendar\/1110862\"><\/div>\n    <noscript>Please enable javascript in your browser to book<\/noscript>","bokun_button_widget_code":"<script type=\"text\/javascript\" src=\"https:\/\/widgets.bokun.io\/assets\/javascripts\/apps\/build\/BokunWidgetsLoader.js?bookingChannelUUID=a1e93e96-5232-4734-a595-28405f4b5a31\" async><\/script>\n      <style> #bokun_ed001e45_5927_4f62_b470_ca766338d083 { display: inline-block; padding: .4em 1em; background: #47b82e; border-radius: 999999px; box-shadow: none; font-weight: 600; font-size: 24px; text-decoration: none; text-align: center; color: #FFFFFF; border:none; cursor: pointer; transition: background .2s ease; } #bokun_ed001e45_5927_4f62_b470_ca766338d083:hover{ background: #2f7b1f; } #bokun_ed001e45_5927_4f62_b470_ca766338d083:active{ background: #378f24; } <\/style> <button class=\"bokunButton\" disabled id=bokun_ed001e45_5927_4f62_b470_ca766338d083 data-src=\"https:\/\/widgets.bokun.io\/online-sales\/a1e93e96-5232-4734-a595-28405f4b5a31\/experience-calendar\/1110862?partialView=1\" data-testid=\"widget-book-button\" > Book now <\/button> ","what_you\u2019ll_experience_during_the_game":"Med igranjem mestne igre Secrets of Brescia boste raziskovali mesto skozi poglobljeno zgodbo, ki zdru\u017euje lokalno zgodovino z interaktivnim odkrivanjem. Pot vas vodi mimo ikoni\u010dnih znamenitosti in mirnej\u0161ih koti\u010dkov, kot je mogo\u010den Castello di Brescia s pogledom na hrib in starodavnimi obzidji. Na poti boste naleteli na lokacije, kot so Torre dell\u2019Orologio na Piazza della Loggia, elegantni Trg Pavla VI. in bogato podrobna Saint Maria of Carmine. Vsaka lokacija poglobi va\u0161 ob\u010dutek za prostor in razkrije plasti preteklosti in kulturnega zna\u010daja Brescie.\r\n\r\nSkozi mestno igro boste re\u0161evali razli\u010dne uganke, zanke in ustvarjalne fotografske izzive, ki vodijo va\u0161 napredek. Vsaka dokon\u010dana naloga prinese to\u010dke, odklene namige in vas pribli\u017ea razkritju kon\u010dne skrivnosti, vtkane v pripoved. Izku\u0161nja je prilagodljiva \u2013 lahko jo kadar koli ustavite in nadaljujete, kar omogo\u010da enostavno u\u017eivanje v lastnem tempu. Za tiste, ki u\u017eivajo v malce tekmovanja, obstaja tudi mo\u017enost, da se povzpnete na lestvico najbolj\u0161ih z doseganjem najvi\u0161jega rezultata.","how_to_play":"Po rezervaciji boste prejeli e-po\u0161tno sporo\u010dilo z neposredno povezavo za igranje. Preprosto pojdite na za\u010detno lokacijo na Via Militare v starem mestnem jedru Brescie in za\u017eenite igro s pametnega telefona. Od tam se zgodba za\u010dne. Igrate lahko v svojem ritmu, kadar koli prekinete in nadaljujete kasneje. Edino, kar potrebujete, je radovednost, telefon z internetom in \u017eelja po raziskovanju Brescie na popolnoma nov na\u010din.","start_location":"Brescia, Via Militare","available_languages":"","players_per_group":"1-4","duration":"1.5-2 hours","image_overlay_color_image":"https:\/\/testwebsite.citygame.com\/wp-content\/blogs.dir\/1\/files\/sites\/62\/2026\/01\/SecretsColor.svg","image_overlay_game_logo":"https:\/\/testwebsite.citygame.com\/wp-content\/blogs.dir\/1\/files\/sites\/62\/2026\/01\/SecretsLogo.png","city_page":15728,"woocommerce_general_content":null,"the_story":"<strong>Brescia \u0161epeta skozi kamen in senco, a en glas \u0161e vedno odmeva jasneje kot ostali. Chiara delle Ombre, plemkinja, selka in utele\u0161eni spomin, ne more naprej. Ne, dokler ne najde po\u010divali\u0161\u010da svojega ljubljenega, izgubljenega v potresu, ki je stoletja nazaj uni\u010dil mesto in njen svet.<\/strong><br><br>Zdaj hodi ob tebi. Skozi starodavna vrata, propadajo\u010de templje in uli\u010dice, ki jih je izrisal \u010das, boste sledili ljubezenski zgodbi, zakopani pod marmorjem. Re\u0161ite uganke, ki jih ona ne more. Razkrijte resnico, ki je ona ne more ve\u010d videti. In \u010de ga najdete, \u010de najdete kraj, morda bo kon\u010dno po\u010divala.<br><br><strong>Ni samo igra. Mesto. Skrivnost. Zgodba, ki jo lahko dokon\u010date samo vi.<\/strong>","name_main_character":"Chiara delle Ombre","photo_main_character":41072,"loquiz_or_kokimoki":"Kokimoki"},"yoast_head":"<!-- This site is optimized with the Yoast SEO Premium plugin v26.2 (Yoast SEO v26.3) - https:\/\/yoast.com\/wordpress\/plugins\/seo\/ -->\n<title>Izdelek - City Game<\/title>\n<meta name=\"description\" content=\"Secrets of Brescia. Igrajte samostojno mestno igro in raziskujte mesto skozi uganke, zanke in izzive. Igrajte v svojem ritmu in odkrivajte kot doma\u010din!\" \/>\n<meta name=\"robots\" content=\"noindex, follow, max-snippet:-1, max-image-preview:large, max-video-preview:-1\" \/>\n<meta property=\"og:locale\" content=\"sl_SI\" \/>\n<meta property=\"og:type\" content=\"article\" \/>\n<meta property=\"og:title\" content=\"Izdelek\" \/>\n<meta property=\"og:description\" content=\"Secrets of Brescia. Igrajte samostojno mestno igro in raziskujte mesto skozi uganke, zanke in izzive. Igrajte v svojem ritmu in odkrivajte kot doma\u010din!\" \/>\n<meta property=\"og:url\" content=\"https:\/\/testwebsite.citygame.com\/sl\/games\/unknown-location\/izdelek-336\/\" \/>\n<meta property=\"og:site_name\" content=\"City Game\" \/>\n<meta property=\"article:publisher\" content=\"https:\/\/www.facebook.com\/profile.php?id=100086426226253\" \/>\n<meta property=\"article:modified_time\" content=\"2026-04-02T14:37:25+00:00\" \/>\n<meta property=\"og:image\" content=\"https:\/\/testwebsite.citygame.com\/wp-content\/blogs.dir\/1\/files\/sites\/62\/2026\/01\/group-of-friends-playing-city-game-brescia-2.jpg\" \/>\n\t<meta property=\"og:image:width\" content=\"1024\" \/>\n\t<meta property=\"og:image:height\" content=\"1024\" \/>\n\t<meta property=\"og:image:type\" content=\"image\/jpeg\" \/>\n<meta name=\"twitter:card\" content=\"summary_large_image\" \/>\n<script type=\"application\/ld+json\" class=\"yoast-schema-graph\">{\"@context\":\"https:\/\/schema.org\",\"@graph\":[{\"@type\":\"WebPage\",\"@id\":\"https:\/\/testwebsite.citygame.com\/sl\/games\/unknown-location\/izdelek-336\/\",\"url\":\"https:\/\/testwebsite.citygame.com\/sl\/games\/unknown-location\/izdelek-336\/\",\"name\":\"Izdelek - City Game\",\"isPartOf\":{\"@id\":\"https:\/\/testwebsite.upevents.nl\/#website\"},\"primaryImageOfPage\":{\"@id\":\"https:\/\/testwebsite.citygame.com\/sl\/games\/unknown-location\/izdelek-336\/#primaryimage\"},\"image\":{\"@id\":\"https:\/\/testwebsite.citygame.com\/sl\/games\/unknown-location\/izdelek-336\/#primaryimage\"},\"thumbnailUrl\":\"https:\/\/testwebsite.citygame.com\/wp-content\/blogs.dir\/1\/files\/sites\/62\/2026\/01\/group-of-friends-playing-city-game-brescia-2.jpg\",\"datePublished\":\"2026-01-15T13:03:28+00:00\",\"dateModified\":\"2026-04-02T14:37:25+00:00\",\"description\":\"Secrets of Brescia. Igrajte samostojno mestno igro in raziskujte mesto skozi uganke, zanke in izzive. Igrajte v svojem ritmu in odkrivajte kot doma\u010din!\",\"breadcrumb\":{\"@id\":\"https:\/\/testwebsite.citygame.com\/sl\/games\/unknown-location\/izdelek-336\/#breadcrumb\"},\"inLanguage\":\"sl-SI\",\"potentialAction\":[{\"@type\":\"ReadAction\",\"target\":[\"https:\/\/testwebsite.citygame.com\/sl\/games\/unknown-location\/izdelek-336\/\"]}]},{\"@type\":\"ImageObject\",\"inLanguage\":\"sl-SI\",\"@id\":\"https:\/\/testwebsite.citygame.com\/sl\/games\/unknown-location\/izdelek-336\/#primaryimage\",\"url\":\"https:\/\/testwebsite.citygame.com\/wp-content\/blogs.dir\/1\/files\/sites\/62\/2026\/01\/group-of-friends-playing-city-game-brescia-2.jpg\",\"contentUrl\":\"https:\/\/testwebsite.citygame.com\/wp-content\/blogs.dir\/1\/files\/sites\/62\/2026\/01\/group-of-friends-playing-city-game-brescia-2.jpg\",\"width\":1024,\"height\":1024,\"caption\":\"A group of friends gather around a smartphone while exploring the historic streets of Brescia.\"},{\"@type\":\"BreadcrumbList\",\"@id\":\"https:\/\/testwebsite.citygame.com\/sl\/games\/unknown-location\/izdelek-336\/#breadcrumb\",\"itemListElement\":[{\"@type\":\"ListItem\",\"position\":1,\"name\":\"Home\",\"item\":\"https:\/\/testwebsite.citygame.com\/sl\/\"},{\"@type\":\"ListItem\",\"position\":2,\"name\":\"Shop\",\"item\":\"https:\/\/testwebsite.citygame.com\/shop\/\"},{\"@type\":\"ListItem\",\"position\":3,\"name\":\"Izdelek\"}]},{\"@type\":\"WebSite\",\"@id\":\"https:\/\/testwebsite.upevents.nl\/#website\",\"url\":\"https:\/\/testwebsite.upevents.nl\/\",\"name\":\"City Game\",\"description\":\"\",\"publisher\":{\"@id\":\"https:\/\/testwebsite.upevents.nl\/#organization\"},\"alternateName\":\"citygame.com\",\"potentialAction\":[{\"@type\":\"SearchAction\",\"target\":{\"@type\":\"EntryPoint\",\"urlTemplate\":\"https:\/\/testwebsite.upevents.nl\/?s={search_term_string}\"},\"query-input\":{\"@type\":\"PropertyValueSpecification\",\"valueRequired\":true,\"valueName\":\"search_term_string\"}}],\"inLanguage\":\"sl-SI\"},{\"@type\":[\"Organization\",\"Place\"],\"@id\":\"https:\/\/testwebsite.upevents.nl\/#organization\",\"name\":\"City Game\",\"alternateName\":\"citygame.com\",\"url\":\"https:\/\/testwebsite.upevents.nl\/\",\"logo\":{\"@id\":\"https:\/\/testwebsite.citygame.com\/sl\/games\/unknown-location\/izdelek-336\/#local-main-organization-logo\"},\"image\":{\"@id\":\"https:\/\/testwebsite.citygame.com\/sl\/games\/unknown-location\/izdelek-336\/#local-main-organization-logo\"},\"sameAs\":[\"https:\/\/www.facebook.com\/profile.php?id=100086426226253\",\"https:\/\/www.instagram.com\/citygame_com\",\"https:\/\/www.tiktok.com\/@citygamecom\/\",\"https:\/\/www.linkedin.com\/company\/citygame-com\"],\"description\":\"Turn any city into a playground with our interactive City Games and self-guided tours. Fun, flexible, and ideal for groups and team building.\",\"telephone\":[],\"openingHoursSpecification\":[{\"@type\":\"OpeningHoursSpecification\",\"dayOfWeek\":[\"Monday\",\"Tuesday\",\"Wednesday\",\"Thursday\",\"Friday\",\"Saturday\",\"Sunday\"],\"opens\":\"09:00\",\"closes\":\"17:00\"}]},{\"@type\":\"ImageObject\",\"inLanguage\":\"sl-SI\",\"@id\":\"https:\/\/testwebsite.citygame.com\/sl\/games\/unknown-location\/izdelek-336\/#local-main-organization-logo\",\"url\":\"https:\/\/testwebsite.citygame.com\/wp-content\/blogs.dir\/1\/files\/sites\/62\/2025\/10\/CG_LOGO-City-Game.png\",\"contentUrl\":\"https:\/\/testwebsite.citygame.com\/wp-content\/blogs.dir\/1\/files\/sites\/62\/2025\/10\/CG_LOGO-City-Game.png\",\"width\":351,\"height\":377,\"caption\":\"City Game\"}]}<\/script>\n<!-- \/ Yoast SEO Premium plugin. -->","yoast_head_json":{"title":"Izdelek - City Game","description":"Secrets of Brescia. Igrajte samostojno mestno igro in raziskujte mesto skozi uganke, zanke in izzive. Igrajte v svojem ritmu in odkrivajte kot doma\u010din!","robots":{"index":"noindex","follow":"follow","max-snippet":"max-snippet:-1","max-image-preview":"max-image-preview:large","max-video-preview":"max-video-preview:-1"},"og_locale":"sl_SI","og_type":"article","og_title":"Izdelek","og_description":"Secrets of Brescia. Igrajte samostojno mestno igro in raziskujte mesto skozi uganke, zanke in izzive. Igrajte v svojem ritmu in odkrivajte kot doma\u010din!","og_url":"https:\/\/testwebsite.citygame.com\/sl\/games\/unknown-location\/izdelek-336\/","og_site_name":"City Game","article_publisher":"https:\/\/www.facebook.com\/profile.php?id=100086426226253","article_modified_time":"2026-04-02T14:37:25+00:00","og_image":[{"width":1024,"height":1024,"url":"https:\/\/testwebsite.citygame.com\/wp-content\/blogs.dir\/1\/files\/sites\/62\/2026\/01\/group-of-friends-playing-city-game-brescia-2.jpg","type":"image\/jpeg"}],"twitter_card":"summary_large_image","schema":{"@context":"https:\/\/schema.org","@graph":[{"@type":"WebPage","@id":"https:\/\/testwebsite.citygame.com\/sl\/games\/unknown-location\/izdelek-336\/","url":"https:\/\/testwebsite.citygame.com\/sl\/games\/unknown-location\/izdelek-336\/","name":"Izdelek - City Game","isPartOf":{"@id":"https:\/\/testwebsite.upevents.nl\/#website"},"primaryImageOfPage":{"@id":"https:\/\/testwebsite.citygame.com\/sl\/games\/unknown-location\/izdelek-336\/#primaryimage"},"image":{"@id":"https:\/\/testwebsite.citygame.com\/sl\/games\/unknown-location\/izdelek-336\/#primaryimage"},"thumbnailUrl":"https:\/\/testwebsite.citygame.com\/wp-content\/blogs.dir\/1\/files\/sites\/62\/2026\/01\/group-of-friends-playing-city-game-brescia-2.jpg","datePublished":"2026-01-15T13:03:28+00:00","dateModified":"2026-04-02T14:37:25+00:00","description":"Secrets of Brescia. Igrajte samostojno mestno igro in raziskujte mesto skozi uganke, zanke in izzive. Igrajte v svojem ritmu in odkrivajte kot doma\u010din!","breadcrumb":{"@id":"https:\/\/testwebsite.citygame.com\/sl\/games\/unknown-location\/izdelek-336\/#breadcrumb"},"inLanguage":"sl-SI","potentialAction":[{"@type":"ReadAction","target":["https:\/\/testwebsite.citygame.com\/sl\/games\/unknown-location\/izdelek-336\/"]}]},{"@type":"ImageObject","inLanguage":"sl-SI","@id":"https:\/\/testwebsite.citygame.com\/sl\/games\/unknown-location\/izdelek-336\/#primaryimage","url":"https:\/\/testwebsite.citygame.com\/wp-content\/blogs.dir\/1\/files\/sites\/62\/2026\/01\/group-of-friends-playing-city-game-brescia-2.jpg","contentUrl":"https:\/\/testwebsite.citygame.com\/wp-content\/blogs.dir\/1\/files\/sites\/62\/2026\/01\/group-of-friends-playing-city-game-brescia-2.jpg","width":1024,"height":1024,"caption":"A group of friends gather around a smartphone while exploring the historic streets of Brescia."},{"@type":"BreadcrumbList","@id":"https:\/\/testwebsite.citygame.com\/sl\/games\/unknown-location\/izdelek-336\/#breadcrumb","itemListElement":[{"@type":"ListItem","position":1,"name":"Home","item":"https:\/\/testwebsite.citygame.com\/sl\/"},{"@type":"ListItem","position":2,"name":"Shop","item":"https:\/\/testwebsite.citygame.com\/shop\/"},{"@type":"ListItem","position":3,"name":"Izdelek"}]},{"@type":"WebSite","@id":"https:\/\/testwebsite.upevents.nl\/#website","url":"https:\/\/testwebsite.upevents.nl\/","name":"City Game","description":"","publisher":{"@id":"https:\/\/testwebsite.upevents.nl\/#organization"},"alternateName":"citygame.com","potentialAction":[{"@type":"SearchAction","target":{"@type":"EntryPoint","urlTemplate":"https:\/\/testwebsite.upevents.nl\/?s={search_term_string}"},"query-input":{"@type":"PropertyValueSpecification","valueRequired":true,"valueName":"search_term_string"}}],"inLanguage":"sl-SI"},{"@type":["Organization","Place"],"@id":"https:\/\/testwebsite.upevents.nl\/#organization","name":"City Game","alternateName":"citygame.com","url":"https:\/\/testwebsite.upevents.nl\/","logo":{"@id":"https:\/\/testwebsite.citygame.com\/sl\/games\/unknown-location\/izdelek-336\/#local-main-organization-logo"},"image":{"@id":"https:\/\/testwebsite.citygame.com\/sl\/games\/unknown-location\/izdelek-336\/#local-main-organization-logo"},"sameAs":["https:\/\/www.facebook.com\/profile.php?id=100086426226253","https:\/\/www.instagram.com\/citygame_com","https:\/\/www.tiktok.com\/@citygamecom\/","https:\/\/www.linkedin.com\/company\/citygame-com"],"description":"Turn any city into a playground with our interactive City Games and self-guided tours. Fun, flexible, and ideal for groups and team building.","telephone":[],"openingHoursSpecification":[{"@type":"OpeningHoursSpecification","dayOfWeek":["Monday","Tuesday","Wednesday","Thursday","Friday","Saturday","Sunday"],"opens":"09:00","closes":"17:00"}]},{"@type":"ImageObject","inLanguage":"sl-SI","@id":"https:\/\/testwebsite.citygame.com\/sl\/games\/unknown-location\/izdelek-336\/#local-main-organization-logo","url":"https:\/\/testwebsite.citygame.com\/wp-content\/blogs.dir\/1\/files\/sites\/62\/2025\/10\/CG_LOGO-City-Game.png","contentUrl":"https:\/\/testwebsite.citygame.com\/wp-content\/blogs.dir\/1\/files\/sites\/62\/2025\/10\/CG_LOGO-City-Game.png","width":351,"height":377,"caption":"City Game"}]}},"taxonomy_info":{"game-concept":[{"value":36,"label":"Secrets"}],"product_cat":[{"value":27,"label":"Geen categorie"}]},"featured_image_src_large":["https:\/\/testwebsite.citygame.com\/wp-content\/blogs.dir\/1\/files\/sites\/62\/2026\/01\/group-of-friends-playing-city-game-brescia-2.jpg",1024,1024,false],"author_info":[],"comment_info":"","_links":{"self":[{"href":"https:\/\/testwebsite.citygame.com\/sl\/wp-json\/wp\/v2\/product\/41071","targetHints":{"allow":["GET"]}}],"collection":[{"href":"https:\/\/testwebsite.citygame.com\/sl\/wp-json\/wp\/v2\/product"}],"about":[{"href":"https:\/\/testwebsite.citygame.com\/sl\/wp-json\/wp\/v2\/types\/product"}],"acf:post":[{"embeddable":true,"href":"https:\/\/testwebsite.citygame.com\/sl\/wp-json\/wp\/v2\/pages\/15728"}],"wp:featuredmedia":[{"embeddable":true,"href":"https:\/\/testwebsite.citygame.com\/sl\/wp-json\/wp\/v2\/media\/4146"}],"wp:attachment":[{"href":"https:\/\/testwebsite.citygame.com\/sl\/wp-json\/wp\/v2\/media?parent=41071"}],"wp:term":[{"taxonomy":"game-concept","embeddable":true,"href":"https:\/\/testwebsite.citygame.com\/sl\/wp-json\/wp\/v2\/game-concept?post=41071"},{"taxonomy":"location","embeddable":true,"href":"https:\/\/testwebsite.citygame.com\/sl\/wp-json\/wp\/v2\/location?post=41071"},{"taxonomy":"product_brand","embeddable":true,"href":"https:\/\/testwebsite.citygame.com\/sl\/wp-json\/wp\/v2\/product_brand?post=41071"},{"taxonomy":"product_cat","embeddable":true,"href":"https:\/\/testwebsite.citygame.com\/sl\/wp-json\/wp\/v2\/product_cat?post=41071"},{"taxonomy":"product_tag","embeddable":true,"href":"https:\/\/testwebsite.citygame.com\/sl\/wp-json\/wp\/v2\/product_tag?post=41071"}],"curies":[{"name":"wp","href":"https:\/\/api.w.org\/{rel}","templated":true}]}}