{"id":40103,"date":"2026-01-13T09:43:14","date_gmt":"2026-01-13T09:43:14","guid":{"rendered":"https:\/\/testwebsite.citygame.com\/games\/unknown-location\/izdelek-325\/"},"modified":"2026-04-02T12:01:16","modified_gmt":"2026-04-02T12:01:16","slug":"izdelek-325","status":"publish","type":"product","link":"https:\/\/testwebsite.citygame.com\/sl\/games\/unknown-location\/izdelek-325\/","title":{"rendered":"Izdelek"},"content":{"rendered":"","protected":false},"excerpt":{"rendered":"","protected":false},"featured_media":3535,"template":"","meta":{"_acf_changed":false,"_yoast_wpseo_focuskw":"Secrets of Edinburgh","_yoast_wpseo_metadesc":"Secrets of Edinburgh. Igrajte samovodeno City Game in raziskujte mesto skozi uganke, skrivnosti in izzive. Igrajte v svojem tempu in odkrijte kot doma\u010din!","_kad_blocks_custom_css":"","_kad_blocks_head_custom_js":"","_kad_blocks_body_custom_js":"","_kad_blocks_footer_custom_js":"","ghostkit_customizer_options":"","ghostkit_custom_css":"","ghostkit_custom_js_head":"","ghostkit_custom_js_foot":"","ghostkit_typography":"","_kad_post_transparent":"default","_kad_post_title":"","_kad_post_layout":"default","_kad_post_sidebar_id":"","_kad_post_content_style":"default","_kad_post_vertical_padding":"default","_kad_post_feature":"","_kad_post_feature_position":"","_kad_post_header":false,"_kad_post_footer":false,"_kad_post_classname":"","_links_to":"","_links_to_target":""},"game-concept":[36],"location":[],"product_brand":[],"product_cat":[27],"product_tag":[],"class_list":{"0":"post-40103","1":"product","2":"type-product","3":"status-publish","4":"has-post-thumbnail","6":"game-concept-secrets","7":"product_cat-geen-categorie","9":"first","10":"instock","11":"shipping-taxable","12":"purchasable","13":"product-type-simple","14":"entry","15":"content-bg","16":"loop-entry"},"acf":{"full_bokun_product_name":"Self-Guided Secrets of Edinburgh Exploration Game","location_name":"Edinburgh","bokun_calendar_widget_code":"<script type=\"text\/javascript\" src=\"https:\/\/widgets.bokun.io\/assets\/javascripts\/apps\/build\/BokunWidgetsLoader.js?bookingChannelUUID=a1e93e96-5232-4734-a595-28405f4b5a31\" async><\/script>\n     \n    <div class=\"bokunWidget\" data-src=\"https:\/\/widgets.bokun.io\/online-sales\/a1e93e96-5232-4734-a595-28405f4b5a31\/experience-calendar\/992369\"><\/div>\n    <noscript>Please enable javascript in your browser to book<\/noscript>","bokun_button_widget_code":"<script type=\"text\/javascript\" src=\"https:\/\/widgets.bokun.io\/assets\/javascripts\/apps\/build\/BokunWidgetsLoader.js?bookingChannelUUID=a1e93e96-5232-4734-a595-28405f4b5a31\" async><\/script>\n      <style> #bokun_ed001e45_5927_4f62_b470_ca766338d083 { display: inline-block; padding: .4em 1em; background: #47b82e; border-radius: 999999px; box-shadow: none; font-weight: 600; font-size: 24px; text-decoration: none; text-align: center; color: #FFFFFF; border:none; cursor: pointer; transition: background .2s ease; } #bokun_ed001e45_5927_4f62_b470_ca766338d083:hover{ background: #2f7b1f; } #bokun_ed001e45_5927_4f62_b470_ca766338d083:active{ background: #378f24; } <\/style> <button class=\"bokunButton\" disabled id=bokun_ed001e45_5927_4f62_b470_ca766338d083 data-src=\"https:\/\/widgets.bokun.io\/online-sales\/a1e93e96-5232-4734-a595-28405f4b5a31\/experience-calendar\/992369?partialView=1\" data-testid=\"widget-book-button\" > Book now <\/button> ","what_you\u2019ll_experience_during_the_game":"Med raziskovanjem Edinburgha s to City Game, boste sledili razvijajo\u010di se zgodbi, ki vas bo popeljala do priznanih znamenitosti in atmosferskih koti\u010dkov mesta. Na poti boste morda ob\u010dudovali pisane izlo\u017ebe Victoria Street, pre\u010dkali \u017eivahni Grassmarket ali se ustavili pri kipu Greyfriars Bobbyja. Zgodovinske postaje, kot sta gostilna Deacon Brodie\u2019s Tavern in sen\u010dne poti pokopali\u0161\u010da Greyfriars Kirkyard, dodajo globino in zna\u010daj va\u0161emu potovanju. Vsaka lokacija ponuja namige in vzdu\u0161je, ki vas potegnejo globlje v ve\u010dplastno preteklost mesta in skrite podrobnosti.\r\n\r\nMed igro boste re\u0161evali spretne uganke, odgovarjali na lokalna vpra\u0161anja in dokon\u010dali ustvarjalne foto izzive, zasnovane tako, da vas pove\u017eejo z zgodovinskim \u0161armom Edinburgha. Z zbiranjem to\u010dk in odklepanjem namigov boste napredovali proti razkritju kon\u010dne skrivnosti, vse v svojem tempu. Igro lahko kadar koli prekinete in nadaljujete pozneje, ne glede na to, ali raziskujete sami ali z drugimi. Za tiste, ki igrajo tekmovalno, pa si prizadevanje za prvo mesto na lestvici najbolj\u0161ih doda dodatno plast izziva in zabave.","how_to_play":"Ko rezervirate, boste prejeli e-po\u0161tno sporo\u010dilo z neposredno povezavo za igranje. Odpravite se na za\u010detno lokacijo pri kipu Walterja Francisa Montaguja Douglasa Scotta in za\u010dnite svojo pustolov\u0161\u010dino, kadar koli \u017eelite. Igra se izvaja neposredno na va\u0161em pametnem telefonu, brez potrebe po prenosu aplikacije. Kadar koli jo lahko prekinete in nadaljujete pozneje, kar vam daje popolno prilagodljivost pri va\u0161em potovanju.","start_location":"Edinburgh, Lawnmarket Statue of Walter Francis Montagu Douglas Scott","available_languages":"","players_per_group":"1-4","duration":"1.5-2 hours","image_overlay_color_image":"https:\/\/testwebsite.citygame.com\/wp-content\/blogs.dir\/1\/files\/sites\/62\/2026\/01\/SecretsColor.svg","image_overlay_game_logo":"https:\/\/testwebsite.citygame.com\/wp-content\/blogs.dir\/1\/files\/sites\/62\/2026\/01\/SecretsLogo.png","city_page":12208,"woocommerce_general_content":null,"the_story":"<strong>Edinburghovi tlakovci so videli \u017ee kar nekaj duhov, a Maggie Dickson je nekaj povsem drugega. Obesili so jo na Grassmarketu in pokopali v krsti, a se je \u010dez nekaj ur zbudila, na veliko presene\u010denje vseh, vklju\u010dno z njo samo. Zdaj je ponovno nazaj, na lovu za Rabljevim pokrivalom, uporabljenim pri njeni usmrtitvi.<\/strong><br><br>Pravijo, da je preklet in nevaren v napa\u010dnih rokah, pokrivalo pa je \u0161e vedno tam, skrito v mestnih ulicah in dvori\u0161\u010dih. Pridru\u017eite se Maggie, ko preganja Royal Mile, se vtihotapi v skrite uli\u010dice in sledi \u0161epetom \u017eivih in mrtvih. Pomagajte ji najti pokrivalo, preden pride v napa\u010dne roke, ali preden ji zmanjka drugih prilo\u017enosti.<br><br><strong>Pri\u0161li ste raziskovat. Ostali ste, da bi re\u0161ili zgodbo.<\/strong>","name_main_character":"Maggie Dickson","photo_main_character":40104,"loquiz_or_kokimoki":"Kokimoki"},"yoast_head":"<!-- This site is optimized with the Yoast SEO Premium plugin v26.2 (Yoast SEO v26.3) - https:\/\/yoast.com\/wordpress\/plugins\/seo\/ -->\n<title>Izdelek - City Game<\/title>\n<meta name=\"description\" content=\"Secrets of Edinburgh. Igrajte samovodeno City Game in raziskujte mesto skozi uganke, skrivnosti in izzive. Igrajte v svojem tempu in odkrijte kot doma\u010din!\" \/>\n<meta name=\"robots\" content=\"noindex, follow, max-snippet:-1, max-image-preview:large, max-video-preview:-1\" \/>\n<meta property=\"og:locale\" content=\"sl_SI\" \/>\n<meta property=\"og:type\" content=\"article\" \/>\n<meta property=\"og:title\" content=\"Izdelek\" \/>\n<meta property=\"og:description\" content=\"Secrets of Edinburgh. Igrajte samovodeno City Game in raziskujte mesto skozi uganke, skrivnosti in izzive. Igrajte v svojem tempu in odkrijte kot doma\u010din!\" \/>\n<meta property=\"og:url\" content=\"https:\/\/testwebsite.citygame.com\/sl\/games\/unknown-location\/izdelek-325\/\" \/>\n<meta property=\"og:site_name\" content=\"City Game\" \/>\n<meta property=\"article:publisher\" content=\"https:\/\/www.facebook.com\/profile.php?id=100086426226253\" \/>\n<meta property=\"article:modified_time\" content=\"2026-04-02T12:01:16+00:00\" \/>\n<meta property=\"og:image\" content=\"https:\/\/testwebsite.citygame.com\/wp-content\/blogs.dir\/1\/files\/sites\/62\/2026\/01\/edinburgh-st-giles-cathedral-city-game-player-secrets.jpg\" \/>\n\t<meta property=\"og:image:width\" content=\"1184\" \/>\n\t<meta property=\"og:image:height\" content=\"864\" \/>\n\t<meta property=\"og:image:type\" content=\"image\/jpeg\" \/>\n<meta name=\"twitter:card\" content=\"summary_large_image\" \/>\n<script type=\"application\/ld+json\" class=\"yoast-schema-graph\">{\"@context\":\"https:\/\/schema.org\",\"@graph\":[{\"@type\":\"WebPage\",\"@id\":\"https:\/\/testwebsite.citygame.com\/sl\/games\/unknown-location\/izdelek-325\/\",\"url\":\"https:\/\/testwebsite.citygame.com\/sl\/games\/unknown-location\/izdelek-325\/\",\"name\":\"Izdelek - City Game\",\"isPartOf\":{\"@id\":\"https:\/\/testwebsite.upevents.nl\/#website\"},\"primaryImageOfPage\":{\"@id\":\"https:\/\/testwebsite.citygame.com\/sl\/games\/unknown-location\/izdelek-325\/#primaryimage\"},\"image\":{\"@id\":\"https:\/\/testwebsite.citygame.com\/sl\/games\/unknown-location\/izdelek-325\/#primaryimage\"},\"thumbnailUrl\":\"https:\/\/testwebsite.citygame.com\/wp-content\/blogs.dir\/1\/files\/sites\/62\/2026\/01\/edinburgh-st-giles-cathedral-city-game-player-secrets.jpg\",\"datePublished\":\"2026-01-13T09:43:14+00:00\",\"dateModified\":\"2026-04-02T12:01:16+00:00\",\"description\":\"Secrets of Edinburgh. Igrajte samovodeno City Game in raziskujte mesto skozi uganke, skrivnosti in izzive. Igrajte v svojem tempu in odkrijte kot doma\u010din!\",\"breadcrumb\":{\"@id\":\"https:\/\/testwebsite.citygame.com\/sl\/games\/unknown-location\/izdelek-325\/#breadcrumb\"},\"inLanguage\":\"sl-SI\",\"potentialAction\":[{\"@type\":\"ReadAction\",\"target\":[\"https:\/\/testwebsite.citygame.com\/sl\/games\/unknown-location\/izdelek-325\/\"]}]},{\"@type\":\"ImageObject\",\"inLanguage\":\"sl-SI\",\"@id\":\"https:\/\/testwebsite.citygame.com\/sl\/games\/unknown-location\/izdelek-325\/#primaryimage\",\"url\":\"https:\/\/testwebsite.citygame.com\/wp-content\/blogs.dir\/1\/files\/sites\/62\/2026\/01\/edinburgh-st-giles-cathedral-city-game-player-secrets.jpg\",\"contentUrl\":\"https:\/\/testwebsite.citygame.com\/wp-content\/blogs.dir\/1\/files\/sites\/62\/2026\/01\/edinburgh-st-giles-cathedral-city-game-player-secrets.jpg\",\"width\":1184,\"height\":864,\"caption\":\"A person discovers a city secret on their phone in front of a historic landmark in Edinburgh.\"},{\"@type\":\"BreadcrumbList\",\"@id\":\"https:\/\/testwebsite.citygame.com\/sl\/games\/unknown-location\/izdelek-325\/#breadcrumb\",\"itemListElement\":[{\"@type\":\"ListItem\",\"position\":1,\"name\":\"Home\",\"item\":\"https:\/\/testwebsite.citygame.com\/sl\/\"},{\"@type\":\"ListItem\",\"position\":2,\"name\":\"Shop\",\"item\":\"https:\/\/testwebsite.citygame.com\/shop\/\"},{\"@type\":\"ListItem\",\"position\":3,\"name\":\"Izdelek\"}]},{\"@type\":\"WebSite\",\"@id\":\"https:\/\/testwebsite.upevents.nl\/#website\",\"url\":\"https:\/\/testwebsite.upevents.nl\/\",\"name\":\"City Game\",\"description\":\"\",\"publisher\":{\"@id\":\"https:\/\/testwebsite.upevents.nl\/#organization\"},\"alternateName\":\"citygame.com\",\"potentialAction\":[{\"@type\":\"SearchAction\",\"target\":{\"@type\":\"EntryPoint\",\"urlTemplate\":\"https:\/\/testwebsite.upevents.nl\/?s={search_term_string}\"},\"query-input\":{\"@type\":\"PropertyValueSpecification\",\"valueRequired\":true,\"valueName\":\"search_term_string\"}}],\"inLanguage\":\"sl-SI\"},{\"@type\":[\"Organization\",\"Place\"],\"@id\":\"https:\/\/testwebsite.upevents.nl\/#organization\",\"name\":\"City Game\",\"alternateName\":\"citygame.com\",\"url\":\"https:\/\/testwebsite.upevents.nl\/\",\"logo\":{\"@id\":\"https:\/\/testwebsite.citygame.com\/sl\/games\/unknown-location\/izdelek-325\/#local-main-organization-logo\"},\"image\":{\"@id\":\"https:\/\/testwebsite.citygame.com\/sl\/games\/unknown-location\/izdelek-325\/#local-main-organization-logo\"},\"sameAs\":[\"https:\/\/www.facebook.com\/profile.php?id=100086426226253\",\"https:\/\/www.instagram.com\/citygame_com\",\"https:\/\/www.tiktok.com\/@citygamecom\/\",\"https:\/\/www.linkedin.com\/company\/citygame-com\"],\"description\":\"Turn any city into a playground with our interactive City Games and self-guided tours. Fun, flexible, and ideal for groups and team building.\",\"telephone\":[],\"openingHoursSpecification\":[{\"@type\":\"OpeningHoursSpecification\",\"dayOfWeek\":[\"Monday\",\"Tuesday\",\"Wednesday\",\"Thursday\",\"Friday\",\"Saturday\",\"Sunday\"],\"opens\":\"09:00\",\"closes\":\"17:00\"}]},{\"@type\":\"ImageObject\",\"inLanguage\":\"sl-SI\",\"@id\":\"https:\/\/testwebsite.citygame.com\/sl\/games\/unknown-location\/izdelek-325\/#local-main-organization-logo\",\"url\":\"https:\/\/testwebsite.citygame.com\/wp-content\/blogs.dir\/1\/files\/sites\/62\/2025\/10\/CG_LOGO-City-Game.png\",\"contentUrl\":\"https:\/\/testwebsite.citygame.com\/wp-content\/blogs.dir\/1\/files\/sites\/62\/2025\/10\/CG_LOGO-City-Game.png\",\"width\":351,\"height\":377,\"caption\":\"City Game\"}]}<\/script>\n<!-- \/ Yoast SEO Premium plugin. -->","yoast_head_json":{"title":"Izdelek - City Game","description":"Secrets of Edinburgh. Igrajte samovodeno City Game in raziskujte mesto skozi uganke, skrivnosti in izzive. Igrajte v svojem tempu in odkrijte kot doma\u010din!","robots":{"index":"noindex","follow":"follow","max-snippet":"max-snippet:-1","max-image-preview":"max-image-preview:large","max-video-preview":"max-video-preview:-1"},"og_locale":"sl_SI","og_type":"article","og_title":"Izdelek","og_description":"Secrets of Edinburgh. Igrajte samovodeno City Game in raziskujte mesto skozi uganke, skrivnosti in izzive. Igrajte v svojem tempu in odkrijte kot doma\u010din!","og_url":"https:\/\/testwebsite.citygame.com\/sl\/games\/unknown-location\/izdelek-325\/","og_site_name":"City Game","article_publisher":"https:\/\/www.facebook.com\/profile.php?id=100086426226253","article_modified_time":"2026-04-02T12:01:16+00:00","og_image":[{"width":1184,"height":864,"url":"https:\/\/testwebsite.citygame.com\/wp-content\/blogs.dir\/1\/files\/sites\/62\/2026\/01\/edinburgh-st-giles-cathedral-city-game-player-secrets.jpg","type":"image\/jpeg"}],"twitter_card":"summary_large_image","schema":{"@context":"https:\/\/schema.org","@graph":[{"@type":"WebPage","@id":"https:\/\/testwebsite.citygame.com\/sl\/games\/unknown-location\/izdelek-325\/","url":"https:\/\/testwebsite.citygame.com\/sl\/games\/unknown-location\/izdelek-325\/","name":"Izdelek - City Game","isPartOf":{"@id":"https:\/\/testwebsite.upevents.nl\/#website"},"primaryImageOfPage":{"@id":"https:\/\/testwebsite.citygame.com\/sl\/games\/unknown-location\/izdelek-325\/#primaryimage"},"image":{"@id":"https:\/\/testwebsite.citygame.com\/sl\/games\/unknown-location\/izdelek-325\/#primaryimage"},"thumbnailUrl":"https:\/\/testwebsite.citygame.com\/wp-content\/blogs.dir\/1\/files\/sites\/62\/2026\/01\/edinburgh-st-giles-cathedral-city-game-player-secrets.jpg","datePublished":"2026-01-13T09:43:14+00:00","dateModified":"2026-04-02T12:01:16+00:00","description":"Secrets of Edinburgh. Igrajte samovodeno City Game in raziskujte mesto skozi uganke, skrivnosti in izzive. Igrajte v svojem tempu in odkrijte kot doma\u010din!","breadcrumb":{"@id":"https:\/\/testwebsite.citygame.com\/sl\/games\/unknown-location\/izdelek-325\/#breadcrumb"},"inLanguage":"sl-SI","potentialAction":[{"@type":"ReadAction","target":["https:\/\/testwebsite.citygame.com\/sl\/games\/unknown-location\/izdelek-325\/"]}]},{"@type":"ImageObject","inLanguage":"sl-SI","@id":"https:\/\/testwebsite.citygame.com\/sl\/games\/unknown-location\/izdelek-325\/#primaryimage","url":"https:\/\/testwebsite.citygame.com\/wp-content\/blogs.dir\/1\/files\/sites\/62\/2026\/01\/edinburgh-st-giles-cathedral-city-game-player-secrets.jpg","contentUrl":"https:\/\/testwebsite.citygame.com\/wp-content\/blogs.dir\/1\/files\/sites\/62\/2026\/01\/edinburgh-st-giles-cathedral-city-game-player-secrets.jpg","width":1184,"height":864,"caption":"A person discovers a city secret on their phone in front of a historic landmark in Edinburgh."},{"@type":"BreadcrumbList","@id":"https:\/\/testwebsite.citygame.com\/sl\/games\/unknown-location\/izdelek-325\/#breadcrumb","itemListElement":[{"@type":"ListItem","position":1,"name":"Home","item":"https:\/\/testwebsite.citygame.com\/sl\/"},{"@type":"ListItem","position":2,"name":"Shop","item":"https:\/\/testwebsite.citygame.com\/shop\/"},{"@type":"ListItem","position":3,"name":"Izdelek"}]},{"@type":"WebSite","@id":"https:\/\/testwebsite.upevents.nl\/#website","url":"https:\/\/testwebsite.upevents.nl\/","name":"City Game","description":"","publisher":{"@id":"https:\/\/testwebsite.upevents.nl\/#organization"},"alternateName":"citygame.com","potentialAction":[{"@type":"SearchAction","target":{"@type":"EntryPoint","urlTemplate":"https:\/\/testwebsite.upevents.nl\/?s={search_term_string}"},"query-input":{"@type":"PropertyValueSpecification","valueRequired":true,"valueName":"search_term_string"}}],"inLanguage":"sl-SI"},{"@type":["Organization","Place"],"@id":"https:\/\/testwebsite.upevents.nl\/#organization","name":"City Game","alternateName":"citygame.com","url":"https:\/\/testwebsite.upevents.nl\/","logo":{"@id":"https:\/\/testwebsite.citygame.com\/sl\/games\/unknown-location\/izdelek-325\/#local-main-organization-logo"},"image":{"@id":"https:\/\/testwebsite.citygame.com\/sl\/games\/unknown-location\/izdelek-325\/#local-main-organization-logo"},"sameAs":["https:\/\/www.facebook.com\/profile.php?id=100086426226253","https:\/\/www.instagram.com\/citygame_com","https:\/\/www.tiktok.com\/@citygamecom\/","https:\/\/www.linkedin.com\/company\/citygame-com"],"description":"Turn any city into a playground with our interactive City Games and self-guided tours. Fun, flexible, and ideal for groups and team building.","telephone":[],"openingHoursSpecification":[{"@type":"OpeningHoursSpecification","dayOfWeek":["Monday","Tuesday","Wednesday","Thursday","Friday","Saturday","Sunday"],"opens":"09:00","closes":"17:00"}]},{"@type":"ImageObject","inLanguage":"sl-SI","@id":"https:\/\/testwebsite.citygame.com\/sl\/games\/unknown-location\/izdelek-325\/#local-main-organization-logo","url":"https:\/\/testwebsite.citygame.com\/wp-content\/blogs.dir\/1\/files\/sites\/62\/2025\/10\/CG_LOGO-City-Game.png","contentUrl":"https:\/\/testwebsite.citygame.com\/wp-content\/blogs.dir\/1\/files\/sites\/62\/2025\/10\/CG_LOGO-City-Game.png","width":351,"height":377,"caption":"City Game"}]}},"taxonomy_info":{"game-concept":[{"value":36,"label":"Secrets"}],"product_cat":[{"value":27,"label":"Geen categorie"}]},"featured_image_src_large":["https:\/\/testwebsite.citygame.com\/wp-content\/blogs.dir\/1\/files\/sites\/62\/2026\/01\/edinburgh-st-giles-cathedral-city-game-player-secrets-1024x747.jpg",1024,747,true],"author_info":[],"comment_info":"","_links":{"self":[{"href":"https:\/\/testwebsite.citygame.com\/sl\/wp-json\/wp\/v2\/product\/40103","targetHints":{"allow":["GET"]}}],"collection":[{"href":"https:\/\/testwebsite.citygame.com\/sl\/wp-json\/wp\/v2\/product"}],"about":[{"href":"https:\/\/testwebsite.citygame.com\/sl\/wp-json\/wp\/v2\/types\/product"}],"acf:post":[{"embeddable":true,"href":"https:\/\/testwebsite.citygame.com\/sl\/wp-json\/wp\/v2\/pages\/12208"}],"wp:featuredmedia":[{"embeddable":true,"href":"https:\/\/testwebsite.citygame.com\/sl\/wp-json\/wp\/v2\/media\/3535"}],"wp:attachment":[{"href":"https:\/\/testwebsite.citygame.com\/sl\/wp-json\/wp\/v2\/media?parent=40103"}],"wp:term":[{"taxonomy":"game-concept","embeddable":true,"href":"https:\/\/testwebsite.citygame.com\/sl\/wp-json\/wp\/v2\/game-concept?post=40103"},{"taxonomy":"location","embeddable":true,"href":"https:\/\/testwebsite.citygame.com\/sl\/wp-json\/wp\/v2\/location?post=40103"},{"taxonomy":"product_brand","embeddable":true,"href":"https:\/\/testwebsite.citygame.com\/sl\/wp-json\/wp\/v2\/product_brand?post=40103"},{"taxonomy":"product_cat","embeddable":true,"href":"https:\/\/testwebsite.citygame.com\/sl\/wp-json\/wp\/v2\/product_cat?post=40103"},{"taxonomy":"product_tag","embeddable":true,"href":"https:\/\/testwebsite.citygame.com\/sl\/wp-json\/wp\/v2\/product_tag?post=40103"}],"curies":[{"name":"wp","href":"https:\/\/api.w.org\/{rel}","templated":true}]}}