{"id":68327,"date":"2026-01-13T11:46:45","date_gmt":"2026-01-13T11:46:45","guid":{"rendered":"https:\/\/testwebsite.citygame.com\/games\/unknown-location\/secrets-of-wismar\/"},"modified":"2026-04-09T11:53:49","modified_gmt":"2026-04-09T11:53:49","slug":"secrets-of-wismar","status":"publish","type":"product","link":"https:\/\/testwebsite.citygame.com\/sk\/games\/wismar\/secrets-of-wismar\/","title":{"rendered":"Secrets of Wismar"},"content":{"rendered":"<p>Mestsk\u00e1 hra Wismar je samoobslu\u017en\u00e1 hra zalo\u017een\u00e1 na GPS, ktor\u00e1 sa odohr\u00e1va v historickom centre Wismaru. Pomocou smartf\u00f3nu hr\u00e1\u010di objavuj\u00fa mesto, zatia\u013e \u010do rie\u0161ia h\u00e1danky, r\u00e9busy a fotografick\u00e9 v\u00fdzvy, ktor\u00e9 odha\u013euj\u00fa skryt\u00e9 detaily a pr\u00edbehy v celej oblasti. T\u00e1to samoobslu\u017en\u00e1 mestsk\u00e1 hra pon\u00faka jedine\u010dn\u00fd sp\u00f4sob, ako sa interakt\u00edvnou hrou dozvedie\u0165 o bohatej hist\u00f3rii a kult\u00fare Wismaru. Prieskumn\u00e1 hra je ide\u00e1lna pre n\u00e1v\u0161tevn\u00edkov aj miestnych a funguje rovnako dobre pre jednotliv\u00fdch hr\u00e1\u010dov, p\u00e1ry, rodiny a skupiny priate\u013eov. \u010ci u\u017e ste v meste nov\u00ed alebo znovu objavujete zn\u00e1me ulice, hra zalo\u017een\u00e1 na GPS prid\u00e1va nov\u00fd rozmer objavovaniu Wismaru.<\/p>\n","protected":false},"excerpt":{"rendered":"<p>Objavte pir\u00e1tskeho ducha Wismaru! Prejdite sa jeho dl\u00e1\u017eden\u00fdmi ulicami a vdychujte slan\u00fd pr\u00edstavn\u00fd vzduch, ke\u010f sa prid\u00e1te k legend\u00e1rnemu Klausovi St\u00f6rtebekerovi na v\u00fdprave za zjednoten\u00edm jeho pos\u00e1dky a odhalen\u00edm tajomstiev, ktor\u00e9 udr\u017eiavaj\u00fa hanzov\u00fa du\u0161u Wismaru na\u017eive.<\/p>\n","protected":false},"featured_media":3661,"template":"","meta":{"_acf_changed":false,"_yoast_wpseo_focuskw":"Secrets of Wismar","_yoast_wpseo_metadesc":"Secrets of Wismar. Zahrajte si samoobslu\u017en\u00fa mestsk\u00fa hru a presk\u00famajte mesto prostredn\u00edctvom hlavolamov, h\u00e1daniek a v\u00fdziev. Hrajte vlastn\u00fdm tempom a objavujte ako miestny!","_kad_blocks_custom_css":"","_kad_blocks_head_custom_js":"","_kad_blocks_body_custom_js":"","_kad_blocks_footer_custom_js":"","ghostkit_customizer_options":"","ghostkit_custom_css":"","ghostkit_custom_js_head":"","ghostkit_custom_js_foot":"","ghostkit_typography":"","_kad_post_transparent":"","_kad_post_title":"","_kad_post_layout":"","_kad_post_sidebar_id":"","_kad_post_content_style":"","_kad_post_vertical_padding":"","_kad_post_feature":"","_kad_post_feature_position":"","_kad_post_header":false,"_kad_post_footer":false,"_kad_post_classname":"","_links_to":"","_links_to_target":""},"game-concept":[727],"location":[428],"product_brand":[],"product_cat":[27],"product_tag":[],"class_list":{"0":"post-68327","1":"product","2":"type-product","3":"status-publish","4":"has-post-thumbnail","6":"game-concept-secrets","7":"location-wismar","8":"product_cat-geen-categorie","10":"first","11":"instock","12":"shipping-taxable","13":"purchasable","14":"product-type-simple","15":"entry","16":"content-bg","17":"loop-entry"},"acf":{"full_bokun_product_name":"Self-Guided Secrets of Wismar Exploration Game","location_name":"Wismar","bokun_calendar_widget_code":"<script type=\"text\/javascript\" src=\"https:\/\/widgets.bokun.io\/assets\/javascripts\/apps\/build\/BokunWidgetsLoader.js?bookingChannelUUID=a1e93e96-5232-4734-a595-28405f4b5a31\" async><\/script>\n     \n    <div class=\"bokunWidget\" data-src=\"https:\/\/widgets.bokun.io\/online-sales\/a1e93e96-5232-4734-a595-28405f4b5a31\/experience-calendar\/1096905\"><\/div>\n    <noscript>Please enable javascript in your browser to book<\/noscript>","bokun_button_widget_code":"<script type=\"text\/javascript\" src=\"https:\/\/widgets.bokun.io\/assets\/javascripts\/apps\/build\/BokunWidgetsLoader.js?bookingChannelUUID=a1e93e96-5232-4734-a595-28405f4b5a31\" async><\/script>\n      <style> #bokun_ed001e45_5927_4f62_b470_ca766338d083 { display: inline-block; padding: .4em 1em; background: #47b82e; border-radius: 999999px; box-shadow: none; font-weight: 600; font-size: 24px; text-decoration: none; text-align: center; color: #FFFFFF; border:none; cursor: pointer; transition: background .2s ease; } #bokun_ed001e45_5927_4f62_b470_ca766338d083:hover{ background: #2f7b1f; } #bokun_ed001e45_5927_4f62_b470_ca766338d083:active{ background: #378f24; } <\/style> <button class=\"bokunButton\" disabled id=bokun_ed001e45_5927_4f62_b470_ca766338d083 data-src=\"https:\/\/widgets.bokun.io\/online-sales\/a1e93e96-5232-4734-a595-28405f4b5a31\/experience-calendar\/1096905?partialView=1\" data-testid=\"widget-book-button\" > Book now <\/button> ","what_you\u2019ll_experience_during_the_game":"Po\u010das mestskej hry Secrets of Wismar presk\u00famate srdce historick\u00e9ho mesta prostredn\u00edctvom pohlcuj\u00faceho pr\u00edbehu obohaten\u00e9ho o praktick\u00e9 v\u00fdzvy. Ako sa budete pohybova\u0165 medzi miestami, hra odhal\u00ed zn\u00e1me aj skryt\u00e9 z\u00e1kutia Wismaru. Stretnete sa s ikonick\u00fdmi miestami, ako je ozdoben\u00e1 font\u00e1na Wasserkunst s jej m\u00fdtick\u00fdmi postavami, p\u00f4sobiv\u00e1 b\u00fdval\u00e1 \u0161v\u00e9dska s\u00fadna budova zn\u00e1ma ako F\u00fcrstenhof a tehlov\u00e1 ve\u017ea Marienkirche, ktor\u00e1 st\u00e1le stoj\u00ed ako dominanta na obzore. Po\u010das cesty pon\u00fakaj\u00fa zrekon\u0161truovan\u00fd kostol St. Georgen a pr\u00edstavn\u00e9 kotvisko repliky stredovek\u00e9ho plavidla, Wissemara, momenty architektonick\u00e9ho kontrastu a n\u00e1morn\u00e9ho dedi\u010dstva.\n\nPri objavovan\u00ed Wismaru sa pust\u00edte do hlavolamov, kreat\u00edvnych \u00faloh a h\u00e1daniek zalo\u017een\u00fdch na pozorovan\u00ed, ktor\u00e9 v\u00e1s spoja s va\u0161\u00edm okol\u00edm. Splnen\u00edm ka\u017edej v\u00fdzvy z\u00edskavate body, odomyk\u00e1te n\u00e1povede a pribli\u017eujete sa k pochopeniu z\u00e1vere\u010dn\u00e9ho tajomstva vpleten\u00e9ho do cesty. Hru m\u00f4\u017eete kedyko\u013evek pozastavi\u0165 a nesk\u00f4r v nej pokra\u010dova\u0165 vlastn\u00fdm tempom. Pre t\u00fdch, ktor\u00ed si u\u017e\u00edvaj\u00fa trochu s\u00fa\u0165a\u017ee, m\u00f4\u017eete sa pok\u00fasi\u0165 vy\u0161plha\u0165 na rebr\u00ed\u010dek t\u00fdm, \u017ee prekon\u00e1te ostatn\u00fdch hr\u00e1\u010dov alebo t\u00edmy.","how_to_play":"Po rezerv\u00e1cii dostanete e-mail s osobn\u00fdm odkazom na hru. Jednoducho cho\u010fte na \u0161tartovacie miesto pri Alter Schwede na n\u00e1mest\u00ed v Wismare, otvorte odkaz na svojom smartf\u00f3ne a za\u010dnite hra\u0165. Hra za\u010d\u00edna okam\u017eite a m\u00f4\u017eete ju kedyko\u013evek pozastavi\u0165 a op\u00e4\u0165 spusti\u0165.","start_location":"Wismar, Alter Schwede","available_languages":[],"players_per_group":"1-4","duration":"1.5-2 hours","image_overlay_color_image":"https:\/\/testwebsite.citygame.com\/wp-content\/blogs.dir\/1\/files\/sites\/62\/2026\/01\/SecretsColor.svg","image_overlay_game_logo":"https:\/\/testwebsite.citygame.com\/wp-content\/blogs.dir\/1\/files\/sites\/62\/2026\/01\/SecretsLogo.png","city_page":15685,"woocommerce_general_content":null},"yoast_head":"<!-- This site is optimized with the Yoast SEO Premium plugin v26.2 (Yoast SEO v26.3) - https:\/\/yoast.com\/wordpress\/plugins\/seo\/ -->\n<title>Secrets of Wismar - City Game<\/title>\n<meta name=\"description\" content=\"Secrets of Wismar. Zahrajte si samoobslu\u017en\u00fa mestsk\u00fa hru a presk\u00famajte mesto prostredn\u00edctvom hlavolamov, h\u00e1daniek a v\u00fdziev. Hrajte vlastn\u00fdm tempom a objavujte ako miestny!\" \/>\n<meta name=\"robots\" content=\"noindex, follow, max-snippet:-1, max-image-preview:large, max-video-preview:-1\" \/>\n<meta property=\"og:locale\" content=\"sk_SK\" \/>\n<meta property=\"og:type\" content=\"article\" \/>\n<meta property=\"og:title\" content=\"Secrets of Wismar\" \/>\n<meta property=\"og:description\" content=\"Secrets of Wismar. Zahrajte si samoobslu\u017en\u00fa mestsk\u00fa hru a presk\u00famajte mesto prostredn\u00edctvom hlavolamov, h\u00e1daniek a v\u00fdziev. Hrajte vlastn\u00fdm tempom a objavujte ako miestny!\" \/>\n<meta property=\"og:url\" content=\"https:\/\/testwebsite.citygame.com\/sk\/games\/wismar\/secrets-of-wismar\/\" \/>\n<meta property=\"og:site_name\" content=\"City Game\" \/>\n<meta property=\"article:publisher\" content=\"https:\/\/www.facebook.com\/profile.php?id=100086426226253\" \/>\n<meta property=\"article:modified_time\" content=\"2026-04-09T11:53:49+00:00\" \/>\n<meta property=\"og:image\" content=\"https:\/\/testwebsite.citygame.com\/wp-content\/blogs.dir\/1\/files\/sites\/62\/2026\/01\/group-playing-city-game-wismar-marktplatz-germany.jpg\" \/>\n\t<meta property=\"og:image:width\" content=\"1024\" \/>\n\t<meta property=\"og:image:height\" content=\"1024\" \/>\n\t<meta property=\"og:image:type\" content=\"image\/jpeg\" \/>\n<meta name=\"twitter:card\" content=\"summary_large_image\" \/>\n<meta name=\"twitter:label1\" content=\"Predpokladan\u00fd \u010das \u010d\u00edtania\" \/>\n\t<meta name=\"twitter:data1\" content=\"1 min\u00fata\" \/>\n<script type=\"application\/ld+json\" class=\"yoast-schema-graph\">{\"@context\":\"https:\/\/schema.org\",\"@graph\":[{\"@type\":\"WebPage\",\"@id\":\"https:\/\/testwebsite.citygame.com\/sk\/games\/wismar\/secrets-of-wismar\/\",\"url\":\"https:\/\/testwebsite.citygame.com\/sk\/games\/wismar\/secrets-of-wismar\/\",\"name\":\"Secrets of Wismar - City Game\",\"isPartOf\":{\"@id\":\"https:\/\/testwebsite.upevents.nl\/#website\"},\"primaryImageOfPage\":{\"@id\":\"https:\/\/testwebsite.citygame.com\/sk\/games\/wismar\/secrets-of-wismar\/#primaryimage\"},\"image\":{\"@id\":\"https:\/\/testwebsite.citygame.com\/sk\/games\/wismar\/secrets-of-wismar\/#primaryimage\"},\"thumbnailUrl\":\"https:\/\/testwebsite.citygame.com\/wp-content\/blogs.dir\/1\/files\/sites\/62\/2026\/01\/group-playing-city-game-wismar-marktplatz-germany.jpg\",\"datePublished\":\"2026-01-13T11:46:45+00:00\",\"dateModified\":\"2026-04-09T11:53:49+00:00\",\"description\":\"Secrets of Wismar. Zahrajte si samoobslu\u017en\u00fa mestsk\u00fa hru a presk\u00famajte mesto prostredn\u00edctvom hlavolamov, h\u00e1daniek a v\u00fdziev. Hrajte vlastn\u00fdm tempom a objavujte ako miestny!\",\"breadcrumb\":{\"@id\":\"https:\/\/testwebsite.citygame.com\/sk\/games\/wismar\/secrets-of-wismar\/#breadcrumb\"},\"inLanguage\":\"sk-SK\",\"potentialAction\":[{\"@type\":\"ReadAction\",\"target\":[\"https:\/\/testwebsite.citygame.com\/sk\/games\/wismar\/secrets-of-wismar\/\"]}]},{\"@type\":\"ImageObject\",\"inLanguage\":\"sk-SK\",\"@id\":\"https:\/\/testwebsite.citygame.com\/sk\/games\/wismar\/secrets-of-wismar\/#primaryimage\",\"url\":\"https:\/\/testwebsite.citygame.com\/wp-content\/blogs.dir\/1\/files\/sites\/62\/2026\/01\/group-playing-city-game-wismar-marktplatz-germany.jpg\",\"contentUrl\":\"https:\/\/testwebsite.citygame.com\/wp-content\/blogs.dir\/1\/files\/sites\/62\/2026\/01\/group-playing-city-game-wismar-marktplatz-germany.jpg\",\"width\":1024,\"height\":1024,\"caption\":\"A team of players collaborates on a puzzle on their phone in Wismar's central square.\"},{\"@type\":\"BreadcrumbList\",\"@id\":\"https:\/\/testwebsite.citygame.com\/sk\/games\/wismar\/secrets-of-wismar\/#breadcrumb\",\"itemListElement\":[{\"@type\":\"ListItem\",\"position\":1,\"name\":\"Home\",\"item\":\"https:\/\/testwebsite.citygame.com\/sk\/\"},{\"@type\":\"ListItem\",\"position\":2,\"name\":\"Shop\",\"item\":\"https:\/\/testwebsite.citygame.com\/shop\/\"},{\"@type\":\"ListItem\",\"position\":3,\"name\":\"Secrets of Wismar\"}]},{\"@type\":\"WebSite\",\"@id\":\"https:\/\/testwebsite.upevents.nl\/#website\",\"url\":\"https:\/\/testwebsite.upevents.nl\/\",\"name\":\"City Game\",\"description\":\"\",\"publisher\":{\"@id\":\"https:\/\/testwebsite.upevents.nl\/#organization\"},\"alternateName\":\"citygame.com\",\"potentialAction\":[{\"@type\":\"SearchAction\",\"target\":{\"@type\":\"EntryPoint\",\"urlTemplate\":\"https:\/\/testwebsite.upevents.nl\/?s={search_term_string}\"},\"query-input\":{\"@type\":\"PropertyValueSpecification\",\"valueRequired\":true,\"valueName\":\"search_term_string\"}}],\"inLanguage\":\"sk-SK\"},{\"@type\":[\"Organization\",\"Place\"],\"@id\":\"https:\/\/testwebsite.upevents.nl\/#organization\",\"name\":\"City Game\",\"alternateName\":\"citygame.com\",\"url\":\"https:\/\/testwebsite.upevents.nl\/\",\"logo\":{\"@id\":\"https:\/\/testwebsite.citygame.com\/sk\/games\/wismar\/secrets-of-wismar\/#local-main-organization-logo\"},\"image\":{\"@id\":\"https:\/\/testwebsite.citygame.com\/sk\/games\/wismar\/secrets-of-wismar\/#local-main-organization-logo\"},\"sameAs\":[\"https:\/\/www.facebook.com\/profile.php?id=100086426226253\",\"https:\/\/www.instagram.com\/citygame_com\",\"https:\/\/www.tiktok.com\/@citygamecom\/\",\"https:\/\/www.linkedin.com\/company\/citygame-com\"],\"description\":\"Turn any city into a playground with our interactive City Games and self-guided tours. Fun, flexible, and ideal for groups and team building.\",\"telephone\":[],\"openingHoursSpecification\":[{\"@type\":\"OpeningHoursSpecification\",\"dayOfWeek\":[\"Monday\",\"Tuesday\",\"Wednesday\",\"Thursday\",\"Friday\",\"Saturday\",\"Sunday\"],\"opens\":\"09:00\",\"closes\":\"17:00\"}]},{\"@type\":\"ImageObject\",\"inLanguage\":\"sk-SK\",\"@id\":\"https:\/\/testwebsite.citygame.com\/sk\/games\/wismar\/secrets-of-wismar\/#local-main-organization-logo\",\"url\":\"https:\/\/testwebsite.citygame.com\/wp-content\/blogs.dir\/1\/files\/sites\/62\/2025\/10\/CG_LOGO-City-Game.png\",\"contentUrl\":\"https:\/\/testwebsite.citygame.com\/wp-content\/blogs.dir\/1\/files\/sites\/62\/2025\/10\/CG_LOGO-City-Game.png\",\"width\":351,\"height\":377,\"caption\":\"City Game\"}]}<\/script>\n<!-- \/ Yoast SEO Premium plugin. -->","yoast_head_json":{"title":"Secrets of Wismar - City Game","description":"Secrets of Wismar. Zahrajte si samoobslu\u017en\u00fa mestsk\u00fa hru a presk\u00famajte mesto prostredn\u00edctvom hlavolamov, h\u00e1daniek a v\u00fdziev. Hrajte vlastn\u00fdm tempom a objavujte ako miestny!","robots":{"index":"noindex","follow":"follow","max-snippet":"max-snippet:-1","max-image-preview":"max-image-preview:large","max-video-preview":"max-video-preview:-1"},"og_locale":"sk_SK","og_type":"article","og_title":"Secrets of Wismar","og_description":"Secrets of Wismar. Zahrajte si samoobslu\u017en\u00fa mestsk\u00fa hru a presk\u00famajte mesto prostredn\u00edctvom hlavolamov, h\u00e1daniek a v\u00fdziev. Hrajte vlastn\u00fdm tempom a objavujte ako miestny!","og_url":"https:\/\/testwebsite.citygame.com\/sk\/games\/wismar\/secrets-of-wismar\/","og_site_name":"City Game","article_publisher":"https:\/\/www.facebook.com\/profile.php?id=100086426226253","article_modified_time":"2026-04-09T11:53:49+00:00","og_image":[{"width":1024,"height":1024,"url":"https:\/\/testwebsite.citygame.com\/wp-content\/blogs.dir\/1\/files\/sites\/62\/2026\/01\/group-playing-city-game-wismar-marktplatz-germany.jpg","type":"image\/jpeg"}],"twitter_card":"summary_large_image","twitter_misc":{"Predpokladan\u00fd \u010das \u010d\u00edtania":"1 min\u00fata"},"schema":{"@context":"https:\/\/schema.org","@graph":[{"@type":"WebPage","@id":"https:\/\/testwebsite.citygame.com\/sk\/games\/wismar\/secrets-of-wismar\/","url":"https:\/\/testwebsite.citygame.com\/sk\/games\/wismar\/secrets-of-wismar\/","name":"Secrets of Wismar - City Game","isPartOf":{"@id":"https:\/\/testwebsite.upevents.nl\/#website"},"primaryImageOfPage":{"@id":"https:\/\/testwebsite.citygame.com\/sk\/games\/wismar\/secrets-of-wismar\/#primaryimage"},"image":{"@id":"https:\/\/testwebsite.citygame.com\/sk\/games\/wismar\/secrets-of-wismar\/#primaryimage"},"thumbnailUrl":"https:\/\/testwebsite.citygame.com\/wp-content\/blogs.dir\/1\/files\/sites\/62\/2026\/01\/group-playing-city-game-wismar-marktplatz-germany.jpg","datePublished":"2026-01-13T11:46:45+00:00","dateModified":"2026-04-09T11:53:49+00:00","description":"Secrets of Wismar. Zahrajte si samoobslu\u017en\u00fa mestsk\u00fa hru a presk\u00famajte mesto prostredn\u00edctvom hlavolamov, h\u00e1daniek a v\u00fdziev. Hrajte vlastn\u00fdm tempom a objavujte ako miestny!","breadcrumb":{"@id":"https:\/\/testwebsite.citygame.com\/sk\/games\/wismar\/secrets-of-wismar\/#breadcrumb"},"inLanguage":"sk-SK","potentialAction":[{"@type":"ReadAction","target":["https:\/\/testwebsite.citygame.com\/sk\/games\/wismar\/secrets-of-wismar\/"]}]},{"@type":"ImageObject","inLanguage":"sk-SK","@id":"https:\/\/testwebsite.citygame.com\/sk\/games\/wismar\/secrets-of-wismar\/#primaryimage","url":"https:\/\/testwebsite.citygame.com\/wp-content\/blogs.dir\/1\/files\/sites\/62\/2026\/01\/group-playing-city-game-wismar-marktplatz-germany.jpg","contentUrl":"https:\/\/testwebsite.citygame.com\/wp-content\/blogs.dir\/1\/files\/sites\/62\/2026\/01\/group-playing-city-game-wismar-marktplatz-germany.jpg","width":1024,"height":1024,"caption":"A team of players collaborates on a puzzle on their phone in Wismar's central square."},{"@type":"BreadcrumbList","@id":"https:\/\/testwebsite.citygame.com\/sk\/games\/wismar\/secrets-of-wismar\/#breadcrumb","itemListElement":[{"@type":"ListItem","position":1,"name":"Home","item":"https:\/\/testwebsite.citygame.com\/sk\/"},{"@type":"ListItem","position":2,"name":"Shop","item":"https:\/\/testwebsite.citygame.com\/shop\/"},{"@type":"ListItem","position":3,"name":"Secrets of Wismar"}]},{"@type":"WebSite","@id":"https:\/\/testwebsite.upevents.nl\/#website","url":"https:\/\/testwebsite.upevents.nl\/","name":"City Game","description":"","publisher":{"@id":"https:\/\/testwebsite.upevents.nl\/#organization"},"alternateName":"citygame.com","potentialAction":[{"@type":"SearchAction","target":{"@type":"EntryPoint","urlTemplate":"https:\/\/testwebsite.upevents.nl\/?s={search_term_string}"},"query-input":{"@type":"PropertyValueSpecification","valueRequired":true,"valueName":"search_term_string"}}],"inLanguage":"sk-SK"},{"@type":["Organization","Place"],"@id":"https:\/\/testwebsite.upevents.nl\/#organization","name":"City Game","alternateName":"citygame.com","url":"https:\/\/testwebsite.upevents.nl\/","logo":{"@id":"https:\/\/testwebsite.citygame.com\/sk\/games\/wismar\/secrets-of-wismar\/#local-main-organization-logo"},"image":{"@id":"https:\/\/testwebsite.citygame.com\/sk\/games\/wismar\/secrets-of-wismar\/#local-main-organization-logo"},"sameAs":["https:\/\/www.facebook.com\/profile.php?id=100086426226253","https:\/\/www.instagram.com\/citygame_com","https:\/\/www.tiktok.com\/@citygamecom\/","https:\/\/www.linkedin.com\/company\/citygame-com"],"description":"Turn any city into a playground with our interactive City Games and self-guided tours. Fun, flexible, and ideal for groups and team building.","telephone":[],"openingHoursSpecification":[{"@type":"OpeningHoursSpecification","dayOfWeek":["Monday","Tuesday","Wednesday","Thursday","Friday","Saturday","Sunday"],"opens":"09:00","closes":"17:00"}]},{"@type":"ImageObject","inLanguage":"sk-SK","@id":"https:\/\/testwebsite.citygame.com\/sk\/games\/wismar\/secrets-of-wismar\/#local-main-organization-logo","url":"https:\/\/testwebsite.citygame.com\/wp-content\/blogs.dir\/1\/files\/sites\/62\/2025\/10\/CG_LOGO-City-Game.png","contentUrl":"https:\/\/testwebsite.citygame.com\/wp-content\/blogs.dir\/1\/files\/sites\/62\/2025\/10\/CG_LOGO-City-Game.png","width":351,"height":377,"caption":"City Game"}]}},"taxonomy_info":{"game-concept":[{"value":727,"label":"Secrets"}],"location":[{"value":428,"label":"Wismar"}],"product_cat":[{"value":27,"label":"Geen categorie"}]},"featured_image_src_large":["https:\/\/testwebsite.citygame.com\/wp-content\/blogs.dir\/1\/files\/sites\/62\/2026\/01\/group-playing-city-game-wismar-marktplatz-germany.jpg",1024,1024,false],"author_info":[],"comment_info":"","_links":{"self":[{"href":"https:\/\/testwebsite.citygame.com\/sk\/wp-json\/wp\/v2\/product\/68327","targetHints":{"allow":["GET"]}}],"collection":[{"href":"https:\/\/testwebsite.citygame.com\/sk\/wp-json\/wp\/v2\/product"}],"about":[{"href":"https:\/\/testwebsite.citygame.com\/sk\/wp-json\/wp\/v2\/types\/product"}],"acf:post":[{"embeddable":true,"href":"https:\/\/testwebsite.citygame.com\/sk\/wp-json\/wp\/v2\/pages\/15685"}],"wp:featuredmedia":[{"embeddable":true,"href":"https:\/\/testwebsite.citygame.com\/sk\/wp-json\/wp\/v2\/media\/3661"}],"wp:attachment":[{"href":"https:\/\/testwebsite.citygame.com\/sk\/wp-json\/wp\/v2\/media?parent=68327"}],"wp:term":[{"taxonomy":"game-concept","embeddable":true,"href":"https:\/\/testwebsite.citygame.com\/sk\/wp-json\/wp\/v2\/game-concept?post=68327"},{"taxonomy":"location","embeddable":true,"href":"https:\/\/testwebsite.citygame.com\/sk\/wp-json\/wp\/v2\/location?post=68327"},{"taxonomy":"product_brand","embeddable":true,"href":"https:\/\/testwebsite.citygame.com\/sk\/wp-json\/wp\/v2\/product_brand?post=68327"},{"taxonomy":"product_cat","embeddable":true,"href":"https:\/\/testwebsite.citygame.com\/sk\/wp-json\/wp\/v2\/product_cat?post=68327"},{"taxonomy":"product_tag","embeddable":true,"href":"https:\/\/testwebsite.citygame.com\/sk\/wp-json\/wp\/v2\/product_tag?post=68327"}],"curies":[{"name":"wp","href":"https:\/\/api.w.org\/{rel}","templated":true}]}}