{"id":67960,"date":"2026-02-26T14:51:53","date_gmt":"2026-02-26T14:51:53","guid":{"rendered":"https:\/\/testwebsite.citygame.com\/games\/unknown-location\/secrets-of-kandy\/"},"modified":"2026-04-09T10:05:32","modified_gmt":"2026-04-09T10:05:32","slug":"secrets-of-kandy","status":"publish","type":"product","link":"https:\/\/testwebsite.citygame.com\/sk\/games\/kandy\/secrets-of-kandy\/","title":{"rendered":"Secrets of Kandy"},"content":{"rendered":"<p>Ponorte sa do p\u00fatav\u00e9ho dobrodru\u017estva so samoobslu\u017enou, GPS-zalo\u017eenou hrou &#8220;Secrets of Kandy&#8221;, ktor\u00e1 sa nach\u00e1dza v centre mesta Kandy. T\u00e1to objavovacia hra umo\u017e\u0148uje hr\u00e1\u010dom prech\u00e1dza\u0165 mestom pomocou svojich smartf\u00f3nov a d\u00e1va im za \u00falohu rie\u0161i\u0165 zmes hlavolamov, zauj\u00edmav\u00fdch h\u00e1daniek a fotografick\u00fdch v\u00fdziev. Poskytuje jedine\u010dn\u00fd, interakt\u00edvny sp\u00f4sob, ako sa dozvedie\u0165 o hist\u00f3rii, kult\u00fare a skryt\u00fdch detailoch Kandy. Hra je ide\u00e1lna pre n\u00e1v\u0161tevn\u00edkov, ktor\u00ed chc\u00fa presk\u00fama\u0165 mesto v inom svetle, aj pre miestnych obyvate\u013eov, ktor\u00ed t\u00fa\u017eia objavi\u0165 menej zn\u00e1me aspekty svojho domovsk\u00e9ho mesta. \u010ci u\u017e h\u013ead\u00e1te aktivitu pre jedn\u00e9ho, z\u00e1bavu s partnerom, p\u00fatav\u00fd rodinn\u00fd v\u00fdlet alebo in\u00fd de\u0148 vonku s priate\u013emi, t\u00e1to mestsk\u00e1 hra v Kandy je \u017eivou mo\u017enos\u0165ou.<\/p>\n","protected":false},"excerpt":{"rendered":"<p>Odha\u013ete posv\u00e4tn\u00e9 tajomstv\u00e1 Kandy! Pridajte sa k Mahovi Adigarovi na vzru\u0161uj\u00facu v\u00fdpravu cez chr\u00e1my, jazer\u00e1 a skryt\u00e9 uli\u010dky, aby ste z\u00edskali sp\u00e4\u0165 ukradnut\u00fd Posv\u00e4tn\u00fd zub, ktor\u00fd str\u00e1\u017ei ducha mesta.<\/p>\n","protected":false},"featured_media":16110,"template":"","meta":{"_acf_changed":false,"_yoast_wpseo_focuskw":"Secrets of Kandy","_yoast_wpseo_metadesc":"Secrets of Kandy. Hrajte samoobslu\u017en\u00fa mestsk\u00fa hru a objavujte mesto prostredn\u00edctvom hlavolamov, h\u00e1daniek a v\u00fdziev. Hrajte vlastn\u00fdm tempom a objavujte ako miestny!","_kad_blocks_custom_css":"","_kad_blocks_head_custom_js":"","_kad_blocks_body_custom_js":"","_kad_blocks_footer_custom_js":"","ghostkit_customizer_options":"","ghostkit_custom_css":"","ghostkit_custom_js_head":"","ghostkit_custom_js_foot":"","ghostkit_typography":"","_kad_post_transparent":"default","_kad_post_title":"","_kad_post_layout":"default","_kad_post_sidebar_id":"","_kad_post_content_style":"default","_kad_post_vertical_padding":"default","_kad_post_feature":"","_kad_post_feature_position":"","_kad_post_header":false,"_kad_post_footer":false,"_kad_post_classname":"","_links_to":"","_links_to_target":""},"game-concept":[727],"location":[613],"product_brand":[],"product_cat":[27],"product_tag":[],"class_list":{"0":"post-67960","1":"product","2":"type-product","3":"status-publish","4":"has-post-thumbnail","6":"game-concept-secrets","7":"location-kandy","8":"product_cat-geen-categorie","10":"first","11":"instock","12":"shipping-taxable","13":"purchasable","14":"product-type-simple","15":"entry","16":"content-bg","17":"loop-entry"},"acf":{"full_bokun_product_name":"Self-Guided Secrets of Kandy Exploration Game","location_name":"Kandy","bokun_calendar_widget_code":"\r\n     \r\n    <div class=\"bokunWidget\" data-src=\"https:\/\/widgets.bokun.io\/online-sales\/a1e93e96-5232-4734-a595-28405f4b5a31\/experience-calendar\/1096742\"><\/div>\r\n    Please enable javascript in your browser to book","bokun_button_widget_code":"\r\n       #bokun_ed001e45_5927_4f62_b470_ca766338d083 { display: inline-block; padding: .4em 1em; background: #47b82e; border-radius: 999999px; box-shadow: none; font-weight: 600; font-size: 24px; text-decoration: none; text-align: center; color: #FFFFFF; border:none; cursor: pointer; transition: background .2s ease; } #bokun_ed001e45_5927_4f62_b470_ca766338d083:hover{ background: #2f7b1f; } #bokun_ed001e45_5927_4f62_b470_ca766338d083:active{ background: #378f24; }  <button class=\"bokunButton\" disabled id=\"bokun_ed001e45_5927_4f62_b470_ca766338d083\" data-src=\"https:\/\/widgets.bokun.io\/online-sales\/a1e93e96-5232-4734-a595-28405f4b5a31\/experience-calendar\/1096742?partialView=1\" data-testid=\"widget-book-button\"> Book now <\/button> ","what_you\u2019ll_experience_during_the_game":"Ponorte sa do o\u010daruj\u00facej atmosf\u00e9ry Kandy prostredn\u00edctvom na\u0161ej Mestskej hry. Hra sp\u00e1ja historick\u00e9 pamiatky s p\u00fatav\u00fdm pr\u00edbehom a interakt\u00edvnymi v\u00fdzvami, \u010do v\u00e1m umo\u017en\u00ed presk\u00fama\u0165 ikonick\u00e9 aj menej zn\u00e1me miesta v meste. Prejdite okolo ve\u013ekolep\u00e9ho Chr\u00e1mu Posv\u00e4tnej Zubnej Relikvie, uctievan\u00e9ho budhistick\u00e9ho chr\u00e1mu. Urobte si obch\u00e1dzku cez Caf\u00e9 1886, ktor\u00e9 sp\u00e1ja minulos\u0165 a pr\u00edtomnos\u0165 Kandy vo v\u00edre chut\u00ed. Odha\u013ete farebn\u00e9 spletitosti Kathiresan Kovil, hinduistick\u00e9ho chr\u00e1mu zasv\u00e4ten\u00e9ho P\u00e1novi Muruganovi, a nechajte sa uchv\u00e1ti\u0165 architektonick\u00fdm spojen\u00edm Giragama Walawwa, zmesi kandy\u00e1nskej a koloni\u00e1lnej architekt\u00fary.\r\n\r\nKe\u010f sa budete prech\u00e1dza\u0165 Kandy, stretnete sa s jedine\u010dn\u00fdmi hlavolamami, h\u00e1dankami a zauj\u00edmav\u00fdmi ot\u00e1zkami, prepleten\u00fdmi s kreat\u00edvnymi fotografick\u00fdmi v\u00fdzvami. Tieto p\u00fatav\u00e9 \u00falohy nielen\u017ee pom\u00e1haj\u00fa odhali\u0165 tajomstv\u00e1 mesta, ale tie\u017e v\u00e1m z\u00edskavaj\u00fa body a odomykaj\u00fa u\u017eito\u010dn\u00e9 rady. Kone\u010dn\u00fdm cie\u013eom je vyrie\u0161i\u0165 z\u00e1vere\u010dn\u00fa z\u00e1hadu, ktor\u00e1 zav\u0155\u0161i va\u0161e dobrodru\u017estvo v tomto n\u00e1dhernom meste. Nebudete obmedzen\u00ed \u010dasom: hra sa d\u00e1 \u013eahko pozastavi\u0165 a pokra\u010dova\u0165 pod\u013ea va\u0161ich preferenci\u00ed. Pre s\u00fa\u0165a\u017eiv\u00fdch hr\u00e1\u010dov alebo t\u00edmy je toho viac. Po vyrie\u0161en\u00ed z\u00e1vere\u010dnej z\u00e1hady by ste mohli predv\u00edda\u0165, \u017ee va\u0161e meno bude svieti\u0165 vysoko na rebr\u00ed\u010dku v na\u0161ej Mestskej hre objavovania.","how_to_play":"Po rezerv\u00e1cii dostanete e-mail s priamym odkazom na hru. Jednoducho cho\u010fte k Chr\u00e1mu Posv\u00e4tnej Zubnej Relikvie, v\u00fdchodiskov\u00e9mu bodu va\u0161ej cesty, a za\u010dnite, kedyko\u013evek budete pripraven\u00ed. Hru 'Secrets of Kandy' m\u00f4\u017eete kedyko\u013evek pozastavi\u0165 a znova spusti\u0165, tak\u017ee si m\u00f4\u017eete urobi\u0165 prest\u00e1vky, vychutna\u0165 si miestne kaviarne alebo objavova\u0165 vo svojom vo\u013enom \u010dase.","start_location":"Kandy,  Temple of the Sacred Tooth Relic","available_languages":"","players_per_group":"1-4","duration":"1.5-2 hours","image_overlay_color_image":"https:\/\/testwebsite.citygame.com\/wp-content\/blogs.dir\/1\/files\/sites\/62\/2026\/01\/SecretsColor.svg","image_overlay_game_logo":"https:\/\/testwebsite.citygame.com\/wp-content\/blogs.dir\/1\/files\/sites\/62\/2026\/01\/SecretsLogo.png","city_page":15758,"woocommerce_general_content":null},"yoast_head":"<!-- This site is optimized with the Yoast SEO Premium plugin v26.2 (Yoast SEO v26.3) - https:\/\/yoast.com\/wordpress\/plugins\/seo\/ -->\n<title>Secrets of Kandy - City Game<\/title>\n<meta name=\"description\" content=\"Secrets of Kandy. Hrajte samoobslu\u017en\u00fa mestsk\u00fa hru a objavujte mesto prostredn\u00edctvom hlavolamov, h\u00e1daniek a v\u00fdziev. Hrajte vlastn\u00fdm tempom a objavujte ako miestny!\" \/>\n<meta name=\"robots\" content=\"noindex, follow, max-snippet:-1, max-image-preview:large, max-video-preview:-1\" \/>\n<meta property=\"og:locale\" content=\"sk_SK\" \/>\n<meta property=\"og:type\" content=\"article\" \/>\n<meta property=\"og:title\" content=\"Secrets of Kandy\" \/>\n<meta property=\"og:description\" content=\"Secrets of Kandy. Hrajte samoobslu\u017en\u00fa mestsk\u00fa hru a objavujte mesto prostredn\u00edctvom hlavolamov, h\u00e1daniek a v\u00fdziev. Hrajte vlastn\u00fdm tempom a objavujte ako miestny!\" \/>\n<meta property=\"og:url\" content=\"https:\/\/testwebsite.citygame.com\/sk\/games\/kandy\/secrets-of-kandy\/\" \/>\n<meta property=\"og:site_name\" content=\"City Game\" \/>\n<meta property=\"article:publisher\" content=\"https:\/\/www.facebook.com\/profile.php?id=100086426226253\" \/>\n<meta property=\"article:modified_time\" content=\"2026-04-09T10:05:32+00:00\" \/>\n<meta property=\"og:image\" content=\"https:\/\/testwebsite.citygame.com\/wp-content\/blogs.dir\/1\/files\/sites\/62\/2026\/02\/group-of-friends-playing-city-game-kandy.jpg\" \/>\n\t<meta property=\"og:image:width\" content=\"1024\" \/>\n\t<meta property=\"og:image:height\" content=\"1024\" \/>\n\t<meta property=\"og:image:type\" content=\"image\/jpeg\" \/>\n<meta name=\"twitter:card\" content=\"summary_large_image\" \/>\n<meta name=\"twitter:label1\" content=\"Predpokladan\u00fd \u010das \u010d\u00edtania\" \/>\n\t<meta name=\"twitter:data1\" content=\"1 min\u00fata\" \/>\n<script type=\"application\/ld+json\" class=\"yoast-schema-graph\">{\"@context\":\"https:\/\/schema.org\",\"@graph\":[{\"@type\":\"WebPage\",\"@id\":\"https:\/\/testwebsite.citygame.com\/sk\/games\/kandy\/secrets-of-kandy\/\",\"url\":\"https:\/\/testwebsite.citygame.com\/sk\/games\/kandy\/secrets-of-kandy\/\",\"name\":\"Secrets of Kandy - City Game\",\"isPartOf\":{\"@id\":\"https:\/\/testwebsite.upevents.nl\/#website\"},\"primaryImageOfPage\":{\"@id\":\"https:\/\/testwebsite.citygame.com\/sk\/games\/kandy\/secrets-of-kandy\/#primaryimage\"},\"image\":{\"@id\":\"https:\/\/testwebsite.citygame.com\/sk\/games\/kandy\/secrets-of-kandy\/#primaryimage\"},\"thumbnailUrl\":\"https:\/\/testwebsite.citygame.com\/wp-content\/blogs.dir\/1\/files\/sites\/62\/2026\/02\/group-of-friends-playing-city-game-kandy.jpg\",\"datePublished\":\"2026-02-26T14:51:53+00:00\",\"dateModified\":\"2026-04-09T10:05:32+00:00\",\"description\":\"Secrets of Kandy. Hrajte samoobslu\u017en\u00fa mestsk\u00fa hru a objavujte mesto prostredn\u00edctvom hlavolamov, h\u00e1daniek a v\u00fdziev. Hrajte vlastn\u00fdm tempom a objavujte ako miestny!\",\"breadcrumb\":{\"@id\":\"https:\/\/testwebsite.citygame.com\/sk\/games\/kandy\/secrets-of-kandy\/#breadcrumb\"},\"inLanguage\":\"sk-SK\",\"potentialAction\":[{\"@type\":\"ReadAction\",\"target\":[\"https:\/\/testwebsite.citygame.com\/sk\/games\/kandy\/secrets-of-kandy\/\"]}]},{\"@type\":\"ImageObject\",\"inLanguage\":\"sk-SK\",\"@id\":\"https:\/\/testwebsite.citygame.com\/sk\/games\/kandy\/secrets-of-kandy\/#primaryimage\",\"url\":\"https:\/\/testwebsite.citygame.com\/wp-content\/blogs.dir\/1\/files\/sites\/62\/2026\/02\/group-of-friends-playing-city-game-kandy.jpg\",\"contentUrl\":\"https:\/\/testwebsite.citygame.com\/wp-content\/blogs.dir\/1\/files\/sites\/62\/2026\/02\/group-of-friends-playing-city-game-kandy.jpg\",\"width\":1024,\"height\":1024,\"caption\":\"A group of young friends exploring the historic city of Kandy with a smartphone game.\"},{\"@type\":\"BreadcrumbList\",\"@id\":\"https:\/\/testwebsite.citygame.com\/sk\/games\/kandy\/secrets-of-kandy\/#breadcrumb\",\"itemListElement\":[{\"@type\":\"ListItem\",\"position\":1,\"name\":\"Home\",\"item\":\"https:\/\/testwebsite.citygame.com\/sk\/\"},{\"@type\":\"ListItem\",\"position\":2,\"name\":\"Shop\",\"item\":\"https:\/\/testwebsite.citygame.com\/shop\/\"},{\"@type\":\"ListItem\",\"position\":3,\"name\":\"Secrets of Kandy\"}]},{\"@type\":\"WebSite\",\"@id\":\"https:\/\/testwebsite.upevents.nl\/#website\",\"url\":\"https:\/\/testwebsite.upevents.nl\/\",\"name\":\"City Game\",\"description\":\"\",\"publisher\":{\"@id\":\"https:\/\/testwebsite.upevents.nl\/#organization\"},\"alternateName\":\"citygame.com\",\"potentialAction\":[{\"@type\":\"SearchAction\",\"target\":{\"@type\":\"EntryPoint\",\"urlTemplate\":\"https:\/\/testwebsite.upevents.nl\/?s={search_term_string}\"},\"query-input\":{\"@type\":\"PropertyValueSpecification\",\"valueRequired\":true,\"valueName\":\"search_term_string\"}}],\"inLanguage\":\"sk-SK\"},{\"@type\":[\"Organization\",\"Place\"],\"@id\":\"https:\/\/testwebsite.upevents.nl\/#organization\",\"name\":\"City Game\",\"alternateName\":\"citygame.com\",\"url\":\"https:\/\/testwebsite.upevents.nl\/\",\"logo\":{\"@id\":\"https:\/\/testwebsite.citygame.com\/sk\/games\/kandy\/secrets-of-kandy\/#local-main-organization-logo\"},\"image\":{\"@id\":\"https:\/\/testwebsite.citygame.com\/sk\/games\/kandy\/secrets-of-kandy\/#local-main-organization-logo\"},\"sameAs\":[\"https:\/\/www.facebook.com\/profile.php?id=100086426226253\",\"https:\/\/www.instagram.com\/citygame_com\",\"https:\/\/www.tiktok.com\/@citygamecom\/\",\"https:\/\/www.linkedin.com\/company\/citygame-com\"],\"description\":\"Turn any city into a playground with our interactive City Games and self-guided tours. Fun, flexible, and ideal for groups and team building.\",\"telephone\":[],\"openingHoursSpecification\":[{\"@type\":\"OpeningHoursSpecification\",\"dayOfWeek\":[\"Monday\",\"Tuesday\",\"Wednesday\",\"Thursday\",\"Friday\",\"Saturday\",\"Sunday\"],\"opens\":\"09:00\",\"closes\":\"17:00\"}]},{\"@type\":\"ImageObject\",\"inLanguage\":\"sk-SK\",\"@id\":\"https:\/\/testwebsite.citygame.com\/sk\/games\/kandy\/secrets-of-kandy\/#local-main-organization-logo\",\"url\":\"https:\/\/testwebsite.citygame.com\/wp-content\/blogs.dir\/1\/files\/sites\/62\/2025\/10\/CG_LOGO-City-Game.png\",\"contentUrl\":\"https:\/\/testwebsite.citygame.com\/wp-content\/blogs.dir\/1\/files\/sites\/62\/2025\/10\/CG_LOGO-City-Game.png\",\"width\":351,\"height\":377,\"caption\":\"City Game\"}]}<\/script>\n<!-- \/ Yoast SEO Premium plugin. -->","yoast_head_json":{"title":"Secrets of Kandy - City Game","description":"Secrets of Kandy. Hrajte samoobslu\u017en\u00fa mestsk\u00fa hru a objavujte mesto prostredn\u00edctvom hlavolamov, h\u00e1daniek a v\u00fdziev. Hrajte vlastn\u00fdm tempom a objavujte ako miestny!","robots":{"index":"noindex","follow":"follow","max-snippet":"max-snippet:-1","max-image-preview":"max-image-preview:large","max-video-preview":"max-video-preview:-1"},"og_locale":"sk_SK","og_type":"article","og_title":"Secrets of Kandy","og_description":"Secrets of Kandy. Hrajte samoobslu\u017en\u00fa mestsk\u00fa hru a objavujte mesto prostredn\u00edctvom hlavolamov, h\u00e1daniek a v\u00fdziev. Hrajte vlastn\u00fdm tempom a objavujte ako miestny!","og_url":"https:\/\/testwebsite.citygame.com\/sk\/games\/kandy\/secrets-of-kandy\/","og_site_name":"City Game","article_publisher":"https:\/\/www.facebook.com\/profile.php?id=100086426226253","article_modified_time":"2026-04-09T10:05:32+00:00","og_image":[{"width":1024,"height":1024,"url":"https:\/\/testwebsite.citygame.com\/wp-content\/blogs.dir\/1\/files\/sites\/62\/2026\/02\/group-of-friends-playing-city-game-kandy.jpg","type":"image\/jpeg"}],"twitter_card":"summary_large_image","twitter_misc":{"Predpokladan\u00fd \u010das \u010d\u00edtania":"1 min\u00fata"},"schema":{"@context":"https:\/\/schema.org","@graph":[{"@type":"WebPage","@id":"https:\/\/testwebsite.citygame.com\/sk\/games\/kandy\/secrets-of-kandy\/","url":"https:\/\/testwebsite.citygame.com\/sk\/games\/kandy\/secrets-of-kandy\/","name":"Secrets of Kandy - City Game","isPartOf":{"@id":"https:\/\/testwebsite.upevents.nl\/#website"},"primaryImageOfPage":{"@id":"https:\/\/testwebsite.citygame.com\/sk\/games\/kandy\/secrets-of-kandy\/#primaryimage"},"image":{"@id":"https:\/\/testwebsite.citygame.com\/sk\/games\/kandy\/secrets-of-kandy\/#primaryimage"},"thumbnailUrl":"https:\/\/testwebsite.citygame.com\/wp-content\/blogs.dir\/1\/files\/sites\/62\/2026\/02\/group-of-friends-playing-city-game-kandy.jpg","datePublished":"2026-02-26T14:51:53+00:00","dateModified":"2026-04-09T10:05:32+00:00","description":"Secrets of Kandy. Hrajte samoobslu\u017en\u00fa mestsk\u00fa hru a objavujte mesto prostredn\u00edctvom hlavolamov, h\u00e1daniek a v\u00fdziev. Hrajte vlastn\u00fdm tempom a objavujte ako miestny!","breadcrumb":{"@id":"https:\/\/testwebsite.citygame.com\/sk\/games\/kandy\/secrets-of-kandy\/#breadcrumb"},"inLanguage":"sk-SK","potentialAction":[{"@type":"ReadAction","target":["https:\/\/testwebsite.citygame.com\/sk\/games\/kandy\/secrets-of-kandy\/"]}]},{"@type":"ImageObject","inLanguage":"sk-SK","@id":"https:\/\/testwebsite.citygame.com\/sk\/games\/kandy\/secrets-of-kandy\/#primaryimage","url":"https:\/\/testwebsite.citygame.com\/wp-content\/blogs.dir\/1\/files\/sites\/62\/2026\/02\/group-of-friends-playing-city-game-kandy.jpg","contentUrl":"https:\/\/testwebsite.citygame.com\/wp-content\/blogs.dir\/1\/files\/sites\/62\/2026\/02\/group-of-friends-playing-city-game-kandy.jpg","width":1024,"height":1024,"caption":"A group of young friends exploring the historic city of Kandy with a smartphone game."},{"@type":"BreadcrumbList","@id":"https:\/\/testwebsite.citygame.com\/sk\/games\/kandy\/secrets-of-kandy\/#breadcrumb","itemListElement":[{"@type":"ListItem","position":1,"name":"Home","item":"https:\/\/testwebsite.citygame.com\/sk\/"},{"@type":"ListItem","position":2,"name":"Shop","item":"https:\/\/testwebsite.citygame.com\/shop\/"},{"@type":"ListItem","position":3,"name":"Secrets of Kandy"}]},{"@type":"WebSite","@id":"https:\/\/testwebsite.upevents.nl\/#website","url":"https:\/\/testwebsite.upevents.nl\/","name":"City Game","description":"","publisher":{"@id":"https:\/\/testwebsite.upevents.nl\/#organization"},"alternateName":"citygame.com","potentialAction":[{"@type":"SearchAction","target":{"@type":"EntryPoint","urlTemplate":"https:\/\/testwebsite.upevents.nl\/?s={search_term_string}"},"query-input":{"@type":"PropertyValueSpecification","valueRequired":true,"valueName":"search_term_string"}}],"inLanguage":"sk-SK"},{"@type":["Organization","Place"],"@id":"https:\/\/testwebsite.upevents.nl\/#organization","name":"City Game","alternateName":"citygame.com","url":"https:\/\/testwebsite.upevents.nl\/","logo":{"@id":"https:\/\/testwebsite.citygame.com\/sk\/games\/kandy\/secrets-of-kandy\/#local-main-organization-logo"},"image":{"@id":"https:\/\/testwebsite.citygame.com\/sk\/games\/kandy\/secrets-of-kandy\/#local-main-organization-logo"},"sameAs":["https:\/\/www.facebook.com\/profile.php?id=100086426226253","https:\/\/www.instagram.com\/citygame_com","https:\/\/www.tiktok.com\/@citygamecom\/","https:\/\/www.linkedin.com\/company\/citygame-com"],"description":"Turn any city into a playground with our interactive City Games and self-guided tours. Fun, flexible, and ideal for groups and team building.","telephone":[],"openingHoursSpecification":[{"@type":"OpeningHoursSpecification","dayOfWeek":["Monday","Tuesday","Wednesday","Thursday","Friday","Saturday","Sunday"],"opens":"09:00","closes":"17:00"}]},{"@type":"ImageObject","inLanguage":"sk-SK","@id":"https:\/\/testwebsite.citygame.com\/sk\/games\/kandy\/secrets-of-kandy\/#local-main-organization-logo","url":"https:\/\/testwebsite.citygame.com\/wp-content\/blogs.dir\/1\/files\/sites\/62\/2025\/10\/CG_LOGO-City-Game.png","contentUrl":"https:\/\/testwebsite.citygame.com\/wp-content\/blogs.dir\/1\/files\/sites\/62\/2025\/10\/CG_LOGO-City-Game.png","width":351,"height":377,"caption":"City Game"}]}},"taxonomy_info":{"game-concept":[{"value":727,"label":"Secrets"}],"location":[{"value":613,"label":"Kandy"}],"product_cat":[{"value":27,"label":"Geen categorie"}]},"featured_image_src_large":["https:\/\/testwebsite.citygame.com\/wp-content\/blogs.dir\/1\/files\/sites\/62\/2026\/02\/group-of-friends-playing-city-game-kandy.jpg",1024,1024,false],"author_info":[],"comment_info":"","_links":{"self":[{"href":"https:\/\/testwebsite.citygame.com\/sk\/wp-json\/wp\/v2\/product\/67960","targetHints":{"allow":["GET"]}}],"collection":[{"href":"https:\/\/testwebsite.citygame.com\/sk\/wp-json\/wp\/v2\/product"}],"about":[{"href":"https:\/\/testwebsite.citygame.com\/sk\/wp-json\/wp\/v2\/types\/product"}],"acf:post":[{"embeddable":true,"href":"https:\/\/testwebsite.citygame.com\/sk\/wp-json\/wp\/v2\/pages\/15758"}],"wp:featuredmedia":[{"embeddable":true,"href":"https:\/\/testwebsite.citygame.com\/sk\/wp-json\/wp\/v2\/media\/16110"}],"wp:attachment":[{"href":"https:\/\/testwebsite.citygame.com\/sk\/wp-json\/wp\/v2\/media?parent=67960"}],"wp:term":[{"taxonomy":"game-concept","embeddable":true,"href":"https:\/\/testwebsite.citygame.com\/sk\/wp-json\/wp\/v2\/game-concept?post=67960"},{"taxonomy":"location","embeddable":true,"href":"https:\/\/testwebsite.citygame.com\/sk\/wp-json\/wp\/v2\/location?post=67960"},{"taxonomy":"product_brand","embeddable":true,"href":"https:\/\/testwebsite.citygame.com\/sk\/wp-json\/wp\/v2\/product_brand?post=67960"},{"taxonomy":"product_cat","embeddable":true,"href":"https:\/\/testwebsite.citygame.com\/sk\/wp-json\/wp\/v2\/product_cat?post=67960"},{"taxonomy":"product_tag","embeddable":true,"href":"https:\/\/testwebsite.citygame.com\/sk\/wp-json\/wp\/v2\/product_tag?post=67960"}],"curies":[{"name":"wp","href":"https:\/\/api.w.org\/{rel}","templated":true}]}}